{"id":12235,"date":"2023-11-24T13:34:14","date_gmt":"2023-11-24T12:34:14","guid":{"rendered":"https:\/\/www.idworx-bikes.de\/felgenuebersicht-luftdruckempfehlungen"},"modified":"2023-11-24T13:55:09","modified_gmt":"2023-11-24T12:55:09","slug":"felgenuebersicht-luftdruckempfehlungen","status":"publish","type":"page","link":"https:\/\/www.idworx-bikes.de\/de\/felgenuebersicht-luftdruckempfehlungen","title":{"rendered":"FELGEN\u00dcBERSICHT \/ LUFTDRUCKEMPFEHLUNGEN"},"content":{"rendered":"<p>Unsere optionial angebotenen Felgen bieten Ihnen die M\u00f6glichkeit, ihr idworx Fahrrad optimal an ihre Bed\u00fcrfnisse anzupassen.<br \/>\nWichtige Indikatoren f\u00fcr die richtige Felgenwahl sind unter anderem das Systemgewicht (Fahrrad + Fahrer + Gep\u00e4ck), das Einsatzgebiet und auf welchem Untergrund haupts\u00e4chlich gefahren wird.<br \/>\nF\u00fcr besonders schwere Fahrer und \/ oder h\u00f6chste Belastungen empfehlen wir unsere DaRim LaW Carbon- oder DaRim HD \u2013 heavy duty Aluminiumfelgen mit einer gr\u00f6\u00dferen Maulweite. Breitere Felgen bieten die passende Basis und erm\u00f6glichen es breitere Reifen mit geringeren Luftdr\u00fccken zu fahren. Dies hat positiven Einfluss auf den Fahrkomfort. Diese Felgen sind f\u00fcr fast alle unsere Modelle verf\u00fcgbar. Nutzen Sie unsere Felgen\u00fcbersicht, um f\u00fcr Sie die optimale Auswahl zu treffen.<\/p>\n<h3>idworx Felgen<\/h3>\n<table id=\"Felgen\" class=\"geotable\" cellspacing=\"0\" cellpadding=\"0\" align=\"center\">\n<thead>\n<tr>\n<th id=\"farbig1\" scope=\"col\"> Modell\n<\/th>\n<th id=\"farbig2\" scope=\"col\"> Material\n<\/th>\n<th id=\"farbig3\" scope=\"col\"> Laufradgr\u00f6\u00dfe (mm \/ inch)\n<\/th>\n<th id=\"farbig4\" scope=\"col\"> Maulweite (mm)\n<\/th>\n<th id=\"farbig5\" scope=\"col\"> Reifengr\u00f6\u00dfe (mm)\n<\/th>\n<th id=\"farbig6\" scope=\"col\"> max.Luftdruck (bar)\n<\/th>\n<th id=\"farbig7\" scope=\"col\"> Gewicht (gr)\n<\/th>\n<th id=\"farbig8\" scope=\"col\"> max.Systemgewicht (kg)\n<\/th>\n<th id=\"farbig8\" scope=\"col\"> Speichenl\u00f6cher\n<\/th>\n<\/tr>\n<\/thead>\n<tbody>\n<tr>\n<th scope=\"row\">DaRim Disc II<\/th>\n<td>Aluminium<\/td>\n<td>622\/28<\/td>\n<td>25<\/td>\n<td>35-57<\/td>\n<td>2,8\/57mm<\/td>\n<td>505<\/td>\n<td>140<\/td>\n<td>32\/36<\/td>\n<\/tr>\n<tr>\n<th scope=\"row\">DaRim Disc 40<\/th>\n<td>Aluminium<\/td>\n<td>584\/27,5<\/td>\n<td>40<\/td>\n<td>60-74<\/td>\n<td>2,2\/74mm<\/td>\n<td>595<\/td>\n<td>160<\/td>\n<td>32\/36<\/td>\n<\/tr>\n<tr>\n<th scope=\"row\">DaRim Disc 30<\/th>\n<td>Aluminium<\/td>\n<td>622\/28<\/td>\n<td>30<\/td>\n<td>53-64<\/td>\n<td>2,5\/64mm<\/td>\n<td>505<\/td>\n<td>160<\/td>\n<td>32<\/td>\n<\/tr>\n<tr>\n<th scope=\"row\">DaRim HD<\/th>\n<td>Aluminium<\/td>\n<td>622\/28<\/td>\n<td>30<\/td>\n<td>40-64<\/td>\n<td>5\/40mm and 2,5\/64mm<\/td>\n<td>725<\/td>\n<td>160<\/td>\n<td>32\/36<\/td>\n<\/tr>\n<tr>\n<th scope=\"row\">DaRim LaW*<\/th>\n<td>Carbon<\/td>\n<td>622\/28<\/td>\n<td>31,6<\/td>\n<td>50-62<\/td>\n<td>3\/62mm<\/td>\n<td>470<\/td>\n<td>160<\/td>\n<td>32\/36<\/td>\n<\/tr>\n<tr>\n<th scope=\"row\">DaRim LaW-Tr<\/th>\n<td>Carbon<\/td>\n<td>622\/28<\/td>\n<td>30<\/td>\n<td>40-62<\/td>\n<td>3,5\/62mm<\/td>\n<td>460<\/td>\n<td>160<\/td>\n<td>32<\/td>\n<\/tr>\n<tr>\n<th scope=\"row\">DaRim Lite<\/th>\n<td>Carbon<\/td>\n<td>622\/28<\/td>\n<td>22<\/td>\n<td>35-50<\/td>\n<td>3\/50mm<\/td>\n<td>400<\/td>\n<td>120<\/td>\n<td>32<\/td>\n<\/tbody>\n<\/table>\n<p>*Nur geeignet f\u00fcr Tubeless ready or Tubeless Reifen<\/p>\n","protected":false},"excerpt":{"rendered":"<p>Unsere optionial angebotenen Felgen bieten Ihnen die M\u00f6glichkeit, ihr idworx Fahrrad optimal an ihre Bed\u00fcrfnisse anzupassen. Wichtige Indikatoren f\u00fcr die richtige Felgenwahl sind unter anderem das Systemgewicht (Fahrrad + Fahrer + Gep\u00e4ck), das Einsatzgebiet und auf welchem Untergrund haupts\u00e4chlich gefahren wird. F\u00fcr besonders schwere Fahrer und \/ oder h\u00f6chste Belastungen empfehlen wir unsere DaRim LaW [&hellip;]<\/p>\n","protected":false},"author":10,"featured_media":0,"parent":0,"menu_order":0,"comment_status":"closed","ping_status":"closed","template":"","meta":{"footnotes":""},"class_list":["post-12235","page","type-page","status-publish","hentry"],"yoast_head":"<!-- This site is optimized with the Yoast SEO plugin v27.5 - https:\/\/yoast.com\/product\/yoast-seo-wordpress\/ -->\n<title>FELGEN\u00dcBERSICHT \/ LUFTDRUCKEMPFEHLUNGEN - idworx \u2013 Premium Reiser\u00e4der, Trekking Bikes, E-Bikes &amp; Vakantiefietsen<\/title>\n<meta name=\"robots\" content=\"index, follow, max-snippet:-1, max-image-preview:large, max-video-preview:-1\" \/>\n<link rel=\"canonical\" href=\"https:\/\/www.idworx-bikes.de\/de\/felgenuebersicht-luftdruckempfehlungen\" \/>\n<meta property=\"og:locale\" content=\"de_DE\" \/>\n<meta property=\"og:type\" content=\"article\" \/>\n<meta property=\"og:title\" content=\"FELGEN\u00dcBERSICHT \/ LUFTDRUCKEMPFEHLUNGEN - idworx \u2013 Premium Reiser\u00e4der, Trekking Bikes, E-Bikes &amp; Vakantiefietsen\" \/>\n<meta property=\"og:description\" content=\"Unsere optionial angebotenen Felgen bieten Ihnen die M\u00f6glichkeit, ihr idworx Fahrrad optimal an ihre Bed\u00fcrfnisse anzupassen. Wichtige Indikatoren f\u00fcr die richtige Felgenwahl sind unter anderem das Systemgewicht (Fahrrad + Fahrer + Gep\u00e4ck), das Einsatzgebiet und auf welchem Untergrund haupts\u00e4chlich gefahren wird. F\u00fcr besonders schwere Fahrer und \/ oder h\u00f6chste Belastungen empfehlen wir unsere DaRim LaW [&hellip;]\" \/>\n<meta property=\"og:url\" content=\"https:\/\/www.idworx-bikes.de\/de\/felgenuebersicht-luftdruckempfehlungen\" \/>\n<meta property=\"og:site_name\" content=\"idworx \u2013 Premium Reiser\u00e4der, Trekking Bikes, E-Bikes &amp; Vakantiefietsen\" \/>\n<meta property=\"article:publisher\" content=\"https:\/\/www.facebook.com\/Idworx-202013906499907\/\" \/>\n<meta property=\"article:modified_time\" content=\"2023-11-24T12:55:09+00:00\" \/>\n<meta property=\"og:image\" content=\"https:\/\/www.idworx-bikes.de\/wp-content\/uploads\/2015\/12\/idworx-logo_b.png\" \/>\n\t<meta property=\"og:image:width\" content=\"216\" \/>\n\t<meta property=\"og:image:height\" content=\"69\" \/>\n\t<meta property=\"og:image:type\" content=\"image\/png\" \/>\n<meta name=\"twitter:label1\" content=\"Gesch\u00e4tzte Lesezeit\" \/>\n\t<meta name=\"twitter:data1\" content=\"1\u00a0Minute\" \/>\n<script type=\"application\/ld+json\" class=\"yoast-schema-graph\">{\"@context\":\"https:\\\/\\\/schema.org\",\"@graph\":[{\"@type\":\"WebPage\",\"@id\":\"https:\\\/\\\/www.idworx-bikes.de\\\/de\\\/felgenuebersicht-luftdruckempfehlungen\",\"url\":\"https:\\\/\\\/www.idworx-bikes.de\\\/de\\\/felgenuebersicht-luftdruckempfehlungen\",\"name\":\"FELGEN\u00dcBERSICHT \\\/ LUFTDRUCKEMPFEHLUNGEN - idworx \u2013 Premium Reiser\u00e4der, Trekking Bikes, E-Bikes &amp; Vakantiefietsen\",\"isPartOf\":{\"@id\":\"https:\\\/\\\/www.idworx-bikes.de\\\/#website\"},\"datePublished\":\"2023-11-24T12:34:14+00:00\",\"dateModified\":\"2023-11-24T12:55:09+00:00\",\"breadcrumb\":{\"@id\":\"https:\\\/\\\/www.idworx-bikes.de\\\/de\\\/felgenuebersicht-luftdruckempfehlungen#breadcrumb\"},\"inLanguage\":\"de\",\"potentialAction\":[{\"@type\":\"ReadAction\",\"target\":[\"https:\\\/\\\/www.idworx-bikes.de\\\/de\\\/felgenuebersicht-luftdruckempfehlungen\"]}]},{\"@type\":\"BreadcrumbList\",\"@id\":\"https:\\\/\\\/www.idworx-bikes.de\\\/de\\\/felgenuebersicht-luftdruckempfehlungen#breadcrumb\",\"itemListElement\":[{\"@type\":\"ListItem\",\"position\":1,\"name\":\"Home\",\"item\":\"https:\\\/\\\/www.idworx-bikes.de\\\/de\"},{\"@type\":\"ListItem\",\"position\":2,\"name\":\"FELGEN\u00dcBERSICHT \\\/ LUFTDRUCKEMPFEHLUNGEN\"}]},{\"@type\":\"WebSite\",\"@id\":\"https:\\\/\\\/www.idworx-bikes.de\\\/#website\",\"url\":\"https:\\\/\\\/www.idworx-bikes.de\\\/\",\"name\":\"idworx \u2013 Premium Reiser\u00e4der, Trekking Bikes, E-Bikes &amp; Vakantiefietsen\",\"description\":\"It works! Handgefertigte Bikes f\u00fcr h\u00f6chste Anspr\u00fcche\",\"publisher\":{\"@id\":\"https:\\\/\\\/www.idworx-bikes.de\\\/#organization\"},\"potentialAction\":[{\"@type\":\"SearchAction\",\"target\":{\"@type\":\"EntryPoint\",\"urlTemplate\":\"https:\\\/\\\/www.idworx-bikes.de\\\/?s={search_term_string}\"},\"query-input\":{\"@type\":\"PropertyValueSpecification\",\"valueRequired\":true,\"valueName\":\"search_term_string\"}}],\"inLanguage\":\"de\"},{\"@type\":\"Organization\",\"@id\":\"https:\\\/\\\/www.idworx-bikes.de\\\/#organization\",\"name\":\"idworx\",\"url\":\"https:\\\/\\\/www.idworx-bikes.de\\\/\",\"logo\":{\"@type\":\"ImageObject\",\"inLanguage\":\"de\",\"@id\":\"https:\\\/\\\/www.idworx-bikes.de\\\/#\\\/schema\\\/logo\\\/image\\\/\",\"url\":\"https:\\\/\\\/www.idworx-bikes.de\\\/wp-content\\\/uploads\\\/2015\\\/12\\\/idworx-logo_b.png\",\"contentUrl\":\"https:\\\/\\\/www.idworx-bikes.de\\\/wp-content\\\/uploads\\\/2015\\\/12\\\/idworx-logo_b.png\",\"width\":216,\"height\":69,\"caption\":\"idworx\"},\"image\":{\"@id\":\"https:\\\/\\\/www.idworx-bikes.de\\\/#\\\/schema\\\/logo\\\/image\\\/\"},\"sameAs\":[\"https:\\\/\\\/www.facebook.com\\\/Idworx-202013906499907\\\/\"]}]}<\/script>\n<!-- \/ Yoast SEO plugin. -->","yoast_head_json":{"title":"FELGEN\u00dcBERSICHT \/ LUFTDRUCKEMPFEHLUNGEN - idworx \u2013 Premium Reiser\u00e4der, Trekking Bikes, E-Bikes &amp; Vakantiefietsen","robots":{"index":"index","follow":"follow","max-snippet":"max-snippet:-1","max-image-preview":"max-image-preview:large","max-video-preview":"max-video-preview:-1"},"canonical":"https:\/\/www.idworx-bikes.de\/de\/felgenuebersicht-luftdruckempfehlungen","og_locale":"de_DE","og_type":"article","og_title":"FELGEN\u00dcBERSICHT \/ LUFTDRUCKEMPFEHLUNGEN - idworx \u2013 Premium Reiser\u00e4der, Trekking Bikes, E-Bikes &amp; Vakantiefietsen","og_description":"Unsere optionial angebotenen Felgen bieten Ihnen die M\u00f6glichkeit, ihr idworx Fahrrad optimal an ihre Bed\u00fcrfnisse anzupassen. Wichtige Indikatoren f\u00fcr die richtige Felgenwahl sind unter anderem das Systemgewicht (Fahrrad + Fahrer + Gep\u00e4ck), das Einsatzgebiet und auf welchem Untergrund haupts\u00e4chlich gefahren wird. F\u00fcr besonders schwere Fahrer und \/ oder h\u00f6chste Belastungen empfehlen wir unsere DaRim LaW [&hellip;]","og_url":"https:\/\/www.idworx-bikes.de\/de\/felgenuebersicht-luftdruckempfehlungen","og_site_name":"idworx \u2013 Premium Reiser\u00e4der, Trekking Bikes, E-Bikes &amp; Vakantiefietsen","article_publisher":"https:\/\/www.facebook.com\/Idworx-202013906499907\/","article_modified_time":"2023-11-24T12:55:09+00:00","og_image":[{"width":216,"height":69,"url":"https:\/\/www.idworx-bikes.de\/wp-content\/uploads\/2015\/12\/idworx-logo_b.png","type":"image\/png"}],"twitter_misc":{"Gesch\u00e4tzte Lesezeit":"1\u00a0Minute"},"schema":{"@context":"https:\/\/schema.org","@graph":[{"@type":"WebPage","@id":"https:\/\/www.idworx-bikes.de\/de\/felgenuebersicht-luftdruckempfehlungen","url":"https:\/\/www.idworx-bikes.de\/de\/felgenuebersicht-luftdruckempfehlungen","name":"FELGEN\u00dcBERSICHT \/ LUFTDRUCKEMPFEHLUNGEN - idworx \u2013 Premium Reiser\u00e4der, Trekking Bikes, E-Bikes &amp; Vakantiefietsen","isPartOf":{"@id":"https:\/\/www.idworx-bikes.de\/#website"},"datePublished":"2023-11-24T12:34:14+00:00","dateModified":"2023-11-24T12:55:09+00:00","breadcrumb":{"@id":"https:\/\/www.idworx-bikes.de\/de\/felgenuebersicht-luftdruckempfehlungen#breadcrumb"},"inLanguage":"de","potentialAction":[{"@type":"ReadAction","target":["https:\/\/www.idworx-bikes.de\/de\/felgenuebersicht-luftdruckempfehlungen"]}]},{"@type":"BreadcrumbList","@id":"https:\/\/www.idworx-bikes.de\/de\/felgenuebersicht-luftdruckempfehlungen#breadcrumb","itemListElement":[{"@type":"ListItem","position":1,"name":"Home","item":"https:\/\/www.idworx-bikes.de\/de"},{"@type":"ListItem","position":2,"name":"FELGEN\u00dcBERSICHT \/ LUFTDRUCKEMPFEHLUNGEN"}]},{"@type":"WebSite","@id":"https:\/\/www.idworx-bikes.de\/#website","url":"https:\/\/www.idworx-bikes.de\/","name":"idworx \u2013 Premium Reiser\u00e4der, Trekking Bikes, E-Bikes &amp; Vakantiefietsen","description":"It works! Handgefertigte Bikes f\u00fcr h\u00f6chste Anspr\u00fcche","publisher":{"@id":"https:\/\/www.idworx-bikes.de\/#organization"},"potentialAction":[{"@type":"SearchAction","target":{"@type":"EntryPoint","urlTemplate":"https:\/\/www.idworx-bikes.de\/?s={search_term_string}"},"query-input":{"@type":"PropertyValueSpecification","valueRequired":true,"valueName":"search_term_string"}}],"inLanguage":"de"},{"@type":"Organization","@id":"https:\/\/www.idworx-bikes.de\/#organization","name":"idworx","url":"https:\/\/www.idworx-bikes.de\/","logo":{"@type":"ImageObject","inLanguage":"de","@id":"https:\/\/www.idworx-bikes.de\/#\/schema\/logo\/image\/","url":"https:\/\/www.idworx-bikes.de\/wp-content\/uploads\/2015\/12\/idworx-logo_b.png","contentUrl":"https:\/\/www.idworx-bikes.de\/wp-content\/uploads\/2015\/12\/idworx-logo_b.png","width":216,"height":69,"caption":"idworx"},"image":{"@id":"https:\/\/www.idworx-bikes.de\/#\/schema\/logo\/image\/"},"sameAs":["https:\/\/www.facebook.com\/Idworx-202013906499907\/"]}]}},"_links":{"self":[{"href":"https:\/\/www.idworx-bikes.de\/de\/wp-json\/wp\/v2\/pages\/12235","targetHints":{"allow":["GET"]}}],"collection":[{"href":"https:\/\/www.idworx-bikes.de\/de\/wp-json\/wp\/v2\/pages"}],"about":[{"href":"https:\/\/www.idworx-bikes.de\/de\/wp-json\/wp\/v2\/types\/page"}],"author":[{"embeddable":true,"href":"https:\/\/www.idworx-bikes.de\/de\/wp-json\/wp\/v2\/users\/10"}],"replies":[{"embeddable":true,"href":"https:\/\/www.idworx-bikes.de\/de\/wp-json\/wp\/v2\/comments?post=12235"}],"version-history":[{"count":3,"href":"https:\/\/www.idworx-bikes.de\/de\/wp-json\/wp\/v2\/pages\/12235\/revisions"}],"predecessor-version":[{"id":12249,"href":"https:\/\/www.idworx-bikes.de\/de\/wp-json\/wp\/v2\/pages\/12235\/revisions\/12249"}],"wp:attachment":[{"href":"https:\/\/www.idworx-bikes.de\/de\/wp-json\/wp\/v2\/media?parent=12235"}],"curies":[{"name":"wp","href":"https:\/\/api.w.org\/{rel}","templated":true}]}}