{"id":13481,"date":"2025-01-23T14:41:55","date_gmt":"2025-01-23T13:41:55","guid":{"rendered":"https:\/\/www.idworx-bikes.de\/da-fork"},"modified":"2025-01-23T15:05:43","modified_gmt":"2025-01-23T14:05:43","slug":"da-fork","status":"publish","type":"page","link":"https:\/\/www.idworx-bikes.de\/de\/da-fork","title":{"rendered":"DAFORK"},"content":{"rendered":"<h3>Regelm\u00e4\u00dfige Kontrolle und richtige Einstellung des Steuersatzes \u2013 So pflegen Sie Ihre DaFork Carbon-Gabel richtig<\/h3>\n<p>Wenn Sie ein idworx-Fahrrad mit der DaFork Gabel aus Carbon fahren, ist es zwingend erforderlich den Steuersatz regelm\u00e4\u00dfig auf Spiel zu kontrollieren und bei Bedarf richtig einzustellen. Am Anfang vor bzw. nach jeder Fahrt. Nach der Einfahrphase sollte eine Kontrolle alle 1000km erfolgen.<br \/>\n Andernfalls k\u00f6nnen Sie nicht nur Materialsch\u00e4den riskieren, sondern auch Ihre Sicherheit gef\u00e4hrden. In diesem Leitfaden erkl\u00e4ren wir Ihnen, wie Sie den Steuersatz richtig \u00fcberpr\u00fcfen und einstellen, um teure Reparaturen und m\u00f6gliche Unf\u00e4lle zu vermeiden.<br \/>\nWarum ist die Kontrolle des Steuersatzes wichtig?<br \/>\nBei Gabeln mit einem Gabelschaft aus Carbon kommt es durch die Fl\u00e4chenpressung des Kugellagers unweigerlich zu einer Setzung des Gabelkonussitzes. Dieser Prozess ist ganz normal, aber er f\u00fchrt dazu, dass sich mit der Zeit ein Spiel im Steuersatz entwickeln kann. Wenn dieses Spiel nicht behoben wird, kann sich ein sogenannter \u201eRing of Death\u201c bilden, der die Gabel dauerhaft besch\u00e4digt und sie unbrauchbar macht. Auch wenn die Gabel nicht direkt abbricht, ist ein teurer Austausch n\u00f6tig, da eine Reparatur in diesem Fall nicht m\u00f6glich ist.<br \/>\nAchtung: Es ist entscheidend, den Steuersatz regelm\u00e4\u00dfig zu kontrollieren und bei Bedarf korrekt einzustellen. Sollten Sie das ignorieren, kann dies zu schwerwiegenden Sch\u00e4den an der Gabel und im schlimmsten Fall zu Unf\u00e4llen f\u00fchren.<br \/>\nWas passiert, wenn der Steuersatz nicht richtig eingestellt wird?<br \/>\n\u2022\tMaterialsch\u00e4den: Ein nicht korrekt eingestellter Steuersatz f\u00fchrt zu einer fortschreitenden Besch\u00e4digung des Gabelkonussitzes, die nur durch einen kompletten Gabelaustausch behoben werden kann.<br \/>\n\u2022\tK\u00f6rperliche Sch\u00e4den: Im schlimmsten Fall kann ein lockerer Steuersatz zu einem Unfall f\u00fchren, da sich das Spiel negativ auf die Steuerung und Stabilit\u00e4t des Fahrrads auswirkt.<br \/>\n\u2022\tHaftungsausschluss: F\u00fcr Sch\u00e4den an der Gabel oder k\u00f6rperliche Sch\u00e4den aufgrund einer unsachgem\u00e4\u00dfen Einstellung \u00fcbernehmen wir keine Haftung. Es liegt in Ihrer Verantwortung, den Steuersatz regelm\u00e4\u00dfig zu kontrollieren und korrekt einzustellen.<\/p>\n<p>Kontrolle des Steuersatzes und korrekte Einstellung<br \/>\nBen\u00f6tigte Werkzeuge<br \/>\nUm den Steuersatz korrekt zu kontrollieren und gegebenenfalls einzustellen, ben\u00f6tigen Sie folgende Werkzeuge:<br \/>\n\u2022\tInnensechskantschl\u00fcssel (4 mm, 5 mm und 6 mm)<br \/>\n\u2022\tDrehmomentschl\u00fcssel mit den passenden Bits (4 mm, 5 mm und 6 mm). Wir empfehlen die Verwendung eines elektronischen Drehmomentschl\u00fcssels, wie zum Beispiel von der Marke Topeak das Modell D-Torque.<\/p>\n<p>Steuersatz auf Spiel kontrollieren<br \/>\nSo gehen Sie vor:<br \/>\n1.\tStellen Sie das Fahrrad aufrecht hin, sodass das Vorderrad geradeaus zeigt.<br \/>\n2.\tSetzen Sie sich auf das Oberrohr.<br \/>\n3.\tZiehen Sie die Vorderradbremse.<br \/>\n4.\tLegen Sie Zeigefinger und Daumen an den Spalt zwischen Steuerrohr und Gabel, w\u00e4hrend Sie das Vorderrad vorsichtig vor- und zur\u00fcckbewegen.<br \/>\n5.\tWichtig: Wenn Sie Spiel bemerken, muss der Steuersatz sofort nachgestellt werden.<br \/>\nSteuersatz richtig einstellen<br \/>\nFalls beim Kontrollgang Spiel vorhanden ist, gehen Sie wie folgt vor, um den Steuersatz richtig einzustellen:<br \/>\n1. Schritt: \u00dcberpr\u00fcfung der Ahead-Kappe und der Bauteile<br \/>\n\u2022\tAhead-Kappe entfernen: Entfernen Sie die Ahead-Kappe, um zu pr\u00fcfen, ob dieser auf dem DaPanda (Expander im Gabelschaft) aufliegt, was auf eine m\u00f6gliche Setzung hindeutet.<br \/>\n\u2022\tSpacer \u00fcberpr\u00fcfen: Der Vorbau muss vollst\u00e4ndig auf dem Gabelschaft sitzen, und es muss mindestens ein Spacer (in H\u00f6he von 5mm oder mehr) \u00fcber den Gabelschaft hinausstehen.<br \/>\n\u2022\tVorbauklemmschrauben l\u00f6sen: L\u00f6sen Sie die Schrauben des Vorbaus (nicht vollst\u00e4ndig, um eine Neuausrichtung zu vermeiden).<br \/>\n\u2022\tiSR l\u00f6sen:(Lenkeinschlagbegrenzer) Lockern Sie den iSR (nicht vollst\u00e4ndig, um eine Neuausrichtung zu vermeiden).<br \/>\n\u2022\tAhead-Kappe nachziehen: Ziehen Sie die Ahead-Kappe mit einem Drehmoment von 3 Nm nach.<br \/>\n\u2022\tiSR nachziehen: Ziehen Sie den iSR mit 5 Nm an. Dabei die beiden Schrauben abwechselnd anziehen und jeweils um 0,5Nm steigern, bis man beide Schrauben mit 5Nm angezogen hat. (Bei R\u00e4dern mit Rennlenker hat der iSR lediglich eine Schraube).<br \/>\n\u2022\tVorbauklemmschrauben anziehen: Ziehen Sie die Schrauben des Vorbaus mit 5 Nm an. Auch hier die beiden Schrauben abwechselnd anziehen und jeweils um 0,5Nm steigern, bis man beide Schrauben mit 5Nm angezogen hat. <\/p>\n<p>2. Schritt: Kontrollieren, ob das Spiel behoben ist<br \/>\nKontrollieren Sie erneut, ob sich das Spiel im Steuersatz beseitigt hat, indem Sie das gleiche Verfahren wie oben beschrieben durchf\u00fchren.<\/p>\n<p>3. Falls das Spiel weiterhin besteht: Weitergehende Ma\u00dfnahmen<br \/>\n\u2022\tVorbauklemmschrauben und iSR l\u00f6sen<br \/>\n\u2022\tAhead-Kappe demontieren<br \/>\n\u2022\tDaPanda l\u00f6sen und ggf. nach unten schieben<\/p>\n<p>4. Anziehen in der folgenden Reihenfolge:<br \/>\n\u2022\tDaPanda: Maximal 8 Nm<br \/>\n\u2022\tAhead-Kappe: 3 Nm<br \/>\n\u2022\tiSR: 5 Nm<br \/>\n\u2022\tVorbauklemmschrauben: 5 Nm<\/p>\n<p>Abschlie\u00dfende Kontrolle<br \/>\nKontrollieren Sie abschlie\u00dfend noch einmal, ob der Steuersatz jetzt kein Spiel mehr aufweist, indem Sie das gleiche Verfahren wie zu Beginn durchf\u00fchren.<\/p>\n<p>Bei weiterem Spiel: idworx-Fachh\u00e4ndler aufsuchen<br \/>\nSollte nach diesen Ma\u00dfnahmen immer noch Spiel im Steuersatz vorhanden sein, wenden Sie sich bitte sofort an einen unserer idworx-Fachh\u00e4ndler oder direkt an uns. Es ist wichtig, dass das Problem professionell begutachtet und behoben wird.<\/p>\n<h3>Regelmatige controle en juiste afstelling van het balhoofdstel \u2013 Hoe je de DaFork carbon voorvork correct onderhoudt<\/h3>\n<p>Als je een idworx-fiets bezit met een DaFork carbon voorvork, is het essentieel om regelmatig het balhoofdstel op speling te controleren en deze indien nodig correct af te stellen. In het begin voor of na elke rit. Na de inrijperiode moet de controle elke 1000 km uitgevoerd worden.<br \/>\nAnders riskeer je niet alleen materiaalschade, maar ook je eigen veiligheid. In deze handleiding leggen we uit hoe je het balhoofdstel goed controleert en afstelt om dure reparaties en mogelijke ongelukken te voorkomen.<br \/>\nWaarom is het controleren van het balhoofdstel belangrijk?<br \/>\nBij voorvorken met een carbon vorkbuis komt het door de druk van het balhoofdlager onvermijdelijk tot een zetting van de conus op de voorvork. Dit proces is volkomen normaal, maar het kan ertoe leiden dat er na verloop van tijd speling in het balhoofd ontstaat. Als deze speling niet wordt verholpen, kan er een &#8220;Ring of Death&#8221; ontstaan, die de voorvork permanent beschadigt en onbruikbaar maakt. Zelfs als de vork niet direct breekt, is vervanging nodig, omdat reparatie in dit geval niet mogelijk is.<br \/>\nLet op: Het is cruciaal om het balhoofdstel regelmatig te controleren en correct af te stellen. Als je dit negeert, kan dit leiden tot ernstige schade aan de vork en in het ergste geval tot ongelukken.<br \/>\nWat gebeurt er als het balhoofdstel niet correct is afgesteld?<br \/>\n\u2022\tMateriaalschade: Een niet correct afgestelde balhoofdstel veroorzaakt voortschrijdende schade aan de vorkconus, die alleen kan worden verholpen door de gehele vork te vervangen.<br \/>\n\u2022\tFysieke letsel: In het ergste geval kan een los balhoofdstel leiden tot een ongeluk, aangezien de speling het sturen en stabiliteit van de fiets negatief be\u00efnvloedt.<br \/>\n\u2022\tUitsluiting van aansprakelijkheid: Wij zijn niet aansprakelijk voor schade aan de voorvork of lichamelijk letsel door een onjuiste afstelling. Het is jouw verantwoordelijkheid om het balhoofdstel regelmatig te controleren en correct af te stellen.<br \/>\nHet controleren en correct afstellen van het balhoofdstel<br \/>\nBenodigde gereedschappen<br \/>\nOm het balhoofdstl correct te controleren en af te stellen, zijn de volgende gereedschappen benodigd:<br \/>\n\u2022\tInbussleutels (4 mm, 5 mm en 6 mm)<br \/>\n\u2022\tMomentsleutel met passende bits (4 mm, 5 mm en 6 mm). Wij raden aan een elektronische momentsleutel te gebruiken, zoals bijvoorbeeld het model D-Torque van Topeak.<br \/>\nHet balhoofdstel controleren op speling<br \/>\nVolg de onderstaande stappen:<br \/>\n1.\tZet de fiets rechtop, zodat het voorwiel recht vooruit staat.<br \/>\n2.\tGa op de bovenbuis van de fiets zitten.<br \/>\n3.\tTrek de voorrem aan.<br \/>\n4.\tPlaats je duim en wijsvinger op de opening tussen de stuurbuis en de vork terwijl je het voorwiel voorzichtig heen en weer beweegt in de rijrichting.<br \/>\n5.\tLet op: Als je speling merkt, moet het balhoofdstel onmiddellijk worden afgesteld.<br \/>\nHet balhoofdstel correct afstellen<br \/>\nAls er speling wordt geconstateerd tijdens de controle, volg dan deze stappen om het balhoofdstel correct af te stellen:<br \/>\nStap 1: Controleer de ahead cap en andere onderdelen<br \/>\n\u2022\tVerwijder de ahead cap: Verwijder de ahead cap om te controleren of deze op de DaPanda (expander in de vorkbuis) rust, wat zou kunnen duiden op zetting.<br \/>\n\u2022\tControleer de spacers: De stuurpen moet volledig op de vorkbuis zitten, en er moet minstens \u00e9\u00e9n spacer (van 5 mm of meer) boven de vorkbuis uitsteken.<br \/>\n\u2022\tLos de bouten van de stuurpen: Draai de bouten van de stuurpen los (maar niet volledig, om heruitlijning te voorkomen).<br \/>\n\u2022\tLos de iSR: Draai de iSR los (maar niet volledig, om heruitlijning te voorkomen).<br \/>\n\u2022\tTrek de ahead cap aan: Draai de ahead cap aan met een moment van 3 Nm.<br \/>\n\u2022\tTrek de iSR aan: Draai de iSR aan met 5 Nm. Draai de bouten om de beurt aan en verhoog het moment telkens met 0,5 Nm totdat beide bouten met 5 Nm zijn aangedraaid. Voor fietsen met een racestuur heeft de iSR 1 bout.<br \/>\n\u2022\tTrek de stuurpen bouten aan: Draai de bouten van de stuurpen aan met 5 Nm. Draai ook hier de schroeven om de beurt aan en verhoog het moment telkens met 0,5 Nm totdat beide schroeven met 5 Nm zijn aangedraaid.<br \/>\nStap 2: Controleer of de speling Is verholpen Controleer opnieuw of de speling in het balhoofdstel is verholpen door hetzelfde proces te herhalen zoals hierboven beschreven.<br \/>\nStap 3: Als de speling blijft \u2013 verdere stappen<br \/>\n\u2022\tDraai de stuurpen- en iSR-bouten los.<br \/>\n\u2022\tVerwijder de ahead cap.<br \/>\n\u2022\tDraai de DaPanda (expander) los en schuif deze eventueel naar beneden.<br \/>\nStap 4: Aandraaien in de onderstaande volgorde:<br \/>\n\u2022\tDaPanda (expander): Draai aan tot maximaal 8 Nm.<br \/>\n\u2022\tAhead cap: Draai aan tot 3 Nm.<br \/>\n\u2022\tiSR: Draai aan tot 5 Nm.<br \/>\n\u2022\tStuurpen bouten: Draai aan tot 5 Nm.<br \/>\nEindcontrole<br \/>\nControleer tot slot opnieuw of er geen speling meer in het balhoofdstel zit door hetzelfde proces door te lopen als in het begin.<br \/>\nBlijft de speling aanhouden? Ga dan naar een idworx dealer<br \/>\nAls na deze stappen de speling in het balhoofdstel nog steeds aanwezig is, neem dan onmiddellijk contact op met een idworx dealer of met ons. Het is belangrijk dat het probleem professioneel wordt beoordeeld en opgelost.<\/p>\n<h3>Regular check and correct adjustment of the headset &#8211; How to properly care for your DaFork carbon fork<\/h3>\n<p>If you ride an idworx bike with the DaFork carbon fork, it is imperative to regularly check the headset for play and adjust it correctly if necessary. In the beginning, before and after each ride. After the running-in phase, a check should be carried out every 1000km.<br \/>\nOtherwise, you risk not only material damage, but also your safety. In this guide, we explain how to properly check and adjust the headset to avoid expensive repairs and possible accidents.<br \/>\nWhy is checking the headset important?<br \/>\nForks with a carbon steerer tube inevitably settle the fork cone seat due to the surface pressure of the ball bearing. This process is completely normal, but it means that play can develop in the headset over time. If this play is not corrected, a so-called &#8220;ring of death&#8221; can form, which permanently damages the fork and makes it unusable. Even if the fork does not break off immediately, an expensive replacement is necessary, as repair is not possible in this case.<br \/>\nCaution: It is crucial to check the headset regularly and adjust it correctly if necessary. If you ignore this, it can lead to serious damage to the fork and, in the worst case, to accidents.<br \/>\nWhat happens if the headset is not adjusted correctly?<br \/>\n\u2022 Material damage: An incorrectly adjusted headset leads to progressive damage to the fork race seat, which can only be repaired by replacing the entire fork.<br \/>\n\u2022 Physical damage: In the worst case, a loose headset can lead to an accident, as the play negatively affects the steering and stability of the bike.<br \/>\n\u2022 Disclaimer: We accept no liability for damage to the fork or physical damage caused by improper adjustment. It is your responsibility to check the headset regularly and adjust it correctly.<\/p>\n<p>Checking the headset and adjusting it correctly<br \/>\nTools required<br \/>\nTo check the headset correctly and adjust it if necessary, you will need the following tools:<br \/>\n\u2022 Allen key (4 mm, 5 mm and 6 mm)<br \/>\n\u2022 Torque wrench with the appropriate bits (4 mm, 5 mm and 6 mm). We recommend using an electronic torque wrench, such as the Topeak D-Torque model.<\/p>\n<p>Checking the headset for play<br \/>\nHere&#8217;s how to do it:<br \/>\n1. Stand the bike upright so that the front wheel is pointing straight ahead.<br \/>\n2. Sit on the top tube.<br \/>\n3. Pull the front brake.<br \/>\n4. Place your index finger and thumb in the gap between the head tube and the fork while carefully moving the front wheel back and forth.<br \/>\n5. Important: If you notice any play, the headset must be adjusted immediately.<br \/>\nAdjust the headset correctly<br \/>\nIf there is play during the inspection, follow these steps to adjust the headset correctly:<br \/>\nStep 1: Check the Ahead cap and components<br \/>\n\u2022 Remove the Ahead cap: Remove the Ahead cap to check that it is resting on the DaPanda (expander in the steerer tube), which indicates possible settling.<br \/>\n\u2022 Check the spacer: The stem must be fully seated on the steerer tube and there must be at least one spacer (5mm or more) protruding from the steerer tube.<br \/>\n\u2022 Loosen the stem clamp bolts: Loosen the stem bolts (not completely to avoid realignment).<br \/>\n\u2022 Loosen the iSR: (steering lock limiter) Loosen the iSR (not completely to avoid realignment).<br \/>\n\u2022 Tighten the Ahead cap: Tighten the Ahead cap to a torque of 3 Nm.<br \/>\n\u2022 Re-tighten the iSR: Tighten the iSR to 5 Nm. Tighten the two screws alternately and increase by 0.5 Nm each until both screws are tightened to 5 Nm. (On bikes with racing handlebars, the iSR only has one screw).<br \/>\n\u2022 Tighten the stem clamp screws: Tighten the stem screws to 5 Nm. Again, tighten the two screws alternately and increase by 0.5 Nm each until both screws are tightened to 5 Nm.<\/p>\n<p>Step 2: Check whether the play has been eliminated<br \/>\nCheck again whether the play in the headset has been eliminated by following the same procedure as described above.<\/p>\n<p>3. If the play persists: Further measures<br \/>\n\u2022 Loosen the stem clamping screws and iSR<br \/>\n\u2022 Remove the Ahead cap<br \/>\n\u2022 Loosen the DaPanda and push it down if necessary<\/p>\n<p>4. Tighten in the following order:<br \/>\n\u2022 DaPanda: Maximum 8 Nm<br \/>\n\u2022 Ahead cap: 3 Nm<br \/>\n\u2022 iSR: 5 Nm<br \/>\n\u2022 Stem clamping screws: 5 Nm<\/p>\n<p>Final check<br \/>\nFinally, check again whether the headset has no more play by following the same procedure as<\/p>\n","protected":false},"excerpt":{"rendered":"<p>Regelm\u00e4\u00dfige Kontrolle und richtige Einstellung des Steuersatzes \u2013 So pflegen Sie Ihre DaFork Carbon-Gabel richtig Wenn Sie ein idworx-Fahrrad mit der DaFork Gabel aus Carbon fahren, ist es zwingend erforderlich den Steuersatz regelm\u00e4\u00dfig auf Spiel zu kontrollieren und bei Bedarf richtig einzustellen. Am Anfang vor bzw. nach jeder Fahrt. Nach der Einfahrphase sollte eine Kontrolle [&hellip;]<\/p>\n","protected":false},"author":10,"featured_media":0,"parent":0,"menu_order":0,"comment_status":"closed","ping_status":"closed","template":"","meta":{"footnotes":""},"class_list":["post-13481","page","type-page","status-publish","hentry"],"yoast_head":"<!-- This site is optimized with the Yoast SEO plugin v27.5 - https:\/\/yoast.com\/product\/yoast-seo-wordpress\/ -->\n<title>DAFORK - idworx \u2013 Premium Reiser\u00e4der, Trekking Bikes, E-Bikes &amp; Vakantiefietsen<\/title>\n<meta name=\"robots\" content=\"index, follow, max-snippet:-1, max-image-preview:large, max-video-preview:-1\" \/>\n<link rel=\"canonical\" href=\"https:\/\/www.idworx-bikes.de\/de\/da-fork\" \/>\n<meta property=\"og:locale\" content=\"de_DE\" \/>\n<meta property=\"og:type\" content=\"article\" \/>\n<meta property=\"og:title\" content=\"DAFORK - idworx \u2013 Premium Reiser\u00e4der, Trekking Bikes, E-Bikes &amp; Vakantiefietsen\" \/>\n<meta property=\"og:description\" content=\"Regelm\u00e4\u00dfige Kontrolle und richtige Einstellung des Steuersatzes \u2013 So pflegen Sie Ihre DaFork Carbon-Gabel richtig Wenn Sie ein idworx-Fahrrad mit der DaFork Gabel aus Carbon fahren, ist es zwingend erforderlich den Steuersatz regelm\u00e4\u00dfig auf Spiel zu kontrollieren und bei Bedarf richtig einzustellen. Am Anfang vor bzw. nach jeder Fahrt. Nach der Einfahrphase sollte eine Kontrolle [&hellip;]\" \/>\n<meta property=\"og:url\" content=\"https:\/\/www.idworx-bikes.de\/de\/da-fork\" \/>\n<meta property=\"og:site_name\" content=\"idworx \u2013 Premium Reiser\u00e4der, Trekking Bikes, E-Bikes &amp; Vakantiefietsen\" \/>\n<meta property=\"article:publisher\" content=\"https:\/\/www.facebook.com\/Idworx-202013906499907\/\" \/>\n<meta property=\"article:modified_time\" content=\"2025-01-23T14:05:43+00:00\" \/>\n<meta property=\"og:image\" content=\"https:\/\/www.idworx-bikes.de\/wp-content\/uploads\/2015\/12\/idworx-logo_b.png\" \/>\n\t<meta property=\"og:image:width\" content=\"216\" \/>\n\t<meta property=\"og:image:height\" content=\"69\" \/>\n\t<meta property=\"og:image:type\" content=\"image\/png\" \/>\n<meta name=\"twitter:label1\" content=\"Gesch\u00e4tzte Lesezeit\" \/>\n\t<meta name=\"twitter:data1\" content=\"11\u00a0Minuten\" \/>\n<script type=\"application\/ld+json\" class=\"yoast-schema-graph\">{\"@context\":\"https:\\\/\\\/schema.org\",\"@graph\":[{\"@type\":\"WebPage\",\"@id\":\"https:\\\/\\\/www.idworx-bikes.de\\\/de\\\/da-fork\",\"url\":\"https:\\\/\\\/www.idworx-bikes.de\\\/de\\\/da-fork\",\"name\":\"DAFORK - idworx \u2013 Premium Reiser\u00e4der, Trekking Bikes, E-Bikes &amp; Vakantiefietsen\",\"isPartOf\":{\"@id\":\"https:\\\/\\\/www.idworx-bikes.de\\\/#website\"},\"datePublished\":\"2025-01-23T13:41:55+00:00\",\"dateModified\":\"2025-01-23T14:05:43+00:00\",\"breadcrumb\":{\"@id\":\"https:\\\/\\\/www.idworx-bikes.de\\\/de\\\/da-fork#breadcrumb\"},\"inLanguage\":\"de\",\"potentialAction\":[{\"@type\":\"ReadAction\",\"target\":[\"https:\\\/\\\/www.idworx-bikes.de\\\/de\\\/da-fork\"]}]},{\"@type\":\"BreadcrumbList\",\"@id\":\"https:\\\/\\\/www.idworx-bikes.de\\\/de\\\/da-fork#breadcrumb\",\"itemListElement\":[{\"@type\":\"ListItem\",\"position\":1,\"name\":\"Home\",\"item\":\"https:\\\/\\\/www.idworx-bikes.de\\\/de\"},{\"@type\":\"ListItem\",\"position\":2,\"name\":\"DAFORK\"}]},{\"@type\":\"WebSite\",\"@id\":\"https:\\\/\\\/www.idworx-bikes.de\\\/#website\",\"url\":\"https:\\\/\\\/www.idworx-bikes.de\\\/\",\"name\":\"idworx \u2013 Premium Reiser\u00e4der, Trekking Bikes, E-Bikes &amp; Vakantiefietsen\",\"description\":\"It works! Handgefertigte Bikes f\u00fcr h\u00f6chste Anspr\u00fcche\",\"publisher\":{\"@id\":\"https:\\\/\\\/www.idworx-bikes.de\\\/#organization\"},\"potentialAction\":[{\"@type\":\"SearchAction\",\"target\":{\"@type\":\"EntryPoint\",\"urlTemplate\":\"https:\\\/\\\/www.idworx-bikes.de\\\/?s={search_term_string}\"},\"query-input\":{\"@type\":\"PropertyValueSpecification\",\"valueRequired\":true,\"valueName\":\"search_term_string\"}}],\"inLanguage\":\"de\"},{\"@type\":\"Organization\",\"@id\":\"https:\\\/\\\/www.idworx-bikes.de\\\/#organization\",\"name\":\"idworx\",\"url\":\"https:\\\/\\\/www.idworx-bikes.de\\\/\",\"logo\":{\"@type\":\"ImageObject\",\"inLanguage\":\"de\",\"@id\":\"https:\\\/\\\/www.idworx-bikes.de\\\/#\\\/schema\\\/logo\\\/image\\\/\",\"url\":\"https:\\\/\\\/www.idworx-bikes.de\\\/wp-content\\\/uploads\\\/2015\\\/12\\\/idworx-logo_b.png\",\"contentUrl\":\"https:\\\/\\\/www.idworx-bikes.de\\\/wp-content\\\/uploads\\\/2015\\\/12\\\/idworx-logo_b.png\",\"width\":216,\"height\":69,\"caption\":\"idworx\"},\"image\":{\"@id\":\"https:\\\/\\\/www.idworx-bikes.de\\\/#\\\/schema\\\/logo\\\/image\\\/\"},\"sameAs\":[\"https:\\\/\\\/www.facebook.com\\\/Idworx-202013906499907\\\/\"]}]}<\/script>\n<!-- \/ Yoast SEO plugin. -->","yoast_head_json":{"title":"DAFORK - idworx \u2013 Premium Reiser\u00e4der, Trekking Bikes, E-Bikes &amp; Vakantiefietsen","robots":{"index":"index","follow":"follow","max-snippet":"max-snippet:-1","max-image-preview":"max-image-preview:large","max-video-preview":"max-video-preview:-1"},"canonical":"https:\/\/www.idworx-bikes.de\/de\/da-fork","og_locale":"de_DE","og_type":"article","og_title":"DAFORK - idworx \u2013 Premium Reiser\u00e4der, Trekking Bikes, E-Bikes &amp; Vakantiefietsen","og_description":"Regelm\u00e4\u00dfige Kontrolle und richtige Einstellung des Steuersatzes \u2013 So pflegen Sie Ihre DaFork Carbon-Gabel richtig Wenn Sie ein idworx-Fahrrad mit der DaFork Gabel aus Carbon fahren, ist es zwingend erforderlich den Steuersatz regelm\u00e4\u00dfig auf Spiel zu kontrollieren und bei Bedarf richtig einzustellen. Am Anfang vor bzw. nach jeder Fahrt. Nach der Einfahrphase sollte eine Kontrolle [&hellip;]","og_url":"https:\/\/www.idworx-bikes.de\/de\/da-fork","og_site_name":"idworx \u2013 Premium Reiser\u00e4der, Trekking Bikes, E-Bikes &amp; Vakantiefietsen","article_publisher":"https:\/\/www.facebook.com\/Idworx-202013906499907\/","article_modified_time":"2025-01-23T14:05:43+00:00","og_image":[{"width":216,"height":69,"url":"https:\/\/www.idworx-bikes.de\/wp-content\/uploads\/2015\/12\/idworx-logo_b.png","type":"image\/png"}],"twitter_misc":{"Gesch\u00e4tzte Lesezeit":"11\u00a0Minuten"},"schema":{"@context":"https:\/\/schema.org","@graph":[{"@type":"WebPage","@id":"https:\/\/www.idworx-bikes.de\/de\/da-fork","url":"https:\/\/www.idworx-bikes.de\/de\/da-fork","name":"DAFORK - idworx \u2013 Premium Reiser\u00e4der, Trekking Bikes, E-Bikes &amp; Vakantiefietsen","isPartOf":{"@id":"https:\/\/www.idworx-bikes.de\/#website"},"datePublished":"2025-01-23T13:41:55+00:00","dateModified":"2025-01-23T14:05:43+00:00","breadcrumb":{"@id":"https:\/\/www.idworx-bikes.de\/de\/da-fork#breadcrumb"},"inLanguage":"de","potentialAction":[{"@type":"ReadAction","target":["https:\/\/www.idworx-bikes.de\/de\/da-fork"]}]},{"@type":"BreadcrumbList","@id":"https:\/\/www.idworx-bikes.de\/de\/da-fork#breadcrumb","itemListElement":[{"@type":"ListItem","position":1,"name":"Home","item":"https:\/\/www.idworx-bikes.de\/de"},{"@type":"ListItem","position":2,"name":"DAFORK"}]},{"@type":"WebSite","@id":"https:\/\/www.idworx-bikes.de\/#website","url":"https:\/\/www.idworx-bikes.de\/","name":"idworx \u2013 Premium Reiser\u00e4der, Trekking Bikes, E-Bikes &amp; Vakantiefietsen","description":"It works! Handgefertigte Bikes f\u00fcr h\u00f6chste Anspr\u00fcche","publisher":{"@id":"https:\/\/www.idworx-bikes.de\/#organization"},"potentialAction":[{"@type":"SearchAction","target":{"@type":"EntryPoint","urlTemplate":"https:\/\/www.idworx-bikes.de\/?s={search_term_string}"},"query-input":{"@type":"PropertyValueSpecification","valueRequired":true,"valueName":"search_term_string"}}],"inLanguage":"de"},{"@type":"Organization","@id":"https:\/\/www.idworx-bikes.de\/#organization","name":"idworx","url":"https:\/\/www.idworx-bikes.de\/","logo":{"@type":"ImageObject","inLanguage":"de","@id":"https:\/\/www.idworx-bikes.de\/#\/schema\/logo\/image\/","url":"https:\/\/www.idworx-bikes.de\/wp-content\/uploads\/2015\/12\/idworx-logo_b.png","contentUrl":"https:\/\/www.idworx-bikes.de\/wp-content\/uploads\/2015\/12\/idworx-logo_b.png","width":216,"height":69,"caption":"idworx"},"image":{"@id":"https:\/\/www.idworx-bikes.de\/#\/schema\/logo\/image\/"},"sameAs":["https:\/\/www.facebook.com\/Idworx-202013906499907\/"]}]}},"_links":{"self":[{"href":"https:\/\/www.idworx-bikes.de\/de\/wp-json\/wp\/v2\/pages\/13481","targetHints":{"allow":["GET"]}}],"collection":[{"href":"https:\/\/www.idworx-bikes.de\/de\/wp-json\/wp\/v2\/pages"}],"about":[{"href":"https:\/\/www.idworx-bikes.de\/de\/wp-json\/wp\/v2\/types\/page"}],"author":[{"embeddable":true,"href":"https:\/\/www.idworx-bikes.de\/de\/wp-json\/wp\/v2\/users\/10"}],"replies":[{"embeddable":true,"href":"https:\/\/www.idworx-bikes.de\/de\/wp-json\/wp\/v2\/comments?post=13481"}],"version-history":[{"count":2,"href":"https:\/\/www.idworx-bikes.de\/de\/wp-json\/wp\/v2\/pages\/13481\/revisions"}],"predecessor-version":[{"id":13492,"href":"https:\/\/www.idworx-bikes.de\/de\/wp-json\/wp\/v2\/pages\/13481\/revisions\/13492"}],"wp:attachment":[{"href":"https:\/\/www.idworx-bikes.de\/de\/wp-json\/wp\/v2\/media?parent=13481"}],"curies":[{"name":"wp","href":"https:\/\/api.w.org\/{rel}","templated":true}]}}