{"id":2693,"date":"2016-11-19T08:56:22","date_gmt":"2016-11-19T07:56:22","guid":{"rendered":"https:\/\/www.idworx-bikes.de\/de\/?page_id=2693"},"modified":"2018-08-06T08:58:02","modified_gmt":"2018-08-06T06:58:02","slug":"riemenantrieb","status":"publish","type":"page","link":"https:\/\/www.idworx-bikes.de\/de\/riemenantrieb","title":{"rendered":"Riemenantrieb"},"content":{"rendered":"<h2>Gates Carbondrive CDX jetzt auch optional an idworx Mountain Bikes<\/h2>\n<p>Von Oktober 2016 an k\u00f6nnen Sie idworx Mountain Bikes auf Wunsch auch mit einem Gates Carbondrive CDX Riemenantrieb ordern.<\/p>\n<p>Wer im Verlauf der letzten Jahre unsere Statements zum Thema Riemenantrieb verfolgt hat, fragt sich jetzt wom\u00f6glich, ob und wenn ja warum wir unseren Widerstand dagegen aufgegeben haben.<\/p>\n<p>Die Antwort ist ganz einfach: Es sind wirtschaftliche Gr\u00fcnde. Es gibt inzwischen einen nennenswerten Anteil an potentiellen K\u00e4ufern f\u00fcr idworx Bikes (und auch Besitzer eines idworx), die von den Vorteilen des Riemenantriebs so \u00fcberzeugt sind, dass sie kein Rad mit Kettenantrieb mehr kaufen m\u00f6chten. Gleichzeitig m\u00f6chten Sie aber ein idworx kaufen, weil sie bestm\u00f6gliche Qualit\u00e4t und Funktionalit\u00e4t erwarten. Und wir m\u00f6chten selbstverst\u00e4ndlich auch, dass sie ein idworx kaufen.<\/p>\n<p>Diese Nachfrage nach idworx Bikes mit Riemenantrieb hat in der Vergangenheit dazu gef\u00fchrt, dass einige unserer H\u00e4ndler viele idworx auf Riemenantrieb umger\u00fcstet haben, darunter auch Mountain Bikes.<\/p>\n<p>Nachdem wir seit zwei Jahren f\u00fcr unsere Trekking Bikes die Riemenoption anbieten, dehnen wir dieses Angebot nun auch auf die idworx Mountain Bikes aus. Wir erleichtern unseren H\u00e4ndlern damit ihre Arbeit und machen es Interessenten grunds\u00e4tzlich einfacher, ein idworx mit dem Antrieb ihrer Wahl zu kaufen.<\/p>\n<p>Dieser Schritt bedeutet ausdr\u00fccklich nicht, dass sich unsere Haltung zum Riemenantrieb ge\u00e4ndert h\u00e4tte. Doch in unseren vorangegangenen Stellungnahmen zu diesem Thema (<a href=\"\/?page_id=2867\">hier<\/a>, <a href=\"\/?p=2709\">hier<\/a> und <a href=\"\/?p=1155\">hier<\/a>) ist bereits (fast) alles gesagt, und das meiste davon k\u00f6nnten wir auch heute noch, Jahre sp\u00e4ter, genauso wiederholen.<\/p>\n<p>Wenn Kunden trotzdem ihr idworx mit Gates Carbondrive kaufen wollen, dann l\u00e4sst sich das von nun an deutlich leichter realisieren. Denn unsere Rahmen erf\u00fcllen seit jeher alle f\u00fcr den Carbondrive geltenden Genauigkeits- und Steifigkeitsanforderungen. Und mit dem von idworx ausschlie\u00dflich verwendeten Carbondrive CDX hat Gates auch einige signifikante Verbesserungen gegen\u00fcber der urspr\u00fcnglichen und immer noch angebotenen CDC Version erzielt.<\/p>\n<p>Doch auch in der CDX Version bleibt der Carbondrive ein empfindlicherer Antriebsstrang als unser idworx Kettenantrieb. Wenn Sie mit dem Kauf eines Mountain Bikes mit Riemenantrieb lieb\u00e4ugeln, empfehlen wir Ihnen daher eindringlich, die <a href=\"http:\/\/www.g-boxx.com\/pdf\/Gates-Rohloff-manual-de.pdf\">Bedienungsanleitung zum Carbondrive CDX<\/a> sorgf\u00e4ltig zu lesen. Wenn Sie danach immer noch der Meinung sind, dass der Carbondrive f\u00fcr Ihre Anspr\u00fcche der richtige Antriebsstrang ist, dann sollten Sie Ihren Wunsch in die Tat umsetzen und Ihre eigenen Erfahrungen machen. Sollten diese nicht \u00fcberzeugend ausfallen, l\u00e4sst sich jedes idworx auch wieder auf einen Kettenantrieb umr\u00fcsten.<\/p>\n<p>In diesem Zusammenhang m\u00f6chten wir Sie auf eine Spezialit\u00e4t im Verschlei\u00dfverhalten der Gates Carbondrive Riemen hinweisen. Jetzt, wo viele Gates Carbondrive Zahnriemen das Ende ihrer Lebensdauer erreicht haben, bekommen wir dies h\u00e4ufiger zu sehen, und zwar unabh\u00e4ngig vom Fahrrad, an dem die Zahnriemen montiert waren. Es betrifft CDX ebenso wie CDC Riemen. Am Ende seiner Lebensdauer rei\u00dfen die Z\u00e4hne des Riemens vom Tr\u00e4germaterial ab, eine Weiterfahrt ist dann in der Regel nicht mehr m\u00f6glich. Erst kurz zuvor zeigen sich entsprechende Risse an der \u201eWurzel\u201c der Z\u00e4hne, die parallel zum Riemen verlaufen. Aufgrund der stark schwankenden Einsatzbedingungen erweist es sich als unm\u00f6glich vorherzusagen, bei welcher Laufleistung dieses f\u00fcr den Carbondrive offenbar ganz normale Verhalten am Ende seiner Lebensdauer eintritt. Manchen Fahrern passiert es nach 20.000 km, anderen schon nach weniger als 10.000 km. Und anders als bei Ketten, deren Verschlei\u00df man durch Anwendung einer Verschlei\u00dflehre beurteilen und damit den besten Zeitpunkt f\u00fcr den vorbeugenden Austausch der Kette ermitteln kann, gibt es (noch) kein entsprechendes Kriterium oder Ger\u00e4t, um den Verschlei\u00dfzustand bzw. die Restlebensdauer des Carbondrive Riemens zuverl\u00e4ssig beurteilen zu k\u00f6nnen.<\/p>\n<p>Auch daher empfehlen wir, den Zahnriemen h\u00e4ufig mit einer B\u00fcrste und Wasser zu reinigen. Ein sauberer Riemen verschlei\u00dft nicht nur weniger schnell, er l\u00e4sst auch den Antrieb leiser laufen \u2013 denn auch der Riemenantrieb kann nervende Ger\u00e4usche verursachen, \u00e4hnlich wie eine schlecht geschmierte Kette. Au\u00dferdem f\u00e4llt es auch leichter, die Rissbildung an der Zahnbasis gerade noch rechtzeitig zu erkennen, bevor die Z\u00e4hne abrei\u00dfen.<\/p>\n<h2>Erfahrungen nach vier Jahren mit Gates Carbon Drive<\/h2>\n<p>Nach nun gut vier Jahren Erfahrung mit dem Gates Carbon Drive (Riemenantrieb) k\u00f6nnen wir von einigen kleinen Problemen berichten, die in der Regel leicht zu beheben sind. In manchen F\u00e4llen kann es vorkommen, dass Quietsch- oder Ratter-Ger\u00e4usche entstehen. In der Regel treten diese nach der Einlaufzeit und\/oder bei feuchten oder nasskalten Witterungsbedingungen auf.<\/p>\n<p>Als eine gute L\u00f6sung fu\u0308r diese Ger\u00e4uschproblematik hat sich folgendes bew\u00e4hrt:<\/p>\n<ul>\n<li>Den Antrieb mit handwarmen Wasser mit etwas Geschirrspu\u0308lmittel und einer nicht zu harten Bu\u0308rste gru\u0308ndlich reinigen.<\/li>\n<li>Anschlie\u00dfend die Antriebskomponenten mit einem Siliconspray oder mit Vaseline versehen (Bitte beachten Sie dazu unbedingt die Vorgaben von Gates).<\/li>\n<\/ul>\n<p>Desweiteren haben wir auch einige Erfahrungen gesammelt in Bezug auf die Lebensdauer im Vergleich zu den Komponenten, die wir fu\u0308r die Kettenantriebe unserer idworx-Bikes verwenden. Viele Anwender sehen den gr\u00f6\u00dften Vorteil des Riemenantriebs darin, dass er nicht regelm\u00e4\u00dfig geschmiert werden mu\u0308sse und nicht korrodieren kann. W\u00e4hrend sich der eingebaute Korrosionsschutz des Riementriebs nicht bestreiten l\u00e4sst, stellen wir nach wie vor in Frage, wieviel Wartungszeit bei einem Riemenantrieb tats\u00e4chlich eingespart werden kann, wenn man ihn mit einem gekapselten idworx-Kettenantrieb vergleicht. Denn v\u00f6llig wartungsfrei, siehe oben, ist auch der Riemenantrieb keineswegs.<\/p>\n<p>Generalisierte Aussagen u\u0308ber die Lebensdauer des Riemenantriebs verbieten sich \u00e4hnlich wie beim Kettenantrieb. Die Bedingungen, unter denen das Rad bzw. sein Antrieb eingesetzt werden, sind einfach zu vielf\u00e4ltig (siehe auch <a href=\"\/?page_id=2665\">FAQs\u00a0Kettenverschlei\u00df<\/a>). Es zeichnet sich jedoch ab, dass der Riemenantrieb keine h\u00f6here Lebensdauer erreicht als die fu\u0308r hohe Lebensdauer optimierten Komponenten unseres idworx-Kettenantriebs. Im Gegenteil neigt der Riemenantrieb bei hohen Belastungen (trittstarken Fahrern und\/oder vielen Fahrten mit Gep\u00e4ck bzw. auf bergigem Strecken, st\u00e4rkerer Verschmutzung) zu auff\u00e4llig st\u00e4rkerem Verschlei\u00df als ein sachgem\u00e4\u00df gepflegter idworx-Kettenantrieb.<\/p>\n<p>Als elementar wichtig fu\u0308r sorgenfreies Fahren mit dem Gates Carbon Drive haben sich exakt fluchtend ausgerichtete Riemenscheiben und die stets perfekt eingestellte Riemenspannung erwiesen. Lassen Sie sich im Zweifel von Ihrem H\u00e4ndler zeigen, wie sie diese einstellen.<\/p>\n<p>&nbsp;<\/p>\n<hr \/>\n<p>Gates Carbondrive CDX jetzt auch optional an idworx Mountain Bikes (2015)<\/p>\n<p><a href=\"\/?page_id=2876\">idworx und Riemenantrieb (2014)<\/a><\/p>\n<p><a href=\"\/?page_id=2869\">idworx Trekkingbike-Rahmen sind nun belt-ready (2012)<\/a><\/p>\n<p><a href=\"\/?page_id=2874\">Update zu unserem Statement zum Riemenantrieb (2010)<\/a><\/p>\n<p><a href=\"\/?page_id=2867\">Warum gibt es kein idworx mit Riemenantrieb? (2009)<\/a><\/p>\n","protected":false},"excerpt":{"rendered":"<p>Gates Carbondrive CDX jetzt auch optional an idworx Mountain Bikes Von Oktober 2016 an k\u00f6nnen Sie idworx Mountain Bikes auf Wunsch auch mit einem Gates Carbondrive CDX Riemenantrieb ordern. Wer im Verlauf der letzten Jahre unsere Statements zum Thema Riemenantrieb verfolgt hat, fragt sich jetzt wom\u00f6glich, ob und wenn ja warum wir unseren Widerstand dagegen [&hellip;]<\/p>\n","protected":false},"author":4,"featured_media":0,"parent":0,"menu_order":0,"comment_status":"closed","ping_status":"closed","template":"","meta":{"footnotes":""},"class_list":["post-2693","page","type-page","status-publish","hentry"],"yoast_head":"<!-- This site is optimized with the Yoast SEO plugin v27.6 - https:\/\/yoast.com\/product\/yoast-seo-wordpress\/ -->\n<title>Riemenantrieb - idworx \u2013 Premium Reiser\u00e4der, Trekking Bikes, E-Bikes &amp; Vakantiefietsen<\/title>\n<meta name=\"robots\" content=\"index, follow, max-snippet:-1, max-image-preview:large, max-video-preview:-1\" \/>\n<link rel=\"canonical\" href=\"https:\/\/www.idworx-bikes.de\/de\/riemenantrieb\" \/>\n<meta property=\"og:locale\" content=\"de_DE\" \/>\n<meta property=\"og:type\" content=\"article\" \/>\n<meta property=\"og:title\" content=\"Riemenantrieb - idworx \u2013 Premium Reiser\u00e4der, Trekking Bikes, E-Bikes &amp; Vakantiefietsen\" \/>\n<meta property=\"og:description\" content=\"Gates Carbondrive CDX jetzt auch optional an idworx Mountain Bikes Von Oktober 2016 an k\u00f6nnen Sie idworx Mountain Bikes auf Wunsch auch mit einem Gates Carbondrive CDX Riemenantrieb ordern. Wer im Verlauf der letzten Jahre unsere Statements zum Thema Riemenantrieb verfolgt hat, fragt sich jetzt wom\u00f6glich, ob und wenn ja warum wir unseren Widerstand dagegen [&hellip;]\" \/>\n<meta property=\"og:url\" content=\"https:\/\/www.idworx-bikes.de\/de\/riemenantrieb\" \/>\n<meta property=\"og:site_name\" content=\"idworx \u2013 Premium Reiser\u00e4der, Trekking Bikes, E-Bikes &amp; Vakantiefietsen\" \/>\n<meta property=\"article:publisher\" content=\"https:\/\/www.facebook.com\/Idworx-202013906499907\/\" \/>\n<meta property=\"article:modified_time\" content=\"2018-08-06T06:58:02+00:00\" \/>\n<meta property=\"og:image\" content=\"https:\/\/www.idworx-bikes.de\/wp-content\/uploads\/2015\/12\/idworx-logo_b.png\" \/>\n\t<meta property=\"og:image:width\" content=\"216\" \/>\n\t<meta property=\"og:image:height\" content=\"69\" \/>\n\t<meta property=\"og:image:type\" content=\"image\/png\" \/>\n<meta name=\"twitter:label1\" content=\"Gesch\u00e4tzte Lesezeit\" \/>\n\t<meta name=\"twitter:data1\" content=\"5\u00a0Minuten\" \/>\n<script type=\"application\/ld+json\" class=\"yoast-schema-graph\">{\"@context\":\"https:\\\/\\\/schema.org\",\"@graph\":[{\"@type\":\"WebPage\",\"@id\":\"https:\\\/\\\/www.idworx-bikes.de\\\/de\\\/riemenantrieb\",\"url\":\"https:\\\/\\\/www.idworx-bikes.de\\\/de\\\/riemenantrieb\",\"name\":\"Riemenantrieb - idworx \u2013 Premium Reiser\u00e4der, Trekking Bikes, E-Bikes &amp; Vakantiefietsen\",\"isPartOf\":{\"@id\":\"https:\\\/\\\/www.idworx-bikes.de\\\/#website\"},\"datePublished\":\"2016-11-19T07:56:22+00:00\",\"dateModified\":\"2018-08-06T06:58:02+00:00\",\"breadcrumb\":{\"@id\":\"https:\\\/\\\/www.idworx-bikes.de\\\/de\\\/riemenantrieb#breadcrumb\"},\"inLanguage\":\"de\",\"potentialAction\":[{\"@type\":\"ReadAction\",\"target\":[\"https:\\\/\\\/www.idworx-bikes.de\\\/de\\\/riemenantrieb\"]}]},{\"@type\":\"BreadcrumbList\",\"@id\":\"https:\\\/\\\/www.idworx-bikes.de\\\/de\\\/riemenantrieb#breadcrumb\",\"itemListElement\":[{\"@type\":\"ListItem\",\"position\":1,\"name\":\"Home\",\"item\":\"https:\\\/\\\/www.idworx-bikes.de\\\/de\"},{\"@type\":\"ListItem\",\"position\":2,\"name\":\"Riemenantrieb\"}]},{\"@type\":\"WebSite\",\"@id\":\"https:\\\/\\\/www.idworx-bikes.de\\\/#website\",\"url\":\"https:\\\/\\\/www.idworx-bikes.de\\\/\",\"name\":\"idworx \u2013 Premium Reiser\u00e4der, Trekking Bikes, E-Bikes &amp; Vakantiefietsen\",\"description\":\"It works! Handgefertigte Bikes f\u00fcr h\u00f6chste Anspr\u00fcche\",\"publisher\":{\"@id\":\"https:\\\/\\\/www.idworx-bikes.de\\\/#organization\"},\"potentialAction\":[{\"@type\":\"SearchAction\",\"target\":{\"@type\":\"EntryPoint\",\"urlTemplate\":\"https:\\\/\\\/www.idworx-bikes.de\\\/?s={search_term_string}\"},\"query-input\":{\"@type\":\"PropertyValueSpecification\",\"valueRequired\":true,\"valueName\":\"search_term_string\"}}],\"inLanguage\":\"de\"},{\"@type\":\"Organization\",\"@id\":\"https:\\\/\\\/www.idworx-bikes.de\\\/#organization\",\"name\":\"idworx\",\"url\":\"https:\\\/\\\/www.idworx-bikes.de\\\/\",\"logo\":{\"@type\":\"ImageObject\",\"inLanguage\":\"de\",\"@id\":\"https:\\\/\\\/www.idworx-bikes.de\\\/#\\\/schema\\\/logo\\\/image\\\/\",\"url\":\"https:\\\/\\\/www.idworx-bikes.de\\\/wp-content\\\/uploads\\\/2015\\\/12\\\/idworx-logo_b.png\",\"contentUrl\":\"https:\\\/\\\/www.idworx-bikes.de\\\/wp-content\\\/uploads\\\/2015\\\/12\\\/idworx-logo_b.png\",\"width\":216,\"height\":69,\"caption\":\"idworx\"},\"image\":{\"@id\":\"https:\\\/\\\/www.idworx-bikes.de\\\/#\\\/schema\\\/logo\\\/image\\\/\"},\"sameAs\":[\"https:\\\/\\\/www.facebook.com\\\/Idworx-202013906499907\\\/\"]}]}<\/script>\n<!-- \/ Yoast SEO plugin. -->","yoast_head_json":{"title":"Riemenantrieb - idworx \u2013 Premium Reiser\u00e4der, Trekking Bikes, E-Bikes &amp; Vakantiefietsen","robots":{"index":"index","follow":"follow","max-snippet":"max-snippet:-1","max-image-preview":"max-image-preview:large","max-video-preview":"max-video-preview:-1"},"canonical":"https:\/\/www.idworx-bikes.de\/de\/riemenantrieb","og_locale":"de_DE","og_type":"article","og_title":"Riemenantrieb - idworx \u2013 Premium Reiser\u00e4der, Trekking Bikes, E-Bikes &amp; Vakantiefietsen","og_description":"Gates Carbondrive CDX jetzt auch optional an idworx Mountain Bikes Von Oktober 2016 an k\u00f6nnen Sie idworx Mountain Bikes auf Wunsch auch mit einem Gates Carbondrive CDX Riemenantrieb ordern. Wer im Verlauf der letzten Jahre unsere Statements zum Thema Riemenantrieb verfolgt hat, fragt sich jetzt wom\u00f6glich, ob und wenn ja warum wir unseren Widerstand dagegen [&hellip;]","og_url":"https:\/\/www.idworx-bikes.de\/de\/riemenantrieb","og_site_name":"idworx \u2013 Premium Reiser\u00e4der, Trekking Bikes, E-Bikes &amp; Vakantiefietsen","article_publisher":"https:\/\/www.facebook.com\/Idworx-202013906499907\/","article_modified_time":"2018-08-06T06:58:02+00:00","og_image":[{"width":216,"height":69,"url":"https:\/\/www.idworx-bikes.de\/wp-content\/uploads\/2015\/12\/idworx-logo_b.png","type":"image\/png"}],"twitter_misc":{"Gesch\u00e4tzte Lesezeit":"5\u00a0Minuten"},"schema":{"@context":"https:\/\/schema.org","@graph":[{"@type":"WebPage","@id":"https:\/\/www.idworx-bikes.de\/de\/riemenantrieb","url":"https:\/\/www.idworx-bikes.de\/de\/riemenantrieb","name":"Riemenantrieb - idworx \u2013 Premium Reiser\u00e4der, Trekking Bikes, E-Bikes &amp; Vakantiefietsen","isPartOf":{"@id":"https:\/\/www.idworx-bikes.de\/#website"},"datePublished":"2016-11-19T07:56:22+00:00","dateModified":"2018-08-06T06:58:02+00:00","breadcrumb":{"@id":"https:\/\/www.idworx-bikes.de\/de\/riemenantrieb#breadcrumb"},"inLanguage":"de","potentialAction":[{"@type":"ReadAction","target":["https:\/\/www.idworx-bikes.de\/de\/riemenantrieb"]}]},{"@type":"BreadcrumbList","@id":"https:\/\/www.idworx-bikes.de\/de\/riemenantrieb#breadcrumb","itemListElement":[{"@type":"ListItem","position":1,"name":"Home","item":"https:\/\/www.idworx-bikes.de\/de"},{"@type":"ListItem","position":2,"name":"Riemenantrieb"}]},{"@type":"WebSite","@id":"https:\/\/www.idworx-bikes.de\/#website","url":"https:\/\/www.idworx-bikes.de\/","name":"idworx \u2013 Premium Reiser\u00e4der, Trekking Bikes, E-Bikes &amp; Vakantiefietsen","description":"It works! Handgefertigte Bikes f\u00fcr h\u00f6chste Anspr\u00fcche","publisher":{"@id":"https:\/\/www.idworx-bikes.de\/#organization"},"potentialAction":[{"@type":"SearchAction","target":{"@type":"EntryPoint","urlTemplate":"https:\/\/www.idworx-bikes.de\/?s={search_term_string}"},"query-input":{"@type":"PropertyValueSpecification","valueRequired":true,"valueName":"search_term_string"}}],"inLanguage":"de"},{"@type":"Organization","@id":"https:\/\/www.idworx-bikes.de\/#organization","name":"idworx","url":"https:\/\/www.idworx-bikes.de\/","logo":{"@type":"ImageObject","inLanguage":"de","@id":"https:\/\/www.idworx-bikes.de\/#\/schema\/logo\/image\/","url":"https:\/\/www.idworx-bikes.de\/wp-content\/uploads\/2015\/12\/idworx-logo_b.png","contentUrl":"https:\/\/www.idworx-bikes.de\/wp-content\/uploads\/2015\/12\/idworx-logo_b.png","width":216,"height":69,"caption":"idworx"},"image":{"@id":"https:\/\/www.idworx-bikes.de\/#\/schema\/logo\/image\/"},"sameAs":["https:\/\/www.facebook.com\/Idworx-202013906499907\/"]}]}},"_links":{"self":[{"href":"https:\/\/www.idworx-bikes.de\/de\/wp-json\/wp\/v2\/pages\/2693","targetHints":{"allow":["GET"]}}],"collection":[{"href":"https:\/\/www.idworx-bikes.de\/de\/wp-json\/wp\/v2\/pages"}],"about":[{"href":"https:\/\/www.idworx-bikes.de\/de\/wp-json\/wp\/v2\/types\/page"}],"author":[{"embeddable":true,"href":"https:\/\/www.idworx-bikes.de\/de\/wp-json\/wp\/v2\/users\/4"}],"replies":[{"embeddable":true,"href":"https:\/\/www.idworx-bikes.de\/de\/wp-json\/wp\/v2\/comments?post=2693"}],"version-history":[{"count":12,"href":"https:\/\/www.idworx-bikes.de\/de\/wp-json\/wp\/v2\/pages\/2693\/revisions"}],"predecessor-version":[{"id":6049,"href":"https:\/\/www.idworx-bikes.de\/de\/wp-json\/wp\/v2\/pages\/2693\/revisions\/6049"}],"wp:attachment":[{"href":"https:\/\/www.idworx-bikes.de\/de\/wp-json\/wp\/v2\/media?parent=2693"}],"curies":[{"name":"wp","href":"https:\/\/api.w.org\/{rel}","templated":true}]}}