{"id":2761,"date":"2016-11-19T16:52:33","date_gmt":"2016-11-19T15:52:33","guid":{"rendered":"https:\/\/www.idworx-bikes.de\/de\/?page_id=2761"},"modified":"2024-05-17T11:52:48","modified_gmt":"2024-05-17T09:52:48","slug":"drop-by-fridays","status":"publish","type":"page","link":"https:\/\/www.idworx-bikes.de\/de\/drop-by-fridays","title":{"rendered":"Drop-by Fridays"},"content":{"rendered":"<p><img loading=\"lazy\" decoding=\"async\" class=\"size-full wp-image-2742 alignright\" style=\"margin-top: 35px;\" src=\"https:\/\/www.idworx-bikes.de\/wp-content\/uploads\/2016\/11\/bikebasics-wachtberg.jpg\" alt=\"bikebasics-wachtberg\" width=\"550\" height=\"361\" srcset=\"https:\/\/www.idworx-bikes.de\/wp-content\/uploads\/2016\/11\/bikebasics-wachtberg.jpg 550w, https:\/\/www.idworx-bikes.de\/wp-content\/uploads\/2016\/11\/bikebasics-wachtberg-324x213.jpg 324w, https:\/\/www.idworx-bikes.de\/wp-content\/uploads\/2016\/11\/bikebasics-wachtberg-416x273.jpg 416w, https:\/\/www.idworx-bikes.de\/wp-content\/uploads\/2016\/11\/bikebasics-wachtberg-300x197.jpg 300w\" sizes=\"auto, (max-width: 550px) 100vw, 550px\" \/><\/p>\n<p>Jeden Freitag sind Sie in unserer ,Fahrradmanufaktur\u2018 in Wachtberg herzlich willkommen. Nach einer F\u00fchrung durch die hochmodernen Bereiche der Produktion und dem Laufradbau k\u00f6nnen Sie eines unserer vielen Testr\u00e4der in der wunderbaren Umgebung ausprobieren.<\/p>\n<p>Wenn Sie uns besuchen m\u00f6chten, f\u00fcllen Sie bitte das untenstehende Formular aus. <\/p>\n<p>Wir freuen uns auf Ihren Besuch!<\/p>\n\n<div class=\"wpcf7 no-js\" id=\"wpcf7-f2760-o1\" lang=\"en-US\" dir=\"ltr\" data-wpcf7-id=\"2760\">\n<div class=\"screen-reader-response\"><p role=\"status\" aria-live=\"polite\" aria-atomic=\"true\"><\/p> <ul><\/ul><\/div>\n<form action=\"\/de\/wp-json\/wp\/v2\/pages\/2761#wpcf7-f2760-o1\" method=\"post\" class=\"wpcf7-form init\" aria-label=\"Contact form\" novalidate=\"novalidate\" data-status=\"init\">\n<fieldset class=\"hidden-fields-container\"><input type=\"hidden\" name=\"_wpcf7\" value=\"2760\" \/><input type=\"hidden\" name=\"_wpcf7_version\" value=\"6.1.5\" \/><input type=\"hidden\" name=\"_wpcf7_locale\" value=\"en_US\" \/><input type=\"hidden\" name=\"_wpcf7_unit_tag\" value=\"wpcf7-f2760-o1\" \/><input type=\"hidden\" name=\"_wpcf7_container_post\" value=\"0\" \/><input type=\"hidden\" name=\"_wpcf7_posted_data_hash\" value=\"\" \/>\n<\/fieldset>\n<p><label> Name (erforderlich)<br \/>\n<span class=\"wpcf7-form-control-wrap\" data-name=\"your-name\"><input size=\"40\" maxlength=\"400\" class=\"wpcf7-form-control wpcf7-text wpcf7-validates-as-required\" aria-required=\"true\" aria-invalid=\"false\" value=\"\" type=\"text\" name=\"your-name\" \/><\/span> <\/label>\n<\/p>\n<p><label> Telefon<br \/>\n<span class=\"wpcf7-form-control-wrap\" data-name=\"telephone\"><input size=\"40\" maxlength=\"400\" class=\"wpcf7-form-control wpcf7-tel wpcf7-text wpcf7-validates-as-tel\" aria-invalid=\"false\" value=\"\" type=\"tel\" name=\"telephone\" \/><\/span> <\/label>\n<\/p>\n<p><label> E-mail (erforderlich)<br \/>\n<span class=\"wpcf7-form-control-wrap\" data-name=\"email\"><input size=\"40\" maxlength=\"400\" class=\"wpcf7-form-control wpcf7-email wpcf7-validates-as-required wpcf7-text wpcf7-validates-as-email\" aria-required=\"true\" aria-invalid=\"false\" value=\"\" type=\"email\" name=\"email\" \/><\/span> <\/label>\n<\/p>\n<p><label> Gew\u00fcnschter Freitag<br \/>\n<span class=\"wpcf7-form-control-wrap\" data-name=\"friday\"><input size=\"40\" maxlength=\"400\" class=\"wpcf7-form-control wpcf7-text\" aria-invalid=\"false\" value=\"\" type=\"text\" name=\"friday\" \/><\/span> <\/label>\n<\/p>\n<p><label> idworx-H\u00e4ndler<br \/>\n<span class=\"wpcf7-form-control-wrap\" data-name=\"dealer\"><input size=\"40\" maxlength=\"400\" class=\"wpcf7-form-control wpcf7-text\" aria-invalid=\"false\" value=\"\" type=\"text\" name=\"dealer\" \/><\/span> <\/label>\n<\/p>\n<p><label> Gew\u00fcnschtes Bike<br \/>\n<span class=\"wpcf7-form-control-wrap\" data-name=\"bike\"><input size=\"40\" maxlength=\"400\" class=\"wpcf7-form-control wpcf7-text\" aria-invalid=\"false\" value=\"\" type=\"text\" name=\"bike\" \/><\/span> <\/label>\n<\/p>\n<p><label> No-Robots-Quiz: Tippen Sie den Namen unserer Marke<br \/>\n<span class=\"wpcf7-form-control-wrap\" data-name=\"capital-quiz\"><label><span class=\"wpcf7-quiz-label\"><\/span> <input size=\"40\" class=\"wpcf7-form-control wpcf7-quiz\" autocomplete=\"off\" aria-required=\"true\" aria-invalid=\"false\" type=\"text\" name=\"capital-quiz\" \/><\/label><input type=\"hidden\" name=\"_wpcf7_quiz_answer_capital-quiz\" value=\"139516fcfdd1547d6b1e2b11d2aea181\" \/><\/span> <\/label>\n<\/p>\n<p><input class=\"wpcf7-form-control wpcf7-submit has-spinner\" type=\"submit\" value=\"Senden\" \/>\n<\/p><div class=\"wpcf7-response-output\" aria-hidden=\"true\"><\/div>\n<\/form>\n<\/div>\n\n<figure id=\"attachment_6990\" aria-describedby=\"caption-attachment-6990\" style=\"width: 3975px\" class=\"wp-caption alignleft\"><img loading=\"lazy\" decoding=\"async\" class=\"size-full wp-image-6990\" src=\"https:\/\/www.idworx-bikes.de\/wp-content\/uploads\/2019\/03\/K32_8371.jpg\" alt=\"\" width=\"3975\" height=\"1348\" srcset=\"https:\/\/www.idworx-bikes.de\/wp-content\/uploads\/2019\/03\/K32_8371.jpg 3975w, https:\/\/www.idworx-bikes.de\/wp-content\/uploads\/2019\/03\/K32_8371-300x102.jpg 300w, https:\/\/www.idworx-bikes.de\/wp-content\/uploads\/2019\/03\/K32_8371-768x260.jpg 768w, https:\/\/www.idworx-bikes.de\/wp-content\/uploads\/2019\/03\/K32_8371-1024x347.jpg 1024w, https:\/\/www.idworx-bikes.de\/wp-content\/uploads\/2019\/03\/K32_8371-324x110.jpg 324w, https:\/\/www.idworx-bikes.de\/wp-content\/uploads\/2019\/03\/K32_8371-416x141.jpg 416w\" sizes=\"auto, (max-width: 3975px) 100vw, 3975px\" \/><figcaption id=\"caption-attachment-6990\" class=\"wp-caption-text\">Foto: J\u00f6rg Knorr<\/figcaption><\/figure>\n","protected":false},"excerpt":{"rendered":"<p>Jeden Freitag sind Sie in unserer ,Fahrradmanufaktur\u2018 in Wachtberg herzlich willkommen. Nach einer F\u00fchrung durch die hochmodernen Bereiche der Produktion und dem Laufradbau k\u00f6nnen Sie eines unserer vielen Testr\u00e4der in der wunderbaren Umgebung ausprobieren. Wenn Sie uns besuchen m\u00f6chten, f\u00fcllen Sie bitte das untenstehende Formular aus. Wir freuen uns auf Ihren Besuch!<\/p>\n","protected":false},"author":4,"featured_media":0,"parent":0,"menu_order":0,"comment_status":"closed","ping_status":"closed","template":"","meta":{"footnotes":""},"class_list":["post-2761","page","type-page","status-publish","hentry"],"yoast_head":"<!-- This site is optimized with the Yoast SEO plugin v27.4 - https:\/\/yoast.com\/product\/yoast-seo-wordpress\/ -->\n<title>Drop-by Fridays - idworx \u2013 Premium Reiser\u00e4der, Trekking Bikes, E-Bikes &amp; Vakantiefietsen<\/title>\n<meta name=\"robots\" content=\"index, follow, max-snippet:-1, max-image-preview:large, max-video-preview:-1\" \/>\n<link rel=\"canonical\" href=\"https:\/\/www.idworx-bikes.de\/de\/drop-by-fridays\" \/>\n<meta property=\"og:locale\" content=\"de_DE\" \/>\n<meta property=\"og:type\" content=\"article\" \/>\n<meta property=\"og:title\" content=\"Drop-by Fridays - idworx \u2013 Premium Reiser\u00e4der, Trekking Bikes, E-Bikes &amp; Vakantiefietsen\" \/>\n<meta property=\"og:description\" content=\"Jeden Freitag sind Sie in unserer ,Fahrradmanufaktur\u2018 in Wachtberg herzlich willkommen. Nach einer F\u00fchrung durch die hochmodernen Bereiche der Produktion und dem Laufradbau k\u00f6nnen Sie eines unserer vielen Testr\u00e4der in der wunderbaren Umgebung ausprobieren. Wenn Sie uns besuchen m\u00f6chten, f\u00fcllen Sie bitte das untenstehende Formular aus. Wir freuen uns auf Ihren Besuch!\" \/>\n<meta property=\"og:url\" content=\"https:\/\/www.idworx-bikes.de\/de\/drop-by-fridays\" \/>\n<meta property=\"og:site_name\" content=\"idworx \u2013 Premium Reiser\u00e4der, Trekking Bikes, E-Bikes &amp; Vakantiefietsen\" \/>\n<meta property=\"article:publisher\" content=\"https:\/\/www.facebook.com\/Idworx-202013906499907\/\" \/>\n<meta property=\"article:modified_time\" content=\"2024-05-17T09:52:48+00:00\" \/>\n<meta property=\"og:image\" content=\"https:\/\/www.idworx-bikes.de\/wp-content\/uploads\/2016\/11\/bikebasics-wachtberg.jpg\" \/>\n<script type=\"application\/ld+json\" class=\"yoast-schema-graph\">{\"@context\":\"https:\\\/\\\/schema.org\",\"@graph\":[{\"@type\":\"WebPage\",\"@id\":\"https:\\\/\\\/www.idworx-bikes.de\\\/de\\\/drop-by-fridays\",\"url\":\"https:\\\/\\\/www.idworx-bikes.de\\\/de\\\/drop-by-fridays\",\"name\":\"Drop-by Fridays - idworx \u2013 Premium Reiser\u00e4der, Trekking Bikes, E-Bikes &amp; Vakantiefietsen\",\"isPartOf\":{\"@id\":\"https:\\\/\\\/www.idworx-bikes.de\\\/#website\"},\"primaryImageOfPage\":{\"@id\":\"https:\\\/\\\/www.idworx-bikes.de\\\/de\\\/drop-by-fridays#primaryimage\"},\"image\":{\"@id\":\"https:\\\/\\\/www.idworx-bikes.de\\\/de\\\/drop-by-fridays#primaryimage\"},\"thumbnailUrl\":\"https:\\\/\\\/www.idworx-bikes.de\\\/wp-content\\\/uploads\\\/2016\\\/11\\\/bikebasics-wachtberg.jpg\",\"datePublished\":\"2016-11-19T15:52:33+00:00\",\"dateModified\":\"2024-05-17T09:52:48+00:00\",\"breadcrumb\":{\"@id\":\"https:\\\/\\\/www.idworx-bikes.de\\\/de\\\/drop-by-fridays#breadcrumb\"},\"inLanguage\":\"de\",\"potentialAction\":[{\"@type\":\"ReadAction\",\"target\":[\"https:\\\/\\\/www.idworx-bikes.de\\\/de\\\/drop-by-fridays\"]}]},{\"@type\":\"ImageObject\",\"inLanguage\":\"de\",\"@id\":\"https:\\\/\\\/www.idworx-bikes.de\\\/de\\\/drop-by-fridays#primaryimage\",\"url\":\"https:\\\/\\\/www.idworx-bikes.de\\\/wp-content\\\/uploads\\\/2016\\\/11\\\/bikebasics-wachtberg.jpg\",\"contentUrl\":\"https:\\\/\\\/www.idworx-bikes.de\\\/wp-content\\\/uploads\\\/2016\\\/11\\\/bikebasics-wachtberg.jpg\"},{\"@type\":\"BreadcrumbList\",\"@id\":\"https:\\\/\\\/www.idworx-bikes.de\\\/de\\\/drop-by-fridays#breadcrumb\",\"itemListElement\":[{\"@type\":\"ListItem\",\"position\":1,\"name\":\"Home\",\"item\":\"https:\\\/\\\/www.idworx-bikes.de\\\/de\"},{\"@type\":\"ListItem\",\"position\":2,\"name\":\"Drop-by Fridays\"}]},{\"@type\":\"WebSite\",\"@id\":\"https:\\\/\\\/www.idworx-bikes.de\\\/#website\",\"url\":\"https:\\\/\\\/www.idworx-bikes.de\\\/\",\"name\":\"idworx \u2013 Premium Reiser\u00e4der, Trekking Bikes, E-Bikes &amp; Vakantiefietsen\",\"description\":\"It works! Handgefertigte Bikes f\u00fcr h\u00f6chste Anspr\u00fcche\",\"publisher\":{\"@id\":\"https:\\\/\\\/www.idworx-bikes.de\\\/#organization\"},\"potentialAction\":[{\"@type\":\"SearchAction\",\"target\":{\"@type\":\"EntryPoint\",\"urlTemplate\":\"https:\\\/\\\/www.idworx-bikes.de\\\/?s={search_term_string}\"},\"query-input\":{\"@type\":\"PropertyValueSpecification\",\"valueRequired\":true,\"valueName\":\"search_term_string\"}}],\"inLanguage\":\"de\"},{\"@type\":\"Organization\",\"@id\":\"https:\\\/\\\/www.idworx-bikes.de\\\/#organization\",\"name\":\"idworx\",\"url\":\"https:\\\/\\\/www.idworx-bikes.de\\\/\",\"logo\":{\"@type\":\"ImageObject\",\"inLanguage\":\"de\",\"@id\":\"https:\\\/\\\/www.idworx-bikes.de\\\/#\\\/schema\\\/logo\\\/image\\\/\",\"url\":\"https:\\\/\\\/www.idworx-bikes.de\\\/wp-content\\\/uploads\\\/2015\\\/12\\\/idworx-logo_b.png\",\"contentUrl\":\"https:\\\/\\\/www.idworx-bikes.de\\\/wp-content\\\/uploads\\\/2015\\\/12\\\/idworx-logo_b.png\",\"width\":216,\"height\":69,\"caption\":\"idworx\"},\"image\":{\"@id\":\"https:\\\/\\\/www.idworx-bikes.de\\\/#\\\/schema\\\/logo\\\/image\\\/\"},\"sameAs\":[\"https:\\\/\\\/www.facebook.com\\\/Idworx-202013906499907\\\/\"]}]}<\/script>\n<!-- \/ Yoast SEO plugin. -->","yoast_head_json":{"title":"Drop-by Fridays - idworx \u2013 Premium Reiser\u00e4der, Trekking Bikes, E-Bikes &amp; Vakantiefietsen","robots":{"index":"index","follow":"follow","max-snippet":"max-snippet:-1","max-image-preview":"max-image-preview:large","max-video-preview":"max-video-preview:-1"},"canonical":"https:\/\/www.idworx-bikes.de\/de\/drop-by-fridays","og_locale":"de_DE","og_type":"article","og_title":"Drop-by Fridays - idworx \u2013 Premium Reiser\u00e4der, Trekking Bikes, E-Bikes &amp; Vakantiefietsen","og_description":"Jeden Freitag sind Sie in unserer ,Fahrradmanufaktur\u2018 in Wachtberg herzlich willkommen. Nach einer F\u00fchrung durch die hochmodernen Bereiche der Produktion und dem Laufradbau k\u00f6nnen Sie eines unserer vielen Testr\u00e4der in der wunderbaren Umgebung ausprobieren. Wenn Sie uns besuchen m\u00f6chten, f\u00fcllen Sie bitte das untenstehende Formular aus. Wir freuen uns auf Ihren Besuch!","og_url":"https:\/\/www.idworx-bikes.de\/de\/drop-by-fridays","og_site_name":"idworx \u2013 Premium Reiser\u00e4der, Trekking Bikes, E-Bikes &amp; Vakantiefietsen","article_publisher":"https:\/\/www.facebook.com\/Idworx-202013906499907\/","article_modified_time":"2024-05-17T09:52:48+00:00","og_image":[{"url":"https:\/\/www.idworx-bikes.de\/wp-content\/uploads\/2016\/11\/bikebasics-wachtberg.jpg","type":"","width":"","height":""}],"schema":{"@context":"https:\/\/schema.org","@graph":[{"@type":"WebPage","@id":"https:\/\/www.idworx-bikes.de\/de\/drop-by-fridays","url":"https:\/\/www.idworx-bikes.de\/de\/drop-by-fridays","name":"Drop-by Fridays - idworx \u2013 Premium Reiser\u00e4der, Trekking Bikes, E-Bikes &amp; Vakantiefietsen","isPartOf":{"@id":"https:\/\/www.idworx-bikes.de\/#website"},"primaryImageOfPage":{"@id":"https:\/\/www.idworx-bikes.de\/de\/drop-by-fridays#primaryimage"},"image":{"@id":"https:\/\/www.idworx-bikes.de\/de\/drop-by-fridays#primaryimage"},"thumbnailUrl":"https:\/\/www.idworx-bikes.de\/wp-content\/uploads\/2016\/11\/bikebasics-wachtberg.jpg","datePublished":"2016-11-19T15:52:33+00:00","dateModified":"2024-05-17T09:52:48+00:00","breadcrumb":{"@id":"https:\/\/www.idworx-bikes.de\/de\/drop-by-fridays#breadcrumb"},"inLanguage":"de","potentialAction":[{"@type":"ReadAction","target":["https:\/\/www.idworx-bikes.de\/de\/drop-by-fridays"]}]},{"@type":"ImageObject","inLanguage":"de","@id":"https:\/\/www.idworx-bikes.de\/de\/drop-by-fridays#primaryimage","url":"https:\/\/www.idworx-bikes.de\/wp-content\/uploads\/2016\/11\/bikebasics-wachtberg.jpg","contentUrl":"https:\/\/www.idworx-bikes.de\/wp-content\/uploads\/2016\/11\/bikebasics-wachtberg.jpg"},{"@type":"BreadcrumbList","@id":"https:\/\/www.idworx-bikes.de\/de\/drop-by-fridays#breadcrumb","itemListElement":[{"@type":"ListItem","position":1,"name":"Home","item":"https:\/\/www.idworx-bikes.de\/de"},{"@type":"ListItem","position":2,"name":"Drop-by Fridays"}]},{"@type":"WebSite","@id":"https:\/\/www.idworx-bikes.de\/#website","url":"https:\/\/www.idworx-bikes.de\/","name":"idworx \u2013 Premium Reiser\u00e4der, Trekking Bikes, E-Bikes &amp; Vakantiefietsen","description":"It works! Handgefertigte Bikes f\u00fcr h\u00f6chste Anspr\u00fcche","publisher":{"@id":"https:\/\/www.idworx-bikes.de\/#organization"},"potentialAction":[{"@type":"SearchAction","target":{"@type":"EntryPoint","urlTemplate":"https:\/\/www.idworx-bikes.de\/?s={search_term_string}"},"query-input":{"@type":"PropertyValueSpecification","valueRequired":true,"valueName":"search_term_string"}}],"inLanguage":"de"},{"@type":"Organization","@id":"https:\/\/www.idworx-bikes.de\/#organization","name":"idworx","url":"https:\/\/www.idworx-bikes.de\/","logo":{"@type":"ImageObject","inLanguage":"de","@id":"https:\/\/www.idworx-bikes.de\/#\/schema\/logo\/image\/","url":"https:\/\/www.idworx-bikes.de\/wp-content\/uploads\/2015\/12\/idworx-logo_b.png","contentUrl":"https:\/\/www.idworx-bikes.de\/wp-content\/uploads\/2015\/12\/idworx-logo_b.png","width":216,"height":69,"caption":"idworx"},"image":{"@id":"https:\/\/www.idworx-bikes.de\/#\/schema\/logo\/image\/"},"sameAs":["https:\/\/www.facebook.com\/Idworx-202013906499907\/"]}]}},"_links":{"self":[{"href":"https:\/\/www.idworx-bikes.de\/de\/wp-json\/wp\/v2\/pages\/2761","targetHints":{"allow":["GET"]}}],"collection":[{"href":"https:\/\/www.idworx-bikes.de\/de\/wp-json\/wp\/v2\/pages"}],"about":[{"href":"https:\/\/www.idworx-bikes.de\/de\/wp-json\/wp\/v2\/types\/page"}],"author":[{"embeddable":true,"href":"https:\/\/www.idworx-bikes.de\/de\/wp-json\/wp\/v2\/users\/4"}],"replies":[{"embeddable":true,"href":"https:\/\/www.idworx-bikes.de\/de\/wp-json\/wp\/v2\/comments?post=2761"}],"version-history":[{"count":16,"href":"https:\/\/www.idworx-bikes.de\/de\/wp-json\/wp\/v2\/pages\/2761\/revisions"}],"predecessor-version":[{"id":12794,"href":"https:\/\/www.idworx-bikes.de\/de\/wp-json\/wp\/v2\/pages\/2761\/revisions\/12794"}],"wp:attachment":[{"href":"https:\/\/www.idworx-bikes.de\/de\/wp-json\/wp\/v2\/media?parent=2761"}],"curies":[{"name":"wp","href":"https:\/\/api.w.org\/{rel}","templated":true}]}}