{"id":2791,"date":"2016-11-21T11:41:20","date_gmt":"2016-11-21T10:41:20","guid":{"rendered":"https:\/\/www.idworx-bikes.de\/de\/?page_id=2791"},"modified":"2025-09-16T11:38:00","modified_gmt":"2025-09-16T09:38:00","slug":"idworx-parts","status":"publish","type":"page","link":"https:\/\/www.idworx-bikes.de\/de\/idworx-parts","title":{"rendered":"idworx Parts"},"content":{"rendered":"<p>idworx entwickelt zusammen mit seinen Zulieferern exklusive Teile, die nur an idworx-Fahrr\u00e4dern montiert werden. Zu diesen speziellen Teilen geh\u00f6ren zum Beispiel: das langlebige idworx Long-Life-Kettenblatt oder der idworx Kettenkasten f\u00fcr die 28&#8243; Rohloff Trekking Serie. \u00c4ltere idworx Modelle k\u00f6nnen mit diesen Teilen aufger\u00fcstet werden.<\/p>\n<p>Sie erhalten diese Teile bei Ihrem <a href=\"\/?page_id=2393\">idworx-H\u00e4ndler<\/a> oder online in unserem Webshop unter <a href=\"http:\/\/www.speedbasics.eu\/\" target=\"_blank\" rel=\"noopener noreferrer\">idworx Bike Parts Onlineshop<\/a><\/p>\n<p>\u00dcbrigens: Einige Teile passen auch an Fahrr\u00e4der von anderen Herstellern.<\/p>\n<table id=\"productList\" border=\"0\" cellspacing=\"5\" cellpadding=\"5\">\n<tbody>\n<tr>\n<td valign=\"top\" width=\"120\"><a class=\"foobox\" href=\"https:\/\/www.idworx-bikes.de\/wp-content\/uploads\/2016\/02\/brace.jpg\"><img loading=\"lazy\" decoding=\"async\" class=\"alignleft wp-image-380 size-thumbnail\" src=\"https:\/\/www.idworx-bikes.de\/wp-content\/uploads\/2016\/02\/brace-250x250.jpg\" alt=\"\" width=\"250\" height=\"250\" srcset=\"https:\/\/www.idworx-bikes.de\/wp-content\/uploads\/2016\/02\/brace-250x250.jpg 250w, https:\/\/www.idworx-bikes.de\/wp-content\/uploads\/2016\/02\/brace-100x100.jpg 100w\" sizes=\"auto, (max-width: 250px) 100vw, 250px\" \/><\/a><\/td>\n<td valign=\"top\">\n<h2>idworx DaBrace<\/h2>\n<p>Aus Aluminium gefr\u00e4ste Verbindung zwischen den beiden Befestigungsstreben des Gep\u00e4cktr\u00e4gers. Sie versteift die Anbindung des Gep\u00e4cktr\u00e4gers an den Rahmen und verhindert auch bei hoher Zuladung Schwingungsbewegungen, die zu einem instabilen Fahrverhalten f\u00fchren k\u00f6nnen.<\/p>\n<p><a href=\"https:\/\/www.idworx-bikes.de\/wp-content\/uploads\/2017\/01\/Anbaubedingungen_Brace_S_L.pdf\">Bracegr\u00f6\u00dfen (PDF)<\/a><\/p>\n<p><strong>\u20ac 95<\/strong><\/td>\n<td class=\"price\"><\/td>\n<\/tr>\n<tr>\n<td valign=\"top\"><a class=\"foobox\" href=\"https:\/\/www.idworx-bikes.de\/wp-content\/uploads\/2016\/02\/ebb.jpg\"><img loading=\"lazy\" decoding=\"async\" class=\"alignleft wp-image-395 size-thumbnail\" src=\"https:\/\/www.idworx-bikes.de\/wp-content\/uploads\/2016\/02\/ebb-250x250.jpg\" alt=\"\" width=\"250\" height=\"250\" srcset=\"https:\/\/www.idworx-bikes.de\/wp-content\/uploads\/2016\/02\/ebb-250x250.jpg 250w, https:\/\/www.idworx-bikes.de\/wp-content\/uploads\/2016\/02\/ebb-100x100.jpg 100w\" sizes=\"auto, (max-width: 250px) 100vw, 250px\" \/><\/a><\/td>\n<td valign=\"top\">\n<h2>idworx EBB Long Life II<\/h2>\n<p>Tretlagerexzenter mit integrierten, rostfreien Kugellagern. Das einzige Innenlager am Markt mit wirklich belastungsgerecht dimensionierten Lagern f\u00fcr extrem lange Lebensdauer und optimalen Leichtlauf auch bei allerh\u00f6chster Belastung.<\/p>\n<ol>\n<li>EBB-LL-KK II &#8211; mit der Montagem\u00f6glichkeit des idworx Hesling Kettenkasten<\/li>\n<\/ol>\n<section class=\"ac-container\"><label for=\"q1\">Einbauvoraussetzungen f\u00fcr ein idworx EBB-LL II\/EBB-LL-KK II<\/label><\/p>\n<article class=\"ac-tall\">Kompatible idworx-Modelle: alle Modelle mit Exzenter zum Einstellen des KettenspielsVorraussetzung: Kurbel mit GXP-Tretlagerstandard<br \/>\n<strong>Hinweis:<\/strong><\/p>\n<ul>\n<li style=\"list-style-type: none;\">\n<ul>\n<li>Bei Verwendung des idworx Hesling Kettenkasten bitte dessen Einbauvoraussetzungen beachten.<\/li>\n<li>idworx EBB-LL II ist kompatibel mit einem Gates Carbon Drive Riemenantrieb.<\/li>\n<\/ul>\n<\/li>\n<\/ul>\n<\/article>\n<\/section>\n<p><strong>\u20ac 195<\/strong><\/td>\n<\/tr>\n<tr>\n<td valign=\"top\"><a class=\"foobox\" href=\"https:\/\/www.idworx-bikes.de\/wp-content\/uploads\/2016\/02\/kk.jpg\"><img loading=\"lazy\" decoding=\"async\" class=\"alignleft wp-image-422 size-medium\" src=\"https:\/\/www.idworx-bikes.de\/wp-content\/uploads\/2016\/02\/kk-300x167.jpg\" alt=\"\" width=\"300\" height=\"167\" srcset=\"https:\/\/www.idworx-bikes.de\/wp-content\/uploads\/2016\/02\/kk-300x167.jpg 300w, https:\/\/www.idworx-bikes.de\/wp-content\/uploads\/2016\/02\/kk-768x428.jpg 768w, https:\/\/www.idworx-bikes.de\/wp-content\/uploads\/2016\/02\/kk-324x181.jpg 324w, https:\/\/www.idworx-bikes.de\/wp-content\/uploads\/2016\/02\/kk-416x232.jpg 416w, https:\/\/www.idworx-bikes.de\/wp-content\/uploads\/2016\/02\/kk.jpg 800w\" sizes=\"auto, (max-width: 300px) 100vw, 300px\" \/><\/a><\/td>\n<td valign=\"top\">\n<h2>idworx Hesling Kettenkasten<\/h2>\n<p>Der mit unserem Exzentertretlager kompatible Kettenkasten verl\u00e4ngert die Wartungsintervalle und die Lebensdauer des Kettentriebs drastisch und sch\u00fctzt au\u00dferdem Ihre Hose zuverl\u00e4ssig vor Verschmutzung. Kettenkasten in silber, anthrazit und neu in komplett schwarz.<\/p>\n<section class=\"ac-container\"><label for=\"q2\">Einbauvoraussetzungen f\u00fcr den idworx Hesling Kettenkasten<\/label><\/section>\n<section class=\"ac-container\">\n<article class=\"ac-tall\"><strong>Kompatible idworx-Modelle:<\/strong> Easy Rohler au\u00dfer ER Ti bis MJ 2014 und ER Evo light spec, Country Rohler alle Modelle, Off Rohler Evo alle Modelle, Off Rohler ab Modelljahr 2013, All Rohler alle Modelle<\/article>\n<article class=\"ac-tall\"><\/article>\n<article class=\"ac-tall\"><strong>Vorraussetzung:<\/strong> idworx-Rahmen mit Standard-EBB, idworx EBB light oder idworx EBB-LL-KK II, Kettenblatt mit 42 oder 43 Z\u00e4hnen, Rohloff-Ritzel mit 15 bis 17 Z\u00e4hnen<\/article>\n<article class=\"ac-tall\"><\/article>\n<article class=\"ac-tall\"><strong>Hinweise:<\/strong><\/p>\n<ul>\n<li style=\"list-style-type: none;\">\n<ul>\n<li>Bei montiertem EBB Long Life ben\u00f6tigt man das EBB-LL-KK II, um den idworx Hesling Kettenkasten montieren zu k\u00f6nnen.<\/li>\n<li>Nicht kompatibel mit einem Gates Carbon Drive Riemenantrieb<\/li>\n<\/ul>\n<\/li>\n<\/ul>\n<p><strong>\u20ac 160<\/strong><\/p>\n<\/article>\n<\/section>\n<\/td>\n<\/tr>\n<tr>\n<td valign=\"top\"><a class=\"foobox\" href=\"https:\/\/www.idworx-bikes.de\/wp-content\/uploads\/2016\/02\/longlife.jpg\"><img loading=\"lazy\" decoding=\"async\" class=\"alignleft wp-image-431 size-thumbnail\" src=\"https:\/\/www.idworx-bikes.de\/wp-content\/uploads\/2016\/02\/longlife-250x250.jpg\" alt=\"\" width=\"250\" height=\"250\" srcset=\"https:\/\/www.idworx-bikes.de\/wp-content\/uploads\/2016\/02\/longlife-250x250.jpg 250w, https:\/\/www.idworx-bikes.de\/wp-content\/uploads\/2016\/02\/longlife-300x300.jpg 300w, https:\/\/www.idworx-bikes.de\/wp-content\/uploads\/2016\/02\/longlife-768x768.jpg 768w, https:\/\/www.idworx-bikes.de\/wp-content\/uploads\/2016\/02\/longlife-324x324.jpg 324w, https:\/\/www.idworx-bikes.de\/wp-content\/uploads\/2016\/02\/longlife-416x416.jpg 416w, https:\/\/www.idworx-bikes.de\/wp-content\/uploads\/2016\/02\/longlife-100x100.jpg 100w, https:\/\/www.idworx-bikes.de\/wp-content\/uploads\/2016\/02\/longlife.jpg 800w\" sizes=\"auto, (max-width: 250px) 100vw, 250px\" \/><\/a><\/td>\n<td valign=\"top\">\n<h2>idworx Long-Life-Kettenblatt 35\/39\/43 Z\u00e4hne<\/h2>\n<p>Das von idworx entwickelte Long Life-Kettenblatt aus geh\u00e4rtetem Messerstahl, mit 35, 39 oder 43 Z\u00e4hnen, ergibt in Kombination mit der geh\u00e4rteten idworx KMC X1 Kette eine bislang unerreichte Lebensdauer.<\/p>\n<p><strong>\u20ac 150<\/strong><\/td>\n<\/tr>\n<tr>\n<td valign=\"top\"><a class=\"foobox\" href=\"https:\/\/www.idworx-bikes.de\/wp-content\/uploads\/2016\/02\/son.jpg\"><img loading=\"lazy\" decoding=\"async\" class=\"alignleft wp-image-461 size-thumbnail\" src=\"https:\/\/www.idworx-bikes.de\/wp-content\/uploads\/2016\/02\/son-250x250.jpg\" alt=\"\" width=\"250\" height=\"250\" srcset=\"https:\/\/www.idworx-bikes.de\/wp-content\/uploads\/2016\/02\/son-250x250.jpg 250w, https:\/\/www.idworx-bikes.de\/wp-content\/uploads\/2016\/02\/son-100x100.jpg 100w\" sizes=\"auto, (max-width: 250px) 100vw, 250px\" \/><\/a><\/td>\n<td valign=\"top\">\n<h2>idworx SON Wide Body Nabendynamo<\/h2>\n<p>Er ist leicht, l\u00e4uft leicht und effizient. Au\u00dferdem wird durch seinen maximalen Flanschabstand die Seitensteifigkeit des Laufrades deutlich sp\u00fcrbar erh\u00f6ht (je nach Vergleichsnabe zwischen 10 und 35%).<\/p>\n<p><strong>steckerlos inkl. Kontaktteile: \u20ac\u00a0240<br \/>\n15\/110 disc inkl. Kontaktteile: \u20ac\u00a0411<\/strong><\/td>\n<\/tr>\n<tr>\n<td valign=\"top\"><a class=\"foobox\" href=\"https:\/\/www.idworx-bikes.de\/wp-content\/uploads\/2016\/11\/SON-Edeluxe.jpeg\"><img loading=\"lazy\" decoding=\"async\" class=\"alignleft wp-image-2524 size-thumbnail\" src=\"https:\/\/www.idworx-bikes.de\/wp-content\/uploads\/2016\/11\/SON-Edeluxe-250x250.jpeg\" alt=\"\" width=\"250\" height=\"250\" srcset=\"https:\/\/www.idworx-bikes.de\/wp-content\/uploads\/2016\/11\/SON-Edeluxe-250x250.jpeg 250w, https:\/\/www.idworx-bikes.de\/wp-content\/uploads\/2016\/11\/SON-Edeluxe-100x100.jpeg 100w\" sizes=\"auto, (max-width: 250px) 100vw, 250px\" \/><\/a><\/td>\n<td valign=\"top\">\n<h2>idworx SON Edeluxe+<\/h2>\n<p>Dieser SON-Scheinwerfer wurde speziell auf ein Einbau in ein idworx-Rad mit eingebautem Kabelbaum konzipiert und l\u00e4sst sich problemlos mit dem bereits vorhandenen Stecker an den Kabelbaum anschlie\u00dfen.<\/p>\n<p><strong>Hinweis:<\/strong> Zur Montage des Scheinwerfers wird der idworx Kabelbaum ben\u00f6tigt.<\/p>\n<p><strong>\u20ac 199 (ohne Lampenhalter und ohne Kabelbaum)<\/strong><\/td>\n<\/tr>\n<tr>\n<td valign=\"top\"><a class=\"foobox\" href=\"https:\/\/www.idworx-bikes.de\/wp-content\/uploads\/2016\/02\/lampenhalter.jpg\"><img loading=\"lazy\" decoding=\"async\" class=\"alignleft wp-image-428 size-thumbnail\" src=\"https:\/\/www.idworx-bikes.de\/wp-content\/uploads\/2016\/02\/lampenhalter-250x250.jpg\" alt=\"\" width=\"250\" height=\"250\" srcset=\"https:\/\/www.idworx-bikes.de\/wp-content\/uploads\/2016\/02\/lampenhalter-250x250.jpg 250w, https:\/\/www.idworx-bikes.de\/wp-content\/uploads\/2016\/02\/lampenhalter-100x100.jpg 100w\" sizes=\"auto, (max-width: 250px) 100vw, 250px\" \/><\/a><\/td>\n<td valign=\"top\">\n<h2>idworx Lampenhalter<\/h2>\n<p>Eine typische idworx Eigenentwickelung um ein Fahrrad technisch und optisch zu optimieren. Der Aluminium Lampenhalter ist speziell f\u00fcr die SON Edeluxe LED-Lampe entwickelt, passt aber zum Beispiel ebenfalls f\u00fcr eine B&amp;M Cyo Lampe.<\/p>\n<p><strong>\u20ac 38<\/strong><\/td>\n<\/tr>\n<tr>\n<td valign=\"top\"><a class=\"foobox\" href=\"https:\/\/www.idworx-bikes.de\/wp-content\/uploads\/2016\/02\/rigida.jpg\"><img loading=\"lazy\" decoding=\"async\" class=\"alignleft wp-image-446 size-thumbnail\" src=\"https:\/\/www.idworx-bikes.de\/wp-content\/uploads\/2016\/02\/rigida-250x250.jpg\" alt=\"\" width=\"250\" height=\"250\" srcset=\"https:\/\/www.idworx-bikes.de\/wp-content\/uploads\/2016\/02\/rigida-250x250.jpg 250w, https:\/\/www.idworx-bikes.de\/wp-content\/uploads\/2016\/02\/rigida-300x300.jpg 300w, https:\/\/www.idworx-bikes.de\/wp-content\/uploads\/2016\/02\/rigida-324x324.jpg 324w, https:\/\/www.idworx-bikes.de\/wp-content\/uploads\/2016\/02\/rigida-416x416.jpg 416w, https:\/\/www.idworx-bikes.de\/wp-content\/uploads\/2016\/02\/rigida-100x100.jpg 100w, https:\/\/www.idworx-bikes.de\/wp-content\/uploads\/2016\/02\/rigida.jpg 602w\" sizes=\"auto, (max-width: 250px) 100vw, 250px\" \/><\/a><\/td>\n<td valign=\"top\">\n<h2>idworx DaRim Felgen<\/h2>\n<p>Alle DaRim Disc und DaRim LaW sind nur f\u00fcr die Verwendung von Scheibenbremsen geeignet.<\/p>\n<p><strong><br \/>\nDaRim\u00a0Disc\u00a0II: \u20ac\u00a0113<br \/>\nDaRim HD &#8211; heavy duty Felge: \u20ac 175<br \/>\nDaRim Disc 30 &#8211; MTB Felge: \u20ac 113<br \/>\nDaRim Disc 40 &#8211; 27,5+&#8221; Felge: \u20ac 136<br \/>\nDaRim\u00a0LaW Carbonfelge: \u20ac\u00a0500<br \/>\nDaRim LaW-Trekking Carbonfelge: \u20ac 500<\/strong><\/td>\n<\/tr>\n<tr>\n<td valign=\"top\"><a class=\"foobox\" href=\"https:\/\/www.idworx-bikes.de\/wp-content\/uploads\/2016\/02\/sks.jpg\"><img loading=\"lazy\" decoding=\"async\" class=\"alignleft wp-image-458 size-thumbnail\" src=\"https:\/\/www.idworx-bikes.de\/wp-content\/uploads\/2016\/02\/sks-250x250.jpg\" alt=\"\" width=\"250\" height=\"250\" srcset=\"https:\/\/www.idworx-bikes.de\/wp-content\/uploads\/2016\/02\/sks-250x250.jpg 250w, https:\/\/www.idworx-bikes.de\/wp-content\/uploads\/2016\/02\/sks-100x100.jpg 100w\" sizes=\"auto, (max-width: 250px) 100vw, 250px\" \/><\/a><\/td>\n<td valign=\"top\">\n<h2>SKS Schutzblech 55\/65mm<\/h2>\n<p>Die hochwertigen SKS-Schutzbleche in der speziell f\u00fcr idworx hergestellten Ausf\u00fchrung gibt es in verschiedenen Versionen:<\/p>\n<ul>\n<li>Grandone travel, Grandone Ti travel, Easy Rohler light spec (28&#8243;, 45mm)<\/li>\n<li>All Rohler, All Rohler Ti, oPinion, oPinion Ti &#8211; mit 55mm breiten Reifen (28&#8243;, 65mm)<\/li>\n<li>All Rohler, All Rohler Ti, oPinion, oPinion Ti, Easy Rohler &#8211; mit 50mm breiten Reifen (28&#8243;, 55mm)<\/li>\n<li>Off Rohler (26&#8243;, 65mm)<\/li>\n<li>Rohler BLT, Rohler BLT ti, oPinion BLT, oPinion BLT Ti &#8211; mit 57mm breiten Reifen (28&#8243;, 75mm)<\/li>\n<\/ul>\n<p><strong>\u20ac 85<\/strong><\/td>\n<\/tr>\n<tr>\n<td valign=\"top\"><a class=\"foobox\" href=\"https:\/\/www.idworx-bikes.de\/wp-content\/uploads\/2016\/02\/extender.jpg\"><img loading=\"lazy\" decoding=\"async\" class=\"alignleft wp-image-401 size-thumbnail\" src=\"https:\/\/www.idworx-bikes.de\/wp-content\/uploads\/2016\/02\/extender-250x250.jpg\" alt=\"\" width=\"250\" height=\"250\" srcset=\"https:\/\/www.idworx-bikes.de\/wp-content\/uploads\/2016\/02\/extender-250x250.jpg 250w, https:\/\/www.idworx-bikes.de\/wp-content\/uploads\/2016\/02\/extender-100x100.jpg 100w\" sizes=\"auto, (max-width: 250px) 100vw, 250px\" \/><\/a><\/td>\n<td valign=\"top\">\n<h2>idworx St\u00e4nder Extender<\/h2>\n<p>Trotz der schon sehr langen Kettenstreben der idworx Trekkingr\u00e4der kann es sein, dass Sie mit sehr gro\u00dfen F\u00fc\u00dfen gegen die Befestigung des Seitenst\u00e4nders sto\u00dfen. Der St\u00e4nder Extender versetzt den Seitenst\u00e4nder, gerade diese ben\u00f6tigten Zentimeter nach hinten, ohne dass das Fahrrad instabil auf dem Seitenst\u00e4nder steht.<\/p>\n<p><strong>\u20ac 30<\/strong><\/td>\n<\/tr>\n<\/tbody>\n<\/table>\n<p class=\"small\">Irrt\u00fcmer und Preis\u00e4nderungen vorbehalten<\/p>\n","protected":false},"excerpt":{"rendered":"<p>idworx entwickelt zusammen mit seinen Zulieferern exklusive Teile, die nur an idworx-Fahrr\u00e4dern montiert werden. Zu diesen speziellen Teilen geh\u00f6ren zum Beispiel: das langlebige idworx Long-Life-Kettenblatt oder der idworx Kettenkasten f\u00fcr die 28&#8243; Rohloff Trekking Serie. \u00c4ltere idworx Modelle k\u00f6nnen mit diesen Teilen aufger\u00fcstet werden. Sie erhalten diese Teile bei Ihrem idworx-H\u00e4ndler oder online in unserem [&hellip;]<\/p>\n","protected":false},"author":4,"featured_media":0,"parent":0,"menu_order":0,"comment_status":"closed","ping_status":"closed","template":"","meta":{"footnotes":""},"class_list":["post-2791","page","type-page","status-publish","hentry"],"yoast_head":"<!-- This site is optimized with the Yoast SEO plugin v27.5 - https:\/\/yoast.com\/product\/yoast-seo-wordpress\/ -->\n<title>idworx Parts - idworx \u2013 Premium Reiser\u00e4der, Trekking Bikes, E-Bikes &amp; Vakantiefietsen<\/title>\n<meta name=\"robots\" content=\"index, follow, max-snippet:-1, max-image-preview:large, max-video-preview:-1\" \/>\n<link rel=\"canonical\" href=\"https:\/\/www.idworx-bikes.de\/de\/idworx-parts\" \/>\n<meta property=\"og:locale\" content=\"de_DE\" \/>\n<meta property=\"og:type\" content=\"article\" \/>\n<meta property=\"og:title\" content=\"idworx Parts - idworx \u2013 Premium Reiser\u00e4der, Trekking Bikes, E-Bikes &amp; Vakantiefietsen\" \/>\n<meta property=\"og:description\" content=\"idworx entwickelt zusammen mit seinen Zulieferern exklusive Teile, die nur an idworx-Fahrr\u00e4dern montiert werden. Zu diesen speziellen Teilen geh\u00f6ren zum Beispiel: das langlebige idworx Long-Life-Kettenblatt oder der idworx Kettenkasten f\u00fcr die 28&#8243; Rohloff Trekking Serie. \u00c4ltere idworx Modelle k\u00f6nnen mit diesen Teilen aufger\u00fcstet werden. Sie erhalten diese Teile bei Ihrem idworx-H\u00e4ndler oder online in unserem [&hellip;]\" \/>\n<meta property=\"og:url\" content=\"https:\/\/www.idworx-bikes.de\/de\/idworx-parts\" \/>\n<meta property=\"og:site_name\" content=\"idworx \u2013 Premium Reiser\u00e4der, Trekking Bikes, E-Bikes &amp; Vakantiefietsen\" \/>\n<meta property=\"article:publisher\" content=\"https:\/\/www.facebook.com\/Idworx-202013906499907\/\" \/>\n<meta property=\"article:modified_time\" content=\"2025-09-16T09:38:00+00:00\" \/>\n<meta property=\"og:image\" content=\"https:\/\/www.idworx-bikes.de\/wp-content\/uploads\/2016\/02\/brace.jpg\" \/>\n\t<meta property=\"og:image:width\" content=\"800\" \/>\n\t<meta property=\"og:image:height\" content=\"536\" \/>\n\t<meta property=\"og:image:type\" content=\"image\/jpeg\" \/>\n<meta name=\"twitter:label1\" content=\"Gesch\u00e4tzte Lesezeit\" \/>\n\t<meta name=\"twitter:data1\" content=\"5\u00a0Minuten\" \/>\n<script type=\"application\/ld+json\" class=\"yoast-schema-graph\">{\"@context\":\"https:\\\/\\\/schema.org\",\"@graph\":[{\"@type\":\"WebPage\",\"@id\":\"https:\\\/\\\/www.idworx-bikes.de\\\/de\\\/idworx-parts\",\"url\":\"https:\\\/\\\/www.idworx-bikes.de\\\/de\\\/idworx-parts\",\"name\":\"idworx Parts - idworx \u2013 Premium Reiser\u00e4der, Trekking Bikes, E-Bikes &amp; Vakantiefietsen\",\"isPartOf\":{\"@id\":\"https:\\\/\\\/www.idworx-bikes.de\\\/#website\"},\"primaryImageOfPage\":{\"@id\":\"https:\\\/\\\/www.idworx-bikes.de\\\/de\\\/idworx-parts#primaryimage\"},\"image\":{\"@id\":\"https:\\\/\\\/www.idworx-bikes.de\\\/de\\\/idworx-parts#primaryimage\"},\"thumbnailUrl\":\"https:\\\/\\\/www.idworx-bikes.de\\\/wp-content\\\/uploads\\\/2016\\\/02\\\/brace-250x250.jpg\",\"datePublished\":\"2016-11-21T10:41:20+00:00\",\"dateModified\":\"2025-09-16T09:38:00+00:00\",\"breadcrumb\":{\"@id\":\"https:\\\/\\\/www.idworx-bikes.de\\\/de\\\/idworx-parts#breadcrumb\"},\"inLanguage\":\"de\",\"potentialAction\":[{\"@type\":\"ReadAction\",\"target\":[\"https:\\\/\\\/www.idworx-bikes.de\\\/de\\\/idworx-parts\"]}]},{\"@type\":\"ImageObject\",\"inLanguage\":\"de\",\"@id\":\"https:\\\/\\\/www.idworx-bikes.de\\\/de\\\/idworx-parts#primaryimage\",\"url\":\"https:\\\/\\\/www.idworx-bikes.de\\\/wp-content\\\/uploads\\\/2016\\\/02\\\/brace-250x250.jpg\",\"contentUrl\":\"https:\\\/\\\/www.idworx-bikes.de\\\/wp-content\\\/uploads\\\/2016\\\/02\\\/brace-250x250.jpg\"},{\"@type\":\"BreadcrumbList\",\"@id\":\"https:\\\/\\\/www.idworx-bikes.de\\\/de\\\/idworx-parts#breadcrumb\",\"itemListElement\":[{\"@type\":\"ListItem\",\"position\":1,\"name\":\"Home\",\"item\":\"https:\\\/\\\/www.idworx-bikes.de\\\/de\"},{\"@type\":\"ListItem\",\"position\":2,\"name\":\"idworx Parts\"}]},{\"@type\":\"WebSite\",\"@id\":\"https:\\\/\\\/www.idworx-bikes.de\\\/#website\",\"url\":\"https:\\\/\\\/www.idworx-bikes.de\\\/\",\"name\":\"idworx \u2013 Premium Reiser\u00e4der, Trekking Bikes, E-Bikes &amp; Vakantiefietsen\",\"description\":\"It works! Handgefertigte Bikes f\u00fcr h\u00f6chste Anspr\u00fcche\",\"publisher\":{\"@id\":\"https:\\\/\\\/www.idworx-bikes.de\\\/#organization\"},\"potentialAction\":[{\"@type\":\"SearchAction\",\"target\":{\"@type\":\"EntryPoint\",\"urlTemplate\":\"https:\\\/\\\/www.idworx-bikes.de\\\/?s={search_term_string}\"},\"query-input\":{\"@type\":\"PropertyValueSpecification\",\"valueRequired\":true,\"valueName\":\"search_term_string\"}}],\"inLanguage\":\"de\"},{\"@type\":\"Organization\",\"@id\":\"https:\\\/\\\/www.idworx-bikes.de\\\/#organization\",\"name\":\"idworx\",\"url\":\"https:\\\/\\\/www.idworx-bikes.de\\\/\",\"logo\":{\"@type\":\"ImageObject\",\"inLanguage\":\"de\",\"@id\":\"https:\\\/\\\/www.idworx-bikes.de\\\/#\\\/schema\\\/logo\\\/image\\\/\",\"url\":\"https:\\\/\\\/www.idworx-bikes.de\\\/wp-content\\\/uploads\\\/2015\\\/12\\\/idworx-logo_b.png\",\"contentUrl\":\"https:\\\/\\\/www.idworx-bikes.de\\\/wp-content\\\/uploads\\\/2015\\\/12\\\/idworx-logo_b.png\",\"width\":216,\"height\":69,\"caption\":\"idworx\"},\"image\":{\"@id\":\"https:\\\/\\\/www.idworx-bikes.de\\\/#\\\/schema\\\/logo\\\/image\\\/\"},\"sameAs\":[\"https:\\\/\\\/www.facebook.com\\\/Idworx-202013906499907\\\/\"]}]}<\/script>\n<!-- \/ Yoast SEO plugin. -->","yoast_head_json":{"title":"idworx Parts - idworx \u2013 Premium Reiser\u00e4der, Trekking Bikes, E-Bikes &amp; Vakantiefietsen","robots":{"index":"index","follow":"follow","max-snippet":"max-snippet:-1","max-image-preview":"max-image-preview:large","max-video-preview":"max-video-preview:-1"},"canonical":"https:\/\/www.idworx-bikes.de\/de\/idworx-parts","og_locale":"de_DE","og_type":"article","og_title":"idworx Parts - idworx \u2013 Premium Reiser\u00e4der, Trekking Bikes, E-Bikes &amp; Vakantiefietsen","og_description":"idworx entwickelt zusammen mit seinen Zulieferern exklusive Teile, die nur an idworx-Fahrr\u00e4dern montiert werden. Zu diesen speziellen Teilen geh\u00f6ren zum Beispiel: das langlebige idworx Long-Life-Kettenblatt oder der idworx Kettenkasten f\u00fcr die 28&#8243; Rohloff Trekking Serie. \u00c4ltere idworx Modelle k\u00f6nnen mit diesen Teilen aufger\u00fcstet werden. Sie erhalten diese Teile bei Ihrem idworx-H\u00e4ndler oder online in unserem [&hellip;]","og_url":"https:\/\/www.idworx-bikes.de\/de\/idworx-parts","og_site_name":"idworx \u2013 Premium Reiser\u00e4der, Trekking Bikes, E-Bikes &amp; Vakantiefietsen","article_publisher":"https:\/\/www.facebook.com\/Idworx-202013906499907\/","article_modified_time":"2025-09-16T09:38:00+00:00","og_image":[{"width":800,"height":536,"url":"https:\/\/www.idworx-bikes.de\/wp-content\/uploads\/2016\/02\/brace.jpg","type":"image\/jpeg"}],"twitter_misc":{"Gesch\u00e4tzte Lesezeit":"5\u00a0Minuten"},"schema":{"@context":"https:\/\/schema.org","@graph":[{"@type":"WebPage","@id":"https:\/\/www.idworx-bikes.de\/de\/idworx-parts","url":"https:\/\/www.idworx-bikes.de\/de\/idworx-parts","name":"idworx Parts - idworx \u2013 Premium Reiser\u00e4der, Trekking Bikes, E-Bikes &amp; Vakantiefietsen","isPartOf":{"@id":"https:\/\/www.idworx-bikes.de\/#website"},"primaryImageOfPage":{"@id":"https:\/\/www.idworx-bikes.de\/de\/idworx-parts#primaryimage"},"image":{"@id":"https:\/\/www.idworx-bikes.de\/de\/idworx-parts#primaryimage"},"thumbnailUrl":"https:\/\/www.idworx-bikes.de\/wp-content\/uploads\/2016\/02\/brace-250x250.jpg","datePublished":"2016-11-21T10:41:20+00:00","dateModified":"2025-09-16T09:38:00+00:00","breadcrumb":{"@id":"https:\/\/www.idworx-bikes.de\/de\/idworx-parts#breadcrumb"},"inLanguage":"de","potentialAction":[{"@type":"ReadAction","target":["https:\/\/www.idworx-bikes.de\/de\/idworx-parts"]}]},{"@type":"ImageObject","inLanguage":"de","@id":"https:\/\/www.idworx-bikes.de\/de\/idworx-parts#primaryimage","url":"https:\/\/www.idworx-bikes.de\/wp-content\/uploads\/2016\/02\/brace-250x250.jpg","contentUrl":"https:\/\/www.idworx-bikes.de\/wp-content\/uploads\/2016\/02\/brace-250x250.jpg"},{"@type":"BreadcrumbList","@id":"https:\/\/www.idworx-bikes.de\/de\/idworx-parts#breadcrumb","itemListElement":[{"@type":"ListItem","position":1,"name":"Home","item":"https:\/\/www.idworx-bikes.de\/de"},{"@type":"ListItem","position":2,"name":"idworx Parts"}]},{"@type":"WebSite","@id":"https:\/\/www.idworx-bikes.de\/#website","url":"https:\/\/www.idworx-bikes.de\/","name":"idworx \u2013 Premium Reiser\u00e4der, Trekking Bikes, E-Bikes &amp; Vakantiefietsen","description":"It works! Handgefertigte Bikes f\u00fcr h\u00f6chste Anspr\u00fcche","publisher":{"@id":"https:\/\/www.idworx-bikes.de\/#organization"},"potentialAction":[{"@type":"SearchAction","target":{"@type":"EntryPoint","urlTemplate":"https:\/\/www.idworx-bikes.de\/?s={search_term_string}"},"query-input":{"@type":"PropertyValueSpecification","valueRequired":true,"valueName":"search_term_string"}}],"inLanguage":"de"},{"@type":"Organization","@id":"https:\/\/www.idworx-bikes.de\/#organization","name":"idworx","url":"https:\/\/www.idworx-bikes.de\/","logo":{"@type":"ImageObject","inLanguage":"de","@id":"https:\/\/www.idworx-bikes.de\/#\/schema\/logo\/image\/","url":"https:\/\/www.idworx-bikes.de\/wp-content\/uploads\/2015\/12\/idworx-logo_b.png","contentUrl":"https:\/\/www.idworx-bikes.de\/wp-content\/uploads\/2015\/12\/idworx-logo_b.png","width":216,"height":69,"caption":"idworx"},"image":{"@id":"https:\/\/www.idworx-bikes.de\/#\/schema\/logo\/image\/"},"sameAs":["https:\/\/www.facebook.com\/Idworx-202013906499907\/"]}]}},"_links":{"self":[{"href":"https:\/\/www.idworx-bikes.de\/de\/wp-json\/wp\/v2\/pages\/2791","targetHints":{"allow":["GET"]}}],"collection":[{"href":"https:\/\/www.idworx-bikes.de\/de\/wp-json\/wp\/v2\/pages"}],"about":[{"href":"https:\/\/www.idworx-bikes.de\/de\/wp-json\/wp\/v2\/types\/page"}],"author":[{"embeddable":true,"href":"https:\/\/www.idworx-bikes.de\/de\/wp-json\/wp\/v2\/users\/4"}],"replies":[{"embeddable":true,"href":"https:\/\/www.idworx-bikes.de\/de\/wp-json\/wp\/v2\/comments?post=2791"}],"version-history":[{"count":34,"href":"https:\/\/www.idworx-bikes.de\/de\/wp-json\/wp\/v2\/pages\/2791\/revisions"}],"predecessor-version":[{"id":13815,"href":"https:\/\/www.idworx-bikes.de\/de\/wp-json\/wp\/v2\/pages\/2791\/revisions\/13815"}],"wp:attachment":[{"href":"https:\/\/www.idworx-bikes.de\/de\/wp-json\/wp\/v2\/media?parent=2791"}],"curies":[{"name":"wp","href":"https:\/\/api.w.org\/{rel}","templated":true}]}}