{"id":2869,"date":"2016-11-22T18:27:19","date_gmt":"2016-11-22T17:27:19","guid":{"rendered":"https:\/\/www.idworx-bikes.de\/de\/?page_id=2869"},"modified":"2016-11-22T20:31:21","modified_gmt":"2016-11-22T19:31:21","slug":"idworx-trekkingbike-rahmen-sind-nun-belt-ready-2013","status":"publish","type":"page","link":"https:\/\/www.idworx-bikes.de\/de\/riemenantrieb\/idworx-trekkingbike-rahmen-sind-nun-belt-ready-2013","title":{"rendered":"Idworx Trekkingbike-Rahmen sind nun belt-ready (27.08.2012)"},"content":{"rendered":"<p>F\u00fcr das Modelljahr 2013 haben wir die Rahmen unserer Bestseller Easy Rohler und Off Rohler optimiert. Au\u00dferdem bringen wir mit dem All Rohler das erste idworx Trekkingbike mit Scheibenbremsen. Im Zuge der Optimierung haben wir diese Rahmen mit einem zweiteiligen Ausfallende ausgestattet. Durch L\u00f6sen einer Schraube k\u00f6nnen die antriebsseitige Ketten- und Sitzstrebe weit genug auseinander gedr\u00fcckt werden, um einen Zahnriemen hindurch zu f\u00fchren. Deshalb bezeichnen wir diese Rahmen als \u201ebelt-ready\u201c.<\/p>\n<p>Bedeutet das, dass wir unsere <a href=\"\/?page_id=2867\">kritische Bewertung des Riemenantriebs<\/a> ge\u00e4ndert haben? Die Antwort ist ein klares Nein. Denn dazu gibt es aus unserer Sicht keinen Grund. Bei idworx sind wir vielmehr nach wie vor von der \u00dcberlegenheit des Kettenantriebs \u00fcberzeugt, den wir in den letzten Jahren noch weiter optimiert haben (lesen Sie mehr dazu unten).<\/p>\n<p>Doch einige unserer besten H\u00e4ndler sagten uns, dass wir Gefahr laufen, Kunden an andere Marken zu verlieren. Radfahrer, die sich f\u00fcr die herausragende idworx-Qualit\u00e4t begeistern, die aber mit ihrem k\u00fcnftigen Fahrrad auch die Option kaufen wollen, auf einen Riemenantrieb umzur\u00fcsten. Wenn sich dieses System irgendwann bew\u00e4hrt haben sollte.<\/p>\n<p>Sollten Sie Ihre eigenen Erfahrungen mit dem Gates Riemenantrieb sammeln und Ihr idworx daher umr\u00fcsten wollen, sprechen Sie mit dem idworx-H\u00e4ndler Ihres Vertrauens. Er kann Ihnen jedes idworx mit belt-ready Rahmen entsprechend ausr\u00fcsten. Beachten Sie jedoch, dass der idworx Kettenkasten nicht mit dem Riemenantrieb kompatibel ist.<\/p>\n<p>Beachten Sie bitte auch, dass Sie bzw. der ausf\u00fchrende H\u00e4ndler f\u00fcr Folgen der Umr\u00fcstung Ihres idworx Fahrrades auf den Riemenantrieb haften. Sch\u00e4den am Riemenantrieb bzw. durch den Riemenantrieb verursachte Folgesch\u00e4den sind nicht durch die von Bike Basics zu verantwortende Gew\u00e4hrleistung und Produkthaftung gedeckt.<\/p>\n<hr \/>\n<p><a href=\"\/?page_id=2693\">Gates Carbondrive CDX jetzt auch optional an idworx Mountain Bikes (2015)<\/a><\/p>\n<p><a href=\"\/?page_id=2876\">idworx und Riemenantrieb (2014)<\/a><\/p>\n<p>idworx Trekkingbike-Rahmen sind nun belt-ready (2012)<\/p>\n<p><a href=\"\/?page_id=2874\">Update zu unserem Statement zum Riemenantrieb (2010)<\/a><\/p>\n<p><a href=\"\/?page_id=2867\">Warum gibt es kein idworx mit Riemenantrieb? (2009)<\/a><\/p>\n","protected":false},"excerpt":{"rendered":"<p>F\u00fcr das Modelljahr 2013 haben wir die Rahmen unserer Bestseller Easy Rohler und Off Rohler optimiert. Au\u00dferdem bringen wir mit dem All Rohler das erste idworx Trekkingbike mit Scheibenbremsen. Im Zuge der Optimierung haben wir diese Rahmen mit einem zweiteiligen Ausfallende ausgestattet. Durch L\u00f6sen einer Schraube k\u00f6nnen die antriebsseitige Ketten- und Sitzstrebe weit genug auseinander [&hellip;]<\/p>\n","protected":false},"author":4,"featured_media":0,"parent":2693,"menu_order":0,"comment_status":"closed","ping_status":"closed","template":"","meta":{"footnotes":""},"class_list":["post-2869","page","type-page","status-publish","hentry"],"yoast_head":"<!-- This site is optimized with the Yoast SEO plugin v27.6 - https:\/\/yoast.com\/product\/yoast-seo-wordpress\/ -->\n<title>Idworx Trekkingbike-Rahmen sind nun belt-ready (27.08.2012) - idworx \u2013 Premium Reiser\u00e4der, Trekking Bikes, E-Bikes &amp; Vakantiefietsen<\/title>\n<meta name=\"robots\" content=\"index, follow, max-snippet:-1, max-image-preview:large, max-video-preview:-1\" \/>\n<link rel=\"canonical\" href=\"https:\/\/www.idworx-bikes.de\/de\/riemenantrieb\/idworx-trekkingbike-rahmen-sind-nun-belt-ready-2013\" \/>\n<meta property=\"og:locale\" content=\"de_DE\" \/>\n<meta property=\"og:type\" content=\"article\" \/>\n<meta property=\"og:title\" content=\"Idworx Trekkingbike-Rahmen sind nun belt-ready (27.08.2012) - idworx \u2013 Premium Reiser\u00e4der, Trekking Bikes, E-Bikes &amp; Vakantiefietsen\" \/>\n<meta property=\"og:description\" content=\"F\u00fcr das Modelljahr 2013 haben wir die Rahmen unserer Bestseller Easy Rohler und Off Rohler optimiert. Au\u00dferdem bringen wir mit dem All Rohler das erste idworx Trekkingbike mit Scheibenbremsen. Im Zuge der Optimierung haben wir diese Rahmen mit einem zweiteiligen Ausfallende ausgestattet. Durch L\u00f6sen einer Schraube k\u00f6nnen die antriebsseitige Ketten- und Sitzstrebe weit genug auseinander [&hellip;]\" \/>\n<meta property=\"og:url\" content=\"https:\/\/www.idworx-bikes.de\/de\/riemenantrieb\/idworx-trekkingbike-rahmen-sind-nun-belt-ready-2013\" \/>\n<meta property=\"og:site_name\" content=\"idworx \u2013 Premium Reiser\u00e4der, Trekking Bikes, E-Bikes &amp; Vakantiefietsen\" \/>\n<meta property=\"article:publisher\" content=\"https:\/\/www.facebook.com\/Idworx-202013906499907\/\" \/>\n<meta property=\"article:modified_time\" content=\"2016-11-22T19:31:21+00:00\" \/>\n<meta property=\"og:image\" content=\"https:\/\/www.idworx-bikes.de\/wp-content\/uploads\/2015\/12\/idworx-logo_b.png\" \/>\n\t<meta property=\"og:image:width\" content=\"216\" \/>\n\t<meta property=\"og:image:height\" content=\"69\" \/>\n\t<meta property=\"og:image:type\" content=\"image\/png\" \/>\n<meta name=\"twitter:label1\" content=\"Gesch\u00e4tzte Lesezeit\" \/>\n\t<meta name=\"twitter:data1\" content=\"2\u00a0Minuten\" \/>\n<script type=\"application\/ld+json\" class=\"yoast-schema-graph\">{\"@context\":\"https:\\\/\\\/schema.org\",\"@graph\":[{\"@type\":\"WebPage\",\"@id\":\"https:\\\/\\\/www.idworx-bikes.de\\\/de\\\/riemenantrieb\\\/idworx-trekkingbike-rahmen-sind-nun-belt-ready-2013\",\"url\":\"https:\\\/\\\/www.idworx-bikes.de\\\/de\\\/riemenantrieb\\\/idworx-trekkingbike-rahmen-sind-nun-belt-ready-2013\",\"name\":\"Idworx Trekkingbike-Rahmen sind nun belt-ready (27.08.2012) - idworx \u2013 Premium Reiser\u00e4der, Trekking Bikes, E-Bikes &amp; Vakantiefietsen\",\"isPartOf\":{\"@id\":\"https:\\\/\\\/www.idworx-bikes.de\\\/#website\"},\"datePublished\":\"2016-11-22T17:27:19+00:00\",\"dateModified\":\"2016-11-22T19:31:21+00:00\",\"breadcrumb\":{\"@id\":\"https:\\\/\\\/www.idworx-bikes.de\\\/de\\\/riemenantrieb\\\/idworx-trekkingbike-rahmen-sind-nun-belt-ready-2013#breadcrumb\"},\"inLanguage\":\"de\",\"potentialAction\":[{\"@type\":\"ReadAction\",\"target\":[\"https:\\\/\\\/www.idworx-bikes.de\\\/de\\\/riemenantrieb\\\/idworx-trekkingbike-rahmen-sind-nun-belt-ready-2013\"]}]},{\"@type\":\"BreadcrumbList\",\"@id\":\"https:\\\/\\\/www.idworx-bikes.de\\\/de\\\/riemenantrieb\\\/idworx-trekkingbike-rahmen-sind-nun-belt-ready-2013#breadcrumb\",\"itemListElement\":[{\"@type\":\"ListItem\",\"position\":1,\"name\":\"Home\",\"item\":\"https:\\\/\\\/www.idworx-bikes.de\\\/de\"},{\"@type\":\"ListItem\",\"position\":2,\"name\":\"Riemenantrieb\",\"item\":\"https:\\\/\\\/www.idworx-bikes.de\\\/de\\\/riemenantrieb\"},{\"@type\":\"ListItem\",\"position\":3,\"name\":\"Idworx Trekkingbike-Rahmen sind nun belt-ready (27.08.2012)\"}]},{\"@type\":\"WebSite\",\"@id\":\"https:\\\/\\\/www.idworx-bikes.de\\\/#website\",\"url\":\"https:\\\/\\\/www.idworx-bikes.de\\\/\",\"name\":\"idworx \u2013 Premium Reiser\u00e4der, Trekking Bikes, E-Bikes &amp; Vakantiefietsen\",\"description\":\"It works! Handgefertigte Bikes f\u00fcr h\u00f6chste Anspr\u00fcche\",\"publisher\":{\"@id\":\"https:\\\/\\\/www.idworx-bikes.de\\\/#organization\"},\"potentialAction\":[{\"@type\":\"SearchAction\",\"target\":{\"@type\":\"EntryPoint\",\"urlTemplate\":\"https:\\\/\\\/www.idworx-bikes.de\\\/?s={search_term_string}\"},\"query-input\":{\"@type\":\"PropertyValueSpecification\",\"valueRequired\":true,\"valueName\":\"search_term_string\"}}],\"inLanguage\":\"de\"},{\"@type\":\"Organization\",\"@id\":\"https:\\\/\\\/www.idworx-bikes.de\\\/#organization\",\"name\":\"idworx\",\"url\":\"https:\\\/\\\/www.idworx-bikes.de\\\/\",\"logo\":{\"@type\":\"ImageObject\",\"inLanguage\":\"de\",\"@id\":\"https:\\\/\\\/www.idworx-bikes.de\\\/#\\\/schema\\\/logo\\\/image\\\/\",\"url\":\"https:\\\/\\\/www.idworx-bikes.de\\\/wp-content\\\/uploads\\\/2015\\\/12\\\/idworx-logo_b.png\",\"contentUrl\":\"https:\\\/\\\/www.idworx-bikes.de\\\/wp-content\\\/uploads\\\/2015\\\/12\\\/idworx-logo_b.png\",\"width\":216,\"height\":69,\"caption\":\"idworx\"},\"image\":{\"@id\":\"https:\\\/\\\/www.idworx-bikes.de\\\/#\\\/schema\\\/logo\\\/image\\\/\"},\"sameAs\":[\"https:\\\/\\\/www.facebook.com\\\/Idworx-202013906499907\\\/\"]}]}<\/script>\n<!-- \/ Yoast SEO plugin. -->","yoast_head_json":{"title":"Idworx Trekkingbike-Rahmen sind nun belt-ready (27.08.2012) - idworx \u2013 Premium Reiser\u00e4der, Trekking Bikes, E-Bikes &amp; Vakantiefietsen","robots":{"index":"index","follow":"follow","max-snippet":"max-snippet:-1","max-image-preview":"max-image-preview:large","max-video-preview":"max-video-preview:-1"},"canonical":"https:\/\/www.idworx-bikes.de\/de\/riemenantrieb\/idworx-trekkingbike-rahmen-sind-nun-belt-ready-2013","og_locale":"de_DE","og_type":"article","og_title":"Idworx Trekkingbike-Rahmen sind nun belt-ready (27.08.2012) - idworx \u2013 Premium Reiser\u00e4der, Trekking Bikes, E-Bikes &amp; Vakantiefietsen","og_description":"F\u00fcr das Modelljahr 2013 haben wir die Rahmen unserer Bestseller Easy Rohler und Off Rohler optimiert. Au\u00dferdem bringen wir mit dem All Rohler das erste idworx Trekkingbike mit Scheibenbremsen. Im Zuge der Optimierung haben wir diese Rahmen mit einem zweiteiligen Ausfallende ausgestattet. Durch L\u00f6sen einer Schraube k\u00f6nnen die antriebsseitige Ketten- und Sitzstrebe weit genug auseinander [&hellip;]","og_url":"https:\/\/www.idworx-bikes.de\/de\/riemenantrieb\/idworx-trekkingbike-rahmen-sind-nun-belt-ready-2013","og_site_name":"idworx \u2013 Premium Reiser\u00e4der, Trekking Bikes, E-Bikes &amp; Vakantiefietsen","article_publisher":"https:\/\/www.facebook.com\/Idworx-202013906499907\/","article_modified_time":"2016-11-22T19:31:21+00:00","og_image":[{"width":216,"height":69,"url":"https:\/\/www.idworx-bikes.de\/wp-content\/uploads\/2015\/12\/idworx-logo_b.png","type":"image\/png"}],"twitter_misc":{"Gesch\u00e4tzte Lesezeit":"2\u00a0Minuten"},"schema":{"@context":"https:\/\/schema.org","@graph":[{"@type":"WebPage","@id":"https:\/\/www.idworx-bikes.de\/de\/riemenantrieb\/idworx-trekkingbike-rahmen-sind-nun-belt-ready-2013","url":"https:\/\/www.idworx-bikes.de\/de\/riemenantrieb\/idworx-trekkingbike-rahmen-sind-nun-belt-ready-2013","name":"Idworx Trekkingbike-Rahmen sind nun belt-ready (27.08.2012) - idworx \u2013 Premium Reiser\u00e4der, Trekking Bikes, E-Bikes &amp; Vakantiefietsen","isPartOf":{"@id":"https:\/\/www.idworx-bikes.de\/#website"},"datePublished":"2016-11-22T17:27:19+00:00","dateModified":"2016-11-22T19:31:21+00:00","breadcrumb":{"@id":"https:\/\/www.idworx-bikes.de\/de\/riemenantrieb\/idworx-trekkingbike-rahmen-sind-nun-belt-ready-2013#breadcrumb"},"inLanguage":"de","potentialAction":[{"@type":"ReadAction","target":["https:\/\/www.idworx-bikes.de\/de\/riemenantrieb\/idworx-trekkingbike-rahmen-sind-nun-belt-ready-2013"]}]},{"@type":"BreadcrumbList","@id":"https:\/\/www.idworx-bikes.de\/de\/riemenantrieb\/idworx-trekkingbike-rahmen-sind-nun-belt-ready-2013#breadcrumb","itemListElement":[{"@type":"ListItem","position":1,"name":"Home","item":"https:\/\/www.idworx-bikes.de\/de"},{"@type":"ListItem","position":2,"name":"Riemenantrieb","item":"https:\/\/www.idworx-bikes.de\/de\/riemenantrieb"},{"@type":"ListItem","position":3,"name":"Idworx Trekkingbike-Rahmen sind nun belt-ready (27.08.2012)"}]},{"@type":"WebSite","@id":"https:\/\/www.idworx-bikes.de\/#website","url":"https:\/\/www.idworx-bikes.de\/","name":"idworx \u2013 Premium Reiser\u00e4der, Trekking Bikes, E-Bikes &amp; Vakantiefietsen","description":"It works! Handgefertigte Bikes f\u00fcr h\u00f6chste Anspr\u00fcche","publisher":{"@id":"https:\/\/www.idworx-bikes.de\/#organization"},"potentialAction":[{"@type":"SearchAction","target":{"@type":"EntryPoint","urlTemplate":"https:\/\/www.idworx-bikes.de\/?s={search_term_string}"},"query-input":{"@type":"PropertyValueSpecification","valueRequired":true,"valueName":"search_term_string"}}],"inLanguage":"de"},{"@type":"Organization","@id":"https:\/\/www.idworx-bikes.de\/#organization","name":"idworx","url":"https:\/\/www.idworx-bikes.de\/","logo":{"@type":"ImageObject","inLanguage":"de","@id":"https:\/\/www.idworx-bikes.de\/#\/schema\/logo\/image\/","url":"https:\/\/www.idworx-bikes.de\/wp-content\/uploads\/2015\/12\/idworx-logo_b.png","contentUrl":"https:\/\/www.idworx-bikes.de\/wp-content\/uploads\/2015\/12\/idworx-logo_b.png","width":216,"height":69,"caption":"idworx"},"image":{"@id":"https:\/\/www.idworx-bikes.de\/#\/schema\/logo\/image\/"},"sameAs":["https:\/\/www.facebook.com\/Idworx-202013906499907\/"]}]}},"_links":{"self":[{"href":"https:\/\/www.idworx-bikes.de\/de\/wp-json\/wp\/v2\/pages\/2869","targetHints":{"allow":["GET"]}}],"collection":[{"href":"https:\/\/www.idworx-bikes.de\/de\/wp-json\/wp\/v2\/pages"}],"about":[{"href":"https:\/\/www.idworx-bikes.de\/de\/wp-json\/wp\/v2\/types\/page"}],"author":[{"embeddable":true,"href":"https:\/\/www.idworx-bikes.de\/de\/wp-json\/wp\/v2\/users\/4"}],"replies":[{"embeddable":true,"href":"https:\/\/www.idworx-bikes.de\/de\/wp-json\/wp\/v2\/comments?post=2869"}],"version-history":[{"count":5,"href":"https:\/\/www.idworx-bikes.de\/de\/wp-json\/wp\/v2\/pages\/2869\/revisions"}],"predecessor-version":[{"id":2901,"href":"https:\/\/www.idworx-bikes.de\/de\/wp-json\/wp\/v2\/pages\/2869\/revisions\/2901"}],"up":[{"embeddable":true,"href":"https:\/\/www.idworx-bikes.de\/de\/wp-json\/wp\/v2\/pages\/2693"}],"wp:attachment":[{"href":"https:\/\/www.idworx-bikes.de\/de\/wp-json\/wp\/v2\/media?parent=2869"}],"curies":[{"name":"wp","href":"https:\/\/api.w.org\/{rel}","templated":true}]}}