{"id":2876,"date":"2016-11-22T18:36:45","date_gmt":"2016-11-22T17:36:45","guid":{"rendered":"https:\/\/www.idworx-bikes.de\/de\/?page_id=2876"},"modified":"2016-11-22T20:42:08","modified_gmt":"2016-11-22T19:42:08","slug":"idworx-und-riemenantrieb-2014","status":"publish","type":"page","link":"https:\/\/www.idworx-bikes.de\/de\/riemenantrieb\/idworx-und-riemenantrieb-2014","title":{"rendered":"idworx und Riemenantrieb (01.09.2014)"},"content":{"rendered":"<h2>Ab Modelljahr 2015 gibt es f\u00fcr manche Modelle eine Riemenoption ab Werk<\/h2>\n<p>Ab dem Modelljahr 2015 bieten wir f\u00fcr bestimmte idworx Fahrr\u00e4der die Option, diese ab Werk mit Gates Carbon Drive CDX Centertrack Antriebsstrang auszur\u00fcsten. Wenn Sie die fr\u00fcheren Beitr\u00e4ge weiter unten auf dieser Seite gelesen haben, dann werden Sie sich vermutlich fragen, warum es zu diesem scheinbaren Sinneswandel gekommen ist. Daher m\u00f6chten wir diesen Schritt gerne begr\u00fcnden.<\/p>\n<p>An unseren grunds\u00e4tzlichen Bedenken gegen\u00fcber dem Carbon Drive, insbesondere der ersten Ausf\u00fchrung, die heute unter der Bezeichnung \u201eCDC Mudport\u201c angeboten wird, hat sich wenig ge\u00e4ndert. Wir sind und bleiben \u00fcberzeugte Bef\u00fcrworter unserer idworx Longlife-Kettenantriebe, und daran haben auch die Langzeittests mit dem Riemenantrieb nichts ge\u00e4ndert, die wir zum Teil mit unseren eigenen R\u00e4dern durchgef\u00fchrt haben.<\/p>\n<p>Wenn Sie Ihr idworx bei jedem Wetter und zu jeder Jahreszeit benutzen oder auch regelm\u00e4\u00dfig nicht asphaltierte Wege befahren, dann empfehlen wir Ihnen nach wie vor ausdr\u00fccklich unseren bew\u00e4hrten Kettenantrieb mit idworx Kettenkasten.<\/p>\n<p>Doch zum Einen gibt es nun schon seit l\u00e4ngerem eine modifizierte Ausf\u00fchrung des Riemens, namens CDX Centertrack, welche die Betriebssicherheit verbessert. Und zum Andern zeigt die Erfahrung aus inzwischen einigen Jahren, dass f\u00fcr die gem\u00e4\u00dfigten Einsatzbedingungen, unter denen die meisten auch hochwertigen Trekkingbikes gefahren werden, die systembedingten Nachteile des Riemens nicht in einem Ma\u00dfe zum Tragen kommen, wie das bei unseren Tests der Fall war.<\/p>\n<p>Doch der entscheidende Grund, warum wir nun auch R\u00e4der mit Riemenantrieb anbieten, ist ein anderer. Ein gewisser Teil unserer Kundschaft verlangt danach. Und da wir wie jeder Fahrradhersteller Fahrr\u00e4der verkaufen m\u00fcssen und nicht \u00fcber Fahrradtechnik diskutieren wollen, sind wir gerne bereit, auf die W\u00fcnsche unserer Kunden einzugehen, <em>falls<\/em> wir es verantworten k\u00f6nnen.<\/p>\n<p>Ein wachsender Anteil der Radfahrer, die heute ein neues Trekkingbike kaufen m\u00f6chten, erwartet, dass es mit einem Riemenantrieb ausgestattet ist, weil sie sich davon Vorteile versprechen. Und viele H\u00e4ndler, darunter auch einige f\u00fcr idworx wichtige Fachhandelspartner, sind ebenfalls vom Riemenantrieb \u00fcberzeugt. De facto sind unsere beiden gr\u00f6\u00dften H\u00e4ndler derart begeisterte Verfechter des Riemenantriebs, dass sie inzwischen nahezu jedes von ihnen verkaufte idworx auf einen Gates Riemenantrieb umr\u00fcsten, noch bevor sie es in den Verkaufsraum stellen.<\/p>\n<p>Insbesondere diesen H\u00e4ndlern wollen wir ihr Gesch\u00e4ft vereinfachen und haben uns daher entschlossen, den Riemenantrieb als <em>Option<\/em> anzubieten. Damit m\u00f6chten wir auch vermeiden helfen, dass ein H\u00e4ndler, der wenig bis keine Erfahrung mit der Montage des Riemenantriebs hat, bei der Nachr\u00fcstung m\u00f6glicherweise einen Fehler begeht, der im schlimmsten Fall zu einem Unfall f\u00fchren kann.<\/p>\n<p>Wenn Sie als zuk\u00fcnftiger K\u00e4ufer eines idworx Fahrrads sich daf\u00fcr einen Riemenantrieb w\u00fcnschen, dann l\u00e4sst sich dieser Wunsch von nun an leichter als bisher in die Tat umsetzen. Ihr H\u00e4ndler bestellt das gew\u00fcnschte Rad einfach mit Riemenantrieb bei uns und erh\u00e4lt es wie gewohnt fahrfertig montiert. Und selbstverst\u00e4ndlich gelten f\u00fcr die von uns mit Riemenantrieb gelieferten Fahrr\u00e4der auch die gleichen Garantiebedingungen wie f\u00fcr Fahrr\u00e4der mit Kettenantrieb. Bitte beachten Sie jedoch, dass der idworx Kettenkasten nicht kompatibel ist mit dem Riemenantrieb.<\/p>\n<p>Mit der Riemenoption ab Werk ergibt sich nun zwangsl\u00e4ufig f\u00fcr viele potentielle K\u00e4ufer eines idworx das, was man gemeinhin als die Qual der Wahl bezeichnet. Die beworbenen Vorteile des Riemenantriebs \u2013 Wartungsarmut, geringer Verschlei\u00df \u2013 wirken auf viele Trekkingbiker verlockend, doch gibt es auch Gr\u00fcnde, die daf\u00fcr sprechen, Ihr k\u00fcnftiges idworx Trekkingbike mit Kettenantrieb zu ordern?<\/p>\n<p>Wir m\u00f6chten Ihnen die Wahl erleichtern, indem wir Ihnen einige Ausschlusskriterien an die Hand geben. Zweifellos werden Sie im Internet viele Erfahrungsberichte finden, nach denen der Riemenantrieb auch unter versch\u00e4rften Einsatzbedingungen problemlos funktionierte. Und wir wollen auch gar nicht die Glaubw\u00fcrdigkeit all\u2019 dieser Berichte in Frage stellen. Doch wir haben eben auch unsere eigenen Testerfahrungen und kennen die Geschichten der Biker, die wieder vom Riemen zur\u00fcck auf die Kette gewechselt sind. Da wir unsere Verantwortung als Hersteller sehr ernst nehmen, m\u00fcssen wir unsere Empfehlungen auf Grundlage des Gesamtbildes der Ergebnisse formulieren, denen wir uneingeschr\u00e4nkt Glauben schenken k\u00f6nnen. Einzelne Erfahrungsberichte von Abenteuertouren durch ferne L\u00e4nder, die problemlos mit Riemenantrieb gelangen, sind eben nur ein Teil der Geschichte. Auch bei einem Auto kann man mit ein bisschen Gl\u00fcck und entsprechender Fahrweise mit einem Motor und ohne Zahnriemenwechsel eine halbe Million Kilometer zur\u00fccklegen. Doch w\u00fcrden Sie deshalb bei Ihrem Auto auf den turnusm\u00e4\u00dfig alle 120.000 km vorgeschriebenen Zahnriemenwechsel verzichten und einen Motorschaden riskieren?<\/p>\n<p>Hier also unsere Ausschlusskriterien. Sollten Sie auf eine (oder gar mehrere) der folgenden Fragen mit Ja antworten, dann empfehlen wir Ihnen, Ihr idworx nicht mit Riemenantrieb auszustatten.<\/p>\n<ol>\n<li><strong>Fahren Sie Ihr Rad auch im Winter auf Schnee oder Schneematsch? <\/strong>Insbesondere Situationen bei Temperaturen um 0\u00b0C sind kritisch, wenn von der durch Streusalz aufgetauten Fahrbahn ein Gemisch aus Schneematsch und Schmutz, in vielen Gegenden angereichert mit Granulat an\u2019s Rad spritzt und dort festfriert.<\/li>\n<li><strong>Fahren Sie ihr Rad auch bei feuchter Witterung abseits asphaltierter Fahrbahnen, so dass das Fahrrad und der Antriebsstrang durch die Laufr\u00e4der mit gr\u00f6\u00dferen Mengen von Schlamm\/Dreck bespritzt wird?<\/strong><\/li>\n<li><strong>M\u00fcssen Sie Ihr Hinterrad h\u00e4ufig ein- und ausbauen, weil sie beispielsweise das Rad in einem relativ kleinen Auto transportieren?<\/strong> Anders als die Kette erfordert der Riemen f\u00fcr die sichere Funktion ja eine gewisse Vorspannung, die den Ein- und Ausbau des Hinterrads erschweren kann. Au\u00dferdem ist der Riemen im ausgebauten Zustand sowie beim Ein- und Ausbau des Hinterrads gef\u00e4hrdet f\u00fcr Knickung, welche die tragenden Carbonfasern des Riemens unsichtbar besch\u00e4digen k\u00f6nnen.<\/li>\n<li><strong>Unternehmen Sie mit Ihrem Rad mehrw\u00f6chige Abenteuertouren?<\/strong> Insbesondere bei Reisen, wo Sie mit Fahrbahnen jedweden Zustands rechnen m\u00fcssen und sich auch nicht wirklich aussuchen k\u00f6nnen, bei welchen Witterungs- oder Fahrbahnzust\u00e4nden Sie Ihr Rad benutzen, \u00fcberwiegt nach unserer Einsch\u00e4tzung das Risiko eines Riemenrisses bzw. einer Besch\u00e4digung der vorderen Riemenscheibe den Vorteil, dass sie damit keine Kette schmieren m\u00fcssen. Zumal die Versorgungssituation mit Ersatzteilen f\u00fcr den Riemenantrieb selbst innerhalb der hoch entwickelten L\u00e4nder noch ziemlich schlecht ist. Von Regionen wie S\u00fcdamerika oder weiten Teilen Asiens oder Afrikas ganz zu schweigen.<\/li>\n<\/ol>\n<hr \/>\n<p><a href=\"\/?page_id=2693\">Gates Carbondrive CDX jetzt auch optional an idworx Mountain Bikes (2015)<\/a><\/p>\n<p>idworx und Riemenantrieb (2014)<\/p>\n<p><a href=\"\/?page_id=2869\">idworx Trekkingbike-Rahmen sind nun belt-ready (2012)<\/a><\/p>\n<p><a href=\"\/?page_id=2874\">Update zu unserem Statement zum Riemenantrieb (2010)<\/a><\/p>\n<p><a href=\"\/?page_id=2867\">Warum gibt es kein idworx mit Riemenantrieb? (2009)<\/a><\/p>\n<p>&nbsp;<\/p>\n","protected":false},"excerpt":{"rendered":"<p>Ab Modelljahr 2015 gibt es f\u00fcr manche Modelle eine Riemenoption ab Werk Ab dem Modelljahr 2015 bieten wir f\u00fcr bestimmte idworx Fahrr\u00e4der die Option, diese ab Werk mit Gates Carbon Drive CDX Centertrack Antriebsstrang auszur\u00fcsten. Wenn Sie die fr\u00fcheren Beitr\u00e4ge weiter unten auf dieser Seite gelesen haben, dann werden Sie sich vermutlich fragen, warum es [&hellip;]<\/p>\n","protected":false},"author":4,"featured_media":0,"parent":2693,"menu_order":0,"comment_status":"closed","ping_status":"closed","template":"","meta":{"footnotes":""},"class_list":["post-2876","page","type-page","status-publish","hentry"],"yoast_head":"<!-- This site is optimized with the Yoast SEO plugin v27.6 - https:\/\/yoast.com\/product\/yoast-seo-wordpress\/ -->\n<title>idworx und Riemenantrieb (01.09.2014) - idworx \u2013 Premium Reiser\u00e4der, Trekking Bikes, E-Bikes &amp; Vakantiefietsen<\/title>\n<meta name=\"robots\" content=\"index, follow, max-snippet:-1, max-image-preview:large, max-video-preview:-1\" \/>\n<link rel=\"canonical\" href=\"https:\/\/www.idworx-bikes.de\/de\/riemenantrieb\/idworx-und-riemenantrieb-2014\" \/>\n<meta property=\"og:locale\" content=\"de_DE\" \/>\n<meta property=\"og:type\" content=\"article\" \/>\n<meta property=\"og:title\" content=\"idworx und Riemenantrieb (01.09.2014) - idworx \u2013 Premium Reiser\u00e4der, Trekking Bikes, E-Bikes &amp; Vakantiefietsen\" \/>\n<meta property=\"og:description\" content=\"Ab Modelljahr 2015 gibt es f\u00fcr manche Modelle eine Riemenoption ab Werk Ab dem Modelljahr 2015 bieten wir f\u00fcr bestimmte idworx Fahrr\u00e4der die Option, diese ab Werk mit Gates Carbon Drive CDX Centertrack Antriebsstrang auszur\u00fcsten. Wenn Sie die fr\u00fcheren Beitr\u00e4ge weiter unten auf dieser Seite gelesen haben, dann werden Sie sich vermutlich fragen, warum es [&hellip;]\" \/>\n<meta property=\"og:url\" content=\"https:\/\/www.idworx-bikes.de\/de\/riemenantrieb\/idworx-und-riemenantrieb-2014\" \/>\n<meta property=\"og:site_name\" content=\"idworx \u2013 Premium Reiser\u00e4der, Trekking Bikes, E-Bikes &amp; Vakantiefietsen\" \/>\n<meta property=\"article:publisher\" content=\"https:\/\/www.facebook.com\/Idworx-202013906499907\/\" \/>\n<meta property=\"article:modified_time\" content=\"2016-11-22T19:42:08+00:00\" \/>\n<meta property=\"og:image\" content=\"https:\/\/www.idworx-bikes.de\/wp-content\/uploads\/2015\/12\/idworx-logo_b.png\" \/>\n\t<meta property=\"og:image:width\" content=\"216\" \/>\n\t<meta property=\"og:image:height\" content=\"69\" \/>\n\t<meta property=\"og:image:type\" content=\"image\/png\" \/>\n<meta name=\"twitter:label1\" content=\"Gesch\u00e4tzte Lesezeit\" \/>\n\t<meta name=\"twitter:data1\" content=\"5\u00a0Minuten\" \/>\n<script type=\"application\/ld+json\" class=\"yoast-schema-graph\">{\"@context\":\"https:\\\/\\\/schema.org\",\"@graph\":[{\"@type\":\"WebPage\",\"@id\":\"https:\\\/\\\/www.idworx-bikes.de\\\/de\\\/riemenantrieb\\\/idworx-und-riemenantrieb-2014\",\"url\":\"https:\\\/\\\/www.idworx-bikes.de\\\/de\\\/riemenantrieb\\\/idworx-und-riemenantrieb-2014\",\"name\":\"idworx und Riemenantrieb (01.09.2014) - idworx \u2013 Premium Reiser\u00e4der, Trekking Bikes, E-Bikes &amp; Vakantiefietsen\",\"isPartOf\":{\"@id\":\"https:\\\/\\\/www.idworx-bikes.de\\\/#website\"},\"datePublished\":\"2016-11-22T17:36:45+00:00\",\"dateModified\":\"2016-11-22T19:42:08+00:00\",\"breadcrumb\":{\"@id\":\"https:\\\/\\\/www.idworx-bikes.de\\\/de\\\/riemenantrieb\\\/idworx-und-riemenantrieb-2014#breadcrumb\"},\"inLanguage\":\"de\",\"potentialAction\":[{\"@type\":\"ReadAction\",\"target\":[\"https:\\\/\\\/www.idworx-bikes.de\\\/de\\\/riemenantrieb\\\/idworx-und-riemenantrieb-2014\"]}]},{\"@type\":\"BreadcrumbList\",\"@id\":\"https:\\\/\\\/www.idworx-bikes.de\\\/de\\\/riemenantrieb\\\/idworx-und-riemenantrieb-2014#breadcrumb\",\"itemListElement\":[{\"@type\":\"ListItem\",\"position\":1,\"name\":\"Home\",\"item\":\"https:\\\/\\\/www.idworx-bikes.de\\\/de\"},{\"@type\":\"ListItem\",\"position\":2,\"name\":\"Riemenantrieb\",\"item\":\"https:\\\/\\\/www.idworx-bikes.de\\\/de\\\/riemenantrieb\"},{\"@type\":\"ListItem\",\"position\":3,\"name\":\"idworx und Riemenantrieb (01.09.2014)\"}]},{\"@type\":\"WebSite\",\"@id\":\"https:\\\/\\\/www.idworx-bikes.de\\\/#website\",\"url\":\"https:\\\/\\\/www.idworx-bikes.de\\\/\",\"name\":\"idworx \u2013 Premium Reiser\u00e4der, Trekking Bikes, E-Bikes &amp; Vakantiefietsen\",\"description\":\"It works! Handgefertigte Bikes f\u00fcr h\u00f6chste Anspr\u00fcche\",\"publisher\":{\"@id\":\"https:\\\/\\\/www.idworx-bikes.de\\\/#organization\"},\"potentialAction\":[{\"@type\":\"SearchAction\",\"target\":{\"@type\":\"EntryPoint\",\"urlTemplate\":\"https:\\\/\\\/www.idworx-bikes.de\\\/?s={search_term_string}\"},\"query-input\":{\"@type\":\"PropertyValueSpecification\",\"valueRequired\":true,\"valueName\":\"search_term_string\"}}],\"inLanguage\":\"de\"},{\"@type\":\"Organization\",\"@id\":\"https:\\\/\\\/www.idworx-bikes.de\\\/#organization\",\"name\":\"idworx\",\"url\":\"https:\\\/\\\/www.idworx-bikes.de\\\/\",\"logo\":{\"@type\":\"ImageObject\",\"inLanguage\":\"de\",\"@id\":\"https:\\\/\\\/www.idworx-bikes.de\\\/#\\\/schema\\\/logo\\\/image\\\/\",\"url\":\"https:\\\/\\\/www.idworx-bikes.de\\\/wp-content\\\/uploads\\\/2015\\\/12\\\/idworx-logo_b.png\",\"contentUrl\":\"https:\\\/\\\/www.idworx-bikes.de\\\/wp-content\\\/uploads\\\/2015\\\/12\\\/idworx-logo_b.png\",\"width\":216,\"height\":69,\"caption\":\"idworx\"},\"image\":{\"@id\":\"https:\\\/\\\/www.idworx-bikes.de\\\/#\\\/schema\\\/logo\\\/image\\\/\"},\"sameAs\":[\"https:\\\/\\\/www.facebook.com\\\/Idworx-202013906499907\\\/\"]}]}<\/script>\n<!-- \/ Yoast SEO plugin. -->","yoast_head_json":{"title":"idworx und Riemenantrieb (01.09.2014) - idworx \u2013 Premium Reiser\u00e4der, Trekking Bikes, E-Bikes &amp; Vakantiefietsen","robots":{"index":"index","follow":"follow","max-snippet":"max-snippet:-1","max-image-preview":"max-image-preview:large","max-video-preview":"max-video-preview:-1"},"canonical":"https:\/\/www.idworx-bikes.de\/de\/riemenantrieb\/idworx-und-riemenantrieb-2014","og_locale":"de_DE","og_type":"article","og_title":"idworx und Riemenantrieb (01.09.2014) - idworx \u2013 Premium Reiser\u00e4der, Trekking Bikes, E-Bikes &amp; Vakantiefietsen","og_description":"Ab Modelljahr 2015 gibt es f\u00fcr manche Modelle eine Riemenoption ab Werk Ab dem Modelljahr 2015 bieten wir f\u00fcr bestimmte idworx Fahrr\u00e4der die Option, diese ab Werk mit Gates Carbon Drive CDX Centertrack Antriebsstrang auszur\u00fcsten. Wenn Sie die fr\u00fcheren Beitr\u00e4ge weiter unten auf dieser Seite gelesen haben, dann werden Sie sich vermutlich fragen, warum es [&hellip;]","og_url":"https:\/\/www.idworx-bikes.de\/de\/riemenantrieb\/idworx-und-riemenantrieb-2014","og_site_name":"idworx \u2013 Premium Reiser\u00e4der, Trekking Bikes, E-Bikes &amp; Vakantiefietsen","article_publisher":"https:\/\/www.facebook.com\/Idworx-202013906499907\/","article_modified_time":"2016-11-22T19:42:08+00:00","og_image":[{"width":216,"height":69,"url":"https:\/\/www.idworx-bikes.de\/wp-content\/uploads\/2015\/12\/idworx-logo_b.png","type":"image\/png"}],"twitter_misc":{"Gesch\u00e4tzte Lesezeit":"5\u00a0Minuten"},"schema":{"@context":"https:\/\/schema.org","@graph":[{"@type":"WebPage","@id":"https:\/\/www.idworx-bikes.de\/de\/riemenantrieb\/idworx-und-riemenantrieb-2014","url":"https:\/\/www.idworx-bikes.de\/de\/riemenantrieb\/idworx-und-riemenantrieb-2014","name":"idworx und Riemenantrieb (01.09.2014) - idworx \u2013 Premium Reiser\u00e4der, Trekking Bikes, E-Bikes &amp; Vakantiefietsen","isPartOf":{"@id":"https:\/\/www.idworx-bikes.de\/#website"},"datePublished":"2016-11-22T17:36:45+00:00","dateModified":"2016-11-22T19:42:08+00:00","breadcrumb":{"@id":"https:\/\/www.idworx-bikes.de\/de\/riemenantrieb\/idworx-und-riemenantrieb-2014#breadcrumb"},"inLanguage":"de","potentialAction":[{"@type":"ReadAction","target":["https:\/\/www.idworx-bikes.de\/de\/riemenantrieb\/idworx-und-riemenantrieb-2014"]}]},{"@type":"BreadcrumbList","@id":"https:\/\/www.idworx-bikes.de\/de\/riemenantrieb\/idworx-und-riemenantrieb-2014#breadcrumb","itemListElement":[{"@type":"ListItem","position":1,"name":"Home","item":"https:\/\/www.idworx-bikes.de\/de"},{"@type":"ListItem","position":2,"name":"Riemenantrieb","item":"https:\/\/www.idworx-bikes.de\/de\/riemenantrieb"},{"@type":"ListItem","position":3,"name":"idworx und Riemenantrieb (01.09.2014)"}]},{"@type":"WebSite","@id":"https:\/\/www.idworx-bikes.de\/#website","url":"https:\/\/www.idworx-bikes.de\/","name":"idworx \u2013 Premium Reiser\u00e4der, Trekking Bikes, E-Bikes &amp; Vakantiefietsen","description":"It works! Handgefertigte Bikes f\u00fcr h\u00f6chste Anspr\u00fcche","publisher":{"@id":"https:\/\/www.idworx-bikes.de\/#organization"},"potentialAction":[{"@type":"SearchAction","target":{"@type":"EntryPoint","urlTemplate":"https:\/\/www.idworx-bikes.de\/?s={search_term_string}"},"query-input":{"@type":"PropertyValueSpecification","valueRequired":true,"valueName":"search_term_string"}}],"inLanguage":"de"},{"@type":"Organization","@id":"https:\/\/www.idworx-bikes.de\/#organization","name":"idworx","url":"https:\/\/www.idworx-bikes.de\/","logo":{"@type":"ImageObject","inLanguage":"de","@id":"https:\/\/www.idworx-bikes.de\/#\/schema\/logo\/image\/","url":"https:\/\/www.idworx-bikes.de\/wp-content\/uploads\/2015\/12\/idworx-logo_b.png","contentUrl":"https:\/\/www.idworx-bikes.de\/wp-content\/uploads\/2015\/12\/idworx-logo_b.png","width":216,"height":69,"caption":"idworx"},"image":{"@id":"https:\/\/www.idworx-bikes.de\/#\/schema\/logo\/image\/"},"sameAs":["https:\/\/www.facebook.com\/Idworx-202013906499907\/"]}]}},"_links":{"self":[{"href":"https:\/\/www.idworx-bikes.de\/de\/wp-json\/wp\/v2\/pages\/2876","targetHints":{"allow":["GET"]}}],"collection":[{"href":"https:\/\/www.idworx-bikes.de\/de\/wp-json\/wp\/v2\/pages"}],"about":[{"href":"https:\/\/www.idworx-bikes.de\/de\/wp-json\/wp\/v2\/types\/page"}],"author":[{"embeddable":true,"href":"https:\/\/www.idworx-bikes.de\/de\/wp-json\/wp\/v2\/users\/4"}],"replies":[{"embeddable":true,"href":"https:\/\/www.idworx-bikes.de\/de\/wp-json\/wp\/v2\/comments?post=2876"}],"version-history":[{"count":7,"href":"https:\/\/www.idworx-bikes.de\/de\/wp-json\/wp\/v2\/pages\/2876\/revisions"}],"predecessor-version":[{"id":2913,"href":"https:\/\/www.idworx-bikes.de\/de\/wp-json\/wp\/v2\/pages\/2876\/revisions\/2913"}],"up":[{"embeddable":true,"href":"https:\/\/www.idworx-bikes.de\/de\/wp-json\/wp\/v2\/pages\/2693"}],"wp:attachment":[{"href":"https:\/\/www.idworx-bikes.de\/de\/wp-json\/wp\/v2\/media?parent=2876"}],"curies":[{"name":"wp","href":"https:\/\/api.w.org\/{rel}","templated":true}]}}