{"id":6828,"date":"2019-02-14T11:23:33","date_gmt":"2019-02-14T10:23:33","guid":{"rendered":"https:\/\/www.idworx-bikes.de\/?page_id=6828"},"modified":"2024-05-07T11:46:23","modified_gmt":"2024-05-07T09:46:23","slug":"12-gruende","status":"publish","type":"page","link":"https:\/\/www.idworx-bikes.de\/de\/12-gruende","title":{"rendered":"12 Gr\u00fcnde"},"content":{"rendered":"<h1><img loading=\"lazy\" decoding=\"async\" class=\"aligncenter wp-image-6979 size-full\" src=\"https:\/\/www.idworx-bikes.de\/wp-content\/uploads\/2024\/05\/Dez-243-scaled.jpg\" alt=\"\" width=\"1800\" height=\"1440\" \/><\/h1>\n<h1>idworx \u2013 perfekte Fahrr\u00e4der aus Leidenschaft<\/h1>\n<ol class=\"gruende\">\n<li>idworx baut die qualitativ besten, ausgereiftesten Fahrr\u00e4der mit den besten technischen Details.<\/li>\n<li>Au\u00dfergew\u00f6hnlich lange, freiwillige Garantiezeiten auf alle idworx-Rahmen:\n<ul>\n<li> Trekking- \/ Adventure- \/ Electric-Rahmen aus Titan: 10 Jahre<\/li>\n<li> Trekking- \/ Adventure- \/ Electric- Rahmen aus Aluminium: 6 Jahre<\/li>\n<li> MTB- \/ Gravel-Rahmen aus Titan: 7 Jahre<\/li>\n<li> MTB- \/ Gravel-Rahmen aus Aluminium: 4 Jahre<\/li>\n<\/ul>\n<\/li>\n<li>Ein echtes Gesamtkonzept: Wir entwickeln nicht nur unsere Rahmen und Gabeln selbst, sondern auch viele der Komponenten, um die extrem hohen Qualit\u00e4tsanspr\u00fcche, die wir anstreben, zu verwirklichen \u2013 Alles ist perfekt aufeinander abgestimmt!<\/li>\n<li>idworx ist die unangefochtene Nummer Eins f\u00fcr Reise- und Trekkingr\u00e4der. Seit f\u00fcnfundzwanzig Jahren haben wir unz\u00e4hlige Testsiege in Deutschen und Niederl\u00e4ndischen Magazinen erzielt und haben die Leserwahl zur &#8220;Best Brand&#8221; des Magazins \u201eTrekking Bike\u201c ohne Ausnahme immer gewonnen.<\/li>\n<li>idworx ist der Pionier f\u00fcr die Weiterentwicklung von Trekkingbikes. Wir sind die Erfinder des Sorglos-Fahrrad-Konzepts und der einzige Hersteller weltweit, der konsequent die Haltbarkeit seiner Fahrr\u00e4der auf extrem lange Lebensdauer optimiert und daf\u00fcr auch eigene Komponenten konstruiert.<\/li>\n<li>Als GG Concepts hat Gerrit Gaastra schon einige Firmen in der Fahrradbranche erfolgreich beraten. F\u00fcr Schwalbe ist er am l\u00e4ngsten t\u00e4tig und war dort der Initiator f\u00fcr viele Entwicklungen in den letzten zwei Jahrzehnten. So gehen die breiten Balloon-Reifen, auf denen die meisten Trekkingbikes heute rollen, auf seine Initiative zur\u00fcck.<\/li>\n<li>Tradition. Gerrit repr\u00e4sentiert hochwertigen Fahrradbau in der vierten Generation. Vor \u00fcber 100 Jahren fing die Familie Gaastra mit der Marke Batavus an. Gerrits Eltern schufen dann die Marke Koga. idworx ist heute die konsequente Fortsetzung und Weiterentwicklung dieser Geschichte.<\/li>\n<li>Wir setzen auf den Vertrieb \u00fcber qualifizierte Fachh\u00e4ndler, um Ihnen einen Ansprechpartner in Ihrer N\u00e4he zu geben.<\/li>\n<li>idworx liefert alle Fahrr\u00e4der perfekt endmontiert beim H\u00e4ndler an. Dieser muss nur noch den Lenker gerade stellen und die Pedale montieren.<\/li>\n<li>Wir lieben und leben alle das Fahrrad!<\/li>\n<li>Wir sind die \u201cindependent bikery with a cycling heart\u201d! Uns machen weder Konzernspitze noch Investor Druck und zwingen uns zu Entscheidungen, die m\u00f6glicherweise unsere Wirtschaftlichkeit verbessern, aber der Qualit\u00e4t unserer Produkte abtr\u00e4glich ist.<\/li>\n<li>Unser pers\u00f6nliches und umfangreiches Beratungsangebot: Besuchen Sie unsere Manufaktur im Rahmen des <a href=\"\/?page_id=2761\">\u201eDrop by Fridays\u201c<\/a> und\/oder sprechen Sie direkt mit dem Chef. Stellen Sie Fragen, geben Sie Anregungen, \u00fcben Sie Kritik. <a href=\"\/?page_id=5604\">\u201eSpeak to Gerrit\u201c<\/a>. Klicken Sie hier, und Gerrit wird sich bei Ihnen melden.<\/li>\n<\/ol>\n","protected":false},"excerpt":{"rendered":"<p>idworx \u2013 perfekte Fahrr\u00e4der aus Leidenschaft idworx baut die qualitativ besten, ausgereiftesten Fahrr\u00e4der mit den besten technischen Details. Au\u00dfergew\u00f6hnlich lange, freiwillige Garantiezeiten auf alle idworx-Rahmen: Trekking- \/ Adventure- \/ Electric-Rahmen aus Titan: 10 Jahre Trekking- \/ Adventure- \/ Electric- Rahmen aus Aluminium: 6 Jahre MTB- \/ Gravel-Rahmen aus Titan: 7 Jahre MTB- \/ Gravel-Rahmen aus [&hellip;]<\/p>\n","protected":false},"author":4,"featured_media":0,"parent":0,"menu_order":0,"comment_status":"closed","ping_status":"closed","template":"","meta":{"footnotes":""},"class_list":["post-6828","page","type-page","status-publish","hentry"],"yoast_head":"<!-- This site is optimized with the Yoast SEO plugin v27.4 - https:\/\/yoast.com\/product\/yoast-seo-wordpress\/ -->\n<title>12 Gr\u00fcnde - idworx \u2013 Premium Reiser\u00e4der, Trekking Bikes, E-Bikes &amp; Vakantiefietsen<\/title>\n<meta name=\"robots\" content=\"index, follow, max-snippet:-1, max-image-preview:large, max-video-preview:-1\" \/>\n<link rel=\"canonical\" href=\"https:\/\/www.idworx-bikes.de\/de\/12-gruende\" \/>\n<meta property=\"og:locale\" content=\"de_DE\" \/>\n<meta property=\"og:type\" content=\"article\" \/>\n<meta property=\"og:title\" content=\"12 Gr\u00fcnde - idworx \u2013 Premium Reiser\u00e4der, Trekking Bikes, E-Bikes &amp; Vakantiefietsen\" \/>\n<meta property=\"og:description\" content=\"idworx \u2013 perfekte Fahrr\u00e4der aus Leidenschaft idworx baut die qualitativ besten, ausgereiftesten Fahrr\u00e4der mit den besten technischen Details. Au\u00dfergew\u00f6hnlich lange, freiwillige Garantiezeiten auf alle idworx-Rahmen: Trekking- \/ Adventure- \/ Electric-Rahmen aus Titan: 10 Jahre Trekking- \/ Adventure- \/ Electric- Rahmen aus Aluminium: 6 Jahre MTB- \/ Gravel-Rahmen aus Titan: 7 Jahre MTB- \/ Gravel-Rahmen aus [&hellip;]\" \/>\n<meta property=\"og:url\" content=\"https:\/\/www.idworx-bikes.de\/de\/12-gruende\" \/>\n<meta property=\"og:site_name\" content=\"idworx \u2013 Premium Reiser\u00e4der, Trekking Bikes, E-Bikes &amp; Vakantiefietsen\" \/>\n<meta property=\"article:publisher\" content=\"https:\/\/www.facebook.com\/Idworx-202013906499907\/\" \/>\n<meta property=\"article:modified_time\" content=\"2024-05-07T09:46:23+00:00\" \/>\n<meta property=\"og:image\" content=\"https:\/\/www.idworx-bikes.de\/wp-content\/uploads\/2024\/05\/Dez-243-scaled.jpg\" \/>\n<meta name=\"twitter:label1\" content=\"Gesch\u00e4tzte Lesezeit\" \/>\n\t<meta name=\"twitter:data1\" content=\"2\u00a0Minuten\" \/>\n<script type=\"application\/ld+json\" class=\"yoast-schema-graph\">{\"@context\":\"https:\\\/\\\/schema.org\",\"@graph\":[{\"@type\":\"WebPage\",\"@id\":\"https:\\\/\\\/www.idworx-bikes.de\\\/de\\\/12-gruende\",\"url\":\"https:\\\/\\\/www.idworx-bikes.de\\\/de\\\/12-gruende\",\"name\":\"12 Gr\u00fcnde - idworx \u2013 Premium Reiser\u00e4der, Trekking Bikes, E-Bikes &amp; Vakantiefietsen\",\"isPartOf\":{\"@id\":\"https:\\\/\\\/www.idworx-bikes.de\\\/#website\"},\"primaryImageOfPage\":{\"@id\":\"https:\\\/\\\/www.idworx-bikes.de\\\/de\\\/12-gruende#primaryimage\"},\"image\":{\"@id\":\"https:\\\/\\\/www.idworx-bikes.de\\\/de\\\/12-gruende#primaryimage\"},\"thumbnailUrl\":\"https:\\\/\\\/www.idworx-bikes.de\\\/wp-content\\\/uploads\\\/2024\\\/05\\\/Dez-243-scaled.jpg\",\"datePublished\":\"2019-02-14T10:23:33+00:00\",\"dateModified\":\"2024-05-07T09:46:23+00:00\",\"breadcrumb\":{\"@id\":\"https:\\\/\\\/www.idworx-bikes.de\\\/de\\\/12-gruende#breadcrumb\"},\"inLanguage\":\"de\",\"potentialAction\":[{\"@type\":\"ReadAction\",\"target\":[\"https:\\\/\\\/www.idworx-bikes.de\\\/de\\\/12-gruende\"]}]},{\"@type\":\"ImageObject\",\"inLanguage\":\"de\",\"@id\":\"https:\\\/\\\/www.idworx-bikes.de\\\/de\\\/12-gruende#primaryimage\",\"url\":\"https:\\\/\\\/www.idworx-bikes.de\\\/wp-content\\\/uploads\\\/2024\\\/05\\\/Dez-243-scaled.jpg\",\"contentUrl\":\"https:\\\/\\\/www.idworx-bikes.de\\\/wp-content\\\/uploads\\\/2024\\\/05\\\/Dez-243-scaled.jpg\"},{\"@type\":\"BreadcrumbList\",\"@id\":\"https:\\\/\\\/www.idworx-bikes.de\\\/de\\\/12-gruende#breadcrumb\",\"itemListElement\":[{\"@type\":\"ListItem\",\"position\":1,\"name\":\"Home\",\"item\":\"https:\\\/\\\/www.idworx-bikes.de\\\/de\"},{\"@type\":\"ListItem\",\"position\":2,\"name\":\"12 Gr\u00fcnde\"}]},{\"@type\":\"WebSite\",\"@id\":\"https:\\\/\\\/www.idworx-bikes.de\\\/#website\",\"url\":\"https:\\\/\\\/www.idworx-bikes.de\\\/\",\"name\":\"idworx \u2013 Premium Reiser\u00e4der, Trekking Bikes, E-Bikes &amp; Vakantiefietsen\",\"description\":\"It works! Handgefertigte Bikes f\u00fcr h\u00f6chste Anspr\u00fcche\",\"publisher\":{\"@id\":\"https:\\\/\\\/www.idworx-bikes.de\\\/#organization\"},\"potentialAction\":[{\"@type\":\"SearchAction\",\"target\":{\"@type\":\"EntryPoint\",\"urlTemplate\":\"https:\\\/\\\/www.idworx-bikes.de\\\/?s={search_term_string}\"},\"query-input\":{\"@type\":\"PropertyValueSpecification\",\"valueRequired\":true,\"valueName\":\"search_term_string\"}}],\"inLanguage\":\"de\"},{\"@type\":\"Organization\",\"@id\":\"https:\\\/\\\/www.idworx-bikes.de\\\/#organization\",\"name\":\"idworx\",\"url\":\"https:\\\/\\\/www.idworx-bikes.de\\\/\",\"logo\":{\"@type\":\"ImageObject\",\"inLanguage\":\"de\",\"@id\":\"https:\\\/\\\/www.idworx-bikes.de\\\/#\\\/schema\\\/logo\\\/image\\\/\",\"url\":\"https:\\\/\\\/www.idworx-bikes.de\\\/wp-content\\\/uploads\\\/2015\\\/12\\\/idworx-logo_b.png\",\"contentUrl\":\"https:\\\/\\\/www.idworx-bikes.de\\\/wp-content\\\/uploads\\\/2015\\\/12\\\/idworx-logo_b.png\",\"width\":216,\"height\":69,\"caption\":\"idworx\"},\"image\":{\"@id\":\"https:\\\/\\\/www.idworx-bikes.de\\\/#\\\/schema\\\/logo\\\/image\\\/\"},\"sameAs\":[\"https:\\\/\\\/www.facebook.com\\\/Idworx-202013906499907\\\/\"]}]}<\/script>\n<!-- \/ Yoast SEO plugin. -->","yoast_head_json":{"title":"12 Gr\u00fcnde - idworx \u2013 Premium Reiser\u00e4der, Trekking Bikes, E-Bikes &amp; Vakantiefietsen","robots":{"index":"index","follow":"follow","max-snippet":"max-snippet:-1","max-image-preview":"max-image-preview:large","max-video-preview":"max-video-preview:-1"},"canonical":"https:\/\/www.idworx-bikes.de\/de\/12-gruende","og_locale":"de_DE","og_type":"article","og_title":"12 Gr\u00fcnde - idworx \u2013 Premium Reiser\u00e4der, Trekking Bikes, E-Bikes &amp; Vakantiefietsen","og_description":"idworx \u2013 perfekte Fahrr\u00e4der aus Leidenschaft idworx baut die qualitativ besten, ausgereiftesten Fahrr\u00e4der mit den besten technischen Details. Au\u00dfergew\u00f6hnlich lange, freiwillige Garantiezeiten auf alle idworx-Rahmen: Trekking- \/ Adventure- \/ Electric-Rahmen aus Titan: 10 Jahre Trekking- \/ Adventure- \/ Electric- Rahmen aus Aluminium: 6 Jahre MTB- \/ Gravel-Rahmen aus Titan: 7 Jahre MTB- \/ Gravel-Rahmen aus [&hellip;]","og_url":"https:\/\/www.idworx-bikes.de\/de\/12-gruende","og_site_name":"idworx \u2013 Premium Reiser\u00e4der, Trekking Bikes, E-Bikes &amp; Vakantiefietsen","article_publisher":"https:\/\/www.facebook.com\/Idworx-202013906499907\/","article_modified_time":"2024-05-07T09:46:23+00:00","og_image":[{"url":"https:\/\/www.idworx-bikes.de\/wp-content\/uploads\/2024\/05\/Dez-243-scaled.jpg","type":"","width":"","height":""}],"twitter_misc":{"Gesch\u00e4tzte Lesezeit":"2\u00a0Minuten"},"schema":{"@context":"https:\/\/schema.org","@graph":[{"@type":"WebPage","@id":"https:\/\/www.idworx-bikes.de\/de\/12-gruende","url":"https:\/\/www.idworx-bikes.de\/de\/12-gruende","name":"12 Gr\u00fcnde - idworx \u2013 Premium Reiser\u00e4der, Trekking Bikes, E-Bikes &amp; Vakantiefietsen","isPartOf":{"@id":"https:\/\/www.idworx-bikes.de\/#website"},"primaryImageOfPage":{"@id":"https:\/\/www.idworx-bikes.de\/de\/12-gruende#primaryimage"},"image":{"@id":"https:\/\/www.idworx-bikes.de\/de\/12-gruende#primaryimage"},"thumbnailUrl":"https:\/\/www.idworx-bikes.de\/wp-content\/uploads\/2024\/05\/Dez-243-scaled.jpg","datePublished":"2019-02-14T10:23:33+00:00","dateModified":"2024-05-07T09:46:23+00:00","breadcrumb":{"@id":"https:\/\/www.idworx-bikes.de\/de\/12-gruende#breadcrumb"},"inLanguage":"de","potentialAction":[{"@type":"ReadAction","target":["https:\/\/www.idworx-bikes.de\/de\/12-gruende"]}]},{"@type":"ImageObject","inLanguage":"de","@id":"https:\/\/www.idworx-bikes.de\/de\/12-gruende#primaryimage","url":"https:\/\/www.idworx-bikes.de\/wp-content\/uploads\/2024\/05\/Dez-243-scaled.jpg","contentUrl":"https:\/\/www.idworx-bikes.de\/wp-content\/uploads\/2024\/05\/Dez-243-scaled.jpg"},{"@type":"BreadcrumbList","@id":"https:\/\/www.idworx-bikes.de\/de\/12-gruende#breadcrumb","itemListElement":[{"@type":"ListItem","position":1,"name":"Home","item":"https:\/\/www.idworx-bikes.de\/de"},{"@type":"ListItem","position":2,"name":"12 Gr\u00fcnde"}]},{"@type":"WebSite","@id":"https:\/\/www.idworx-bikes.de\/#website","url":"https:\/\/www.idworx-bikes.de\/","name":"idworx \u2013 Premium Reiser\u00e4der, Trekking Bikes, E-Bikes &amp; Vakantiefietsen","description":"It works! Handgefertigte Bikes f\u00fcr h\u00f6chste Anspr\u00fcche","publisher":{"@id":"https:\/\/www.idworx-bikes.de\/#organization"},"potentialAction":[{"@type":"SearchAction","target":{"@type":"EntryPoint","urlTemplate":"https:\/\/www.idworx-bikes.de\/?s={search_term_string}"},"query-input":{"@type":"PropertyValueSpecification","valueRequired":true,"valueName":"search_term_string"}}],"inLanguage":"de"},{"@type":"Organization","@id":"https:\/\/www.idworx-bikes.de\/#organization","name":"idworx","url":"https:\/\/www.idworx-bikes.de\/","logo":{"@type":"ImageObject","inLanguage":"de","@id":"https:\/\/www.idworx-bikes.de\/#\/schema\/logo\/image\/","url":"https:\/\/www.idworx-bikes.de\/wp-content\/uploads\/2015\/12\/idworx-logo_b.png","contentUrl":"https:\/\/www.idworx-bikes.de\/wp-content\/uploads\/2015\/12\/idworx-logo_b.png","width":216,"height":69,"caption":"idworx"},"image":{"@id":"https:\/\/www.idworx-bikes.de\/#\/schema\/logo\/image\/"},"sameAs":["https:\/\/www.facebook.com\/Idworx-202013906499907\/"]}]}},"_links":{"self":[{"href":"https:\/\/www.idworx-bikes.de\/de\/wp-json\/wp\/v2\/pages\/6828","targetHints":{"allow":["GET"]}}],"collection":[{"href":"https:\/\/www.idworx-bikes.de\/de\/wp-json\/wp\/v2\/pages"}],"about":[{"href":"https:\/\/www.idworx-bikes.de\/de\/wp-json\/wp\/v2\/types\/page"}],"author":[{"embeddable":true,"href":"https:\/\/www.idworx-bikes.de\/de\/wp-json\/wp\/v2\/users\/4"}],"replies":[{"embeddable":true,"href":"https:\/\/www.idworx-bikes.de\/de\/wp-json\/wp\/v2\/comments?post=6828"}],"version-history":[{"count":25,"href":"https:\/\/www.idworx-bikes.de\/de\/wp-json\/wp\/v2\/pages\/6828\/revisions"}],"predecessor-version":[{"id":12729,"href":"https:\/\/www.idworx-bikes.de\/de\/wp-json\/wp\/v2\/pages\/6828\/revisions\/12729"}],"wp:attachment":[{"href":"https:\/\/www.idworx-bikes.de\/de\/wp-json\/wp\/v2\/media?parent=6828"}],"curies":[{"name":"wp","href":"https:\/\/api.w.org\/{rel}","templated":true}]}}