{"id":6952,"date":"2019-03-12T06:55:01","date_gmt":"2019-03-12T05:55:01","guid":{"rendered":"https:\/\/www.idworx-bikes.de\/?page_id=6952"},"modified":"2026-04-28T13:31:40","modified_gmt":"2026-04-28T11:31:40","slug":"wir-tauschen-unseren-fuhrpark","status":"publish","type":"page","link":"https:\/\/www.idworx-bikes.de\/de\/wir-tauschen-unseren-fuhrpark","title":{"rendered":"% SALES"},"content":{"rendered":"<h1><span style=\"color: black;\">Wir tauschen unseren Fuhrpark<\/span><\/h1>\n<p>Regelm\u00e4\u00dfig bieten wir die M\u00f6glichkeit, unsere &#8220;Drop-by Fridays&#8221; Testr\u00e4der, direkt bei uns in Wachtberg, zu erwerben. Hier finden Sie eine \u00dcbersicht \u00fcber die aktuell verf\u00fcgbaren Modelle. Sprechen Sie uns gerne an, wenn Sie sich f\u00fcr eines dieser Modelle* <a href=\"mailto:jana@bikebasics.de\">interessieren.<\/a><\/p>\n<hr \/>\n<p>&nbsp;<\/p>\n<p><h3><span style=\"color: black;\">Trekking Bikes<\/span><\/h3>\n<p><!--\n<img loading=\"lazy\" decoding=\"async\" src=\"https:\/\/www.idworx-bikes.de\/wp-content\/uploads\/2026\/02\/20260106_140904-scaled.jpg\" alt=\"\" width=\"2000\" height=\"1500\" class=\"alignnone size-full wp-image-14082\" \/>\n\n\n<p>1) All Rohler Man in glossy black, Rahmenh\u00f6he 56cm, Rohloff Nabe, Gates Zahnriemen, idworx DaCrank Kurbel i.V.m. LongLife Innenlager, Drop Bar ( Rennradlenker) USE Titan-Sattelst\u00fctze, Schwalbe Aerothan Schl\u00e4uche, DaBrace Gep\u00e4cktr\u00e4gerverst\u00e4rkung, jetzt 5.500,-\u20ac<\/p>\n\n\n--><br \/>\n<br \/><\/br><br \/>\n<img loading=\"lazy\" decoding=\"async\" src=\"https:\/\/www.idworx-bikes.de\/wp-content\/uploads\/2026\/02\/20260218_120500-scaled.jpg\" alt=\"\" width=\"2000\" height=\"1500\" class=\"alignnone size-full wp-image-14082\" \/><\/p>\n<p>1) Grandone Wachtberg-Edition Ausstellungsrad (0 Km) in super natural, Shimano GRX 1&#215;12 Gruppe, USE Titan-Sattelst\u00fctze, jetzt 5.900,-\u20ac<\/p>\n<h3><span style=\"color: black;\">Adventure Bikes<\/span><\/h3>\n<p><img loading=\"lazy\" decoding=\"async\" src=\"https:\/\/www.idworx-bikes.de\/wp-content\/uploads\/2026\/02\/20260218_121114-scaled.jpg\" alt=\"\" width=\"2000\" height=\"1500\" class=\"alignnone size-full wp-image-14082\" \/><\/p>\n<p>1) oPinion BLT in polar white, Rahmenh\u00f6he 51cm, C1.12 Pinion, DaCover Kettenschutz, DDMute Hinterradnabe, idworx Big Disc Bremsen, jetzt 4.900,-\u20ac<\/p>\n<p><\/br><br \/>\n<img loading=\"lazy\" decoding=\"async\" src=\"https:\/\/www.idworx-bikes.de\/wp-content\/uploads\/2026\/02\/20260218_121402-scaled.jpg\" alt=\"\" width=\"2000\" height=\"1500\" class=\"alignnone size-full wp-image-14082\" \/><\/p>\n<p>2) oPinion BLT in polar white, Rahmenh\u00f6he 56cm, C1.12 Pinion, Cane Creek Visco Headset, idworx Big Disc Bremsen, jetzt 4.500,-\u20ac<\/p>\n<p><\/br><\/p>\n<h3><span style=\"color: black;\">Gaastra Fyts<\/span><\/h3>\n<p><img loading=\"lazy\" decoding=\"async\" src=\"https:\/\/www.idworx-bikes.de\/wp-content\/uploads\/2026\/02\/20260218_132328-scaled.jpg\" alt=\"\" width=\"2000\" height=\"1500\" class=\"alignnone size-full wp-image-14082\" \/><\/p>\n<p>1) Fyts 4.14 Ausstellungsrad in glossy black, Man, Rahmenh\u00f6he 56cm, Rohloff Nabe, Gates Zahnriemen, Magura FIRM tech hydraulische Felgenbremsen, Ergotec Swell winkelverstellbarer Vorbau, jetzt 3.900,-\u20ac<\/p>\n<p><\/br><\/p>\n<p>2) Fyts 4.11 Testrad in glossy black, Man, Rahmenh\u00f6he 56cm, Shimano Alfine 11 Gang Nabe, Kettenkasten, Magura FIRM tech hydraulische Felgenbremsen, Ergotec Swell winkelverstellbarer Vorbau, Cityb\u00fcgel Komfortlenker, jetzt 1.200,-\u20ac<\/p>\n<h3><span style=\"color: black;\">E-Bikes<\/span><\/h3>\n<p>*keine \u00c4nderungen an der Ausstattung m\u00f6glich. Festpreise. Nur Abholung.<\/p>\n","protected":false},"excerpt":{"rendered":"<p>Wir tauschen unseren Fuhrpark Regelm\u00e4\u00dfig bieten wir die M\u00f6glichkeit, unsere &#8220;Drop-by Fridays&#8221; Testr\u00e4der, direkt bei uns in Wachtberg, zu erwerben. Hier finden Sie eine \u00dcbersicht \u00fcber die aktuell verf\u00fcgbaren Modelle. Sprechen Sie uns gerne an, wenn Sie sich f\u00fcr eines dieser Modelle* interessieren. &nbsp; Trekking Bikes 1) Grandone Wachtberg-Edition Ausstellungsrad (0 Km) in super natural, [&hellip;]<\/p>\n","protected":false},"author":4,"featured_media":0,"parent":0,"menu_order":0,"comment_status":"closed","ping_status":"closed","template":"","meta":{"footnotes":""},"class_list":["post-6952","page","type-page","status-publish","hentry"],"yoast_head":"<!-- This site is optimized with the Yoast SEO plugin v27.5 - https:\/\/yoast.com\/product\/yoast-seo-wordpress\/ -->\n<title>% SALES - idworx \u2013 Premium Reiser\u00e4der, Trekking Bikes, E-Bikes &amp; Vakantiefietsen<\/title>\n<meta name=\"robots\" content=\"index, follow, max-snippet:-1, max-image-preview:large, max-video-preview:-1\" \/>\n<link rel=\"canonical\" href=\"https:\/\/www.idworx-bikes.de\/de\/wir-tauschen-unseren-fuhrpark\" \/>\n<meta property=\"og:locale\" content=\"de_DE\" \/>\n<meta property=\"og:type\" content=\"article\" \/>\n<meta property=\"og:title\" content=\"% SALES - idworx \u2013 Premium Reiser\u00e4der, Trekking Bikes, E-Bikes &amp; Vakantiefietsen\" \/>\n<meta property=\"og:description\" content=\"Wir tauschen unseren Fuhrpark Regelm\u00e4\u00dfig bieten wir die M\u00f6glichkeit, unsere &#8220;Drop-by Fridays&#8221; Testr\u00e4der, direkt bei uns in Wachtberg, zu erwerben. Hier finden Sie eine \u00dcbersicht \u00fcber die aktuell verf\u00fcgbaren Modelle. Sprechen Sie uns gerne an, wenn Sie sich f\u00fcr eines dieser Modelle* interessieren. &nbsp; Trekking Bikes 1) Grandone Wachtberg-Edition Ausstellungsrad (0 Km) in super natural, [&hellip;]\" \/>\n<meta property=\"og:url\" content=\"https:\/\/www.idworx-bikes.de\/de\/wir-tauschen-unseren-fuhrpark\" \/>\n<meta property=\"og:site_name\" content=\"idworx \u2013 Premium Reiser\u00e4der, Trekking Bikes, E-Bikes &amp; Vakantiefietsen\" \/>\n<meta property=\"article:publisher\" content=\"https:\/\/www.facebook.com\/Idworx-202013906499907\/\" \/>\n<meta property=\"article:modified_time\" content=\"2026-04-28T11:31:40+00:00\" \/>\n<meta property=\"og:image\" content=\"https:\/\/www.idworx-bikes.de\/wp-content\/uploads\/2026\/02\/20260106_140904-scaled.jpg\" \/>\n<meta name=\"twitter:label1\" content=\"Gesch\u00e4tzte Lesezeit\" \/>\n\t<meta name=\"twitter:data1\" content=\"2\u00a0Minuten\" \/>\n<script type=\"application\/ld+json\" class=\"yoast-schema-graph\">{\"@context\":\"https:\\\/\\\/schema.org\",\"@graph\":[{\"@type\":\"WebPage\",\"@id\":\"https:\\\/\\\/www.idworx-bikes.de\\\/de\\\/wir-tauschen-unseren-fuhrpark\",\"url\":\"https:\\\/\\\/www.idworx-bikes.de\\\/de\\\/wir-tauschen-unseren-fuhrpark\",\"name\":\"% SALES - idworx \u2013 Premium Reiser\u00e4der, Trekking Bikes, E-Bikes &amp; Vakantiefietsen\",\"isPartOf\":{\"@id\":\"https:\\\/\\\/www.idworx-bikes.de\\\/#website\"},\"primaryImageOfPage\":{\"@id\":\"https:\\\/\\\/www.idworx-bikes.de\\\/de\\\/wir-tauschen-unseren-fuhrpark#primaryimage\"},\"image\":{\"@id\":\"https:\\\/\\\/www.idworx-bikes.de\\\/de\\\/wir-tauschen-unseren-fuhrpark#primaryimage\"},\"thumbnailUrl\":\"https:\\\/\\\/www.idworx-bikes.de\\\/wp-content\\\/uploads\\\/2026\\\/02\\\/20260106_140904-scaled.jpg\",\"datePublished\":\"2019-03-12T05:55:01+00:00\",\"dateModified\":\"2026-04-28T11:31:40+00:00\",\"breadcrumb\":{\"@id\":\"https:\\\/\\\/www.idworx-bikes.de\\\/de\\\/wir-tauschen-unseren-fuhrpark#breadcrumb\"},\"inLanguage\":\"de\",\"potentialAction\":[{\"@type\":\"ReadAction\",\"target\":[\"https:\\\/\\\/www.idworx-bikes.de\\\/de\\\/wir-tauschen-unseren-fuhrpark\"]}]},{\"@type\":\"ImageObject\",\"inLanguage\":\"de\",\"@id\":\"https:\\\/\\\/www.idworx-bikes.de\\\/de\\\/wir-tauschen-unseren-fuhrpark#primaryimage\",\"url\":\"https:\\\/\\\/www.idworx-bikes.de\\\/wp-content\\\/uploads\\\/2026\\\/02\\\/20260106_140904-scaled.jpg\",\"contentUrl\":\"https:\\\/\\\/www.idworx-bikes.de\\\/wp-content\\\/uploads\\\/2026\\\/02\\\/20260106_140904-scaled.jpg\"},{\"@type\":\"BreadcrumbList\",\"@id\":\"https:\\\/\\\/www.idworx-bikes.de\\\/de\\\/wir-tauschen-unseren-fuhrpark#breadcrumb\",\"itemListElement\":[{\"@type\":\"ListItem\",\"position\":1,\"name\":\"Home\",\"item\":\"https:\\\/\\\/www.idworx-bikes.de\\\/de\"},{\"@type\":\"ListItem\",\"position\":2,\"name\":\"% SALES\"}]},{\"@type\":\"WebSite\",\"@id\":\"https:\\\/\\\/www.idworx-bikes.de\\\/#website\",\"url\":\"https:\\\/\\\/www.idworx-bikes.de\\\/\",\"name\":\"idworx \u2013 Premium Reiser\u00e4der, Trekking Bikes, E-Bikes &amp; Vakantiefietsen\",\"description\":\"It works! Handgefertigte Bikes f\u00fcr h\u00f6chste Anspr\u00fcche\",\"publisher\":{\"@id\":\"https:\\\/\\\/www.idworx-bikes.de\\\/#organization\"},\"potentialAction\":[{\"@type\":\"SearchAction\",\"target\":{\"@type\":\"EntryPoint\",\"urlTemplate\":\"https:\\\/\\\/www.idworx-bikes.de\\\/?s={search_term_string}\"},\"query-input\":{\"@type\":\"PropertyValueSpecification\",\"valueRequired\":true,\"valueName\":\"search_term_string\"}}],\"inLanguage\":\"de\"},{\"@type\":\"Organization\",\"@id\":\"https:\\\/\\\/www.idworx-bikes.de\\\/#organization\",\"name\":\"idworx\",\"url\":\"https:\\\/\\\/www.idworx-bikes.de\\\/\",\"logo\":{\"@type\":\"ImageObject\",\"inLanguage\":\"de\",\"@id\":\"https:\\\/\\\/www.idworx-bikes.de\\\/#\\\/schema\\\/logo\\\/image\\\/\",\"url\":\"https:\\\/\\\/www.idworx-bikes.de\\\/wp-content\\\/uploads\\\/2015\\\/12\\\/idworx-logo_b.png\",\"contentUrl\":\"https:\\\/\\\/www.idworx-bikes.de\\\/wp-content\\\/uploads\\\/2015\\\/12\\\/idworx-logo_b.png\",\"width\":216,\"height\":69,\"caption\":\"idworx\"},\"image\":{\"@id\":\"https:\\\/\\\/www.idworx-bikes.de\\\/#\\\/schema\\\/logo\\\/image\\\/\"},\"sameAs\":[\"https:\\\/\\\/www.facebook.com\\\/Idworx-202013906499907\\\/\"]}]}<\/script>\n<!-- \/ Yoast SEO plugin. -->","yoast_head_json":{"title":"% SALES - idworx \u2013 Premium Reiser\u00e4der, Trekking Bikes, E-Bikes &amp; Vakantiefietsen","robots":{"index":"index","follow":"follow","max-snippet":"max-snippet:-1","max-image-preview":"max-image-preview:large","max-video-preview":"max-video-preview:-1"},"canonical":"https:\/\/www.idworx-bikes.de\/de\/wir-tauschen-unseren-fuhrpark","og_locale":"de_DE","og_type":"article","og_title":"% SALES - idworx \u2013 Premium Reiser\u00e4der, Trekking Bikes, E-Bikes &amp; Vakantiefietsen","og_description":"Wir tauschen unseren Fuhrpark Regelm\u00e4\u00dfig bieten wir die M\u00f6glichkeit, unsere &#8220;Drop-by Fridays&#8221; Testr\u00e4der, direkt bei uns in Wachtberg, zu erwerben. Hier finden Sie eine \u00dcbersicht \u00fcber die aktuell verf\u00fcgbaren Modelle. Sprechen Sie uns gerne an, wenn Sie sich f\u00fcr eines dieser Modelle* interessieren. &nbsp; Trekking Bikes 1) Grandone Wachtberg-Edition Ausstellungsrad (0 Km) in super natural, [&hellip;]","og_url":"https:\/\/www.idworx-bikes.de\/de\/wir-tauschen-unseren-fuhrpark","og_site_name":"idworx \u2013 Premium Reiser\u00e4der, Trekking Bikes, E-Bikes &amp; Vakantiefietsen","article_publisher":"https:\/\/www.facebook.com\/Idworx-202013906499907\/","article_modified_time":"2026-04-28T11:31:40+00:00","og_image":[{"url":"https:\/\/www.idworx-bikes.de\/wp-content\/uploads\/2026\/02\/20260106_140904-scaled.jpg","type":"","width":"","height":""}],"twitter_misc":{"Gesch\u00e4tzte Lesezeit":"2\u00a0Minuten"},"schema":{"@context":"https:\/\/schema.org","@graph":[{"@type":"WebPage","@id":"https:\/\/www.idworx-bikes.de\/de\/wir-tauschen-unseren-fuhrpark","url":"https:\/\/www.idworx-bikes.de\/de\/wir-tauschen-unseren-fuhrpark","name":"% SALES - idworx \u2013 Premium Reiser\u00e4der, Trekking Bikes, E-Bikes &amp; Vakantiefietsen","isPartOf":{"@id":"https:\/\/www.idworx-bikes.de\/#website"},"primaryImageOfPage":{"@id":"https:\/\/www.idworx-bikes.de\/de\/wir-tauschen-unseren-fuhrpark#primaryimage"},"image":{"@id":"https:\/\/www.idworx-bikes.de\/de\/wir-tauschen-unseren-fuhrpark#primaryimage"},"thumbnailUrl":"https:\/\/www.idworx-bikes.de\/wp-content\/uploads\/2026\/02\/20260106_140904-scaled.jpg","datePublished":"2019-03-12T05:55:01+00:00","dateModified":"2026-04-28T11:31:40+00:00","breadcrumb":{"@id":"https:\/\/www.idworx-bikes.de\/de\/wir-tauschen-unseren-fuhrpark#breadcrumb"},"inLanguage":"de","potentialAction":[{"@type":"ReadAction","target":["https:\/\/www.idworx-bikes.de\/de\/wir-tauschen-unseren-fuhrpark"]}]},{"@type":"ImageObject","inLanguage":"de","@id":"https:\/\/www.idworx-bikes.de\/de\/wir-tauschen-unseren-fuhrpark#primaryimage","url":"https:\/\/www.idworx-bikes.de\/wp-content\/uploads\/2026\/02\/20260106_140904-scaled.jpg","contentUrl":"https:\/\/www.idworx-bikes.de\/wp-content\/uploads\/2026\/02\/20260106_140904-scaled.jpg"},{"@type":"BreadcrumbList","@id":"https:\/\/www.idworx-bikes.de\/de\/wir-tauschen-unseren-fuhrpark#breadcrumb","itemListElement":[{"@type":"ListItem","position":1,"name":"Home","item":"https:\/\/www.idworx-bikes.de\/de"},{"@type":"ListItem","position":2,"name":"% SALES"}]},{"@type":"WebSite","@id":"https:\/\/www.idworx-bikes.de\/#website","url":"https:\/\/www.idworx-bikes.de\/","name":"idworx \u2013 Premium Reiser\u00e4der, Trekking Bikes, E-Bikes &amp; Vakantiefietsen","description":"It works! Handgefertigte Bikes f\u00fcr h\u00f6chste Anspr\u00fcche","publisher":{"@id":"https:\/\/www.idworx-bikes.de\/#organization"},"potentialAction":[{"@type":"SearchAction","target":{"@type":"EntryPoint","urlTemplate":"https:\/\/www.idworx-bikes.de\/?s={search_term_string}"},"query-input":{"@type":"PropertyValueSpecification","valueRequired":true,"valueName":"search_term_string"}}],"inLanguage":"de"},{"@type":"Organization","@id":"https:\/\/www.idworx-bikes.de\/#organization","name":"idworx","url":"https:\/\/www.idworx-bikes.de\/","logo":{"@type":"ImageObject","inLanguage":"de","@id":"https:\/\/www.idworx-bikes.de\/#\/schema\/logo\/image\/","url":"https:\/\/www.idworx-bikes.de\/wp-content\/uploads\/2015\/12\/idworx-logo_b.png","contentUrl":"https:\/\/www.idworx-bikes.de\/wp-content\/uploads\/2015\/12\/idworx-logo_b.png","width":216,"height":69,"caption":"idworx"},"image":{"@id":"https:\/\/www.idworx-bikes.de\/#\/schema\/logo\/image\/"},"sameAs":["https:\/\/www.facebook.com\/Idworx-202013906499907\/"]}]}},"_links":{"self":[{"href":"https:\/\/www.idworx-bikes.de\/de\/wp-json\/wp\/v2\/pages\/6952","targetHints":{"allow":["GET"]}}],"collection":[{"href":"https:\/\/www.idworx-bikes.de\/de\/wp-json\/wp\/v2\/pages"}],"about":[{"href":"https:\/\/www.idworx-bikes.de\/de\/wp-json\/wp\/v2\/types\/page"}],"author":[{"embeddable":true,"href":"https:\/\/www.idworx-bikes.de\/de\/wp-json\/wp\/v2\/users\/4"}],"replies":[{"embeddable":true,"href":"https:\/\/www.idworx-bikes.de\/de\/wp-json\/wp\/v2\/comments?post=6952"}],"version-history":[{"count":78,"href":"https:\/\/www.idworx-bikes.de\/de\/wp-json\/wp\/v2\/pages\/6952\/revisions"}],"predecessor-version":[{"id":14261,"href":"https:\/\/www.idworx-bikes.de\/de\/wp-json\/wp\/v2\/pages\/6952\/revisions\/14261"}],"wp:attachment":[{"href":"https:\/\/www.idworx-bikes.de\/de\/wp-json\/wp\/v2\/media?parent=6952"}],"curies":[{"name":"wp","href":"https:\/\/api.w.org\/{rel}","templated":true}]}}