{"id":7777,"date":"2020-01-17T16:07:59","date_gmt":"2020-01-17T15:07:59","guid":{"rendered":"https:\/\/www.idworx-bikes.de\/7777-2"},"modified":"2024-02-08T17:08:20","modified_gmt":"2024-02-08T16:08:20","slug":"7777-2","status":"publish","type":"page","link":"https:\/\/www.idworx-bikes.de\/de\/7777-2","title":{"rendered":"Idworx Colour Program"},"content":{"rendered":"<div class=\"\">\n<p>Das idworx colour program &#8211; kurz iCP &#8211; gibt Ihnen nun die M\u00f6glichkeit ihr idworx Fahrrad auch farblich ihren W\u00fcnschen anzupassen und zu individualisieren. W\u00e4hlen Sie aus insgesamt 208* Farben der RAL K5 classic Farbparlette. Zus\u00e4tzlich stehen 10** verschiedene Dekorfarben zur Auswahl (idworx Schriftzug). Das Oberfl\u00e4chenfinish ist in gl\u00e4nzend oder seiden matt erh\u00e4ltlich. So ergeben sich unz\u00e4hlige M\u00f6glichkeiten ihr pers\u00f6nliches idworx Fahrrad zu gestalten.<br \/>\nDer Mehrpreis f\u00fcr eine solche Individuallackierung liegt bei \u20ac 375,00.<br \/>\nPulverbeschichtung made in Germany<\/p>\n<p>Hierbei gilt zu beachten! Durch die aufwendige Bearbeitung von Aluminiumrohren, wie sie im Rahmenbau Verwendung finden, z.B. Hydroforming, Konifizierung, W\u00e4rmebehandlung usw., kann nicht gew\u00e4hrleistet werden, dass die Rohroberfl\u00e4chen immer absolut ebenm\u00e4\u00dfig sind.<br \/>\nJe nach Beschaffenheit und Ton der jeweilig gew\u00fcnschten Farbe, k\u00f6nnen diese Imperferktionen eventuell etwas hervorgehoben werden.<br \/>\nDes Weiteren k\u00f6nnen Lackeinschl\u00fcsse durch Staub oder Pigmente anderer Farben nicht zu 100% ausgeschlossen werden.<br \/>\n<a href=\"https:\/\/www.ral-shop.com\/de\/alle-ral-farbnamen\/ral-classic-farben\/\" target=\"_blank\" rel=\"noopener noreferrer\">RAL K5 classic<\/a><\/p>\n<p>*Eine Lackierung in folgenden Leuchtfarben ist nicht m\u00f6glich:<br \/>\nLeuchtgelb RAL 1026<br \/>\nLeuchtorange RAL 2005<br \/>\nLeuchtorange RAL 2007<br \/>\nLeuchtrot RAL 3024<br \/>\nLeuchtrot RAL 3026<br \/>\nLeuchtgr\u00fcn RAL 6038<\/p>\n<p>*Folgende Farben k\u00f6nnen nicht mit mattem Finish lackiert werden:<br \/>\nSignalwei\u00df RAL 9003<br \/>\nRein Wei\u00df RAL 9010<br \/>\nVerkehrswei\u00df RAL 9016<\/p>\n<p>*Beachten Sie bitte, dass die gew\u00e4hlte RAL Grundfarbe durch das Beimischen von Metallic-Partikeln aufgehellt<br \/>\nwird.<\/p>\n<p>**Dekorfarben<br \/>\n1) White RAL 9003<br \/>\n2) Black RAL 9005<br \/>\n3) Traffic Grey RAL 7016<br \/>\n4) Silver RAL 9006<br \/>\n5) Orange RAL 2008<br \/>\n6) Dark Red RAL 3001<br \/>\n7) Gold<br \/>\n8) Ultra<br \/>\n9) Mint<br \/>\n10) Grass Green RAL 6018<\/p>\n<\/div>\n","protected":false},"excerpt":{"rendered":"<p>Das idworx colour program &#8211; kurz iCP &#8211; gibt Ihnen nun die M\u00f6glichkeit ihr idworx Fahrrad auch farblich ihren W\u00fcnschen anzupassen und zu individualisieren. W\u00e4hlen Sie aus insgesamt 208* Farben der RAL K5 classic Farbparlette. Zus\u00e4tzlich stehen 10** verschiedene Dekorfarben zur Auswahl (idworx Schriftzug). Das Oberfl\u00e4chenfinish ist in gl\u00e4nzend oder seiden matt erh\u00e4ltlich. So ergeben [&hellip;]<\/p>\n","protected":false},"author":10,"featured_media":7767,"parent":0,"menu_order":0,"comment_status":"closed","ping_status":"closed","template":"","meta":{"footnotes":""},"class_list":["post-7777","page","type-page","status-publish","has-post-thumbnail","hentry"],"yoast_head":"<!-- This site is optimized with the Yoast SEO plugin v27.5 - https:\/\/yoast.com\/product\/yoast-seo-wordpress\/ -->\n<title>Idworx Colour Program - idworx \u2013 Premium Reiser\u00e4der, Trekking Bikes, E-Bikes &amp; Vakantiefietsen<\/title>\n<meta name=\"robots\" content=\"index, follow, max-snippet:-1, max-image-preview:large, max-video-preview:-1\" \/>\n<link rel=\"canonical\" href=\"https:\/\/www.idworx-bikes.de\/de\/7777-2\" \/>\n<meta property=\"og:locale\" content=\"de_DE\" \/>\n<meta property=\"og:type\" content=\"article\" \/>\n<meta property=\"og:title\" content=\"Idworx Colour Program - idworx \u2013 Premium Reiser\u00e4der, Trekking Bikes, E-Bikes &amp; Vakantiefietsen\" \/>\n<meta property=\"og:description\" content=\"Das idworx colour program &#8211; kurz iCP &#8211; gibt Ihnen nun die M\u00f6glichkeit ihr idworx Fahrrad auch farblich ihren W\u00fcnschen anzupassen und zu individualisieren. W\u00e4hlen Sie aus insgesamt 208* Farben der RAL K5 classic Farbparlette. Zus\u00e4tzlich stehen 10** verschiedene Dekorfarben zur Auswahl (idworx Schriftzug). Das Oberfl\u00e4chenfinish ist in gl\u00e4nzend oder seiden matt erh\u00e4ltlich. So ergeben [&hellip;]\" \/>\n<meta property=\"og:url\" content=\"https:\/\/www.idworx-bikes.de\/de\/7777-2\" \/>\n<meta property=\"og:site_name\" content=\"idworx \u2013 Premium Reiser\u00e4der, Trekking Bikes, E-Bikes &amp; Vakantiefietsen\" \/>\n<meta property=\"article:publisher\" content=\"https:\/\/www.facebook.com\/Idworx-202013906499907\/\" \/>\n<meta property=\"article:modified_time\" content=\"2024-02-08T16:08:20+00:00\" \/>\n<meta property=\"og:image\" content=\"https:\/\/www.idworx-bikes.de\/wp-content\/uploads\/2020\/01\/5264_idworx-cp_outline.jpg\" \/>\n\t<meta property=\"og:image:width\" content=\"2560\" \/>\n\t<meta property=\"og:image:height\" content=\"681\" \/>\n\t<meta property=\"og:image:type\" content=\"image\/jpeg\" \/>\n<meta name=\"twitter:label1\" content=\"Gesch\u00e4tzte Lesezeit\" \/>\n\t<meta name=\"twitter:data1\" content=\"2\u00a0Minuten\" \/>\n<script type=\"application\/ld+json\" class=\"yoast-schema-graph\">{\"@context\":\"https:\\\/\\\/schema.org\",\"@graph\":[{\"@type\":\"WebPage\",\"@id\":\"https:\\\/\\\/www.idworx-bikes.de\\\/de\\\/7777-2\",\"url\":\"https:\\\/\\\/www.idworx-bikes.de\\\/de\\\/7777-2\",\"name\":\"Idworx Colour Program - idworx \u2013 Premium Reiser\u00e4der, Trekking Bikes, E-Bikes &amp; Vakantiefietsen\",\"isPartOf\":{\"@id\":\"https:\\\/\\\/www.idworx-bikes.de\\\/#website\"},\"primaryImageOfPage\":{\"@id\":\"https:\\\/\\\/www.idworx-bikes.de\\\/de\\\/7777-2#primaryimage\"},\"image\":{\"@id\":\"https:\\\/\\\/www.idworx-bikes.de\\\/de\\\/7777-2#primaryimage\"},\"thumbnailUrl\":\"https:\\\/\\\/www.idworx-bikes.de\\\/wp-content\\\/uploads\\\/2020\\\/01\\\/5264_idworx-cp_outline.jpg\",\"datePublished\":\"2020-01-17T15:07:59+00:00\",\"dateModified\":\"2024-02-08T16:08:20+00:00\",\"breadcrumb\":{\"@id\":\"https:\\\/\\\/www.idworx-bikes.de\\\/de\\\/7777-2#breadcrumb\"},\"inLanguage\":\"de\",\"potentialAction\":[{\"@type\":\"ReadAction\",\"target\":[\"https:\\\/\\\/www.idworx-bikes.de\\\/de\\\/7777-2\"]}]},{\"@type\":\"ImageObject\",\"inLanguage\":\"de\",\"@id\":\"https:\\\/\\\/www.idworx-bikes.de\\\/de\\\/7777-2#primaryimage\",\"url\":\"https:\\\/\\\/www.idworx-bikes.de\\\/wp-content\\\/uploads\\\/2020\\\/01\\\/5264_idworx-cp_outline.jpg\",\"contentUrl\":\"https:\\\/\\\/www.idworx-bikes.de\\\/wp-content\\\/uploads\\\/2020\\\/01\\\/5264_idworx-cp_outline.jpg\",\"width\":2560,\"height\":681},{\"@type\":\"BreadcrumbList\",\"@id\":\"https:\\\/\\\/www.idworx-bikes.de\\\/de\\\/7777-2#breadcrumb\",\"itemListElement\":[{\"@type\":\"ListItem\",\"position\":1,\"name\":\"Home\",\"item\":\"https:\\\/\\\/www.idworx-bikes.de\\\/de\"},{\"@type\":\"ListItem\",\"position\":2,\"name\":\"Idworx Colour Program\"}]},{\"@type\":\"WebSite\",\"@id\":\"https:\\\/\\\/www.idworx-bikes.de\\\/#website\",\"url\":\"https:\\\/\\\/www.idworx-bikes.de\\\/\",\"name\":\"idworx \u2013 Premium Reiser\u00e4der, Trekking Bikes, E-Bikes &amp; Vakantiefietsen\",\"description\":\"It works! Handgefertigte Bikes f\u00fcr h\u00f6chste Anspr\u00fcche\",\"publisher\":{\"@id\":\"https:\\\/\\\/www.idworx-bikes.de\\\/#organization\"},\"potentialAction\":[{\"@type\":\"SearchAction\",\"target\":{\"@type\":\"EntryPoint\",\"urlTemplate\":\"https:\\\/\\\/www.idworx-bikes.de\\\/?s={search_term_string}\"},\"query-input\":{\"@type\":\"PropertyValueSpecification\",\"valueRequired\":true,\"valueName\":\"search_term_string\"}}],\"inLanguage\":\"de\"},{\"@type\":\"Organization\",\"@id\":\"https:\\\/\\\/www.idworx-bikes.de\\\/#organization\",\"name\":\"idworx\",\"url\":\"https:\\\/\\\/www.idworx-bikes.de\\\/\",\"logo\":{\"@type\":\"ImageObject\",\"inLanguage\":\"de\",\"@id\":\"https:\\\/\\\/www.idworx-bikes.de\\\/#\\\/schema\\\/logo\\\/image\\\/\",\"url\":\"https:\\\/\\\/www.idworx-bikes.de\\\/wp-content\\\/uploads\\\/2015\\\/12\\\/idworx-logo_b.png\",\"contentUrl\":\"https:\\\/\\\/www.idworx-bikes.de\\\/wp-content\\\/uploads\\\/2015\\\/12\\\/idworx-logo_b.png\",\"width\":216,\"height\":69,\"caption\":\"idworx\"},\"image\":{\"@id\":\"https:\\\/\\\/www.idworx-bikes.de\\\/#\\\/schema\\\/logo\\\/image\\\/\"},\"sameAs\":[\"https:\\\/\\\/www.facebook.com\\\/Idworx-202013906499907\\\/\"]}]}<\/script>\n<!-- \/ Yoast SEO plugin. -->","yoast_head_json":{"title":"Idworx Colour Program - idworx \u2013 Premium Reiser\u00e4der, Trekking Bikes, E-Bikes &amp; Vakantiefietsen","robots":{"index":"index","follow":"follow","max-snippet":"max-snippet:-1","max-image-preview":"max-image-preview:large","max-video-preview":"max-video-preview:-1"},"canonical":"https:\/\/www.idworx-bikes.de\/de\/7777-2","og_locale":"de_DE","og_type":"article","og_title":"Idworx Colour Program - idworx \u2013 Premium Reiser\u00e4der, Trekking Bikes, E-Bikes &amp; Vakantiefietsen","og_description":"Das idworx colour program &#8211; kurz iCP &#8211; gibt Ihnen nun die M\u00f6glichkeit ihr idworx Fahrrad auch farblich ihren W\u00fcnschen anzupassen und zu individualisieren. W\u00e4hlen Sie aus insgesamt 208* Farben der RAL K5 classic Farbparlette. Zus\u00e4tzlich stehen 10** verschiedene Dekorfarben zur Auswahl (idworx Schriftzug). Das Oberfl\u00e4chenfinish ist in gl\u00e4nzend oder seiden matt erh\u00e4ltlich. So ergeben [&hellip;]","og_url":"https:\/\/www.idworx-bikes.de\/de\/7777-2","og_site_name":"idworx \u2013 Premium Reiser\u00e4der, Trekking Bikes, E-Bikes &amp; Vakantiefietsen","article_publisher":"https:\/\/www.facebook.com\/Idworx-202013906499907\/","article_modified_time":"2024-02-08T16:08:20+00:00","og_image":[{"width":2560,"height":681,"url":"https:\/\/www.idworx-bikes.de\/wp-content\/uploads\/2020\/01\/5264_idworx-cp_outline.jpg","type":"image\/jpeg"}],"twitter_misc":{"Gesch\u00e4tzte Lesezeit":"2\u00a0Minuten"},"schema":{"@context":"https:\/\/schema.org","@graph":[{"@type":"WebPage","@id":"https:\/\/www.idworx-bikes.de\/de\/7777-2","url":"https:\/\/www.idworx-bikes.de\/de\/7777-2","name":"Idworx Colour Program - idworx \u2013 Premium Reiser\u00e4der, Trekking Bikes, E-Bikes &amp; Vakantiefietsen","isPartOf":{"@id":"https:\/\/www.idworx-bikes.de\/#website"},"primaryImageOfPage":{"@id":"https:\/\/www.idworx-bikes.de\/de\/7777-2#primaryimage"},"image":{"@id":"https:\/\/www.idworx-bikes.de\/de\/7777-2#primaryimage"},"thumbnailUrl":"https:\/\/www.idworx-bikes.de\/wp-content\/uploads\/2020\/01\/5264_idworx-cp_outline.jpg","datePublished":"2020-01-17T15:07:59+00:00","dateModified":"2024-02-08T16:08:20+00:00","breadcrumb":{"@id":"https:\/\/www.idworx-bikes.de\/de\/7777-2#breadcrumb"},"inLanguage":"de","potentialAction":[{"@type":"ReadAction","target":["https:\/\/www.idworx-bikes.de\/de\/7777-2"]}]},{"@type":"ImageObject","inLanguage":"de","@id":"https:\/\/www.idworx-bikes.de\/de\/7777-2#primaryimage","url":"https:\/\/www.idworx-bikes.de\/wp-content\/uploads\/2020\/01\/5264_idworx-cp_outline.jpg","contentUrl":"https:\/\/www.idworx-bikes.de\/wp-content\/uploads\/2020\/01\/5264_idworx-cp_outline.jpg","width":2560,"height":681},{"@type":"BreadcrumbList","@id":"https:\/\/www.idworx-bikes.de\/de\/7777-2#breadcrumb","itemListElement":[{"@type":"ListItem","position":1,"name":"Home","item":"https:\/\/www.idworx-bikes.de\/de"},{"@type":"ListItem","position":2,"name":"Idworx Colour Program"}]},{"@type":"WebSite","@id":"https:\/\/www.idworx-bikes.de\/#website","url":"https:\/\/www.idworx-bikes.de\/","name":"idworx \u2013 Premium Reiser\u00e4der, Trekking Bikes, E-Bikes &amp; Vakantiefietsen","description":"It works! Handgefertigte Bikes f\u00fcr h\u00f6chste Anspr\u00fcche","publisher":{"@id":"https:\/\/www.idworx-bikes.de\/#organization"},"potentialAction":[{"@type":"SearchAction","target":{"@type":"EntryPoint","urlTemplate":"https:\/\/www.idworx-bikes.de\/?s={search_term_string}"},"query-input":{"@type":"PropertyValueSpecification","valueRequired":true,"valueName":"search_term_string"}}],"inLanguage":"de"},{"@type":"Organization","@id":"https:\/\/www.idworx-bikes.de\/#organization","name":"idworx","url":"https:\/\/www.idworx-bikes.de\/","logo":{"@type":"ImageObject","inLanguage":"de","@id":"https:\/\/www.idworx-bikes.de\/#\/schema\/logo\/image\/","url":"https:\/\/www.idworx-bikes.de\/wp-content\/uploads\/2015\/12\/idworx-logo_b.png","contentUrl":"https:\/\/www.idworx-bikes.de\/wp-content\/uploads\/2015\/12\/idworx-logo_b.png","width":216,"height":69,"caption":"idworx"},"image":{"@id":"https:\/\/www.idworx-bikes.de\/#\/schema\/logo\/image\/"},"sameAs":["https:\/\/www.facebook.com\/Idworx-202013906499907\/"]}]}},"_links":{"self":[{"href":"https:\/\/www.idworx-bikes.de\/de\/wp-json\/wp\/v2\/pages\/7777","targetHints":{"allow":["GET"]}}],"collection":[{"href":"https:\/\/www.idworx-bikes.de\/de\/wp-json\/wp\/v2\/pages"}],"about":[{"href":"https:\/\/www.idworx-bikes.de\/de\/wp-json\/wp\/v2\/types\/page"}],"author":[{"embeddable":true,"href":"https:\/\/www.idworx-bikes.de\/de\/wp-json\/wp\/v2\/users\/10"}],"replies":[{"embeddable":true,"href":"https:\/\/www.idworx-bikes.de\/de\/wp-json\/wp\/v2\/comments?post=7777"}],"version-history":[{"count":11,"href":"https:\/\/www.idworx-bikes.de\/de\/wp-json\/wp\/v2\/pages\/7777\/revisions"}],"predecessor-version":[{"id":12349,"href":"https:\/\/www.idworx-bikes.de\/de\/wp-json\/wp\/v2\/pages\/7777\/revisions\/12349"}],"wp:featuredmedia":[{"embeddable":true,"href":"https:\/\/www.idworx-bikes.de\/de\/wp-json\/wp\/v2\/media\/7767"}],"wp:attachment":[{"href":"https:\/\/www.idworx-bikes.de\/de\/wp-json\/wp\/v2\/media?parent=7777"}],"curies":[{"name":"wp","href":"https:\/\/api.w.org\/{rel}","templated":true}]}}