{"id":8323,"date":"2020-10-02T13:53:41","date_gmt":"2020-10-02T11:53:41","guid":{"rendered":"https:\/\/www.idworx-bikes.de\/neuigkeiten"},"modified":"2020-10-02T19:21:38","modified_gmt":"2020-10-02T17:21:38","slug":"neuigkeiten","status":"publish","type":"page","link":"https:\/\/www.idworx-bikes.de\/de\/neuigkeiten","title":{"rendered":"Neuigkeiten"},"content":{"rendered":"<ul class=\"lcp_catlist\" id=\"lcp_instance_1\"><li><a href=\"https:\/\/www.idworx-bikes.de\/de\/opinion-wachtberg-edition-testsieg-in-radfahren-03-2026\" title=\"oPinion Wachtberg-Edition: Testsieg in &quot;RADfahren&quot; 03\/2026\"><img loading=\"lazy\" decoding=\"async\" width=\"160\" height=\"160\" src=\"https:\/\/www.idworx-bikes.de\/wp-content\/uploads\/2025\/09\/BBG_2398-cor-250x250.jpeg\" class=\"news_thumb wp-post-image\" alt=\"oPinion Wachtberg-Edition: Testsieg in &quot;RADfahren&quot; 03\/2026\" srcset=\"https:\/\/www.idworx-bikes.de\/wp-content\/uploads\/2025\/09\/BBG_2398-cor-250x250.jpeg 250w, https:\/\/www.idworx-bikes.de\/wp-content\/uploads\/2025\/09\/BBG_2398-cor-100x100.jpeg 100w\" sizes=\"auto, (max-width: 160px) 100vw, 160px\" \/><\/a><a href=\"https:\/\/www.idworx-bikes.de\/de\/opinion-wachtberg-edition-testsieg-in-radfahren-03-2026\" class=\"lcp_title\">oPinion Wachtberg-Edition: Testsieg in &#8220;RADfahren&#8221; 03\/2026<\/a><div class=\"lcp_excerpt\">Im Vergleichstest Reiser\u00e4der der Fachzeitschrift &#8220;RADfahren&#8221; 03\/2026 hat  unser oPinion Trekkingfahrrad in der Wachtberg-Edition den Testsieg eingefahren und konnte sich gegen die 6 Mitbewerber durchsetzten.  Zitat der Testcrew: &#8220;Das Idworx-Gesamtkonzept \u00fcberzeugt uns und verdient den Gesamtsieg im Radfahren Reiserad-Test 2026. &#8221;\nHier geht es zum ...<\/div><span class=\"lcp_author\">Jana Kalbertodt<\/span><span class=\"lcp_date\">  28.04.2026<\/span><\/li><li><a href=\"https:\/\/www.idworx-bikes.de\/de\/meet-the-great-hans-at-the-cyclingworld\" title=\"Meet &quot;The Great Hans&quot; at the Cyclingworld\"><img loading=\"lazy\" decoding=\"async\" width=\"160\" height=\"160\" src=\"https:\/\/www.idworx-bikes.de\/wp-content\/uploads\/2026\/03\/Einladung-cyclingworld-12.48.20-250x250.png\" class=\"news_thumb wp-post-image\" alt=\"Meet &quot;The Great Hans&quot; at the Cyclingworld\" srcset=\"https:\/\/www.idworx-bikes.de\/wp-content\/uploads\/2026\/03\/Einladung-cyclingworld-12.48.20-250x250.png 250w, https:\/\/www.idworx-bikes.de\/wp-content\/uploads\/2026\/03\/Einladung-cyclingworld-12.48.20-100x100.png 100w\" sizes=\"auto, (max-width: 160px) 100vw, 160px\" \/><\/a><a href=\"https:\/\/www.idworx-bikes.de\/de\/meet-the-great-hans-at-the-cyclingworld\" class=\"lcp_title\">Meet &#8220;The Great Hans&#8221; at the Cyclingworld<\/a><div class=\"lcp_excerpt\">Save The Date! 20.\n&#8211; 22.M\u00e4rz 26\nBesuchen Sie uns auf der &#8220;cyclingworld europe&#8221;\nEuropas Show f\u00fcr feinste Radkultur. Von Freitag\ndem 20. bis Sonntag dem 22.M\u00e4rz 2026 findet Ihr\nuns in der RheinRiff Halle Stand RR-2A auf dem Areal\nB\u00f6hler in der\nsch\u00f6nen Stadt D\u00fcsseldorf.\nWir haben eine kleine, aber feine Auswahl unserer\nakutellen ...<\/div><span class=\"lcp_author\">Jana Kalbertodt<\/span><span class=\"lcp_date\">  20.03.2026<\/span><\/li><li><a href=\"https:\/\/www.idworx-bikes.de\/de\/idworx-on-tour-the-tech-talk-tour-wird-verlaengert\" title=\"idworx on Tour: The Tech Talk Tour wird verl\u00e4ngert\"><img loading=\"lazy\" decoding=\"async\" width=\"160\" height=\"160\" src=\"https:\/\/www.idworx-bikes.de\/wp-content\/uploads\/2026\/03\/640866190_1108397958084476_4283240732137893013_n-250x250.jpg\" class=\"news_thumb wp-post-image\" alt=\"idworx on Tour: The Tech Talk Tour wird verl\u00e4ngert\" srcset=\"https:\/\/www.idworx-bikes.de\/wp-content\/uploads\/2026\/03\/640866190_1108397958084476_4283240732137893013_n-250x250.jpg 250w, https:\/\/www.idworx-bikes.de\/wp-content\/uploads\/2026\/03\/640866190_1108397958084476_4283240732137893013_n-100x100.jpg 100w\" sizes=\"auto, (max-width: 160px) 100vw, 160px\" \/><\/a><a href=\"https:\/\/www.idworx-bikes.de\/de\/idworx-on-tour-the-tech-talk-tour-wird-verlaengert\" class=\"lcp_title\">idworx on Tour: The Tech Talk Tour wird verl\u00e4ngert<\/a><div class=\"lcp_excerpt\">Nach dem ersten, erfolgreichen Stopp am 5. M\u00e4rz bei Bikepacking Belgium in Antwerpen geht es weiter zu&#8230;\nDer zweite Stopp findet am 27. M\u00e4rz 2026 bei Bongers Bikes in Apeldoorn in den Niederlanden statt. Eine vorherige Anmeldung wird erbeten.\nBongers Bikes\nDer dritte Stopp der Tour ist am 8. ...<\/div><span class=\"lcp_author\">Jana Kalbertodt<\/span><span class=\"lcp_date\">  19.03.2026<\/span><\/li><li><a href=\"https:\/\/www.idworx-bikes.de\/de\/idworx-on-tour-tech-talk-in-belgien-und-den-niederlanden-with-gerrit-and-jochem\" title=\"idworx on Tour: Tech Talk in Belgien und den Niederlanden with Gerrit and Jochem\"><img loading=\"lazy\" decoding=\"async\" width=\"160\" height=\"160\" src=\"https:\/\/www.idworx-bikes.de\/wp-content\/uploads\/2024\/02\/DSC_9136-scaled-318de4cc-250x250.webp\" class=\"news_thumb wp-post-image\" alt=\"idworx on Tour: Tech Talk in Belgien und den Niederlanden with Gerrit and Jochem\" srcset=\"https:\/\/www.idworx-bikes.de\/wp-content\/uploads\/2024\/02\/DSC_9136-scaled-318de4cc-250x250.webp 250w, https:\/\/www.idworx-bikes.de\/wp-content\/uploads\/2024\/02\/DSC_9136-scaled-318de4cc-100x100.webp 100w\" sizes=\"auto, (max-width: 160px) 100vw, 160px\" \/><\/a><a href=\"https:\/\/www.idworx-bikes.de\/de\/idworx-on-tour-tech-talk-in-belgien-und-den-niederlanden-with-gerrit-and-jochem\" class=\"lcp_title\">idworx on Tour: Tech Talk in Belgien und den Niederlanden with Gerrit and Jochem<\/a><div class=\"lcp_excerpt\">Am 5. M\u00e4rz 2026 starten Gerrit und Jochem ihre Tech Talk Tour bei Bike Packing Belgium in Antwerpen. Eine vorherige Anmeldung ist erw\u00fcnscht.\nBike Packing Belgium\nDie zweite Station ist am 27. M\u00e4rz 2026 bei Bongers Bikes in Apeldoorn in den Niederlanden. Eine Voranmeldung ist erw\u00fcnscht.\nBongers Bikes\nDas Finale ...<\/div><span class=\"lcp_author\">Jana Kalbertodt<\/span><span class=\"lcp_date\">  28.01.2026<\/span><\/li><li><a href=\"https:\/\/www.idworx-bikes.de\/de\/update-idworx-auf-der-fiets-wandelbeurs-utrecht-2026\" title=\"Update! idworx auf der Fiets &amp; Wandelbeurs - Utrecht 2026\"><img loading=\"lazy\" decoding=\"async\" width=\"160\" height=\"82\" src=\"https:\/\/www.idworx-bikes.de\/wp-content\/uploads\/2025\/10\/230512_FWB_logo_NL-1-250x128.png\" class=\"news_thumb wp-post-image\" alt=\"Update! idworx auf der Fiets &amp; Wandelbeurs - Utrecht 2026\" \/><\/a><a href=\"https:\/\/www.idworx-bikes.de\/de\/update-idworx-auf-der-fiets-wandelbeurs-utrecht-2026\" class=\"lcp_title\">Update! idworx auf der Fiets &#038; Wandelbeurs &#8211; Utrecht 2026<\/a><div class=\"lcp_excerpt\">Besuchen Sie uns in Halle 7, Standnummer D.01\nFiets &#038; Wandelbeurs Utrecht 2026\n<\/div><span class=\"lcp_author\">Jana Kalbertodt<\/span><span class=\"lcp_date\">  19.01.2026<\/span><\/li><li><a href=\"https:\/\/www.idworx-bikes.de\/de\/trefft-gerrit-jochem-auf-dem-wereldfietser-festival-2026\" title=\"Trefft Gerrit &amp; Jochem auf dem Wereldfietser-Festival 2026\"><img loading=\"lazy\" decoding=\"async\" width=\"160\" height=\"160\" src=\"https:\/\/www.idworx-bikes.de\/wp-content\/uploads\/2026\/01\/WF-logo-hoizontaal-met-baseline-oranje1-250x250.png\" class=\"news_thumb wp-post-image\" alt=\"Trefft Gerrit &amp; Jochem auf dem Wereldfietser-Festival 2026\" srcset=\"https:\/\/www.idworx-bikes.de\/wp-content\/uploads\/2026\/01\/WF-logo-hoizontaal-met-baseline-oranje1-250x250.png 250w, https:\/\/www.idworx-bikes.de\/wp-content\/uploads\/2026\/01\/WF-logo-hoizontaal-met-baseline-oranje1-100x100.png 100w\" sizes=\"auto, (max-width: 160px) 100vw, 160px\" \/><\/a><a href=\"https:\/\/www.idworx-bikes.de\/de\/trefft-gerrit-jochem-auf-dem-wereldfietser-festival-2026\" class=\"lcp_title\">Trefft Gerrit &#038; Jochem auf dem Wereldfietser-Festival 2026<\/a><div class=\"lcp_excerpt\">Besuchen Sie uns beim Wereldfietser-Festival in Alkmaar, Niederlande.\nGerrit und Jochem sind am Samstag, den 24. Januar 2026, vor Ort und\nfreuen sich auf reges Interesse und konstruktive Gespr\u00e4che \u00fcber\nunsere Reiseradmarke idworx.\n<\/div><span class=\"lcp_author\">Jana Kalbertodt<\/span><span class=\"lcp_date\">  12.01.2026<\/span><\/li><li><a href=\"https:\/\/www.idworx-bikes.de\/de\/jetzt-online-test-video-idworx-opinion-et-wachtberg-edition\" title=\"Jetzt online! Test Video idworx oPinion eT Wachtberg-Edition!!!\"><img loading=\"lazy\" decoding=\"async\" width=\"160\" height=\"160\" src=\"https:\/\/www.idworx-bikes.de\/wp-content\/uploads\/2025\/12\/Bildschirmfoto-2025-12-19-um-14.34.36-250x250.png\" class=\"news_thumb wp-post-image\" alt=\"Jetzt online! Test Video idworx oPinion eT Wachtberg-Edition!!!\" srcset=\"https:\/\/www.idworx-bikes.de\/wp-content\/uploads\/2025\/12\/Bildschirmfoto-2025-12-19-um-14.34.36-250x250.png 250w, https:\/\/www.idworx-bikes.de\/wp-content\/uploads\/2025\/12\/Bildschirmfoto-2025-12-19-um-14.34.36-100x100.png 100w\" sizes=\"auto, (max-width: 160px) 100vw, 160px\" \/><\/a><a href=\"https:\/\/www.idworx-bikes.de\/de\/jetzt-online-test-video-idworx-opinion-et-wachtberg-edition\" class=\"lcp_title\">Jetzt online! Test Video idworx oPinion eT Wachtberg-Edition!!!<\/a><div class=\"lcp_excerpt\">Passend zum Editors Choice Award des belgischen E-Bike Magazins, findet ihr hier das Testvideo unseres oPinion eT in der Wachtberg-Edition. Unbedingt anschauen!\nTestvideo\nTest Report\n<\/div><span class=\"lcp_author\">Jana Kalbertodt<\/span><span class=\"lcp_date\">  19.12.2025<\/span><\/li><li><a href=\"https:\/\/www.idworx-bikes.de\/de\/master-dealer-bongers-bikes-lets-take-a-look-inside\" title=\"Master Dealer Bongers Bikes - Let\u00b4s take a look inside!\"><img loading=\"lazy\" decoding=\"async\" width=\"160\" height=\"93\" src=\"https:\/\/www.idworx-bikes.de\/wp-content\/uploads\/2025\/12\/Bildschirmfoto-2025-12-19-um-10.41.22-250x146.png\" class=\"news_thumb wp-post-image\" alt=\"Master Dealer Bongers Bikes - Let\u00b4s take a look inside!\" \/><\/a><a href=\"https:\/\/www.idworx-bikes.de\/de\/master-dealer-bongers-bikes-lets-take-a-look-inside\" class=\"lcp_title\">Master Dealer Bongers Bikes &#8211; Let\u00b4s take a look inside!<\/a><div class=\"lcp_excerpt\">Wow, genau so stellen wir uns eine gelungene Pr\u00e4sentation unserer idworx-Bikes vor! Wer diese Ausstellung live erleben m\u00f6chte, sollte zu Bongers Bikes in Apeldoorn kommen.\nidworx Master Dealer Bongers Bikes\n\n<\/div><span class=\"lcp_author\">Jana Kalbertodt<\/span><span class=\"lcp_date\">  19.12.2025<\/span><\/li><li><a href=\"https:\/\/www.idworx-bikes.de\/de\/idworx-opinion-et-wachtberg-edition-gewinnt-editors-choice-award\" title=\"idworx oPinion eT Wachtberg-Edition gewinnt &quot;Editor\u00b4s Choice&quot; Award\"><img loading=\"lazy\" decoding=\"async\" width=\"160\" height=\"160\" src=\"https:\/\/www.idworx-bikes.de\/wp-content\/uploads\/2025\/12\/badge1-Kopie-250x250.png\" class=\"news_thumb wp-post-image\" alt=\"idworx oPinion eT Wachtberg-Edition gewinnt &quot;Editor\u00b4s Choice&quot; Award\" srcset=\"https:\/\/www.idworx-bikes.de\/wp-content\/uploads\/2025\/12\/badge1-Kopie-250x250.png 250w, https:\/\/www.idworx-bikes.de\/wp-content\/uploads\/2025\/12\/badge1-Kopie-100x100.png 100w\" sizes=\"auto, (max-width: 160px) 100vw, 160px\" \/><\/a><a href=\"https:\/\/www.idworx-bikes.de\/de\/idworx-opinion-et-wachtberg-edition-gewinnt-editors-choice-award\" class=\"lcp_title\">idworx oPinion eT Wachtberg-Edition gewinnt &#8220;Editor\u00b4s Choice&#8221; Award<\/a><div class=\"lcp_excerpt\">Unser oPinion eT E-Bike in der Wachtberg-Edition r\u00e4umt gleich zweimal den begehrten &#8220;Editors Choice&#8221; des belgischen E-Bike Magazins ab. Einmal f\u00fcr das beste Trekking E-Bike und f\u00fcr das beste Handmade E-Bike. Den dazu geh\u00f6rigen Test k\u00f6nnt ihr hier online lesen. e-bike magazine 09\nDar\u00fcber hinaus erscheint der ...<\/div><span class=\"lcp_author\">Jana Kalbertodt<\/span><span class=\"lcp_date\">  18.12.2025<\/span><\/li><li><a href=\"https:\/\/www.idworx-bikes.de\/de\/save-the-date-idworx-auf-der-fiets-wandelbeurs-utrecht-2026\" title=\"Save The Date! idworx auf der Fiets &amp; Wandelbeurs - Utrecht 2026\"><img loading=\"lazy\" decoding=\"async\" width=\"160\" height=\"82\" src=\"https:\/\/www.idworx-bikes.de\/wp-content\/uploads\/2025\/10\/230512_FWB_logo_NL-1-250x128.png\" class=\"news_thumb wp-post-image\" alt=\"Save The Date! idworx auf der Fiets &amp; Wandelbeurs - Utrecht 2026\" \/><\/a><a href=\"https:\/\/www.idworx-bikes.de\/de\/save-the-date-idworx-auf-der-fiets-wandelbeurs-utrecht-2026\" class=\"lcp_title\">Save The Date! idworx auf der Fiets &#038; Wandelbeurs &#8211; Utrecht 2026<\/a><div class=\"lcp_excerpt\">Fiets &#038; Wandelbeurs Utrecht 2026\n<\/div><span class=\"lcp_author\">Jana Kalbertodt<\/span><span class=\"lcp_date\">  15.10.2025<\/span><\/li><\/ul><ul class='lcp_paginator'><li class='lcp_currentpage'>1<\/li><li><a href='https:\/\/www.idworx-bikes.de\/de\/wp-json\/wp\/v2\/pages\/8323?lcp_page1=2#lcp_instance_1' title='2'>2<\/a><\/li><li><a href='https:\/\/www.idworx-bikes.de\/de\/wp-json\/wp\/v2\/pages\/8323?lcp_page1=3#lcp_instance_1' title='3'>3<\/a><\/li><li><a href='https:\/\/www.idworx-bikes.de\/de\/wp-json\/wp\/v2\/pages\/8323?lcp_page1=4#lcp_instance_1' title='4'>4<\/a><\/li><li><a href='https:\/\/www.idworx-bikes.de\/de\/wp-json\/wp\/v2\/pages\/8323?lcp_page1=5#lcp_instance_1' title='5'>5<\/a><\/li><li><a href='https:\/\/www.idworx-bikes.de\/de\/wp-json\/wp\/v2\/pages\/8323?lcp_page1=6#lcp_instance_1' title='6'>6<\/a><\/li><span class='lcp_elipsis'>...<\/span><li><a href='https:\/\/www.idworx-bikes.de\/de\/wp-json\/wp\/v2\/pages\/8323?lcp_page1=10#lcp_instance_1' title='10'>10<\/a><\/li><li><a href='https:\/\/www.idworx-bikes.de\/de\/wp-json\/wp\/v2\/pages\/8323?lcp_page1=2#lcp_instance_1' title='2' class='lcp_nextlink'>&gt;&gt;<\/a><\/li><\/ul>\n","protected":false},"excerpt":{"rendered":"","protected":false},"author":9,"featured_media":0,"parent":0,"menu_order":0,"comment_status":"closed","ping_status":"closed","template":"","meta":{"footnotes":""},"class_list":["post-8323","page","type-page","status-publish","hentry"],"yoast_head":"<!-- This site is optimized with the Yoast SEO plugin v27.6 - https:\/\/yoast.com\/product\/yoast-seo-wordpress\/ -->\n<title>Neuigkeiten - idworx \u2013 Premium Reiser\u00e4der, Trekking Bikes, E-Bikes &amp; Vakantiefietsen<\/title>\n<meta name=\"robots\" content=\"index, follow, max-snippet:-1, max-image-preview:large, max-video-preview:-1\" \/>\n<link rel=\"canonical\" href=\"https:\/\/www.idworx-bikes.de\/de\/neuigkeiten\" \/>\n<meta property=\"og:locale\" content=\"de_DE\" \/>\n<meta property=\"og:type\" content=\"article\" \/>\n<meta property=\"og:title\" content=\"Neuigkeiten - idworx \u2013 Premium Reiser\u00e4der, Trekking Bikes, E-Bikes &amp; Vakantiefietsen\" \/>\n<meta property=\"og:url\" content=\"https:\/\/www.idworx-bikes.de\/de\/neuigkeiten\" \/>\n<meta property=\"og:site_name\" content=\"idworx \u2013 Premium Reiser\u00e4der, Trekking Bikes, E-Bikes &amp; Vakantiefietsen\" \/>\n<meta property=\"article:publisher\" content=\"https:\/\/www.facebook.com\/Idworx-202013906499907\/\" \/>\n<meta property=\"article:modified_time\" content=\"2020-10-02T17:21:38+00:00\" \/>\n<meta property=\"og:image\" content=\"https:\/\/www.idworx-bikes.de\/wp-content\/uploads\/2015\/12\/idworx-logo_b.png\" \/>\n\t<meta property=\"og:image:width\" content=\"216\" \/>\n\t<meta property=\"og:image:height\" content=\"69\" \/>\n\t<meta property=\"og:image:type\" content=\"image\/png\" \/>\n<script type=\"application\/ld+json\" class=\"yoast-schema-graph\">{\"@context\":\"https:\\\/\\\/schema.org\",\"@graph\":[{\"@type\":\"WebPage\",\"@id\":\"https:\\\/\\\/www.idworx-bikes.de\\\/de\\\/neuigkeiten\",\"url\":\"https:\\\/\\\/www.idworx-bikes.de\\\/de\\\/neuigkeiten\",\"name\":\"Neuigkeiten - idworx \u2013 Premium Reiser\u00e4der, Trekking Bikes, E-Bikes &amp; Vakantiefietsen\",\"isPartOf\":{\"@id\":\"https:\\\/\\\/www.idworx-bikes.de\\\/#website\"},\"datePublished\":\"2020-10-02T11:53:41+00:00\",\"dateModified\":\"2020-10-02T17:21:38+00:00\",\"breadcrumb\":{\"@id\":\"https:\\\/\\\/www.idworx-bikes.de\\\/de\\\/neuigkeiten#breadcrumb\"},\"inLanguage\":\"de\",\"potentialAction\":[{\"@type\":\"ReadAction\",\"target\":[\"https:\\\/\\\/www.idworx-bikes.de\\\/de\\\/neuigkeiten\"]}]},{\"@type\":\"BreadcrumbList\",\"@id\":\"https:\\\/\\\/www.idworx-bikes.de\\\/de\\\/neuigkeiten#breadcrumb\",\"itemListElement\":[{\"@type\":\"ListItem\",\"position\":1,\"name\":\"Home\",\"item\":\"https:\\\/\\\/www.idworx-bikes.de\\\/de\"},{\"@type\":\"ListItem\",\"position\":2,\"name\":\"Neuigkeiten\"}]},{\"@type\":\"WebSite\",\"@id\":\"https:\\\/\\\/www.idworx-bikes.de\\\/#website\",\"url\":\"https:\\\/\\\/www.idworx-bikes.de\\\/\",\"name\":\"idworx \u2013 Premium Reiser\u00e4der, Trekking Bikes, E-Bikes &amp; Vakantiefietsen\",\"description\":\"It works! Handgefertigte Bikes f\u00fcr h\u00f6chste Anspr\u00fcche\",\"publisher\":{\"@id\":\"https:\\\/\\\/www.idworx-bikes.de\\\/#organization\"},\"potentialAction\":[{\"@type\":\"SearchAction\",\"target\":{\"@type\":\"EntryPoint\",\"urlTemplate\":\"https:\\\/\\\/www.idworx-bikes.de\\\/?s={search_term_string}\"},\"query-input\":{\"@type\":\"PropertyValueSpecification\",\"valueRequired\":true,\"valueName\":\"search_term_string\"}}],\"inLanguage\":\"de\"},{\"@type\":\"Organization\",\"@id\":\"https:\\\/\\\/www.idworx-bikes.de\\\/#organization\",\"name\":\"idworx\",\"url\":\"https:\\\/\\\/www.idworx-bikes.de\\\/\",\"logo\":{\"@type\":\"ImageObject\",\"inLanguage\":\"de\",\"@id\":\"https:\\\/\\\/www.idworx-bikes.de\\\/#\\\/schema\\\/logo\\\/image\\\/\",\"url\":\"https:\\\/\\\/www.idworx-bikes.de\\\/wp-content\\\/uploads\\\/2015\\\/12\\\/idworx-logo_b.png\",\"contentUrl\":\"https:\\\/\\\/www.idworx-bikes.de\\\/wp-content\\\/uploads\\\/2015\\\/12\\\/idworx-logo_b.png\",\"width\":216,\"height\":69,\"caption\":\"idworx\"},\"image\":{\"@id\":\"https:\\\/\\\/www.idworx-bikes.de\\\/#\\\/schema\\\/logo\\\/image\\\/\"},\"sameAs\":[\"https:\\\/\\\/www.facebook.com\\\/Idworx-202013906499907\\\/\"]}]}<\/script>\n<!-- \/ Yoast SEO plugin. -->","yoast_head_json":{"title":"Neuigkeiten - idworx \u2013 Premium Reiser\u00e4der, Trekking Bikes, E-Bikes &amp; Vakantiefietsen","robots":{"index":"index","follow":"follow","max-snippet":"max-snippet:-1","max-image-preview":"max-image-preview:large","max-video-preview":"max-video-preview:-1"},"canonical":"https:\/\/www.idworx-bikes.de\/de\/neuigkeiten","og_locale":"de_DE","og_type":"article","og_title":"Neuigkeiten - idworx \u2013 Premium Reiser\u00e4der, Trekking Bikes, E-Bikes &amp; Vakantiefietsen","og_url":"https:\/\/www.idworx-bikes.de\/de\/neuigkeiten","og_site_name":"idworx \u2013 Premium Reiser\u00e4der, Trekking Bikes, E-Bikes &amp; Vakantiefietsen","article_publisher":"https:\/\/www.facebook.com\/Idworx-202013906499907\/","article_modified_time":"2020-10-02T17:21:38+00:00","og_image":[{"width":216,"height":69,"url":"https:\/\/www.idworx-bikes.de\/wp-content\/uploads\/2015\/12\/idworx-logo_b.png","type":"image\/png"}],"schema":{"@context":"https:\/\/schema.org","@graph":[{"@type":"WebPage","@id":"https:\/\/www.idworx-bikes.de\/de\/neuigkeiten","url":"https:\/\/www.idworx-bikes.de\/de\/neuigkeiten","name":"Neuigkeiten - idworx \u2013 Premium Reiser\u00e4der, Trekking Bikes, E-Bikes &amp; Vakantiefietsen","isPartOf":{"@id":"https:\/\/www.idworx-bikes.de\/#website"},"datePublished":"2020-10-02T11:53:41+00:00","dateModified":"2020-10-02T17:21:38+00:00","breadcrumb":{"@id":"https:\/\/www.idworx-bikes.de\/de\/neuigkeiten#breadcrumb"},"inLanguage":"de","potentialAction":[{"@type":"ReadAction","target":["https:\/\/www.idworx-bikes.de\/de\/neuigkeiten"]}]},{"@type":"BreadcrumbList","@id":"https:\/\/www.idworx-bikes.de\/de\/neuigkeiten#breadcrumb","itemListElement":[{"@type":"ListItem","position":1,"name":"Home","item":"https:\/\/www.idworx-bikes.de\/de"},{"@type":"ListItem","position":2,"name":"Neuigkeiten"}]},{"@type":"WebSite","@id":"https:\/\/www.idworx-bikes.de\/#website","url":"https:\/\/www.idworx-bikes.de\/","name":"idworx \u2013 Premium Reiser\u00e4der, Trekking Bikes, E-Bikes &amp; Vakantiefietsen","description":"It works! Handgefertigte Bikes f\u00fcr h\u00f6chste Anspr\u00fcche","publisher":{"@id":"https:\/\/www.idworx-bikes.de\/#organization"},"potentialAction":[{"@type":"SearchAction","target":{"@type":"EntryPoint","urlTemplate":"https:\/\/www.idworx-bikes.de\/?s={search_term_string}"},"query-input":{"@type":"PropertyValueSpecification","valueRequired":true,"valueName":"search_term_string"}}],"inLanguage":"de"},{"@type":"Organization","@id":"https:\/\/www.idworx-bikes.de\/#organization","name":"idworx","url":"https:\/\/www.idworx-bikes.de\/","logo":{"@type":"ImageObject","inLanguage":"de","@id":"https:\/\/www.idworx-bikes.de\/#\/schema\/logo\/image\/","url":"https:\/\/www.idworx-bikes.de\/wp-content\/uploads\/2015\/12\/idworx-logo_b.png","contentUrl":"https:\/\/www.idworx-bikes.de\/wp-content\/uploads\/2015\/12\/idworx-logo_b.png","width":216,"height":69,"caption":"idworx"},"image":{"@id":"https:\/\/www.idworx-bikes.de\/#\/schema\/logo\/image\/"},"sameAs":["https:\/\/www.facebook.com\/Idworx-202013906499907\/"]}]}},"_links":{"self":[{"href":"https:\/\/www.idworx-bikes.de\/de\/wp-json\/wp\/v2\/pages\/8323","targetHints":{"allow":["GET"]}}],"collection":[{"href":"https:\/\/www.idworx-bikes.de\/de\/wp-json\/wp\/v2\/pages"}],"about":[{"href":"https:\/\/www.idworx-bikes.de\/de\/wp-json\/wp\/v2\/types\/page"}],"author":[{"embeddable":true,"href":"https:\/\/www.idworx-bikes.de\/de\/wp-json\/wp\/v2\/users\/9"}],"replies":[{"embeddable":true,"href":"https:\/\/www.idworx-bikes.de\/de\/wp-json\/wp\/v2\/comments?post=8323"}],"version-history":[{"count":1,"href":"https:\/\/www.idworx-bikes.de\/de\/wp-json\/wp\/v2\/pages\/8323\/revisions"}],"predecessor-version":[{"id":8343,"href":"https:\/\/www.idworx-bikes.de\/de\/wp-json\/wp\/v2\/pages\/8323\/revisions\/8343"}],"wp:attachment":[{"href":"https:\/\/www.idworx-bikes.de\/de\/wp-json\/wp\/v2\/media?parent=8323"}],"curies":[{"name":"wp","href":"https:\/\/api.w.org\/{rel}","templated":true}]}}