{"id":8327,"date":"2020-10-02T13:59:07","date_gmt":"2020-10-02T11:59:07","guid":{"rendered":"https:\/\/www.idworx-bikes.de\/presse"},"modified":"2020-10-02T19:25:30","modified_gmt":"2020-10-02T17:25:30","slug":"presse","status":"publish","type":"page","link":"https:\/\/www.idworx-bikes.de\/de\/presse","title":{"rendered":"Presse"},"content":{"rendered":"<ul class=\"lcp_catlist\" id=\"lcp_instance_1\"><li><a href=\"https:\/\/www.idworx-bikes.de\/de\/opinion-wachtberg-edition-testsieg-in-radfahren-03-2026\" title=\"oPinion Wachtberg-Edition: Testsieg in &quot;RADfahren&quot; 03\/2026\"><img loading=\"lazy\" decoding=\"async\" width=\"160\" height=\"160\" src=\"https:\/\/www.idworx-bikes.de\/wp-content\/uploads\/2025\/09\/BBG_2398-cor-250x250.jpeg\" class=\"news_thumb wp-post-image\" alt=\"oPinion Wachtberg-Edition: Testsieg in &quot;RADfahren&quot; 03\/2026\" srcset=\"https:\/\/www.idworx-bikes.de\/wp-content\/uploads\/2025\/09\/BBG_2398-cor-250x250.jpeg 250w, https:\/\/www.idworx-bikes.de\/wp-content\/uploads\/2025\/09\/BBG_2398-cor-100x100.jpeg 100w\" sizes=\"auto, (max-width: 160px) 100vw, 160px\" \/><\/a><a href=\"https:\/\/www.idworx-bikes.de\/de\/opinion-wachtberg-edition-testsieg-in-radfahren-03-2026\" class=\"lcp_title\">oPinion Wachtberg-Edition: Testsieg in &#8220;RADfahren&#8221; 03\/2026<\/a><div class=\"lcp_excerpt\">Im Vergleichstest Reiser\u00e4der der Fachzeitschrift &#8220;RADfahren&#8221; 03\/2026 hat  unser oPinion Trekkingfahrrad in der Wachtberg-Edition den Testsieg eingefahren und konnte sich gegen die 6 Mitbewerber durchsetzten.  Zitat der Testcrew: &#8220;Das Idworx-Gesamtkonzept \u00fcberzeugt uns und verdient den Gesamtsieg im Radfahren Reiserad-Test 2026. &#8221;\nHier geht es zum ...<\/div><span class=\"lcp_author\">Jana Kalbertodt<\/span><span class=\"lcp_date\">  28.04.2026<\/span><\/li><li><a href=\"https:\/\/www.idworx-bikes.de\/de\/test-idworx-all-rohler-mit-bestnote-12\" title=\"Test idworx All Rohler mit Bestnote 1,2\"><img loading=\"lazy\" decoding=\"async\" width=\"160\" height=\"160\" src=\"https:\/\/www.idworx-bikes.de\/wp-content\/uploads\/2025\/07\/525-Kopie-250x250.png\" class=\"news_thumb wp-post-image\" alt=\"Test idworx All Rohler mit Bestnote 1,2\" srcset=\"https:\/\/www.idworx-bikes.de\/wp-content\/uploads\/2025\/07\/525-Kopie-250x250.png 250w, https:\/\/www.idworx-bikes.de\/wp-content\/uploads\/2025\/07\/525-Kopie-100x100.png 100w\" sizes=\"auto, (max-width: 160px) 100vw, 160px\" \/><\/a><a href=\"https:\/\/www.idworx-bikes.de\/de\/test-idworx-all-rohler-mit-bestnote-12\" class=\"lcp_title\">Test idworx All Rohler mit Bestnote 1,2<\/a><div class=\"lcp_excerpt\">Unser idworx All Rohler hat den Vergleichstest \u201eReise R\u00e4der\u201c in der Ausgabe 05\/25 des Magazins RADfahren erneut mit der Bestnote 1,2 gewonnen. Das Fazit der Tester: \u201eDer idworx-typische Perfektionismus ist hier an jeder Stelle, in jedem Detail und auf jedem Meter sp\u00fcrbar. Das Rad f\u00e4hrt sich ...<\/div><span class=\"lcp_author\">Jana Kalbertodt<\/span><span class=\"lcp_date\">  21.07.2025<\/span><\/li><li><a href=\"https:\/\/www.idworx-bikes.de\/de\/test-opinion-ti-bestnote-12\" title=\"Test oPinion Ti Bestnote 1,2\"><img loading=\"lazy\" decoding=\"async\" width=\"160\" height=\"160\" src=\"https:\/\/www.idworx-bikes.de\/wp-content\/uploads\/2024\/12\/2025_rf_01_Testurteile_EM_sg-Kopie-250x250.png\" class=\"news_thumb wp-post-image\" alt=\"Test oPinion Ti Bestnote 1,2\" srcset=\"https:\/\/www.idworx-bikes.de\/wp-content\/uploads\/2024\/12\/2025_rf_01_Testurteile_EM_sg-Kopie-250x250.png 250w, https:\/\/www.idworx-bikes.de\/wp-content\/uploads\/2024\/12\/2025_rf_01_Testurteile_EM_sg-Kopie-100x100.png 100w\" sizes=\"auto, (max-width: 160px) 100vw, 160px\" \/><\/a><a href=\"https:\/\/www.idworx-bikes.de\/de\/test-opinion-ti-bestnote-12\" class=\"lcp_title\">Test oPinion Ti Bestnote 1,2<\/a><div class=\"lcp_excerpt\">Erneut gewinnt unser Modell oPinion Ti den Vergleichstest &#8220;Titan Bikes&#8221; in der aktuellen Ausgabe des RADfahren Magazins mit der Bestnote 1,2. Fazit der Tester: &#8220;Das idworx oPinion Ti kostet sehr viel Geld. Es gibt aber aktuell wohl kein stimmigeres, besseres Trekkingrad auf dem Markt. Der Einsatz ...<\/div><span class=\"lcp_author\">Jana Kalbertodt<\/span><span class=\"lcp_date\">  11.12.2024<\/span><\/li><li><a href=\"https:\/\/www.idworx-bikes.de\/de\/test-rapid-rohler-gravel-mit-bestnote\" title=\"Test Rapid Rohler gravel mit Bestnote\"><img loading=\"lazy\" decoding=\"async\" width=\"160\" height=\"160\" src=\"https:\/\/www.idworx-bikes.de\/wp-content\/uploads\/2022\/12\/BBG_1307-cor-250x250.jpg\" class=\"news_thumb wp-post-image\" alt=\"Test Rapid Rohler gravel mit Bestnote\" srcset=\"https:\/\/www.idworx-bikes.de\/wp-content\/uploads\/2022\/12\/BBG_1307-cor-250x250.jpg 250w, https:\/\/www.idworx-bikes.de\/wp-content\/uploads\/2022\/12\/BBG_1307-cor-100x100.jpg 100w\" sizes=\"auto, (max-width: 160px) 100vw, 160px\" \/><\/a><a href=\"https:\/\/www.idworx-bikes.de\/de\/test-rapid-rohler-gravel-mit-bestnote\" class=\"lcp_title\">Test Rapid Rohler gravel mit Bestnote<\/a><div class=\"lcp_excerpt\">In der Ausgabe 06\/24 des Fahrradmagazins &#8220;RADfahren&#8221; wurden abenteuer taugliche 24 Gravelbikes getestet. Unser Interpretation dieser Fahrzeugkategorie, unser Rapid Rohler gravel, erreicht mit der Note 1,4 die beste Bewertung. Hier geht es zum Test.\nRADfahren 06\/24\n<\/div><span class=\"lcp_author\">Jana Kalbertodt<\/span><span class=\"lcp_date\">  22.08.2024<\/span><\/li><li><a href=\"https:\/\/www.idworx-bikes.de\/de\/mybike-magazin-leserwahl-fahrrad-des-jahres-idworx-rohler-blt\" title=\"MyBike Magazin Leserwahl &quot;Fahrrad des Jahres&quot; idworx Rohler BLT\"><img loading=\"lazy\" decoding=\"async\" width=\"160\" height=\"160\" src=\"https:\/\/www.idworx-bikes.de\/wp-content\/uploads\/2024\/06\/BOTY_MYB_2024-Fahrrad-Rohler-250x250.png\" class=\"news_thumb wp-post-image\" alt=\"MyBike Magazin Leserwahl &quot;Fahrrad des Jahres&quot; idworx Rohler BLT\" srcset=\"https:\/\/www.idworx-bikes.de\/wp-content\/uploads\/2024\/06\/BOTY_MYB_2024-Fahrrad-Rohler-250x250.png 250w, https:\/\/www.idworx-bikes.de\/wp-content\/uploads\/2024\/06\/BOTY_MYB_2024-Fahrrad-Rohler-300x300.png 300w, https:\/\/www.idworx-bikes.de\/wp-content\/uploads\/2024\/06\/BOTY_MYB_2024-Fahrrad-Rohler-1024x1024.png 1024w, https:\/\/www.idworx-bikes.de\/wp-content\/uploads\/2024\/06\/BOTY_MYB_2024-Fahrrad-Rohler-768x768.png 768w, https:\/\/www.idworx-bikes.de\/wp-content\/uploads\/2024\/06\/BOTY_MYB_2024-Fahrrad-Rohler-1536x1536.png 1536w, https:\/\/www.idworx-bikes.de\/wp-content\/uploads\/2024\/06\/BOTY_MYB_2024-Fahrrad-Rohler-324x324.png 324w, https:\/\/www.idworx-bikes.de\/wp-content\/uploads\/2024\/06\/BOTY_MYB_2024-Fahrrad-Rohler-416x416.png 416w, https:\/\/www.idworx-bikes.de\/wp-content\/uploads\/2024\/06\/BOTY_MYB_2024-Fahrrad-Rohler-100x100.png 100w, https:\/\/www.idworx-bikes.de\/wp-content\/uploads\/2024\/06\/BOTY_MYB_2024-Fahrrad-Rohler.png 1772w\" sizes=\"auto, (max-width: 160px) 100vw, 160px\" \/><\/a><a href=\"https:\/\/www.idworx-bikes.de\/de\/mybike-magazin-leserwahl-fahrrad-des-jahres-idworx-rohler-blt\" class=\"lcp_title\">MyBike Magazin Leserwahl &#8220;Fahrrad des Jahres&#8221; idworx Rohler BLT<\/a><div class=\"lcp_excerpt\">Bei der gro\u00dfen Leserwahl im MyBike Magazin, wurde unser Modell Rohler BLT erneut zum &#8220;Fahrrad des Jahres 2024&#8221; gew\u00e4hlt. Bereits im Jahr 2020 konnte es diesem Titel f\u00fcr sich gewinnen. Auf diese Auszeichnung sind wir besonders stolz, da hier die Leser abstimmen und keine Jury aus ...<\/div><span class=\"lcp_author\">Jana Kalbertodt<\/span><span class=\"lcp_date\">  27.06.2024<\/span><\/li><li><a href=\"https:\/\/www.idworx-bikes.de\/de\/idworx-off-rohler-sellout\" title=\"idworx Off Rohler - Sellout!\"><img loading=\"lazy\" decoding=\"async\" width=\"160\" height=\"160\" src=\"https:\/\/www.idworx-bikes.de\/wp-content\/uploads\/2018\/05\/Sun-ray-250x250.jpg\" class=\"news_thumb wp-post-image\" alt=\"idworx Off Rohler - Sellout!\" srcset=\"https:\/\/www.idworx-bikes.de\/wp-content\/uploads\/2018\/05\/Sun-ray-250x250.jpg 250w, https:\/\/www.idworx-bikes.de\/wp-content\/uploads\/2018\/05\/Sun-ray-100x100.jpg 100w\" sizes=\"auto, (max-width: 160px) 100vw, 160px\" \/><\/a><a href=\"https:\/\/www.idworx-bikes.de\/de\/idworx-off-rohler-sellout\" class=\"lcp_title\">idworx Off Rohler &#8211; Sellout!<\/a><div class=\"lcp_excerpt\">Sicher Dir jetzt eines der letzten  idworx Off Rohler Evo, unser Classic Adventure Bike, zum absoluten  Sonderpreis von \u20ac3.998*. Es ist Dank seiner Offroad-Geometrie, soliden 26\u2033-Laufr\u00e4dern mit 60 mm breiten Schwalbe-Reifen, der bew\u00e4hrten Rohloff-Nabenschaltung sowie den vielen durchdachten und immer weiter verfeinerten idworx-Details, nichts ...<\/div><span class=\"lcp_author\">Jana Kalbertodt<\/span><span class=\"lcp_date\">  28.05.2024<\/span><\/li><li><a href=\"https:\/\/www.idworx-bikes.de\/de\/testsieg-opinion-in-radfahren-07-23\" title=\"Testsieg oPinion in &quot;RADfahren&quot; 07\/23\"><img loading=\"lazy\" decoding=\"async\" width=\"160\" height=\"160\" src=\"https:\/\/www.idworx-bikes.de\/wp-content\/uploads\/2022\/12\/BBG_1353-250x250.jpg\" class=\"news_thumb wp-post-image\" alt=\"Testsieg oPinion in &quot;RADfahren&quot; 07\/23\" srcset=\"https:\/\/www.idworx-bikes.de\/wp-content\/uploads\/2022\/12\/BBG_1353-250x250.jpg 250w, https:\/\/www.idworx-bikes.de\/wp-content\/uploads\/2022\/12\/BBG_1353-100x100.jpg 100w\" sizes=\"auto, (max-width: 160px) 100vw, 160px\" \/><\/a><a href=\"https:\/\/www.idworx-bikes.de\/de\/testsieg-opinion-in-radfahren-07-23\" class=\"lcp_title\">Testsieg oPinion in &#8220;RADfahren&#8221; 07\/23<\/a><div class=\"lcp_excerpt\">Mit der Bestnote 1,2 hat sich unser oPinion im Vergleichstest \u201eReiser\u00e4der\u201c in der aktuellen Ausgabe von \u201eRADfahren\u201c 07\/23 gegen 8 Konkurrenten namhafter Hersteller durchgesetzt.\nRADfahren 07\/23\n<\/div><span class=\"lcp_author\">Jana Kalbertodt<\/span><span class=\"lcp_date\">  30.10.2023<\/span><\/li><li><a href=\"https:\/\/www.idworx-bikes.de\/de\/test-rohler-blt-in-der-my-bike-03-23\" title=\"Test Rohler BLT in der MY BIKE 03\/23\"><img loading=\"lazy\" decoding=\"async\" width=\"160\" height=\"160\" src=\"https:\/\/www.idworx-bikes.de\/wp-content\/uploads\/2022\/09\/R-BLT_2021_mo_II-cor-250x250.jpg\" class=\"news_thumb wp-post-image\" alt=\"Test Rohler BLT in der MY BIKE 03\/23\" srcset=\"https:\/\/www.idworx-bikes.de\/wp-content\/uploads\/2022\/09\/R-BLT_2021_mo_II-cor-250x250.jpg 250w, https:\/\/www.idworx-bikes.de\/wp-content\/uploads\/2022\/09\/R-BLT_2021_mo_II-cor-100x100.jpg 100w\" sizes=\"auto, (max-width: 160px) 100vw, 160px\" \/><\/a><a href=\"https:\/\/www.idworx-bikes.de\/de\/test-rohler-blt-in-der-my-bike-03-23\" class=\"lcp_title\">Test Rohler BLT in der MY BIKE 03\/23<\/a><div class=\"lcp_excerpt\">MY BIKE 03\/23\n<\/div><span class=\"lcp_author\">Jana Kalbertodt<\/span><span class=\"lcp_date\">  11.05.2023<\/span><\/li><li><a href=\"https:\/\/www.idworx-bikes.de\/de\/testsieg-all-rohler-drop-bar-in-radtouren-02-23\" title=\"Testsieg All Rohler Drop Bar in &quot;RADtouren&quot; 02\/23\"><img loading=\"lazy\" decoding=\"async\" width=\"160\" height=\"160\" src=\"https:\/\/www.idworx-bikes.de\/wp-content\/uploads\/2022\/12\/BBG_1319-cor-250x250.jpg\" class=\"news_thumb wp-post-image\" alt=\"Testsieg All Rohler Drop Bar in &quot;RADtouren&quot; 02\/23\" srcset=\"https:\/\/www.idworx-bikes.de\/wp-content\/uploads\/2022\/12\/BBG_1319-cor-250x250.jpg 250w, https:\/\/www.idworx-bikes.de\/wp-content\/uploads\/2022\/12\/BBG_1319-cor-100x100.jpg 100w\" sizes=\"auto, (max-width: 160px) 100vw, 160px\" \/><\/a><a href=\"https:\/\/www.idworx-bikes.de\/de\/testsieg-all-rohler-drop-bar-in-radtouren-02-23\" class=\"lcp_title\">Testsieg All Rohler Drop Bar in &#8220;RADtouren&#8221; 02\/23<\/a><div class=\"lcp_excerpt\">Mit der Bestnote 1,3 hat sich unser All Rohler mit Drop Bar Option im Vergleichstest \u201eRandonneure &#038; Gravelbikes\u201c in der aktuellen Ausgabe von \u201eRADtouren\u201c 02\/23 gegen 12 Konkurrenten namhafter Hersteller durchgesetzt.\nRADtouren 02\/23\n<\/div><span class=\"lcp_author\">Jana Kalbertodt<\/span><span class=\"lcp_date\">  17.02.2023<\/span><\/li><li><a href=\"https:\/\/www.idworx-bikes.de\/de\/test-idworx-rapid-rohler-auf-velozine-nl\" title=\"Test idworx Rapid Rohler auf Velozine.nl\"><img loading=\"lazy\" decoding=\"async\" width=\"160\" height=\"160\" src=\"https:\/\/www.idworx-bikes.de\/wp-content\/uploads\/2022\/12\/Idworx-Rapid-Rohler_FMP8653_12x08-1-250x250.jpg\" class=\"news_thumb wp-post-image\" alt=\"Test idworx Rapid Rohler auf Velozine.nl\" srcset=\"https:\/\/www.idworx-bikes.de\/wp-content\/uploads\/2022\/12\/Idworx-Rapid-Rohler_FMP8653_12x08-1-250x250.jpg 250w, https:\/\/www.idworx-bikes.de\/wp-content\/uploads\/2022\/12\/Idworx-Rapid-Rohler_FMP8653_12x08-1-100x100.jpg 100w\" sizes=\"auto, (max-width: 160px) 100vw, 160px\" \/><\/a><a href=\"https:\/\/www.idworx-bikes.de\/de\/test-idworx-rapid-rohler-auf-velozine-nl\" class=\"lcp_title\">Test idworx Rapid Rohler auf Velozine.nl<\/a><div class=\"lcp_excerpt\">Das Online-Magazin Velozine.nl hat unser Rapid Rohler ausgiebig \u00fcber die niederlandischen Singletrails gejagt. Das Ergebnis k\u00f6nnt ihr hier lesen:\nhttps:\/\/www.velozine.nl\n<\/div><span class=\"lcp_author\">Jana Kalbertodt<\/span><span class=\"lcp_date\">  23.12.2022<\/span><\/li><\/ul><ul class='lcp_paginator'><li class='lcp_currentpage'>1<\/li><li><a href='https:\/\/www.idworx-bikes.de\/de\/wp-json\/wp\/v2\/pages\/8327?lcp_page1=2#lcp_instance_1' title='2'>2<\/a><\/li><li><a href='https:\/\/www.idworx-bikes.de\/de\/wp-json\/wp\/v2\/pages\/8327?lcp_page1=3#lcp_instance_1' title='3'>3<\/a><\/li><li><a href='https:\/\/www.idworx-bikes.de\/de\/wp-json\/wp\/v2\/pages\/8327?lcp_page1=4#lcp_instance_1' title='4'>4<\/a><\/li><li><a href='https:\/\/www.idworx-bikes.de\/de\/wp-json\/wp\/v2\/pages\/8327?lcp_page1=5#lcp_instance_1' title='5'>5<\/a><\/li><li><a href='https:\/\/www.idworx-bikes.de\/de\/wp-json\/wp\/v2\/pages\/8327?lcp_page1=6#lcp_instance_1' title='6'>6<\/a><\/li><span class='lcp_elipsis'>...<\/span><li><a href='https:\/\/www.idworx-bikes.de\/de\/wp-json\/wp\/v2\/pages\/8327?lcp_page1=11#lcp_instance_1' title='11'>11<\/a><\/li><li><a href='https:\/\/www.idworx-bikes.de\/de\/wp-json\/wp\/v2\/pages\/8327?lcp_page1=2#lcp_instance_1' title='2' class='lcp_nextlink'>&gt;&gt;<\/a><\/li><\/ul>\n","protected":false},"excerpt":{"rendered":"","protected":false},"author":9,"featured_media":0,"parent":0,"menu_order":0,"comment_status":"closed","ping_status":"closed","template":"","meta":{"footnotes":""},"class_list":["post-8327","page","type-page","status-publish","hentry"],"yoast_head":"<!-- This site is optimized with the Yoast SEO plugin v27.6 - https:\/\/yoast.com\/product\/yoast-seo-wordpress\/ -->\n<title>Presse - idworx \u2013 Premium Reiser\u00e4der, Trekking Bikes, E-Bikes &amp; Vakantiefietsen<\/title>\n<meta name=\"robots\" content=\"index, follow, max-snippet:-1, max-image-preview:large, max-video-preview:-1\" \/>\n<link rel=\"canonical\" href=\"https:\/\/www.idworx-bikes.de\/de\/presse\" \/>\n<meta property=\"og:locale\" content=\"de_DE\" \/>\n<meta property=\"og:type\" content=\"article\" \/>\n<meta property=\"og:title\" content=\"Presse - idworx \u2013 Premium Reiser\u00e4der, Trekking Bikes, E-Bikes &amp; Vakantiefietsen\" \/>\n<meta property=\"og:url\" content=\"https:\/\/www.idworx-bikes.de\/de\/presse\" \/>\n<meta property=\"og:site_name\" content=\"idworx \u2013 Premium Reiser\u00e4der, Trekking Bikes, E-Bikes &amp; Vakantiefietsen\" \/>\n<meta property=\"article:publisher\" content=\"https:\/\/www.facebook.com\/Idworx-202013906499907\/\" \/>\n<meta property=\"article:modified_time\" content=\"2020-10-02T17:25:30+00:00\" \/>\n<meta property=\"og:image\" content=\"https:\/\/www.idworx-bikes.de\/wp-content\/uploads\/2015\/12\/idworx-logo_b.png\" \/>\n\t<meta property=\"og:image:width\" content=\"216\" \/>\n\t<meta property=\"og:image:height\" content=\"69\" \/>\n\t<meta property=\"og:image:type\" content=\"image\/png\" \/>\n<script type=\"application\/ld+json\" class=\"yoast-schema-graph\">{\"@context\":\"https:\\\/\\\/schema.org\",\"@graph\":[{\"@type\":\"WebPage\",\"@id\":\"https:\\\/\\\/www.idworx-bikes.de\\\/de\\\/presse\",\"url\":\"https:\\\/\\\/www.idworx-bikes.de\\\/de\\\/presse\",\"name\":\"Presse - idworx \u2013 Premium Reiser\u00e4der, Trekking Bikes, E-Bikes &amp; Vakantiefietsen\",\"isPartOf\":{\"@id\":\"https:\\\/\\\/www.idworx-bikes.de\\\/#website\"},\"datePublished\":\"2020-10-02T11:59:07+00:00\",\"dateModified\":\"2020-10-02T17:25:30+00:00\",\"breadcrumb\":{\"@id\":\"https:\\\/\\\/www.idworx-bikes.de\\\/de\\\/presse#breadcrumb\"},\"inLanguage\":\"de\",\"potentialAction\":[{\"@type\":\"ReadAction\",\"target\":[\"https:\\\/\\\/www.idworx-bikes.de\\\/de\\\/presse\"]}]},{\"@type\":\"BreadcrumbList\",\"@id\":\"https:\\\/\\\/www.idworx-bikes.de\\\/de\\\/presse#breadcrumb\",\"itemListElement\":[{\"@type\":\"ListItem\",\"position\":1,\"name\":\"Home\",\"item\":\"https:\\\/\\\/www.idworx-bikes.de\\\/de\"},{\"@type\":\"ListItem\",\"position\":2,\"name\":\"Presse\"}]},{\"@type\":\"WebSite\",\"@id\":\"https:\\\/\\\/www.idworx-bikes.de\\\/#website\",\"url\":\"https:\\\/\\\/www.idworx-bikes.de\\\/\",\"name\":\"idworx \u2013 Premium Reiser\u00e4der, Trekking Bikes, E-Bikes &amp; Vakantiefietsen\",\"description\":\"It works! Handgefertigte Bikes f\u00fcr h\u00f6chste Anspr\u00fcche\",\"publisher\":{\"@id\":\"https:\\\/\\\/www.idworx-bikes.de\\\/#organization\"},\"potentialAction\":[{\"@type\":\"SearchAction\",\"target\":{\"@type\":\"EntryPoint\",\"urlTemplate\":\"https:\\\/\\\/www.idworx-bikes.de\\\/?s={search_term_string}\"},\"query-input\":{\"@type\":\"PropertyValueSpecification\",\"valueRequired\":true,\"valueName\":\"search_term_string\"}}],\"inLanguage\":\"de\"},{\"@type\":\"Organization\",\"@id\":\"https:\\\/\\\/www.idworx-bikes.de\\\/#organization\",\"name\":\"idworx\",\"url\":\"https:\\\/\\\/www.idworx-bikes.de\\\/\",\"logo\":{\"@type\":\"ImageObject\",\"inLanguage\":\"de\",\"@id\":\"https:\\\/\\\/www.idworx-bikes.de\\\/#\\\/schema\\\/logo\\\/image\\\/\",\"url\":\"https:\\\/\\\/www.idworx-bikes.de\\\/wp-content\\\/uploads\\\/2015\\\/12\\\/idworx-logo_b.png\",\"contentUrl\":\"https:\\\/\\\/www.idworx-bikes.de\\\/wp-content\\\/uploads\\\/2015\\\/12\\\/idworx-logo_b.png\",\"width\":216,\"height\":69,\"caption\":\"idworx\"},\"image\":{\"@id\":\"https:\\\/\\\/www.idworx-bikes.de\\\/#\\\/schema\\\/logo\\\/image\\\/\"},\"sameAs\":[\"https:\\\/\\\/www.facebook.com\\\/Idworx-202013906499907\\\/\"]}]}<\/script>\n<!-- \/ Yoast SEO plugin. -->","yoast_head_json":{"title":"Presse - idworx \u2013 Premium Reiser\u00e4der, Trekking Bikes, E-Bikes &amp; Vakantiefietsen","robots":{"index":"index","follow":"follow","max-snippet":"max-snippet:-1","max-image-preview":"max-image-preview:large","max-video-preview":"max-video-preview:-1"},"canonical":"https:\/\/www.idworx-bikes.de\/de\/presse","og_locale":"de_DE","og_type":"article","og_title":"Presse - idworx \u2013 Premium Reiser\u00e4der, Trekking Bikes, E-Bikes &amp; Vakantiefietsen","og_url":"https:\/\/www.idworx-bikes.de\/de\/presse","og_site_name":"idworx \u2013 Premium Reiser\u00e4der, Trekking Bikes, E-Bikes &amp; Vakantiefietsen","article_publisher":"https:\/\/www.facebook.com\/Idworx-202013906499907\/","article_modified_time":"2020-10-02T17:25:30+00:00","og_image":[{"width":216,"height":69,"url":"https:\/\/www.idworx-bikes.de\/wp-content\/uploads\/2015\/12\/idworx-logo_b.png","type":"image\/png"}],"schema":{"@context":"https:\/\/schema.org","@graph":[{"@type":"WebPage","@id":"https:\/\/www.idworx-bikes.de\/de\/presse","url":"https:\/\/www.idworx-bikes.de\/de\/presse","name":"Presse - idworx \u2013 Premium Reiser\u00e4der, Trekking Bikes, E-Bikes &amp; Vakantiefietsen","isPartOf":{"@id":"https:\/\/www.idworx-bikes.de\/#website"},"datePublished":"2020-10-02T11:59:07+00:00","dateModified":"2020-10-02T17:25:30+00:00","breadcrumb":{"@id":"https:\/\/www.idworx-bikes.de\/de\/presse#breadcrumb"},"inLanguage":"de","potentialAction":[{"@type":"ReadAction","target":["https:\/\/www.idworx-bikes.de\/de\/presse"]}]},{"@type":"BreadcrumbList","@id":"https:\/\/www.idworx-bikes.de\/de\/presse#breadcrumb","itemListElement":[{"@type":"ListItem","position":1,"name":"Home","item":"https:\/\/www.idworx-bikes.de\/de"},{"@type":"ListItem","position":2,"name":"Presse"}]},{"@type":"WebSite","@id":"https:\/\/www.idworx-bikes.de\/#website","url":"https:\/\/www.idworx-bikes.de\/","name":"idworx \u2013 Premium Reiser\u00e4der, Trekking Bikes, E-Bikes &amp; Vakantiefietsen","description":"It works! Handgefertigte Bikes f\u00fcr h\u00f6chste Anspr\u00fcche","publisher":{"@id":"https:\/\/www.idworx-bikes.de\/#organization"},"potentialAction":[{"@type":"SearchAction","target":{"@type":"EntryPoint","urlTemplate":"https:\/\/www.idworx-bikes.de\/?s={search_term_string}"},"query-input":{"@type":"PropertyValueSpecification","valueRequired":true,"valueName":"search_term_string"}}],"inLanguage":"de"},{"@type":"Organization","@id":"https:\/\/www.idworx-bikes.de\/#organization","name":"idworx","url":"https:\/\/www.idworx-bikes.de\/","logo":{"@type":"ImageObject","inLanguage":"de","@id":"https:\/\/www.idworx-bikes.de\/#\/schema\/logo\/image\/","url":"https:\/\/www.idworx-bikes.de\/wp-content\/uploads\/2015\/12\/idworx-logo_b.png","contentUrl":"https:\/\/www.idworx-bikes.de\/wp-content\/uploads\/2015\/12\/idworx-logo_b.png","width":216,"height":69,"caption":"idworx"},"image":{"@id":"https:\/\/www.idworx-bikes.de\/#\/schema\/logo\/image\/"},"sameAs":["https:\/\/www.facebook.com\/Idworx-202013906499907\/"]}]}},"_links":{"self":[{"href":"https:\/\/www.idworx-bikes.de\/de\/wp-json\/wp\/v2\/pages\/8327","targetHints":{"allow":["GET"]}}],"collection":[{"href":"https:\/\/www.idworx-bikes.de\/de\/wp-json\/wp\/v2\/pages"}],"about":[{"href":"https:\/\/www.idworx-bikes.de\/de\/wp-json\/wp\/v2\/types\/page"}],"author":[{"embeddable":true,"href":"https:\/\/www.idworx-bikes.de\/de\/wp-json\/wp\/v2\/users\/9"}],"replies":[{"embeddable":true,"href":"https:\/\/www.idworx-bikes.de\/de\/wp-json\/wp\/v2\/comments?post=8327"}],"version-history":[{"count":1,"href":"https:\/\/www.idworx-bikes.de\/de\/wp-json\/wp\/v2\/pages\/8327\/revisions"}],"predecessor-version":[{"id":8347,"href":"https:\/\/www.idworx-bikes.de\/de\/wp-json\/wp\/v2\/pages\/8327\/revisions\/8347"}],"wp:attachment":[{"href":"https:\/\/www.idworx-bikes.de\/de\/wp-json\/wp\/v2\/media?parent=8327"}],"curies":[{"name":"wp","href":"https:\/\/api.w.org\/{rel}","templated":true}]}}