{"id":927,"date":"2016-10-29T11:12:36","date_gmt":"2016-10-29T09:12:36","guid":{"rendered":"https:\/\/www.idworx-bikes.de\/de\/?page_id=927"},"modified":"2019-02-20T08:55:29","modified_gmt":"2019-02-20T07:55:29","slug":"impressum-haftungsausschluss","status":"publish","type":"page","link":"https:\/\/www.idworx-bikes.de\/de\/impressum-haftungsausschluss","title":{"rendered":"Impressum \u2013 Haftungsausschluss"},"content":{"rendered":"<p><img loading=\"lazy\" decoding=\"async\" class=\"alignnone wp-image-3969\" src=\"https:\/\/www.idworx-bikes.de\/wp-content\/uploads\/2017\/01\/BikeBasics_CircleLogo.png\" width=\"197\" height=\"150\" \/><\/p>\n<p><b>Bike Basics GmbH<br \/>\n<\/b>idworx Bikes<br \/>\nSiebengebirgsblick 20<br \/>\n53343 Wachtberg<br \/>\nTel: +49 228 184700<br \/>\nFax: +49 228 18470299<br \/>\n<a href=\"mailto:info@bikebasics.de\">info@bikebasics.de<\/a><\/p>\n<p>Vertretungsberechtigte Gesch\u00e4ftsf\u00fchrer: Gerrit Gaastra, Cate Ellis<br \/>\nRegistergericht: Amtsgericht Bonn<br \/>\nRegisternummer: HRB 12446<br \/>\nUmsatzsteuer-Identifikationsnummer gem\u00e4\u00df 27 a Umsatzsteuergesetz: DE 813675029<br \/>\nWEEE-Reg.-Nr. DE69117369<\/p>\n<div class=\"col-md-12\">\n<h2>Haftungsausschluss<\/h2>\n<p>Der Inhalt der Website www.idworx-bikes.de wurde mit gro\u00dfer Sorgfalt zusammengestellt.<br \/>\nBikeBasics GmbH ist in keinem Fall f\u00fcr jegliche Sch\u00e4den haftbar, die die direkte oder indirekte Folge sind von oder im Zusammenhang mit den auf dieser Website zur Verf\u00fcgung gestellten Informationen stehen.<\/p>\n<p>BikeBasics GmbH beh\u00e4lt sich das Recht vor, die Inhalte der Website, jederzeit ohne vorherige Ank\u00fcndigung, zu \u00e4ndern.<\/p>\n<p>Obwohl BikeBasics GmbH bestrebt ist, eine Website st\u00e4ndig verf\u00fcgbar zu halten, kann BikeBasics GmbH, f\u00fcr evtl. Folgen der \u2013 vor\u00fcbergehenden \u2013 nicht Verf\u00fcgbarkeit seiner Website, keine Haftung \u00fcbernehmen.<\/p>\n<p>Verweise zu Webseiten Dritter werden ausschlie\u00dflich aus Sicht der Benutzerfreundlichkeit zur Verf\u00fcgung gestellt und beinhalten nicht, dass Bike Basics die Inhalte der verlinkten Seiten unterst\u00fctzt oder billigt. Daher kann BikeBasics nicht f\u00fcr die Inhalte der gelinkten Seiten oder der dort enthaltenen Links haftbar gemacht werden.<\/p>\n<\/div>\n<\/div>\n","protected":false},"excerpt":{"rendered":"<p>Bike Basics GmbH idworx Bikes Siebengebirgsblick 20 53343 Wachtberg Tel: +49 228 184700 Fax: +49 228 18470299 info@bikebasics.de Vertretungsberechtigte Gesch\u00e4ftsf\u00fchrer: Gerrit Gaastra, Cate Ellis Registergericht: Amtsgericht Bonn Registernummer: HRB 12446 Umsatzsteuer-Identifikationsnummer gem\u00e4\u00df 27 a Umsatzsteuergesetz: DE 813675029 WEEE-Reg.-Nr. DE69117369 Haftungsausschluss Der Inhalt der Website www.idworx-bikes.de wurde mit gro\u00dfer Sorgfalt zusammengestellt. BikeBasics GmbH ist in keinem [&hellip;]<\/p>\n","protected":false},"author":4,"featured_media":0,"parent":0,"menu_order":0,"comment_status":"closed","ping_status":"closed","template":"","meta":{"footnotes":""},"class_list":["post-927","page","type-page","status-publish","hentry"],"yoast_head":"<!-- This site is optimized with the Yoast SEO plugin v27.5 - https:\/\/yoast.com\/product\/yoast-seo-wordpress\/ -->\n<title>Impressum \u2013 Haftungsausschluss - idworx \u2013 Premium Reiser\u00e4der, Trekking Bikes, E-Bikes &amp; Vakantiefietsen<\/title>\n<meta name=\"robots\" content=\"index, follow, max-snippet:-1, max-image-preview:large, max-video-preview:-1\" \/>\n<link rel=\"canonical\" href=\"https:\/\/www.idworx-bikes.de\/de\/impressum-haftungsausschluss\" \/>\n<meta property=\"og:locale\" content=\"de_DE\" \/>\n<meta property=\"og:type\" content=\"article\" \/>\n<meta property=\"og:title\" content=\"Impressum \u2013 Haftungsausschluss - idworx \u2013 Premium Reiser\u00e4der, Trekking Bikes, E-Bikes &amp; Vakantiefietsen\" \/>\n<meta property=\"og:description\" content=\"Bike Basics GmbH idworx Bikes Siebengebirgsblick 20 53343 Wachtberg Tel: +49 228 184700 Fax: +49 228 18470299 info@bikebasics.de Vertretungsberechtigte Gesch\u00e4ftsf\u00fchrer: Gerrit Gaastra, Cate Ellis Registergericht: Amtsgericht Bonn Registernummer: HRB 12446 Umsatzsteuer-Identifikationsnummer gem\u00e4\u00df 27 a Umsatzsteuergesetz: DE 813675029 WEEE-Reg.-Nr. DE69117369 Haftungsausschluss Der Inhalt der Website www.idworx-bikes.de wurde mit gro\u00dfer Sorgfalt zusammengestellt. BikeBasics GmbH ist in keinem [&hellip;]\" \/>\n<meta property=\"og:url\" content=\"https:\/\/www.idworx-bikes.de\/de\/impressum-haftungsausschluss\" \/>\n<meta property=\"og:site_name\" content=\"idworx \u2013 Premium Reiser\u00e4der, Trekking Bikes, E-Bikes &amp; Vakantiefietsen\" \/>\n<meta property=\"article:publisher\" content=\"https:\/\/www.facebook.com\/Idworx-202013906499907\/\" \/>\n<meta property=\"article:modified_time\" content=\"2019-02-20T07:55:29+00:00\" \/>\n<meta property=\"og:image\" content=\"https:\/\/www.idworx-bikes.de\/wp-content\/uploads\/2017\/01\/BikeBasics_CircleLogo.png\" \/>\n<meta name=\"twitter:label1\" content=\"Gesch\u00e4tzte Lesezeit\" \/>\n\t<meta name=\"twitter:data1\" content=\"1\u00a0Minute\" \/>\n<script type=\"application\/ld+json\" class=\"yoast-schema-graph\">{\"@context\":\"https:\\\/\\\/schema.org\",\"@graph\":[{\"@type\":\"WebPage\",\"@id\":\"https:\\\/\\\/www.idworx-bikes.de\\\/de\\\/impressum-haftungsausschluss\",\"url\":\"https:\\\/\\\/www.idworx-bikes.de\\\/de\\\/impressum-haftungsausschluss\",\"name\":\"Impressum \u2013 Haftungsausschluss - idworx \u2013 Premium Reiser\u00e4der, Trekking Bikes, E-Bikes &amp; Vakantiefietsen\",\"isPartOf\":{\"@id\":\"https:\\\/\\\/www.idworx-bikes.de\\\/#website\"},\"primaryImageOfPage\":{\"@id\":\"https:\\\/\\\/www.idworx-bikes.de\\\/de\\\/impressum-haftungsausschluss#primaryimage\"},\"image\":{\"@id\":\"https:\\\/\\\/www.idworx-bikes.de\\\/de\\\/impressum-haftungsausschluss#primaryimage\"},\"thumbnailUrl\":\"https:\\\/\\\/www.idworx-bikes.de\\\/wp-content\\\/uploads\\\/2017\\\/01\\\/BikeBasics_CircleLogo.png\",\"datePublished\":\"2016-10-29T09:12:36+00:00\",\"dateModified\":\"2019-02-20T07:55:29+00:00\",\"breadcrumb\":{\"@id\":\"https:\\\/\\\/www.idworx-bikes.de\\\/de\\\/impressum-haftungsausschluss#breadcrumb\"},\"inLanguage\":\"de\",\"potentialAction\":[{\"@type\":\"ReadAction\",\"target\":[\"https:\\\/\\\/www.idworx-bikes.de\\\/de\\\/impressum-haftungsausschluss\"]}]},{\"@type\":\"ImageObject\",\"inLanguage\":\"de\",\"@id\":\"https:\\\/\\\/www.idworx-bikes.de\\\/de\\\/impressum-haftungsausschluss#primaryimage\",\"url\":\"https:\\\/\\\/www.idworx-bikes.de\\\/wp-content\\\/uploads\\\/2017\\\/01\\\/BikeBasics_CircleLogo.png\",\"contentUrl\":\"https:\\\/\\\/www.idworx-bikes.de\\\/wp-content\\\/uploads\\\/2017\\\/01\\\/BikeBasics_CircleLogo.png\"},{\"@type\":\"BreadcrumbList\",\"@id\":\"https:\\\/\\\/www.idworx-bikes.de\\\/de\\\/impressum-haftungsausschluss#breadcrumb\",\"itemListElement\":[{\"@type\":\"ListItem\",\"position\":1,\"name\":\"Home\",\"item\":\"https:\\\/\\\/www.idworx-bikes.de\\\/de\"},{\"@type\":\"ListItem\",\"position\":2,\"name\":\"Impressum \u2013 Haftungsausschluss\"}]},{\"@type\":\"WebSite\",\"@id\":\"https:\\\/\\\/www.idworx-bikes.de\\\/#website\",\"url\":\"https:\\\/\\\/www.idworx-bikes.de\\\/\",\"name\":\"idworx \u2013 Premium Reiser\u00e4der, Trekking Bikes, E-Bikes &amp; Vakantiefietsen\",\"description\":\"It works! Handgefertigte Bikes f\u00fcr h\u00f6chste Anspr\u00fcche\",\"publisher\":{\"@id\":\"https:\\\/\\\/www.idworx-bikes.de\\\/#organization\"},\"potentialAction\":[{\"@type\":\"SearchAction\",\"target\":{\"@type\":\"EntryPoint\",\"urlTemplate\":\"https:\\\/\\\/www.idworx-bikes.de\\\/?s={search_term_string}\"},\"query-input\":{\"@type\":\"PropertyValueSpecification\",\"valueRequired\":true,\"valueName\":\"search_term_string\"}}],\"inLanguage\":\"de\"},{\"@type\":\"Organization\",\"@id\":\"https:\\\/\\\/www.idworx-bikes.de\\\/#organization\",\"name\":\"idworx\",\"url\":\"https:\\\/\\\/www.idworx-bikes.de\\\/\",\"logo\":{\"@type\":\"ImageObject\",\"inLanguage\":\"de\",\"@id\":\"https:\\\/\\\/www.idworx-bikes.de\\\/#\\\/schema\\\/logo\\\/image\\\/\",\"url\":\"https:\\\/\\\/www.idworx-bikes.de\\\/wp-content\\\/uploads\\\/2015\\\/12\\\/idworx-logo_b.png\",\"contentUrl\":\"https:\\\/\\\/www.idworx-bikes.de\\\/wp-content\\\/uploads\\\/2015\\\/12\\\/idworx-logo_b.png\",\"width\":216,\"height\":69,\"caption\":\"idworx\"},\"image\":{\"@id\":\"https:\\\/\\\/www.idworx-bikes.de\\\/#\\\/schema\\\/logo\\\/image\\\/\"},\"sameAs\":[\"https:\\\/\\\/www.facebook.com\\\/Idworx-202013906499907\\\/\"]}]}<\/script>\n<!-- \/ Yoast SEO plugin. -->","yoast_head_json":{"title":"Impressum \u2013 Haftungsausschluss - idworx \u2013 Premium Reiser\u00e4der, Trekking Bikes, E-Bikes &amp; Vakantiefietsen","robots":{"index":"index","follow":"follow","max-snippet":"max-snippet:-1","max-image-preview":"max-image-preview:large","max-video-preview":"max-video-preview:-1"},"canonical":"https:\/\/www.idworx-bikes.de\/de\/impressum-haftungsausschluss","og_locale":"de_DE","og_type":"article","og_title":"Impressum \u2013 Haftungsausschluss - idworx \u2013 Premium Reiser\u00e4der, Trekking Bikes, E-Bikes &amp; Vakantiefietsen","og_description":"Bike Basics GmbH idworx Bikes Siebengebirgsblick 20 53343 Wachtberg Tel: +49 228 184700 Fax: +49 228 18470299 info@bikebasics.de Vertretungsberechtigte Gesch\u00e4ftsf\u00fchrer: Gerrit Gaastra, Cate Ellis Registergericht: Amtsgericht Bonn Registernummer: HRB 12446 Umsatzsteuer-Identifikationsnummer gem\u00e4\u00df 27 a Umsatzsteuergesetz: DE 813675029 WEEE-Reg.-Nr. DE69117369 Haftungsausschluss Der Inhalt der Website www.idworx-bikes.de wurde mit gro\u00dfer Sorgfalt zusammengestellt. BikeBasics GmbH ist in keinem [&hellip;]","og_url":"https:\/\/www.idworx-bikes.de\/de\/impressum-haftungsausschluss","og_site_name":"idworx \u2013 Premium Reiser\u00e4der, Trekking Bikes, E-Bikes &amp; Vakantiefietsen","article_publisher":"https:\/\/www.facebook.com\/Idworx-202013906499907\/","article_modified_time":"2019-02-20T07:55:29+00:00","og_image":[{"url":"https:\/\/www.idworx-bikes.de\/wp-content\/uploads\/2017\/01\/BikeBasics_CircleLogo.png","type":"","width":"","height":""}],"twitter_misc":{"Gesch\u00e4tzte Lesezeit":"1\u00a0Minute"},"schema":{"@context":"https:\/\/schema.org","@graph":[{"@type":"WebPage","@id":"https:\/\/www.idworx-bikes.de\/de\/impressum-haftungsausschluss","url":"https:\/\/www.idworx-bikes.de\/de\/impressum-haftungsausschluss","name":"Impressum \u2013 Haftungsausschluss - idworx \u2013 Premium Reiser\u00e4der, Trekking Bikes, E-Bikes &amp; Vakantiefietsen","isPartOf":{"@id":"https:\/\/www.idworx-bikes.de\/#website"},"primaryImageOfPage":{"@id":"https:\/\/www.idworx-bikes.de\/de\/impressum-haftungsausschluss#primaryimage"},"image":{"@id":"https:\/\/www.idworx-bikes.de\/de\/impressum-haftungsausschluss#primaryimage"},"thumbnailUrl":"https:\/\/www.idworx-bikes.de\/wp-content\/uploads\/2017\/01\/BikeBasics_CircleLogo.png","datePublished":"2016-10-29T09:12:36+00:00","dateModified":"2019-02-20T07:55:29+00:00","breadcrumb":{"@id":"https:\/\/www.idworx-bikes.de\/de\/impressum-haftungsausschluss#breadcrumb"},"inLanguage":"de","potentialAction":[{"@type":"ReadAction","target":["https:\/\/www.idworx-bikes.de\/de\/impressum-haftungsausschluss"]}]},{"@type":"ImageObject","inLanguage":"de","@id":"https:\/\/www.idworx-bikes.de\/de\/impressum-haftungsausschluss#primaryimage","url":"https:\/\/www.idworx-bikes.de\/wp-content\/uploads\/2017\/01\/BikeBasics_CircleLogo.png","contentUrl":"https:\/\/www.idworx-bikes.de\/wp-content\/uploads\/2017\/01\/BikeBasics_CircleLogo.png"},{"@type":"BreadcrumbList","@id":"https:\/\/www.idworx-bikes.de\/de\/impressum-haftungsausschluss#breadcrumb","itemListElement":[{"@type":"ListItem","position":1,"name":"Home","item":"https:\/\/www.idworx-bikes.de\/de"},{"@type":"ListItem","position":2,"name":"Impressum \u2013 Haftungsausschluss"}]},{"@type":"WebSite","@id":"https:\/\/www.idworx-bikes.de\/#website","url":"https:\/\/www.idworx-bikes.de\/","name":"idworx \u2013 Premium Reiser\u00e4der, Trekking Bikes, E-Bikes &amp; Vakantiefietsen","description":"It works! Handgefertigte Bikes f\u00fcr h\u00f6chste Anspr\u00fcche","publisher":{"@id":"https:\/\/www.idworx-bikes.de\/#organization"},"potentialAction":[{"@type":"SearchAction","target":{"@type":"EntryPoint","urlTemplate":"https:\/\/www.idworx-bikes.de\/?s={search_term_string}"},"query-input":{"@type":"PropertyValueSpecification","valueRequired":true,"valueName":"search_term_string"}}],"inLanguage":"de"},{"@type":"Organization","@id":"https:\/\/www.idworx-bikes.de\/#organization","name":"idworx","url":"https:\/\/www.idworx-bikes.de\/","logo":{"@type":"ImageObject","inLanguage":"de","@id":"https:\/\/www.idworx-bikes.de\/#\/schema\/logo\/image\/","url":"https:\/\/www.idworx-bikes.de\/wp-content\/uploads\/2015\/12\/idworx-logo_b.png","contentUrl":"https:\/\/www.idworx-bikes.de\/wp-content\/uploads\/2015\/12\/idworx-logo_b.png","width":216,"height":69,"caption":"idworx"},"image":{"@id":"https:\/\/www.idworx-bikes.de\/#\/schema\/logo\/image\/"},"sameAs":["https:\/\/www.facebook.com\/Idworx-202013906499907\/"]}]}},"_links":{"self":[{"href":"https:\/\/www.idworx-bikes.de\/de\/wp-json\/wp\/v2\/pages\/927","targetHints":{"allow":["GET"]}}],"collection":[{"href":"https:\/\/www.idworx-bikes.de\/de\/wp-json\/wp\/v2\/pages"}],"about":[{"href":"https:\/\/www.idworx-bikes.de\/de\/wp-json\/wp\/v2\/types\/page"}],"author":[{"embeddable":true,"href":"https:\/\/www.idworx-bikes.de\/de\/wp-json\/wp\/v2\/users\/4"}],"replies":[{"embeddable":true,"href":"https:\/\/www.idworx-bikes.de\/de\/wp-json\/wp\/v2\/comments?post=927"}],"version-history":[{"count":8,"href":"https:\/\/www.idworx-bikes.de\/de\/wp-json\/wp\/v2\/pages\/927\/revisions"}],"predecessor-version":[{"id":6872,"href":"https:\/\/www.idworx-bikes.de\/de\/wp-json\/wp\/v2\/pages\/927\/revisions\/6872"}],"wp:attachment":[{"href":"https:\/\/www.idworx-bikes.de\/de\/wp-json\/wp\/v2\/media?parent=927"}],"curies":[{"name":"wp","href":"https:\/\/api.w.org\/{rel}","templated":true}]}}