{"id":936,"date":"2016-10-29T11:26:59","date_gmt":"2016-10-29T09:26:59","guid":{"rendered":"https:\/\/www.idworx-bikes.de\/de\/?page_id=936"},"modified":"2017-08-29T15:30:03","modified_gmt":"2017-08-29T13:30:03","slug":"super-custom","status":"publish","type":"page","link":"https:\/\/www.idworx-bikes.de\/de\/super-custom","title":{"rendered":"Super Custom"},"content":{"rendered":"<p><a href=\"https:\/\/www.idworx-bikes.de\/wp-content\/uploads\/2016\/10\/gerrit-super-custom.jpg\"><img loading=\"lazy\" decoding=\"async\" class=\"size-medium wp-image-963 alignleft\" src=\"https:\/\/www.idworx-bikes.de\/wp-content\/uploads\/2016\/10\/gerrit-super-custom-300x200.jpg\" alt=\"gerrit-super-custom\" width=\"300\" height=\"200\" srcset=\"https:\/\/www.idworx-bikes.de\/wp-content\/uploads\/2016\/10\/gerrit-super-custom-300x200.jpg 300w, https:\/\/www.idworx-bikes.de\/wp-content\/uploads\/2016\/10\/gerrit-super-custom-768x511.jpg 768w, https:\/\/www.idworx-bikes.de\/wp-content\/uploads\/2016\/10\/gerrit-super-custom-324x215.jpg 324w, https:\/\/www.idworx-bikes.de\/wp-content\/uploads\/2016\/10\/gerrit-super-custom-416x277.jpg 416w, https:\/\/www.idworx-bikes.de\/wp-content\/uploads\/2016\/10\/gerrit-super-custom.jpg 800w\" sizes=\"auto, (max-width: 300px) 100vw, 300px\" \/><\/a>Sie m\u00f6gen Ihr Rad gerne farbenfroh?<br \/>\nSie brauchen Ihr idworx mit einer optimal auf Ihre Vorstellung zugeschnittenen Ausstattung?<br \/>\nOder m\u00f6chten Sie ihr idworx einfach als unverwechselbares Unikat, bei dessen Realisierung ich, Gerrit Gaastra, Sie pers\u00f6nlich berate?<\/p>\n<p>Das <em>idworx Super Custom Programm<\/em> ist der schnellste, unkomplizierteste und sicher auch spannendste Weg zu Ihrem ganz individuellen idworx-Bike.<\/p>\n<h2>Welche Individualisierungen sind im Rahmen des <em>idworx Super Custom Programms<\/em> m\u00f6glich?<\/h2>\n<p>Die M\u00f6glichkeiten sind vielf\u00e4ltig, so dass ich diese hier gar nicht alle beschreiben m\u00f6chte. Die am h\u00e4ufigsten ge\u00e4u\u00dferten W\u00fcnsche sind:<\/p>\n<ul>\n<li>Rahmen und Gabel sowie bestimmte Komponenten in Ihrem Wunschdesign gestalten.<\/li>\n<li>Komponenten wie die Naben, Speichennippel, Sattelst\u00fctze, Vorbau farblich aufeinander abstimmen.<\/li>\n<li>Andere Wahl von Lenker, Vorbau, Lenkergriffen, Sattelst\u00fctze, Reifen, etc.<\/li>\n<\/ul>\n<p>Lassen Sie Ihrer Phantasie freien Lauf und teilen mir mit, was Sie sich vorstellen. Dann sprechen wir dar\u00fcber.<\/p>\n<p>Einige wenige denkbare Individualisierungen sind aber zumindest bislang leider nicht m\u00f6glich:<\/p>\n<ul>\n<li>Rahmen als Ma\u00dfanfertigung mit Ihrer Wunschgeometrie<\/li>\n<li>Weglassen bzw. erg\u00e4nzen von Rahmenfeatures wie idworx iSR, EBB. Diese sind ebenso wie bestimmte Komponenten, wie z.B. die Rohloff Speedhub unserer Rohloff R\u00e4der integrale Bestandteile des jeweiligen Radkonzepts und des Rahmens und k\u00f6nnen daher nicht ver\u00e4ndert werden.<\/li>\n<li>Verwendung einer anderen Gabel bei unseren Trekkingbikes.<\/li>\n<li>Verwendung anderer Felgen als den von uns vorgesehenen bei unseren Bikes mit Magura FIRM-tech Bremsen.<\/li>\n<\/ul>\n<h2>Wie l\u00e4uft das Verfahren ab?<\/h2>\n<ol>\n<li>Das ganze Verfahren basiert auf der direkten Kommunikation zwischen Ihnen und mir.<\/li>\n<li>Sie beschreiben uns \u00fcber das E-Mail-Kontaktformular m\u00f6glichst detailliert, was Sie sich vorstellen.<\/li>\n<li>Dann setze ich mich telefonisch mit Ihnen in Verbindung, um zu besprechen, welche Ihrer Vorstellungen sich realisieren lassen und wo wir gegebenenfalls \u00c4nderungen vornehmen m\u00fcssen. Alternativ k\u00f6nnen Sie uns gerne auch besuchen. Dann lernen wir uns kennen und k\u00f6nnen Ihr Vorhaben pers\u00f6nlich besprechen, w\u00e4hrend Sie sich die M\u00f6glichkeiten vor Ort ansehen.<\/li>\n<li>Anschlie\u00dfend erstellen wir Ihnen ein detailliertes Angebot, damit Sie wissen, mit welchem Preis Sie rechnen m\u00fcssen.<\/li>\n<li>Sollte sich dadurch noch \u00c4nderungsbedarf ergeben, kl\u00e4ren wir diesen in weiteren Telefonaten ab.<\/li>\n<li>Wenn alle Details inkl. des voraussichtlichen Liefertermins fixiert sind, best\u00e4tigen Sie uns mit Ihrer Unterschrift den Auftrag und erhalten daraufhin eine Anzahlungsrechnung \u00fcber 50% des Auftragswerts.<\/li>\n<li>Sie \u00fcberlegen sich, ob Sie Ihr individuelles idworx bei uns oder bei Ihrem idworx-H\u00e4ndler abholen oder es per Spedition erhalten m\u00f6chten.<\/li>\n<\/ol>\n<p>Ich bin gespannt auf Ihre Ideen und freue mich auf unsere Gespr\u00e4che.<\/p>\n<h2>The journey starts here &#8230;<\/h2>\n\n<div class=\"wpcf7 no-js\" id=\"wpcf7-f2479-o1\" lang=\"en-US\" dir=\"ltr\" data-wpcf7-id=\"2479\">\n<div class=\"screen-reader-response\"><p role=\"status\" aria-live=\"polite\" aria-atomic=\"true\"><\/p> <ul><\/ul><\/div>\n<form action=\"\/de\/wp-json\/wp\/v2\/pages\/936#wpcf7-f2479-o1\" method=\"post\" class=\"wpcf7-form init\" aria-label=\"Contact form\" novalidate=\"novalidate\" data-status=\"init\">\n<fieldset class=\"hidden-fields-container\"><input type=\"hidden\" name=\"_wpcf7\" value=\"2479\" \/><input type=\"hidden\" name=\"_wpcf7_version\" value=\"6.1.5\" \/><input type=\"hidden\" name=\"_wpcf7_locale\" value=\"en_US\" \/><input type=\"hidden\" name=\"_wpcf7_unit_tag\" value=\"wpcf7-f2479-o1\" \/><input type=\"hidden\" name=\"_wpcf7_container_post\" value=\"0\" \/><input type=\"hidden\" name=\"_wpcf7_posted_data_hash\" value=\"\" \/>\n<\/fieldset>\n<p><label> Name (erforderlich)<br \/>\n<span class=\"wpcf7-form-control-wrap\" data-name=\"your-name\"><input size=\"40\" maxlength=\"400\" class=\"wpcf7-form-control wpcf7-text wpcf7-validates-as-required\" aria-required=\"true\" aria-invalid=\"false\" value=\"\" type=\"text\" name=\"your-name\" \/><\/span> <\/label>\n<\/p>\n<p><label> Telefon<br \/>\n<span class=\"wpcf7-form-control-wrap\" data-name=\"telephone\"><input size=\"40\" maxlength=\"400\" class=\"wpcf7-form-control wpcf7-tel wpcf7-text wpcf7-validates-as-tel\" aria-invalid=\"false\" value=\"\" type=\"tel\" name=\"telephone\" \/><\/span> <\/label>\n<\/p>\n<p><label> Adresse<br \/>\n<span class=\"wpcf7-form-control-wrap\" data-name=\"address\"><input size=\"40\" maxlength=\"400\" class=\"wpcf7-form-control wpcf7-text\" aria-invalid=\"false\" value=\"\" type=\"text\" name=\"address\" \/><\/span> <\/label>\n<\/p>\n<p><label> E-mail (erforderlich)<br \/>\n<span class=\"wpcf7-form-control-wrap\" data-name=\"email\"><input size=\"40\" maxlength=\"400\" class=\"wpcf7-form-control wpcf7-email wpcf7-validates-as-required wpcf7-text wpcf7-validates-as-email\" aria-required=\"true\" aria-invalid=\"false\" value=\"\" type=\"email\" name=\"email\" \/><\/span> <\/label>\n<\/p>\n<p><label> Nachricht<br \/>\n<span class=\"wpcf7-form-control-wrap\" data-name=\"subject\"><textarea cols=\"40\" rows=\"10\" maxlength=\"2000\" class=\"wpcf7-form-control wpcf7-textarea\" aria-invalid=\"false\" name=\"subject\"><\/textarea><\/span> <\/label>\n<\/p>\n<p><label> No-Robots-Quiz: Tippen Sie den Namen unserer Marke<br \/>\n<span class=\"wpcf7-form-control-wrap\" data-name=\"capital-quiz\"><label><span class=\"wpcf7-quiz-label\"><\/span> <input size=\"40\" class=\"wpcf7-form-control wpcf7-quiz\" autocomplete=\"off\" aria-required=\"true\" aria-invalid=\"false\" type=\"text\" name=\"capital-quiz\" \/><\/label><input type=\"hidden\" name=\"_wpcf7_quiz_answer_capital-quiz\" value=\"139516fcfdd1547d6b1e2b11d2aea181\" \/><\/span> <\/label>\n<\/p>\n<p><input class=\"wpcf7-form-control wpcf7-submit has-spinner\" type=\"submit\" value=\"Senden\" \/>\n<\/p><div class=\"wpcf7-response-output\" aria-hidden=\"true\"><\/div>\n<\/form>\n<\/div>\n\n","protected":false},"excerpt":{"rendered":"<p>Sie m\u00f6gen Ihr Rad gerne farbenfroh? Sie brauchen Ihr idworx mit einer optimal auf Ihre Vorstellung zugeschnittenen Ausstattung? Oder m\u00f6chten Sie ihr idworx einfach als unverwechselbares Unikat, bei dessen Realisierung ich, Gerrit Gaastra, Sie pers\u00f6nlich berate? Das idworx Super Custom Programm ist der schnellste, unkomplizierteste und sicher auch spannendste Weg zu Ihrem ganz individuellen idworx-Bike. [&hellip;]<\/p>\n","protected":false},"author":4,"featured_media":0,"parent":0,"menu_order":0,"comment_status":"closed","ping_status":"closed","template":"","meta":{"footnotes":""},"class_list":["post-936","page","type-page","status-publish","hentry"],"yoast_head":"<!-- This site is optimized with the Yoast SEO plugin v27.4 - https:\/\/yoast.com\/product\/yoast-seo-wordpress\/ -->\n<title>Super Custom - idworx \u2013 Premium Reiser\u00e4der, Trekking Bikes, E-Bikes &amp; Vakantiefietsen<\/title>\n<meta name=\"robots\" content=\"index, follow, max-snippet:-1, max-image-preview:large, max-video-preview:-1\" \/>\n<link rel=\"canonical\" href=\"https:\/\/www.idworx-bikes.de\/de\/super-custom\" \/>\n<meta property=\"og:locale\" content=\"de_DE\" \/>\n<meta property=\"og:type\" content=\"article\" \/>\n<meta property=\"og:title\" content=\"Super Custom - idworx \u2013 Premium Reiser\u00e4der, Trekking Bikes, E-Bikes &amp; Vakantiefietsen\" \/>\n<meta property=\"og:description\" content=\"Sie m\u00f6gen Ihr Rad gerne farbenfroh? Sie brauchen Ihr idworx mit einer optimal auf Ihre Vorstellung zugeschnittenen Ausstattung? Oder m\u00f6chten Sie ihr idworx einfach als unverwechselbares Unikat, bei dessen Realisierung ich, Gerrit Gaastra, Sie pers\u00f6nlich berate? Das idworx Super Custom Programm ist der schnellste, unkomplizierteste und sicher auch spannendste Weg zu Ihrem ganz individuellen idworx-Bike. [&hellip;]\" \/>\n<meta property=\"og:url\" content=\"https:\/\/www.idworx-bikes.de\/de\/super-custom\" \/>\n<meta property=\"og:site_name\" content=\"idworx \u2013 Premium Reiser\u00e4der, Trekking Bikes, E-Bikes &amp; Vakantiefietsen\" \/>\n<meta property=\"article:publisher\" content=\"https:\/\/www.facebook.com\/Idworx-202013906499907\/\" \/>\n<meta property=\"article:modified_time\" content=\"2017-08-29T13:30:03+00:00\" \/>\n<meta property=\"og:image\" content=\"https:\/\/www.idworx-bikes.de\/wp-content\/uploads\/2016\/10\/gerrit-super-custom-300x200.jpg\" \/>\n<meta name=\"twitter:label1\" content=\"Gesch\u00e4tzte Lesezeit\" \/>\n\t<meta name=\"twitter:data1\" content=\"2\u00a0Minuten\" \/>\n<script type=\"application\/ld+json\" class=\"yoast-schema-graph\">{\"@context\":\"https:\\\/\\\/schema.org\",\"@graph\":[{\"@type\":\"WebPage\",\"@id\":\"https:\\\/\\\/www.idworx-bikes.de\\\/de\\\/super-custom\",\"url\":\"https:\\\/\\\/www.idworx-bikes.de\\\/de\\\/super-custom\",\"name\":\"Super Custom - idworx \u2013 Premium Reiser\u00e4der, Trekking Bikes, E-Bikes &amp; Vakantiefietsen\",\"isPartOf\":{\"@id\":\"https:\\\/\\\/www.idworx-bikes.de\\\/#website\"},\"primaryImageOfPage\":{\"@id\":\"https:\\\/\\\/www.idworx-bikes.de\\\/de\\\/super-custom#primaryimage\"},\"image\":{\"@id\":\"https:\\\/\\\/www.idworx-bikes.de\\\/de\\\/super-custom#primaryimage\"},\"thumbnailUrl\":\"https:\\\/\\\/www.idworx-bikes.de\\\/wp-content\\\/uploads\\\/2016\\\/10\\\/gerrit-super-custom-300x200.jpg\",\"datePublished\":\"2016-10-29T09:26:59+00:00\",\"dateModified\":\"2017-08-29T13:30:03+00:00\",\"breadcrumb\":{\"@id\":\"https:\\\/\\\/www.idworx-bikes.de\\\/de\\\/super-custom#breadcrumb\"},\"inLanguage\":\"de\",\"potentialAction\":[{\"@type\":\"ReadAction\",\"target\":[\"https:\\\/\\\/www.idworx-bikes.de\\\/de\\\/super-custom\"]}]},{\"@type\":\"ImageObject\",\"inLanguage\":\"de\",\"@id\":\"https:\\\/\\\/www.idworx-bikes.de\\\/de\\\/super-custom#primaryimage\",\"url\":\"https:\\\/\\\/www.idworx-bikes.de\\\/wp-content\\\/uploads\\\/2016\\\/10\\\/gerrit-super-custom-300x200.jpg\",\"contentUrl\":\"https:\\\/\\\/www.idworx-bikes.de\\\/wp-content\\\/uploads\\\/2016\\\/10\\\/gerrit-super-custom-300x200.jpg\"},{\"@type\":\"BreadcrumbList\",\"@id\":\"https:\\\/\\\/www.idworx-bikes.de\\\/de\\\/super-custom#breadcrumb\",\"itemListElement\":[{\"@type\":\"ListItem\",\"position\":1,\"name\":\"Home\",\"item\":\"https:\\\/\\\/www.idworx-bikes.de\\\/de\"},{\"@type\":\"ListItem\",\"position\":2,\"name\":\"Super Custom\"}]},{\"@type\":\"WebSite\",\"@id\":\"https:\\\/\\\/www.idworx-bikes.de\\\/#website\",\"url\":\"https:\\\/\\\/www.idworx-bikes.de\\\/\",\"name\":\"idworx \u2013 Premium Reiser\u00e4der, Trekking Bikes, E-Bikes &amp; Vakantiefietsen\",\"description\":\"It works! Handgefertigte Bikes f\u00fcr h\u00f6chste Anspr\u00fcche\",\"publisher\":{\"@id\":\"https:\\\/\\\/www.idworx-bikes.de\\\/#organization\"},\"potentialAction\":[{\"@type\":\"SearchAction\",\"target\":{\"@type\":\"EntryPoint\",\"urlTemplate\":\"https:\\\/\\\/www.idworx-bikes.de\\\/?s={search_term_string}\"},\"query-input\":{\"@type\":\"PropertyValueSpecification\",\"valueRequired\":true,\"valueName\":\"search_term_string\"}}],\"inLanguage\":\"de\"},{\"@type\":\"Organization\",\"@id\":\"https:\\\/\\\/www.idworx-bikes.de\\\/#organization\",\"name\":\"idworx\",\"url\":\"https:\\\/\\\/www.idworx-bikes.de\\\/\",\"logo\":{\"@type\":\"ImageObject\",\"inLanguage\":\"de\",\"@id\":\"https:\\\/\\\/www.idworx-bikes.de\\\/#\\\/schema\\\/logo\\\/image\\\/\",\"url\":\"https:\\\/\\\/www.idworx-bikes.de\\\/wp-content\\\/uploads\\\/2015\\\/12\\\/idworx-logo_b.png\",\"contentUrl\":\"https:\\\/\\\/www.idworx-bikes.de\\\/wp-content\\\/uploads\\\/2015\\\/12\\\/idworx-logo_b.png\",\"width\":216,\"height\":69,\"caption\":\"idworx\"},\"image\":{\"@id\":\"https:\\\/\\\/www.idworx-bikes.de\\\/#\\\/schema\\\/logo\\\/image\\\/\"},\"sameAs\":[\"https:\\\/\\\/www.facebook.com\\\/Idworx-202013906499907\\\/\"]}]}<\/script>\n<!-- \/ Yoast SEO plugin. -->","yoast_head_json":{"title":"Super Custom - idworx \u2013 Premium Reiser\u00e4der, Trekking Bikes, E-Bikes &amp; Vakantiefietsen","robots":{"index":"index","follow":"follow","max-snippet":"max-snippet:-1","max-image-preview":"max-image-preview:large","max-video-preview":"max-video-preview:-1"},"canonical":"https:\/\/www.idworx-bikes.de\/de\/super-custom","og_locale":"de_DE","og_type":"article","og_title":"Super Custom - idworx \u2013 Premium Reiser\u00e4der, Trekking Bikes, E-Bikes &amp; Vakantiefietsen","og_description":"Sie m\u00f6gen Ihr Rad gerne farbenfroh? Sie brauchen Ihr idworx mit einer optimal auf Ihre Vorstellung zugeschnittenen Ausstattung? Oder m\u00f6chten Sie ihr idworx einfach als unverwechselbares Unikat, bei dessen Realisierung ich, Gerrit Gaastra, Sie pers\u00f6nlich berate? Das idworx Super Custom Programm ist der schnellste, unkomplizierteste und sicher auch spannendste Weg zu Ihrem ganz individuellen idworx-Bike. [&hellip;]","og_url":"https:\/\/www.idworx-bikes.de\/de\/super-custom","og_site_name":"idworx \u2013 Premium Reiser\u00e4der, Trekking Bikes, E-Bikes &amp; Vakantiefietsen","article_publisher":"https:\/\/www.facebook.com\/Idworx-202013906499907\/","article_modified_time":"2017-08-29T13:30:03+00:00","og_image":[{"url":"https:\/\/www.idworx-bikes.de\/wp-content\/uploads\/2016\/10\/gerrit-super-custom-300x200.jpg","type":"","width":"","height":""}],"twitter_misc":{"Gesch\u00e4tzte Lesezeit":"2\u00a0Minuten"},"schema":{"@context":"https:\/\/schema.org","@graph":[{"@type":"WebPage","@id":"https:\/\/www.idworx-bikes.de\/de\/super-custom","url":"https:\/\/www.idworx-bikes.de\/de\/super-custom","name":"Super Custom - idworx \u2013 Premium Reiser\u00e4der, Trekking Bikes, E-Bikes &amp; Vakantiefietsen","isPartOf":{"@id":"https:\/\/www.idworx-bikes.de\/#website"},"primaryImageOfPage":{"@id":"https:\/\/www.idworx-bikes.de\/de\/super-custom#primaryimage"},"image":{"@id":"https:\/\/www.idworx-bikes.de\/de\/super-custom#primaryimage"},"thumbnailUrl":"https:\/\/www.idworx-bikes.de\/wp-content\/uploads\/2016\/10\/gerrit-super-custom-300x200.jpg","datePublished":"2016-10-29T09:26:59+00:00","dateModified":"2017-08-29T13:30:03+00:00","breadcrumb":{"@id":"https:\/\/www.idworx-bikes.de\/de\/super-custom#breadcrumb"},"inLanguage":"de","potentialAction":[{"@type":"ReadAction","target":["https:\/\/www.idworx-bikes.de\/de\/super-custom"]}]},{"@type":"ImageObject","inLanguage":"de","@id":"https:\/\/www.idworx-bikes.de\/de\/super-custom#primaryimage","url":"https:\/\/www.idworx-bikes.de\/wp-content\/uploads\/2016\/10\/gerrit-super-custom-300x200.jpg","contentUrl":"https:\/\/www.idworx-bikes.de\/wp-content\/uploads\/2016\/10\/gerrit-super-custom-300x200.jpg"},{"@type":"BreadcrumbList","@id":"https:\/\/www.idworx-bikes.de\/de\/super-custom#breadcrumb","itemListElement":[{"@type":"ListItem","position":1,"name":"Home","item":"https:\/\/www.idworx-bikes.de\/de"},{"@type":"ListItem","position":2,"name":"Super Custom"}]},{"@type":"WebSite","@id":"https:\/\/www.idworx-bikes.de\/#website","url":"https:\/\/www.idworx-bikes.de\/","name":"idworx \u2013 Premium Reiser\u00e4der, Trekking Bikes, E-Bikes &amp; Vakantiefietsen","description":"It works! Handgefertigte Bikes f\u00fcr h\u00f6chste Anspr\u00fcche","publisher":{"@id":"https:\/\/www.idworx-bikes.de\/#organization"},"potentialAction":[{"@type":"SearchAction","target":{"@type":"EntryPoint","urlTemplate":"https:\/\/www.idworx-bikes.de\/?s={search_term_string}"},"query-input":{"@type":"PropertyValueSpecification","valueRequired":true,"valueName":"search_term_string"}}],"inLanguage":"de"},{"@type":"Organization","@id":"https:\/\/www.idworx-bikes.de\/#organization","name":"idworx","url":"https:\/\/www.idworx-bikes.de\/","logo":{"@type":"ImageObject","inLanguage":"de","@id":"https:\/\/www.idworx-bikes.de\/#\/schema\/logo\/image\/","url":"https:\/\/www.idworx-bikes.de\/wp-content\/uploads\/2015\/12\/idworx-logo_b.png","contentUrl":"https:\/\/www.idworx-bikes.de\/wp-content\/uploads\/2015\/12\/idworx-logo_b.png","width":216,"height":69,"caption":"idworx"},"image":{"@id":"https:\/\/www.idworx-bikes.de\/#\/schema\/logo\/image\/"},"sameAs":["https:\/\/www.facebook.com\/Idworx-202013906499907\/"]}]}},"_links":{"self":[{"href":"https:\/\/www.idworx-bikes.de\/de\/wp-json\/wp\/v2\/pages\/936","targetHints":{"allow":["GET"]}}],"collection":[{"href":"https:\/\/www.idworx-bikes.de\/de\/wp-json\/wp\/v2\/pages"}],"about":[{"href":"https:\/\/www.idworx-bikes.de\/de\/wp-json\/wp\/v2\/types\/page"}],"author":[{"embeddable":true,"href":"https:\/\/www.idworx-bikes.de\/de\/wp-json\/wp\/v2\/users\/4"}],"replies":[{"embeddable":true,"href":"https:\/\/www.idworx-bikes.de\/de\/wp-json\/wp\/v2\/comments?post=936"}],"version-history":[{"count":7,"href":"https:\/\/www.idworx-bikes.de\/de\/wp-json\/wp\/v2\/pages\/936\/revisions"}],"predecessor-version":[{"id":4696,"href":"https:\/\/www.idworx-bikes.de\/de\/wp-json\/wp\/v2\/pages\/936\/revisions\/4696"}],"wp:attachment":[{"href":"https:\/\/www.idworx-bikes.de\/de\/wp-json\/wp\/v2\/media?parent=936"}],"curies":[{"name":"wp","href":"https:\/\/api.w.org\/{rel}","templated":true}]}}