{"id":986,"date":"2016-10-29T11:52:57","date_gmt":"2016-10-29T09:52:57","guid":{"rendered":"https:\/\/www.idworx-bikes.de\/de\/?page_id=986"},"modified":"2024-03-22T09:14:35","modified_gmt":"2024-03-22T08:14:35","slug":"manuals","status":"publish","type":"page","link":"https:\/\/www.idworx-bikes.de\/de\/manuals","title":{"rendered":"Bedienungsanleitungen"},"content":{"rendered":"<p>Hier finden Sie wertvolle Tipps und Hinweise zum Gebrauch und zur Pflege Ihres idworx-Rades.<\/p>\n<ul class=\"pdflink\">\n<li><a href=\"https:\/\/cfg.idworx-bikes.de\/wp-content\/uploads\/2016\/10\/Willkommen.pdf\">Willkommen<\/a><\/li>\n<li><a href=\"https:\/\/cfg.idworx-bikes.de\/wp-content\/uploads\/2016\/10\/Bike-Basics-Bedienungsanleitung_DE_2011-12.pdf\">Betrieb und Sicherheit (G\u00fcltig ab Modelljahr 2009)<\/a>, <a href=\"https:\/\/cfg.idworx-bikes.de\/wp-content\/uploads\/2016\/10\/Betrieb_und_Sicherheit.pdf\">(bis Modelljahr 2009)<\/a><\/li>\n<li><a href=\"https:\/\/www.idworx-bikes.de\/wp-content\/uploads\/2019\/05\/P1_08_2018_de_WEB.pdf\">Handbuch Pinion P-Linie<\/a><\/li>\n<li><a href=\"https:\/\/www.idworx-bikes.de\/wp-content\/uploads\/2019\/05\/C1_08_2018_de_WEB.pdf\">Handbuch Pinion C-Linie<\/a><\/li>\n<li><a href=\"https:\/\/www.idworx-bikes.de\/wp-content\/uploads\/2016\/10\/Rohloff-Speedhub.pdf\">Rohloff Speedhub<\/a><\/li>\n<li><a href=\"https:\/\/www.idworx-bikes.de\/wp-content\/uploads\/2020\/11\/neodrives_Z20_Bedienungsanleitung_deutsch_94.0004.6.01.02.pdf\">Neodrives Bedienungsanleitung<\/a><\/li>\n<li><a href=\"https:\/\/www.idworx-bikes.de\/wp-content\/uploads\/2023\/06\/Bedienungsanleitung_Endkunde_simplyRemote_simplyRide_062023.pdf\">Neodrives simplyRemote Bedienungsanleitung<\/a><\/li>\n<li><a href=\"https:\/\/cfg.idworx-bikes.de\/wp-content\/uploads\/2016\/10\/Trekking_Specials.pdf\">Trekking-Specials<\/a><\/li>\n<li><a href=\"https:\/\/cfg.idworx-bikes.de\/wp-content\/uploads\/2024\/03\/Drehmomentliste_2024_HS.pdf\">Schrauben-Anzugsmomente<\/a><\/li>\n<li><a href=\"https:\/\/cfg.idworx-bikes.de\/wp-content\/uploads\/2016\/10\/ebb.pdf\">Gebrauchsanleitung EBB-Tool<\/a><\/li>\n<li><a href=\"https:\/\/cfg.idworx-bikes.de\/wp-content\/uploads\/2016\/10\/Einbauanleitung-EBB-LL-mit-und_ohne_KK-V.pdf\">Einbauanleitung EBB LL<\/a><\/li>\n<li><a href=\"https:\/\/cfg.idworx-bikes.de\/wp-content\/uploads\/2016\/10\/cinq_Anleitung_ThePlug_web.pdf\">The Plug Montageanleitung<\/a><\/li>\n<li><a href=\"https:\/\/cfg.idworx-bikes.de\/wp-content\/uploads\/2016\/10\/idworx-TP-Instruktionen_dealer-1.pdf\">The Plug: Hinweis f\u00fcr den Transport mit montiertem The Plug<\/a><\/li>\n<li><a href=\"https:\/\/cfg.idworx-bikes.de\/wp-content\/uploads\/2016\/10\/Reifenluftdrucktabelle_Darim_D_MTB-2014-2_1_final.pdf\">Reifenf\u00fclldruckempfehlung f\u00fcr idworx Darim D MTB Felgen<\/a><\/li>\n<li><a href=\"https:\/\/cfg.idworx-bikes.de\/wp-content\/uploads\/2016\/10\/Reifenluftdrucktabelle_Darim_D_Trekking-2014-2_0-Final.pdf\">Reifenf\u00fclldruckempfehlung f\u00fcr idworx Darim D Trekking Felgen<\/a><\/li>\n<li><a href=\"https:\/\/cfg.idworx-bikes.de\/wp-content\/uploads\/2016\/10\/Sicherheitshinweise_Darim_D_MTB_D-2_1_Final.pdf\">Wichtige Sicherheitshinweise zu der idworx Darim D Felge an Ihrem MTB<\/a><\/li>\n<li><a href=\"https:\/\/cfg.idworx-bikes.de\/wp-content\/uploads\/2016\/10\/Sicherheitshinweise_Darim_D_Trekking_D_1_1_Final.pdf\">Wichtige Sicherheitshinweise zu der idworx Darim D Felge an Ihrem Trekkingbike<\/a><\/li>\n<li><a href=\"https:\/\/cfg.idworx-bikes.de\/wp-content\/uploads\/2016\/10\/Kettenspannanleitung-Slider_a5.pdf\">Kettenspiel einstellen bei idworx oPinion und Power Rohler<\/a><\/li>\n<li><a href=\"https:\/\/cfg.idworx-bikes.de\/wp-content\/uploads\/2016\/10\/empfehlung_zum_tausch_von_alu_trekkinggabeln.pdf\">Empfehlungen zum Tausch von starren Aluminium Trekkinggabeln<\/a><\/li>\n<\/ul>\n","protected":false},"excerpt":{"rendered":"<p>Hier finden Sie wertvolle Tipps und Hinweise zum Gebrauch und zur Pflege Ihres idworx-Rades. Willkommen Betrieb und Sicherheit (G\u00fcltig ab Modelljahr 2009), (bis Modelljahr 2009) Handbuch Pinion P-Linie Handbuch Pinion C-Linie Rohloff Speedhub Neodrives Bedienungsanleitung Neodrives simplyRemote Bedienungsanleitung Trekking-Specials Schrauben-Anzugsmomente Gebrauchsanleitung EBB-Tool Einbauanleitung EBB LL The Plug Montageanleitung The Plug: Hinweis f\u00fcr den Transport mit [&hellip;]<\/p>\n","protected":false},"author":4,"featured_media":0,"parent":0,"menu_order":0,"comment_status":"closed","ping_status":"closed","template":"","meta":{"footnotes":""},"class_list":["post-986","page","type-page","status-publish","hentry"],"yoast_head":"<!-- This site is optimized with the Yoast SEO plugin v27.5 - https:\/\/yoast.com\/product\/yoast-seo-wordpress\/ -->\n<title>Bedienungsanleitungen - idworx \u2013 Premium Reiser\u00e4der, Trekking Bikes, E-Bikes &amp; Vakantiefietsen<\/title>\n<meta name=\"robots\" content=\"index, follow, max-snippet:-1, max-image-preview:large, max-video-preview:-1\" \/>\n<link rel=\"canonical\" href=\"https:\/\/www.idworx-bikes.de\/de\/manuals\" \/>\n<meta property=\"og:locale\" content=\"de_DE\" \/>\n<meta property=\"og:type\" content=\"article\" \/>\n<meta property=\"og:title\" content=\"Bedienungsanleitungen - idworx \u2013 Premium Reiser\u00e4der, Trekking Bikes, E-Bikes &amp; Vakantiefietsen\" \/>\n<meta property=\"og:description\" content=\"Hier finden Sie wertvolle Tipps und Hinweise zum Gebrauch und zur Pflege Ihres idworx-Rades. Willkommen Betrieb und Sicherheit (G\u00fcltig ab Modelljahr 2009), (bis Modelljahr 2009) Handbuch Pinion P-Linie Handbuch Pinion C-Linie Rohloff Speedhub Neodrives Bedienungsanleitung Neodrives simplyRemote Bedienungsanleitung Trekking-Specials Schrauben-Anzugsmomente Gebrauchsanleitung EBB-Tool Einbauanleitung EBB LL The Plug Montageanleitung The Plug: Hinweis f\u00fcr den Transport mit [&hellip;]\" \/>\n<meta property=\"og:url\" content=\"https:\/\/www.idworx-bikes.de\/de\/manuals\" \/>\n<meta property=\"og:site_name\" content=\"idworx \u2013 Premium Reiser\u00e4der, Trekking Bikes, E-Bikes &amp; Vakantiefietsen\" \/>\n<meta property=\"article:publisher\" content=\"https:\/\/www.facebook.com\/Idworx-202013906499907\/\" \/>\n<meta property=\"article:modified_time\" content=\"2024-03-22T08:14:35+00:00\" \/>\n<meta property=\"og:image\" content=\"https:\/\/www.idworx-bikes.de\/wp-content\/uploads\/2015\/12\/idworx-logo_b.png\" \/>\n\t<meta property=\"og:image:width\" content=\"216\" \/>\n\t<meta property=\"og:image:height\" content=\"69\" \/>\n\t<meta property=\"og:image:type\" content=\"image\/png\" \/>\n<meta name=\"twitter:label1\" content=\"Gesch\u00e4tzte Lesezeit\" \/>\n\t<meta name=\"twitter:data1\" content=\"1\u00a0Minute\" \/>\n<script type=\"application\/ld+json\" class=\"yoast-schema-graph\">{\"@context\":\"https:\\\/\\\/schema.org\",\"@graph\":[{\"@type\":\"WebPage\",\"@id\":\"https:\\\/\\\/www.idworx-bikes.de\\\/de\\\/manuals\",\"url\":\"https:\\\/\\\/www.idworx-bikes.de\\\/de\\\/manuals\",\"name\":\"Bedienungsanleitungen - idworx \u2013 Premium Reiser\u00e4der, Trekking Bikes, E-Bikes &amp; Vakantiefietsen\",\"isPartOf\":{\"@id\":\"https:\\\/\\\/www.idworx-bikes.de\\\/#website\"},\"datePublished\":\"2016-10-29T09:52:57+00:00\",\"dateModified\":\"2024-03-22T08:14:35+00:00\",\"breadcrumb\":{\"@id\":\"https:\\\/\\\/www.idworx-bikes.de\\\/de\\\/manuals#breadcrumb\"},\"inLanguage\":\"de\",\"potentialAction\":[{\"@type\":\"ReadAction\",\"target\":[\"https:\\\/\\\/www.idworx-bikes.de\\\/de\\\/manuals\"]}]},{\"@type\":\"BreadcrumbList\",\"@id\":\"https:\\\/\\\/www.idworx-bikes.de\\\/de\\\/manuals#breadcrumb\",\"itemListElement\":[{\"@type\":\"ListItem\",\"position\":1,\"name\":\"Home\",\"item\":\"https:\\\/\\\/www.idworx-bikes.de\\\/de\"},{\"@type\":\"ListItem\",\"position\":2,\"name\":\"Bedienungsanleitungen\"}]},{\"@type\":\"WebSite\",\"@id\":\"https:\\\/\\\/www.idworx-bikes.de\\\/#website\",\"url\":\"https:\\\/\\\/www.idworx-bikes.de\\\/\",\"name\":\"idworx \u2013 Premium Reiser\u00e4der, Trekking Bikes, E-Bikes &amp; Vakantiefietsen\",\"description\":\"It works! Handgefertigte Bikes f\u00fcr h\u00f6chste Anspr\u00fcche\",\"publisher\":{\"@id\":\"https:\\\/\\\/www.idworx-bikes.de\\\/#organization\"},\"potentialAction\":[{\"@type\":\"SearchAction\",\"target\":{\"@type\":\"EntryPoint\",\"urlTemplate\":\"https:\\\/\\\/www.idworx-bikes.de\\\/?s={search_term_string}\"},\"query-input\":{\"@type\":\"PropertyValueSpecification\",\"valueRequired\":true,\"valueName\":\"search_term_string\"}}],\"inLanguage\":\"de\"},{\"@type\":\"Organization\",\"@id\":\"https:\\\/\\\/www.idworx-bikes.de\\\/#organization\",\"name\":\"idworx\",\"url\":\"https:\\\/\\\/www.idworx-bikes.de\\\/\",\"logo\":{\"@type\":\"ImageObject\",\"inLanguage\":\"de\",\"@id\":\"https:\\\/\\\/www.idworx-bikes.de\\\/#\\\/schema\\\/logo\\\/image\\\/\",\"url\":\"https:\\\/\\\/www.idworx-bikes.de\\\/wp-content\\\/uploads\\\/2015\\\/12\\\/idworx-logo_b.png\",\"contentUrl\":\"https:\\\/\\\/www.idworx-bikes.de\\\/wp-content\\\/uploads\\\/2015\\\/12\\\/idworx-logo_b.png\",\"width\":216,\"height\":69,\"caption\":\"idworx\"},\"image\":{\"@id\":\"https:\\\/\\\/www.idworx-bikes.de\\\/#\\\/schema\\\/logo\\\/image\\\/\"},\"sameAs\":[\"https:\\\/\\\/www.facebook.com\\\/Idworx-202013906499907\\\/\"]}]}<\/script>\n<!-- \/ Yoast SEO plugin. -->","yoast_head_json":{"title":"Bedienungsanleitungen - idworx \u2013 Premium Reiser\u00e4der, Trekking Bikes, E-Bikes &amp; Vakantiefietsen","robots":{"index":"index","follow":"follow","max-snippet":"max-snippet:-1","max-image-preview":"max-image-preview:large","max-video-preview":"max-video-preview:-1"},"canonical":"https:\/\/www.idworx-bikes.de\/de\/manuals","og_locale":"de_DE","og_type":"article","og_title":"Bedienungsanleitungen - idworx \u2013 Premium Reiser\u00e4der, Trekking Bikes, E-Bikes &amp; Vakantiefietsen","og_description":"Hier finden Sie wertvolle Tipps und Hinweise zum Gebrauch und zur Pflege Ihres idworx-Rades. Willkommen Betrieb und Sicherheit (G\u00fcltig ab Modelljahr 2009), (bis Modelljahr 2009) Handbuch Pinion P-Linie Handbuch Pinion C-Linie Rohloff Speedhub Neodrives Bedienungsanleitung Neodrives simplyRemote Bedienungsanleitung Trekking-Specials Schrauben-Anzugsmomente Gebrauchsanleitung EBB-Tool Einbauanleitung EBB LL The Plug Montageanleitung The Plug: Hinweis f\u00fcr den Transport mit [&hellip;]","og_url":"https:\/\/www.idworx-bikes.de\/de\/manuals","og_site_name":"idworx \u2013 Premium Reiser\u00e4der, Trekking Bikes, E-Bikes &amp; Vakantiefietsen","article_publisher":"https:\/\/www.facebook.com\/Idworx-202013906499907\/","article_modified_time":"2024-03-22T08:14:35+00:00","og_image":[{"width":216,"height":69,"url":"https:\/\/www.idworx-bikes.de\/wp-content\/uploads\/2015\/12\/idworx-logo_b.png","type":"image\/png"}],"twitter_misc":{"Gesch\u00e4tzte Lesezeit":"1\u00a0Minute"},"schema":{"@context":"https:\/\/schema.org","@graph":[{"@type":"WebPage","@id":"https:\/\/www.idworx-bikes.de\/de\/manuals","url":"https:\/\/www.idworx-bikes.de\/de\/manuals","name":"Bedienungsanleitungen - idworx \u2013 Premium Reiser\u00e4der, Trekking Bikes, E-Bikes &amp; Vakantiefietsen","isPartOf":{"@id":"https:\/\/www.idworx-bikes.de\/#website"},"datePublished":"2016-10-29T09:52:57+00:00","dateModified":"2024-03-22T08:14:35+00:00","breadcrumb":{"@id":"https:\/\/www.idworx-bikes.de\/de\/manuals#breadcrumb"},"inLanguage":"de","potentialAction":[{"@type":"ReadAction","target":["https:\/\/www.idworx-bikes.de\/de\/manuals"]}]},{"@type":"BreadcrumbList","@id":"https:\/\/www.idworx-bikes.de\/de\/manuals#breadcrumb","itemListElement":[{"@type":"ListItem","position":1,"name":"Home","item":"https:\/\/www.idworx-bikes.de\/de"},{"@type":"ListItem","position":2,"name":"Bedienungsanleitungen"}]},{"@type":"WebSite","@id":"https:\/\/www.idworx-bikes.de\/#website","url":"https:\/\/www.idworx-bikes.de\/","name":"idworx \u2013 Premium Reiser\u00e4der, Trekking Bikes, E-Bikes &amp; Vakantiefietsen","description":"It works! Handgefertigte Bikes f\u00fcr h\u00f6chste Anspr\u00fcche","publisher":{"@id":"https:\/\/www.idworx-bikes.de\/#organization"},"potentialAction":[{"@type":"SearchAction","target":{"@type":"EntryPoint","urlTemplate":"https:\/\/www.idworx-bikes.de\/?s={search_term_string}"},"query-input":{"@type":"PropertyValueSpecification","valueRequired":true,"valueName":"search_term_string"}}],"inLanguage":"de"},{"@type":"Organization","@id":"https:\/\/www.idworx-bikes.de\/#organization","name":"idworx","url":"https:\/\/www.idworx-bikes.de\/","logo":{"@type":"ImageObject","inLanguage":"de","@id":"https:\/\/www.idworx-bikes.de\/#\/schema\/logo\/image\/","url":"https:\/\/www.idworx-bikes.de\/wp-content\/uploads\/2015\/12\/idworx-logo_b.png","contentUrl":"https:\/\/www.idworx-bikes.de\/wp-content\/uploads\/2015\/12\/idworx-logo_b.png","width":216,"height":69,"caption":"idworx"},"image":{"@id":"https:\/\/www.idworx-bikes.de\/#\/schema\/logo\/image\/"},"sameAs":["https:\/\/www.facebook.com\/Idworx-202013906499907\/"]}]}},"_links":{"self":[{"href":"https:\/\/www.idworx-bikes.de\/de\/wp-json\/wp\/v2\/pages\/986","targetHints":{"allow":["GET"]}}],"collection":[{"href":"https:\/\/www.idworx-bikes.de\/de\/wp-json\/wp\/v2\/pages"}],"about":[{"href":"https:\/\/www.idworx-bikes.de\/de\/wp-json\/wp\/v2\/types\/page"}],"author":[{"embeddable":true,"href":"https:\/\/www.idworx-bikes.de\/de\/wp-json\/wp\/v2\/users\/4"}],"replies":[{"embeddable":true,"href":"https:\/\/www.idworx-bikes.de\/de\/wp-json\/wp\/v2\/comments?post=986"}],"version-history":[{"count":16,"href":"https:\/\/www.idworx-bikes.de\/de\/wp-json\/wp\/v2\/pages\/986\/revisions"}],"predecessor-version":[{"id":12628,"href":"https:\/\/www.idworx-bikes.de\/de\/wp-json\/wp\/v2\/pages\/986\/revisions\/12628"}],"wp:attachment":[{"href":"https:\/\/www.idworx-bikes.de\/de\/wp-json\/wp\/v2\/media?parent=986"}],"curies":[{"name":"wp","href":"https:\/\/api.w.org\/{rel}","templated":true}]}}