{"id":999,"date":"2016-10-29T12:03:49","date_gmt":"2016-10-29T10:03:49","guid":{"rendered":"https:\/\/www.idworx-bikes.de\/de\/?page_id=999"},"modified":"2025-03-21T16:21:18","modified_gmt":"2025-03-21T15:21:18","slug":"garantie","status":"publish","type":"page","link":"https:\/\/www.idworx-bikes.de\/de\/garantie","title":{"rendered":"Garantie"},"content":{"rendered":"<div>\n<h2>Garantiebestimmungen:<\/h2>\n<h2>ab Modelljahr 2023<\/h2>\n<ul>\n<p>Die Garantiezeit beginnt f\u00fcr den Erstbesitzer mit dem Tag der Ausstellung des Kaufbelegs.<br \/>\nDie Bike Basics GmbH gew\u00e4hrt auf alle:<\/p>\n<p>\u2022 Trekking- \/ Adventure- \/ Electric-Rahmen aus Titan (nur Rahmen): 10 Jahre Herstellergarantie auf Material- und Fabrikationsfehler. Max. Fahrergewicht 120 kg<br \/>\n\u2022 Trekking- \/ Adventure- \/ Electric- Rahmen aus Aluminium (nur Rahmen): 6 Jahre Herstellergarantie auf Material- und Fabrikationsfehler. Max. Fahrergewicht 120 kg<br \/>\n\u2022 MTB- \/ Gravel-Rahmen aus Titan (nur Rahmen) 7 Jahre Herstellergarantie auf Material- und Fabrikationsfehler. Max. Fahrergewicht 100 kg<br \/>\n\u2022 MTB- \/ Gravel-Rahmen aus Aluminium (nur Rahmen) 4 Jahre Herstellergarantie auf Material- und Fabrikationsfehler. Max. Fahrergewicht 100 kg<br \/>\n\u2022 idworx Trekkinggabel aus Aluminium 6 Jahre Herstellergarantie auf Material- und Fabrikationsfehler<br \/>\n\u2022 idworx Trekkinggabel aus Carbon 6 Jahre Herstellergarantie auf Material- und Fabrikationsfehler<br \/>\n\u2022 idworx MTB- \/ Gravelgabel aus Carbon 6 Jahre Herstellergarantie auf Material- und Fabrikationsfehler<br \/>\nZus\u00e4tzlich gew\u00e4hrt Bike Basics auf lackierte Aluminium-Rahmen und starre Gabeln 5 Jahre Herstellergarantie auf Lackfehler. Damit sind solche Risse oder Abl\u00f6sungen gemeint, die nicht auf mechanische Einwirkung infolge des Gebrauchs oder unsachgem\u00e4\u00dfe Behandlung bzw. mangelnde Pflege zur\u00fcckzuf\u00fchren sind.<br \/>\nObwohl idworx-Fahrradrahmen mit \u00e4u\u00dferst hochwertigen Lacken be- schichtet werden, k\u00f6nnen diese insbesondere durch Salz in Verbindung mit Wasser angegriffen werden. Nach Gebrauch des Rades in salzhaltiger Luft oder nach Schwei\u00dfeinwirkung sollten Sie daher die Lackoberfl\u00e4che reinigen. Auch beim Ganzjahresbetrieb des Rades im Winter ist eine re- gelm\u00e4\u00dfige Reinigung und Konservierung notwendig, um den Lack gegen vorzeitige Alterung zu sch\u00fctzen.<\/p>\n<h2>Verhalten bei einem Garantiefall:<\/h2>\n<p>Im Garantiefall wenden Sie sich bitte sofort an Ihren idworx-H\u00e4ndler. Bike Basics ist bem\u00fcht, Garantief\u00e4lle m\u00f6glichst schnell abzuwickeln. Bitte \u00fcbergeben Sie dem H\u00e4ndler den Kaufbeleg, Kopie der idworx-Garantie- karte und Ihre Anschrift sowie Telefonnummer, so dass wir uns ggf. mit Ihnen in Verbindung setzen k\u00f6nnen.<\/p>\n<h2>Garantieausschl\u00fcsse:<\/h2>\n<p>Folgende Umst\u00e4nde f\u00fchren zum Erl\u00f6schen Ihres Garantieanspruchs:<\/p>\n<p>\u2022 Training oder Wettkampf in den Disziplinen \u201eTrial\u201c oder \u201eDownhill\u201c<br \/>\n\u2022 Das Ausstatten mit Motoren, Hilfsantrieben oder \u00e4hnlichem<br \/>\n\u2022 Unsachgem\u00e4\u00dfer Gebrauch im Allgemeinen<br \/>\n\u2022 \u00c4nderungen, die die Konstruktion von Rahmen und Gabel schw\u00e4chen<br \/>\n\u2022 Materialbruch in Folge von St\u00fcrzen oder Unf\u00e4llen<br \/>\n\u2022 Mangelhafte Einstellung von Komponenten, die den Rahmen\/die Ga- bel beeinflussen, z.B. l\u00e4ngeres Fahren mit nicht korrekt eingestelltem Lenklager<br \/>\n\u2022 Sch\u00e4den, die bei mangelhaftem Transport, z.B. auf Dachtr\u00e4gern etc. entstehen.<\/p>\n<h2>\u00c4nderungen an idworx-Fahrr\u00e4dern:<\/h2>\n<p>Die Konstruktion und Auswahl der Ausstattung aller idworx-Fahrr\u00e4der er- folgt mit gr\u00f6\u00dfter Sorgfalt. Im Hinblick auf optimale Funktion werden alle Bauteile perfekt aufeinander abgestimmt. Sollten Sie dennoch wesentliche Bauteile ver\u00e4ndern wollen, steht Ihnen dies grunds\u00e4tzlich frei. Jedoch soll- ten Sie solche Modifikationen, wenn m\u00f6glich durch Ihren idworx-H\u00e4ndler vornehmen lassen. Denn bei vielen solchen Modifikationen bedarf es eines Fachmanns, um zu beurteilen, welche Bauteile zusammen passen. Dieser sorgt dann auch f\u00fcr eine fachgerechte Montage, so dass die Betriebssi- cherheit Ihres idworx-Fahrrades erhalten bleibt.<\/p>\n<h2>Vor der Fahrt:<\/h2>\n<p>Vor Fahrtantritt ist sicherzustellen, dass sich das Fahrrad in einwandfreien Zustand befindet.<br \/>\nKontrollieren Sie daher vor Fahrtantritt, ob<\/p>\n<p>\u2022 die Schnellspanner an den Naben, der Sattelklemme und an den Bremsen (HS33 Firm-Tech) fest geschlossen sind.<br \/>\n\u2022 die Bremsen sachkundig und gut eingestellt sind und gut funktionie- ren.<br \/>\n\u2022 das Lenklager spielfrei und dennoch leichtg\u00e4ngig eingestellt ist.<br \/>\n\u2022 die Sattelst\u00fctze nicht \u00fcber die Sicherheitsmarkierung herausgezogen<br \/>\nist.<br \/>\n\u2022 alle Schraubverbindungen mit dem erforderlichen Anzugsmoment an-<br \/>\ngezogen sind.<br \/>\n\u2022 alle beweglichen Teile frei laufen und nicht beeintr\u00e4chtigt sind.<br \/>\n\u2022 der Luftdruck korrekt eingestellt ist.<br \/>\n\u2022 alle Wartungs- und Betriebsvorschriften erf\u00fcllt sind, die Sie in den mit-<br \/>\ngelieferten Bedienungsanleitungen und im Detail auf unserer Website www.idworx-bikes.com nachlesen k\u00f6nnen.<\/p>\n<\/ul>\n<h2>Empfehlungen zum Tausch von starren Aluminium Trekkinggabeln<\/h2>\n<p><a href=\"https:\/\/www.idworx-bikes.de\/wp-content\/uploads\/2016\/10\/empfehlung_zum_tausch_von_alu_trekkinggabeln.pdf\" rel=\"noopener\">Klicken Sie hier f\u00fcr die PDF.<\/a><\/p>\n<\/div>\n<div><\/div>\n<div>Bitte beachten Sie auch die Garantiebestimmungen auf Ihrer idworx-Garantiekarte!<\/div>\n","protected":false},"excerpt":{"rendered":"<p>Garantiebestimmungen: ab Modelljahr 2023 Die Garantiezeit beginnt f\u00fcr den Erstbesitzer mit dem Tag der Ausstellung des Kaufbelegs. Die Bike Basics GmbH gew\u00e4hrt auf alle: \u2022 Trekking- \/ Adventure- \/ Electric-Rahmen aus Titan (nur Rahmen): 10 Jahre Herstellergarantie auf Material- und Fabrikationsfehler. Max. Fahrergewicht 120 kg \u2022 Trekking- \/ Adventure- \/ Electric- Rahmen aus Aluminium (nur [&hellip;]<\/p>\n","protected":false},"author":4,"featured_media":0,"parent":0,"menu_order":0,"comment_status":"closed","ping_status":"closed","template":"","meta":{"footnotes":""},"class_list":["post-999","page","type-page","status-publish","hentry"],"yoast_head":"<!-- This site is optimized with the Yoast SEO plugin v27.6 - https:\/\/yoast.com\/product\/yoast-seo-wordpress\/ -->\n<title>Garantie - idworx \u2013 Premium Reiser\u00e4der, Trekking Bikes, E-Bikes &amp; Vakantiefietsen<\/title>\n<meta name=\"robots\" content=\"index, follow, max-snippet:-1, max-image-preview:large, max-video-preview:-1\" \/>\n<link rel=\"canonical\" href=\"https:\/\/www.idworx-bikes.de\/de\/garantie\" \/>\n<meta property=\"og:locale\" content=\"de_DE\" \/>\n<meta property=\"og:type\" content=\"article\" \/>\n<meta property=\"og:title\" content=\"Garantie - idworx \u2013 Premium Reiser\u00e4der, Trekking Bikes, E-Bikes &amp; Vakantiefietsen\" \/>\n<meta property=\"og:description\" content=\"Garantiebestimmungen: ab Modelljahr 2023 Die Garantiezeit beginnt f\u00fcr den Erstbesitzer mit dem Tag der Ausstellung des Kaufbelegs. Die Bike Basics GmbH gew\u00e4hrt auf alle: \u2022 Trekking- \/ Adventure- \/ Electric-Rahmen aus Titan (nur Rahmen): 10 Jahre Herstellergarantie auf Material- und Fabrikationsfehler. Max. Fahrergewicht 120 kg \u2022 Trekking- \/ Adventure- \/ Electric- Rahmen aus Aluminium (nur [&hellip;]\" \/>\n<meta property=\"og:url\" content=\"https:\/\/www.idworx-bikes.de\/de\/garantie\" \/>\n<meta property=\"og:site_name\" content=\"idworx \u2013 Premium Reiser\u00e4der, Trekking Bikes, E-Bikes &amp; Vakantiefietsen\" \/>\n<meta property=\"article:publisher\" content=\"https:\/\/www.facebook.com\/Idworx-202013906499907\/\" \/>\n<meta property=\"article:modified_time\" content=\"2025-03-21T15:21:18+00:00\" \/>\n<meta property=\"og:image\" content=\"https:\/\/www.idworx-bikes.de\/wp-content\/uploads\/2015\/12\/idworx-logo_b.png\" \/>\n\t<meta property=\"og:image:width\" content=\"216\" \/>\n\t<meta property=\"og:image:height\" content=\"69\" \/>\n\t<meta property=\"og:image:type\" content=\"image\/png\" \/>\n<meta name=\"twitter:label1\" content=\"Gesch\u00e4tzte Lesezeit\" \/>\n\t<meta name=\"twitter:data1\" content=\"3\u00a0Minuten\" \/>\n<script type=\"application\/ld+json\" class=\"yoast-schema-graph\">{\"@context\":\"https:\\\/\\\/schema.org\",\"@graph\":[{\"@type\":\"WebPage\",\"@id\":\"https:\\\/\\\/www.idworx-bikes.de\\\/de\\\/garantie\",\"url\":\"https:\\\/\\\/www.idworx-bikes.de\\\/de\\\/garantie\",\"name\":\"Garantie - idworx \u2013 Premium Reiser\u00e4der, Trekking Bikes, E-Bikes &amp; Vakantiefietsen\",\"isPartOf\":{\"@id\":\"https:\\\/\\\/www.idworx-bikes.de\\\/#website\"},\"datePublished\":\"2016-10-29T10:03:49+00:00\",\"dateModified\":\"2025-03-21T15:21:18+00:00\",\"breadcrumb\":{\"@id\":\"https:\\\/\\\/www.idworx-bikes.de\\\/de\\\/garantie#breadcrumb\"},\"inLanguage\":\"de\",\"potentialAction\":[{\"@type\":\"ReadAction\",\"target\":[\"https:\\\/\\\/www.idworx-bikes.de\\\/de\\\/garantie\"]}]},{\"@type\":\"BreadcrumbList\",\"@id\":\"https:\\\/\\\/www.idworx-bikes.de\\\/de\\\/garantie#breadcrumb\",\"itemListElement\":[{\"@type\":\"ListItem\",\"position\":1,\"name\":\"Home\",\"item\":\"https:\\\/\\\/www.idworx-bikes.de\\\/de\"},{\"@type\":\"ListItem\",\"position\":2,\"name\":\"Garantie\"}]},{\"@type\":\"WebSite\",\"@id\":\"https:\\\/\\\/www.idworx-bikes.de\\\/#website\",\"url\":\"https:\\\/\\\/www.idworx-bikes.de\\\/\",\"name\":\"idworx \u2013 Premium Reiser\u00e4der, Trekking Bikes, E-Bikes &amp; Vakantiefietsen\",\"description\":\"It works! Handgefertigte Bikes f\u00fcr h\u00f6chste Anspr\u00fcche\",\"publisher\":{\"@id\":\"https:\\\/\\\/www.idworx-bikes.de\\\/#organization\"},\"potentialAction\":[{\"@type\":\"SearchAction\",\"target\":{\"@type\":\"EntryPoint\",\"urlTemplate\":\"https:\\\/\\\/www.idworx-bikes.de\\\/?s={search_term_string}\"},\"query-input\":{\"@type\":\"PropertyValueSpecification\",\"valueRequired\":true,\"valueName\":\"search_term_string\"}}],\"inLanguage\":\"de\"},{\"@type\":\"Organization\",\"@id\":\"https:\\\/\\\/www.idworx-bikes.de\\\/#organization\",\"name\":\"idworx\",\"url\":\"https:\\\/\\\/www.idworx-bikes.de\\\/\",\"logo\":{\"@type\":\"ImageObject\",\"inLanguage\":\"de\",\"@id\":\"https:\\\/\\\/www.idworx-bikes.de\\\/#\\\/schema\\\/logo\\\/image\\\/\",\"url\":\"https:\\\/\\\/www.idworx-bikes.de\\\/wp-content\\\/uploads\\\/2015\\\/12\\\/idworx-logo_b.png\",\"contentUrl\":\"https:\\\/\\\/www.idworx-bikes.de\\\/wp-content\\\/uploads\\\/2015\\\/12\\\/idworx-logo_b.png\",\"width\":216,\"height\":69,\"caption\":\"idworx\"},\"image\":{\"@id\":\"https:\\\/\\\/www.idworx-bikes.de\\\/#\\\/schema\\\/logo\\\/image\\\/\"},\"sameAs\":[\"https:\\\/\\\/www.facebook.com\\\/Idworx-202013906499907\\\/\"]}]}<\/script>\n<!-- \/ Yoast SEO plugin. -->","yoast_head_json":{"title":"Garantie - idworx \u2013 Premium Reiser\u00e4der, Trekking Bikes, E-Bikes &amp; Vakantiefietsen","robots":{"index":"index","follow":"follow","max-snippet":"max-snippet:-1","max-image-preview":"max-image-preview:large","max-video-preview":"max-video-preview:-1"},"canonical":"https:\/\/www.idworx-bikes.de\/de\/garantie","og_locale":"de_DE","og_type":"article","og_title":"Garantie - idworx \u2013 Premium Reiser\u00e4der, Trekking Bikes, E-Bikes &amp; Vakantiefietsen","og_description":"Garantiebestimmungen: ab Modelljahr 2023 Die Garantiezeit beginnt f\u00fcr den Erstbesitzer mit dem Tag der Ausstellung des Kaufbelegs. Die Bike Basics GmbH gew\u00e4hrt auf alle: \u2022 Trekking- \/ Adventure- \/ Electric-Rahmen aus Titan (nur Rahmen): 10 Jahre Herstellergarantie auf Material- und Fabrikationsfehler. Max. Fahrergewicht 120 kg \u2022 Trekking- \/ Adventure- \/ Electric- Rahmen aus Aluminium (nur [&hellip;]","og_url":"https:\/\/www.idworx-bikes.de\/de\/garantie","og_site_name":"idworx \u2013 Premium Reiser\u00e4der, Trekking Bikes, E-Bikes &amp; Vakantiefietsen","article_publisher":"https:\/\/www.facebook.com\/Idworx-202013906499907\/","article_modified_time":"2025-03-21T15:21:18+00:00","og_image":[{"width":216,"height":69,"url":"https:\/\/www.idworx-bikes.de\/wp-content\/uploads\/2015\/12\/idworx-logo_b.png","type":"image\/png"}],"twitter_misc":{"Gesch\u00e4tzte Lesezeit":"3\u00a0Minuten"},"schema":{"@context":"https:\/\/schema.org","@graph":[{"@type":"WebPage","@id":"https:\/\/www.idworx-bikes.de\/de\/garantie","url":"https:\/\/www.idworx-bikes.de\/de\/garantie","name":"Garantie - idworx \u2013 Premium Reiser\u00e4der, Trekking Bikes, E-Bikes &amp; Vakantiefietsen","isPartOf":{"@id":"https:\/\/www.idworx-bikes.de\/#website"},"datePublished":"2016-10-29T10:03:49+00:00","dateModified":"2025-03-21T15:21:18+00:00","breadcrumb":{"@id":"https:\/\/www.idworx-bikes.de\/de\/garantie#breadcrumb"},"inLanguage":"de","potentialAction":[{"@type":"ReadAction","target":["https:\/\/www.idworx-bikes.de\/de\/garantie"]}]},{"@type":"BreadcrumbList","@id":"https:\/\/www.idworx-bikes.de\/de\/garantie#breadcrumb","itemListElement":[{"@type":"ListItem","position":1,"name":"Home","item":"https:\/\/www.idworx-bikes.de\/de"},{"@type":"ListItem","position":2,"name":"Garantie"}]},{"@type":"WebSite","@id":"https:\/\/www.idworx-bikes.de\/#website","url":"https:\/\/www.idworx-bikes.de\/","name":"idworx \u2013 Premium Reiser\u00e4der, Trekking Bikes, E-Bikes &amp; Vakantiefietsen","description":"It works! Handgefertigte Bikes f\u00fcr h\u00f6chste Anspr\u00fcche","publisher":{"@id":"https:\/\/www.idworx-bikes.de\/#organization"},"potentialAction":[{"@type":"SearchAction","target":{"@type":"EntryPoint","urlTemplate":"https:\/\/www.idworx-bikes.de\/?s={search_term_string}"},"query-input":{"@type":"PropertyValueSpecification","valueRequired":true,"valueName":"search_term_string"}}],"inLanguage":"de"},{"@type":"Organization","@id":"https:\/\/www.idworx-bikes.de\/#organization","name":"idworx","url":"https:\/\/www.idworx-bikes.de\/","logo":{"@type":"ImageObject","inLanguage":"de","@id":"https:\/\/www.idworx-bikes.de\/#\/schema\/logo\/image\/","url":"https:\/\/www.idworx-bikes.de\/wp-content\/uploads\/2015\/12\/idworx-logo_b.png","contentUrl":"https:\/\/www.idworx-bikes.de\/wp-content\/uploads\/2015\/12\/idworx-logo_b.png","width":216,"height":69,"caption":"idworx"},"image":{"@id":"https:\/\/www.idworx-bikes.de\/#\/schema\/logo\/image\/"},"sameAs":["https:\/\/www.facebook.com\/Idworx-202013906499907\/"]}]}},"_links":{"self":[{"href":"https:\/\/www.idworx-bikes.de\/de\/wp-json\/wp\/v2\/pages\/999","targetHints":{"allow":["GET"]}}],"collection":[{"href":"https:\/\/www.idworx-bikes.de\/de\/wp-json\/wp\/v2\/pages"}],"about":[{"href":"https:\/\/www.idworx-bikes.de\/de\/wp-json\/wp\/v2\/types\/page"}],"author":[{"embeddable":true,"href":"https:\/\/www.idworx-bikes.de\/de\/wp-json\/wp\/v2\/users\/4"}],"replies":[{"embeddable":true,"href":"https:\/\/www.idworx-bikes.de\/de\/wp-json\/wp\/v2\/comments?post=999"}],"version-history":[{"count":9,"href":"https:\/\/www.idworx-bikes.de\/de\/wp-json\/wp\/v2\/pages\/999\/revisions"}],"predecessor-version":[{"id":13562,"href":"https:\/\/www.idworx-bikes.de\/de\/wp-json\/wp\/v2\/pages\/999\/revisions\/13562"}],"wp:attachment":[{"href":"https:\/\/www.idworx-bikes.de\/de\/wp-json\/wp\/v2\/media?parent=999"}],"curies":[{"name":"wp","href":"https:\/\/api.w.org\/{rel}","templated":true}]}}