{"id":10485,"date":"2022-05-27T16:27:32","date_gmt":"2022-05-27T14:27:33","guid":{"rendered":"https:\/\/www.idworx-bikes.de\/?post_type=product&#038;p=10485"},"modified":"2025-10-08T13:23:56","modified_gmt":"2025-10-08T11:23:56","slug":"rapid-rohler-ti-de-2","status":"publish","type":"product","link":"https:\/\/www.idworx-bikes.de\/de\/produkt\/rapid-rohler-ti-de-2","title":{"rendered":"Rapid Rohler Ti"},"content":{"rendered":"<p>In Sachen Mountainbike-Geometrien war Gerrit Gaastra schon immer sehr innovativ. Bestes Beispiel hierf\u00fcr ist das im Jahr 2000 vorgestellte \u201eDouble D\u201c. Mit seinem 68\u00b0 flachen Lenkwinkel und 2,4 Zoll breiten Reifen, sorgte es f\u00fcr enorme Stabilit\u00e4t und Sicherheit, auch auf technisch herausfordernden Downhills. Die perfekte Umsetzung unserer \u201eRide it all, all the time\u201c Philosophie. Jetzt, gut 21 Jahre, diverse Prototypen und etlichen Trainings- und Wettkampfkilometer des gesamten Bike Basics Teams sp\u00e4ter, setzten wir mit dem vollkommen neu entwickelten Rapid Rohler Ti einen Kontrapunkt zu unserer, \u00fcber die Jahre bew\u00e4hrten Evolution Geometrie. Extrem steiler Lenkwinkel, besonders kurze Kettenstreben und ein relativ tiefes Tretlager, ergeben ein spielerisch wendiges, fast schon an ein Gravelbike erinnerndes, Handling. Das perfekte Bike f\u00fcr flowige und verwinkelte Single Trails, wie man sie in Mittelgebirgen oder auf niederl\u00e4ndischen MTB-Strecken vorfindet. In den H\u00e4nden eines versierten Piloten avanciert das Rapid Rohler Ti zum pfeilschnellen Spa\u00dfgaranten und verf\u00fchrt zum Spiel mit dem Gel\u00e4nde. All das verpackt in einem unverw\u00fcstlichen Titanrahmen, 29 Zoll Laufr\u00e4dern und verfeinert mit der wartungsarmen Rohloff Getriebenabe. Voller Spieltrieb voraus!<br \/>\nJetzt serienm\u00e4\u00dfig mit Rock Shox SID SL Ultimate und Shimano XT 4 Kolben Bremsen.<\/p>\n<\/p>\n<button class=\"wa-accordion \">idworx Specials Rapid Rohler Ti<\/button><div class=\"wa-accordion-panel\">\n<p><b>idworx Stress Reducer Lenkeinschlagbegrenzer<\/b><br \/>\nverhindert effektiv das Umschlagen des Vorderrades und sch\u00fctzt so vor Besch\u00e4digungen am Rahmen, Scheinwerfer oder auch der Schalt- und Bremsleitungen, wie sie durch einen Sturz oder das Umfallen des Fahrrades enstehen k\u00f6nnen.<br \/>\n<a href=\"https:\/\/www.youtube.com\/watch?v=bc4pK8fBh7Q\" target=\"_blank\" rel=\"noopener noreferrer\"><\/p>\n<h3><font color = red>Video iSR<\/font><\/h3>\n<p><\/a><\/p>\n<p><b>idworx EBB Long Life II<\/b><br \/>\nTretlagerexzenter mit integrierten, rostfreien Kugellagern. Das einzige Innenlager am Markt mit wirklich, belastungsgerecht, dimensionierten Lagern f\u00fcr extrem lange Lebensdauer und optimalen Leichtlauf auch bei allerh\u00f6chster Belastung. Passend f\u00fcr alle idworx Rohloff Modelle mit Exzentertretlager zum Einstellen des Kettenspiels. Unser idworx EBB-LL II ist auch kompatibel mit Gates Carbon Drive Riemenantrieb.<\/p>\n<p><a href=\"https:\/\/www.youtube.com\/watch?v=axZLRj1ZbAg\" target=\"_blank\" rel=\"noopener noreferrer\"><\/p>\n<h3><font color = red>Video EBB Long Life<\/font><\/h3>\n<p><\/a><\/p>\n<p><b>idworx Long Life Kettenbl\u00e4tter<\/b><br \/>\nDie von uns entwickelten Long Life Kettenbl\u00e4ttern aus geh\u00e4rtetem Messerstahlstahl mit ungerader Z\u00e4hnezahlen sorgen zusammen mit der extra geh\u00e4rteten idworx KMC E1 ePT Kette und dem idworx Messerstahlritzel f\u00fcr Rohloff f\u00fcr eine beispiellose Langlebigkeit. Bei unseren oPinion Modellen verbauen wir unser Long Life Kettenblatt vorne und hinten. Die Kettenspannung muss seltener kontrolliert werden \u2013 eine erfreuliche Folge eines verschlei\u00dffesteren Antriebs.<\/p>\n<p><a href=\"https:\/\/youtu.be\/OvTJuZsbw94\" target=\"_blank\" rel=\"noopener noreferrer\"><\/p>\n<h3><font color = red>Video Long Life Kettenbl\u00e4tter<\/font><\/h3>\n<p><\/a><\/p>\n<\/div>\n<script type=\"text\/javascript\">\nvar acc = document.getElementsByClassName(\"wa-accordion\");\nvar i;\nfor (i = 0; i < acc.length; i++) {\n  acc[i].addEventListener(\"click\", function() {\n    this.classList.toggle(\"wa-accordion-active\");\n    var panel = this.nextElementSibling;\n    if (panel.style.maxHeight) {\n      panel.style.maxHeight = null;\n    } else {\n      panel.style.maxHeight = panel.scrollHeight + \"px\";\n    }\n  });\n}\n<\/script>\n","protected":false},"excerpt":{"rendered":"<p>In Sachen Mountainbike-Geometrien war Gerrit Gaastra schon immer sehr innovativ. Bestes Beispiel hierf\u00fcr ist das im Jahr 2000 vorgestellte \u201eDouble D\u201c. Mit seinem 68\u00b0 flachen Lenkwinkel und 2,4 Zoll breiten Reifen, sorgte es f\u00fcr enorme Stabilit\u00e4t und Sicherheit, auch auf technisch herausfordernden Downhills. Die perfekte Umsetzung unserer \u201eRide it all, all the time\u201c Philosophie. Jetzt, [&hellip;]<\/p>\n","protected":false},"featured_media":10475,"template":"","meta":[],"product_brand":[],"product_cat":[20,47],"product_tag":[],"class_list":{"0":"post-10485","1":"product","2":"type-product","3":"status-publish","4":"has-post-thumbnail","6":"product_cat-idworx_models-de","7":"product_cat-mountain-de","9":"first","10":"instock","11":"sold-individually","12":"shipping-taxable","13":"purchasable","14":"product-type-composite"},"composite_virtual":false,"composite_layout":"single","composite_add_to_cart_form_location":"default","composite_editable_in_cart":false,"composite_sold_individually_context":"product","composite_shop_price_calc":"min_max","composite_components":[{"id":"1758115614","title":"Spec","description":"","query_type":"product_ids","query_ids":[10481],"default_option_id":10481,"thumbnail_id":"","thumbnail_src":"","quantity_min":1,"quantity_max":1,"priced_individually":true,"shipped_individually":false,"optional":false,"discount":"","options_style":"dropdowns","pagination_style":"classic","display_prices":"absolute","show_sorting_options":false,"show_filtering_options":false,"attribute_filter_ids":[],"select_action":"view","product_title_visible":false,"product_descr_visible":true,"product_price_visible":true,"product_thumb_visible":false,"subtotal_visible_product":true,"subtotal_visible_cart":true,"subtotal_visible_orders":true,"product_addons_visible":true},{"id":"1758115615","title":"Form","description":"","query_type":"product_ids","query_ids":[584],"default_option_id":584,"thumbnail_id":"","thumbnail_src":"","quantity_min":1,"quantity_max":1,"priced_individually":true,"shipped_individually":false,"optional":false,"discount":"","options_style":"dropdowns","pagination_style":"classic","display_prices":"absolute","show_sorting_options":false,"show_filtering_options":false,"attribute_filter_ids":[],"select_action":"view","product_title_visible":false,"product_descr_visible":true,"product_price_visible":true,"product_thumb_visible":false,"subtotal_visible_product":true,"subtotal_visible_cart":true,"subtotal_visible_orders":true,"product_addons_visible":true},{"id":"1758115616","title":"Size","description":"","query_type":"product_ids","query_ids":[81,2844,2847],"default_option_id":"","thumbnail_id":"","thumbnail_src":"","quantity_min":1,"quantity_max":1,"priced_individually":true,"shipped_individually":false,"optional":false,"discount":"","options_style":"thumbnails","pagination_style":"classic","display_prices":"absolute","show_sorting_options":false,"show_filtering_options":false,"attribute_filter_ids":[],"select_action":"view","product_title_visible":false,"product_descr_visible":true,"product_price_visible":true,"product_thumb_visible":false,"subtotal_visible_product":true,"subtotal_visible_cart":true,"subtotal_visible_orders":true,"product_addons_visible":true},{"id":"1758115617","title":"Color","description":"","query_type":"product_ids","query_ids":[9670],"default_option_id":9670,"thumbnail_id":"","thumbnail_src":"","quantity_min":1,"quantity_max":1,"priced_individually":true,"shipped_individually":false,"optional":false,"discount":"","options_style":"dropdowns","pagination_style":"classic","display_prices":"absolute","show_sorting_options":false,"show_filtering_options":false,"attribute_filter_ids":[],"select_action":"view","product_title_visible":false,"product_descr_visible":true,"product_price_visible":true,"product_thumb_visible":false,"subtotal_visible_product":true,"subtotal_visible_cart":true,"subtotal_visible_orders":true,"product_addons_visible":true},{"id":"1758115618","title":"Drive Technology","description":"","query_type":"product_ids","query_ids":[11166],"default_option_id":11166,"thumbnail_id":"","thumbnail_src":"","quantity_min":1,"quantity_max":1,"priced_individually":true,"shipped_individually":false,"optional":false,"discount":"","options_style":"dropdowns","pagination_style":"classic","display_prices":"absolute","show_sorting_options":false,"show_filtering_options":false,"attribute_filter_ids":[],"select_action":"view","product_title_visible":false,"product_descr_visible":true,"product_price_visible":true,"product_thumb_visible":false,"subtotal_visible_product":true,"subtotal_visible_cart":true,"subtotal_visible_orders":true,"product_addons_visible":true},{"id":"1758115619","title":"Extras","description":"","query_type":"product_ids","query_ids":[11187],"default_option_id":11187,"thumbnail_id":"","thumbnail_src":"","quantity_min":1,"quantity_max":1,"priced_individually":true,"shipped_individually":false,"optional":false,"discount":"","options_style":"dropdowns","pagination_style":"classic","display_prices":"absolute","show_sorting_options":false,"show_filtering_options":false,"attribute_filter_ids":[],"select_action":"view","product_title_visible":false,"product_descr_visible":true,"product_price_visible":true,"product_thumb_visible":false,"subtotal_visible_product":true,"subtotal_visible_cart":true,"subtotal_visible_orders":true,"product_addons_visible":true},{"id":"1758115620","title":"Performance Parts","description":"","query_type":"product_ids","query_ids":[11196],"default_option_id":11196,"thumbnail_id":"","thumbnail_src":"","quantity_min":1,"quantity_max":1,"priced_individually":true,"shipped_individually":false,"optional":false,"discount":"","options_style":"dropdowns","pagination_style":"classic","display_prices":"absolute","show_sorting_options":false,"show_filtering_options":false,"attribute_filter_ids":[],"select_action":"view","product_title_visible":false,"product_descr_visible":true,"product_price_visible":true,"product_thumb_visible":false,"subtotal_visible_product":true,"subtotal_visible_cart":true,"subtotal_visible_orders":true,"product_addons_visible":true}],"composite_scenarios":[{"id":"1670582836","name":"Spec==RaR Ti Hide Components","description":"","configuration":[{"component_id":"1670582421","options_modifier":"in","component_options":[10481]}],"actions":[{"action_id":"compat_group","is_active":false},{"action_id":"conditional_components","is_active":true,"hidden_components":[]},{"action_id":"conditional_options","is_active":false,"hidden_options":[]}],"enabled":true},{"id":"1670582837","name":"Spec==RaR Ti Drop Hide Components","description":"","configuration":[{"component_id":"1670582421","options_modifier":"in","component_options":[]}],"actions":[{"action_id":"compat_group","is_active":false},{"action_id":"conditional_components","is_active":true,"hidden_components":["1670582425","1670582427","1670582429"]},{"action_id":"conditional_options","is_active":false,"hidden_options":[]}],"enabled":true},{"id":"1670582838","name":"Spec==No Selection Hide Components","description":"","configuration":[{"component_id":"1670582421","options_modifier":"in","component_options":[-1]}],"actions":[{"action_id":"compat_group","is_active":false},{"action_id":"conditional_components","is_active":true,"hidden_components":{"0":"1670582425","2":"1670582427","4":"1670582429"}},{"action_id":"conditional_options","is_active":false,"hidden_options":[]}],"enabled":true}],"bundled_by":[],"bundle_stock_status":"instock","bundle_stock_quantity":null,"bundle_virtual":false,"bundle_layout":"","bundle_add_to_cart_form_location":"","bundle_editable_in_cart":false,"bundle_sold_individually_context":"","bundle_item_grouping":"","bundle_min_size":"","bundle_max_size":"","bundle_price":[],"bundled_items":[],"bundle_sell_ids":[],"exclude_global_add_ons":[],"addons":[],"yoast_head":"<!-- This site is optimized with the Yoast SEO plugin v27.5 - https:\/\/yoast.com\/product\/yoast-seo-wordpress\/ -->\n<title>Rapid Rohler Ti - idworx \u2013 Premium Reiser\u00e4der, Trekking Bikes, E-Bikes &amp; Vakantiefietsen<\/title>\n<meta name=\"robots\" content=\"index, follow, max-snippet:-1, max-image-preview:large, max-video-preview:-1\" \/>\n<link rel=\"canonical\" href=\"https:\/\/www.idworx-bikes.de\/de\/produkt\/rapid-rohler-ti-de-2\" \/>\n<meta property=\"og:locale\" content=\"de_DE\" \/>\n<meta property=\"og:type\" content=\"article\" \/>\n<meta property=\"og:title\" content=\"Rapid Rohler Ti - idworx \u2013 Premium Reiser\u00e4der, Trekking Bikes, E-Bikes &amp; Vakantiefietsen\" \/>\n<meta property=\"og:description\" content=\"In Sachen Mountainbike-Geometrien war Gerrit Gaastra schon immer sehr innovativ. Bestes Beispiel hierf\u00fcr ist das im Jahr 2000 vorgestellte \u201eDouble D\u201c. Mit seinem 68\u00b0 flachen Lenkwinkel und 2,4 Zoll breiten Reifen, sorgte es f\u00fcr enorme Stabilit\u00e4t und Sicherheit, auch auf technisch herausfordernden Downhills. Die perfekte Umsetzung unserer \u201eRide it all, all the time\u201c Philosophie. Jetzt, [&hellip;]\" \/>\n<meta property=\"og:url\" content=\"https:\/\/www.idworx-bikes.de\/de\/produkt\/rapid-rohler-ti-de-2\" \/>\n<meta property=\"og:site_name\" content=\"idworx \u2013 Premium Reiser\u00e4der, Trekking Bikes, E-Bikes &amp; Vakantiefietsen\" \/>\n<meta property=\"article:publisher\" content=\"https:\/\/www.facebook.com\/Idworx-202013906499907\/\" \/>\n<meta property=\"article:modified_time\" content=\"2025-10-08T11:23:56+00:00\" \/>\n<meta property=\"og:image\" content=\"https:\/\/www.idworx-bikes.de\/wp-content\/uploads\/2022\/05\/BBG_1207-scaled.jpg\" \/>\n\t<meta property=\"og:image:width\" content=\"2560\" \/>\n\t<meta property=\"og:image:height\" content=\"1709\" \/>\n\t<meta property=\"og:image:type\" content=\"image\/jpeg\" \/>\n<meta name=\"twitter:label1\" content=\"Gesch\u00e4tzte Lesezeit\" \/>\n\t<meta name=\"twitter:data1\" content=\"2\u00a0Minuten\" \/>\n<script type=\"application\/ld+json\" class=\"yoast-schema-graph\">{\"@context\":\"https:\\\/\\\/schema.org\",\"@graph\":[{\"@type\":\"WebPage\",\"@id\":\"https:\\\/\\\/www.idworx-bikes.de\\\/de\\\/produkt\\\/rapid-rohler-ti-de-2\",\"url\":\"https:\\\/\\\/www.idworx-bikes.de\\\/de\\\/produkt\\\/rapid-rohler-ti-de-2\",\"name\":\"Rapid Rohler Ti - idworx \u2013 Premium Reiser\u00e4der, Trekking Bikes, E-Bikes &amp; Vakantiefietsen\",\"isPartOf\":{\"@id\":\"https:\\\/\\\/www.idworx-bikes.de\\\/#website\"},\"primaryImageOfPage\":{\"@id\":\"https:\\\/\\\/www.idworx-bikes.de\\\/de\\\/produkt\\\/rapid-rohler-ti-de-2#primaryimage\"},\"image\":{\"@id\":\"https:\\\/\\\/www.idworx-bikes.de\\\/de\\\/produkt\\\/rapid-rohler-ti-de-2#primaryimage\"},\"thumbnailUrl\":\"https:\\\/\\\/www.idworx-bikes.de\\\/wp-content\\\/uploads\\\/2022\\\/05\\\/BBG_1207-scaled.jpg\",\"datePublished\":\"2022-05-27T14:27:33+00:00\",\"dateModified\":\"2025-10-08T11:23:56+00:00\",\"breadcrumb\":{\"@id\":\"https:\\\/\\\/www.idworx-bikes.de\\\/de\\\/produkt\\\/rapid-rohler-ti-de-2#breadcrumb\"},\"inLanguage\":\"de\",\"potentialAction\":[{\"@type\":\"ReadAction\",\"target\":[\"https:\\\/\\\/www.idworx-bikes.de\\\/de\\\/produkt\\\/rapid-rohler-ti-de-2\"]}]},{\"@type\":\"ImageObject\",\"inLanguage\":\"de\",\"@id\":\"https:\\\/\\\/www.idworx-bikes.de\\\/de\\\/produkt\\\/rapid-rohler-ti-de-2#primaryimage\",\"url\":\"https:\\\/\\\/www.idworx-bikes.de\\\/wp-content\\\/uploads\\\/2022\\\/05\\\/BBG_1207-scaled.jpg\",\"contentUrl\":\"https:\\\/\\\/www.idworx-bikes.de\\\/wp-content\\\/uploads\\\/2022\\\/05\\\/BBG_1207-scaled.jpg\",\"width\":2560,\"height\":1709},{\"@type\":\"BreadcrumbList\",\"@id\":\"https:\\\/\\\/www.idworx-bikes.de\\\/de\\\/produkt\\\/rapid-rohler-ti-de-2#breadcrumb\",\"itemListElement\":[{\"@type\":\"ListItem\",\"position\":1,\"name\":\"Home\",\"item\":\"https:\\\/\\\/www.idworx-bikes.de\\\/de\"},{\"@type\":\"ListItem\",\"position\":2,\"name\":\"Shop\",\"item\":\"https:\\\/\\\/www.idworx-bikes.de\\\/de\\\/shop\"},{\"@type\":\"ListItem\",\"position\":3,\"name\":\"Rapid Rohler Ti\"}]},{\"@type\":\"WebSite\",\"@id\":\"https:\\\/\\\/www.idworx-bikes.de\\\/#website\",\"url\":\"https:\\\/\\\/www.idworx-bikes.de\\\/\",\"name\":\"idworx \u2013 Premium Reiser\u00e4der, Trekking Bikes, E-Bikes &amp; Vakantiefietsen\",\"description\":\"It works! Handgefertigte Bikes f\u00fcr h\u00f6chste Anspr\u00fcche\",\"publisher\":{\"@id\":\"https:\\\/\\\/www.idworx-bikes.de\\\/#organization\"},\"potentialAction\":[{\"@type\":\"SearchAction\",\"target\":{\"@type\":\"EntryPoint\",\"urlTemplate\":\"https:\\\/\\\/www.idworx-bikes.de\\\/?s={search_term_string}\"},\"query-input\":{\"@type\":\"PropertyValueSpecification\",\"valueRequired\":true,\"valueName\":\"search_term_string\"}}],\"inLanguage\":\"de\"},{\"@type\":\"Organization\",\"@id\":\"https:\\\/\\\/www.idworx-bikes.de\\\/#organization\",\"name\":\"idworx\",\"url\":\"https:\\\/\\\/www.idworx-bikes.de\\\/\",\"logo\":{\"@type\":\"ImageObject\",\"inLanguage\":\"de\",\"@id\":\"https:\\\/\\\/www.idworx-bikes.de\\\/#\\\/schema\\\/logo\\\/image\\\/\",\"url\":\"https:\\\/\\\/www.idworx-bikes.de\\\/wp-content\\\/uploads\\\/2015\\\/12\\\/idworx-logo_b.png\",\"contentUrl\":\"https:\\\/\\\/www.idworx-bikes.de\\\/wp-content\\\/uploads\\\/2015\\\/12\\\/idworx-logo_b.png\",\"width\":216,\"height\":69,\"caption\":\"idworx\"},\"image\":{\"@id\":\"https:\\\/\\\/www.idworx-bikes.de\\\/#\\\/schema\\\/logo\\\/image\\\/\"},\"sameAs\":[\"https:\\\/\\\/www.facebook.com\\\/Idworx-202013906499907\\\/\"]}]}<\/script>\n<!-- \/ Yoast SEO plugin. -->","yoast_head_json":{"title":"Rapid Rohler Ti - idworx \u2013 Premium Reiser\u00e4der, Trekking Bikes, E-Bikes &amp; Vakantiefietsen","robots":{"index":"index","follow":"follow","max-snippet":"max-snippet:-1","max-image-preview":"max-image-preview:large","max-video-preview":"max-video-preview:-1"},"canonical":"https:\/\/www.idworx-bikes.de\/de\/produkt\/rapid-rohler-ti-de-2","og_locale":"de_DE","og_type":"article","og_title":"Rapid Rohler Ti - idworx \u2013 Premium Reiser\u00e4der, Trekking Bikes, E-Bikes &amp; Vakantiefietsen","og_description":"In Sachen Mountainbike-Geometrien war Gerrit Gaastra schon immer sehr innovativ. Bestes Beispiel hierf\u00fcr ist das im Jahr 2000 vorgestellte \u201eDouble D\u201c. Mit seinem 68\u00b0 flachen Lenkwinkel und 2,4 Zoll breiten Reifen, sorgte es f\u00fcr enorme Stabilit\u00e4t und Sicherheit, auch auf technisch herausfordernden Downhills. Die perfekte Umsetzung unserer \u201eRide it all, all the time\u201c Philosophie. Jetzt, [&hellip;]","og_url":"https:\/\/www.idworx-bikes.de\/de\/produkt\/rapid-rohler-ti-de-2","og_site_name":"idworx \u2013 Premium Reiser\u00e4der, Trekking Bikes, E-Bikes &amp; Vakantiefietsen","article_publisher":"https:\/\/www.facebook.com\/Idworx-202013906499907\/","article_modified_time":"2025-10-08T11:23:56+00:00","og_image":[{"width":2560,"height":1709,"url":"https:\/\/www.idworx-bikes.de\/wp-content\/uploads\/2022\/05\/BBG_1207-scaled.jpg","type":"image\/jpeg"}],"twitter_misc":{"Gesch\u00e4tzte Lesezeit":"2\u00a0Minuten"},"schema":{"@context":"https:\/\/schema.org","@graph":[{"@type":"WebPage","@id":"https:\/\/www.idworx-bikes.de\/de\/produkt\/rapid-rohler-ti-de-2","url":"https:\/\/www.idworx-bikes.de\/de\/produkt\/rapid-rohler-ti-de-2","name":"Rapid Rohler Ti - idworx \u2013 Premium Reiser\u00e4der, Trekking Bikes, E-Bikes &amp; Vakantiefietsen","isPartOf":{"@id":"https:\/\/www.idworx-bikes.de\/#website"},"primaryImageOfPage":{"@id":"https:\/\/www.idworx-bikes.de\/de\/produkt\/rapid-rohler-ti-de-2#primaryimage"},"image":{"@id":"https:\/\/www.idworx-bikes.de\/de\/produkt\/rapid-rohler-ti-de-2#primaryimage"},"thumbnailUrl":"https:\/\/www.idworx-bikes.de\/wp-content\/uploads\/2022\/05\/BBG_1207-scaled.jpg","datePublished":"2022-05-27T14:27:33+00:00","dateModified":"2025-10-08T11:23:56+00:00","breadcrumb":{"@id":"https:\/\/www.idworx-bikes.de\/de\/produkt\/rapid-rohler-ti-de-2#breadcrumb"},"inLanguage":"de","potentialAction":[{"@type":"ReadAction","target":["https:\/\/www.idworx-bikes.de\/de\/produkt\/rapid-rohler-ti-de-2"]}]},{"@type":"ImageObject","inLanguage":"de","@id":"https:\/\/www.idworx-bikes.de\/de\/produkt\/rapid-rohler-ti-de-2#primaryimage","url":"https:\/\/www.idworx-bikes.de\/wp-content\/uploads\/2022\/05\/BBG_1207-scaled.jpg","contentUrl":"https:\/\/www.idworx-bikes.de\/wp-content\/uploads\/2022\/05\/BBG_1207-scaled.jpg","width":2560,"height":1709},{"@type":"BreadcrumbList","@id":"https:\/\/www.idworx-bikes.de\/de\/produkt\/rapid-rohler-ti-de-2#breadcrumb","itemListElement":[{"@type":"ListItem","position":1,"name":"Home","item":"https:\/\/www.idworx-bikes.de\/de"},{"@type":"ListItem","position":2,"name":"Shop","item":"https:\/\/www.idworx-bikes.de\/de\/shop"},{"@type":"ListItem","position":3,"name":"Rapid Rohler Ti"}]},{"@type":"WebSite","@id":"https:\/\/www.idworx-bikes.de\/#website","url":"https:\/\/www.idworx-bikes.de\/","name":"idworx \u2013 Premium Reiser\u00e4der, Trekking Bikes, E-Bikes &amp; Vakantiefietsen","description":"It works! Handgefertigte Bikes f\u00fcr h\u00f6chste Anspr\u00fcche","publisher":{"@id":"https:\/\/www.idworx-bikes.de\/#organization"},"potentialAction":[{"@type":"SearchAction","target":{"@type":"EntryPoint","urlTemplate":"https:\/\/www.idworx-bikes.de\/?s={search_term_string}"},"query-input":{"@type":"PropertyValueSpecification","valueRequired":true,"valueName":"search_term_string"}}],"inLanguage":"de"},{"@type":"Organization","@id":"https:\/\/www.idworx-bikes.de\/#organization","name":"idworx","url":"https:\/\/www.idworx-bikes.de\/","logo":{"@type":"ImageObject","inLanguage":"de","@id":"https:\/\/www.idworx-bikes.de\/#\/schema\/logo\/image\/","url":"https:\/\/www.idworx-bikes.de\/wp-content\/uploads\/2015\/12\/idworx-logo_b.png","contentUrl":"https:\/\/www.idworx-bikes.de\/wp-content\/uploads\/2015\/12\/idworx-logo_b.png","width":216,"height":69,"caption":"idworx"},"image":{"@id":"https:\/\/www.idworx-bikes.de\/#\/schema\/logo\/image\/"},"sameAs":["https:\/\/www.facebook.com\/Idworx-202013906499907\/"]}]}},"_links":{"self":[{"href":"https:\/\/www.idworx-bikes.de\/de\/wp-json\/wp\/v2\/product\/10485","targetHints":{"allow":["GET"]}}],"collection":[{"href":"https:\/\/www.idworx-bikes.de\/de\/wp-json\/wp\/v2\/product"}],"about":[{"href":"https:\/\/www.idworx-bikes.de\/de\/wp-json\/wp\/v2\/types\/product"}],"wp:featuredmedia":[{"embeddable":true,"href":"https:\/\/www.idworx-bikes.de\/de\/wp-json\/wp\/v2\/media\/10475"}],"wp:attachment":[{"href":"https:\/\/www.idworx-bikes.de\/de\/wp-json\/wp\/v2\/media?parent=10485"}],"wp:term":[{"taxonomy":"product_brand","embeddable":true,"href":"https:\/\/www.idworx-bikes.de\/de\/wp-json\/wp\/v2\/product_brand?post=10485"},{"taxonomy":"product_cat","embeddable":true,"href":"https:\/\/www.idworx-bikes.de\/de\/wp-json\/wp\/v2\/product_cat?post=10485"},{"taxonomy":"product_tag","embeddable":true,"href":"https:\/\/www.idworx-bikes.de\/de\/wp-json\/wp\/v2\/product_tag?post=10485"}],"curies":[{"name":"wp","href":"https:\/\/api.w.org\/{rel}","templated":true}]}}