{"id":13834,"date":"2025-09-17T10:32:07","date_gmt":"2025-09-17T08:32:07","guid":{"rendered":"https:\/\/www.idworx-bikes.de\/product\/cerakote-keramikbeschichtung-travel-gabel"},"modified":"2025-09-17T13:34:49","modified_gmt":"2025-09-17T11:34:49","slug":"cerakote-keramikbeschichtung-travel-gabel","status":"publish","type":"product","link":"https:\/\/www.idworx-bikes.de\/de\/produkt\/cerakote-keramikbeschichtung-travel-gabel","title":{"rendered":"CeraKote Keramikbeschichtung Travel Gabel"},"content":{"rendered":"","protected":false},"excerpt":{"rendered":"<p>1. Au\u00dfergew\u00f6hnliche Haltbarkeit<br \/>\nCeraKote bietet eine extrem widerstandsf\u00e4hige Oberfl\u00e4che. Die Beschichtung<br \/>\nsch\u00fctzt vor Kratzer, Abrieb, Korrosion und chemischen Einfl\u00fcssen. Selbst<br \/>\nunter extremen Bedingungen \u2013 sei es Hitze, Feuchtigkeit oder mechanische<br \/>\nBeanspruchung \u2013 bleibt CeraKote best\u00e4ndig.<\/p>\n<p>2. Korrosionsschutz<br \/>\nEin herausragender Vorteil von CeraKote ist der exzellente<br \/>\nKorrosionsschutz. Die Beschichtung dichtet die Oberfl\u00e4che vollst\u00e4ndig ab<br \/>\nund verhindert, dass Feuchtigkeit oder aggressive Substanzen eindringen<br \/>\nk\u00f6nnen. Das macht sie ideal bei stark beanspruchten Fahrzeugteilen.<\/p>\n<p>3. Chemikalienbest\u00e4ndigkeit<br \/>\nCeraKote ist resistent gegen\u00fcber einer Vielzahl von L\u00f6semitteln, \u00d6len,<br \/>\nReinigern und anderen Chemikalien wie z.B. Streusalz. Das macht die<br \/>\nBeschichtung ideal f\u00fcr den Ganzjahresfahrer und zur optimalen Erg\u00e4nzung<br \/>\nunserer Titanrahmen.<\/p>\n<p>4. Pflegeleicht &#038; langlebig<br \/>\nDie glatte, geschlossene Oberfl\u00e4che ist leicht zu reinigen und bleibt \u00fcber<br \/>\nJahre hinweg ansehnlich. Sie verblasst nicht, bl\u00e4ttert nicht ab und bleibt auch<br \/>\nbei starker Beanspruchung funktionsf\u00e4hig.<\/p>\n","protected":false},"featured_media":13828,"template":"","meta":[],"product_brand":[],"product_cat":[187],"product_tag":[],"class_list":{"0":"post-13834","1":"product","2":"type-product","3":"status-publish","4":"has-post-thumbnail","6":"product_cat-options-de","8":"first","9":"instock","10":"shipping-taxable","11":"purchasable","12":"product-type-simple"},"composite_virtual":false,"composite_layout":"","composite_add_to_cart_form_location":"","composite_editable_in_cart":false,"composite_sold_individually_context":"","composite_shop_price_calc":"","composite_components":[],"composite_scenarios":[],"bundled_by":["13617","7639","13602","13599"],"bundle_stock_status":"instock","bundle_stock_quantity":null,"bundle_virtual":false,"bundle_layout":"","bundle_add_to_cart_form_location":"","bundle_editable_in_cart":false,"bundle_sold_individually_context":"","bundle_item_grouping":"","bundle_min_size":"","bundle_max_size":"","bundle_price":[],"bundled_items":[],"bundle_sell_ids":[],"exclude_global_add_ons":[],"addons":[],"yoast_head":"<!-- This site is optimized with the Yoast SEO plugin v27.5 - https:\/\/yoast.com\/product\/yoast-seo-wordpress\/ -->\n<title>CeraKote Keramikbeschichtung Travel Gabel - idworx \u2013 Premium Reiser\u00e4der, Trekking Bikes, E-Bikes &amp; Vakantiefietsen<\/title>\n<meta name=\"robots\" content=\"index, follow, max-snippet:-1, max-image-preview:large, max-video-preview:-1\" \/>\n<link rel=\"canonical\" href=\"https:\/\/www.idworx-bikes.de\/de\/produkt\/cerakote-keramikbeschichtung-travel-gabel\" \/>\n<meta property=\"og:locale\" content=\"de_DE\" \/>\n<meta property=\"og:type\" content=\"article\" \/>\n<meta property=\"og:title\" content=\"CeraKote Keramikbeschichtung Travel Gabel - idworx \u2013 Premium Reiser\u00e4der, Trekking Bikes, E-Bikes &amp; Vakantiefietsen\" \/>\n<meta property=\"og:description\" content=\"1. Au\u00dfergew\u00f6hnliche Haltbarkeit CeraKote bietet eine extrem widerstandsf\u00e4hige Oberfl\u00e4che. Die Beschichtung sch\u00fctzt vor Kratzer, Abrieb, Korrosion und chemischen Einfl\u00fcssen. Selbst unter extremen Bedingungen \u2013 sei es Hitze, Feuchtigkeit oder mechanische Beanspruchung \u2013 bleibt CeraKote best\u00e4ndig.  2. Korrosionsschutz Ein herausragender Vorteil von CeraKote ist der exzellente Korrosionsschutz. Die Beschichtung dichtet die Oberfl\u00e4che vollst\u00e4ndig ab und verhindert, dass Feuchtigkeit oder aggressive Substanzen eindringen k\u00f6nnen. Das macht sie ideal bei stark beanspruchten Fahrzeugteilen.  3. Chemikalienbest\u00e4ndigkeit CeraKote ist resistent gegen\u00fcber einer Vielzahl von L\u00f6semitteln, \u00d6len, Reinigern und anderen Chemikalien wie z.B. Streusalz. Das macht die Beschichtung ideal f\u00fcr den Ganzjahresfahrer und zur optimalen Erg\u00e4nzung unserer Titanrahmen.  4. Pflegeleicht &amp; langlebig Die glatte, geschlossene Oberfl\u00e4che ist leicht zu reinigen und bleibt \u00fcber Jahre hinweg ansehnlich. Sie verblasst nicht, bl\u00e4ttert nicht ab und bleibt auch bei starker Beanspruchung funktionsf\u00e4hig.\" \/>\n<meta property=\"og:url\" content=\"https:\/\/www.idworx-bikes.de\/de\/produkt\/cerakote-keramikbeschichtung-travel-gabel\" \/>\n<meta property=\"og:site_name\" content=\"idworx \u2013 Premium Reiser\u00e4der, Trekking Bikes, E-Bikes &amp; Vakantiefietsen\" \/>\n<meta property=\"article:publisher\" content=\"https:\/\/www.facebook.com\/Idworx-202013906499907\/\" \/>\n<meta property=\"article:modified_time\" content=\"2025-09-17T11:34:49+00:00\" \/>\n<meta property=\"og:image\" content=\"https:\/\/www.idworx-bikes.de\/wp-content\/uploads\/2025\/09\/860x816-EliteBlackoutE-100Still.jpg\" \/>\n\t<meta property=\"og:image:width\" content=\"816\" \/>\n\t<meta property=\"og:image:height\" content=\"816\" \/>\n\t<meta property=\"og:image:type\" content=\"image\/jpeg\" \/>\n<script type=\"application\/ld+json\" class=\"yoast-schema-graph\">{\"@context\":\"https:\\\/\\\/schema.org\",\"@graph\":[{\"@type\":\"WebPage\",\"@id\":\"https:\\\/\\\/www.idworx-bikes.de\\\/de\\\/produkt\\\/cerakote-keramikbeschichtung-travel-gabel\",\"url\":\"https:\\\/\\\/www.idworx-bikes.de\\\/de\\\/produkt\\\/cerakote-keramikbeschichtung-travel-gabel\",\"name\":\"CeraKote Keramikbeschichtung Travel Gabel - idworx \u2013 Premium Reiser\u00e4der, Trekking Bikes, E-Bikes &amp; Vakantiefietsen\",\"isPartOf\":{\"@id\":\"https:\\\/\\\/www.idworx-bikes.de\\\/#website\"},\"primaryImageOfPage\":{\"@id\":\"https:\\\/\\\/www.idworx-bikes.de\\\/de\\\/produkt\\\/cerakote-keramikbeschichtung-travel-gabel#primaryimage\"},\"image\":{\"@id\":\"https:\\\/\\\/www.idworx-bikes.de\\\/de\\\/produkt\\\/cerakote-keramikbeschichtung-travel-gabel#primaryimage\"},\"thumbnailUrl\":\"https:\\\/\\\/www.idworx-bikes.de\\\/wp-content\\\/uploads\\\/2025\\\/09\\\/860x816-EliteBlackoutE-100Still.jpg\",\"datePublished\":\"2025-09-17T08:32:07+00:00\",\"dateModified\":\"2025-09-17T11:34:49+00:00\",\"breadcrumb\":{\"@id\":\"https:\\\/\\\/www.idworx-bikes.de\\\/de\\\/produkt\\\/cerakote-keramikbeschichtung-travel-gabel#breadcrumb\"},\"inLanguage\":\"de\",\"potentialAction\":[{\"@type\":\"ReadAction\",\"target\":[\"https:\\\/\\\/www.idworx-bikes.de\\\/de\\\/produkt\\\/cerakote-keramikbeschichtung-travel-gabel\"]}]},{\"@type\":\"ImageObject\",\"inLanguage\":\"de\",\"@id\":\"https:\\\/\\\/www.idworx-bikes.de\\\/de\\\/produkt\\\/cerakote-keramikbeschichtung-travel-gabel#primaryimage\",\"url\":\"https:\\\/\\\/www.idworx-bikes.de\\\/wp-content\\\/uploads\\\/2025\\\/09\\\/860x816-EliteBlackoutE-100Still.jpg\",\"contentUrl\":\"https:\\\/\\\/www.idworx-bikes.de\\\/wp-content\\\/uploads\\\/2025\\\/09\\\/860x816-EliteBlackoutE-100Still.jpg\",\"width\":816,\"height\":816},{\"@type\":\"BreadcrumbList\",\"@id\":\"https:\\\/\\\/www.idworx-bikes.de\\\/de\\\/produkt\\\/cerakote-keramikbeschichtung-travel-gabel#breadcrumb\",\"itemListElement\":[{\"@type\":\"ListItem\",\"position\":1,\"name\":\"Home\",\"item\":\"https:\\\/\\\/www.idworx-bikes.de\\\/de\"},{\"@type\":\"ListItem\",\"position\":2,\"name\":\"Shop\",\"item\":\"https:\\\/\\\/www.idworx-bikes.de\\\/de\\\/shop\"},{\"@type\":\"ListItem\",\"position\":3,\"name\":\"CeraKote Keramikbeschichtung Travel Gabel\"}]},{\"@type\":\"WebSite\",\"@id\":\"https:\\\/\\\/www.idworx-bikes.de\\\/#website\",\"url\":\"https:\\\/\\\/www.idworx-bikes.de\\\/\",\"name\":\"idworx \u2013 Premium Reiser\u00e4der, Trekking Bikes, E-Bikes &amp; Vakantiefietsen\",\"description\":\"It works! Handgefertigte Bikes f\u00fcr h\u00f6chste Anspr\u00fcche\",\"publisher\":{\"@id\":\"https:\\\/\\\/www.idworx-bikes.de\\\/#organization\"},\"potentialAction\":[{\"@type\":\"SearchAction\",\"target\":{\"@type\":\"EntryPoint\",\"urlTemplate\":\"https:\\\/\\\/www.idworx-bikes.de\\\/?s={search_term_string}\"},\"query-input\":{\"@type\":\"PropertyValueSpecification\",\"valueRequired\":true,\"valueName\":\"search_term_string\"}}],\"inLanguage\":\"de\"},{\"@type\":\"Organization\",\"@id\":\"https:\\\/\\\/www.idworx-bikes.de\\\/#organization\",\"name\":\"idworx\",\"url\":\"https:\\\/\\\/www.idworx-bikes.de\\\/\",\"logo\":{\"@type\":\"ImageObject\",\"inLanguage\":\"de\",\"@id\":\"https:\\\/\\\/www.idworx-bikes.de\\\/#\\\/schema\\\/logo\\\/image\\\/\",\"url\":\"https:\\\/\\\/www.idworx-bikes.de\\\/wp-content\\\/uploads\\\/2015\\\/12\\\/idworx-logo_b.png\",\"contentUrl\":\"https:\\\/\\\/www.idworx-bikes.de\\\/wp-content\\\/uploads\\\/2015\\\/12\\\/idworx-logo_b.png\",\"width\":216,\"height\":69,\"caption\":\"idworx\"},\"image\":{\"@id\":\"https:\\\/\\\/www.idworx-bikes.de\\\/#\\\/schema\\\/logo\\\/image\\\/\"},\"sameAs\":[\"https:\\\/\\\/www.facebook.com\\\/Idworx-202013906499907\\\/\"]}]}<\/script>\n<!-- \/ Yoast SEO plugin. -->","yoast_head_json":{"title":"CeraKote Keramikbeschichtung Travel Gabel - idworx \u2013 Premium Reiser\u00e4der, Trekking Bikes, E-Bikes &amp; Vakantiefietsen","robots":{"index":"index","follow":"follow","max-snippet":"max-snippet:-1","max-image-preview":"max-image-preview:large","max-video-preview":"max-video-preview:-1"},"canonical":"https:\/\/www.idworx-bikes.de\/de\/produkt\/cerakote-keramikbeschichtung-travel-gabel","og_locale":"de_DE","og_type":"article","og_title":"CeraKote Keramikbeschichtung Travel Gabel - idworx \u2013 Premium Reiser\u00e4der, Trekking Bikes, E-Bikes &amp; Vakantiefietsen","og_description":"1. Au\u00dfergew\u00f6hnliche Haltbarkeit CeraKote bietet eine extrem widerstandsf\u00e4hige Oberfl\u00e4che. Die Beschichtung sch\u00fctzt vor Kratzer, Abrieb, Korrosion und chemischen Einfl\u00fcssen. Selbst unter extremen Bedingungen \u2013 sei es Hitze, Feuchtigkeit oder mechanische Beanspruchung \u2013 bleibt CeraKote best\u00e4ndig.  2. Korrosionsschutz Ein herausragender Vorteil von CeraKote ist der exzellente Korrosionsschutz. Die Beschichtung dichtet die Oberfl\u00e4che vollst\u00e4ndig ab und verhindert, dass Feuchtigkeit oder aggressive Substanzen eindringen k\u00f6nnen. Das macht sie ideal bei stark beanspruchten Fahrzeugteilen.  3. Chemikalienbest\u00e4ndigkeit CeraKote ist resistent gegen\u00fcber einer Vielzahl von L\u00f6semitteln, \u00d6len, Reinigern und anderen Chemikalien wie z.B. Streusalz. Das macht die Beschichtung ideal f\u00fcr den Ganzjahresfahrer und zur optimalen Erg\u00e4nzung unserer Titanrahmen.  4. Pflegeleicht & langlebig Die glatte, geschlossene Oberfl\u00e4che ist leicht zu reinigen und bleibt \u00fcber Jahre hinweg ansehnlich. Sie verblasst nicht, bl\u00e4ttert nicht ab und bleibt auch bei starker Beanspruchung funktionsf\u00e4hig.","og_url":"https:\/\/www.idworx-bikes.de\/de\/produkt\/cerakote-keramikbeschichtung-travel-gabel","og_site_name":"idworx \u2013 Premium Reiser\u00e4der, Trekking Bikes, E-Bikes &amp; Vakantiefietsen","article_publisher":"https:\/\/www.facebook.com\/Idworx-202013906499907\/","article_modified_time":"2025-09-17T11:34:49+00:00","og_image":[{"width":816,"height":816,"url":"https:\/\/www.idworx-bikes.de\/wp-content\/uploads\/2025\/09\/860x816-EliteBlackoutE-100Still.jpg","type":"image\/jpeg"}],"schema":{"@context":"https:\/\/schema.org","@graph":[{"@type":"WebPage","@id":"https:\/\/www.idworx-bikes.de\/de\/produkt\/cerakote-keramikbeschichtung-travel-gabel","url":"https:\/\/www.idworx-bikes.de\/de\/produkt\/cerakote-keramikbeschichtung-travel-gabel","name":"CeraKote Keramikbeschichtung Travel Gabel - idworx \u2013 Premium Reiser\u00e4der, Trekking Bikes, E-Bikes &amp; Vakantiefietsen","isPartOf":{"@id":"https:\/\/www.idworx-bikes.de\/#website"},"primaryImageOfPage":{"@id":"https:\/\/www.idworx-bikes.de\/de\/produkt\/cerakote-keramikbeschichtung-travel-gabel#primaryimage"},"image":{"@id":"https:\/\/www.idworx-bikes.de\/de\/produkt\/cerakote-keramikbeschichtung-travel-gabel#primaryimage"},"thumbnailUrl":"https:\/\/www.idworx-bikes.de\/wp-content\/uploads\/2025\/09\/860x816-EliteBlackoutE-100Still.jpg","datePublished":"2025-09-17T08:32:07+00:00","dateModified":"2025-09-17T11:34:49+00:00","breadcrumb":{"@id":"https:\/\/www.idworx-bikes.de\/de\/produkt\/cerakote-keramikbeschichtung-travel-gabel#breadcrumb"},"inLanguage":"de","potentialAction":[{"@type":"ReadAction","target":["https:\/\/www.idworx-bikes.de\/de\/produkt\/cerakote-keramikbeschichtung-travel-gabel"]}]},{"@type":"ImageObject","inLanguage":"de","@id":"https:\/\/www.idworx-bikes.de\/de\/produkt\/cerakote-keramikbeschichtung-travel-gabel#primaryimage","url":"https:\/\/www.idworx-bikes.de\/wp-content\/uploads\/2025\/09\/860x816-EliteBlackoutE-100Still.jpg","contentUrl":"https:\/\/www.idworx-bikes.de\/wp-content\/uploads\/2025\/09\/860x816-EliteBlackoutE-100Still.jpg","width":816,"height":816},{"@type":"BreadcrumbList","@id":"https:\/\/www.idworx-bikes.de\/de\/produkt\/cerakote-keramikbeschichtung-travel-gabel#breadcrumb","itemListElement":[{"@type":"ListItem","position":1,"name":"Home","item":"https:\/\/www.idworx-bikes.de\/de"},{"@type":"ListItem","position":2,"name":"Shop","item":"https:\/\/www.idworx-bikes.de\/de\/shop"},{"@type":"ListItem","position":3,"name":"CeraKote Keramikbeschichtung Travel Gabel"}]},{"@type":"WebSite","@id":"https:\/\/www.idworx-bikes.de\/#website","url":"https:\/\/www.idworx-bikes.de\/","name":"idworx \u2013 Premium Reiser\u00e4der, Trekking Bikes, E-Bikes &amp; Vakantiefietsen","description":"It works! Handgefertigte Bikes f\u00fcr h\u00f6chste Anspr\u00fcche","publisher":{"@id":"https:\/\/www.idworx-bikes.de\/#organization"},"potentialAction":[{"@type":"SearchAction","target":{"@type":"EntryPoint","urlTemplate":"https:\/\/www.idworx-bikes.de\/?s={search_term_string}"},"query-input":{"@type":"PropertyValueSpecification","valueRequired":true,"valueName":"search_term_string"}}],"inLanguage":"de"},{"@type":"Organization","@id":"https:\/\/www.idworx-bikes.de\/#organization","name":"idworx","url":"https:\/\/www.idworx-bikes.de\/","logo":{"@type":"ImageObject","inLanguage":"de","@id":"https:\/\/www.idworx-bikes.de\/#\/schema\/logo\/image\/","url":"https:\/\/www.idworx-bikes.de\/wp-content\/uploads\/2015\/12\/idworx-logo_b.png","contentUrl":"https:\/\/www.idworx-bikes.de\/wp-content\/uploads\/2015\/12\/idworx-logo_b.png","width":216,"height":69,"caption":"idworx"},"image":{"@id":"https:\/\/www.idworx-bikes.de\/#\/schema\/logo\/image\/"},"sameAs":["https:\/\/www.facebook.com\/Idworx-202013906499907\/"]}]}},"_links":{"self":[{"href":"https:\/\/www.idworx-bikes.de\/de\/wp-json\/wp\/v2\/product\/13834","targetHints":{"allow":["GET"]}}],"collection":[{"href":"https:\/\/www.idworx-bikes.de\/de\/wp-json\/wp\/v2\/product"}],"about":[{"href":"https:\/\/www.idworx-bikes.de\/de\/wp-json\/wp\/v2\/types\/product"}],"wp:featuredmedia":[{"embeddable":true,"href":"https:\/\/www.idworx-bikes.de\/de\/wp-json\/wp\/v2\/media\/13828"}],"wp:attachment":[{"href":"https:\/\/www.idworx-bikes.de\/de\/wp-json\/wp\/v2\/media?parent=13834"}],"wp:term":[{"taxonomy":"product_brand","embeddable":true,"href":"https:\/\/www.idworx-bikes.de\/de\/wp-json\/wp\/v2\/product_brand?post=13834"},{"taxonomy":"product_cat","embeddable":true,"href":"https:\/\/www.idworx-bikes.de\/de\/wp-json\/wp\/v2\/product_cat?post=13834"},{"taxonomy":"product_tag","embeddable":true,"href":"https:\/\/www.idworx-bikes.de\/de\/wp-json\/wp\/v2\/product_tag?post=13834"}],"curies":[{"name":"wp","href":"https:\/\/api.w.org\/{rel}","templated":true}]}}