{"id":2646,"date":"2016-11-17T16:16:27","date_gmt":"2016-11-17T15:16:28","guid":{"rendered":"https:\/\/www.idworx-bikes.de\/de\/Produkt\/rock-opinion-power-spec-copy"},"modified":"2021-06-16T13:13:14","modified_gmt":"2021-06-16T11:13:14","slug":"rock-opinion-power-spec-gomax-de","status":"publish","type":"product","link":"https:\/\/www.idworx-bikes.de\/de\/produkt\/rock-opinion-power-spec-gomax-de","title":{"rendered":"Rock oPinion &#8211; power spec mit GoMax Gabel"},"content":{"rendered":"","protected":false},"excerpt":{"rendered":"<p>Das Rock oPinion kombiniert alle Elemente unseres ausgereiften idworx Off-Road Konzepts mit dem Ma\u00dfst\u00e4be setzenden Pinion Getriebe (C1.12) zu einem qualitativ herausragendem Allrounder mit riesigem Anwendungsbereich.<\/p>\n<p>In der Version&#8221;power spec (gen 1.1)&#8221; vereint das Rock oPinion sportliches Lenk- und Fahrverhalten mit viel Sicherheit im Trail. Mit den optionalen breiten idworx DaRim LaW Carbon Felgen k\u00f6nnen Sie die das Handling noch pr\u00e4ziser gestalten, sowie den Grip als auch den Komfort steigern. Weitere Ausstattungsoptionen sind eine Vario-Sattelst\u00fctze, die idworx GoMax Carbon-Starrgabel, das feiner abgestufte Pinion P1.18 Getriebe oder die idworx Big Disc und der Gates CDX-Carbondrive Riemenantrieb.<\/p>\n<ul>\n<li><a href=\"\/wp-content\/uploads\/2016\/12\/RoP_power_1.1_DE.pdf\" target=\"_blank\" rel=\"noopener\">Specs &#8211; Rock oPinion power<\/a><\/li>\n<\/ul>\n<h3>Presse<\/h3>\n[catlist thumbnail=yes thumbnail_size=120,120 thumbnail_class=\"news_thumb\" template=\"idworx-news\" name=\"rock-opinion-de\"]\n","protected":false},"featured_media":2827,"template":"","meta":[],"product_brand":[],"product_cat":[283],"product_tag":[],"class_list":{"0":"post-2646","1":"product","2":"type-product","3":"status-publish","4":"has-post-thumbnail","6":"product_cat-gravel_en_fitness_nl","8":"first","9":"instock","10":"shipping-taxable","11":"product-type-simple"},"composite_virtual":false,"composite_layout":"","composite_add_to_cart_form_location":"","composite_editable_in_cart":false,"composite_sold_individually_context":"","composite_shop_price_calc":"","composite_components":[],"composite_scenarios":[],"bundled_by":[],"bundle_stock_status":"instock","bundle_stock_quantity":null,"bundle_virtual":false,"bundle_layout":"","bundle_add_to_cart_form_location":"","bundle_editable_in_cart":false,"bundle_sold_individually_context":"","bundle_item_grouping":"","bundle_min_size":"","bundle_max_size":"","bundle_price":[],"bundled_items":[],"bundle_sell_ids":[],"exclude_global_add_ons":[],"addons":[],"yoast_head":"<!-- This site is optimized with the Yoast SEO plugin v27.5 - https:\/\/yoast.com\/product\/yoast-seo-wordpress\/ -->\n<title>Rock oPinion - power spec mit GoMax Gabel - idworx \u2013 Premium Reiser\u00e4der, Trekking Bikes, E-Bikes &amp; Vakantiefietsen<\/title>\n<meta name=\"robots\" content=\"index, follow, max-snippet:-1, max-image-preview:large, max-video-preview:-1\" \/>\n<link rel=\"canonical\" href=\"https:\/\/www.idworx-bikes.de\/de\/produkt\/rock-opinion-power-spec-gomax-de\" \/>\n<meta property=\"og:locale\" content=\"de_DE\" \/>\n<meta property=\"og:type\" content=\"article\" \/>\n<meta property=\"og:title\" content=\"Rock oPinion - power spec mit GoMax Gabel - idworx \u2013 Premium Reiser\u00e4der, Trekking Bikes, E-Bikes &amp; Vakantiefietsen\" \/>\n<meta property=\"og:description\" content=\"Das Rock oPinion kombiniert alle Elemente unseres ausgereiften idworx Off-Road Konzepts mit dem Ma\u00dfst\u00e4be setzenden Pinion Getriebe (C1.12) zu einem qualitativ herausragendem Allrounder mit riesigem Anwendungsbereich.  In der Version&quot;power spec (gen 1.1)&quot; vereint das Rock oPinion sportliches Lenk- und Fahrverhalten mit viel Sicherheit im Trail. Mit den optionalen breiten idworx DaRim LaW Carbon Felgen k\u00f6nnen Sie die das Handling noch pr\u00e4ziser gestalten, sowie den Grip als auch den Komfort steigern. Weitere Ausstattungsoptionen sind eine Vario-Sattelst\u00fctze, die idworx GoMax Carbon-Starrgabel, das feiner abgestufte Pinion P1.18 Getriebe oder die idworx Big Disc und der Gates CDX-Carbondrive Riemenantrieb.   Specs - Rock oPinion power  Presse\" \/>\n<meta property=\"og:url\" content=\"https:\/\/www.idworx-bikes.de\/de\/produkt\/rock-opinion-power-spec-gomax-de\" \/>\n<meta property=\"og:site_name\" content=\"idworx \u2013 Premium Reiser\u00e4der, Trekking Bikes, E-Bikes &amp; Vakantiefietsen\" \/>\n<meta property=\"article:publisher\" content=\"https:\/\/www.facebook.com\/Idworx-202013906499907\/\" \/>\n<meta property=\"article:modified_time\" content=\"2021-06-16T11:13:14+00:00\" \/>\n<meta property=\"og:image\" content=\"https:\/\/www.idworx-bikes.de\/wp-content\/uploads\/2016\/11\/GoMax_rear_q.jpg\" \/>\n\t<meta property=\"og:image:width\" content=\"9000\" \/>\n\t<meta property=\"og:image:height\" content=\"6000\" \/>\n\t<meta property=\"og:image:type\" content=\"image\/jpeg\" \/>\n<script type=\"application\/ld+json\" class=\"yoast-schema-graph\">{\"@context\":\"https:\\\/\\\/schema.org\",\"@graph\":[{\"@type\":\"WebPage\",\"@id\":\"https:\\\/\\\/www.idworx-bikes.de\\\/de\\\/produkt\\\/rock-opinion-power-spec-gomax-de\",\"url\":\"https:\\\/\\\/www.idworx-bikes.de\\\/de\\\/produkt\\\/rock-opinion-power-spec-gomax-de\",\"name\":\"Rock oPinion - power spec mit GoMax Gabel - idworx \u2013 Premium Reiser\u00e4der, Trekking Bikes, E-Bikes &amp; Vakantiefietsen\",\"isPartOf\":{\"@id\":\"https:\\\/\\\/www.idworx-bikes.de\\\/#website\"},\"primaryImageOfPage\":{\"@id\":\"https:\\\/\\\/www.idworx-bikes.de\\\/de\\\/produkt\\\/rock-opinion-power-spec-gomax-de#primaryimage\"},\"image\":{\"@id\":\"https:\\\/\\\/www.idworx-bikes.de\\\/de\\\/produkt\\\/rock-opinion-power-spec-gomax-de#primaryimage\"},\"thumbnailUrl\":\"https:\\\/\\\/www.idworx-bikes.de\\\/wp-content\\\/uploads\\\/2016\\\/11\\\/GoMax_rear_q.jpg\",\"datePublished\":\"2016-11-17T15:16:28+00:00\",\"dateModified\":\"2021-06-16T11:13:14+00:00\",\"breadcrumb\":{\"@id\":\"https:\\\/\\\/www.idworx-bikes.de\\\/de\\\/produkt\\\/rock-opinion-power-spec-gomax-de#breadcrumb\"},\"inLanguage\":\"de\",\"potentialAction\":[{\"@type\":\"ReadAction\",\"target\":[\"https:\\\/\\\/www.idworx-bikes.de\\\/de\\\/produkt\\\/rock-opinion-power-spec-gomax-de\"]}]},{\"@type\":\"ImageObject\",\"inLanguage\":\"de\",\"@id\":\"https:\\\/\\\/www.idworx-bikes.de\\\/de\\\/produkt\\\/rock-opinion-power-spec-gomax-de#primaryimage\",\"url\":\"https:\\\/\\\/www.idworx-bikes.de\\\/wp-content\\\/uploads\\\/2016\\\/11\\\/GoMax_rear_q.jpg\",\"contentUrl\":\"https:\\\/\\\/www.idworx-bikes.de\\\/wp-content\\\/uploads\\\/2016\\\/11\\\/GoMax_rear_q.jpg\",\"width\":9000,\"height\":6000},{\"@type\":\"BreadcrumbList\",\"@id\":\"https:\\\/\\\/www.idworx-bikes.de\\\/de\\\/produkt\\\/rock-opinion-power-spec-gomax-de#breadcrumb\",\"itemListElement\":[{\"@type\":\"ListItem\",\"position\":1,\"name\":\"Home\",\"item\":\"https:\\\/\\\/www.idworx-bikes.de\\\/de\"},{\"@type\":\"ListItem\",\"position\":2,\"name\":\"Shop\",\"item\":\"https:\\\/\\\/www.idworx-bikes.de\\\/de\\\/shop\"},{\"@type\":\"ListItem\",\"position\":3,\"name\":\"Rock oPinion &#8211; power spec mit GoMax Gabel\"}]},{\"@type\":\"WebSite\",\"@id\":\"https:\\\/\\\/www.idworx-bikes.de\\\/#website\",\"url\":\"https:\\\/\\\/www.idworx-bikes.de\\\/\",\"name\":\"idworx \u2013 Premium Reiser\u00e4der, Trekking Bikes, E-Bikes &amp; Vakantiefietsen\",\"description\":\"It works! Handgefertigte Bikes f\u00fcr h\u00f6chste Anspr\u00fcche\",\"publisher\":{\"@id\":\"https:\\\/\\\/www.idworx-bikes.de\\\/#organization\"},\"potentialAction\":[{\"@type\":\"SearchAction\",\"target\":{\"@type\":\"EntryPoint\",\"urlTemplate\":\"https:\\\/\\\/www.idworx-bikes.de\\\/?s={search_term_string}\"},\"query-input\":{\"@type\":\"PropertyValueSpecification\",\"valueRequired\":true,\"valueName\":\"search_term_string\"}}],\"inLanguage\":\"de\"},{\"@type\":\"Organization\",\"@id\":\"https:\\\/\\\/www.idworx-bikes.de\\\/#organization\",\"name\":\"idworx\",\"url\":\"https:\\\/\\\/www.idworx-bikes.de\\\/\",\"logo\":{\"@type\":\"ImageObject\",\"inLanguage\":\"de\",\"@id\":\"https:\\\/\\\/www.idworx-bikes.de\\\/#\\\/schema\\\/logo\\\/image\\\/\",\"url\":\"https:\\\/\\\/www.idworx-bikes.de\\\/wp-content\\\/uploads\\\/2015\\\/12\\\/idworx-logo_b.png\",\"contentUrl\":\"https:\\\/\\\/www.idworx-bikes.de\\\/wp-content\\\/uploads\\\/2015\\\/12\\\/idworx-logo_b.png\",\"width\":216,\"height\":69,\"caption\":\"idworx\"},\"image\":{\"@id\":\"https:\\\/\\\/www.idworx-bikes.de\\\/#\\\/schema\\\/logo\\\/image\\\/\"},\"sameAs\":[\"https:\\\/\\\/www.facebook.com\\\/Idworx-202013906499907\\\/\"]}]}<\/script>\n<!-- \/ Yoast SEO plugin. -->","yoast_head_json":{"title":"Rock oPinion - power spec mit GoMax Gabel - idworx \u2013 Premium Reiser\u00e4der, Trekking Bikes, E-Bikes &amp; Vakantiefietsen","robots":{"index":"index","follow":"follow","max-snippet":"max-snippet:-1","max-image-preview":"max-image-preview:large","max-video-preview":"max-video-preview:-1"},"canonical":"https:\/\/www.idworx-bikes.de\/de\/produkt\/rock-opinion-power-spec-gomax-de","og_locale":"de_DE","og_type":"article","og_title":"Rock oPinion - power spec mit GoMax Gabel - idworx \u2013 Premium Reiser\u00e4der, Trekking Bikes, E-Bikes &amp; Vakantiefietsen","og_description":"Das Rock oPinion kombiniert alle Elemente unseres ausgereiften idworx Off-Road Konzepts mit dem Ma\u00dfst\u00e4be setzenden Pinion Getriebe (C1.12) zu einem qualitativ herausragendem Allrounder mit riesigem Anwendungsbereich.  In der Version\"power spec (gen 1.1)\" vereint das Rock oPinion sportliches Lenk- und Fahrverhalten mit viel Sicherheit im Trail. Mit den optionalen breiten idworx DaRim LaW Carbon Felgen k\u00f6nnen Sie die das Handling noch pr\u00e4ziser gestalten, sowie den Grip als auch den Komfort steigern. Weitere Ausstattungsoptionen sind eine Vario-Sattelst\u00fctze, die idworx GoMax Carbon-Starrgabel, das feiner abgestufte Pinion P1.18 Getriebe oder die idworx Big Disc und der Gates CDX-Carbondrive Riemenantrieb.   Specs - Rock oPinion power  Presse","og_url":"https:\/\/www.idworx-bikes.de\/de\/produkt\/rock-opinion-power-spec-gomax-de","og_site_name":"idworx \u2013 Premium Reiser\u00e4der, Trekking Bikes, E-Bikes &amp; Vakantiefietsen","article_publisher":"https:\/\/www.facebook.com\/Idworx-202013906499907\/","article_modified_time":"2021-06-16T11:13:14+00:00","og_image":[{"width":9000,"height":6000,"url":"https:\/\/www.idworx-bikes.de\/wp-content\/uploads\/2016\/11\/GoMax_rear_q.jpg","type":"image\/jpeg"}],"schema":{"@context":"https:\/\/schema.org","@graph":[{"@type":"WebPage","@id":"https:\/\/www.idworx-bikes.de\/de\/produkt\/rock-opinion-power-spec-gomax-de","url":"https:\/\/www.idworx-bikes.de\/de\/produkt\/rock-opinion-power-spec-gomax-de","name":"Rock oPinion - power spec mit GoMax Gabel - idworx \u2013 Premium Reiser\u00e4der, Trekking Bikes, E-Bikes &amp; Vakantiefietsen","isPartOf":{"@id":"https:\/\/www.idworx-bikes.de\/#website"},"primaryImageOfPage":{"@id":"https:\/\/www.idworx-bikes.de\/de\/produkt\/rock-opinion-power-spec-gomax-de#primaryimage"},"image":{"@id":"https:\/\/www.idworx-bikes.de\/de\/produkt\/rock-opinion-power-spec-gomax-de#primaryimage"},"thumbnailUrl":"https:\/\/www.idworx-bikes.de\/wp-content\/uploads\/2016\/11\/GoMax_rear_q.jpg","datePublished":"2016-11-17T15:16:28+00:00","dateModified":"2021-06-16T11:13:14+00:00","breadcrumb":{"@id":"https:\/\/www.idworx-bikes.de\/de\/produkt\/rock-opinion-power-spec-gomax-de#breadcrumb"},"inLanguage":"de","potentialAction":[{"@type":"ReadAction","target":["https:\/\/www.idworx-bikes.de\/de\/produkt\/rock-opinion-power-spec-gomax-de"]}]},{"@type":"ImageObject","inLanguage":"de","@id":"https:\/\/www.idworx-bikes.de\/de\/produkt\/rock-opinion-power-spec-gomax-de#primaryimage","url":"https:\/\/www.idworx-bikes.de\/wp-content\/uploads\/2016\/11\/GoMax_rear_q.jpg","contentUrl":"https:\/\/www.idworx-bikes.de\/wp-content\/uploads\/2016\/11\/GoMax_rear_q.jpg","width":9000,"height":6000},{"@type":"BreadcrumbList","@id":"https:\/\/www.idworx-bikes.de\/de\/produkt\/rock-opinion-power-spec-gomax-de#breadcrumb","itemListElement":[{"@type":"ListItem","position":1,"name":"Home","item":"https:\/\/www.idworx-bikes.de\/de"},{"@type":"ListItem","position":2,"name":"Shop","item":"https:\/\/www.idworx-bikes.de\/de\/shop"},{"@type":"ListItem","position":3,"name":"Rock oPinion &#8211; power spec mit GoMax Gabel"}]},{"@type":"WebSite","@id":"https:\/\/www.idworx-bikes.de\/#website","url":"https:\/\/www.idworx-bikes.de\/","name":"idworx \u2013 Premium Reiser\u00e4der, Trekking Bikes, E-Bikes &amp; Vakantiefietsen","description":"It works! Handgefertigte Bikes f\u00fcr h\u00f6chste Anspr\u00fcche","publisher":{"@id":"https:\/\/www.idworx-bikes.de\/#organization"},"potentialAction":[{"@type":"SearchAction","target":{"@type":"EntryPoint","urlTemplate":"https:\/\/www.idworx-bikes.de\/?s={search_term_string}"},"query-input":{"@type":"PropertyValueSpecification","valueRequired":true,"valueName":"search_term_string"}}],"inLanguage":"de"},{"@type":"Organization","@id":"https:\/\/www.idworx-bikes.de\/#organization","name":"idworx","url":"https:\/\/www.idworx-bikes.de\/","logo":{"@type":"ImageObject","inLanguage":"de","@id":"https:\/\/www.idworx-bikes.de\/#\/schema\/logo\/image\/","url":"https:\/\/www.idworx-bikes.de\/wp-content\/uploads\/2015\/12\/idworx-logo_b.png","contentUrl":"https:\/\/www.idworx-bikes.de\/wp-content\/uploads\/2015\/12\/idworx-logo_b.png","width":216,"height":69,"caption":"idworx"},"image":{"@id":"https:\/\/www.idworx-bikes.de\/#\/schema\/logo\/image\/"},"sameAs":["https:\/\/www.facebook.com\/Idworx-202013906499907\/"]}]}},"_links":{"self":[{"href":"https:\/\/www.idworx-bikes.de\/de\/wp-json\/wp\/v2\/product\/2646","targetHints":{"allow":["GET"]}}],"collection":[{"href":"https:\/\/www.idworx-bikes.de\/de\/wp-json\/wp\/v2\/product"}],"about":[{"href":"https:\/\/www.idworx-bikes.de\/de\/wp-json\/wp\/v2\/types\/product"}],"wp:featuredmedia":[{"embeddable":true,"href":"https:\/\/www.idworx-bikes.de\/de\/wp-json\/wp\/v2\/media\/2827"}],"wp:attachment":[{"href":"https:\/\/www.idworx-bikes.de\/de\/wp-json\/wp\/v2\/media?parent=2646"}],"wp:term":[{"taxonomy":"product_brand","embeddable":true,"href":"https:\/\/www.idworx-bikes.de\/de\/wp-json\/wp\/v2\/product_brand?post=2646"},{"taxonomy":"product_cat","embeddable":true,"href":"https:\/\/www.idworx-bikes.de\/de\/wp-json\/wp\/v2\/product_cat?post=2646"},{"taxonomy":"product_tag","embeddable":true,"href":"https:\/\/www.idworx-bikes.de\/de\/wp-json\/wp\/v2\/product_tag?post=2646"}],"curies":[{"name":"wp","href":"https:\/\/api.w.org\/{rel}","templated":true}]}}