{"id":298,"date":"2015-12-06T16:42:44","date_gmt":"2015-12-06T15:42:44","guid":{"rendered":"https:\/\/www.idworx-bikes.de\/product\/rockn-rohler"},"modified":"2021-07-21T16:24:15","modified_gmt":"2021-07-21T14:24:15","slug":"rockn_rohler-de","status":"publish","type":"product","link":"https:\/\/www.idworx-bikes.de\/de\/produkt\/rockn_rohler-de","title":{"rendered":"Rockn Rohler"},"content":{"rendered":"<p><img loading=\"lazy\" decoding=\"async\" class=\"aligncenter size-full wp-image-7241\" src=\"https:\/\/www.idworx-bikes.de\/wp-content\/uploads\/2021\/02\/Wieder-Verfugbar.png\" alt=\"\" width=\"560\" height=\"792\" \/><br \/>\nDas idworx Rockn Rohler ist ein robustes und dennoch pfeilschnelles Aluminium-Hardtail mit der extrem langlebigen Rohloff Speedhub 14-Gang-Nabenschaltung. Als Allround-Mountainbike haben wir es auf maximale Performance in den extremsten Fahrsituationen ausgelegt \u2013 und auf minimalen Wartungsbedarf. Folglich geh\u00f6ren das Rockn Rohler und sein Zwillingsbruder Rock oPinion Ti zu den langlebigsten und wartungsfreundlichsten Mountainbikes am gesamten Markt.<br \/>\nDie gro\u00dfen 29&#8243;-Laufr\u00e4der vereinen enorme Traktion, geringen Rollwiderstand und viel Fahrsicherheit \u2013 wie geschaffen f\u00fcr steilste Anstiege und flowige Trails. Unsere Evolution-Geometrie ist bekannt f\u00fcr ihr ausgewogenes Handling, selbst auf kniffligen Abfahrten. Sowohl Hobby-Biker als auch langj\u00e4hrige Marathon-Teilnehmer wissen die Allround-Qualit\u00e4ten und die Langlebigkeit des Rockn Rohler enorm zu sch\u00e4tzen.<br \/>\nKennern m\u00fcssen wir nichts mehr erkl\u00e4ren. Das Rock&#8217;n Rohler ist das bew\u00e4hrte idworx 29er-Mountainbike mit Fahrspa\u00dfgarantie! Stark, stabil, zuverl\u00e4ssig, wartungsarm, mit der legend\u00e4ren Rohloff-Nabenschaltung und geschlossener Zugf\u00fchrung.<\/p>\n<\/ul>\n<h3>Presse<\/h3>\n<ul class=\"lcp_catlist\"><li><lcp_post><a href=\"https:\/\/www.idworx-bikes.de\/de\/gipfeltreffen-eine-hausrunde-mit-opel-chef-neumann-und-bike-guru-gaastra\" title=\"Test idworx Rock oPionion Ti \u2018power spec\u2019 \/ Rockn Rohler \u2018power spec\u2019: &lt;br \/&gt;\u201eGipfeltreffen: Eine Hausrunde mit \u2026 Opel-Chef Neumann und Bike-Guru Gaastra\u201c\"><img loading=\"lazy\" decoding=\"async\" width=\"120\" height=\"120\" src=\"https:\/\/www.idworx-bikes.de\/wp-content\/uploads\/2016\/11\/bikebild-1-250x250.jpg\" class=\"news_thumb wp-post-image\" alt=\"Test idworx Rock oPionion Ti \u2018power spec\u2019 \/ Rockn Rohler \u2018power spec\u2019: &lt;br \/&gt;\u201eGipfeltreffen: Eine Hausrunde mit \u2026 Opel-Chef Neumann und Bike-Guru Gaastra\u201c\" srcset=\"https:\/\/www.idworx-bikes.de\/wp-content\/uploads\/2016\/11\/bikebild-1-250x250.jpg 250w, https:\/\/www.idworx-bikes.de\/wp-content\/uploads\/2016\/11\/bikebild-1-100x100.jpg 100w\" sizes=\"auto, (max-width: 120px) 100vw, 120px\" \/><\/a><\/lcp_post><a><a href=\"https:\/\/www.idworx-bikes.de\/de\/gipfeltreffen-eine-hausrunde-mit-opel-chef-neumann-und-bike-guru-gaastra\">Test idworx Rock oPionion Ti \u2018power spec\u2019 \/ Rockn Rohler \u2018power spec\u2019: <br \/>\u201eGipfeltreffen: Eine Hausrunde mit \u2026 Opel-Chef Neumann und Bike-Guru Gaastra\u201c<\/a><\/a>  <\/li><li><lcp_post><a href=\"https:\/\/www.idworx-bikes.de\/de\/test-idworx-rockn-rohler-power-spec\" title=\"Test idworx Rockn Rohler \u2018power spec\u2019\"><img loading=\"lazy\" decoding=\"async\" width=\"120\" height=\"120\" src=\"https:\/\/www.idworx-bikes.de\/wp-content\/uploads\/2016\/11\/bikefreak_15_05-250x250.jpg\" class=\"news_thumb wp-post-image\" alt=\"Test idworx Rockn Rohler \u2018power spec\u2019\" srcset=\"https:\/\/www.idworx-bikes.de\/wp-content\/uploads\/2016\/11\/bikefreak_15_05-250x250.jpg 250w, https:\/\/www.idworx-bikes.de\/wp-content\/uploads\/2016\/11\/bikefreak_15_05-100x100.jpg 100w\" sizes=\"auto, (max-width: 120px) 100vw, 120px\" \/><\/a><\/lcp_post><a><a href=\"https:\/\/www.idworx-bikes.de\/de\/test-idworx-rockn-rohler-power-spec\">Test idworx Rockn Rohler \u2018power spec\u2019<\/a><\/a>  <\/li><li><lcp_post><a href=\"https:\/\/www.idworx-bikes.de\/de\/spotlight-idworx-rockn-rohler\" title=\"Spotlight idworx Rockn Rohler\"><img loading=\"lazy\" decoding=\"async\" width=\"120\" height=\"120\" src=\"https:\/\/www.idworx-bikes.de\/wp-content\/uploads\/2016\/11\/bike_trekking_2012_03_rnr-250x250.jpg\" class=\"news_thumb wp-post-image\" alt=\"Spotlight idworx Rockn Rohler\" srcset=\"https:\/\/www.idworx-bikes.de\/wp-content\/uploads\/2016\/11\/bike_trekking_2012_03_rnr-250x250.jpg 250w, https:\/\/www.idworx-bikes.de\/wp-content\/uploads\/2016\/11\/bike_trekking_2012_03_rnr-100x100.jpg 100w\" sizes=\"auto, (max-width: 120px) 100vw, 120px\" \/><\/a><\/lcp_post><a><a href=\"https:\/\/www.idworx-bikes.de\/de\/spotlight-idworx-rockn-rohler\">Spotlight idworx Rockn Rohler<\/a><\/a>  <\/li><\/ul>\n","protected":false},"excerpt":{"rendered":"<p>Das idworx Rockn Rohler ist ein robustes und dennoch pfeilschnelles Aluminium-Hardtail mit der extrem langlebigen Rohloff Speedhub 14-Gang-Nabenschaltung. Als Allround-Mountainbike haben wir es auf maximale Performance in den extremsten Fahrsituationen ausgelegt \u2013 und auf minimalen Wartungsbedarf. Folglich geh\u00f6ren das Rockn Rohler und sein Zwillingsbruder Rock oPinion Ti zu den langlebigsten und wartungsfreundlichsten Mountainbikes am gesamten [&hellip;]<\/p>\n","protected":false},"featured_media":0,"template":"","meta":[],"product_brand":[],"product_cat":[283],"product_tag":[],"class_list":{"0":"post-298","1":"product","2":"type-product","3":"status-publish","5":"product_cat-gravel_en_fitness_nl","7":"first","8":"instock","9":"shipping-taxable","10":"product-type-composite"},"composite_virtual":false,"composite_layout":"single","composite_add_to_cart_form_location":"default","composite_editable_in_cart":false,"composite_sold_individually_context":"product","composite_shop_price_calc":"defaults","composite_components":[],"composite_scenarios":[],"bundled_by":[],"bundle_stock_status":"instock","bundle_stock_quantity":null,"bundle_virtual":false,"bundle_layout":"","bundle_add_to_cart_form_location":"","bundle_editable_in_cart":false,"bundle_sold_individually_context":"","bundle_item_grouping":"","bundle_min_size":"","bundle_max_size":"","bundle_price":[],"bundled_items":[],"bundle_sell_ids":[],"exclude_global_add_ons":[],"addons":[],"yoast_head":"<!-- This site is optimized with the Yoast SEO plugin v27.5 - https:\/\/yoast.com\/product\/yoast-seo-wordpress\/ -->\n<title>Rockn Rohler - idworx \u2013 Premium Reiser\u00e4der, Trekking Bikes, E-Bikes &amp; Vakantiefietsen<\/title>\n<meta name=\"robots\" content=\"index, follow, max-snippet:-1, max-image-preview:large, max-video-preview:-1\" \/>\n<link rel=\"canonical\" href=\"https:\/\/www.idworx-bikes.de\/de\/produkt\/rockn_rohler-de\" \/>\n<meta property=\"og:locale\" content=\"de_DE\" \/>\n<meta property=\"og:type\" content=\"article\" \/>\n<meta property=\"og:title\" content=\"Rockn Rohler - idworx \u2013 Premium Reiser\u00e4der, Trekking Bikes, E-Bikes &amp; Vakantiefietsen\" \/>\n<meta property=\"og:description\" content=\"Das idworx Rockn Rohler ist ein robustes und dennoch pfeilschnelles Aluminium-Hardtail mit der extrem langlebigen Rohloff Speedhub 14-Gang-Nabenschaltung. Als Allround-Mountainbike haben wir es auf maximale Performance in den extremsten Fahrsituationen ausgelegt \u2013 und auf minimalen Wartungsbedarf. Folglich geh\u00f6ren das Rockn Rohler und sein Zwillingsbruder Rock oPinion Ti zu den langlebigsten und wartungsfreundlichsten Mountainbikes am gesamten [&hellip;]\" \/>\n<meta property=\"og:url\" content=\"https:\/\/www.idworx-bikes.de\/de\/produkt\/rockn_rohler-de\" \/>\n<meta property=\"og:site_name\" content=\"idworx \u2013 Premium Reiser\u00e4der, Trekking Bikes, E-Bikes &amp; Vakantiefietsen\" \/>\n<meta property=\"article:publisher\" content=\"https:\/\/www.facebook.com\/Idworx-202013906499907\/\" \/>\n<meta property=\"article:modified_time\" content=\"2021-07-21T14:24:15+00:00\" \/>\n<meta property=\"og:image\" content=\"https:\/\/www.idworx-bikes.de\/wp-content\/uploads\/2021\/02\/Wieder-Verfugbar.png\" \/>\n<meta name=\"twitter:label1\" content=\"Gesch\u00e4tzte Lesezeit\" \/>\n\t<meta name=\"twitter:data1\" content=\"1\u00a0Minute\" \/>\n<script type=\"application\/ld+json\" class=\"yoast-schema-graph\">{\"@context\":\"https:\\\/\\\/schema.org\",\"@graph\":[{\"@type\":\"WebPage\",\"@id\":\"https:\\\/\\\/www.idworx-bikes.de\\\/de\\\/produkt\\\/rockn_rohler-de\",\"url\":\"https:\\\/\\\/www.idworx-bikes.de\\\/de\\\/produkt\\\/rockn_rohler-de\",\"name\":\"Rockn Rohler - idworx \u2013 Premium Reiser\u00e4der, Trekking Bikes, E-Bikes &amp; Vakantiefietsen\",\"isPartOf\":{\"@id\":\"https:\\\/\\\/www.idworx-bikes.de\\\/#website\"},\"primaryImageOfPage\":{\"@id\":\"https:\\\/\\\/www.idworx-bikes.de\\\/de\\\/produkt\\\/rockn_rohler-de#primaryimage\"},\"image\":{\"@id\":\"https:\\\/\\\/www.idworx-bikes.de\\\/de\\\/produkt\\\/rockn_rohler-de#primaryimage\"},\"thumbnailUrl\":\"https:\\\/\\\/www.idworx-bikes.de\\\/wp-content\\\/uploads\\\/2021\\\/02\\\/Wieder-Verfugbar.png\",\"datePublished\":\"2015-12-06T15:42:44+00:00\",\"dateModified\":\"2021-07-21T14:24:15+00:00\",\"breadcrumb\":{\"@id\":\"https:\\\/\\\/www.idworx-bikes.de\\\/de\\\/produkt\\\/rockn_rohler-de#breadcrumb\"},\"inLanguage\":\"de\",\"potentialAction\":[{\"@type\":\"ReadAction\",\"target\":[\"https:\\\/\\\/www.idworx-bikes.de\\\/de\\\/produkt\\\/rockn_rohler-de\"]}]},{\"@type\":\"ImageObject\",\"inLanguage\":\"de\",\"@id\":\"https:\\\/\\\/www.idworx-bikes.de\\\/de\\\/produkt\\\/rockn_rohler-de#primaryimage\",\"url\":\"https:\\\/\\\/www.idworx-bikes.de\\\/wp-content\\\/uploads\\\/2021\\\/02\\\/Wieder-Verfugbar.png\",\"contentUrl\":\"https:\\\/\\\/www.idworx-bikes.de\\\/wp-content\\\/uploads\\\/2021\\\/02\\\/Wieder-Verfugbar.png\"},{\"@type\":\"BreadcrumbList\",\"@id\":\"https:\\\/\\\/www.idworx-bikes.de\\\/de\\\/produkt\\\/rockn_rohler-de#breadcrumb\",\"itemListElement\":[{\"@type\":\"ListItem\",\"position\":1,\"name\":\"Home\",\"item\":\"https:\\\/\\\/www.idworx-bikes.de\\\/de\"},{\"@type\":\"ListItem\",\"position\":2,\"name\":\"Shop\",\"item\":\"https:\\\/\\\/www.idworx-bikes.de\\\/de\\\/shop\"},{\"@type\":\"ListItem\",\"position\":3,\"name\":\"Rockn Rohler\"}]},{\"@type\":\"WebSite\",\"@id\":\"https:\\\/\\\/www.idworx-bikes.de\\\/#website\",\"url\":\"https:\\\/\\\/www.idworx-bikes.de\\\/\",\"name\":\"idworx \u2013 Premium Reiser\u00e4der, Trekking Bikes, E-Bikes &amp; Vakantiefietsen\",\"description\":\"It works! Handgefertigte Bikes f\u00fcr h\u00f6chste Anspr\u00fcche\",\"publisher\":{\"@id\":\"https:\\\/\\\/www.idworx-bikes.de\\\/#organization\"},\"potentialAction\":[{\"@type\":\"SearchAction\",\"target\":{\"@type\":\"EntryPoint\",\"urlTemplate\":\"https:\\\/\\\/www.idworx-bikes.de\\\/?s={search_term_string}\"},\"query-input\":{\"@type\":\"PropertyValueSpecification\",\"valueRequired\":true,\"valueName\":\"search_term_string\"}}],\"inLanguage\":\"de\"},{\"@type\":\"Organization\",\"@id\":\"https:\\\/\\\/www.idworx-bikes.de\\\/#organization\",\"name\":\"idworx\",\"url\":\"https:\\\/\\\/www.idworx-bikes.de\\\/\",\"logo\":{\"@type\":\"ImageObject\",\"inLanguage\":\"de\",\"@id\":\"https:\\\/\\\/www.idworx-bikes.de\\\/#\\\/schema\\\/logo\\\/image\\\/\",\"url\":\"https:\\\/\\\/www.idworx-bikes.de\\\/wp-content\\\/uploads\\\/2015\\\/12\\\/idworx-logo_b.png\",\"contentUrl\":\"https:\\\/\\\/www.idworx-bikes.de\\\/wp-content\\\/uploads\\\/2015\\\/12\\\/idworx-logo_b.png\",\"width\":216,\"height\":69,\"caption\":\"idworx\"},\"image\":{\"@id\":\"https:\\\/\\\/www.idworx-bikes.de\\\/#\\\/schema\\\/logo\\\/image\\\/\"},\"sameAs\":[\"https:\\\/\\\/www.facebook.com\\\/Idworx-202013906499907\\\/\"]}]}<\/script>\n<!-- \/ Yoast SEO plugin. -->","yoast_head_json":{"title":"Rockn Rohler - idworx \u2013 Premium Reiser\u00e4der, Trekking Bikes, E-Bikes &amp; Vakantiefietsen","robots":{"index":"index","follow":"follow","max-snippet":"max-snippet:-1","max-image-preview":"max-image-preview:large","max-video-preview":"max-video-preview:-1"},"canonical":"https:\/\/www.idworx-bikes.de\/de\/produkt\/rockn_rohler-de","og_locale":"de_DE","og_type":"article","og_title":"Rockn Rohler - idworx \u2013 Premium Reiser\u00e4der, Trekking Bikes, E-Bikes &amp; Vakantiefietsen","og_description":"Das idworx Rockn Rohler ist ein robustes und dennoch pfeilschnelles Aluminium-Hardtail mit der extrem langlebigen Rohloff Speedhub 14-Gang-Nabenschaltung. Als Allround-Mountainbike haben wir es auf maximale Performance in den extremsten Fahrsituationen ausgelegt \u2013 und auf minimalen Wartungsbedarf. Folglich geh\u00f6ren das Rockn Rohler und sein Zwillingsbruder Rock oPinion Ti zu den langlebigsten und wartungsfreundlichsten Mountainbikes am gesamten [&hellip;]","og_url":"https:\/\/www.idworx-bikes.de\/de\/produkt\/rockn_rohler-de","og_site_name":"idworx \u2013 Premium Reiser\u00e4der, Trekking Bikes, E-Bikes &amp; Vakantiefietsen","article_publisher":"https:\/\/www.facebook.com\/Idworx-202013906499907\/","article_modified_time":"2021-07-21T14:24:15+00:00","og_image":[{"url":"https:\/\/www.idworx-bikes.de\/wp-content\/uploads\/2021\/02\/Wieder-Verfugbar.png","type":"","width":"","height":""}],"twitter_misc":{"Gesch\u00e4tzte Lesezeit":"1\u00a0Minute"},"schema":{"@context":"https:\/\/schema.org","@graph":[{"@type":"WebPage","@id":"https:\/\/www.idworx-bikes.de\/de\/produkt\/rockn_rohler-de","url":"https:\/\/www.idworx-bikes.de\/de\/produkt\/rockn_rohler-de","name":"Rockn Rohler - idworx \u2013 Premium Reiser\u00e4der, Trekking Bikes, E-Bikes &amp; Vakantiefietsen","isPartOf":{"@id":"https:\/\/www.idworx-bikes.de\/#website"},"primaryImageOfPage":{"@id":"https:\/\/www.idworx-bikes.de\/de\/produkt\/rockn_rohler-de#primaryimage"},"image":{"@id":"https:\/\/www.idworx-bikes.de\/de\/produkt\/rockn_rohler-de#primaryimage"},"thumbnailUrl":"https:\/\/www.idworx-bikes.de\/wp-content\/uploads\/2021\/02\/Wieder-Verfugbar.png","datePublished":"2015-12-06T15:42:44+00:00","dateModified":"2021-07-21T14:24:15+00:00","breadcrumb":{"@id":"https:\/\/www.idworx-bikes.de\/de\/produkt\/rockn_rohler-de#breadcrumb"},"inLanguage":"de","potentialAction":[{"@type":"ReadAction","target":["https:\/\/www.idworx-bikes.de\/de\/produkt\/rockn_rohler-de"]}]},{"@type":"ImageObject","inLanguage":"de","@id":"https:\/\/www.idworx-bikes.de\/de\/produkt\/rockn_rohler-de#primaryimage","url":"https:\/\/www.idworx-bikes.de\/wp-content\/uploads\/2021\/02\/Wieder-Verfugbar.png","contentUrl":"https:\/\/www.idworx-bikes.de\/wp-content\/uploads\/2021\/02\/Wieder-Verfugbar.png"},{"@type":"BreadcrumbList","@id":"https:\/\/www.idworx-bikes.de\/de\/produkt\/rockn_rohler-de#breadcrumb","itemListElement":[{"@type":"ListItem","position":1,"name":"Home","item":"https:\/\/www.idworx-bikes.de\/de"},{"@type":"ListItem","position":2,"name":"Shop","item":"https:\/\/www.idworx-bikes.de\/de\/shop"},{"@type":"ListItem","position":3,"name":"Rockn Rohler"}]},{"@type":"WebSite","@id":"https:\/\/www.idworx-bikes.de\/#website","url":"https:\/\/www.idworx-bikes.de\/","name":"idworx \u2013 Premium Reiser\u00e4der, Trekking Bikes, E-Bikes &amp; Vakantiefietsen","description":"It works! Handgefertigte Bikes f\u00fcr h\u00f6chste Anspr\u00fcche","publisher":{"@id":"https:\/\/www.idworx-bikes.de\/#organization"},"potentialAction":[{"@type":"SearchAction","target":{"@type":"EntryPoint","urlTemplate":"https:\/\/www.idworx-bikes.de\/?s={search_term_string}"},"query-input":{"@type":"PropertyValueSpecification","valueRequired":true,"valueName":"search_term_string"}}],"inLanguage":"de"},{"@type":"Organization","@id":"https:\/\/www.idworx-bikes.de\/#organization","name":"idworx","url":"https:\/\/www.idworx-bikes.de\/","logo":{"@type":"ImageObject","inLanguage":"de","@id":"https:\/\/www.idworx-bikes.de\/#\/schema\/logo\/image\/","url":"https:\/\/www.idworx-bikes.de\/wp-content\/uploads\/2015\/12\/idworx-logo_b.png","contentUrl":"https:\/\/www.idworx-bikes.de\/wp-content\/uploads\/2015\/12\/idworx-logo_b.png","width":216,"height":69,"caption":"idworx"},"image":{"@id":"https:\/\/www.idworx-bikes.de\/#\/schema\/logo\/image\/"},"sameAs":["https:\/\/www.facebook.com\/Idworx-202013906499907\/"]}]}},"_links":{"self":[{"href":"https:\/\/www.idworx-bikes.de\/de\/wp-json\/wp\/v2\/product\/298","targetHints":{"allow":["GET"]}}],"collection":[{"href":"https:\/\/www.idworx-bikes.de\/de\/wp-json\/wp\/v2\/product"}],"about":[{"href":"https:\/\/www.idworx-bikes.de\/de\/wp-json\/wp\/v2\/types\/product"}],"wp:attachment":[{"href":"https:\/\/www.idworx-bikes.de\/de\/wp-json\/wp\/v2\/media?parent=298"}],"wp:term":[{"taxonomy":"product_brand","embeddable":true,"href":"https:\/\/www.idworx-bikes.de\/de\/wp-json\/wp\/v2\/product_brand?post=298"},{"taxonomy":"product_cat","embeddable":true,"href":"https:\/\/www.idworx-bikes.de\/de\/wp-json\/wp\/v2\/product_cat?post=298"},{"taxonomy":"product_tag","embeddable":true,"href":"https:\/\/www.idworx-bikes.de\/de\/wp-json\/wp\/v2\/product_tag?post=298"}],"curies":[{"name":"wp","href":"https:\/\/api.w.org\/{rel}","templated":true}]}}