{"id":300,"date":"2016-11-06T16:45:10","date_gmt":"2015-12-06T15:45:10","guid":{"rendered":"https:\/\/www.idworx-bikes.de\/product\/rock-opinion-ti"},"modified":"2025-10-08T13:29:21","modified_gmt":"2025-10-08T11:29:21","slug":"rock_opinion_ti-de","status":"publish","type":"product","link":"https:\/\/www.idworx-bikes.de\/de\/produkt\/rock_opinion_ti-de","title":{"rendered":"Rock oPinion Ti"},"content":{"rendered":"<p>Das idworx Rock oPinion Ti ist das unbestrittene Topmodell unserer Mountainbike-Kollektion. Die Kombination aus Titanrahmen und Pinion-Antrieb verf\u00fcgt \u00fcber s\u00e4mtliche St\u00e4rken und setzt auf die \u00fcberlegenen Qualit\u00e4ten des unverw\u00fcstlichen Materials Titan: Reduzierung der Vibrationen gegen\u00fcber der Aluminiumrahmen und h\u00f6chste Korrosionsbest\u00e4ndigkeit. Das macht Titan zur schlichtweg perfekten Wahl f\u00fcr unser Top-Mountainbike.<\/p>\n<p>Das Rock oPinion Ti kombiniert alle Elemente unseres ausgereiften idworx Off-Road Konzepts mit dem Ma\u00dfst\u00e4be setzenden Pinion Getriebe (C1.12) und einem unverw\u00fcstlichen Titanrahmen zum vermutlich besten Hardtails im Markt.<\/p>\n<p>Besonders wird dieses Bike durch die Selbstverst\u00e4ndlichkeit, mit der es unter seinem Fahrer verschwindet, so dass er sich vollst\u00e4ndig auf das Fahrerlebnis konzentrieren kann. Die idworx\u00a0 Evolution Geometrie und das durchdachte Konzept maximaler Wartungsarmut und Robustheit tragen ihren Teil dazu bei.<\/p>\n<p>Die optional verf\u00fcgbare Variost\u00fctze macht steile Abfahrten zum Kinderspiel. Zus\u00e4tzlich lassen sich noch DaRim LaW Carbonfelgen, die idworx GoMax Carbon Starrgabel, der Gates CDX-Carbondrive Riemenantrieb oder das feiner abgestufte Pinion P1.18 Getriebe als Option ausw\u00e4hlen. Jetzt serienm\u00e4\u00dfig mit Shimano XT 4 Kolben Bremsen.<\/p>\n<\/p>\n<button class=\"wa-accordion \">Testberichte Rock oPinion Ti<\/button><div class=\"wa-accordion-panel\">\n<p><ul class=\"lcp_catlist\"><li><lcp_post><a href=\"https:\/\/www.idworx-bikes.de\/de\/gipfeltreffen-eine-hausrunde-mit-opel-chef-neumann-und-bike-guru-gaastra\" title=\"Test idworx Rock oPionion Ti \u2018power spec\u2019 \/ Rockn Rohler \u2018power spec\u2019: &lt;br \/&gt;\u201eGipfeltreffen: Eine Hausrunde mit \u2026 Opel-Chef Neumann und Bike-Guru Gaastra\u201c\"><img loading=\"lazy\" decoding=\"async\" width=\"120\" height=\"120\" src=\"https:\/\/www.idworx-bikes.de\/wp-content\/uploads\/2016\/11\/bikebild-1-250x250.jpg\" class=\"news_thumb wp-post-image\" alt=\"Test idworx Rock oPionion Ti \u2018power spec\u2019 \/ Rockn Rohler \u2018power spec\u2019: &lt;br \/&gt;\u201eGipfeltreffen: Eine Hausrunde mit \u2026 Opel-Chef Neumann und Bike-Guru Gaastra\u201c\" srcset=\"https:\/\/www.idworx-bikes.de\/wp-content\/uploads\/2016\/11\/bikebild-1-250x250.jpg 250w, https:\/\/www.idworx-bikes.de\/wp-content\/uploads\/2016\/11\/bikebild-1-100x100.jpg 100w\" sizes=\"auto, (max-width: 120px) 100vw, 120px\" \/><\/a><\/lcp_post><a><a href=\"https:\/\/www.idworx-bikes.de\/de\/gipfeltreffen-eine-hausrunde-mit-opel-chef-neumann-und-bike-guru-gaastra\">Test idworx Rock oPionion Ti \u2018power spec\u2019 \/ Rockn Rohler \u2018power spec\u2019: <br \/>\u201eGipfeltreffen: Eine Hausrunde mit \u2026 Opel-Chef Neumann und Bike-Guru Gaastra\u201c<\/a><\/a>  <\/li><\/ul><\/p>\n<\/div>\n<button class=\"wa-accordion \">idworx Specials Rock oPinion Ti<\/button><div class=\"wa-accordion-panel\">\n<p><b>idworx Stress Reducer Lenkeinschlagbegrenzer<\/b><br \/>\nverhindert effektiv das Umschlagen des Vorderrades und sch\u00fctzt so vor Besch\u00e4digungen am Rahmen, Scheinwerfer oder auch der Schalt- und Bremsleitungen, wie sie durch einen Sturz oder das Umfallen des Fahrrades enstehen k\u00f6nnen.<br \/>\n<a href=\"https:\/\/www.youtube.com\/watch?v=bc4pK8fBh7Q\" target=\"_blank\" rel=\"noopener noreferrer\"><\/p>\n<h3><font color = red>Video iSR<\/font><\/h3>\n<p><\/a><\/p>\n<p><b>idworx Long Life Kettenbl\u00e4tter<\/b><br \/>\nDie von uns entwickelten Long Life Kettenbl\u00e4ttern aus geh\u00e4rtetem Messerstahlstahl mit ungerader Z\u00e4hnezahlen sorgen zusammen mit der extra geh\u00e4rteten idworx KMC E1 ePT Kette und dem idworx Messerstahlritzel f\u00fcr Rohloff f\u00fcr eine beispiellose Langlebigkeit. Bei unseren oPinion Modellen verbauen wir unser Long Life Kettenblatt vorne und hinten. Die Kettenspannung muss seltener kontrolliert werden \u2013 eine erfreuliche Folge eines verschlei\u00dffesteren Antriebs.<\/p>\n<p><a href=\"https:\/\/youtu.be\/OvTJuZsbw94\" target=\"_blank\" rel=\"noopener noreferrer\"><\/p>\n<h3><font color = red>Video Long Life Kettenbl\u00e4tter<\/font><\/h3>\n<p><\/a><\/p>\n<\/div>\n<script type=\"text\/javascript\">\nvar acc = document.getElementsByClassName(\"wa-accordion\");\nvar i;\nfor (i = 0; i < acc.length; i++) {\n  acc[i].addEventListener(\"click\", function() {\n    this.classList.toggle(\"wa-accordion-active\");\n    var panel = this.nextElementSibling;\n    if (panel.style.maxHeight) {\n      panel.style.maxHeight = null;\n    } else {\n      panel.style.maxHeight = panel.scrollHeight + \"px\";\n    }\n  });\n}\n<\/script>\n","protected":false},"excerpt":{"rendered":"<p>Das idworx Rock oPinion Ti ist das unbestrittene Topmodell unserer Mountainbike-Kollektion. Die Kombination aus Titanrahmen und Pinion-Antrieb verf\u00fcgt \u00fcber s\u00e4mtliche St\u00e4rken und setzt auf die \u00fcberlegenen Qualit\u00e4ten des unverw\u00fcstlichen Materials Titan: Reduzierung der Vibrationen gegen\u00fcber der Aluminiumrahmen und h\u00f6chste Korrosionsbest\u00e4ndigkeit. Das macht Titan zur schlichtweg perfekten Wahl f\u00fcr unser Top-Mountainbike. Das Rock oPinion Ti kombiniert [&hellip;]<\/p>\n","protected":false},"featured_media":11902,"template":"","meta":[],"product_brand":[],"product_cat":[20,47],"product_tag":[],"class_list":{"0":"post-300","1":"product","2":"type-product","3":"status-publish","4":"has-post-thumbnail","6":"product_cat-idworx_models-de","7":"product_cat-mountain-de","9":"first","10":"instock","11":"sold-individually","12":"shipping-taxable","13":"purchasable","14":"product-type-composite"},"composite_virtual":false,"composite_layout":"single","composite_add_to_cart_form_location":"default","composite_editable_in_cart":false,"composite_sold_individually_context":"product","composite_shop_price_calc":"min_max","composite_components":[{"id":"1758122151","title":"Spec","description":"","query_type":"product_ids","query_ids":[508],"default_option_id":508,"thumbnail_id":"","thumbnail_src":"","quantity_min":1,"quantity_max":1,"priced_individually":true,"shipped_individually":false,"optional":false,"discount":"","options_style":"dropdowns","pagination_style":"classic","display_prices":"absolute","show_sorting_options":false,"show_filtering_options":false,"attribute_filter_ids":[],"select_action":"view","product_title_visible":false,"product_descr_visible":true,"product_price_visible":true,"product_thumb_visible":false,"subtotal_visible_product":true,"subtotal_visible_cart":true,"subtotal_visible_orders":true,"product_addons_visible":true},{"id":"1758122152","title":"Form","description":"","query_type":"product_ids","query_ids":[2433],"default_option_id":2433,"thumbnail_id":"","thumbnail_src":"","quantity_min":1,"quantity_max":1,"priced_individually":true,"shipped_individually":false,"optional":false,"discount":"","options_style":"dropdowns","pagination_style":"classic","display_prices":"absolute","show_sorting_options":false,"show_filtering_options":false,"attribute_filter_ids":[],"select_action":"view","product_title_visible":false,"product_descr_visible":false,"product_price_visible":true,"product_thumb_visible":false,"subtotal_visible_product":true,"subtotal_visible_cart":true,"subtotal_visible_orders":true,"product_addons_visible":true},{"id":"1758122153","title":"Size","description":"","query_type":"product_ids","query_ids":[81,2844,2847],"default_option_id":"","thumbnail_id":"","thumbnail_src":"","quantity_min":1,"quantity_max":1,"priced_individually":true,"shipped_individually":false,"optional":false,"discount":"","options_style":"thumbnails","pagination_style":"classic","display_prices":"absolute","show_sorting_options":false,"show_filtering_options":false,"attribute_filter_ids":[],"select_action":"view","product_title_visible":false,"product_descr_visible":false,"product_price_visible":true,"product_thumb_visible":false,"subtotal_visible_product":true,"subtotal_visible_cart":true,"subtotal_visible_orders":true,"product_addons_visible":true},{"id":"1758122154","title":"Color","description":"","query_type":"product_ids","query_ids":[834],"default_option_id":834,"thumbnail_id":"","thumbnail_src":"","quantity_min":1,"quantity_max":1,"priced_individually":true,"shipped_individually":false,"optional":false,"discount":"","options_style":"dropdowns","pagination_style":"classic","display_prices":"absolute","show_sorting_options":false,"show_filtering_options":false,"attribute_filter_ids":[],"select_action":"view","product_title_visible":false,"product_descr_visible":false,"product_price_visible":true,"product_thumb_visible":false,"subtotal_visible_product":true,"subtotal_visible_cart":true,"subtotal_visible_orders":true,"product_addons_visible":true},{"id":"1758122155","title":"Drive Technology","description":"","query_type":"product_ids","query_ids":[2333],"default_option_id":2333,"thumbnail_id":"","thumbnail_src":"","quantity_min":1,"quantity_max":1,"priced_individually":true,"shipped_individually":false,"optional":false,"discount":"","options_style":"dropdowns","pagination_style":"classic","display_prices":"absolute","show_sorting_options":false,"show_filtering_options":false,"attribute_filter_ids":[],"select_action":"view","product_title_visible":false,"product_descr_visible":false,"product_price_visible":true,"product_thumb_visible":false,"subtotal_visible_product":true,"subtotal_visible_cart":true,"subtotal_visible_orders":true,"product_addons_visible":true},{"id":"1758122156","title":"Extras","description":"","query_type":"product_ids","query_ids":[2318],"default_option_id":2318,"thumbnail_id":"","thumbnail_src":"","quantity_min":1,"quantity_max":1,"priced_individually":true,"shipped_individually":false,"optional":false,"discount":"","options_style":"dropdowns","pagination_style":"classic","display_prices":"absolute","show_sorting_options":false,"show_filtering_options":false,"attribute_filter_ids":[],"select_action":"view","product_title_visible":false,"product_descr_visible":false,"product_price_visible":true,"product_thumb_visible":false,"subtotal_visible_product":true,"subtotal_visible_cart":true,"subtotal_visible_orders":true,"product_addons_visible":true},{"id":"1758122157","title":"Performance Parts","description":"","query_type":"product_ids","query_ids":[2303],"default_option_id":2303,"thumbnail_id":"","thumbnail_src":"","quantity_min":1,"quantity_max":1,"priced_individually":true,"shipped_individually":false,"optional":false,"discount":"","options_style":"dropdowns","pagination_style":"classic","display_prices":"absolute","show_sorting_options":false,"show_filtering_options":false,"attribute_filter_ids":[],"select_action":"view","product_title_visible":false,"product_descr_visible":false,"product_price_visible":true,"product_thumb_visible":false,"subtotal_visible_product":true,"subtotal_visible_cart":true,"subtotal_visible_orders":true,"product_addons_visible":true}],"composite_scenarios":[{"id":"1637666964","name":"Spec == RoPTi -&gt; Hide Size 56","description":"","configuration":[{"component_id":"1628001684","options_modifier":"in","component_options":[508]}],"actions":[{"action_id":"compat_group","is_active":false},{"action_id":"conditional_components","is_active":false,"hidden_components":[]},{"action_id":"conditional_options","is_active":true,"hidden_options":[{"component_id":"1628001686","component_options":[2847],"options_modifier":"in"}]}],"enabled":false}],"bundled_by":[],"bundle_stock_status":"instock","bundle_stock_quantity":null,"bundle_virtual":false,"bundle_layout":"","bundle_add_to_cart_form_location":"","bundle_editable_in_cart":false,"bundle_sold_individually_context":"","bundle_item_grouping":"","bundle_min_size":"","bundle_max_size":"","bundle_price":[],"bundled_items":[],"bundle_sell_ids":[],"exclude_global_add_ons":[],"addons":[],"yoast_head":"<!-- This site is optimized with the Yoast SEO plugin v27.3 - https:\/\/yoast.com\/product\/yoast-seo-wordpress\/ -->\n<title>Rock oPinion Ti - idworx \u2013 Premium Reiser\u00e4der, Trekking Bikes, E-Bikes &amp; Vakantiefietsen<\/title>\n<meta name=\"robots\" content=\"index, follow, max-snippet:-1, max-image-preview:large, max-video-preview:-1\" \/>\n<link rel=\"canonical\" href=\"https:\/\/www.idworx-bikes.de\/de\/produkt\/rock_opinion_ti-de\" \/>\n<meta property=\"og:locale\" content=\"de_DE\" \/>\n<meta property=\"og:type\" content=\"article\" \/>\n<meta property=\"og:title\" content=\"Rock oPinion Ti - idworx \u2013 Premium Reiser\u00e4der, Trekking Bikes, E-Bikes &amp; Vakantiefietsen\" \/>\n<meta property=\"og:description\" content=\"Das idworx Rock oPinion Ti ist das unbestrittene Topmodell unserer Mountainbike-Kollektion. Die Kombination aus Titanrahmen und Pinion-Antrieb verf\u00fcgt \u00fcber s\u00e4mtliche St\u00e4rken und setzt auf die \u00fcberlegenen Qualit\u00e4ten des unverw\u00fcstlichen Materials Titan: Reduzierung der Vibrationen gegen\u00fcber der Aluminiumrahmen und h\u00f6chste Korrosionsbest\u00e4ndigkeit. Das macht Titan zur schlichtweg perfekten Wahl f\u00fcr unser Top-Mountainbike. Das Rock oPinion Ti kombiniert [&hellip;]\" \/>\n<meta property=\"og:url\" content=\"https:\/\/www.idworx-bikes.de\/de\/produkt\/rock_opinion_ti-de\" \/>\n<meta property=\"og:site_name\" content=\"idworx \u2013 Premium Reiser\u00e4der, Trekking Bikes, E-Bikes &amp; Vakantiefietsen\" \/>\n<meta property=\"article:publisher\" content=\"https:\/\/www.facebook.com\/Idworx-202013906499907\/\" \/>\n<meta property=\"article:modified_time\" content=\"2025-10-08T11:29:21+00:00\" \/>\n<meta property=\"og:image\" content=\"https:\/\/www.idworx-bikes.de\/wp-content\/uploads\/2023\/07\/RoPTi-2023-scaled.jpg\" \/>\n\t<meta property=\"og:image:width\" content=\"2560\" \/>\n\t<meta property=\"og:image:height\" content=\"1709\" \/>\n\t<meta property=\"og:image:type\" content=\"image\/jpeg\" \/>\n<meta name=\"twitter:label1\" content=\"Gesch\u00e4tzte Lesezeit\" \/>\n\t<meta name=\"twitter:data1\" content=\"2\u00a0Minuten\" \/>\n<script type=\"application\/ld+json\" class=\"yoast-schema-graph\">{\"@context\":\"https:\\\/\\\/schema.org\",\"@graph\":[{\"@type\":\"WebPage\",\"@id\":\"https:\\\/\\\/www.idworx-bikes.de\\\/de\\\/produkt\\\/rock_opinion_ti-de\",\"url\":\"https:\\\/\\\/www.idworx-bikes.de\\\/de\\\/produkt\\\/rock_opinion_ti-de\",\"name\":\"Rock oPinion Ti - idworx \u2013 Premium Reiser\u00e4der, Trekking Bikes, E-Bikes &amp; Vakantiefietsen\",\"isPartOf\":{\"@id\":\"https:\\\/\\\/www.idworx-bikes.de\\\/#website\"},\"primaryImageOfPage\":{\"@id\":\"https:\\\/\\\/www.idworx-bikes.de\\\/de\\\/produkt\\\/rock_opinion_ti-de#primaryimage\"},\"image\":{\"@id\":\"https:\\\/\\\/www.idworx-bikes.de\\\/de\\\/produkt\\\/rock_opinion_ti-de#primaryimage\"},\"thumbnailUrl\":\"https:\\\/\\\/www.idworx-bikes.de\\\/wp-content\\\/uploads\\\/2023\\\/07\\\/RoPTi-2023-scaled.jpg\",\"datePublished\":\"2015-12-06T15:45:10+00:00\",\"dateModified\":\"2025-10-08T11:29:21+00:00\",\"breadcrumb\":{\"@id\":\"https:\\\/\\\/www.idworx-bikes.de\\\/de\\\/produkt\\\/rock_opinion_ti-de#breadcrumb\"},\"inLanguage\":\"de\",\"potentialAction\":[{\"@type\":\"ReadAction\",\"target\":[\"https:\\\/\\\/www.idworx-bikes.de\\\/de\\\/produkt\\\/rock_opinion_ti-de\"]}]},{\"@type\":\"ImageObject\",\"inLanguage\":\"de\",\"@id\":\"https:\\\/\\\/www.idworx-bikes.de\\\/de\\\/produkt\\\/rock_opinion_ti-de#primaryimage\",\"url\":\"https:\\\/\\\/www.idworx-bikes.de\\\/wp-content\\\/uploads\\\/2023\\\/07\\\/RoPTi-2023-scaled.jpg\",\"contentUrl\":\"https:\\\/\\\/www.idworx-bikes.de\\\/wp-content\\\/uploads\\\/2023\\\/07\\\/RoPTi-2023-scaled.jpg\",\"width\":2560,\"height\":1709},{\"@type\":\"BreadcrumbList\",\"@id\":\"https:\\\/\\\/www.idworx-bikes.de\\\/de\\\/produkt\\\/rock_opinion_ti-de#breadcrumb\",\"itemListElement\":[{\"@type\":\"ListItem\",\"position\":1,\"name\":\"Home\",\"item\":\"https:\\\/\\\/www.idworx-bikes.de\\\/de\"},{\"@type\":\"ListItem\",\"position\":2,\"name\":\"Shop\",\"item\":\"https:\\\/\\\/www.idworx-bikes.de\\\/de\\\/shop\"},{\"@type\":\"ListItem\",\"position\":3,\"name\":\"Rock oPinion Ti\"}]},{\"@type\":\"WebSite\",\"@id\":\"https:\\\/\\\/www.idworx-bikes.de\\\/#website\",\"url\":\"https:\\\/\\\/www.idworx-bikes.de\\\/\",\"name\":\"idworx \u2013 Premium Reiser\u00e4der, Trekking Bikes, E-Bikes &amp; Vakantiefietsen\",\"description\":\"It works! Handgefertigte Bikes f\u00fcr h\u00f6chste Anspr\u00fcche\",\"publisher\":{\"@id\":\"https:\\\/\\\/www.idworx-bikes.de\\\/#organization\"},\"potentialAction\":[{\"@type\":\"SearchAction\",\"target\":{\"@type\":\"EntryPoint\",\"urlTemplate\":\"https:\\\/\\\/www.idworx-bikes.de\\\/?s={search_term_string}\"},\"query-input\":{\"@type\":\"PropertyValueSpecification\",\"valueRequired\":true,\"valueName\":\"search_term_string\"}}],\"inLanguage\":\"de\"},{\"@type\":\"Organization\",\"@id\":\"https:\\\/\\\/www.idworx-bikes.de\\\/#organization\",\"name\":\"idworx\",\"url\":\"https:\\\/\\\/www.idworx-bikes.de\\\/\",\"logo\":{\"@type\":\"ImageObject\",\"inLanguage\":\"de\",\"@id\":\"https:\\\/\\\/www.idworx-bikes.de\\\/#\\\/schema\\\/logo\\\/image\\\/\",\"url\":\"https:\\\/\\\/www.idworx-bikes.de\\\/wp-content\\\/uploads\\\/2015\\\/12\\\/idworx-logo_b.png\",\"contentUrl\":\"https:\\\/\\\/www.idworx-bikes.de\\\/wp-content\\\/uploads\\\/2015\\\/12\\\/idworx-logo_b.png\",\"width\":216,\"height\":69,\"caption\":\"idworx\"},\"image\":{\"@id\":\"https:\\\/\\\/www.idworx-bikes.de\\\/#\\\/schema\\\/logo\\\/image\\\/\"},\"sameAs\":[\"https:\\\/\\\/www.facebook.com\\\/Idworx-202013906499907\\\/\"]}]}<\/script>\n<!-- \/ Yoast SEO plugin. -->","yoast_head_json":{"title":"Rock oPinion Ti - idworx \u2013 Premium Reiser\u00e4der, Trekking Bikes, E-Bikes &amp; Vakantiefietsen","robots":{"index":"index","follow":"follow","max-snippet":"max-snippet:-1","max-image-preview":"max-image-preview:large","max-video-preview":"max-video-preview:-1"},"canonical":"https:\/\/www.idworx-bikes.de\/de\/produkt\/rock_opinion_ti-de","og_locale":"de_DE","og_type":"article","og_title":"Rock oPinion Ti - idworx \u2013 Premium Reiser\u00e4der, Trekking Bikes, E-Bikes &amp; Vakantiefietsen","og_description":"Das idworx Rock oPinion Ti ist das unbestrittene Topmodell unserer Mountainbike-Kollektion. Die Kombination aus Titanrahmen und Pinion-Antrieb verf\u00fcgt \u00fcber s\u00e4mtliche St\u00e4rken und setzt auf die \u00fcberlegenen Qualit\u00e4ten des unverw\u00fcstlichen Materials Titan: Reduzierung der Vibrationen gegen\u00fcber der Aluminiumrahmen und h\u00f6chste Korrosionsbest\u00e4ndigkeit. Das macht Titan zur schlichtweg perfekten Wahl f\u00fcr unser Top-Mountainbike. Das Rock oPinion Ti kombiniert [&hellip;]","og_url":"https:\/\/www.idworx-bikes.de\/de\/produkt\/rock_opinion_ti-de","og_site_name":"idworx \u2013 Premium Reiser\u00e4der, Trekking Bikes, E-Bikes &amp; Vakantiefietsen","article_publisher":"https:\/\/www.facebook.com\/Idworx-202013906499907\/","article_modified_time":"2025-10-08T11:29:21+00:00","og_image":[{"width":2560,"height":1709,"url":"https:\/\/www.idworx-bikes.de\/wp-content\/uploads\/2023\/07\/RoPTi-2023-scaled.jpg","type":"image\/jpeg"}],"twitter_misc":{"Gesch\u00e4tzte Lesezeit":"2\u00a0Minuten"},"schema":{"@context":"https:\/\/schema.org","@graph":[{"@type":"WebPage","@id":"https:\/\/www.idworx-bikes.de\/de\/produkt\/rock_opinion_ti-de","url":"https:\/\/www.idworx-bikes.de\/de\/produkt\/rock_opinion_ti-de","name":"Rock oPinion Ti - idworx \u2013 Premium Reiser\u00e4der, Trekking Bikes, E-Bikes &amp; Vakantiefietsen","isPartOf":{"@id":"https:\/\/www.idworx-bikes.de\/#website"},"primaryImageOfPage":{"@id":"https:\/\/www.idworx-bikes.de\/de\/produkt\/rock_opinion_ti-de#primaryimage"},"image":{"@id":"https:\/\/www.idworx-bikes.de\/de\/produkt\/rock_opinion_ti-de#primaryimage"},"thumbnailUrl":"https:\/\/www.idworx-bikes.de\/wp-content\/uploads\/2023\/07\/RoPTi-2023-scaled.jpg","datePublished":"2015-12-06T15:45:10+00:00","dateModified":"2025-10-08T11:29:21+00:00","breadcrumb":{"@id":"https:\/\/www.idworx-bikes.de\/de\/produkt\/rock_opinion_ti-de#breadcrumb"},"inLanguage":"de","potentialAction":[{"@type":"ReadAction","target":["https:\/\/www.idworx-bikes.de\/de\/produkt\/rock_opinion_ti-de"]}]},{"@type":"ImageObject","inLanguage":"de","@id":"https:\/\/www.idworx-bikes.de\/de\/produkt\/rock_opinion_ti-de#primaryimage","url":"https:\/\/www.idworx-bikes.de\/wp-content\/uploads\/2023\/07\/RoPTi-2023-scaled.jpg","contentUrl":"https:\/\/www.idworx-bikes.de\/wp-content\/uploads\/2023\/07\/RoPTi-2023-scaled.jpg","width":2560,"height":1709},{"@type":"BreadcrumbList","@id":"https:\/\/www.idworx-bikes.de\/de\/produkt\/rock_opinion_ti-de#breadcrumb","itemListElement":[{"@type":"ListItem","position":1,"name":"Home","item":"https:\/\/www.idworx-bikes.de\/de"},{"@type":"ListItem","position":2,"name":"Shop","item":"https:\/\/www.idworx-bikes.de\/de\/shop"},{"@type":"ListItem","position":3,"name":"Rock oPinion Ti"}]},{"@type":"WebSite","@id":"https:\/\/www.idworx-bikes.de\/#website","url":"https:\/\/www.idworx-bikes.de\/","name":"idworx \u2013 Premium Reiser\u00e4der, Trekking Bikes, E-Bikes &amp; Vakantiefietsen","description":"It works! Handgefertigte Bikes f\u00fcr h\u00f6chste Anspr\u00fcche","publisher":{"@id":"https:\/\/www.idworx-bikes.de\/#organization"},"potentialAction":[{"@type":"SearchAction","target":{"@type":"EntryPoint","urlTemplate":"https:\/\/www.idworx-bikes.de\/?s={search_term_string}"},"query-input":{"@type":"PropertyValueSpecification","valueRequired":true,"valueName":"search_term_string"}}],"inLanguage":"de"},{"@type":"Organization","@id":"https:\/\/www.idworx-bikes.de\/#organization","name":"idworx","url":"https:\/\/www.idworx-bikes.de\/","logo":{"@type":"ImageObject","inLanguage":"de","@id":"https:\/\/www.idworx-bikes.de\/#\/schema\/logo\/image\/","url":"https:\/\/www.idworx-bikes.de\/wp-content\/uploads\/2015\/12\/idworx-logo_b.png","contentUrl":"https:\/\/www.idworx-bikes.de\/wp-content\/uploads\/2015\/12\/idworx-logo_b.png","width":216,"height":69,"caption":"idworx"},"image":{"@id":"https:\/\/www.idworx-bikes.de\/#\/schema\/logo\/image\/"},"sameAs":["https:\/\/www.facebook.com\/Idworx-202013906499907\/"]}]}},"_links":{"self":[{"href":"https:\/\/www.idworx-bikes.de\/de\/wp-json\/wp\/v2\/product\/300","targetHints":{"allow":["GET"]}}],"collection":[{"href":"https:\/\/www.idworx-bikes.de\/de\/wp-json\/wp\/v2\/product"}],"about":[{"href":"https:\/\/www.idworx-bikes.de\/de\/wp-json\/wp\/v2\/types\/product"}],"wp:featuredmedia":[{"embeddable":true,"href":"https:\/\/www.idworx-bikes.de\/de\/wp-json\/wp\/v2\/media\/11902"}],"wp:attachment":[{"href":"https:\/\/www.idworx-bikes.de\/de\/wp-json\/wp\/v2\/media?parent=300"}],"wp:term":[{"taxonomy":"product_brand","embeddable":true,"href":"https:\/\/www.idworx-bikes.de\/de\/wp-json\/wp\/v2\/product_brand?post=300"},{"taxonomy":"product_cat","embeddable":true,"href":"https:\/\/www.idworx-bikes.de\/de\/wp-json\/wp\/v2\/product_cat?post=300"},{"taxonomy":"product_tag","embeddable":true,"href":"https:\/\/www.idworx-bikes.de\/de\/wp-json\/wp\/v2\/product_tag?post=300"}],"curies":[{"name":"wp","href":"https:\/\/api.w.org\/{rel}","templated":true}]}}