{"id":481,"date":"2016-02-16T12:47:57","date_gmt":"2016-02-16T11:47:57","guid":{"rendered":""},"modified":"2026-04-17T12:47:54","modified_gmt":"2026-04-17T10:47:54","slug":"all_rohler-de-2","status":"publish","type":"product","link":"https:\/\/www.idworx-bikes.de\/de\/produkt\/all_rohler-de-2","title":{"rendered":"All Rohler"},"content":{"rendered":"<h2>All Rohler<\/h2>\n<p>Sie m\u00f6chten das ER mit Scheibenbremsen? Bittesch\u00f6n: Das All Rohler vereint die Evolution des ER mit den Vorteilen einer Scheibenbremse.<\/p>\n<p>Das All Rohler (Gen 2.3)&#8221; kommt in der Serie mit Shimano XT Trekking Bremsen sowie breite Schwalbe Marathon Almotion Reifen f\u00fcr mehr Komfort und weniger Rollwiderstand.<\/p>\n<p>Nicht verwunderlich, dass auch kritische Radfahrer von den Fahreigenschaften des idworx All Rohler v\u00f6llig begeistert sind!<\/p>\n<p>Als Zusatzausstattung k\u00f6nnen Sie neben den DaRim LaW Carbonfelgen mit 50 mm Almotion Reifen, die f\u00fcr hohe Dauerbelastungen ausgelegten idworx Big Disc Brakes mit 3,2 mm dicken Bremsscheiben oder dem idworx Kettenkasten (nur bei Kettenantrieb) noch weitere Optionen w\u00e4hlen um sich ein f\u00fcr Sie perfektes Rad zu konfigurieren.<\/p>\n<ul>\n<li><a href=\"\/wp-content\/uploads\/2025\/10\/AR-2026.pdf\" target=\"_blank\" rel=\"noopener noreferrer\">Spezifikationen &#8211; All Rohler<\/a><\/li>\n<\/ul>\n","protected":false},"excerpt":{"rendered":"<p>All Rohler Sie m\u00f6chten das ER mit Scheibenbremsen? Bittesch\u00f6n: Das All Rohler vereint die Evolution des ER mit den Vorteilen einer Scheibenbremse. Das All Rohler (Gen 2.3)&#8221; kommt in der Serie mit Shimano XT Trekking Bremsen sowie breite Schwalbe Marathon Almotion Reifen f\u00fcr mehr Komfort und weniger Rollwiderstand. Nicht verwunderlich, dass auch kritische Radfahrer von [&hellip;]<\/p>\n","protected":false},"featured_media":8465,"template":"","meta":[],"product_brand":[],"product_cat":[13],"product_tag":[],"class_list":{"0":"post-481","1":"product","2":"type-product","3":"status-publish","4":"has-post-thumbnail","6":"product_cat-spec-de","8":"first","9":"instock","10":"shipping-taxable","11":"purchasable","12":"product-type-simple"},"composite_virtual":false,"composite_layout":"","composite_add_to_cart_form_location":"","composite_editable_in_cart":false,"composite_sold_individually_context":"","composite_shop_price_calc":"","composite_components":[],"composite_scenarios":[],"bundled_by":[],"bundle_stock_status":"instock","bundle_stock_quantity":null,"bundle_virtual":false,"bundle_layout":"","bundle_add_to_cart_form_location":"","bundle_editable_in_cart":false,"bundle_sold_individually_context":"","bundle_item_grouping":"","bundle_min_size":"","bundle_max_size":"","bundle_price":[],"bundled_items":[],"bundle_sell_ids":[],"exclude_global_add_ons":[],"addons":[],"yoast_head":"<!-- This site is optimized with the Yoast SEO plugin v27.5 - https:\/\/yoast.com\/product\/yoast-seo-wordpress\/ -->\n<title>All Rohler - idworx \u2013 Premium Reiser\u00e4der, Trekking Bikes, E-Bikes &amp; Vakantiefietsen<\/title>\n<meta name=\"robots\" content=\"index, follow, max-snippet:-1, max-image-preview:large, max-video-preview:-1\" \/>\n<link rel=\"canonical\" href=\"https:\/\/www.idworx-bikes.de\/de\/produkt\/all_rohler-de-2\" \/>\n<meta property=\"og:locale\" content=\"de_DE\" \/>\n<meta property=\"og:type\" content=\"article\" \/>\n<meta property=\"og:title\" content=\"All Rohler - idworx \u2013 Premium Reiser\u00e4der, Trekking Bikes, E-Bikes &amp; Vakantiefietsen\" \/>\n<meta property=\"og:description\" content=\"All Rohler Sie m\u00f6chten das ER mit Scheibenbremsen? Bittesch\u00f6n: Das All Rohler vereint die Evolution des ER mit den Vorteilen einer Scheibenbremse. Das All Rohler (Gen 2.3)&#8221; kommt in der Serie mit Shimano XT Trekking Bremsen sowie breite Schwalbe Marathon Almotion Reifen f\u00fcr mehr Komfort und weniger Rollwiderstand. Nicht verwunderlich, dass auch kritische Radfahrer von [&hellip;]\" \/>\n<meta property=\"og:url\" content=\"https:\/\/www.idworx-bikes.de\/de\/produkt\/all_rohler-de-2\" \/>\n<meta property=\"og:site_name\" content=\"idworx \u2013 Premium Reiser\u00e4der, Trekking Bikes, E-Bikes &amp; Vakantiefietsen\" \/>\n<meta property=\"article:publisher\" content=\"https:\/\/www.facebook.com\/Idworx-202013906499907\/\" \/>\n<meta property=\"article:modified_time\" content=\"2026-04-17T10:47:54+00:00\" \/>\n<meta property=\"og:image\" content=\"https:\/\/www.idworx-bikes.de\/wp-content\/uploads\/2020\/10\/AllR_Man_L_sg_20_so-scaled.jpg\" \/>\n\t<meta property=\"og:image:width\" content=\"2560\" \/>\n\t<meta property=\"og:image:height\" content=\"1709\" \/>\n\t<meta property=\"og:image:type\" content=\"image\/jpeg\" \/>\n<meta name=\"twitter:label1\" content=\"Gesch\u00e4tzte Lesezeit\" \/>\n\t<meta name=\"twitter:data1\" content=\"1\u00a0Minute\" \/>\n<script type=\"application\/ld+json\" class=\"yoast-schema-graph\">{\"@context\":\"https:\\\/\\\/schema.org\",\"@graph\":[{\"@type\":\"WebPage\",\"@id\":\"https:\\\/\\\/www.idworx-bikes.de\\\/de\\\/produkt\\\/all_rohler-de-2\",\"url\":\"https:\\\/\\\/www.idworx-bikes.de\\\/de\\\/produkt\\\/all_rohler-de-2\",\"name\":\"All Rohler - idworx \u2013 Premium Reiser\u00e4der, Trekking Bikes, E-Bikes &amp; Vakantiefietsen\",\"isPartOf\":{\"@id\":\"https:\\\/\\\/www.idworx-bikes.de\\\/#website\"},\"primaryImageOfPage\":{\"@id\":\"https:\\\/\\\/www.idworx-bikes.de\\\/de\\\/produkt\\\/all_rohler-de-2#primaryimage\"},\"image\":{\"@id\":\"https:\\\/\\\/www.idworx-bikes.de\\\/de\\\/produkt\\\/all_rohler-de-2#primaryimage\"},\"thumbnailUrl\":\"https:\\\/\\\/www.idworx-bikes.de\\\/wp-content\\\/uploads\\\/2020\\\/10\\\/AllR_Man_L_sg_20_so-scaled.jpg\",\"datePublished\":\"2016-02-16T11:47:57+00:00\",\"dateModified\":\"2026-04-17T10:47:54+00:00\",\"breadcrumb\":{\"@id\":\"https:\\\/\\\/www.idworx-bikes.de\\\/de\\\/produkt\\\/all_rohler-de-2#breadcrumb\"},\"inLanguage\":\"de\",\"potentialAction\":[{\"@type\":\"ReadAction\",\"target\":[\"https:\\\/\\\/www.idworx-bikes.de\\\/de\\\/produkt\\\/all_rohler-de-2\"]}]},{\"@type\":\"ImageObject\",\"inLanguage\":\"de\",\"@id\":\"https:\\\/\\\/www.idworx-bikes.de\\\/de\\\/produkt\\\/all_rohler-de-2#primaryimage\",\"url\":\"https:\\\/\\\/www.idworx-bikes.de\\\/wp-content\\\/uploads\\\/2020\\\/10\\\/AllR_Man_L_sg_20_so-scaled.jpg\",\"contentUrl\":\"https:\\\/\\\/www.idworx-bikes.de\\\/wp-content\\\/uploads\\\/2020\\\/10\\\/AllR_Man_L_sg_20_so-scaled.jpg\",\"width\":2560,\"height\":1709},{\"@type\":\"BreadcrumbList\",\"@id\":\"https:\\\/\\\/www.idworx-bikes.de\\\/de\\\/produkt\\\/all_rohler-de-2#breadcrumb\",\"itemListElement\":[{\"@type\":\"ListItem\",\"position\":1,\"name\":\"Home\",\"item\":\"https:\\\/\\\/www.idworx-bikes.de\\\/de\"},{\"@type\":\"ListItem\",\"position\":2,\"name\":\"Shop\",\"item\":\"https:\\\/\\\/www.idworx-bikes.de\\\/de\\\/shop\"},{\"@type\":\"ListItem\",\"position\":3,\"name\":\"All Rohler\"}]},{\"@type\":\"WebSite\",\"@id\":\"https:\\\/\\\/www.idworx-bikes.de\\\/#website\",\"url\":\"https:\\\/\\\/www.idworx-bikes.de\\\/\",\"name\":\"idworx \u2013 Premium Reiser\u00e4der, Trekking Bikes, E-Bikes &amp; Vakantiefietsen\",\"description\":\"It works! Handgefertigte Bikes f\u00fcr h\u00f6chste Anspr\u00fcche\",\"publisher\":{\"@id\":\"https:\\\/\\\/www.idworx-bikes.de\\\/#organization\"},\"potentialAction\":[{\"@type\":\"SearchAction\",\"target\":{\"@type\":\"EntryPoint\",\"urlTemplate\":\"https:\\\/\\\/www.idworx-bikes.de\\\/?s={search_term_string}\"},\"query-input\":{\"@type\":\"PropertyValueSpecification\",\"valueRequired\":true,\"valueName\":\"search_term_string\"}}],\"inLanguage\":\"de\"},{\"@type\":\"Organization\",\"@id\":\"https:\\\/\\\/www.idworx-bikes.de\\\/#organization\",\"name\":\"idworx\",\"url\":\"https:\\\/\\\/www.idworx-bikes.de\\\/\",\"logo\":{\"@type\":\"ImageObject\",\"inLanguage\":\"de\",\"@id\":\"https:\\\/\\\/www.idworx-bikes.de\\\/#\\\/schema\\\/logo\\\/image\\\/\",\"url\":\"https:\\\/\\\/www.idworx-bikes.de\\\/wp-content\\\/uploads\\\/2015\\\/12\\\/idworx-logo_b.png\",\"contentUrl\":\"https:\\\/\\\/www.idworx-bikes.de\\\/wp-content\\\/uploads\\\/2015\\\/12\\\/idworx-logo_b.png\",\"width\":216,\"height\":69,\"caption\":\"idworx\"},\"image\":{\"@id\":\"https:\\\/\\\/www.idworx-bikes.de\\\/#\\\/schema\\\/logo\\\/image\\\/\"},\"sameAs\":[\"https:\\\/\\\/www.facebook.com\\\/Idworx-202013906499907\\\/\"]}]}<\/script>\n<!-- \/ Yoast SEO plugin. -->","yoast_head_json":{"title":"All Rohler - idworx \u2013 Premium Reiser\u00e4der, Trekking Bikes, E-Bikes &amp; Vakantiefietsen","robots":{"index":"index","follow":"follow","max-snippet":"max-snippet:-1","max-image-preview":"max-image-preview:large","max-video-preview":"max-video-preview:-1"},"canonical":"https:\/\/www.idworx-bikes.de\/de\/produkt\/all_rohler-de-2","og_locale":"de_DE","og_type":"article","og_title":"All Rohler - idworx \u2013 Premium Reiser\u00e4der, Trekking Bikes, E-Bikes &amp; Vakantiefietsen","og_description":"All Rohler Sie m\u00f6chten das ER mit Scheibenbremsen? Bittesch\u00f6n: Das All Rohler vereint die Evolution des ER mit den Vorteilen einer Scheibenbremse. Das All Rohler (Gen 2.3)&#8221; kommt in der Serie mit Shimano XT Trekking Bremsen sowie breite Schwalbe Marathon Almotion Reifen f\u00fcr mehr Komfort und weniger Rollwiderstand. Nicht verwunderlich, dass auch kritische Radfahrer von [&hellip;]","og_url":"https:\/\/www.idworx-bikes.de\/de\/produkt\/all_rohler-de-2","og_site_name":"idworx \u2013 Premium Reiser\u00e4der, Trekking Bikes, E-Bikes &amp; Vakantiefietsen","article_publisher":"https:\/\/www.facebook.com\/Idworx-202013906499907\/","article_modified_time":"2026-04-17T10:47:54+00:00","og_image":[{"width":2560,"height":1709,"url":"https:\/\/www.idworx-bikes.de\/wp-content\/uploads\/2020\/10\/AllR_Man_L_sg_20_so-scaled.jpg","type":"image\/jpeg"}],"twitter_misc":{"Gesch\u00e4tzte Lesezeit":"1\u00a0Minute"},"schema":{"@context":"https:\/\/schema.org","@graph":[{"@type":"WebPage","@id":"https:\/\/www.idworx-bikes.de\/de\/produkt\/all_rohler-de-2","url":"https:\/\/www.idworx-bikes.de\/de\/produkt\/all_rohler-de-2","name":"All Rohler - idworx \u2013 Premium Reiser\u00e4der, Trekking Bikes, E-Bikes &amp; Vakantiefietsen","isPartOf":{"@id":"https:\/\/www.idworx-bikes.de\/#website"},"primaryImageOfPage":{"@id":"https:\/\/www.idworx-bikes.de\/de\/produkt\/all_rohler-de-2#primaryimage"},"image":{"@id":"https:\/\/www.idworx-bikes.de\/de\/produkt\/all_rohler-de-2#primaryimage"},"thumbnailUrl":"https:\/\/www.idworx-bikes.de\/wp-content\/uploads\/2020\/10\/AllR_Man_L_sg_20_so-scaled.jpg","datePublished":"2016-02-16T11:47:57+00:00","dateModified":"2026-04-17T10:47:54+00:00","breadcrumb":{"@id":"https:\/\/www.idworx-bikes.de\/de\/produkt\/all_rohler-de-2#breadcrumb"},"inLanguage":"de","potentialAction":[{"@type":"ReadAction","target":["https:\/\/www.idworx-bikes.de\/de\/produkt\/all_rohler-de-2"]}]},{"@type":"ImageObject","inLanguage":"de","@id":"https:\/\/www.idworx-bikes.de\/de\/produkt\/all_rohler-de-2#primaryimage","url":"https:\/\/www.idworx-bikes.de\/wp-content\/uploads\/2020\/10\/AllR_Man_L_sg_20_so-scaled.jpg","contentUrl":"https:\/\/www.idworx-bikes.de\/wp-content\/uploads\/2020\/10\/AllR_Man_L_sg_20_so-scaled.jpg","width":2560,"height":1709},{"@type":"BreadcrumbList","@id":"https:\/\/www.idworx-bikes.de\/de\/produkt\/all_rohler-de-2#breadcrumb","itemListElement":[{"@type":"ListItem","position":1,"name":"Home","item":"https:\/\/www.idworx-bikes.de\/de"},{"@type":"ListItem","position":2,"name":"Shop","item":"https:\/\/www.idworx-bikes.de\/de\/shop"},{"@type":"ListItem","position":3,"name":"All Rohler"}]},{"@type":"WebSite","@id":"https:\/\/www.idworx-bikes.de\/#website","url":"https:\/\/www.idworx-bikes.de\/","name":"idworx \u2013 Premium Reiser\u00e4der, Trekking Bikes, E-Bikes &amp; Vakantiefietsen","description":"It works! Handgefertigte Bikes f\u00fcr h\u00f6chste Anspr\u00fcche","publisher":{"@id":"https:\/\/www.idworx-bikes.de\/#organization"},"potentialAction":[{"@type":"SearchAction","target":{"@type":"EntryPoint","urlTemplate":"https:\/\/www.idworx-bikes.de\/?s={search_term_string}"},"query-input":{"@type":"PropertyValueSpecification","valueRequired":true,"valueName":"search_term_string"}}],"inLanguage":"de"},{"@type":"Organization","@id":"https:\/\/www.idworx-bikes.de\/#organization","name":"idworx","url":"https:\/\/www.idworx-bikes.de\/","logo":{"@type":"ImageObject","inLanguage":"de","@id":"https:\/\/www.idworx-bikes.de\/#\/schema\/logo\/image\/","url":"https:\/\/www.idworx-bikes.de\/wp-content\/uploads\/2015\/12\/idworx-logo_b.png","contentUrl":"https:\/\/www.idworx-bikes.de\/wp-content\/uploads\/2015\/12\/idworx-logo_b.png","width":216,"height":69,"caption":"idworx"},"image":{"@id":"https:\/\/www.idworx-bikes.de\/#\/schema\/logo\/image\/"},"sameAs":["https:\/\/www.facebook.com\/Idworx-202013906499907\/"]}]}},"_links":{"self":[{"href":"https:\/\/www.idworx-bikes.de\/de\/wp-json\/wp\/v2\/product\/481","targetHints":{"allow":["GET"]}}],"collection":[{"href":"https:\/\/www.idworx-bikes.de\/de\/wp-json\/wp\/v2\/product"}],"about":[{"href":"https:\/\/www.idworx-bikes.de\/de\/wp-json\/wp\/v2\/types\/product"}],"wp:featuredmedia":[{"embeddable":true,"href":"https:\/\/www.idworx-bikes.de\/de\/wp-json\/wp\/v2\/media\/8465"}],"wp:attachment":[{"href":"https:\/\/www.idworx-bikes.de\/de\/wp-json\/wp\/v2\/media?parent=481"}],"wp:term":[{"taxonomy":"product_brand","embeddable":true,"href":"https:\/\/www.idworx-bikes.de\/de\/wp-json\/wp\/v2\/product_brand?post=481"},{"taxonomy":"product_cat","embeddable":true,"href":"https:\/\/www.idworx-bikes.de\/de\/wp-json\/wp\/v2\/product_cat?post=481"},{"taxonomy":"product_tag","embeddable":true,"href":"https:\/\/www.idworx-bikes.de\/de\/wp-json\/wp\/v2\/product_tag?post=481"}],"curies":[{"name":"wp","href":"https:\/\/api.w.org\/{rel}","templated":true}]}}