{"id":5368,"date":"2017-10-26T13:46:10","date_gmt":"2017-10-26T11:46:11","guid":{"rendered":"https:\/\/www.idworx-bikes.de?post_type=product&#038;p=5368"},"modified":"2022-03-08T15:42:57","modified_gmt":"2022-03-08T14:42:57","slug":"opinion-ti-blt-e-de","status":"publish","type":"product","link":"https:\/\/www.idworx-bikes.de\/de\/produkt\/opinion-ti-blt-e-de","title":{"rendered":"oPinion Ti BLT-E"},"content":{"rendered":"<p>Das idworx oPinion Ti BLT-E ist die Titan-Version unseres sportiven sowie wartungsarmen und extrem langlebigen oPinion BLT-E. Dieses Premium-Pedelec ist wie geschaffen f\u00fcr anspruchsvolle &#8220;Kilometerfresser&#8221;, die dem ewigen Gegenwind mit ein wenig E-Power trotzen und sich dabei auf einen Rahmen von allerh\u00f6chster Qualit\u00e4t verlassen wollen.<br \/>\nEs ist der Zwillingsbruder unseres enorm robusten Trekking-Bikes namens oPinion Ti BLT mit Titanrahmen, aufger\u00fcstet mit dem Alber Neodrives-Antrieb. Wir haben es ab Werk f\u00fcr die Elektro-Unterst\u00fctzung optimiert \u2013 f\u00fcr die t\u00e4gliche Fahrt zur Arbeit ebenso wie f\u00fcr lange Freizeit-Touren.<br \/>\nDas idworx oPinion Ti BLT-E rollt auf 27.5&#8243;-Laufr\u00e4dern mit 62 mm breiten, komfortablen Schwalbe Super Moto-X Reifen, dazu gibt es Shimano Deore-Scheibenbremsen, Akku-Beleuchtung und ein Pinion C1.6-Getriebe mit 6 G\u00e4ngen (295% \u00dcbersetzungsspanne, gleichm\u00e4\u00dfige Gangspr\u00fcnge von 24,3%). Sie fahren h\u00e4ufig in den Bergen und wollen lieber noch mehr G\u00e4nge? Dann kreuzen Sie bei Ihrer Bestellung einfach das optionale C1.12-Getriebe an.<\/p>\n<\/p>\n<button class=\"wa-accordion \">Testberichte oPinion Ti BLT-E<\/button><div class=\"wa-accordion-panel\">\n<p><ul class=\"lcp_catlist\"><li><lcp_post><a href=\"https:\/\/www.idworx-bikes.de\/de\/test-idworx-opinion-blt-efuer-ein-langes-leben-kauftipp-note-sehr-gut\" title=\"Test idworx oPinion BLT-E:&lt;br\/&gt;&quot;F\u00fcr ein langes Leben&quot; (Kauftipp, Note: sehr gut)\"><img loading=\"lazy\" decoding=\"async\" width=\"120\" height=\"120\" src=\"https:\/\/www.idworx-bikes.de\/wp-content\/uploads\/2020\/04\/Bildschirmfoto-2020-04-21-um-10.55.07-250x250.png\" class=\"news_thumb wp-post-image\" alt=\"Test idworx oPinion BLT-E:&lt;br\/&gt;&quot;F\u00fcr ein langes Leben&quot; (Kauftipp, Note: sehr gut)\" srcset=\"https:\/\/www.idworx-bikes.de\/wp-content\/uploads\/2020\/04\/Bildschirmfoto-2020-04-21-um-10.55.07-250x250.png 250w, https:\/\/www.idworx-bikes.de\/wp-content\/uploads\/2020\/04\/Bildschirmfoto-2020-04-21-um-10.55.07-100x100.png 100w\" sizes=\"auto, (max-width: 120px) 100vw, 120px\" \/><\/a><\/lcp_post><a><a href=\"https:\/\/www.idworx-bikes.de\/de\/test-idworx-opinion-blt-efuer-ein-langes-leben-kauftipp-note-sehr-gut\">Test idworx oPinion BLT-E:<br \/>&#8220;F\u00fcr ein langes Leben&#8221; (Kauftipp, Note: sehr gut)<\/a><\/a>  <\/li><li><lcp_post><a href=\"https:\/\/www.idworx-bikes.de\/de\/test-idworx-opinion-blt-multi-spec-e-bike\" title=\"Test: Idworx oPinion BLT Multi Spec E-bike\"><img loading=\"lazy\" decoding=\"async\" width=\"120\" height=\"120\" src=\"https:\/\/www.idworx-bikes.de\/wp-content\/uploads\/2018\/07\/idworx-opinion-blt-e-bike-test-01-1020x705-250x250.jpg\" class=\"news_thumb wp-post-image\" alt=\"Test: Idworx oPinion BLT Multi Spec E-bike\" srcset=\"https:\/\/www.idworx-bikes.de\/wp-content\/uploads\/2018\/07\/idworx-opinion-blt-e-bike-test-01-1020x705-250x250.jpg 250w, https:\/\/www.idworx-bikes.de\/wp-content\/uploads\/2018\/07\/idworx-opinion-blt-e-bike-test-01-1020x705-100x100.jpg 100w\" sizes=\"auto, (max-width: 120px) 100vw, 120px\" \/><\/a><\/lcp_post><a><a href=\"https:\/\/www.idworx-bikes.de\/de\/test-idworx-opinion-blt-multi-spec-e-bike\">Test: Idworx oPinion BLT Multi Spec E-bike<\/a><\/a>  <\/li><li><lcp_post><a href=\"https:\/\/www.idworx-bikes.de\/de\/test-idworx-opinion-blt-e-abgefahren\" title=\"Test: idworx oPinion BLT-E: \u201eAbgefahren\u201c\"><img loading=\"lazy\" decoding=\"async\" width=\"120\" height=\"120\" src=\"https:\/\/www.idworx-bikes.de\/wp-content\/uploads\/2018\/03\/FAZ-Logo-250x250.png\" class=\"news_thumb wp-post-image\" alt=\"Test: idworx oPinion BLT-E: \u201eAbgefahren\u201c\" srcset=\"https:\/\/www.idworx-bikes.de\/wp-content\/uploads\/2018\/03\/FAZ-Logo-250x250.png 250w, https:\/\/www.idworx-bikes.de\/wp-content\/uploads\/2018\/03\/FAZ-Logo-300x300.png 300w, https:\/\/www.idworx-bikes.de\/wp-content\/uploads\/2018\/03\/FAZ-Logo-324x324.png 324w, https:\/\/www.idworx-bikes.de\/wp-content\/uploads\/2018\/03\/FAZ-Logo-416x416.png 416w, https:\/\/www.idworx-bikes.de\/wp-content\/uploads\/2018\/03\/FAZ-Logo-100x100.png 100w, https:\/\/www.idworx-bikes.de\/wp-content\/uploads\/2018\/03\/FAZ-Logo.png 665w\" sizes=\"auto, (max-width: 120px) 100vw, 120px\" \/><\/a><\/lcp_post><a><a href=\"https:\/\/www.idworx-bikes.de\/de\/test-idworx-opinion-blt-e-abgefahren\">Test: idworx oPinion BLT-E: \u201eAbgefahren\u201c<\/a><\/a>  <\/li><\/ul><\/p>\n<\/div>\n<script type=\"text\/javascript\">\nvar acc = document.getElementsByClassName(\"wa-accordion\");\nvar i;\nfor (i = 0; i < acc.length; i++) {\n  acc[i].addEventListener(\"click\", function() {\n    this.classList.toggle(\"wa-accordion-active\");\n    var panel = this.nextElementSibling;\n    if (panel.style.maxHeight) {\n      panel.style.maxHeight = null;\n    } else {\n      panel.style.maxHeight = panel.scrollHeight + \"px\";\n    }\n  });\n}\n<\/script>\n","protected":false},"excerpt":{"rendered":"<p>Das idworx oPinion Ti BLT-E ist die Titan-Version unseres sportiven sowie wartungsarmen und extrem langlebigen oPinion BLT-E. Dieses Premium-Pedelec ist wie geschaffen f\u00fcr anspruchsvolle &#8220;Kilometerfresser&#8221;, die dem ewigen Gegenwind mit ein wenig E-Power trotzen und sich dabei auf einen Rahmen von allerh\u00f6chster Qualit\u00e4t verlassen wollen. Es ist der Zwillingsbruder unseres enorm robusten Trekking-Bikes namens oPinion [&hellip;]<\/p>\n","protected":false},"featured_media":6452,"template":"","meta":[],"product_brand":[],"product_cat":[20],"product_tag":[],"class_list":{"0":"post-5368","1":"product","2":"type-product","3":"status-publish","4":"has-post-thumbnail","6":"product_cat-idworx_models-de","8":"first","9":"instock","10":"sold-individually","11":"shipping-taxable","12":"purchasable","13":"product-type-composite"},"composite_virtual":false,"composite_layout":"single","composite_add_to_cart_form_location":"default","composite_editable_in_cart":false,"composite_sold_individually_context":"product","composite_shop_price_calc":"min_max","composite_components":[{"id":"1478511512","title":"Spec","description":"","query_type":"product_ids","query_ids":[5365],"default_option_id":"","thumbnail_id":"","thumbnail_src":"","quantity_min":1,"quantity_max":1,"priced_individually":true,"shipped_individually":false,"optional":false,"discount":"","options_style":"thumbnails","pagination_style":"classic","display_prices":"absolute","show_sorting_options":false,"show_filtering_options":false,"attribute_filter_ids":[],"select_action":"view","product_title_visible":false,"product_descr_visible":true,"product_price_visible":true,"product_thumb_visible":false,"subtotal_visible_product":true,"subtotal_visible_cart":true,"subtotal_visible_orders":true,"product_addons_visible":true},{"id":"1455814290","title":"Form","description":"","query_type":"product_ids","query_ids":[584],"default_option_id":584,"thumbnail_id":"","thumbnail_src":"","quantity_min":1,"quantity_max":1,"priced_individually":true,"shipped_individually":false,"optional":false,"discount":"","options_style":"dropdowns","pagination_style":"classic","display_prices":"absolute","show_sorting_options":false,"show_filtering_options":false,"attribute_filter_ids":[],"select_action":"view","product_title_visible":false,"product_descr_visible":false,"product_price_visible":true,"product_thumb_visible":false,"subtotal_visible_product":true,"subtotal_visible_cart":true,"subtotal_visible_orders":true,"product_addons_visible":true},{"id":"1455814291","title":"Size","description":"","query_type":"product_ids","query_ids":[81,2844,2847],"default_option_id":"","thumbnail_id":"","thumbnail_src":"","quantity_min":1,"quantity_max":1,"priced_individually":true,"shipped_individually":false,"optional":false,"discount":"","options_style":"thumbnails","pagination_style":"classic","display_prices":"absolute","show_sorting_options":false,"show_filtering_options":false,"attribute_filter_ids":[],"select_action":"view","product_title_visible":false,"product_descr_visible":false,"product_price_visible":true,"product_thumb_visible":false,"subtotal_visible_product":true,"subtotal_visible_cart":true,"subtotal_visible_orders":true,"product_addons_visible":true},{"id":"1478511516","title":"Color","description":"","query_type":"product_ids","query_ids":[831],"default_option_id":831,"thumbnail_id":"","thumbnail_src":"","quantity_min":1,"quantity_max":1,"priced_individually":true,"shipped_individually":false,"optional":false,"discount":"","options_style":"dropdowns","pagination_style":"classic","display_prices":"absolute","show_sorting_options":false,"show_filtering_options":false,"attribute_filter_ids":[],"select_action":"view","product_title_visible":false,"product_descr_visible":false,"product_price_visible":true,"product_thumb_visible":false,"subtotal_visible_product":true,"subtotal_visible_cart":true,"subtotal_visible_orders":true,"product_addons_visible":true},{"id":"1509020835","title":"Drive Technology ","description":"","query_type":"product_ids","query_ids":[5356],"default_option_id":5356,"thumbnail_id":"","thumbnail_src":"","quantity_min":1,"quantity_max":1,"priced_individually":true,"shipped_individually":false,"optional":false,"discount":"","options_style":"dropdowns","pagination_style":"classic","display_prices":"absolute","show_sorting_options":false,"show_filtering_options":false,"attribute_filter_ids":[],"select_action":"view","product_title_visible":false,"product_descr_visible":false,"product_price_visible":true,"product_thumb_visible":false,"subtotal_visible_product":true,"subtotal_visible_cart":true,"subtotal_visible_orders":true,"product_addons_visible":true},{"id":"1455821110","title":"Extras ","description":"","query_type":"product_ids","query_ids":[5359],"default_option_id":5359,"thumbnail_id":"","thumbnail_src":"","quantity_min":1,"quantity_max":1,"priced_individually":true,"shipped_individually":false,"optional":false,"discount":"","options_style":"dropdowns","pagination_style":"classic","display_prices":"absolute","show_sorting_options":false,"show_filtering_options":false,"attribute_filter_ids":[],"select_action":"view","product_title_visible":false,"product_descr_visible":false,"product_price_visible":true,"product_thumb_visible":false,"subtotal_visible_product":true,"subtotal_visible_cart":true,"subtotal_visible_orders":true,"product_addons_visible":true},{"id":"1509020837","title":"Performance Parts ","description":"","query_type":"product_ids","query_ids":[5362],"default_option_id":5362,"thumbnail_id":"","thumbnail_src":"","quantity_min":1,"quantity_max":1,"priced_individually":true,"shipped_individually":false,"optional":false,"discount":"","options_style":"dropdowns","pagination_style":"classic","display_prices":"absolute","show_sorting_options":false,"show_filtering_options":false,"attribute_filter_ids":[],"select_action":"view","product_title_visible":false,"product_descr_visible":false,"product_price_visible":true,"product_thumb_visible":false,"subtotal_visible_product":true,"subtotal_visible_cart":true,"subtotal_visible_orders":true,"product_addons_visible":true}],"composite_scenarios":[{"id":"1626879121","name":"Size not Selected -&gt; Hide all Option Components","description":"","configuration":[{"component_id":"1455814291","options_modifier":"in","component_options":[-1]}],"actions":[{"action_id":"compat_group","is_active":false},{"action_id":"conditional_components","is_active":true,"hidden_components":["1509020835","1455821110","1509020837"]},{"action_id":"conditional_options","is_active":false,"hidden_options":[]}],"enabled":true}],"bundled_by":[],"bundle_stock_status":"instock","bundle_stock_quantity":null,"bundle_virtual":false,"bundle_layout":"","bundle_add_to_cart_form_location":"","bundle_editable_in_cart":false,"bundle_sold_individually_context":"","bundle_item_grouping":"","bundle_min_size":"","bundle_max_size":"","bundle_price":[],"bundled_items":[],"bundle_sell_ids":[],"exclude_global_add_ons":[],"addons":[],"yoast_head":"<!-- This site is optimized with the Yoast SEO plugin v27.5 - https:\/\/yoast.com\/product\/yoast-seo-wordpress\/ -->\n<title>oPinion Ti BLT-E - idworx \u2013 Premium Reiser\u00e4der, Trekking Bikes, E-Bikes &amp; Vakantiefietsen<\/title>\n<meta name=\"robots\" content=\"index, follow, max-snippet:-1, max-image-preview:large, max-video-preview:-1\" \/>\n<link rel=\"canonical\" href=\"https:\/\/www.idworx-bikes.de\/de\/produkt\/opinion-ti-blt-e-de\" \/>\n<meta property=\"og:locale\" content=\"de_DE\" \/>\n<meta property=\"og:type\" content=\"article\" \/>\n<meta property=\"og:title\" content=\"oPinion Ti BLT-E - idworx \u2013 Premium Reiser\u00e4der, Trekking Bikes, E-Bikes &amp; Vakantiefietsen\" \/>\n<meta property=\"og:description\" content=\"Das idworx oPinion Ti BLT-E ist die Titan-Version unseres sportiven sowie wartungsarmen und extrem langlebigen oPinion BLT-E. Dieses Premium-Pedelec ist wie geschaffen f\u00fcr anspruchsvolle &#8220;Kilometerfresser&#8221;, die dem ewigen Gegenwind mit ein wenig E-Power trotzen und sich dabei auf einen Rahmen von allerh\u00f6chster Qualit\u00e4t verlassen wollen. Es ist der Zwillingsbruder unseres enorm robusten Trekking-Bikes namens oPinion [&hellip;]\" \/>\n<meta property=\"og:url\" content=\"https:\/\/www.idworx-bikes.de\/de\/produkt\/opinion-ti-blt-e-de\" \/>\n<meta property=\"og:site_name\" content=\"idworx \u2013 Premium Reiser\u00e4der, Trekking Bikes, E-Bikes &amp; Vakantiefietsen\" \/>\n<meta property=\"article:publisher\" content=\"https:\/\/www.facebook.com\/Idworx-202013906499907\/\" \/>\n<meta property=\"article:modified_time\" content=\"2022-03-08T14:42:57+00:00\" \/>\n<meta property=\"og:image\" content=\"https:\/\/www.idworx-bikes.de\/wp-content\/uploads\/2018\/11\/TiBLT-E_51_19-scaled.jpg\" \/>\n\t<meta property=\"og:image:width\" content=\"5784\" \/>\n\t<meta property=\"og:image:height\" content=\"3861\" \/>\n\t<meta property=\"og:image:type\" content=\"image\/jpeg\" \/>\n<meta name=\"twitter:label1\" content=\"Gesch\u00e4tzte Lesezeit\" \/>\n\t<meta name=\"twitter:data1\" content=\"1\u00a0Minute\" \/>\n<script type=\"application\/ld+json\" class=\"yoast-schema-graph\">{\"@context\":\"https:\\\/\\\/schema.org\",\"@graph\":[{\"@type\":\"WebPage\",\"@id\":\"https:\\\/\\\/www.idworx-bikes.de\\\/de\\\/produkt\\\/opinion-ti-blt-e-de\",\"url\":\"https:\\\/\\\/www.idworx-bikes.de\\\/de\\\/produkt\\\/opinion-ti-blt-e-de\",\"name\":\"oPinion Ti BLT-E - idworx \u2013 Premium Reiser\u00e4der, Trekking Bikes, E-Bikes &amp; Vakantiefietsen\",\"isPartOf\":{\"@id\":\"https:\\\/\\\/www.idworx-bikes.de\\\/#website\"},\"primaryImageOfPage\":{\"@id\":\"https:\\\/\\\/www.idworx-bikes.de\\\/de\\\/produkt\\\/opinion-ti-blt-e-de#primaryimage\"},\"image\":{\"@id\":\"https:\\\/\\\/www.idworx-bikes.de\\\/de\\\/produkt\\\/opinion-ti-blt-e-de#primaryimage\"},\"thumbnailUrl\":\"https:\\\/\\\/www.idworx-bikes.de\\\/wp-content\\\/uploads\\\/2018\\\/11\\\/TiBLT-E_51_19-scaled.jpg\",\"datePublished\":\"2017-10-26T11:46:11+00:00\",\"dateModified\":\"2022-03-08T14:42:57+00:00\",\"breadcrumb\":{\"@id\":\"https:\\\/\\\/www.idworx-bikes.de\\\/de\\\/produkt\\\/opinion-ti-blt-e-de#breadcrumb\"},\"inLanguage\":\"de\",\"potentialAction\":[{\"@type\":\"ReadAction\",\"target\":[\"https:\\\/\\\/www.idworx-bikes.de\\\/de\\\/produkt\\\/opinion-ti-blt-e-de\"]}]},{\"@type\":\"ImageObject\",\"inLanguage\":\"de\",\"@id\":\"https:\\\/\\\/www.idworx-bikes.de\\\/de\\\/produkt\\\/opinion-ti-blt-e-de#primaryimage\",\"url\":\"https:\\\/\\\/www.idworx-bikes.de\\\/wp-content\\\/uploads\\\/2018\\\/11\\\/TiBLT-E_51_19-scaled.jpg\",\"contentUrl\":\"https:\\\/\\\/www.idworx-bikes.de\\\/wp-content\\\/uploads\\\/2018\\\/11\\\/TiBLT-E_51_19-scaled.jpg\",\"width\":5784,\"height\":3861},{\"@type\":\"BreadcrumbList\",\"@id\":\"https:\\\/\\\/www.idworx-bikes.de\\\/de\\\/produkt\\\/opinion-ti-blt-e-de#breadcrumb\",\"itemListElement\":[{\"@type\":\"ListItem\",\"position\":1,\"name\":\"Home\",\"item\":\"https:\\\/\\\/www.idworx-bikes.de\\\/de\"},{\"@type\":\"ListItem\",\"position\":2,\"name\":\"Shop\",\"item\":\"https:\\\/\\\/www.idworx-bikes.de\\\/de\\\/shop\"},{\"@type\":\"ListItem\",\"position\":3,\"name\":\"oPinion Ti BLT-E\"}]},{\"@type\":\"WebSite\",\"@id\":\"https:\\\/\\\/www.idworx-bikes.de\\\/#website\",\"url\":\"https:\\\/\\\/www.idworx-bikes.de\\\/\",\"name\":\"idworx \u2013 Premium Reiser\u00e4der, Trekking Bikes, E-Bikes &amp; Vakantiefietsen\",\"description\":\"It works! Handgefertigte Bikes f\u00fcr h\u00f6chste Anspr\u00fcche\",\"publisher\":{\"@id\":\"https:\\\/\\\/www.idworx-bikes.de\\\/#organization\"},\"potentialAction\":[{\"@type\":\"SearchAction\",\"target\":{\"@type\":\"EntryPoint\",\"urlTemplate\":\"https:\\\/\\\/www.idworx-bikes.de\\\/?s={search_term_string}\"},\"query-input\":{\"@type\":\"PropertyValueSpecification\",\"valueRequired\":true,\"valueName\":\"search_term_string\"}}],\"inLanguage\":\"de\"},{\"@type\":\"Organization\",\"@id\":\"https:\\\/\\\/www.idworx-bikes.de\\\/#organization\",\"name\":\"idworx\",\"url\":\"https:\\\/\\\/www.idworx-bikes.de\\\/\",\"logo\":{\"@type\":\"ImageObject\",\"inLanguage\":\"de\",\"@id\":\"https:\\\/\\\/www.idworx-bikes.de\\\/#\\\/schema\\\/logo\\\/image\\\/\",\"url\":\"https:\\\/\\\/www.idworx-bikes.de\\\/wp-content\\\/uploads\\\/2015\\\/12\\\/idworx-logo_b.png\",\"contentUrl\":\"https:\\\/\\\/www.idworx-bikes.de\\\/wp-content\\\/uploads\\\/2015\\\/12\\\/idworx-logo_b.png\",\"width\":216,\"height\":69,\"caption\":\"idworx\"},\"image\":{\"@id\":\"https:\\\/\\\/www.idworx-bikes.de\\\/#\\\/schema\\\/logo\\\/image\\\/\"},\"sameAs\":[\"https:\\\/\\\/www.facebook.com\\\/Idworx-202013906499907\\\/\"]}]}<\/script>\n<!-- \/ Yoast SEO plugin. -->","yoast_head_json":{"title":"oPinion Ti BLT-E - idworx \u2013 Premium Reiser\u00e4der, Trekking Bikes, E-Bikes &amp; Vakantiefietsen","robots":{"index":"index","follow":"follow","max-snippet":"max-snippet:-1","max-image-preview":"max-image-preview:large","max-video-preview":"max-video-preview:-1"},"canonical":"https:\/\/www.idworx-bikes.de\/de\/produkt\/opinion-ti-blt-e-de","og_locale":"de_DE","og_type":"article","og_title":"oPinion Ti BLT-E - idworx \u2013 Premium Reiser\u00e4der, Trekking Bikes, E-Bikes &amp; Vakantiefietsen","og_description":"Das idworx oPinion Ti BLT-E ist die Titan-Version unseres sportiven sowie wartungsarmen und extrem langlebigen oPinion BLT-E. Dieses Premium-Pedelec ist wie geschaffen f\u00fcr anspruchsvolle &#8220;Kilometerfresser&#8221;, die dem ewigen Gegenwind mit ein wenig E-Power trotzen und sich dabei auf einen Rahmen von allerh\u00f6chster Qualit\u00e4t verlassen wollen. Es ist der Zwillingsbruder unseres enorm robusten Trekking-Bikes namens oPinion [&hellip;]","og_url":"https:\/\/www.idworx-bikes.de\/de\/produkt\/opinion-ti-blt-e-de","og_site_name":"idworx \u2013 Premium Reiser\u00e4der, Trekking Bikes, E-Bikes &amp; Vakantiefietsen","article_publisher":"https:\/\/www.facebook.com\/Idworx-202013906499907\/","article_modified_time":"2022-03-08T14:42:57+00:00","og_image":[{"width":5784,"height":3861,"url":"https:\/\/www.idworx-bikes.de\/wp-content\/uploads\/2018\/11\/TiBLT-E_51_19-scaled.jpg","type":"image\/jpeg"}],"twitter_misc":{"Gesch\u00e4tzte Lesezeit":"1\u00a0Minute"},"schema":{"@context":"https:\/\/schema.org","@graph":[{"@type":"WebPage","@id":"https:\/\/www.idworx-bikes.de\/de\/produkt\/opinion-ti-blt-e-de","url":"https:\/\/www.idworx-bikes.de\/de\/produkt\/opinion-ti-blt-e-de","name":"oPinion Ti BLT-E - idworx \u2013 Premium Reiser\u00e4der, Trekking Bikes, E-Bikes &amp; Vakantiefietsen","isPartOf":{"@id":"https:\/\/www.idworx-bikes.de\/#website"},"primaryImageOfPage":{"@id":"https:\/\/www.idworx-bikes.de\/de\/produkt\/opinion-ti-blt-e-de#primaryimage"},"image":{"@id":"https:\/\/www.idworx-bikes.de\/de\/produkt\/opinion-ti-blt-e-de#primaryimage"},"thumbnailUrl":"https:\/\/www.idworx-bikes.de\/wp-content\/uploads\/2018\/11\/TiBLT-E_51_19-scaled.jpg","datePublished":"2017-10-26T11:46:11+00:00","dateModified":"2022-03-08T14:42:57+00:00","breadcrumb":{"@id":"https:\/\/www.idworx-bikes.de\/de\/produkt\/opinion-ti-blt-e-de#breadcrumb"},"inLanguage":"de","potentialAction":[{"@type":"ReadAction","target":["https:\/\/www.idworx-bikes.de\/de\/produkt\/opinion-ti-blt-e-de"]}]},{"@type":"ImageObject","inLanguage":"de","@id":"https:\/\/www.idworx-bikes.de\/de\/produkt\/opinion-ti-blt-e-de#primaryimage","url":"https:\/\/www.idworx-bikes.de\/wp-content\/uploads\/2018\/11\/TiBLT-E_51_19-scaled.jpg","contentUrl":"https:\/\/www.idworx-bikes.de\/wp-content\/uploads\/2018\/11\/TiBLT-E_51_19-scaled.jpg","width":5784,"height":3861},{"@type":"BreadcrumbList","@id":"https:\/\/www.idworx-bikes.de\/de\/produkt\/opinion-ti-blt-e-de#breadcrumb","itemListElement":[{"@type":"ListItem","position":1,"name":"Home","item":"https:\/\/www.idworx-bikes.de\/de"},{"@type":"ListItem","position":2,"name":"Shop","item":"https:\/\/www.idworx-bikes.de\/de\/shop"},{"@type":"ListItem","position":3,"name":"oPinion Ti BLT-E"}]},{"@type":"WebSite","@id":"https:\/\/www.idworx-bikes.de\/#website","url":"https:\/\/www.idworx-bikes.de\/","name":"idworx \u2013 Premium Reiser\u00e4der, Trekking Bikes, E-Bikes &amp; Vakantiefietsen","description":"It works! Handgefertigte Bikes f\u00fcr h\u00f6chste Anspr\u00fcche","publisher":{"@id":"https:\/\/www.idworx-bikes.de\/#organization"},"potentialAction":[{"@type":"SearchAction","target":{"@type":"EntryPoint","urlTemplate":"https:\/\/www.idworx-bikes.de\/?s={search_term_string}"},"query-input":{"@type":"PropertyValueSpecification","valueRequired":true,"valueName":"search_term_string"}}],"inLanguage":"de"},{"@type":"Organization","@id":"https:\/\/www.idworx-bikes.de\/#organization","name":"idworx","url":"https:\/\/www.idworx-bikes.de\/","logo":{"@type":"ImageObject","inLanguage":"de","@id":"https:\/\/www.idworx-bikes.de\/#\/schema\/logo\/image\/","url":"https:\/\/www.idworx-bikes.de\/wp-content\/uploads\/2015\/12\/idworx-logo_b.png","contentUrl":"https:\/\/www.idworx-bikes.de\/wp-content\/uploads\/2015\/12\/idworx-logo_b.png","width":216,"height":69,"caption":"idworx"},"image":{"@id":"https:\/\/www.idworx-bikes.de\/#\/schema\/logo\/image\/"},"sameAs":["https:\/\/www.facebook.com\/Idworx-202013906499907\/"]}]}},"_links":{"self":[{"href":"https:\/\/www.idworx-bikes.de\/de\/wp-json\/wp\/v2\/product\/5368","targetHints":{"allow":["GET"]}}],"collection":[{"href":"https:\/\/www.idworx-bikes.de\/de\/wp-json\/wp\/v2\/product"}],"about":[{"href":"https:\/\/www.idworx-bikes.de\/de\/wp-json\/wp\/v2\/types\/product"}],"wp:featuredmedia":[{"embeddable":true,"href":"https:\/\/www.idworx-bikes.de\/de\/wp-json\/wp\/v2\/media\/6452"}],"wp:attachment":[{"href":"https:\/\/www.idworx-bikes.de\/de\/wp-json\/wp\/v2\/media?parent=5368"}],"wp:term":[{"taxonomy":"product_brand","embeddable":true,"href":"https:\/\/www.idworx-bikes.de\/de\/wp-json\/wp\/v2\/product_brand?post=5368"},{"taxonomy":"product_cat","embeddable":true,"href":"https:\/\/www.idworx-bikes.de\/de\/wp-json\/wp\/v2\/product_cat?post=5368"},{"taxonomy":"product_tag","embeddable":true,"href":"https:\/\/www.idworx-bikes.de\/de\/wp-json\/wp\/v2\/product_tag?post=5368"}],"curies":[{"name":"wp","href":"https:\/\/api.w.org\/{rel}","templated":true}]}}