{"id":822,"date":"2016-10-27T10:16:56","date_gmt":"2016-10-27T08:16:56","guid":{"rendered":"https:\/\/www.idworx-bikes.de\/de\/Produkt\/rockn-rohler-rough-spec-copy-2"},"modified":"2018-02-21T16:03:09","modified_gmt":"2018-02-21T15:03:09","slug":"rockn-rohler-single-speed-spec-de","status":"publish","type":"product","link":"https:\/\/www.idworx-bikes.de\/de\/produkt\/rockn-rohler-single-speed-spec-de","title":{"rendered":"Rockn Rohler &#8211; single speed spec"},"content":{"rendered":"","protected":false},"excerpt":{"rendered":"<p>Kennern m\u00fcssen wir nichts mehr erkl\u00e4ren. Das Rock&#8217;n Rohler ist das bew\u00e4hrte idworx 29er-Mountainbike mit Fahrspa\u00dfgarantie! Stark, stabil, zuverl\u00e4ssig, wartungsarm, nun f\u00fcr Puristen als Singlespeeder.<\/p>\n<p>Die gro\u00dfen Laufr\u00e4der kombinieren reichlich Traktion, niedrigen Rollwiderstand und Sicherheit im Gel\u00e4nde, und erweisen sich damit als perfekt f\u00fcr steilste Anstiege und flowige Trails. Die idworx Evolution Geometrie steht auch f\u00fcr ausgewogenes Handling in kniffligen Abfahrten.<\/p>\n<ul>\n<li><a href=\"\/wp-content\/uploads\/2016\/12\/RnR_SS_2.0_DE.pdf\" target=\"_blank\" rel=\"noopener\">Specs &#8211; Rockn Rohler Single Speed<\/a><\/li>\n<\/ul>\n<h3>Presse<\/h3>\n[catlist thumbnail=yes thumbnail_size=120,120 thumbnail_class=\"news_thumb\" template=\"idworx-news\" name=\"rockn-rohler-single-de\"]\n","protected":false},"featured_media":0,"template":"","meta":[],"product_brand":[],"product_cat":[283],"product_tag":[],"class_list":{"0":"post-822","1":"product","2":"type-product","3":"status-publish","5":"product_cat-gravel_en_fitness_nl","7":"first","8":"instock","9":"shipping-taxable","10":"product-type-simple"},"composite_virtual":false,"composite_layout":"","composite_add_to_cart_form_location":"","composite_editable_in_cart":false,"composite_sold_individually_context":"","composite_shop_price_calc":"","composite_components":[],"composite_scenarios":[],"bundled_by":[],"bundle_stock_status":"instock","bundle_stock_quantity":null,"bundle_virtual":false,"bundle_layout":"","bundle_add_to_cart_form_location":"","bundle_editable_in_cart":false,"bundle_sold_individually_context":"","bundle_item_grouping":"","bundle_min_size":"","bundle_max_size":"","bundle_price":[],"bundled_items":[],"bundle_sell_ids":[],"exclude_global_add_ons":[],"addons":[],"yoast_head":"<!-- This site is optimized with the Yoast SEO plugin v27.5 - https:\/\/yoast.com\/product\/yoast-seo-wordpress\/ -->\n<title>Rockn Rohler - single speed spec - idworx \u2013 Premium Reiser\u00e4der, Trekking Bikes, E-Bikes &amp; Vakantiefietsen<\/title>\n<meta name=\"robots\" content=\"index, follow, max-snippet:-1, max-image-preview:large, max-video-preview:-1\" \/>\n<link rel=\"canonical\" href=\"https:\/\/www.idworx-bikes.de\/de\/produkt\/rockn-rohler-single-speed-spec-de\" \/>\n<meta property=\"og:locale\" content=\"de_DE\" \/>\n<meta property=\"og:type\" content=\"article\" \/>\n<meta property=\"og:title\" content=\"Rockn Rohler - single speed spec - idworx \u2013 Premium Reiser\u00e4der, Trekking Bikes, E-Bikes &amp; Vakantiefietsen\" \/>\n<meta property=\"og:description\" content=\"Kennern m\u00fcssen wir nichts mehr erkl\u00e4ren. Das Rock&#039;n Rohler ist das bew\u00e4hrte idworx 29er-Mountainbike mit Fahrspa\u00dfgarantie! Stark, stabil, zuverl\u00e4ssig, wartungsarm, nun f\u00fcr Puristen als Singlespeeder.  Die gro\u00dfen Laufr\u00e4der kombinieren reichlich Traktion, niedrigen Rollwiderstand und Sicherheit im Gel\u00e4nde, und erweisen sich damit als perfekt f\u00fcr steilste Anstiege und flowige Trails. Die idworx Evolution Geometrie steht auch f\u00fcr ausgewogenes Handling in kniffligen Abfahrten.   Specs - Rockn Rohler Single Speed  Presse\" \/>\n<meta property=\"og:url\" content=\"https:\/\/www.idworx-bikes.de\/de\/produkt\/rockn-rohler-single-speed-spec-de\" \/>\n<meta property=\"og:site_name\" content=\"idworx \u2013 Premium Reiser\u00e4der, Trekking Bikes, E-Bikes &amp; Vakantiefietsen\" \/>\n<meta property=\"article:publisher\" content=\"https:\/\/www.facebook.com\/Idworx-202013906499907\/\" \/>\n<meta property=\"article:modified_time\" content=\"2018-02-21T15:03:09+00:00\" \/>\n<meta property=\"og:image\" content=\"https:\/\/www.idworx-bikes.de\/wp-content\/uploads\/2015\/12\/idworx-logo_b.png\" \/>\n\t<meta property=\"og:image:width\" content=\"216\" \/>\n\t<meta property=\"og:image:height\" content=\"69\" \/>\n\t<meta property=\"og:image:type\" content=\"image\/png\" \/>\n<script type=\"application\/ld+json\" class=\"yoast-schema-graph\">{\"@context\":\"https:\\\/\\\/schema.org\",\"@graph\":[{\"@type\":\"WebPage\",\"@id\":\"https:\\\/\\\/www.idworx-bikes.de\\\/de\\\/produkt\\\/rockn-rohler-single-speed-spec-de\",\"url\":\"https:\\\/\\\/www.idworx-bikes.de\\\/de\\\/produkt\\\/rockn-rohler-single-speed-spec-de\",\"name\":\"Rockn Rohler - single speed spec - idworx \u2013 Premium Reiser\u00e4der, Trekking Bikes, E-Bikes &amp; Vakantiefietsen\",\"isPartOf\":{\"@id\":\"https:\\\/\\\/www.idworx-bikes.de\\\/#website\"},\"datePublished\":\"2016-10-27T08:16:56+00:00\",\"dateModified\":\"2018-02-21T15:03:09+00:00\",\"breadcrumb\":{\"@id\":\"https:\\\/\\\/www.idworx-bikes.de\\\/de\\\/produkt\\\/rockn-rohler-single-speed-spec-de#breadcrumb\"},\"inLanguage\":\"de\",\"potentialAction\":[{\"@type\":\"ReadAction\",\"target\":[\"https:\\\/\\\/www.idworx-bikes.de\\\/de\\\/produkt\\\/rockn-rohler-single-speed-spec-de\"]}]},{\"@type\":\"BreadcrumbList\",\"@id\":\"https:\\\/\\\/www.idworx-bikes.de\\\/de\\\/produkt\\\/rockn-rohler-single-speed-spec-de#breadcrumb\",\"itemListElement\":[{\"@type\":\"ListItem\",\"position\":1,\"name\":\"Home\",\"item\":\"https:\\\/\\\/www.idworx-bikes.de\\\/de\"},{\"@type\":\"ListItem\",\"position\":2,\"name\":\"Shop\",\"item\":\"https:\\\/\\\/www.idworx-bikes.de\\\/de\\\/shop\"},{\"@type\":\"ListItem\",\"position\":3,\"name\":\"Rockn Rohler &#8211; single speed spec\"}]},{\"@type\":\"WebSite\",\"@id\":\"https:\\\/\\\/www.idworx-bikes.de\\\/#website\",\"url\":\"https:\\\/\\\/www.idworx-bikes.de\\\/\",\"name\":\"idworx \u2013 Premium Reiser\u00e4der, Trekking Bikes, E-Bikes &amp; Vakantiefietsen\",\"description\":\"It works! Handgefertigte Bikes f\u00fcr h\u00f6chste Anspr\u00fcche\",\"publisher\":{\"@id\":\"https:\\\/\\\/www.idworx-bikes.de\\\/#organization\"},\"potentialAction\":[{\"@type\":\"SearchAction\",\"target\":{\"@type\":\"EntryPoint\",\"urlTemplate\":\"https:\\\/\\\/www.idworx-bikes.de\\\/?s={search_term_string}\"},\"query-input\":{\"@type\":\"PropertyValueSpecification\",\"valueRequired\":true,\"valueName\":\"search_term_string\"}}],\"inLanguage\":\"de\"},{\"@type\":\"Organization\",\"@id\":\"https:\\\/\\\/www.idworx-bikes.de\\\/#organization\",\"name\":\"idworx\",\"url\":\"https:\\\/\\\/www.idworx-bikes.de\\\/\",\"logo\":{\"@type\":\"ImageObject\",\"inLanguage\":\"de\",\"@id\":\"https:\\\/\\\/www.idworx-bikes.de\\\/#\\\/schema\\\/logo\\\/image\\\/\",\"url\":\"https:\\\/\\\/www.idworx-bikes.de\\\/wp-content\\\/uploads\\\/2015\\\/12\\\/idworx-logo_b.png\",\"contentUrl\":\"https:\\\/\\\/www.idworx-bikes.de\\\/wp-content\\\/uploads\\\/2015\\\/12\\\/idworx-logo_b.png\",\"width\":216,\"height\":69,\"caption\":\"idworx\"},\"image\":{\"@id\":\"https:\\\/\\\/www.idworx-bikes.de\\\/#\\\/schema\\\/logo\\\/image\\\/\"},\"sameAs\":[\"https:\\\/\\\/www.facebook.com\\\/Idworx-202013906499907\\\/\"]}]}<\/script>\n<!-- \/ Yoast SEO plugin. -->","yoast_head_json":{"title":"Rockn Rohler - single speed spec - idworx \u2013 Premium Reiser\u00e4der, Trekking Bikes, E-Bikes &amp; Vakantiefietsen","robots":{"index":"index","follow":"follow","max-snippet":"max-snippet:-1","max-image-preview":"max-image-preview:large","max-video-preview":"max-video-preview:-1"},"canonical":"https:\/\/www.idworx-bikes.de\/de\/produkt\/rockn-rohler-single-speed-spec-de","og_locale":"de_DE","og_type":"article","og_title":"Rockn Rohler - single speed spec - idworx \u2013 Premium Reiser\u00e4der, Trekking Bikes, E-Bikes &amp; Vakantiefietsen","og_description":"Kennern m\u00fcssen wir nichts mehr erkl\u00e4ren. Das Rock'n Rohler ist das bew\u00e4hrte idworx 29er-Mountainbike mit Fahrspa\u00dfgarantie! Stark, stabil, zuverl\u00e4ssig, wartungsarm, nun f\u00fcr Puristen als Singlespeeder.  Die gro\u00dfen Laufr\u00e4der kombinieren reichlich Traktion, niedrigen Rollwiderstand und Sicherheit im Gel\u00e4nde, und erweisen sich damit als perfekt f\u00fcr steilste Anstiege und flowige Trails. Die idworx Evolution Geometrie steht auch f\u00fcr ausgewogenes Handling in kniffligen Abfahrten.   Specs - Rockn Rohler Single Speed  Presse","og_url":"https:\/\/www.idworx-bikes.de\/de\/produkt\/rockn-rohler-single-speed-spec-de","og_site_name":"idworx \u2013 Premium Reiser\u00e4der, Trekking Bikes, E-Bikes &amp; Vakantiefietsen","article_publisher":"https:\/\/www.facebook.com\/Idworx-202013906499907\/","article_modified_time":"2018-02-21T15:03:09+00:00","og_image":[{"width":216,"height":69,"url":"https:\/\/www.idworx-bikes.de\/wp-content\/uploads\/2015\/12\/idworx-logo_b.png","type":"image\/png"}],"schema":{"@context":"https:\/\/schema.org","@graph":[{"@type":"WebPage","@id":"https:\/\/www.idworx-bikes.de\/de\/produkt\/rockn-rohler-single-speed-spec-de","url":"https:\/\/www.idworx-bikes.de\/de\/produkt\/rockn-rohler-single-speed-spec-de","name":"Rockn Rohler - single speed spec - idworx \u2013 Premium Reiser\u00e4der, Trekking Bikes, E-Bikes &amp; Vakantiefietsen","isPartOf":{"@id":"https:\/\/www.idworx-bikes.de\/#website"},"datePublished":"2016-10-27T08:16:56+00:00","dateModified":"2018-02-21T15:03:09+00:00","breadcrumb":{"@id":"https:\/\/www.idworx-bikes.de\/de\/produkt\/rockn-rohler-single-speed-spec-de#breadcrumb"},"inLanguage":"de","potentialAction":[{"@type":"ReadAction","target":["https:\/\/www.idworx-bikes.de\/de\/produkt\/rockn-rohler-single-speed-spec-de"]}]},{"@type":"BreadcrumbList","@id":"https:\/\/www.idworx-bikes.de\/de\/produkt\/rockn-rohler-single-speed-spec-de#breadcrumb","itemListElement":[{"@type":"ListItem","position":1,"name":"Home","item":"https:\/\/www.idworx-bikes.de\/de"},{"@type":"ListItem","position":2,"name":"Shop","item":"https:\/\/www.idworx-bikes.de\/de\/shop"},{"@type":"ListItem","position":3,"name":"Rockn Rohler &#8211; single speed spec"}]},{"@type":"WebSite","@id":"https:\/\/www.idworx-bikes.de\/#website","url":"https:\/\/www.idworx-bikes.de\/","name":"idworx \u2013 Premium Reiser\u00e4der, Trekking Bikes, E-Bikes &amp; Vakantiefietsen","description":"It works! Handgefertigte Bikes f\u00fcr h\u00f6chste Anspr\u00fcche","publisher":{"@id":"https:\/\/www.idworx-bikes.de\/#organization"},"potentialAction":[{"@type":"SearchAction","target":{"@type":"EntryPoint","urlTemplate":"https:\/\/www.idworx-bikes.de\/?s={search_term_string}"},"query-input":{"@type":"PropertyValueSpecification","valueRequired":true,"valueName":"search_term_string"}}],"inLanguage":"de"},{"@type":"Organization","@id":"https:\/\/www.idworx-bikes.de\/#organization","name":"idworx","url":"https:\/\/www.idworx-bikes.de\/","logo":{"@type":"ImageObject","inLanguage":"de","@id":"https:\/\/www.idworx-bikes.de\/#\/schema\/logo\/image\/","url":"https:\/\/www.idworx-bikes.de\/wp-content\/uploads\/2015\/12\/idworx-logo_b.png","contentUrl":"https:\/\/www.idworx-bikes.de\/wp-content\/uploads\/2015\/12\/idworx-logo_b.png","width":216,"height":69,"caption":"idworx"},"image":{"@id":"https:\/\/www.idworx-bikes.de\/#\/schema\/logo\/image\/"},"sameAs":["https:\/\/www.facebook.com\/Idworx-202013906499907\/"]}]}},"_links":{"self":[{"href":"https:\/\/www.idworx-bikes.de\/de\/wp-json\/wp\/v2\/product\/822","targetHints":{"allow":["GET"]}}],"collection":[{"href":"https:\/\/www.idworx-bikes.de\/de\/wp-json\/wp\/v2\/product"}],"about":[{"href":"https:\/\/www.idworx-bikes.de\/de\/wp-json\/wp\/v2\/types\/product"}],"wp:attachment":[{"href":"https:\/\/www.idworx-bikes.de\/de\/wp-json\/wp\/v2\/media?parent=822"}],"wp:term":[{"taxonomy":"product_brand","embeddable":true,"href":"https:\/\/www.idworx-bikes.de\/de\/wp-json\/wp\/v2\/product_brand?post=822"},{"taxonomy":"product_cat","embeddable":true,"href":"https:\/\/www.idworx-bikes.de\/de\/wp-json\/wp\/v2\/product_cat?post=822"},{"taxonomy":"product_tag","embeddable":true,"href":"https:\/\/www.idworx-bikes.de\/de\/wp-json\/wp\/v2\/product_tag?post=822"}],"curies":[{"name":"wp","href":"https:\/\/api.w.org\/{rel}","templated":true}]}}