{"id":1005,"date":"2016-10-29T12:23:25","date_gmt":"2016-10-29T10:23:25","guid":{"rendered":"https:\/\/www.idworx-bikes.de\/nl\/?page_id=1005"},"modified":"2025-03-21T16:19:34","modified_gmt":"2025-03-21T15:19:34","slug":"garantie","status":"publish","type":"page","link":"https:\/\/www.idworx-bikes.de\/nl\/garantie","title":{"rendered":"Garantie"},"content":{"rendered":"<div>\n<h2>Garantiebepalingen:<\/h2>\n<h2>vanaf model jaar 2023<\/h2>\n<ul>\nDe garantietermijn begint vanaf de dag vermeld op de aankoopbon en geldt alleen voor de eerste eigenaar.<br \/>\nBike Basics GmbH geeft op alle:<\/p>\n<p>\u2022 Titanium trekking \/ avontuur \/ elektrische frames (alleen frame): 10 jaar fabrieksgarantie tegen materiaal- en fabricagefouten. maximaal berijdersgewicht 120 kg<br \/>\n\u2022 Aluminium trekking \/ avontuur \/ elektrisch frame (alleen frame): 6 jaar fabrieksgarantie tegen materiaal- en fabricagefouten. maximaal berijdersgewicht 120kg<br \/>\n\u2022 Titanium MTB \/ Gravel frame (alleen frame) 7 jaar fabrieksgarantie tegen materiaal- en fabricagefouten. maximaal berijdersgewicht 100 kg<br \/>\n\u2022 Aluminium MTB \/ Gravel frame (alleen frame) 4 jaar fabrieksgarantie tegen materiaal- en fabricagefouten. maximaal berijdersgewicht 100 kg<br \/>\n\u2022 idworx trekkingvork van aluminium 6 jaar fabrieksgarantie op materiaal- en fabricagefouten<br \/>\n\u2022 idworx carbon trekkingvork 6 jaar fabrieksgarantie op materiaal- en fabricagefouten<br \/>\n\u2022 idworx carbon MTB \/ Gravel vork 6 jaar fabrieksgarantie op materiaal- en fabricagefouten<br \/>\nTevens geeft Bike Basics op gespoten aluminium frames en starre vorken 5 jaar fabrieksgarantie op lakfouten. Hieronder vallen scheurtjes of losla- tingen die niet het gevolg zijn van mechanische inwerkingen als gevolg van het gebruik of verkeerde behandeling resp. gebrekkig onderhoud.<br \/>\nHoewel voor idworx-frames zeer hoogwaardige lakken worden gebruikt, kunnen deze met name door zout in combinatie met water worden aan- getast.<br \/>\nDaarom verdient het aanbeveling de lakoppervlakken schoon te maken na gebruik van de fiets in zouthoudende lucht en zweetsporen te verwijderen. Ook als de fiets het hele jaar door wordt gebruikt, is het met name in de winter zinvol om de fiets regelmatig te reinigen en te conserveren: zo wordt de lak tegen voortijdige veroudering beschermd.<\/p>\n<h2>Wat te doen bij een garantiegeval?<\/h2>\n<p>Bij een garantiegeval dient u direct contact op te nemen met uw idworx- dealer. Hier kunt u de fiets afgeven. Bike Basics streeft ernaar, garantie- gevallen zo snel mogelijk af te handelen. Overhandig uw dealer de aan- koopbon en een kopie van de idworx-garantiekaart, en geef hem uw adres met telefoonnummer, zodat we ons indien nodig zo snel mogelijk met u in verbinding kunnen stellen.<\/p>\n<h2>Garantie-uitsluitingen:<\/h2>\n<p>In de volgende omstandigheden vervalt uw aanspraak op garantie:<\/p>\n<p>\u2022 Training of wedstrijd in de disciplines \u201etrial\u201c of \u201edownhill\u201c.<br \/>\n\u2022 Uitrusten met een motor, hulpaandrijving of iets dergelijks.<br \/>\n\u2022 Oneigenlijk gebruik in het algemeen.<br \/>\n\u2022 Wijzigingen die de constructie van frame en vork verzwakken.<br \/>\n\u2022 Materiaalbreuk als gevolg van een valpartij of een ongeval.<br \/>\n\u2022 Slechte afstelling van de componenten die van invloed zijn op het frame<br \/>\n\/ de vork, bv. lang rijden met niet-correct afgesteld balhoofdlager.<br \/>\n\u2022 Schade die is ontstaan door gebrekkig transport, bv. op dakdragers. <\/p>\n<h2>Wijzigingen aan idworx-fietsen:<\/h2>\n<p>Bij de constructie en de keuze van de uitrusting van alle idworx-fietsen wordt uiterste zorgvuldigheid in acht genomen. Met het oog op een opti- male werking worden alle componenten perfect op elkaar afgestemd. Zou u desondanks belangrijke onderdelen willen veranderen, dan bent u hier in principe vrij in. Het verdient echter aanbeveling dergelijke modificaties door uw idworx-dealer te laten uitvoeren. Want bij veel van dergelijke modi- ficaties moet een vakman beoordelen, welke componenten bij elkaar pas- sen. Deze zorgt dan ook voor een deskundige montage, zodat de veiligheid van uw idworx-fiets intact blijft.<\/p>\n<h2>V\u00f3\u00f3r het rijden:<\/h2>\n<p>V\u00f3\u00f3r het rijden dient u na te gaan of de fiets in een optimale toestand ver- keert.<br \/>\nControleer daarom voordat u opstapt, of<\/p>\n<p>\u2022 de snelspanners van de naven, de zadelpen en de remmen (HS33 FIRM-tech) goed gesloten zijn;<br \/>\n\u2022 de remmen goed zijn afgesteld en goed werken;<br \/>\n\u2022 het balhoofdlager spelingvrij en toch makkelijk draaiend is afgesteld;<br \/>\n\u2022 de zadelpen niet verder is uitgetrokken dan de veiligheidsmarkering;<br \/>\n\u2022 alle boutverbindingen met het voorgeschreven aanhaalmoment zijn<br \/>\naangetrokken;<br \/>\n\u2022 alle beweegbare delen makkelijk bewegen en niet worden gehinderd;<br \/>\n\u2022 de bandenspanning correct is;<br \/>\n\u2022 aan alle onderhouds- en bedrijfsvoorschriften is voldaan; deze voor-<br \/>\nschriften zijn te vinden in de bijgeleverde handleidingen en op onze website www.idworx-bikes.com<\/p>\n<\/ul>\n<h2>Advies voor omwisselen van vaste aluminium trekking-voorvork<\/h2>\n<p><a href=\"https:\/\/www.idworx-bikes.de\/wp-content\/uploads\/2016\/10\/trekking-voorvork-vervangen.pdf\">Klik hier voor de PDF<\/a><\/p>\n<p class=\"strong\">Let ook op de garantiebepalingen op uw idworx-garantiekaart!<\/p>\n<\/div>\n","protected":false},"excerpt":{"rendered":"<p>Garantiebepalingen: vanaf model jaar 2023 De garantietermijn begint vanaf de dag vermeld op de aankoopbon en geldt alleen voor de eerste eigenaar. Bike Basics GmbH geeft op alle: \u2022 Titanium trekking \/ avontuur \/ elektrische frames (alleen frame): 10 jaar fabrieksgarantie tegen materiaal- en fabricagefouten. maximaal berijdersgewicht 120 kg \u2022 Aluminium trekking \/ avontuur \/ [&hellip;]<\/p>\n","protected":false},"author":4,"featured_media":0,"parent":0,"menu_order":0,"comment_status":"closed","ping_status":"closed","template":"","meta":{"footnotes":""},"class_list":["post-1005","page","type-page","status-publish","hentry"],"yoast_head":"<!-- This site is optimized with the Yoast SEO plugin v27.5 - https:\/\/yoast.com\/product\/yoast-seo-wordpress\/ -->\n<title>Garantie - idworx \u2013 Premium Reiser\u00e4der, Trekking Bikes, E-Bikes &amp; Vakantiefietsen<\/title>\n<meta name=\"robots\" content=\"index, follow, max-snippet:-1, max-image-preview:large, max-video-preview:-1\" \/>\n<link rel=\"canonical\" href=\"https:\/\/www.idworx-bikes.de\/nl\/garantie\" \/>\n<meta property=\"og:locale\" content=\"nl_NL\" \/>\n<meta property=\"og:type\" content=\"article\" \/>\n<meta property=\"og:title\" content=\"Garantie - idworx \u2013 Premium Reiser\u00e4der, Trekking Bikes, E-Bikes &amp; Vakantiefietsen\" \/>\n<meta property=\"og:description\" content=\"Garantiebepalingen: vanaf model jaar 2023 De garantietermijn begint vanaf de dag vermeld op de aankoopbon en geldt alleen voor de eerste eigenaar. Bike Basics GmbH geeft op alle: \u2022 Titanium trekking \/ avontuur \/ elektrische frames (alleen frame): 10 jaar fabrieksgarantie tegen materiaal- en fabricagefouten. maximaal berijdersgewicht 120 kg \u2022 Aluminium trekking \/ avontuur \/ [&hellip;]\" \/>\n<meta property=\"og:url\" content=\"https:\/\/www.idworx-bikes.de\/nl\/garantie\" \/>\n<meta property=\"og:site_name\" content=\"idworx \u2013 Premium Reiser\u00e4der, Trekking Bikes, E-Bikes &amp; Vakantiefietsen\" \/>\n<meta property=\"article:publisher\" content=\"https:\/\/www.facebook.com\/Idworx-202013906499907\/\" \/>\n<meta property=\"article:modified_time\" content=\"2025-03-21T15:19:34+00:00\" \/>\n<meta property=\"og:image\" content=\"https:\/\/www.idworx-bikes.de\/wp-content\/uploads\/2015\/12\/idworx-logo_b.png\" \/>\n\t<meta property=\"og:image:width\" content=\"216\" \/>\n\t<meta property=\"og:image:height\" content=\"69\" \/>\n\t<meta property=\"og:image:type\" content=\"image\/png\" \/>\n<meta name=\"twitter:label1\" content=\"Geschatte leestijd\" \/>\n\t<meta name=\"twitter:data1\" content=\"3 minuten\" \/>\n<script type=\"application\/ld+json\" class=\"yoast-schema-graph\">{\"@context\":\"https:\\\/\\\/schema.org\",\"@graph\":[{\"@type\":\"WebPage\",\"@id\":\"https:\\\/\\\/www.idworx-bikes.de\\\/nl\\\/garantie\",\"url\":\"https:\\\/\\\/www.idworx-bikes.de\\\/nl\\\/garantie\",\"name\":\"Garantie - idworx \u2013 Premium Reiser\u00e4der, Trekking Bikes, E-Bikes &amp; Vakantiefietsen\",\"isPartOf\":{\"@id\":\"https:\\\/\\\/www.idworx-bikes.de\\\/#website\"},\"datePublished\":\"2016-10-29T10:23:25+00:00\",\"dateModified\":\"2025-03-21T15:19:34+00:00\",\"breadcrumb\":{\"@id\":\"https:\\\/\\\/www.idworx-bikes.de\\\/nl\\\/garantie#breadcrumb\"},\"inLanguage\":\"nl-NL\",\"potentialAction\":[{\"@type\":\"ReadAction\",\"target\":[\"https:\\\/\\\/www.idworx-bikes.de\\\/nl\\\/garantie\"]}]},{\"@type\":\"BreadcrumbList\",\"@id\":\"https:\\\/\\\/www.idworx-bikes.de\\\/nl\\\/garantie#breadcrumb\",\"itemListElement\":[{\"@type\":\"ListItem\",\"position\":1,\"name\":\"Home\",\"item\":\"https:\\\/\\\/www.idworx-bikes.de\\\/nl\"},{\"@type\":\"ListItem\",\"position\":2,\"name\":\"Garantie\"}]},{\"@type\":\"WebSite\",\"@id\":\"https:\\\/\\\/www.idworx-bikes.de\\\/#website\",\"url\":\"https:\\\/\\\/www.idworx-bikes.de\\\/\",\"name\":\"idworx \u2013 Premium Reiser\u00e4der, Trekking Bikes, E-Bikes &amp; Vakantiefietsen\",\"description\":\"It works! Handgefertigte Bikes f\u00fcr h\u00f6chste Anspr\u00fcche\",\"publisher\":{\"@id\":\"https:\\\/\\\/www.idworx-bikes.de\\\/#organization\"},\"potentialAction\":[{\"@type\":\"SearchAction\",\"target\":{\"@type\":\"EntryPoint\",\"urlTemplate\":\"https:\\\/\\\/www.idworx-bikes.de\\\/?s={search_term_string}\"},\"query-input\":{\"@type\":\"PropertyValueSpecification\",\"valueRequired\":true,\"valueName\":\"search_term_string\"}}],\"inLanguage\":\"nl-NL\"},{\"@type\":\"Organization\",\"@id\":\"https:\\\/\\\/www.idworx-bikes.de\\\/#organization\",\"name\":\"idworx\",\"url\":\"https:\\\/\\\/www.idworx-bikes.de\\\/\",\"logo\":{\"@type\":\"ImageObject\",\"inLanguage\":\"nl-NL\",\"@id\":\"https:\\\/\\\/www.idworx-bikes.de\\\/#\\\/schema\\\/logo\\\/image\\\/\",\"url\":\"https:\\\/\\\/www.idworx-bikes.de\\\/wp-content\\\/uploads\\\/2015\\\/12\\\/idworx-logo_b.png\",\"contentUrl\":\"https:\\\/\\\/www.idworx-bikes.de\\\/wp-content\\\/uploads\\\/2015\\\/12\\\/idworx-logo_b.png\",\"width\":216,\"height\":69,\"caption\":\"idworx\"},\"image\":{\"@id\":\"https:\\\/\\\/www.idworx-bikes.de\\\/#\\\/schema\\\/logo\\\/image\\\/\"},\"sameAs\":[\"https:\\\/\\\/www.facebook.com\\\/Idworx-202013906499907\\\/\"]}]}<\/script>\n<!-- \/ Yoast SEO plugin. -->","yoast_head_json":{"title":"Garantie - idworx \u2013 Premium Reiser\u00e4der, Trekking Bikes, E-Bikes &amp; Vakantiefietsen","robots":{"index":"index","follow":"follow","max-snippet":"max-snippet:-1","max-image-preview":"max-image-preview:large","max-video-preview":"max-video-preview:-1"},"canonical":"https:\/\/www.idworx-bikes.de\/nl\/garantie","og_locale":"nl_NL","og_type":"article","og_title":"Garantie - idworx \u2013 Premium Reiser\u00e4der, Trekking Bikes, E-Bikes &amp; Vakantiefietsen","og_description":"Garantiebepalingen: vanaf model jaar 2023 De garantietermijn begint vanaf de dag vermeld op de aankoopbon en geldt alleen voor de eerste eigenaar. Bike Basics GmbH geeft op alle: \u2022 Titanium trekking \/ avontuur \/ elektrische frames (alleen frame): 10 jaar fabrieksgarantie tegen materiaal- en fabricagefouten. maximaal berijdersgewicht 120 kg \u2022 Aluminium trekking \/ avontuur \/ [&hellip;]","og_url":"https:\/\/www.idworx-bikes.de\/nl\/garantie","og_site_name":"idworx \u2013 Premium Reiser\u00e4der, Trekking Bikes, E-Bikes &amp; Vakantiefietsen","article_publisher":"https:\/\/www.facebook.com\/Idworx-202013906499907\/","article_modified_time":"2025-03-21T15:19:34+00:00","og_image":[{"width":216,"height":69,"url":"https:\/\/www.idworx-bikes.de\/wp-content\/uploads\/2015\/12\/idworx-logo_b.png","type":"image\/png"}],"twitter_misc":{"Geschatte leestijd":"3 minuten"},"schema":{"@context":"https:\/\/schema.org","@graph":[{"@type":"WebPage","@id":"https:\/\/www.idworx-bikes.de\/nl\/garantie","url":"https:\/\/www.idworx-bikes.de\/nl\/garantie","name":"Garantie - idworx \u2013 Premium Reiser\u00e4der, Trekking Bikes, E-Bikes &amp; Vakantiefietsen","isPartOf":{"@id":"https:\/\/www.idworx-bikes.de\/#website"},"datePublished":"2016-10-29T10:23:25+00:00","dateModified":"2025-03-21T15:19:34+00:00","breadcrumb":{"@id":"https:\/\/www.idworx-bikes.de\/nl\/garantie#breadcrumb"},"inLanguage":"nl-NL","potentialAction":[{"@type":"ReadAction","target":["https:\/\/www.idworx-bikes.de\/nl\/garantie"]}]},{"@type":"BreadcrumbList","@id":"https:\/\/www.idworx-bikes.de\/nl\/garantie#breadcrumb","itemListElement":[{"@type":"ListItem","position":1,"name":"Home","item":"https:\/\/www.idworx-bikes.de\/nl"},{"@type":"ListItem","position":2,"name":"Garantie"}]},{"@type":"WebSite","@id":"https:\/\/www.idworx-bikes.de\/#website","url":"https:\/\/www.idworx-bikes.de\/","name":"idworx \u2013 Premium Reiser\u00e4der, Trekking Bikes, E-Bikes &amp; Vakantiefietsen","description":"It works! Handgefertigte Bikes f\u00fcr h\u00f6chste Anspr\u00fcche","publisher":{"@id":"https:\/\/www.idworx-bikes.de\/#organization"},"potentialAction":[{"@type":"SearchAction","target":{"@type":"EntryPoint","urlTemplate":"https:\/\/www.idworx-bikes.de\/?s={search_term_string}"},"query-input":{"@type":"PropertyValueSpecification","valueRequired":true,"valueName":"search_term_string"}}],"inLanguage":"nl-NL"},{"@type":"Organization","@id":"https:\/\/www.idworx-bikes.de\/#organization","name":"idworx","url":"https:\/\/www.idworx-bikes.de\/","logo":{"@type":"ImageObject","inLanguage":"nl-NL","@id":"https:\/\/www.idworx-bikes.de\/#\/schema\/logo\/image\/","url":"https:\/\/www.idworx-bikes.de\/wp-content\/uploads\/2015\/12\/idworx-logo_b.png","contentUrl":"https:\/\/www.idworx-bikes.de\/wp-content\/uploads\/2015\/12\/idworx-logo_b.png","width":216,"height":69,"caption":"idworx"},"image":{"@id":"https:\/\/www.idworx-bikes.de\/#\/schema\/logo\/image\/"},"sameAs":["https:\/\/www.facebook.com\/Idworx-202013906499907\/"]}]}},"_links":{"self":[{"href":"https:\/\/www.idworx-bikes.de\/nl\/wp-json\/wp\/v2\/pages\/1005","targetHints":{"allow":["GET"]}}],"collection":[{"href":"https:\/\/www.idworx-bikes.de\/nl\/wp-json\/wp\/v2\/pages"}],"about":[{"href":"https:\/\/www.idworx-bikes.de\/nl\/wp-json\/wp\/v2\/types\/page"}],"author":[{"embeddable":true,"href":"https:\/\/www.idworx-bikes.de\/nl\/wp-json\/wp\/v2\/users\/4"}],"replies":[{"embeddable":true,"href":"https:\/\/www.idworx-bikes.de\/nl\/wp-json\/wp\/v2\/comments?post=1005"}],"version-history":[{"count":6,"href":"https:\/\/www.idworx-bikes.de\/nl\/wp-json\/wp\/v2\/pages\/1005\/revisions"}],"predecessor-version":[{"id":13561,"href":"https:\/\/www.idworx-bikes.de\/nl\/wp-json\/wp\/v2\/pages\/1005\/revisions\/13561"}],"wp:attachment":[{"href":"https:\/\/www.idworx-bikes.de\/nl\/wp-json\/wp\/v2\/media?parent=1005"}],"curies":[{"name":"wp","href":"https:\/\/api.w.org\/{rel}","templated":true}]}}