{"id":2793,"date":"2016-11-21T11:48:13","date_gmt":"2016-11-21T10:48:13","guid":{"rendered":"https:\/\/www.idworx-bikes.de\/nl\/?page_id=2793"},"modified":"2025-09-16T11:39:14","modified_gmt":"2025-09-16T09:39:14","slug":"idworx-parts","status":"publish","type":"page","link":"https:\/\/www.idworx-bikes.de\/nl\/idworx-parts","title":{"rendered":"idworx Parts"},"content":{"rendered":"<p>idworx ontwikkelt samen met toeleveranciers exclusieve onderdelen die alleen op de eigen idworx-fietsen gemonteerd worden.Denk daarbij aan de duurzame idworx Long-Life-kettingbladen of de eigen kettingkast voor de 28\u201c trekkingmodellen. Een bestaande idworx kan met deze onderdelen opgewaardeerd worden.<\/p>\n<p>U kan deze onderdelen bestellen bij uw <a href=\"https:\/\/www.idworx-bikes.de\/nl\/dealers\">idworx-dealer<\/a> of via onze webshop <a href=\"http:\/\/www.speedbasics.eu\/bicycle-parts\/\" target=\"_blank\" rel=\"noopener noreferrer\">speedbasics.eu<\/a><\/p>\n<table id=\"productList\" border=\"0\" cellspacing=\"5\" cellpadding=\"5\">\n<tbody>\n<tr>\n<td valign=\"top\" width=\"120\"><a class=\"foobox\" href=\"https:\/\/www.idworx-bikes.de\/wp-content\/uploads\/2016\/02\/brace.jpg\"><img loading=\"lazy\" decoding=\"async\" class=\"alignleft wp-image-378 size-thumbnail\" src=\"https:\/\/www.idworx-bikes.de\/wp-content\/uploads\/2016\/02\/brace.jpg\" alt=\"\" width=\"150\" height=\"150\" srcset=\"https:\/\/www.idworx-bikes.de\/wp-content\/uploads\/2016\/02\/brace-100x100.jpg 100w, https:\/\/www.idworx-bikes.de\/wp-content\/uploads\/2016\/02\/brace-150x150.jpg 150w\" sizes=\"auto, (max-width: 150px) 100vw, 150px\" \/><\/a><\/td>\n<td valign=\"top\">\n<h2>idworx DaBrace<\/h2>\n<p>Uit aluminium gefreesde verbinding tussen de beide bevestigingsstangen van de bagagedrager, zodat ook met veel bagage de fiets zeer stabiel blijft.<\/p>\n<p><a href=\"https:\/\/www.idworx-bikes.de\/wp-content\/uploads\/2017\/01\/Anbaubedingungen_Brace_S_L.pdf\" target=\"_blank\" rel=\"noopener noreferrer\">Brace grootte (PDF)<\/a><\/p>\n<p><strong>\u20ac 95<\/strong><\/td>\n<td class=\"price\"><\/td>\n<\/tr>\n<tr>\n<td valign=\"top\"><a class=\"foobox\" href=\"https:\/\/www.idworx-bikes.de\/wp-content\/uploads\/2016\/02\/ebb.jpg\"><img loading=\"lazy\" decoding=\"async\" class=\"alignleft wp-image-393 size-thumbnail\" src=\"https:\/\/www.idworx-bikes.de\/wp-content\/uploads\/2016\/02\/ebb.jpg\" alt=\"\" width=\"150\" height=\"150\" srcset=\"https:\/\/www.idworx-bikes.de\/wp-content\/uploads\/2016\/02\/ebb-100x100.jpg 100w, https:\/\/www.idworx-bikes.de\/wp-content\/uploads\/2016\/02\/ebb-150x150.jpg 150w\" sizes=\"auto, (max-width: 150px) 100vw, 150px\" \/><\/a><\/td>\n<td valign=\"top\">\n<h2>idworx EBB Long Life II<\/h2>\n<p>Excentrische bottom bracket met ge\u00efntegreerde, RVS kogellagers. De enige trapas op de markt met daadwerkelijk op praktijkbelasting berekende kogellagers voor een extreem lange levensduur en een zeer hoog rendement bij zware belasting.<\/p>\n<p><strong>\u20ac 195<\/strong><\/td>\n<\/tr>\n<tr>\n<td valign=\"top\"><a class=\"foobox\" href=\"https:\/\/www.idworx-bikes.de\/wp-content\/uploads\/2016\/02\/kk.jpg\"><img loading=\"lazy\" decoding=\"async\" class=\"alignleft wp-image-420 size-thumbnail\" src=\"https:\/\/www.idworx-bikes.de\/wp-content\/uploads\/2016\/02\/kk.jpg\" alt=\"\" width=\"150\" height=\"150\" srcset=\"https:\/\/www.idworx-bikes.de\/wp-content\/uploads\/2016\/02\/kk-100x100.jpg 100w, https:\/\/www.idworx-bikes.de\/wp-content\/uploads\/2016\/02\/kk-150x150.jpg 150w\" sizes=\"auto, (max-width: 150px) 100vw, 150px\" \/><\/a><\/td>\n<td valign=\"top\">\n<h2>idworx Hesling kettingkast<\/h2>\n<p>De excenter compatible kettingkast zorgt er voor dat het smeren en de slijtage van de aandrijving tot een minimum beperkt blijven. Ook blijft uw broek schoon.<\/p>\n<section class=\"ac-container\">\n<article class=\"ac-tall\"><strong>\u20ac 150<\/strong><\/article>\n<\/section>\n<\/td>\n<\/tr>\n<tr>\n<td valign=\"top\"><a class=\"foobox\" href=\"https:\/\/www.idworx-bikes.de\/wp-content\/uploads\/2016\/02\/longlife.jpg\"><img loading=\"lazy\" decoding=\"async\" class=\"alignleft wp-image-429 size-thumbnail\" src=\"https:\/\/www.idworx-bikes.de\/wp-content\/uploads\/2016\/02\/longlife.jpg\" alt=\"\" width=\"150\" height=\"150\" srcset=\"https:\/\/www.idworx-bikes.de\/wp-content\/uploads\/2016\/02\/longlife.jpg 800w, https:\/\/www.idworx-bikes.de\/wp-content\/uploads\/2016\/02\/longlife-324x324.jpg 324w, https:\/\/www.idworx-bikes.de\/wp-content\/uploads\/2016\/02\/longlife-100x100.jpg 100w, https:\/\/www.idworx-bikes.de\/wp-content\/uploads\/2016\/02\/longlife-416x416.jpg 416w, https:\/\/www.idworx-bikes.de\/wp-content\/uploads\/2016\/02\/longlife-150x150.jpg 150w, https:\/\/www.idworx-bikes.de\/wp-content\/uploads\/2016\/02\/longlife-300x300.jpg 300w, https:\/\/www.idworx-bikes.de\/wp-content\/uploads\/2016\/02\/longlife-768x768.jpg 768w\" sizes=\"auto, (max-width: 150px) 100vw, 150px\" \/><\/a><\/td>\n<td valign=\"top\">\n<h2>idworx Long-Life-kettingblad 35\/39\/43 tands<\/h2>\n<p>Het zelf ontwikkelde idworx Long-Life-kettingblad uit gehard RVS met ongelijk aantal tanden (35, 39 of 43) heeft een ongekend lange levensduur.<\/p>\n<p><strong>\u20ac 150<\/strong><\/td>\n<\/tr>\n<tr>\n<td valign=\"top\"><a class=\"foobox\" href=\"https:\/\/www.idworx-bikes.de\/wp-content\/uploads\/2016\/02\/son.jpg\"><img loading=\"lazy\" decoding=\"async\" class=\"alignleft wp-image-459 size-thumbnail\" src=\"https:\/\/www.idworx-bikes.de\/wp-content\/uploads\/2016\/02\/son.jpg\" alt=\"\" width=\"150\" height=\"150\" srcset=\"https:\/\/www.idworx-bikes.de\/wp-content\/uploads\/2016\/02\/son-100x100.jpg 100w, https:\/\/www.idworx-bikes.de\/wp-content\/uploads\/2016\/02\/son-150x150.jpg 150w\" sizes=\"auto, (max-width: 150px) 100vw, 150px\" \/><\/a><\/td>\n<td valign=\"top\">\n<h2>idworx SON Wide Body naafdynamo<\/h2>\n<p>Deze naafdynamo is licht en loopt licht. Door de maximale flensbreedte wordt de zijdelingse stijfheid van het wiel voelbaar verhoogd, afhankelijk van de vergeleken naaf tussen de 10% en 35% meer stijfheid!<\/p>\n<p><strong>stekkerloos met contactdeel: \u20ac 240<br \/>\n15\/110 disc incl. contactdeel: \u20ac 411<\/strong><\/td>\n<\/tr>\n<tr>\n<td valign=\"top\"><a class=\"foobox\" href=\"https:\/\/www.idworx-bikes.de\/wp-content\/uploads\/2016\/11\/SON-Edeluxe.jpeg\"><img loading=\"lazy\" decoding=\"async\" class=\"alignleft wp-image-2522 size-thumbnail\" src=\"https:\/\/www.idworx-bikes.de\/wp-content\/uploads\/2016\/11\/SON-Edeluxe.jpeg\" alt=\"\" width=\"250\" height=\"250\" srcset=\"https:\/\/www.idworx-bikes.de\/wp-content\/uploads\/2016\/11\/SON-Edeluxe-100x100.jpeg 100w, https:\/\/www.idworx-bikes.de\/wp-content\/uploads\/2016\/11\/SON-Edeluxe-250x250.jpeg 250w\" sizes=\"auto, (max-width: 250px) 100vw, 250px\" \/><\/a><\/td>\n<td valign=\"top\">\n<h2>idworx SON Edeluxe II+<\/h2>\n<p>Deze SON koplamp is speciaal ontworpen voor montage in een idworx fiets met ingebouwde kabelboom en kan eenvoudig met de aanwezige connector op de kabelboom worden aangesloten.<\/p>\n<p>Beschikbare kleuren: glanzend zwart<\/p>\n<p>Let op: De idworx kabelboom is nodig om de koplamp te monteren.<\/p>\n<p><strong style=\"font-family: inherit; font-size: inherit;\">\u20ac 199 (zonder lamphouder en zonder kabelboom)<\/strong><\/td>\n<\/tr>\n<tr>\n<td valign=\"top\"><a class=\"foobox\" href=\"https:\/\/www.idworx-bikes.de\/wp-content\/uploads\/2016\/02\/lampenhalter.jpg\"><img loading=\"lazy\" decoding=\"async\" class=\"alignleft wp-image-426 size-thumbnail\" src=\"https:\/\/www.idworx-bikes.de\/wp-content\/uploads\/2016\/02\/lampenhalter.jpg\" alt=\"\" width=\"150\" height=\"150\" srcset=\"https:\/\/www.idworx-bikes.de\/wp-content\/uploads\/2016\/02\/lampenhalter.jpg 800w, https:\/\/www.idworx-bikes.de\/wp-content\/uploads\/2016\/02\/lampenhalter-324x322.jpg 324w, https:\/\/www.idworx-bikes.de\/wp-content\/uploads\/2016\/02\/lampenhalter-100x100.jpg 100w, https:\/\/www.idworx-bikes.de\/wp-content\/uploads\/2016\/02\/lampenhalter-416x413.jpg 416w, https:\/\/www.idworx-bikes.de\/wp-content\/uploads\/2016\/02\/lampenhalter-150x150.jpg 150w, https:\/\/www.idworx-bikes.de\/wp-content\/uploads\/2016\/02\/lampenhalter-300x298.jpg 300w, https:\/\/www.idworx-bikes.de\/wp-content\/uploads\/2016\/02\/lampenhalter-768x762.jpg 768w\" sizes=\"auto, (max-width: 150px) 100vw, 150px\" \/><\/a><\/td>\n<td valign=\"top\">\n<h2>idworx lamphouder<\/h2>\n<p>Een typische eigen ontwikkeling van idworx om een \u200b\u200bfiets technisch en optisch te optimaliseren. De aluminium fitting is speciaal ontwikkeld voor de SON Edeluxe LED lamp, maar past ook bijvoorbeeld op een B&amp;M Cyo lamp.<\/p>\n<p><strong>\u20ac 38<\/strong><\/td>\n<\/tr>\n<tr>\n<td valign=\"top\"><a class=\"foobox\" href=\"https:\/\/www.idworx-bikes.de\/wp-content\/uploads\/2016\/02\/rigida.jpg\"><img loading=\"lazy\" decoding=\"async\" class=\"alignleft wp-image-444 size-thumbnail\" src=\"https:\/\/www.idworx-bikes.de\/wp-content\/uploads\/2016\/02\/rigida.jpg\" alt=\"\" width=\"150\" height=\"150\" srcset=\"https:\/\/www.idworx-bikes.de\/wp-content\/uploads\/2016\/02\/rigida.jpg 602w, https:\/\/www.idworx-bikes.de\/wp-content\/uploads\/2016\/02\/rigida-324x324.jpg 324w, https:\/\/www.idworx-bikes.de\/wp-content\/uploads\/2016\/02\/rigida-100x100.jpg 100w, https:\/\/www.idworx-bikes.de\/wp-content\/uploads\/2016\/02\/rigida-416x416.jpg 416w, https:\/\/www.idworx-bikes.de\/wp-content\/uploads\/2016\/02\/rigida-150x150.jpg 150w, https:\/\/www.idworx-bikes.de\/wp-content\/uploads\/2016\/02\/rigida-300x300.jpg 300w\" sizes=\"auto, (max-width: 150px) 100vw, 150px\" \/><\/a><\/td>\n<td valign=\"top\">\n<h2>idworx DaRim velg<\/h2>\n<p>All DaRim Disc en DaRim LaW velgen zijn alleen geschikt voor gebruik met schijfremmen.<\/p>\n<p><strong><br \/>\nDaRim Disc II: \u20ac 113<br \/>\nDaRim HD &#8211; heavy duty velg: \u20ac 175<br \/>\nDaRim Disc 30 &#8211; MTB velg: \u20ac 113<br \/>\nDaRim Disc 40 &#8211; 27,5&#8243; velg: \u20ac 136<br \/>\nDaRim LaW Carbon velg: \u20ac 500<br \/>\nDaRim LaW-Trekking Carbon velg: \u20ac 500<\/strong><\/td>\n<\/tr>\n<tr>\n<td valign=\"top\"><a class=\"foobox\" href=\"https:\/\/www.idworx-bikes.de\/wp-content\/uploads\/2016\/02\/sks.jpg\"><img loading=\"lazy\" decoding=\"async\" class=\"alignleft wp-image-456 size-thumbnail\" src=\"https:\/\/www.idworx-bikes.de\/wp-content\/uploads\/2016\/02\/sks.jpg\" alt=\"\" width=\"150\" height=\"150\" srcset=\"https:\/\/www.idworx-bikes.de\/wp-content\/uploads\/2016\/02\/sks-100x100.jpg 100w, https:\/\/www.idworx-bikes.de\/wp-content\/uploads\/2016\/02\/sks-150x150.jpg 150w\" sizes=\"auto, (max-width: 150px) 100vw, 150px\" \/><\/a><\/td>\n<td valign=\"top\">\n<h2>SKS spatborden<\/h2>\n<p>De hoogwaardige SKS-spatborden in de unieke idworx uitvoering.<\/p>\n<ul>\n<li>Grandone travel, Grandone Ti travel,Easy Rohler light spec (28&#8243;, 45mm)<\/li>\n<li>All Rohler, All Rohler Ti, oPinion, oPinion Ti &#8211; met 55mm brede banden (28&#8243;, 65mm)<\/li>\n<li>All Rohler, All Rohler Ti, oPinion, oPinion Ti, Easy Rohler &#8211; met 50mm brede banden (28&#8243;, 55mm)<\/li>\n<li>Off Rohler (26&#8243;, 65mm)<\/li>\n<li>Rohler BLT, Rohler BLT Ti, oPinion BLT, oPinion BLT Ti &#8211; met 57mm brede banden (28&#8243;, 75mm)<\/li>\n<\/ul>\n<p><strong>\u20ac 85<\/strong><\/td>\n<\/tr>\n<tr>\n<td valign=\"top\"><a class=\"foobox\" href=\"https:\/\/www.idworx-bikes.de\/wp-content\/uploads\/2016\/02\/extender.jpg\"><img loading=\"lazy\" decoding=\"async\" class=\"alignleft wp-image-399 size-thumbnail\" src=\"https:\/\/www.idworx-bikes.de\/wp-content\/uploads\/2016\/02\/extender.jpg\" alt=\"\" width=\"150\" height=\"150\" srcset=\"https:\/\/www.idworx-bikes.de\/wp-content\/uploads\/2016\/02\/extender-100x100.jpg 100w, https:\/\/www.idworx-bikes.de\/wp-content\/uploads\/2016\/02\/extender-150x150.jpg 150w\" sizes=\"auto, (max-width: 150px) 100vw, 150px\" \/><\/a><\/td>\n<td valign=\"top\">\n<h2>idworx zijstandaard Extender<\/h2>\n<p>Ondanks de al lange achtervork van de trekkingfietsen kan het zijn dat je met zeer grote voeten tegen de bevestiging van de zijstandaard stoot. De St\u00e4nder Extender verplaats de zijstandaard een paar centimeter naar achter zonder dat de fiets instabiel op de zijstandaard komt te staan.<\/p>\n<p><strong>\u20ac 30<\/strong><\/td>\n<\/tr>\n<\/tbody>\n<\/table>\n<p class=\"small\">Fouten en prijswijzigingen voorbehouden<\/p>\n","protected":false},"excerpt":{"rendered":"<p>idworx ontwikkelt samen met toeleveranciers exclusieve onderdelen die alleen op de eigen idworx-fietsen gemonteerd worden.Denk daarbij aan de duurzame idworx Long-Life-kettingbladen of de eigen kettingkast voor de 28\u201c trekkingmodellen. Een bestaande idworx kan met deze onderdelen opgewaardeerd worden. U kan deze onderdelen bestellen bij uw idworx-dealer of via onze webshop speedbasics.eu idworx DaBrace Uit aluminium [&hellip;]<\/p>\n","protected":false},"author":4,"featured_media":0,"parent":0,"menu_order":0,"comment_status":"closed","ping_status":"closed","template":"","meta":{"footnotes":""},"class_list":["post-2793","page","type-page","status-publish","hentry"],"yoast_head":"<!-- This site is optimized with the Yoast SEO plugin v27.3 - https:\/\/yoast.com\/product\/yoast-seo-wordpress\/ -->\n<title>idworx Parts - idworx \u2013 Premium Reiser\u00e4der, Trekking Bikes, E-Bikes &amp; Vakantiefietsen<\/title>\n<meta name=\"robots\" content=\"index, follow, max-snippet:-1, max-image-preview:large, max-video-preview:-1\" \/>\n<link rel=\"canonical\" href=\"https:\/\/www.idworx-bikes.de\/nl\/idworx-parts\" \/>\n<meta property=\"og:locale\" content=\"nl_NL\" \/>\n<meta property=\"og:type\" content=\"article\" \/>\n<meta property=\"og:title\" content=\"idworx Parts - idworx \u2013 Premium Reiser\u00e4der, Trekking Bikes, E-Bikes &amp; Vakantiefietsen\" \/>\n<meta property=\"og:description\" content=\"idworx ontwikkelt samen met toeleveranciers exclusieve onderdelen die alleen op de eigen idworx-fietsen gemonteerd worden.Denk daarbij aan de duurzame idworx Long-Life-kettingbladen of de eigen kettingkast voor de 28\u201c trekkingmodellen. Een bestaande idworx kan met deze onderdelen opgewaardeerd worden. U kan deze onderdelen bestellen bij uw idworx-dealer of via onze webshop speedbasics.eu idworx DaBrace Uit aluminium [&hellip;]\" \/>\n<meta property=\"og:url\" content=\"https:\/\/www.idworx-bikes.de\/nl\/idworx-parts\" \/>\n<meta property=\"og:site_name\" content=\"idworx \u2013 Premium Reiser\u00e4der, Trekking Bikes, E-Bikes &amp; Vakantiefietsen\" \/>\n<meta property=\"article:publisher\" content=\"https:\/\/www.facebook.com\/Idworx-202013906499907\/\" \/>\n<meta property=\"article:modified_time\" content=\"2025-09-16T09:39:14+00:00\" \/>\n<meta property=\"og:image\" content=\"https:\/\/www.idworx-bikes.de\/wp-content\/uploads\/2016\/02\/brace.jpg\" \/>\n\t<meta property=\"og:image:width\" content=\"800\" \/>\n\t<meta property=\"og:image:height\" content=\"536\" \/>\n\t<meta property=\"og:image:type\" content=\"image\/jpeg\" \/>\n<meta name=\"twitter:label1\" content=\"Geschatte leestijd\" \/>\n\t<meta name=\"twitter:data1\" content=\"5 minuten\" \/>\n<script type=\"application\/ld+json\" class=\"yoast-schema-graph\">{\"@context\":\"https:\\\/\\\/schema.org\",\"@graph\":[{\"@type\":\"WebPage\",\"@id\":\"https:\\\/\\\/www.idworx-bikes.de\\\/nl\\\/idworx-parts\",\"url\":\"https:\\\/\\\/www.idworx-bikes.de\\\/nl\\\/idworx-parts\",\"name\":\"idworx Parts - idworx \u2013 Premium Reiser\u00e4der, Trekking Bikes, E-Bikes &amp; Vakantiefietsen\",\"isPartOf\":{\"@id\":\"https:\\\/\\\/www.idworx-bikes.de\\\/#website\"},\"primaryImageOfPage\":{\"@id\":\"https:\\\/\\\/www.idworx-bikes.de\\\/nl\\\/idworx-parts#primaryimage\"},\"image\":{\"@id\":\"https:\\\/\\\/www.idworx-bikes.de\\\/nl\\\/idworx-parts#primaryimage\"},\"thumbnailUrl\":\"https:\\\/\\\/www.idworx-bikes.de\\\/wp-content\\\/uploads\\\/2016\\\/02\\\/brace.jpg\",\"datePublished\":\"2016-11-21T10:48:13+00:00\",\"dateModified\":\"2025-09-16T09:39:14+00:00\",\"breadcrumb\":{\"@id\":\"https:\\\/\\\/www.idworx-bikes.de\\\/nl\\\/idworx-parts#breadcrumb\"},\"inLanguage\":\"nl-NL\",\"potentialAction\":[{\"@type\":\"ReadAction\",\"target\":[\"https:\\\/\\\/www.idworx-bikes.de\\\/nl\\\/idworx-parts\"]}]},{\"@type\":\"ImageObject\",\"inLanguage\":\"nl-NL\",\"@id\":\"https:\\\/\\\/www.idworx-bikes.de\\\/nl\\\/idworx-parts#primaryimage\",\"url\":\"https:\\\/\\\/www.idworx-bikes.de\\\/wp-content\\\/uploads\\\/2016\\\/02\\\/brace.jpg\",\"contentUrl\":\"https:\\\/\\\/www.idworx-bikes.de\\\/wp-content\\\/uploads\\\/2016\\\/02\\\/brace.jpg\"},{\"@type\":\"BreadcrumbList\",\"@id\":\"https:\\\/\\\/www.idworx-bikes.de\\\/nl\\\/idworx-parts#breadcrumb\",\"itemListElement\":[{\"@type\":\"ListItem\",\"position\":1,\"name\":\"Home\",\"item\":\"https:\\\/\\\/www.idworx-bikes.de\\\/nl\"},{\"@type\":\"ListItem\",\"position\":2,\"name\":\"idworx Parts\"}]},{\"@type\":\"WebSite\",\"@id\":\"https:\\\/\\\/www.idworx-bikes.de\\\/#website\",\"url\":\"https:\\\/\\\/www.idworx-bikes.de\\\/\",\"name\":\"idworx \u2013 Premium Reiser\u00e4der, Trekking Bikes, E-Bikes &amp; Vakantiefietsen\",\"description\":\"It works! Handgefertigte Bikes f\u00fcr h\u00f6chste Anspr\u00fcche\",\"publisher\":{\"@id\":\"https:\\\/\\\/www.idworx-bikes.de\\\/#organization\"},\"potentialAction\":[{\"@type\":\"SearchAction\",\"target\":{\"@type\":\"EntryPoint\",\"urlTemplate\":\"https:\\\/\\\/www.idworx-bikes.de\\\/?s={search_term_string}\"},\"query-input\":{\"@type\":\"PropertyValueSpecification\",\"valueRequired\":true,\"valueName\":\"search_term_string\"}}],\"inLanguage\":\"nl-NL\"},{\"@type\":\"Organization\",\"@id\":\"https:\\\/\\\/www.idworx-bikes.de\\\/#organization\",\"name\":\"idworx\",\"url\":\"https:\\\/\\\/www.idworx-bikes.de\\\/\",\"logo\":{\"@type\":\"ImageObject\",\"inLanguage\":\"nl-NL\",\"@id\":\"https:\\\/\\\/www.idworx-bikes.de\\\/#\\\/schema\\\/logo\\\/image\\\/\",\"url\":\"https:\\\/\\\/www.idworx-bikes.de\\\/wp-content\\\/uploads\\\/2015\\\/12\\\/idworx-logo_b.png\",\"contentUrl\":\"https:\\\/\\\/www.idworx-bikes.de\\\/wp-content\\\/uploads\\\/2015\\\/12\\\/idworx-logo_b.png\",\"width\":216,\"height\":69,\"caption\":\"idworx\"},\"image\":{\"@id\":\"https:\\\/\\\/www.idworx-bikes.de\\\/#\\\/schema\\\/logo\\\/image\\\/\"},\"sameAs\":[\"https:\\\/\\\/www.facebook.com\\\/Idworx-202013906499907\\\/\"]}]}<\/script>\n<!-- \/ Yoast SEO plugin. -->","yoast_head_json":{"title":"idworx Parts - idworx \u2013 Premium Reiser\u00e4der, Trekking Bikes, E-Bikes &amp; Vakantiefietsen","robots":{"index":"index","follow":"follow","max-snippet":"max-snippet:-1","max-image-preview":"max-image-preview:large","max-video-preview":"max-video-preview:-1"},"canonical":"https:\/\/www.idworx-bikes.de\/nl\/idworx-parts","og_locale":"nl_NL","og_type":"article","og_title":"idworx Parts - idworx \u2013 Premium Reiser\u00e4der, Trekking Bikes, E-Bikes &amp; Vakantiefietsen","og_description":"idworx ontwikkelt samen met toeleveranciers exclusieve onderdelen die alleen op de eigen idworx-fietsen gemonteerd worden.Denk daarbij aan de duurzame idworx Long-Life-kettingbladen of de eigen kettingkast voor de 28\u201c trekkingmodellen. Een bestaande idworx kan met deze onderdelen opgewaardeerd worden. U kan deze onderdelen bestellen bij uw idworx-dealer of via onze webshop speedbasics.eu idworx DaBrace Uit aluminium [&hellip;]","og_url":"https:\/\/www.idworx-bikes.de\/nl\/idworx-parts","og_site_name":"idworx \u2013 Premium Reiser\u00e4der, Trekking Bikes, E-Bikes &amp; Vakantiefietsen","article_publisher":"https:\/\/www.facebook.com\/Idworx-202013906499907\/","article_modified_time":"2025-09-16T09:39:14+00:00","og_image":[{"width":800,"height":536,"url":"https:\/\/www.idworx-bikes.de\/wp-content\/uploads\/2016\/02\/brace.jpg","type":"image\/jpeg"}],"twitter_misc":{"Geschatte leestijd":"5 minuten"},"schema":{"@context":"https:\/\/schema.org","@graph":[{"@type":"WebPage","@id":"https:\/\/www.idworx-bikes.de\/nl\/idworx-parts","url":"https:\/\/www.idworx-bikes.de\/nl\/idworx-parts","name":"idworx Parts - idworx \u2013 Premium Reiser\u00e4der, Trekking Bikes, E-Bikes &amp; Vakantiefietsen","isPartOf":{"@id":"https:\/\/www.idworx-bikes.de\/#website"},"primaryImageOfPage":{"@id":"https:\/\/www.idworx-bikes.de\/nl\/idworx-parts#primaryimage"},"image":{"@id":"https:\/\/www.idworx-bikes.de\/nl\/idworx-parts#primaryimage"},"thumbnailUrl":"https:\/\/www.idworx-bikes.de\/wp-content\/uploads\/2016\/02\/brace.jpg","datePublished":"2016-11-21T10:48:13+00:00","dateModified":"2025-09-16T09:39:14+00:00","breadcrumb":{"@id":"https:\/\/www.idworx-bikes.de\/nl\/idworx-parts#breadcrumb"},"inLanguage":"nl-NL","potentialAction":[{"@type":"ReadAction","target":["https:\/\/www.idworx-bikes.de\/nl\/idworx-parts"]}]},{"@type":"ImageObject","inLanguage":"nl-NL","@id":"https:\/\/www.idworx-bikes.de\/nl\/idworx-parts#primaryimage","url":"https:\/\/www.idworx-bikes.de\/wp-content\/uploads\/2016\/02\/brace.jpg","contentUrl":"https:\/\/www.idworx-bikes.de\/wp-content\/uploads\/2016\/02\/brace.jpg"},{"@type":"BreadcrumbList","@id":"https:\/\/www.idworx-bikes.de\/nl\/idworx-parts#breadcrumb","itemListElement":[{"@type":"ListItem","position":1,"name":"Home","item":"https:\/\/www.idworx-bikes.de\/nl"},{"@type":"ListItem","position":2,"name":"idworx Parts"}]},{"@type":"WebSite","@id":"https:\/\/www.idworx-bikes.de\/#website","url":"https:\/\/www.idworx-bikes.de\/","name":"idworx \u2013 Premium Reiser\u00e4der, Trekking Bikes, E-Bikes &amp; Vakantiefietsen","description":"It works! Handgefertigte Bikes f\u00fcr h\u00f6chste Anspr\u00fcche","publisher":{"@id":"https:\/\/www.idworx-bikes.de\/#organization"},"potentialAction":[{"@type":"SearchAction","target":{"@type":"EntryPoint","urlTemplate":"https:\/\/www.idworx-bikes.de\/?s={search_term_string}"},"query-input":{"@type":"PropertyValueSpecification","valueRequired":true,"valueName":"search_term_string"}}],"inLanguage":"nl-NL"},{"@type":"Organization","@id":"https:\/\/www.idworx-bikes.de\/#organization","name":"idworx","url":"https:\/\/www.idworx-bikes.de\/","logo":{"@type":"ImageObject","inLanguage":"nl-NL","@id":"https:\/\/www.idworx-bikes.de\/#\/schema\/logo\/image\/","url":"https:\/\/www.idworx-bikes.de\/wp-content\/uploads\/2015\/12\/idworx-logo_b.png","contentUrl":"https:\/\/www.idworx-bikes.de\/wp-content\/uploads\/2015\/12\/idworx-logo_b.png","width":216,"height":69,"caption":"idworx"},"image":{"@id":"https:\/\/www.idworx-bikes.de\/#\/schema\/logo\/image\/"},"sameAs":["https:\/\/www.facebook.com\/Idworx-202013906499907\/"]}]}},"_links":{"self":[{"href":"https:\/\/www.idworx-bikes.de\/nl\/wp-json\/wp\/v2\/pages\/2793","targetHints":{"allow":["GET"]}}],"collection":[{"href":"https:\/\/www.idworx-bikes.de\/nl\/wp-json\/wp\/v2\/pages"}],"about":[{"href":"https:\/\/www.idworx-bikes.de\/nl\/wp-json\/wp\/v2\/types\/page"}],"author":[{"embeddable":true,"href":"https:\/\/www.idworx-bikes.de\/nl\/wp-json\/wp\/v2\/users\/4"}],"replies":[{"embeddable":true,"href":"https:\/\/www.idworx-bikes.de\/nl\/wp-json\/wp\/v2\/comments?post=2793"}],"version-history":[{"count":20,"href":"https:\/\/www.idworx-bikes.de\/nl\/wp-json\/wp\/v2\/pages\/2793\/revisions"}],"predecessor-version":[{"id":13817,"href":"https:\/\/www.idworx-bikes.de\/nl\/wp-json\/wp\/v2\/pages\/2793\/revisions\/13817"}],"wp:attachment":[{"href":"https:\/\/www.idworx-bikes.de\/nl\/wp-json\/wp\/v2\/media?parent=2793"}],"curies":[{"name":"wp","href":"https:\/\/api.w.org\/{rel}","templated":true}]}}