{"id":2888,"date":"2016-11-22T20:15:11","date_gmt":"2016-11-22T19:15:11","guid":{"rendered":"https:\/\/www.idworx-bikes.de\/nl\/?page_id=2888"},"modified":"2016-11-22T20:50:44","modified_gmt":"2016-11-22T19:50:44","slug":"waarom-heeft-idworx-voor-2010-geen-riemaandrijving","status":"publish","type":"page","link":"https:\/\/www.idworx-bikes.de\/nl\/riemaandrijving\/waarom-heeft-idworx-voor-2010-geen-riemaandrijving","title":{"rendered":"Update van ons statement over de Gates Carbon Drive (2010)"},"content":{"rendered":"<p>De tests en ervaringen van de laatste maanden, en dan niet zo zeer die van ons zelf dan wel die van de vele vroegere voorstanders van de Gates Carbon Drive, tonen het ondubbelzinnig aan: de Gates Carbon Drive zou het werkings- en veiligheidsniveau van een kettingaandrijving onder <em>alle <\/em>rijomstandigheden eventueel kunnen halen, als deze door een gesloten kast wordt beschermd tegen beschadiging, plakkerig vuil alsmede sneeuw en ijs.<\/p>\n<p>Want dergelijke riemen zijn nu vaak en goed gedocumenteerd gescheurd, omdat ze \u2013 vaak zelfs zonder dat de gebruiker het merkte \u2013 door mechanische invloeden werden beschadigd. Ze scheurden resp. werkten niet meer in deze nog steeds voortdurende winter, omdat bij temperaturen rond het vriespunt ijsvorming plaatsvond op de riem en de tandwielen, waardoor de riemspanning steeg tot aan de breukgrens of de riem afliep. Ze scheurden, omdat granulaat of split dat vaak als strooimateriaal wordt gebruikt aan de riem bleef plakken en bij het contact met de tandwielen steeds verder in de structuur van de riem werd gedrukt, totdat de dragende structuur van de riem \u2013 de koolstofvezels \u2013 werd doorgesneden.<\/p>\n<p>Natuurlijk zijn er gebruikers die deze problemen nog steeds niet hebben gehad en de riem daarom voor het aandrijfmedium houden dat superieur is aan de ketting. Maar tegen de achtergrond van alle bekende probleemgevallen en defecten kan hieruit een tweetal conclusies worden getrokken. Deze gebruikers hebben geluk gehad (of waren erg voorzichtig) en ze hebben hun fiets niet of nauwelijks onder voornoemde omstandigheden gebruikt (ijs en sneeuw resp. sterke verontreiniging).<\/p>\n<p>Ook is gebleken dat we het bij het juiste eind hadden wat betreft de noodzakelijke framenauwkeurigheid en -stijfheid, en dat we niet het onheil over ons hebben afgeroepen. Want intussen zijn er \u2013 zij het meer dan een jaar na de marktintroductie \u2013 van zijde van de fabrikant strikte en \u2013 zoals door ons niet anders verwacht &#8211; uitgebreide richtlijnen en testmethoden voor de framestijfheid en -nauwkeurigheid alsmede een uitgebreide handleiding \u2013 in deze handleiding staan ook de weers- resp. gebruiksomstandigheden beschreven waarbij de met een riem uitgeruste fiets niet mag worden gebruikt.<\/p>\n<h3>Daarom luidt onze conclusie:<\/h3>\n<p><strong>We zullen dit onderwerp in de gaten houden, maar een idworx-fiets met riemaandrijving op basis van de Gates Carbon Drive zal er zeker niet komen.<\/strong><\/p>\n<p>Want als een fiets met Carbon Drive een kettingkast nodig heeft om minstens even betrouwbaar te zijn als een met een ketting, wat blijft er dan nog over van de veronderstelde voordelen ten opzichte van een kettingaandrijving met kettingkast? Ook hiermee heeft men geen last van een met olie besmeurde of beschadigde broek en het smeerinterval kan met een geschikt smeermiddel tot minstens 1000 km worden verlengd. Dus moet afhankelijk van het aantal gereden kilometers twee- tot tienmaal per jaar twee tot drie minuten tijd worden gespendeerd aan het oli\u00ebn van de ketting. Dat is per jaar heel wat minder dan u nodig hebt om de bandenspanning te controleren resp. te corrigeren. En hebt u met het oog op dit &#8220;noodzakelijk onderhoud&#8221; van de banden al eens overwogen om over te stappen op massieve rubberbanden &#8230;?<\/p>\n<p>En door de riemkast, de voorgeschreven \u201csnubber\u201d, een aandrukrol tegen het overspringen van de riem bij hoge belasting en\/of te lage voorspanning en het extra gewicht door deelbare, afstelbare uitvalpatten kan van een vermeende gewichtsbesparing van de Carbon Drive ook geen sprake meer zijn.<\/p>\n<hr \/>\n<p><a href=\"\/?page_id=2690\">Gates Carbon Drive CDX nu ook optioneel op idworx mountainbikes (2015)<\/a><\/p>\n<p class=\"entry-title\"><a href=\"\/?page_id=2911\">idworx en riemaandrijving (2014)<\/a><\/p>\n<p class=\"entry-title\"><a href=\"\/?page_id=2902\">idworx trekkingbikeframes zijn voortaan belt-ready (2012)<\/a><\/p>\n<header class=\"entry-header\">\n<p class=\"entry-title\">Update van ons statement over de Gates Carbon Drive (2010)<\/p>\n<p class=\"entry-title\"><a href=\"\/?page_id=2893\">Waarom heeft idworx voor 2010 geen riemaandrijving? (2009)<\/a><\/p>\n<\/header>\n","protected":false},"excerpt":{"rendered":"<p>De tests en ervaringen van de laatste maanden, en dan niet zo zeer die van ons zelf dan wel die van de vele vroegere voorstanders van de Gates Carbon Drive, tonen het ondubbelzinnig aan: de Gates Carbon Drive zou het werkings- en veiligheidsniveau van een kettingaandrijving onder alle rijomstandigheden eventueel kunnen halen, als deze door [&hellip;]<\/p>\n","protected":false},"author":4,"featured_media":0,"parent":2690,"menu_order":0,"comment_status":"closed","ping_status":"closed","template":"","meta":{"footnotes":""},"class_list":["post-2888","page","type-page","status-publish","hentry"],"yoast_head":"<!-- This site is optimized with the Yoast SEO plugin v27.5 - https:\/\/yoast.com\/product\/yoast-seo-wordpress\/ -->\n<title>Update van ons statement over de Gates Carbon Drive (2010) - idworx \u2013 Premium Reiser\u00e4der, Trekking Bikes, E-Bikes &amp; Vakantiefietsen<\/title>\n<meta name=\"robots\" content=\"index, follow, max-snippet:-1, max-image-preview:large, max-video-preview:-1\" \/>\n<link rel=\"canonical\" href=\"https:\/\/www.idworx-bikes.de\/nl\/riemaandrijving\/waarom-heeft-idworx-voor-2010-geen-riemaandrijving\" \/>\n<meta property=\"og:locale\" content=\"nl_NL\" \/>\n<meta property=\"og:type\" content=\"article\" \/>\n<meta property=\"og:title\" content=\"Update van ons statement over de Gates Carbon Drive (2010) - idworx \u2013 Premium Reiser\u00e4der, Trekking Bikes, E-Bikes &amp; Vakantiefietsen\" \/>\n<meta property=\"og:description\" content=\"De tests en ervaringen van de laatste maanden, en dan niet zo zeer die van ons zelf dan wel die van de vele vroegere voorstanders van de Gates Carbon Drive, tonen het ondubbelzinnig aan: de Gates Carbon Drive zou het werkings- en veiligheidsniveau van een kettingaandrijving onder alle rijomstandigheden eventueel kunnen halen, als deze door [&hellip;]\" \/>\n<meta property=\"og:url\" content=\"https:\/\/www.idworx-bikes.de\/nl\/riemaandrijving\/waarom-heeft-idworx-voor-2010-geen-riemaandrijving\" \/>\n<meta property=\"og:site_name\" content=\"idworx \u2013 Premium Reiser\u00e4der, Trekking Bikes, E-Bikes &amp; Vakantiefietsen\" \/>\n<meta property=\"article:publisher\" content=\"https:\/\/www.facebook.com\/Idworx-202013906499907\/\" \/>\n<meta property=\"article:modified_time\" content=\"2016-11-22T19:50:44+00:00\" \/>\n<meta property=\"og:image\" content=\"https:\/\/www.idworx-bikes.de\/wp-content\/uploads\/2015\/12\/idworx-logo_b.png\" \/>\n\t<meta property=\"og:image:width\" content=\"216\" \/>\n\t<meta property=\"og:image:height\" content=\"69\" \/>\n\t<meta property=\"og:image:type\" content=\"image\/png\" \/>\n<meta name=\"twitter:label1\" content=\"Geschatte leestijd\" \/>\n\t<meta name=\"twitter:data1\" content=\"3 minuten\" \/>\n<script type=\"application\/ld+json\" class=\"yoast-schema-graph\">{\"@context\":\"https:\\\/\\\/schema.org\",\"@graph\":[{\"@type\":\"WebPage\",\"@id\":\"https:\\\/\\\/www.idworx-bikes.de\\\/nl\\\/riemaandrijving\\\/waarom-heeft-idworx-voor-2010-geen-riemaandrijving\",\"url\":\"https:\\\/\\\/www.idworx-bikes.de\\\/nl\\\/riemaandrijving\\\/waarom-heeft-idworx-voor-2010-geen-riemaandrijving\",\"name\":\"Update van ons statement over de Gates Carbon Drive (2010) - idworx \u2013 Premium Reiser\u00e4der, Trekking Bikes, E-Bikes &amp; Vakantiefietsen\",\"isPartOf\":{\"@id\":\"https:\\\/\\\/www.idworx-bikes.de\\\/#website\"},\"datePublished\":\"2016-11-22T19:15:11+00:00\",\"dateModified\":\"2016-11-22T19:50:44+00:00\",\"breadcrumb\":{\"@id\":\"https:\\\/\\\/www.idworx-bikes.de\\\/nl\\\/riemaandrijving\\\/waarom-heeft-idworx-voor-2010-geen-riemaandrijving#breadcrumb\"},\"inLanguage\":\"nl-NL\",\"potentialAction\":[{\"@type\":\"ReadAction\",\"target\":[\"https:\\\/\\\/www.idworx-bikes.de\\\/nl\\\/riemaandrijving\\\/waarom-heeft-idworx-voor-2010-geen-riemaandrijving\"]}]},{\"@type\":\"BreadcrumbList\",\"@id\":\"https:\\\/\\\/www.idworx-bikes.de\\\/nl\\\/riemaandrijving\\\/waarom-heeft-idworx-voor-2010-geen-riemaandrijving#breadcrumb\",\"itemListElement\":[{\"@type\":\"ListItem\",\"position\":1,\"name\":\"Home\",\"item\":\"https:\\\/\\\/www.idworx-bikes.de\\\/nl\"},{\"@type\":\"ListItem\",\"position\":2,\"name\":\"Riemaandrijving\",\"item\":\"https:\\\/\\\/www.idworx-bikes.de\\\/nl\\\/riemaandrijving\"},{\"@type\":\"ListItem\",\"position\":3,\"name\":\"Update van ons statement over de Gates Carbon Drive (2010)\"}]},{\"@type\":\"WebSite\",\"@id\":\"https:\\\/\\\/www.idworx-bikes.de\\\/#website\",\"url\":\"https:\\\/\\\/www.idworx-bikes.de\\\/\",\"name\":\"idworx \u2013 Premium Reiser\u00e4der, Trekking Bikes, E-Bikes &amp; Vakantiefietsen\",\"description\":\"It works! Handgefertigte Bikes f\u00fcr h\u00f6chste Anspr\u00fcche\",\"publisher\":{\"@id\":\"https:\\\/\\\/www.idworx-bikes.de\\\/#organization\"},\"potentialAction\":[{\"@type\":\"SearchAction\",\"target\":{\"@type\":\"EntryPoint\",\"urlTemplate\":\"https:\\\/\\\/www.idworx-bikes.de\\\/?s={search_term_string}\"},\"query-input\":{\"@type\":\"PropertyValueSpecification\",\"valueRequired\":true,\"valueName\":\"search_term_string\"}}],\"inLanguage\":\"nl-NL\"},{\"@type\":\"Organization\",\"@id\":\"https:\\\/\\\/www.idworx-bikes.de\\\/#organization\",\"name\":\"idworx\",\"url\":\"https:\\\/\\\/www.idworx-bikes.de\\\/\",\"logo\":{\"@type\":\"ImageObject\",\"inLanguage\":\"nl-NL\",\"@id\":\"https:\\\/\\\/www.idworx-bikes.de\\\/#\\\/schema\\\/logo\\\/image\\\/\",\"url\":\"https:\\\/\\\/www.idworx-bikes.de\\\/wp-content\\\/uploads\\\/2015\\\/12\\\/idworx-logo_b.png\",\"contentUrl\":\"https:\\\/\\\/www.idworx-bikes.de\\\/wp-content\\\/uploads\\\/2015\\\/12\\\/idworx-logo_b.png\",\"width\":216,\"height\":69,\"caption\":\"idworx\"},\"image\":{\"@id\":\"https:\\\/\\\/www.idworx-bikes.de\\\/#\\\/schema\\\/logo\\\/image\\\/\"},\"sameAs\":[\"https:\\\/\\\/www.facebook.com\\\/Idworx-202013906499907\\\/\"]}]}<\/script>\n<!-- \/ Yoast SEO plugin. -->","yoast_head_json":{"title":"Update van ons statement over de Gates Carbon Drive (2010) - idworx \u2013 Premium Reiser\u00e4der, Trekking Bikes, E-Bikes &amp; Vakantiefietsen","robots":{"index":"index","follow":"follow","max-snippet":"max-snippet:-1","max-image-preview":"max-image-preview:large","max-video-preview":"max-video-preview:-1"},"canonical":"https:\/\/www.idworx-bikes.de\/nl\/riemaandrijving\/waarom-heeft-idworx-voor-2010-geen-riemaandrijving","og_locale":"nl_NL","og_type":"article","og_title":"Update van ons statement over de Gates Carbon Drive (2010) - idworx \u2013 Premium Reiser\u00e4der, Trekking Bikes, E-Bikes &amp; Vakantiefietsen","og_description":"De tests en ervaringen van de laatste maanden, en dan niet zo zeer die van ons zelf dan wel die van de vele vroegere voorstanders van de Gates Carbon Drive, tonen het ondubbelzinnig aan: de Gates Carbon Drive zou het werkings- en veiligheidsniveau van een kettingaandrijving onder alle rijomstandigheden eventueel kunnen halen, als deze door [&hellip;]","og_url":"https:\/\/www.idworx-bikes.de\/nl\/riemaandrijving\/waarom-heeft-idworx-voor-2010-geen-riemaandrijving","og_site_name":"idworx \u2013 Premium Reiser\u00e4der, Trekking Bikes, E-Bikes &amp; Vakantiefietsen","article_publisher":"https:\/\/www.facebook.com\/Idworx-202013906499907\/","article_modified_time":"2016-11-22T19:50:44+00:00","og_image":[{"width":216,"height":69,"url":"https:\/\/www.idworx-bikes.de\/wp-content\/uploads\/2015\/12\/idworx-logo_b.png","type":"image\/png"}],"twitter_misc":{"Geschatte leestijd":"3 minuten"},"schema":{"@context":"https:\/\/schema.org","@graph":[{"@type":"WebPage","@id":"https:\/\/www.idworx-bikes.de\/nl\/riemaandrijving\/waarom-heeft-idworx-voor-2010-geen-riemaandrijving","url":"https:\/\/www.idworx-bikes.de\/nl\/riemaandrijving\/waarom-heeft-idworx-voor-2010-geen-riemaandrijving","name":"Update van ons statement over de Gates Carbon Drive (2010) - idworx \u2013 Premium Reiser\u00e4der, Trekking Bikes, E-Bikes &amp; Vakantiefietsen","isPartOf":{"@id":"https:\/\/www.idworx-bikes.de\/#website"},"datePublished":"2016-11-22T19:15:11+00:00","dateModified":"2016-11-22T19:50:44+00:00","breadcrumb":{"@id":"https:\/\/www.idworx-bikes.de\/nl\/riemaandrijving\/waarom-heeft-idworx-voor-2010-geen-riemaandrijving#breadcrumb"},"inLanguage":"nl-NL","potentialAction":[{"@type":"ReadAction","target":["https:\/\/www.idworx-bikes.de\/nl\/riemaandrijving\/waarom-heeft-idworx-voor-2010-geen-riemaandrijving"]}]},{"@type":"BreadcrumbList","@id":"https:\/\/www.idworx-bikes.de\/nl\/riemaandrijving\/waarom-heeft-idworx-voor-2010-geen-riemaandrijving#breadcrumb","itemListElement":[{"@type":"ListItem","position":1,"name":"Home","item":"https:\/\/www.idworx-bikes.de\/nl"},{"@type":"ListItem","position":2,"name":"Riemaandrijving","item":"https:\/\/www.idworx-bikes.de\/nl\/riemaandrijving"},{"@type":"ListItem","position":3,"name":"Update van ons statement over de Gates Carbon Drive (2010)"}]},{"@type":"WebSite","@id":"https:\/\/www.idworx-bikes.de\/#website","url":"https:\/\/www.idworx-bikes.de\/","name":"idworx \u2013 Premium Reiser\u00e4der, Trekking Bikes, E-Bikes &amp; Vakantiefietsen","description":"It works! Handgefertigte Bikes f\u00fcr h\u00f6chste Anspr\u00fcche","publisher":{"@id":"https:\/\/www.idworx-bikes.de\/#organization"},"potentialAction":[{"@type":"SearchAction","target":{"@type":"EntryPoint","urlTemplate":"https:\/\/www.idworx-bikes.de\/?s={search_term_string}"},"query-input":{"@type":"PropertyValueSpecification","valueRequired":true,"valueName":"search_term_string"}}],"inLanguage":"nl-NL"},{"@type":"Organization","@id":"https:\/\/www.idworx-bikes.de\/#organization","name":"idworx","url":"https:\/\/www.idworx-bikes.de\/","logo":{"@type":"ImageObject","inLanguage":"nl-NL","@id":"https:\/\/www.idworx-bikes.de\/#\/schema\/logo\/image\/","url":"https:\/\/www.idworx-bikes.de\/wp-content\/uploads\/2015\/12\/idworx-logo_b.png","contentUrl":"https:\/\/www.idworx-bikes.de\/wp-content\/uploads\/2015\/12\/idworx-logo_b.png","width":216,"height":69,"caption":"idworx"},"image":{"@id":"https:\/\/www.idworx-bikes.de\/#\/schema\/logo\/image\/"},"sameAs":["https:\/\/www.facebook.com\/Idworx-202013906499907\/"]}]}},"_links":{"self":[{"href":"https:\/\/www.idworx-bikes.de\/nl\/wp-json\/wp\/v2\/pages\/2888","targetHints":{"allow":["GET"]}}],"collection":[{"href":"https:\/\/www.idworx-bikes.de\/nl\/wp-json\/wp\/v2\/pages"}],"about":[{"href":"https:\/\/www.idworx-bikes.de\/nl\/wp-json\/wp\/v2\/types\/page"}],"author":[{"embeddable":true,"href":"https:\/\/www.idworx-bikes.de\/nl\/wp-json\/wp\/v2\/users\/4"}],"replies":[{"embeddable":true,"href":"https:\/\/www.idworx-bikes.de\/nl\/wp-json\/wp\/v2\/comments?post=2888"}],"version-history":[{"count":8,"href":"https:\/\/www.idworx-bikes.de\/nl\/wp-json\/wp\/v2\/pages\/2888\/revisions"}],"predecessor-version":[{"id":2921,"href":"https:\/\/www.idworx-bikes.de\/nl\/wp-json\/wp\/v2\/pages\/2888\/revisions\/2921"}],"up":[{"embeddable":true,"href":"https:\/\/www.idworx-bikes.de\/nl\/wp-json\/wp\/v2\/pages\/2690"}],"wp:attachment":[{"href":"https:\/\/www.idworx-bikes.de\/nl\/wp-json\/wp\/v2\/media?parent=2888"}],"curies":[{"name":"wp","href":"https:\/\/api.w.org\/{rel}","templated":true}]}}