{"id":2902,"date":"2016-11-22T20:32:35","date_gmt":"2016-11-22T19:32:35","guid":{"rendered":"https:\/\/www.idworx-bikes.de\/nl\/?page_id=2902"},"modified":"2016-11-22T20:49:16","modified_gmt":"2016-11-22T19:49:16","slug":"idworx-trekkingbikeframes-zijn-voortaan-belt-ready-27-08-2012","status":"publish","type":"page","link":"https:\/\/www.idworx-bikes.de\/nl\/riemaandrijving\/idworx-trekkingbikeframes-zijn-voortaan-belt-ready-27-08-2012","title":{"rendered":"idworx trekkingbikeframes zijn voortaan belt-ready (27.08.2012)"},"content":{"rendered":"<p>Voor modeljaar 2013 hebben we de frames van onze bestsellers Easy Rohler en Off Rohler geoptimaliseerd. Daarnaast introduceren we met de All Rohler de eerste idworx trekkingbike met schijfremmen. Deze frames zijn uitgevoerd met een deelbaar achterpad aan de kettingzijde van het frame. Door het verwijderen van een schroef kunnen de rechter liggende en staande achtervork ver genoeg uit elkaar gedrukt worden om een tandriem door het frame te voeren. Hiermee zijn deze frames \u2019belt-ready\u2019.<\/p>\n<p>Betekent dit dat we onze kritsche houding ten aanzien van de riemaandrijving hebben bijgesteld? Absoluut niet, want wat ons betreft is daar geen enkele reden voor. Wij van idworx zijn nog meer dan voorheen overtuigd van de onovertroffenheid van de kettingaandrijving, die we in de afgelopen jaren steeds verder geoptimaliseerd hebben (lees meer <a href=\"\/?page_id=2893\">daarover<\/a>).<\/p>\n<p>Enkele van onze beste dealers waarschuwden ons echter dat de vraag naar idworx-bikes met riemaandrijving steeds groter wordt. Veel fietsers die zijn overtuigd van de idworx-kwaliteit willen met hun fiets ook de mogelijkheid kopen deze om te bouwen naar riemaandrijving, mocht deze aandrijving zich in de toekomst alsnog bewijzen.<\/p>\n<p>Wilt u zelf ervaren hoe een idworx met riemaandrijving rijdt en overweegt u een ombouw, neem dan contact op met uw idworx-dealer. Het is niet mogelijk een idworx kettingkast in combinatie met riemaandrijving te monteren.<\/p>\n<p>We maken u erop attent dat uzelf respectievelijk uw dealer aansprakelijk zijn voor (gevolgen van) de ombouw naar riemaandrijving van uw idworx-bike. Schade aan de riemaandrijving en door de riemaandrijving veroorzaakte schade vallen niet onder de garantie van Bike Basics.<\/p>\n<hr \/>\n<p><strong><\/strong><a href=\"\/?page_id=2690\">Gates Carbon Drive CDX nu ook optioneel op idworx mountainbikes (2015)<\/a><\/p>\n<p class=\"entry-title\"><a href=\"\/?page_id=2911\">idworx en riemaandrijving (2014)<\/a><\/p>\n<p class=\"entry-title\">idworx trekkingbikeframes zijn voortaan belt-ready (2012)<\/p>\n<header class=\"entry-header\">\n<p class=\"entry-title\"><a href=\"\/?page_id=2888\">Update van ons statement over de Gates Carbon Drive (2010)<\/a><\/p>\n<p class=\"entry-title\"><a href=\"\/?page_id=2893\">Waarom heeft idworx voor 2010 geen riemaandrijving? (2009)<\/a><\/p>\n<\/header>\n","protected":false},"excerpt":{"rendered":"<p>Voor modeljaar 2013 hebben we de frames van onze bestsellers Easy Rohler en Off Rohler geoptimaliseerd. Daarnaast introduceren we met de All Rohler de eerste idworx trekkingbike met schijfremmen. Deze frames zijn uitgevoerd met een deelbaar achterpad aan de kettingzijde van het frame. Door het verwijderen van een schroef kunnen de rechter liggende en staande [&hellip;]<\/p>\n","protected":false},"author":4,"featured_media":0,"parent":2690,"menu_order":0,"comment_status":"closed","ping_status":"closed","template":"","meta":{"footnotes":""},"class_list":["post-2902","page","type-page","status-publish","hentry"],"yoast_head":"<!-- This site is optimized with the Yoast SEO plugin v27.5 - https:\/\/yoast.com\/product\/yoast-seo-wordpress\/ -->\n<title>idworx trekkingbikeframes zijn voortaan belt-ready (27.08.2012) - idworx \u2013 Premium Reiser\u00e4der, Trekking Bikes, E-Bikes &amp; Vakantiefietsen<\/title>\n<meta name=\"robots\" content=\"index, follow, max-snippet:-1, max-image-preview:large, max-video-preview:-1\" \/>\n<link rel=\"canonical\" href=\"https:\/\/www.idworx-bikes.de\/nl\/riemaandrijving\/idworx-trekkingbikeframes-zijn-voortaan-belt-ready-27-08-2012\" \/>\n<meta property=\"og:locale\" content=\"nl_NL\" \/>\n<meta property=\"og:type\" content=\"article\" \/>\n<meta property=\"og:title\" content=\"idworx trekkingbikeframes zijn voortaan belt-ready (27.08.2012) - idworx \u2013 Premium Reiser\u00e4der, Trekking Bikes, E-Bikes &amp; Vakantiefietsen\" \/>\n<meta property=\"og:description\" content=\"Voor modeljaar 2013 hebben we de frames van onze bestsellers Easy Rohler en Off Rohler geoptimaliseerd. Daarnaast introduceren we met de All Rohler de eerste idworx trekkingbike met schijfremmen. Deze frames zijn uitgevoerd met een deelbaar achterpad aan de kettingzijde van het frame. Door het verwijderen van een schroef kunnen de rechter liggende en staande [&hellip;]\" \/>\n<meta property=\"og:url\" content=\"https:\/\/www.idworx-bikes.de\/nl\/riemaandrijving\/idworx-trekkingbikeframes-zijn-voortaan-belt-ready-27-08-2012\" \/>\n<meta property=\"og:site_name\" content=\"idworx \u2013 Premium Reiser\u00e4der, Trekking Bikes, E-Bikes &amp; Vakantiefietsen\" \/>\n<meta property=\"article:publisher\" content=\"https:\/\/www.facebook.com\/Idworx-202013906499907\/\" \/>\n<meta property=\"article:modified_time\" content=\"2016-11-22T19:49:16+00:00\" \/>\n<meta property=\"og:image\" content=\"https:\/\/www.idworx-bikes.de\/wp-content\/uploads\/2015\/12\/idworx-logo_b.png\" \/>\n\t<meta property=\"og:image:width\" content=\"216\" \/>\n\t<meta property=\"og:image:height\" content=\"69\" \/>\n\t<meta property=\"og:image:type\" content=\"image\/png\" \/>\n<meta name=\"twitter:label1\" content=\"Geschatte leestijd\" \/>\n\t<meta name=\"twitter:data1\" content=\"1 minuut\" \/>\n<script type=\"application\/ld+json\" class=\"yoast-schema-graph\">{\"@context\":\"https:\\\/\\\/schema.org\",\"@graph\":[{\"@type\":\"WebPage\",\"@id\":\"https:\\\/\\\/www.idworx-bikes.de\\\/nl\\\/riemaandrijving\\\/idworx-trekkingbikeframes-zijn-voortaan-belt-ready-27-08-2012\",\"url\":\"https:\\\/\\\/www.idworx-bikes.de\\\/nl\\\/riemaandrijving\\\/idworx-trekkingbikeframes-zijn-voortaan-belt-ready-27-08-2012\",\"name\":\"idworx trekkingbikeframes zijn voortaan belt-ready (27.08.2012) - idworx \u2013 Premium Reiser\u00e4der, Trekking Bikes, E-Bikes &amp; Vakantiefietsen\",\"isPartOf\":{\"@id\":\"https:\\\/\\\/www.idworx-bikes.de\\\/#website\"},\"datePublished\":\"2016-11-22T19:32:35+00:00\",\"dateModified\":\"2016-11-22T19:49:16+00:00\",\"breadcrumb\":{\"@id\":\"https:\\\/\\\/www.idworx-bikes.de\\\/nl\\\/riemaandrijving\\\/idworx-trekkingbikeframes-zijn-voortaan-belt-ready-27-08-2012#breadcrumb\"},\"inLanguage\":\"nl-NL\",\"potentialAction\":[{\"@type\":\"ReadAction\",\"target\":[\"https:\\\/\\\/www.idworx-bikes.de\\\/nl\\\/riemaandrijving\\\/idworx-trekkingbikeframes-zijn-voortaan-belt-ready-27-08-2012\"]}]},{\"@type\":\"BreadcrumbList\",\"@id\":\"https:\\\/\\\/www.idworx-bikes.de\\\/nl\\\/riemaandrijving\\\/idworx-trekkingbikeframes-zijn-voortaan-belt-ready-27-08-2012#breadcrumb\",\"itemListElement\":[{\"@type\":\"ListItem\",\"position\":1,\"name\":\"Home\",\"item\":\"https:\\\/\\\/www.idworx-bikes.de\\\/nl\"},{\"@type\":\"ListItem\",\"position\":2,\"name\":\"Riemaandrijving\",\"item\":\"https:\\\/\\\/www.idworx-bikes.de\\\/nl\\\/riemaandrijving\"},{\"@type\":\"ListItem\",\"position\":3,\"name\":\"idworx trekkingbikeframes zijn voortaan belt-ready (27.08.2012)\"}]},{\"@type\":\"WebSite\",\"@id\":\"https:\\\/\\\/www.idworx-bikes.de\\\/#website\",\"url\":\"https:\\\/\\\/www.idworx-bikes.de\\\/\",\"name\":\"idworx \u2013 Premium Reiser\u00e4der, Trekking Bikes, E-Bikes &amp; Vakantiefietsen\",\"description\":\"It works! Handgefertigte Bikes f\u00fcr h\u00f6chste Anspr\u00fcche\",\"publisher\":{\"@id\":\"https:\\\/\\\/www.idworx-bikes.de\\\/#organization\"},\"potentialAction\":[{\"@type\":\"SearchAction\",\"target\":{\"@type\":\"EntryPoint\",\"urlTemplate\":\"https:\\\/\\\/www.idworx-bikes.de\\\/?s={search_term_string}\"},\"query-input\":{\"@type\":\"PropertyValueSpecification\",\"valueRequired\":true,\"valueName\":\"search_term_string\"}}],\"inLanguage\":\"nl-NL\"},{\"@type\":\"Organization\",\"@id\":\"https:\\\/\\\/www.idworx-bikes.de\\\/#organization\",\"name\":\"idworx\",\"url\":\"https:\\\/\\\/www.idworx-bikes.de\\\/\",\"logo\":{\"@type\":\"ImageObject\",\"inLanguage\":\"nl-NL\",\"@id\":\"https:\\\/\\\/www.idworx-bikes.de\\\/#\\\/schema\\\/logo\\\/image\\\/\",\"url\":\"https:\\\/\\\/www.idworx-bikes.de\\\/wp-content\\\/uploads\\\/2015\\\/12\\\/idworx-logo_b.png\",\"contentUrl\":\"https:\\\/\\\/www.idworx-bikes.de\\\/wp-content\\\/uploads\\\/2015\\\/12\\\/idworx-logo_b.png\",\"width\":216,\"height\":69,\"caption\":\"idworx\"},\"image\":{\"@id\":\"https:\\\/\\\/www.idworx-bikes.de\\\/#\\\/schema\\\/logo\\\/image\\\/\"},\"sameAs\":[\"https:\\\/\\\/www.facebook.com\\\/Idworx-202013906499907\\\/\"]}]}<\/script>\n<!-- \/ Yoast SEO plugin. -->","yoast_head_json":{"title":"idworx trekkingbikeframes zijn voortaan belt-ready (27.08.2012) - idworx \u2013 Premium Reiser\u00e4der, Trekking Bikes, E-Bikes &amp; Vakantiefietsen","robots":{"index":"index","follow":"follow","max-snippet":"max-snippet:-1","max-image-preview":"max-image-preview:large","max-video-preview":"max-video-preview:-1"},"canonical":"https:\/\/www.idworx-bikes.de\/nl\/riemaandrijving\/idworx-trekkingbikeframes-zijn-voortaan-belt-ready-27-08-2012","og_locale":"nl_NL","og_type":"article","og_title":"idworx trekkingbikeframes zijn voortaan belt-ready (27.08.2012) - idworx \u2013 Premium Reiser\u00e4der, Trekking Bikes, E-Bikes &amp; Vakantiefietsen","og_description":"Voor modeljaar 2013 hebben we de frames van onze bestsellers Easy Rohler en Off Rohler geoptimaliseerd. Daarnaast introduceren we met de All Rohler de eerste idworx trekkingbike met schijfremmen. Deze frames zijn uitgevoerd met een deelbaar achterpad aan de kettingzijde van het frame. Door het verwijderen van een schroef kunnen de rechter liggende en staande [&hellip;]","og_url":"https:\/\/www.idworx-bikes.de\/nl\/riemaandrijving\/idworx-trekkingbikeframes-zijn-voortaan-belt-ready-27-08-2012","og_site_name":"idworx \u2013 Premium Reiser\u00e4der, Trekking Bikes, E-Bikes &amp; Vakantiefietsen","article_publisher":"https:\/\/www.facebook.com\/Idworx-202013906499907\/","article_modified_time":"2016-11-22T19:49:16+00:00","og_image":[{"width":216,"height":69,"url":"https:\/\/www.idworx-bikes.de\/wp-content\/uploads\/2015\/12\/idworx-logo_b.png","type":"image\/png"}],"twitter_misc":{"Geschatte leestijd":"1 minuut"},"schema":{"@context":"https:\/\/schema.org","@graph":[{"@type":"WebPage","@id":"https:\/\/www.idworx-bikes.de\/nl\/riemaandrijving\/idworx-trekkingbikeframes-zijn-voortaan-belt-ready-27-08-2012","url":"https:\/\/www.idworx-bikes.de\/nl\/riemaandrijving\/idworx-trekkingbikeframes-zijn-voortaan-belt-ready-27-08-2012","name":"idworx trekkingbikeframes zijn voortaan belt-ready (27.08.2012) - idworx \u2013 Premium Reiser\u00e4der, Trekking Bikes, E-Bikes &amp; Vakantiefietsen","isPartOf":{"@id":"https:\/\/www.idworx-bikes.de\/#website"},"datePublished":"2016-11-22T19:32:35+00:00","dateModified":"2016-11-22T19:49:16+00:00","breadcrumb":{"@id":"https:\/\/www.idworx-bikes.de\/nl\/riemaandrijving\/idworx-trekkingbikeframes-zijn-voortaan-belt-ready-27-08-2012#breadcrumb"},"inLanguage":"nl-NL","potentialAction":[{"@type":"ReadAction","target":["https:\/\/www.idworx-bikes.de\/nl\/riemaandrijving\/idworx-trekkingbikeframes-zijn-voortaan-belt-ready-27-08-2012"]}]},{"@type":"BreadcrumbList","@id":"https:\/\/www.idworx-bikes.de\/nl\/riemaandrijving\/idworx-trekkingbikeframes-zijn-voortaan-belt-ready-27-08-2012#breadcrumb","itemListElement":[{"@type":"ListItem","position":1,"name":"Home","item":"https:\/\/www.idworx-bikes.de\/nl"},{"@type":"ListItem","position":2,"name":"Riemaandrijving","item":"https:\/\/www.idworx-bikes.de\/nl\/riemaandrijving"},{"@type":"ListItem","position":3,"name":"idworx trekkingbikeframes zijn voortaan belt-ready (27.08.2012)"}]},{"@type":"WebSite","@id":"https:\/\/www.idworx-bikes.de\/#website","url":"https:\/\/www.idworx-bikes.de\/","name":"idworx \u2013 Premium Reiser\u00e4der, Trekking Bikes, E-Bikes &amp; Vakantiefietsen","description":"It works! Handgefertigte Bikes f\u00fcr h\u00f6chste Anspr\u00fcche","publisher":{"@id":"https:\/\/www.idworx-bikes.de\/#organization"},"potentialAction":[{"@type":"SearchAction","target":{"@type":"EntryPoint","urlTemplate":"https:\/\/www.idworx-bikes.de\/?s={search_term_string}"},"query-input":{"@type":"PropertyValueSpecification","valueRequired":true,"valueName":"search_term_string"}}],"inLanguage":"nl-NL"},{"@type":"Organization","@id":"https:\/\/www.idworx-bikes.de\/#organization","name":"idworx","url":"https:\/\/www.idworx-bikes.de\/","logo":{"@type":"ImageObject","inLanguage":"nl-NL","@id":"https:\/\/www.idworx-bikes.de\/#\/schema\/logo\/image\/","url":"https:\/\/www.idworx-bikes.de\/wp-content\/uploads\/2015\/12\/idworx-logo_b.png","contentUrl":"https:\/\/www.idworx-bikes.de\/wp-content\/uploads\/2015\/12\/idworx-logo_b.png","width":216,"height":69,"caption":"idworx"},"image":{"@id":"https:\/\/www.idworx-bikes.de\/#\/schema\/logo\/image\/"},"sameAs":["https:\/\/www.facebook.com\/Idworx-202013906499907\/"]}]}},"_links":{"self":[{"href":"https:\/\/www.idworx-bikes.de\/nl\/wp-json\/wp\/v2\/pages\/2902","targetHints":{"allow":["GET"]}}],"collection":[{"href":"https:\/\/www.idworx-bikes.de\/nl\/wp-json\/wp\/v2\/pages"}],"about":[{"href":"https:\/\/www.idworx-bikes.de\/nl\/wp-json\/wp\/v2\/types\/page"}],"author":[{"embeddable":true,"href":"https:\/\/www.idworx-bikes.de\/nl\/wp-json\/wp\/v2\/users\/4"}],"replies":[{"embeddable":true,"href":"https:\/\/www.idworx-bikes.de\/nl\/wp-json\/wp\/v2\/comments?post=2902"}],"version-history":[{"count":3,"href":"https:\/\/www.idworx-bikes.de\/nl\/wp-json\/wp\/v2\/pages\/2902\/revisions"}],"predecessor-version":[{"id":2917,"href":"https:\/\/www.idworx-bikes.de\/nl\/wp-json\/wp\/v2\/pages\/2902\/revisions\/2917"}],"up":[{"embeddable":true,"href":"https:\/\/www.idworx-bikes.de\/nl\/wp-json\/wp\/v2\/pages\/2690"}],"wp:attachment":[{"href":"https:\/\/www.idworx-bikes.de\/nl\/wp-json\/wp\/v2\/media?parent=2902"}],"curies":[{"name":"wp","href":"https:\/\/api.w.org\/{rel}","templated":true}]}}