{"id":3609,"date":"2016-12-14T19:01:00","date_gmt":"2016-12-14T18:01:00","guid":{"rendered":"https:\/\/www.idworx-bikes.de\/?page_id=3609"},"modified":"2019-02-20T08:54:12","modified_gmt":"2019-02-20T07:54:12","slug":"colofon-vrijwaring","status":"publish","type":"page","link":"https:\/\/www.idworx-bikes.de\/nl\/colofon-vrijwaring","title":{"rendered":"Colofon \u2013 Vrijwaring"},"content":{"rendered":"<p><img loading=\"lazy\" decoding=\"async\" class=\"alignnone wp-image-3968\" src=\"https:\/\/www.idworx-bikes.de\/wp-content\/uploads\/2017\/01\/BikeBasics_CircleLogo.png\" width=\"197\" height=\"150\" \/><\/p>\n<p><strong>Bike Basics GmbH<br \/>\n<\/strong>idworx Bikes<br \/>\nSiebengebirgsblick 20<br \/>\n53343 Wachtberg<br \/>\nDuitsland<br \/>\nTel: +49 228 184700<br \/>\nFax: +49 228 18470299<br \/>\n<a href=\"mailto:info@bikebasics.de\">info@bikebasics.de<\/a><\/p>\n<p>Managing Directors: Gerrit Gaastra, Cate Ellis<br \/>\nKantongerecht: Amtsgericht Bonn<br \/>\nRegistratienummer: HRB 12446<br \/>\nBTW-nummer (volgens 27a Umsatzsteuergesetz): DE 813675029<br \/>\nWEEE-Reg.-Nr. DE69117369<\/p>\n<h2>Vrijwaring<\/h2>\n<p>De inhoud van de website www.idworx-bikes.de is met grote zorgvuldigheid samengesteld. Bike Basics GmbH is in geen geval verantwoordelijk voor welke schade dan ook, die direct of indirect het gevolg is van, of samenhangt met, de op deze website ter beschikking gestelde informatie.<\/p>\n<p>Bike Basics GmbH behoudt zich het recht voor, om de inhoud van de website op elk moment te veranderen, zonder aankondiging vooraf.<\/p>\n<p>Hoewel Bike Basics Gmbh streeft naar een permanent beschikbare website, is Bike Basics Gmbh niet aansprakelijk voor eventuele gevolgen van het &#8211; tijdelijk &#8211; niet beschikbaar zijn van haar website.<\/p>\n<p>Links naar websites van derden worden uitsluitend vanuit het oogpunt van gebruikersgemak ter beschikking gesteld en dit impliceert niet dat Bike Basics GmbH de inhoud van deze gelinkte pagina&#8217;s goedkeurt of onderschrijft. Daarom is Bike Basics Gmbh dan ook niet verantwoordelijk voor de inhoud van de gelinkte sites of de daarop vermelde koppelingen naar andere sites.<\/p>\n","protected":false},"excerpt":{"rendered":"<p>Bike Basics GmbH idworx Bikes Siebengebirgsblick 20 53343 Wachtberg Duitsland Tel: +49 228 184700 Fax: +49 228 18470299 info@bikebasics.de Managing Directors: Gerrit Gaastra, Cate Ellis Kantongerecht: Amtsgericht Bonn Registratienummer: HRB 12446 BTW-nummer (volgens 27a Umsatzsteuergesetz): DE 813675029 WEEE-Reg.-Nr. DE69117369 Vrijwaring De inhoud van de website www.idworx-bikes.de is met grote zorgvuldigheid samengesteld. Bike Basics GmbH is [&hellip;]<\/p>\n","protected":false},"author":4,"featured_media":0,"parent":0,"menu_order":0,"comment_status":"closed","ping_status":"closed","template":"","meta":{"footnotes":""},"class_list":["post-3609","page","type-page","status-publish","hentry"],"yoast_head":"<!-- This site is optimized with the Yoast SEO plugin v27.5 - https:\/\/yoast.com\/product\/yoast-seo-wordpress\/ -->\n<title>Colofon \u2013 Vrijwaring - idworx \u2013 Premium Reiser\u00e4der, Trekking Bikes, E-Bikes &amp; Vakantiefietsen<\/title>\n<meta name=\"robots\" content=\"index, follow, max-snippet:-1, max-image-preview:large, max-video-preview:-1\" \/>\n<link rel=\"canonical\" href=\"https:\/\/www.idworx-bikes.de\/nl\/colofon-vrijwaring\" \/>\n<meta property=\"og:locale\" content=\"nl_NL\" \/>\n<meta property=\"og:type\" content=\"article\" \/>\n<meta property=\"og:title\" content=\"Colofon \u2013 Vrijwaring - idworx \u2013 Premium Reiser\u00e4der, Trekking Bikes, E-Bikes &amp; Vakantiefietsen\" \/>\n<meta property=\"og:description\" content=\"Bike Basics GmbH idworx Bikes Siebengebirgsblick 20 53343 Wachtberg Duitsland Tel: +49 228 184700 Fax: +49 228 18470299 info@bikebasics.de Managing Directors: Gerrit Gaastra, Cate Ellis Kantongerecht: Amtsgericht Bonn Registratienummer: HRB 12446 BTW-nummer (volgens 27a Umsatzsteuergesetz): DE 813675029 WEEE-Reg.-Nr. DE69117369 Vrijwaring De inhoud van de website www.idworx-bikes.de is met grote zorgvuldigheid samengesteld. Bike Basics GmbH is [&hellip;]\" \/>\n<meta property=\"og:url\" content=\"https:\/\/www.idworx-bikes.de\/nl\/colofon-vrijwaring\" \/>\n<meta property=\"og:site_name\" content=\"idworx \u2013 Premium Reiser\u00e4der, Trekking Bikes, E-Bikes &amp; Vakantiefietsen\" \/>\n<meta property=\"article:publisher\" content=\"https:\/\/www.facebook.com\/Idworx-202013906499907\/\" \/>\n<meta property=\"article:modified_time\" content=\"2019-02-20T07:54:12+00:00\" \/>\n<meta property=\"og:image\" content=\"https:\/\/www.idworx-bikes.de\/wp-content\/uploads\/2017\/01\/BikeBasics_CircleLogo.png\" \/>\n<meta name=\"twitter:label1\" content=\"Geschatte leestijd\" \/>\n\t<meta name=\"twitter:data1\" content=\"1 minuut\" \/>\n<script type=\"application\/ld+json\" class=\"yoast-schema-graph\">{\"@context\":\"https:\\\/\\\/schema.org\",\"@graph\":[{\"@type\":\"WebPage\",\"@id\":\"https:\\\/\\\/www.idworx-bikes.de\\\/nl\\\/colofon-vrijwaring\",\"url\":\"https:\\\/\\\/www.idworx-bikes.de\\\/nl\\\/colofon-vrijwaring\",\"name\":\"Colofon \u2013 Vrijwaring - idworx \u2013 Premium Reiser\u00e4der, Trekking Bikes, E-Bikes &amp; Vakantiefietsen\",\"isPartOf\":{\"@id\":\"https:\\\/\\\/www.idworx-bikes.de\\\/#website\"},\"primaryImageOfPage\":{\"@id\":\"https:\\\/\\\/www.idworx-bikes.de\\\/nl\\\/colofon-vrijwaring#primaryimage\"},\"image\":{\"@id\":\"https:\\\/\\\/www.idworx-bikes.de\\\/nl\\\/colofon-vrijwaring#primaryimage\"},\"thumbnailUrl\":\"https:\\\/\\\/www.idworx-bikes.de\\\/wp-content\\\/uploads\\\/2017\\\/01\\\/BikeBasics_CircleLogo.png\",\"datePublished\":\"2016-12-14T18:01:00+00:00\",\"dateModified\":\"2019-02-20T07:54:12+00:00\",\"breadcrumb\":{\"@id\":\"https:\\\/\\\/www.idworx-bikes.de\\\/nl\\\/colofon-vrijwaring#breadcrumb\"},\"inLanguage\":\"nl-NL\",\"potentialAction\":[{\"@type\":\"ReadAction\",\"target\":[\"https:\\\/\\\/www.idworx-bikes.de\\\/nl\\\/colofon-vrijwaring\"]}]},{\"@type\":\"ImageObject\",\"inLanguage\":\"nl-NL\",\"@id\":\"https:\\\/\\\/www.idworx-bikes.de\\\/nl\\\/colofon-vrijwaring#primaryimage\",\"url\":\"https:\\\/\\\/www.idworx-bikes.de\\\/wp-content\\\/uploads\\\/2017\\\/01\\\/BikeBasics_CircleLogo.png\",\"contentUrl\":\"https:\\\/\\\/www.idworx-bikes.de\\\/wp-content\\\/uploads\\\/2017\\\/01\\\/BikeBasics_CircleLogo.png\"},{\"@type\":\"BreadcrumbList\",\"@id\":\"https:\\\/\\\/www.idworx-bikes.de\\\/nl\\\/colofon-vrijwaring#breadcrumb\",\"itemListElement\":[{\"@type\":\"ListItem\",\"position\":1,\"name\":\"Home\",\"item\":\"https:\\\/\\\/www.idworx-bikes.de\\\/nl\"},{\"@type\":\"ListItem\",\"position\":2,\"name\":\"Colofon \u2013 Vrijwaring\"}]},{\"@type\":\"WebSite\",\"@id\":\"https:\\\/\\\/www.idworx-bikes.de\\\/#website\",\"url\":\"https:\\\/\\\/www.idworx-bikes.de\\\/\",\"name\":\"idworx \u2013 Premium Reiser\u00e4der, Trekking Bikes, E-Bikes &amp; Vakantiefietsen\",\"description\":\"It works! Handgefertigte Bikes f\u00fcr h\u00f6chste Anspr\u00fcche\",\"publisher\":{\"@id\":\"https:\\\/\\\/www.idworx-bikes.de\\\/#organization\"},\"potentialAction\":[{\"@type\":\"SearchAction\",\"target\":{\"@type\":\"EntryPoint\",\"urlTemplate\":\"https:\\\/\\\/www.idworx-bikes.de\\\/?s={search_term_string}\"},\"query-input\":{\"@type\":\"PropertyValueSpecification\",\"valueRequired\":true,\"valueName\":\"search_term_string\"}}],\"inLanguage\":\"nl-NL\"},{\"@type\":\"Organization\",\"@id\":\"https:\\\/\\\/www.idworx-bikes.de\\\/#organization\",\"name\":\"idworx\",\"url\":\"https:\\\/\\\/www.idworx-bikes.de\\\/\",\"logo\":{\"@type\":\"ImageObject\",\"inLanguage\":\"nl-NL\",\"@id\":\"https:\\\/\\\/www.idworx-bikes.de\\\/#\\\/schema\\\/logo\\\/image\\\/\",\"url\":\"https:\\\/\\\/www.idworx-bikes.de\\\/wp-content\\\/uploads\\\/2015\\\/12\\\/idworx-logo_b.png\",\"contentUrl\":\"https:\\\/\\\/www.idworx-bikes.de\\\/wp-content\\\/uploads\\\/2015\\\/12\\\/idworx-logo_b.png\",\"width\":216,\"height\":69,\"caption\":\"idworx\"},\"image\":{\"@id\":\"https:\\\/\\\/www.idworx-bikes.de\\\/#\\\/schema\\\/logo\\\/image\\\/\"},\"sameAs\":[\"https:\\\/\\\/www.facebook.com\\\/Idworx-202013906499907\\\/\"]}]}<\/script>\n<!-- \/ Yoast SEO plugin. -->","yoast_head_json":{"title":"Colofon \u2013 Vrijwaring - idworx \u2013 Premium Reiser\u00e4der, Trekking Bikes, E-Bikes &amp; Vakantiefietsen","robots":{"index":"index","follow":"follow","max-snippet":"max-snippet:-1","max-image-preview":"max-image-preview:large","max-video-preview":"max-video-preview:-1"},"canonical":"https:\/\/www.idworx-bikes.de\/nl\/colofon-vrijwaring","og_locale":"nl_NL","og_type":"article","og_title":"Colofon \u2013 Vrijwaring - idworx \u2013 Premium Reiser\u00e4der, Trekking Bikes, E-Bikes &amp; Vakantiefietsen","og_description":"Bike Basics GmbH idworx Bikes Siebengebirgsblick 20 53343 Wachtberg Duitsland Tel: +49 228 184700 Fax: +49 228 18470299 info@bikebasics.de Managing Directors: Gerrit Gaastra, Cate Ellis Kantongerecht: Amtsgericht Bonn Registratienummer: HRB 12446 BTW-nummer (volgens 27a Umsatzsteuergesetz): DE 813675029 WEEE-Reg.-Nr. DE69117369 Vrijwaring De inhoud van de website www.idworx-bikes.de is met grote zorgvuldigheid samengesteld. Bike Basics GmbH is [&hellip;]","og_url":"https:\/\/www.idworx-bikes.de\/nl\/colofon-vrijwaring","og_site_name":"idworx \u2013 Premium Reiser\u00e4der, Trekking Bikes, E-Bikes &amp; Vakantiefietsen","article_publisher":"https:\/\/www.facebook.com\/Idworx-202013906499907\/","article_modified_time":"2019-02-20T07:54:12+00:00","og_image":[{"url":"https:\/\/www.idworx-bikes.de\/wp-content\/uploads\/2017\/01\/BikeBasics_CircleLogo.png","type":"","width":"","height":""}],"twitter_misc":{"Geschatte leestijd":"1 minuut"},"schema":{"@context":"https:\/\/schema.org","@graph":[{"@type":"WebPage","@id":"https:\/\/www.idworx-bikes.de\/nl\/colofon-vrijwaring","url":"https:\/\/www.idworx-bikes.de\/nl\/colofon-vrijwaring","name":"Colofon \u2013 Vrijwaring - idworx \u2013 Premium Reiser\u00e4der, Trekking Bikes, E-Bikes &amp; Vakantiefietsen","isPartOf":{"@id":"https:\/\/www.idworx-bikes.de\/#website"},"primaryImageOfPage":{"@id":"https:\/\/www.idworx-bikes.de\/nl\/colofon-vrijwaring#primaryimage"},"image":{"@id":"https:\/\/www.idworx-bikes.de\/nl\/colofon-vrijwaring#primaryimage"},"thumbnailUrl":"https:\/\/www.idworx-bikes.de\/wp-content\/uploads\/2017\/01\/BikeBasics_CircleLogo.png","datePublished":"2016-12-14T18:01:00+00:00","dateModified":"2019-02-20T07:54:12+00:00","breadcrumb":{"@id":"https:\/\/www.idworx-bikes.de\/nl\/colofon-vrijwaring#breadcrumb"},"inLanguage":"nl-NL","potentialAction":[{"@type":"ReadAction","target":["https:\/\/www.idworx-bikes.de\/nl\/colofon-vrijwaring"]}]},{"@type":"ImageObject","inLanguage":"nl-NL","@id":"https:\/\/www.idworx-bikes.de\/nl\/colofon-vrijwaring#primaryimage","url":"https:\/\/www.idworx-bikes.de\/wp-content\/uploads\/2017\/01\/BikeBasics_CircleLogo.png","contentUrl":"https:\/\/www.idworx-bikes.de\/wp-content\/uploads\/2017\/01\/BikeBasics_CircleLogo.png"},{"@type":"BreadcrumbList","@id":"https:\/\/www.idworx-bikes.de\/nl\/colofon-vrijwaring#breadcrumb","itemListElement":[{"@type":"ListItem","position":1,"name":"Home","item":"https:\/\/www.idworx-bikes.de\/nl"},{"@type":"ListItem","position":2,"name":"Colofon \u2013 Vrijwaring"}]},{"@type":"WebSite","@id":"https:\/\/www.idworx-bikes.de\/#website","url":"https:\/\/www.idworx-bikes.de\/","name":"idworx \u2013 Premium Reiser\u00e4der, Trekking Bikes, E-Bikes &amp; Vakantiefietsen","description":"It works! Handgefertigte Bikes f\u00fcr h\u00f6chste Anspr\u00fcche","publisher":{"@id":"https:\/\/www.idworx-bikes.de\/#organization"},"potentialAction":[{"@type":"SearchAction","target":{"@type":"EntryPoint","urlTemplate":"https:\/\/www.idworx-bikes.de\/?s={search_term_string}"},"query-input":{"@type":"PropertyValueSpecification","valueRequired":true,"valueName":"search_term_string"}}],"inLanguage":"nl-NL"},{"@type":"Organization","@id":"https:\/\/www.idworx-bikes.de\/#organization","name":"idworx","url":"https:\/\/www.idworx-bikes.de\/","logo":{"@type":"ImageObject","inLanguage":"nl-NL","@id":"https:\/\/www.idworx-bikes.de\/#\/schema\/logo\/image\/","url":"https:\/\/www.idworx-bikes.de\/wp-content\/uploads\/2015\/12\/idworx-logo_b.png","contentUrl":"https:\/\/www.idworx-bikes.de\/wp-content\/uploads\/2015\/12\/idworx-logo_b.png","width":216,"height":69,"caption":"idworx"},"image":{"@id":"https:\/\/www.idworx-bikes.de\/#\/schema\/logo\/image\/"},"sameAs":["https:\/\/www.facebook.com\/Idworx-202013906499907\/"]}]}},"_links":{"self":[{"href":"https:\/\/www.idworx-bikes.de\/nl\/wp-json\/wp\/v2\/pages\/3609","targetHints":{"allow":["GET"]}}],"collection":[{"href":"https:\/\/www.idworx-bikes.de\/nl\/wp-json\/wp\/v2\/pages"}],"about":[{"href":"https:\/\/www.idworx-bikes.de\/nl\/wp-json\/wp\/v2\/types\/page"}],"author":[{"embeddable":true,"href":"https:\/\/www.idworx-bikes.de\/nl\/wp-json\/wp\/v2\/users\/4"}],"replies":[{"embeddable":true,"href":"https:\/\/www.idworx-bikes.de\/nl\/wp-json\/wp\/v2\/comments?post=3609"}],"version-history":[{"count":3,"href":"https:\/\/www.idworx-bikes.de\/nl\/wp-json\/wp\/v2\/pages\/3609\/revisions"}],"predecessor-version":[{"id":6870,"href":"https:\/\/www.idworx-bikes.de\/nl\/wp-json\/wp\/v2\/pages\/3609\/revisions\/6870"}],"wp:attachment":[{"href":"https:\/\/www.idworx-bikes.de\/nl\/wp-json\/wp\/v2\/media?parent=3609"}],"curies":[{"name":"wp","href":"https:\/\/api.w.org\/{rel}","templated":true}]}}