{"id":6833,"date":"2019-02-14T11:28:43","date_gmt":"2019-02-14T10:28:43","guid":{"rendered":"https:\/\/www.idworx-bikes.de\/12-redenen"},"modified":"2024-05-07T11:46:47","modified_gmt":"2024-05-07T09:46:47","slug":"12-redenen","status":"publish","type":"page","link":"https:\/\/www.idworx-bikes.de\/nl\/12-redenen","title":{"rendered":"12 redenen"},"content":{"rendered":"<h1><img loading=\"lazy\" decoding=\"async\" class=\"aligncenter wp-image-6980 size-full\" src=\"https:\/\/www.idworx-bikes.de\/wp-content\/uploads\/2024\/05\/Dez-243-scaled.jpg\" alt=\"\" width=\"1800\" height=\"1440\" \/><\/h1>\n<h1>idworx &#8211; perfecte fietsen, geboren uit passie<\/h1>\n<ol class=\"gruende\">\n<li>idworx bouwt kwalitatief de beste, meest ontwikkelde fietsen met de allerbeste technische details.<\/li>\n<li>Buitengewoon lange, door ons zelf vrijwillig bepaalde garantieperiodes op alle idworx-frames:\n<ul>\n<li> Titanium Trekking \/ Adventure \/ Elektrische frames: 10 jaar<\/li>\n<li> Aluminium Trekking \/ Adventure \/ Elektrische frame: 6 jaar<\/li>\n<li> Titanium MTB \/ Gravel frames: 7 jaar<\/li>\n<li> Aluminium MTB \/ Gravel frames: 4 jaar<\/li>\n<\/ul>\n<\/li>\n<li>Een echt totaalconcept: wij ontwikkelen niet alleen onze frames en vorken zelf, maar ook veel onderdelen, om te voldoen aan de extreem hoge kwaliteitseisen die wij nastreven &#8211; alles is perfect op elkaar afgestemd!<\/li>\n<li>idworx is de onbetwiste nummer \u00e9\u00e9n op het gebied van reis- en trekkingfietsen. Al vijfentwintig jaar lang winnen wij ontelbare fietstesten in Duitse en Nederlandse tijdschriften. Het magazine \u2019Trekking Bike\u2019 houdt onder haar lezers steeds een \u2019Best Brand\u2019 verkiezing en wij hebben ze tot nu toe allemaal gewonnen.<\/li>\n<li>idworx is de pionier wat betreft de doorontwikkeling van trekkingbikes. Wij zijn de bedenkers van het \u2019zorgeloos fietsen concept\u2019 en de enige fabrikant ter wereld die consequent zijn fietsen een extreem lange levensduur meegeeft en hiervoor eigen onderdelen construeert.<\/li>\n<li>Als GG Concepts heeft Gerrit verschillende bedrijven in de tweewielerbranche succesvol geadviseerd. Voor Schwalbe is hij het langst werkzaam en was daar de laatste twintig jaar initiator van veel ontwikkelingen. De brede ballonbanden die vandaag de dag op de meeste trekkingbikes worden gemonteerd, zijn terug te voeren op zijn voorstellen.<\/li>\n<li>Gerrit vertegenwoordigt de vierde generatie die zich met hoogwaardige fietsfabricage bezighoudt. Ruim honderd jaar geleden begon de familie Gaastra met het merk Batavus. De ouders van Gerrit cre\u00eberden vervolgens het merk Koga. idworx is vandaag de dag de logische voortzetting en doorontwikkeling van deze geschiedenis.<\/li>\n<li>Wij richten ons op verkoop via gekwalificeerde dealers, om te zorgen voor een aanspreekpunt in uw omgeving.<\/li>\n<li>idworx levert alle fietsen perfect gemonteerd bij de dealer af. Deze hoeft alleen nog maar het stuur recht te zetten en de pedalen te monteren.<\/li>\n<li>We houden allemaal van de fiets; de fiets is ons leven!<\/li>\n<li>Wij zijn de \u2019independent bikery with a cycling heart\u2019! Wij worden niet onder druk gezet door de top van het bedrijf of door investeerders, om beslissingen te nemen die misschien beter zijn voor onze economische positie, maar ten koste gaan van de kwaliteit.<\/li>\n<li>Ons omvangrijke en persoonlijke adviesaanbod: bezoek ons bedrijf in het kader van de <a href=\"\/?page_id=2771\">\u2019Drop by Fridays\u2019<\/a> en\/of spreek direct met de chef. U kunt vragen stellen, voorstellen doen of kritiek geven. <a href=\"\/?page_id=4127\">\u2019Speak to Gerrit\u2019<\/a>. Klik hier en Gerrit neemt contact met u op.<\/li>\n<\/ol>\n","protected":false},"excerpt":{"rendered":"<p>idworx &#8211; perfecte fietsen, geboren uit passie idworx bouwt kwalitatief de beste, meest ontwikkelde fietsen met de allerbeste technische details. Buitengewoon lange, door ons zelf vrijwillig bepaalde garantieperiodes op alle idworx-frames: Titanium Trekking \/ Adventure \/ Elektrische frames: 10 jaar Aluminium Trekking \/ Adventure \/ Elektrische frame: 6 jaar Titanium MTB \/ Gravel frames: 7 [&hellip;]<\/p>\n","protected":false},"author":4,"featured_media":0,"parent":0,"menu_order":0,"comment_status":"closed","ping_status":"closed","template":"","meta":{"footnotes":""},"class_list":["post-6833","page","type-page","status-publish","hentry"],"yoast_head":"<!-- This site is optimized with the Yoast SEO plugin v27.5 - https:\/\/yoast.com\/product\/yoast-seo-wordpress\/ -->\n<title>12 redenen - idworx \u2013 Premium Reiser\u00e4der, Trekking Bikes, E-Bikes &amp; Vakantiefietsen<\/title>\n<meta name=\"robots\" content=\"index, follow, max-snippet:-1, max-image-preview:large, max-video-preview:-1\" \/>\n<link rel=\"canonical\" href=\"https:\/\/www.idworx-bikes.de\/nl\/12-redenen\" \/>\n<meta property=\"og:locale\" content=\"nl_NL\" \/>\n<meta property=\"og:type\" content=\"article\" \/>\n<meta property=\"og:title\" content=\"12 redenen - idworx \u2013 Premium Reiser\u00e4der, Trekking Bikes, E-Bikes &amp; Vakantiefietsen\" \/>\n<meta property=\"og:description\" content=\"idworx &#8211; perfecte fietsen, geboren uit passie idworx bouwt kwalitatief de beste, meest ontwikkelde fietsen met de allerbeste technische details. Buitengewoon lange, door ons zelf vrijwillig bepaalde garantieperiodes op alle idworx-frames: Titanium Trekking \/ Adventure \/ Elektrische frames: 10 jaar Aluminium Trekking \/ Adventure \/ Elektrische frame: 6 jaar Titanium MTB \/ Gravel frames: 7 [&hellip;]\" \/>\n<meta property=\"og:url\" content=\"https:\/\/www.idworx-bikes.de\/nl\/12-redenen\" \/>\n<meta property=\"og:site_name\" content=\"idworx \u2013 Premium Reiser\u00e4der, Trekking Bikes, E-Bikes &amp; Vakantiefietsen\" \/>\n<meta property=\"article:publisher\" content=\"https:\/\/www.facebook.com\/Idworx-202013906499907\/\" \/>\n<meta property=\"article:modified_time\" content=\"2024-05-07T09:46:47+00:00\" \/>\n<meta property=\"og:image\" content=\"https:\/\/www.idworx-bikes.de\/wp-content\/uploads\/2024\/05\/Dez-243-scaled.jpg\" \/>\n<meta name=\"twitter:label1\" content=\"Geschatte leestijd\" \/>\n\t<meta name=\"twitter:data1\" content=\"2 minuten\" \/>\n<script type=\"application\/ld+json\" class=\"yoast-schema-graph\">{\"@context\":\"https:\\\/\\\/schema.org\",\"@graph\":[{\"@type\":\"WebPage\",\"@id\":\"https:\\\/\\\/www.idworx-bikes.de\\\/nl\\\/12-redenen\",\"url\":\"https:\\\/\\\/www.idworx-bikes.de\\\/nl\\\/12-redenen\",\"name\":\"12 redenen - idworx \u2013 Premium Reiser\u00e4der, Trekking Bikes, E-Bikes &amp; Vakantiefietsen\",\"isPartOf\":{\"@id\":\"https:\\\/\\\/www.idworx-bikes.de\\\/#website\"},\"primaryImageOfPage\":{\"@id\":\"https:\\\/\\\/www.idworx-bikes.de\\\/nl\\\/12-redenen#primaryimage\"},\"image\":{\"@id\":\"https:\\\/\\\/www.idworx-bikes.de\\\/nl\\\/12-redenen#primaryimage\"},\"thumbnailUrl\":\"https:\\\/\\\/www.idworx-bikes.de\\\/wp-content\\\/uploads\\\/2024\\\/05\\\/Dez-243-scaled.jpg\",\"datePublished\":\"2019-02-14T10:28:43+00:00\",\"dateModified\":\"2024-05-07T09:46:47+00:00\",\"breadcrumb\":{\"@id\":\"https:\\\/\\\/www.idworx-bikes.de\\\/nl\\\/12-redenen#breadcrumb\"},\"inLanguage\":\"nl-NL\",\"potentialAction\":[{\"@type\":\"ReadAction\",\"target\":[\"https:\\\/\\\/www.idworx-bikes.de\\\/nl\\\/12-redenen\"]}]},{\"@type\":\"ImageObject\",\"inLanguage\":\"nl-NL\",\"@id\":\"https:\\\/\\\/www.idworx-bikes.de\\\/nl\\\/12-redenen#primaryimage\",\"url\":\"https:\\\/\\\/www.idworx-bikes.de\\\/wp-content\\\/uploads\\\/2024\\\/05\\\/Dez-243-scaled.jpg\",\"contentUrl\":\"https:\\\/\\\/www.idworx-bikes.de\\\/wp-content\\\/uploads\\\/2024\\\/05\\\/Dez-243-scaled.jpg\"},{\"@type\":\"BreadcrumbList\",\"@id\":\"https:\\\/\\\/www.idworx-bikes.de\\\/nl\\\/12-redenen#breadcrumb\",\"itemListElement\":[{\"@type\":\"ListItem\",\"position\":1,\"name\":\"Home\",\"item\":\"https:\\\/\\\/www.idworx-bikes.de\\\/nl\"},{\"@type\":\"ListItem\",\"position\":2,\"name\":\"12 redenen\"}]},{\"@type\":\"WebSite\",\"@id\":\"https:\\\/\\\/www.idworx-bikes.de\\\/#website\",\"url\":\"https:\\\/\\\/www.idworx-bikes.de\\\/\",\"name\":\"idworx \u2013 Premium Reiser\u00e4der, Trekking Bikes, E-Bikes &amp; Vakantiefietsen\",\"description\":\"It works! Handgefertigte Bikes f\u00fcr h\u00f6chste Anspr\u00fcche\",\"publisher\":{\"@id\":\"https:\\\/\\\/www.idworx-bikes.de\\\/#organization\"},\"potentialAction\":[{\"@type\":\"SearchAction\",\"target\":{\"@type\":\"EntryPoint\",\"urlTemplate\":\"https:\\\/\\\/www.idworx-bikes.de\\\/?s={search_term_string}\"},\"query-input\":{\"@type\":\"PropertyValueSpecification\",\"valueRequired\":true,\"valueName\":\"search_term_string\"}}],\"inLanguage\":\"nl-NL\"},{\"@type\":\"Organization\",\"@id\":\"https:\\\/\\\/www.idworx-bikes.de\\\/#organization\",\"name\":\"idworx\",\"url\":\"https:\\\/\\\/www.idworx-bikes.de\\\/\",\"logo\":{\"@type\":\"ImageObject\",\"inLanguage\":\"nl-NL\",\"@id\":\"https:\\\/\\\/www.idworx-bikes.de\\\/#\\\/schema\\\/logo\\\/image\\\/\",\"url\":\"https:\\\/\\\/www.idworx-bikes.de\\\/wp-content\\\/uploads\\\/2015\\\/12\\\/idworx-logo_b.png\",\"contentUrl\":\"https:\\\/\\\/www.idworx-bikes.de\\\/wp-content\\\/uploads\\\/2015\\\/12\\\/idworx-logo_b.png\",\"width\":216,\"height\":69,\"caption\":\"idworx\"},\"image\":{\"@id\":\"https:\\\/\\\/www.idworx-bikes.de\\\/#\\\/schema\\\/logo\\\/image\\\/\"},\"sameAs\":[\"https:\\\/\\\/www.facebook.com\\\/Idworx-202013906499907\\\/\"]}]}<\/script>\n<!-- \/ Yoast SEO plugin. -->","yoast_head_json":{"title":"12 redenen - idworx \u2013 Premium Reiser\u00e4der, Trekking Bikes, E-Bikes &amp; Vakantiefietsen","robots":{"index":"index","follow":"follow","max-snippet":"max-snippet:-1","max-image-preview":"max-image-preview:large","max-video-preview":"max-video-preview:-1"},"canonical":"https:\/\/www.idworx-bikes.de\/nl\/12-redenen","og_locale":"nl_NL","og_type":"article","og_title":"12 redenen - idworx \u2013 Premium Reiser\u00e4der, Trekking Bikes, E-Bikes &amp; Vakantiefietsen","og_description":"idworx &#8211; perfecte fietsen, geboren uit passie idworx bouwt kwalitatief de beste, meest ontwikkelde fietsen met de allerbeste technische details. Buitengewoon lange, door ons zelf vrijwillig bepaalde garantieperiodes op alle idworx-frames: Titanium Trekking \/ Adventure \/ Elektrische frames: 10 jaar Aluminium Trekking \/ Adventure \/ Elektrische frame: 6 jaar Titanium MTB \/ Gravel frames: 7 [&hellip;]","og_url":"https:\/\/www.idworx-bikes.de\/nl\/12-redenen","og_site_name":"idworx \u2013 Premium Reiser\u00e4der, Trekking Bikes, E-Bikes &amp; Vakantiefietsen","article_publisher":"https:\/\/www.facebook.com\/Idworx-202013906499907\/","article_modified_time":"2024-05-07T09:46:47+00:00","og_image":[{"url":"https:\/\/www.idworx-bikes.de\/wp-content\/uploads\/2024\/05\/Dez-243-scaled.jpg","type":"","width":"","height":""}],"twitter_misc":{"Geschatte leestijd":"2 minuten"},"schema":{"@context":"https:\/\/schema.org","@graph":[{"@type":"WebPage","@id":"https:\/\/www.idworx-bikes.de\/nl\/12-redenen","url":"https:\/\/www.idworx-bikes.de\/nl\/12-redenen","name":"12 redenen - idworx \u2013 Premium Reiser\u00e4der, Trekking Bikes, E-Bikes &amp; Vakantiefietsen","isPartOf":{"@id":"https:\/\/www.idworx-bikes.de\/#website"},"primaryImageOfPage":{"@id":"https:\/\/www.idworx-bikes.de\/nl\/12-redenen#primaryimage"},"image":{"@id":"https:\/\/www.idworx-bikes.de\/nl\/12-redenen#primaryimage"},"thumbnailUrl":"https:\/\/www.idworx-bikes.de\/wp-content\/uploads\/2024\/05\/Dez-243-scaled.jpg","datePublished":"2019-02-14T10:28:43+00:00","dateModified":"2024-05-07T09:46:47+00:00","breadcrumb":{"@id":"https:\/\/www.idworx-bikes.de\/nl\/12-redenen#breadcrumb"},"inLanguage":"nl-NL","potentialAction":[{"@type":"ReadAction","target":["https:\/\/www.idworx-bikes.de\/nl\/12-redenen"]}]},{"@type":"ImageObject","inLanguage":"nl-NL","@id":"https:\/\/www.idworx-bikes.de\/nl\/12-redenen#primaryimage","url":"https:\/\/www.idworx-bikes.de\/wp-content\/uploads\/2024\/05\/Dez-243-scaled.jpg","contentUrl":"https:\/\/www.idworx-bikes.de\/wp-content\/uploads\/2024\/05\/Dez-243-scaled.jpg"},{"@type":"BreadcrumbList","@id":"https:\/\/www.idworx-bikes.de\/nl\/12-redenen#breadcrumb","itemListElement":[{"@type":"ListItem","position":1,"name":"Home","item":"https:\/\/www.idworx-bikes.de\/nl"},{"@type":"ListItem","position":2,"name":"12 redenen"}]},{"@type":"WebSite","@id":"https:\/\/www.idworx-bikes.de\/#website","url":"https:\/\/www.idworx-bikes.de\/","name":"idworx \u2013 Premium Reiser\u00e4der, Trekking Bikes, E-Bikes &amp; Vakantiefietsen","description":"It works! Handgefertigte Bikes f\u00fcr h\u00f6chste Anspr\u00fcche","publisher":{"@id":"https:\/\/www.idworx-bikes.de\/#organization"},"potentialAction":[{"@type":"SearchAction","target":{"@type":"EntryPoint","urlTemplate":"https:\/\/www.idworx-bikes.de\/?s={search_term_string}"},"query-input":{"@type":"PropertyValueSpecification","valueRequired":true,"valueName":"search_term_string"}}],"inLanguage":"nl-NL"},{"@type":"Organization","@id":"https:\/\/www.idworx-bikes.de\/#organization","name":"idworx","url":"https:\/\/www.idworx-bikes.de\/","logo":{"@type":"ImageObject","inLanguage":"nl-NL","@id":"https:\/\/www.idworx-bikes.de\/#\/schema\/logo\/image\/","url":"https:\/\/www.idworx-bikes.de\/wp-content\/uploads\/2015\/12\/idworx-logo_b.png","contentUrl":"https:\/\/www.idworx-bikes.de\/wp-content\/uploads\/2015\/12\/idworx-logo_b.png","width":216,"height":69,"caption":"idworx"},"image":{"@id":"https:\/\/www.idworx-bikes.de\/#\/schema\/logo\/image\/"},"sameAs":["https:\/\/www.facebook.com\/Idworx-202013906499907\/"]}]}},"_links":{"self":[{"href":"https:\/\/www.idworx-bikes.de\/nl\/wp-json\/wp\/v2\/pages\/6833","targetHints":{"allow":["GET"]}}],"collection":[{"href":"https:\/\/www.idworx-bikes.de\/nl\/wp-json\/wp\/v2\/pages"}],"about":[{"href":"https:\/\/www.idworx-bikes.de\/nl\/wp-json\/wp\/v2\/types\/page"}],"author":[{"embeddable":true,"href":"https:\/\/www.idworx-bikes.de\/nl\/wp-json\/wp\/v2\/users\/4"}],"replies":[{"embeddable":true,"href":"https:\/\/www.idworx-bikes.de\/nl\/wp-json\/wp\/v2\/comments?post=6833"}],"version-history":[{"count":9,"href":"https:\/\/www.idworx-bikes.de\/nl\/wp-json\/wp\/v2\/pages\/6833\/revisions"}],"predecessor-version":[{"id":12730,"href":"https:\/\/www.idworx-bikes.de\/nl\/wp-json\/wp\/v2\/pages\/6833\/revisions\/12730"}],"wp:attachment":[{"href":"https:\/\/www.idworx-bikes.de\/nl\/wp-json\/wp\/v2\/media?parent=6833"}],"curies":[{"name":"wp","href":"https:\/\/api.w.org\/{rel}","templated":true}]}}