{"id":7776,"date":"2020-01-17T16:06:29","date_gmt":"2020-01-17T15:06:29","guid":{"rendered":"https:\/\/www.idworx-bikes.de\/7776-2"},"modified":"2024-02-08T17:08:04","modified_gmt":"2024-02-08T16:08:04","slug":"7776-2","status":"publish","type":"page","link":"https:\/\/www.idworx-bikes.de\/nl\/7776-2","title":{"rendered":"Idworx Colour Program"},"content":{"rendered":"<div class=\"\">\n<p>Het idworx kleurprogramma &#8211; kortweg iCP &#8211; geeft u nu de mogelijkheid om uw idworx fiets ook wat betreft kleur naar keuze aan te passen en te individualiseren. Kies uit maar liefst 208* kleuren van het klassieke RAL K5 kleurenpalet. Daarnaast kunt u ook kiezen uit 10** verschillende kleuren voor de transfers (idworx belettering). De buitenste finishlaag is als glanzende of zijdematte afwerking verkrijgbaar. Zo zijn er talloze mogelijkheden om uw persoonlijke idworx fiets vorm te geven. De meerprijs voor deze individuele kleurbehandeling bedraagt \u20ac 375,00. Poedercoating made in Germany.<\/p>\n<p>Let op! Vanwege de complexe verwerking van aluminium buizen bij de frameconstructie, bv. hydroforming, butting, warmtebehandeling, etc., kan niet worden gegarandeerd dat de buisoppervlakken altijd absoluut gelijkmatig zijn. Afhankelijk van de aard en toon van de gewenste kleur, kunnen deze imperfecties eventueel wat geaccentueerd worden.<br \/>\nBovendien kunnen verfinsluitingen veroorzaakt door stof of pigmenten van andere kleuren niet 100% worden uitgesloten.<br \/>\n<a href=\"https:\/\/www.ral-shop.com\/de\/alle-ral-farbnamen\/ral-classic-farben\/\" target=\"_blank\" rel=\"noopener noreferrer\">RAL K5 classic<\/a><\/p>\n<p>*Kleurbehandling in de volgende fluorescerende kleuren is niet mogelijk:<br \/>\nLeuchtgelb RAL 1026<br \/>\nLeuchtorange RAL 2005<br \/>\nLeuchtorange RAL 2007<br \/>\nLeuchtrot RAL 3024<br \/>\nLeuchtrot RAL 3026<br \/>\nLeuchtgr\u00fcn RAL 6038<\/p>\n<p>*Kleurbehandling in de volgende kleuren met mat finish is niet mogelijk:<br \/>\nSignal white RAL 9003<br \/>\nPure white RAL 9010<br \/>\nTraffic white RAL 9016<\/p>\n<p>*Houd er rekening mee dat de geselecteerde RAL-basiskleur lichter wordt door toevoeging van metaaldeeltjes<br \/>\nwordt.<\/p>\n<p>**decor kleur<br \/>\n1) White RAL 9003<br \/>\n2) Black RAL 9005<br \/>\n3) Traffic Grey RAL 7016<br \/>\n4) Silver RAL 9006<br \/>\n5) Orange RAL 2008<br \/>\n6) Dark Red RAL 3001<br \/>\n7) Gold<br \/>\n8) Ultra Marine RAL 5002<br \/>\n9) Mint<br \/>\n10) Grass Green RAL 6018<\/p>\n<\/div>\n","protected":false},"excerpt":{"rendered":"<p>Het idworx kleurprogramma &#8211; kortweg iCP &#8211; geeft u nu de mogelijkheid om uw idworx fiets ook wat betreft kleur naar keuze aan te passen en te individualiseren. Kies uit maar liefst 208* kleuren van het klassieke RAL K5 kleurenpalet. Daarnaast kunt u ook kiezen uit 10** verschillende kleuren voor de transfers (idworx belettering). De [&hellip;]<\/p>\n","protected":false},"author":10,"featured_media":7766,"parent":0,"menu_order":0,"comment_status":"closed","ping_status":"closed","template":"","meta":{"footnotes":""},"class_list":["post-7776","page","type-page","status-publish","has-post-thumbnail","hentry"],"yoast_head":"<!-- This site is optimized with the Yoast SEO plugin v27.3 - https:\/\/yoast.com\/product\/yoast-seo-wordpress\/ -->\n<title>Idworx Colour Program - idworx \u2013 Premium Reiser\u00e4der, Trekking Bikes, E-Bikes &amp; Vakantiefietsen<\/title>\n<meta name=\"robots\" content=\"index, follow, max-snippet:-1, max-image-preview:large, max-video-preview:-1\" \/>\n<link rel=\"canonical\" href=\"https:\/\/www.idworx-bikes.de\/nl\/7776-2\" \/>\n<meta property=\"og:locale\" content=\"nl_NL\" \/>\n<meta property=\"og:type\" content=\"article\" \/>\n<meta property=\"og:title\" content=\"Idworx Colour Program - idworx \u2013 Premium Reiser\u00e4der, Trekking Bikes, E-Bikes &amp; Vakantiefietsen\" \/>\n<meta property=\"og:description\" content=\"Het idworx kleurprogramma &#8211; kortweg iCP &#8211; geeft u nu de mogelijkheid om uw idworx fiets ook wat betreft kleur naar keuze aan te passen en te individualiseren. Kies uit maar liefst 208* kleuren van het klassieke RAL K5 kleurenpalet. Daarnaast kunt u ook kiezen uit 10** verschillende kleuren voor de transfers (idworx belettering). De [&hellip;]\" \/>\n<meta property=\"og:url\" content=\"https:\/\/www.idworx-bikes.de\/nl\/7776-2\" \/>\n<meta property=\"og:site_name\" content=\"idworx \u2013 Premium Reiser\u00e4der, Trekking Bikes, E-Bikes &amp; Vakantiefietsen\" \/>\n<meta property=\"article:publisher\" content=\"https:\/\/www.facebook.com\/Idworx-202013906499907\/\" \/>\n<meta property=\"article:modified_time\" content=\"2024-02-08T16:08:04+00:00\" \/>\n<meta property=\"og:image\" content=\"https:\/\/www.idworx-bikes.de\/wp-content\/uploads\/2020\/01\/5264_idworx-cp_outline.jpg\" \/>\n\t<meta property=\"og:image:width\" content=\"2560\" \/>\n\t<meta property=\"og:image:height\" content=\"681\" \/>\n\t<meta property=\"og:image:type\" content=\"image\/jpeg\" \/>\n<meta name=\"twitter:label1\" content=\"Geschatte leestijd\" \/>\n\t<meta name=\"twitter:data1\" content=\"1 minuut\" \/>\n<script type=\"application\/ld+json\" class=\"yoast-schema-graph\">{\"@context\":\"https:\\\/\\\/schema.org\",\"@graph\":[{\"@type\":\"WebPage\",\"@id\":\"https:\\\/\\\/www.idworx-bikes.de\\\/nl\\\/7776-2\",\"url\":\"https:\\\/\\\/www.idworx-bikes.de\\\/nl\\\/7776-2\",\"name\":\"Idworx Colour Program - idworx \u2013 Premium Reiser\u00e4der, Trekking Bikes, E-Bikes &amp; Vakantiefietsen\",\"isPartOf\":{\"@id\":\"https:\\\/\\\/www.idworx-bikes.de\\\/#website\"},\"primaryImageOfPage\":{\"@id\":\"https:\\\/\\\/www.idworx-bikes.de\\\/nl\\\/7776-2#primaryimage\"},\"image\":{\"@id\":\"https:\\\/\\\/www.idworx-bikes.de\\\/nl\\\/7776-2#primaryimage\"},\"thumbnailUrl\":\"https:\\\/\\\/www.idworx-bikes.de\\\/wp-content\\\/uploads\\\/2020\\\/01\\\/5264_idworx-cp_outline.jpg\",\"datePublished\":\"2020-01-17T15:06:29+00:00\",\"dateModified\":\"2024-02-08T16:08:04+00:00\",\"breadcrumb\":{\"@id\":\"https:\\\/\\\/www.idworx-bikes.de\\\/nl\\\/7776-2#breadcrumb\"},\"inLanguage\":\"nl-NL\",\"potentialAction\":[{\"@type\":\"ReadAction\",\"target\":[\"https:\\\/\\\/www.idworx-bikes.de\\\/nl\\\/7776-2\"]}]},{\"@type\":\"ImageObject\",\"inLanguage\":\"nl-NL\",\"@id\":\"https:\\\/\\\/www.idworx-bikes.de\\\/nl\\\/7776-2#primaryimage\",\"url\":\"https:\\\/\\\/www.idworx-bikes.de\\\/wp-content\\\/uploads\\\/2020\\\/01\\\/5264_idworx-cp_outline.jpg\",\"contentUrl\":\"https:\\\/\\\/www.idworx-bikes.de\\\/wp-content\\\/uploads\\\/2020\\\/01\\\/5264_idworx-cp_outline.jpg\",\"width\":2560,\"height\":681},{\"@type\":\"BreadcrumbList\",\"@id\":\"https:\\\/\\\/www.idworx-bikes.de\\\/nl\\\/7776-2#breadcrumb\",\"itemListElement\":[{\"@type\":\"ListItem\",\"position\":1,\"name\":\"Home\",\"item\":\"https:\\\/\\\/www.idworx-bikes.de\\\/nl\"},{\"@type\":\"ListItem\",\"position\":2,\"name\":\"Idworx Colour Program\"}]},{\"@type\":\"WebSite\",\"@id\":\"https:\\\/\\\/www.idworx-bikes.de\\\/#website\",\"url\":\"https:\\\/\\\/www.idworx-bikes.de\\\/\",\"name\":\"idworx \u2013 Premium Reiser\u00e4der, Trekking Bikes, E-Bikes &amp; Vakantiefietsen\",\"description\":\"It works! Handgefertigte Bikes f\u00fcr h\u00f6chste Anspr\u00fcche\",\"publisher\":{\"@id\":\"https:\\\/\\\/www.idworx-bikes.de\\\/#organization\"},\"potentialAction\":[{\"@type\":\"SearchAction\",\"target\":{\"@type\":\"EntryPoint\",\"urlTemplate\":\"https:\\\/\\\/www.idworx-bikes.de\\\/?s={search_term_string}\"},\"query-input\":{\"@type\":\"PropertyValueSpecification\",\"valueRequired\":true,\"valueName\":\"search_term_string\"}}],\"inLanguage\":\"nl-NL\"},{\"@type\":\"Organization\",\"@id\":\"https:\\\/\\\/www.idworx-bikes.de\\\/#organization\",\"name\":\"idworx\",\"url\":\"https:\\\/\\\/www.idworx-bikes.de\\\/\",\"logo\":{\"@type\":\"ImageObject\",\"inLanguage\":\"nl-NL\",\"@id\":\"https:\\\/\\\/www.idworx-bikes.de\\\/#\\\/schema\\\/logo\\\/image\\\/\",\"url\":\"https:\\\/\\\/www.idworx-bikes.de\\\/wp-content\\\/uploads\\\/2015\\\/12\\\/idworx-logo_b.png\",\"contentUrl\":\"https:\\\/\\\/www.idworx-bikes.de\\\/wp-content\\\/uploads\\\/2015\\\/12\\\/idworx-logo_b.png\",\"width\":216,\"height\":69,\"caption\":\"idworx\"},\"image\":{\"@id\":\"https:\\\/\\\/www.idworx-bikes.de\\\/#\\\/schema\\\/logo\\\/image\\\/\"},\"sameAs\":[\"https:\\\/\\\/www.facebook.com\\\/Idworx-202013906499907\\\/\"]}]}<\/script>\n<!-- \/ Yoast SEO plugin. -->","yoast_head_json":{"title":"Idworx Colour Program - idworx \u2013 Premium Reiser\u00e4der, Trekking Bikes, E-Bikes &amp; Vakantiefietsen","robots":{"index":"index","follow":"follow","max-snippet":"max-snippet:-1","max-image-preview":"max-image-preview:large","max-video-preview":"max-video-preview:-1"},"canonical":"https:\/\/www.idworx-bikes.de\/nl\/7776-2","og_locale":"nl_NL","og_type":"article","og_title":"Idworx Colour Program - idworx \u2013 Premium Reiser\u00e4der, Trekking Bikes, E-Bikes &amp; Vakantiefietsen","og_description":"Het idworx kleurprogramma &#8211; kortweg iCP &#8211; geeft u nu de mogelijkheid om uw idworx fiets ook wat betreft kleur naar keuze aan te passen en te individualiseren. Kies uit maar liefst 208* kleuren van het klassieke RAL K5 kleurenpalet. Daarnaast kunt u ook kiezen uit 10** verschillende kleuren voor de transfers (idworx belettering). De [&hellip;]","og_url":"https:\/\/www.idworx-bikes.de\/nl\/7776-2","og_site_name":"idworx \u2013 Premium Reiser\u00e4der, Trekking Bikes, E-Bikes &amp; Vakantiefietsen","article_publisher":"https:\/\/www.facebook.com\/Idworx-202013906499907\/","article_modified_time":"2024-02-08T16:08:04+00:00","og_image":[{"width":2560,"height":681,"url":"https:\/\/www.idworx-bikes.de\/wp-content\/uploads\/2020\/01\/5264_idworx-cp_outline.jpg","type":"image\/jpeg"}],"twitter_misc":{"Geschatte leestijd":"1 minuut"},"schema":{"@context":"https:\/\/schema.org","@graph":[{"@type":"WebPage","@id":"https:\/\/www.idworx-bikes.de\/nl\/7776-2","url":"https:\/\/www.idworx-bikes.de\/nl\/7776-2","name":"Idworx Colour Program - idworx \u2013 Premium Reiser\u00e4der, Trekking Bikes, E-Bikes &amp; Vakantiefietsen","isPartOf":{"@id":"https:\/\/www.idworx-bikes.de\/#website"},"primaryImageOfPage":{"@id":"https:\/\/www.idworx-bikes.de\/nl\/7776-2#primaryimage"},"image":{"@id":"https:\/\/www.idworx-bikes.de\/nl\/7776-2#primaryimage"},"thumbnailUrl":"https:\/\/www.idworx-bikes.de\/wp-content\/uploads\/2020\/01\/5264_idworx-cp_outline.jpg","datePublished":"2020-01-17T15:06:29+00:00","dateModified":"2024-02-08T16:08:04+00:00","breadcrumb":{"@id":"https:\/\/www.idworx-bikes.de\/nl\/7776-2#breadcrumb"},"inLanguage":"nl-NL","potentialAction":[{"@type":"ReadAction","target":["https:\/\/www.idworx-bikes.de\/nl\/7776-2"]}]},{"@type":"ImageObject","inLanguage":"nl-NL","@id":"https:\/\/www.idworx-bikes.de\/nl\/7776-2#primaryimage","url":"https:\/\/www.idworx-bikes.de\/wp-content\/uploads\/2020\/01\/5264_idworx-cp_outline.jpg","contentUrl":"https:\/\/www.idworx-bikes.de\/wp-content\/uploads\/2020\/01\/5264_idworx-cp_outline.jpg","width":2560,"height":681},{"@type":"BreadcrumbList","@id":"https:\/\/www.idworx-bikes.de\/nl\/7776-2#breadcrumb","itemListElement":[{"@type":"ListItem","position":1,"name":"Home","item":"https:\/\/www.idworx-bikes.de\/nl"},{"@type":"ListItem","position":2,"name":"Idworx Colour Program"}]},{"@type":"WebSite","@id":"https:\/\/www.idworx-bikes.de\/#website","url":"https:\/\/www.idworx-bikes.de\/","name":"idworx \u2013 Premium Reiser\u00e4der, Trekking Bikes, E-Bikes &amp; Vakantiefietsen","description":"It works! Handgefertigte Bikes f\u00fcr h\u00f6chste Anspr\u00fcche","publisher":{"@id":"https:\/\/www.idworx-bikes.de\/#organization"},"potentialAction":[{"@type":"SearchAction","target":{"@type":"EntryPoint","urlTemplate":"https:\/\/www.idworx-bikes.de\/?s={search_term_string}"},"query-input":{"@type":"PropertyValueSpecification","valueRequired":true,"valueName":"search_term_string"}}],"inLanguage":"nl-NL"},{"@type":"Organization","@id":"https:\/\/www.idworx-bikes.de\/#organization","name":"idworx","url":"https:\/\/www.idworx-bikes.de\/","logo":{"@type":"ImageObject","inLanguage":"nl-NL","@id":"https:\/\/www.idworx-bikes.de\/#\/schema\/logo\/image\/","url":"https:\/\/www.idworx-bikes.de\/wp-content\/uploads\/2015\/12\/idworx-logo_b.png","contentUrl":"https:\/\/www.idworx-bikes.de\/wp-content\/uploads\/2015\/12\/idworx-logo_b.png","width":216,"height":69,"caption":"idworx"},"image":{"@id":"https:\/\/www.idworx-bikes.de\/#\/schema\/logo\/image\/"},"sameAs":["https:\/\/www.facebook.com\/Idworx-202013906499907\/"]}]}},"_links":{"self":[{"href":"https:\/\/www.idworx-bikes.de\/nl\/wp-json\/wp\/v2\/pages\/7776","targetHints":{"allow":["GET"]}}],"collection":[{"href":"https:\/\/www.idworx-bikes.de\/nl\/wp-json\/wp\/v2\/pages"}],"about":[{"href":"https:\/\/www.idworx-bikes.de\/nl\/wp-json\/wp\/v2\/types\/page"}],"author":[{"embeddable":true,"href":"https:\/\/www.idworx-bikes.de\/nl\/wp-json\/wp\/v2\/users\/10"}],"replies":[{"embeddable":true,"href":"https:\/\/www.idworx-bikes.de\/nl\/wp-json\/wp\/v2\/comments?post=7776"}],"version-history":[{"count":12,"href":"https:\/\/www.idworx-bikes.de\/nl\/wp-json\/wp\/v2\/pages\/7776\/revisions"}],"predecessor-version":[{"id":12350,"href":"https:\/\/www.idworx-bikes.de\/nl\/wp-json\/wp\/v2\/pages\/7776\/revisions\/12350"}],"wp:featuredmedia":[{"embeddable":true,"href":"https:\/\/www.idworx-bikes.de\/nl\/wp-json\/wp\/v2\/media\/7766"}],"wp:attachment":[{"href":"https:\/\/www.idworx-bikes.de\/nl\/wp-json\/wp\/v2\/media?parent=7776"}],"curies":[{"name":"wp","href":"https:\/\/api.w.org\/{rel}","templated":true}]}}