{"id":8321,"date":"2020-10-02T13:52:30","date_gmt":"2020-10-02T11:52:30","guid":{"rendered":"https:\/\/www.idworx-bikes.de\/nieuws"},"modified":"2020-10-02T19:20:25","modified_gmt":"2020-10-02T17:20:25","slug":"nieuws","status":"publish","type":"page","link":"https:\/\/www.idworx-bikes.de\/nl\/nieuws","title":{"rendered":"Nieuws"},"content":{"rendered":"<ul class=\"lcp_catlist\" id=\"lcp_instance_1\"><li><a href=\"https:\/\/www.idworx-bikes.de\/nl\/opinion-wachtberg-edition-testwinnaar-in-radfahren-03-2026\" title=\"oPinion Wachtberg Edition: Testwinnaar in &quot;RADfahren&quot; 03\/2026\"><img loading=\"lazy\" decoding=\"async\" width=\"160\" height=\"160\" src=\"https:\/\/www.idworx-bikes.de\/wp-content\/uploads\/2025\/09\/BBG_2398-cor-250x250.jpeg\" class=\"news_thumb wp-post-image\" alt=\"oPinion Wachtberg Edition: Testwinnaar in &quot;RADfahren&quot; 03\/2026\" srcset=\"https:\/\/www.idworx-bikes.de\/wp-content\/uploads\/2025\/09\/BBG_2398-cor-250x250.jpeg 250w, https:\/\/www.idworx-bikes.de\/wp-content\/uploads\/2025\/09\/BBG_2398-cor-100x100.jpeg 100w\" sizes=\"auto, (max-width: 160px) 100vw, 160px\" \/><\/a><a href=\"https:\/\/www.idworx-bikes.de\/nl\/opinion-wachtberg-edition-testwinnaar-in-radfahren-03-2026\" class=\"lcp_title\">oPinion Wachtberg Edition: Testwinnaar in &#8220;RADfahren&#8221; 03\/2026<\/a><div class=\"lcp_excerpt\">In de vergelijkende test van toerfietsen, uitgevoerd door het wielermagazine &#8220;RADfahren&#8221; 03\/2026, kwam onze oPinion trekkingfiets in de Wachtberg Edition als winnaar uit de bus en liet daarmee zes concurrenten achter zich. Het testteam verklaarde: &#8220;Het complete Idworx-concept heeft ons overtuigd en verdient de eindoverwinning in ...<\/div><span class=\"lcp_author\">Jana Kalbertodt<\/span><span class=\"lcp_date\">  28.04.2026<\/span><\/li><li><a href=\"https:\/\/www.idworx-bikes.de\/nl\/meet-the-great-hans-at-the-cyclingworld\" title=\"Meet &quot;The Great Hans&quot; at the Cyclingworld\"><img loading=\"lazy\" decoding=\"async\" width=\"160\" height=\"160\" src=\"https:\/\/www.idworx-bikes.de\/wp-content\/uploads\/2026\/03\/Einladung-cyclingworld-12.48.20-250x250.png\" class=\"news_thumb wp-post-image\" alt=\"Meet &quot;The Great Hans&quot; at the Cyclingworld\" srcset=\"https:\/\/www.idworx-bikes.de\/wp-content\/uploads\/2026\/03\/Einladung-cyclingworld-12.48.20-250x250.png 250w, https:\/\/www.idworx-bikes.de\/wp-content\/uploads\/2026\/03\/Einladung-cyclingworld-12.48.20-100x100.png 100w\" sizes=\"auto, (max-width: 160px) 100vw, 160px\" \/><\/a><a href=\"https:\/\/www.idworx-bikes.de\/nl\/meet-the-great-hans-at-the-cyclingworld\" class=\"lcp_title\">Meet &#8220;The Great Hans&#8221; at the Cyclingworld<\/a><div class=\"lcp_excerpt\">Noteer de datum! 20-22 maart 2026\nBezoek ons \u200b\u200bop &#8220;cyclingworld europe&#8221;, Europa&#8217;s beurs voor de beste fietsliefhebbers. Van vrijdag 20 maart tot en met zondag 22 maart 2026 vindt u ons in de RheinRiff-hal, stand RR-2A, op het B\u00f6hler-terrein in het prachtige D\u00fcsseldorf.\nWe hebben een kleine, maar ...<\/div><span class=\"lcp_author\">Jana Kalbertodt<\/span><span class=\"lcp_date\">  20.03.2026<\/span><\/li><li><a href=\"https:\/\/www.idworx-bikes.de\/nl\/idworx-on-tour-de-tech-talk-tour-wordt-uitgebreid\" title=\"idworx on Tour: De Tech Talk Tour wordt verlengd\"><img loading=\"lazy\" decoding=\"async\" width=\"160\" height=\"160\" src=\"https:\/\/www.idworx-bikes.de\/wp-content\/uploads\/2026\/03\/640866190_1108397958084476_4283240732137893013_n-250x250.jpg\" class=\"news_thumb wp-post-image\" alt=\"idworx on Tour: De Tech Talk Tour wordt verlengd\" srcset=\"https:\/\/www.idworx-bikes.de\/wp-content\/uploads\/2026\/03\/640866190_1108397958084476_4283240732137893013_n-250x250.jpg 250w, https:\/\/www.idworx-bikes.de\/wp-content\/uploads\/2026\/03\/640866190_1108397958084476_4283240732137893013_n-100x100.jpg 100w\" sizes=\"auto, (max-width: 160px) 100vw, 160px\" \/><\/a><a href=\"https:\/\/www.idworx-bikes.de\/nl\/idworx-on-tour-de-tech-talk-tour-wordt-uitgebreid\" class=\"lcp_title\">idworx on Tour: De Tech Talk Tour wordt verlengd<\/a><div class=\"lcp_excerpt\">After the first, successful stop on March 5th at Bikepacking Belgium in Antwerp, we continue on to&#8230;\nDe tweede stop is bij Bongers Bikes in Apeldoorn in Nederland op 27 maart 2026. Vooraf inschrijven is gewenst.\nBongers Bikes\nDe derde stop van de tour is bij De Vakantiefietser in ...<\/div><span class=\"lcp_author\">Jana Kalbertodt<\/span><span class=\"lcp_date\">  19.03.2026<\/span><\/li><li><a href=\"https:\/\/www.idworx-bikes.de\/nl\/idworx-on-tour-tech-talk-in-belgie-en-nederland-met-gerrit-en-jochem\" title=\"idworx on Tour: Tech Talk in Belgi\u00eb en Nederland met Gerrit en Jochem\"><img loading=\"lazy\" decoding=\"async\" width=\"160\" height=\"160\" src=\"https:\/\/www.idworx-bikes.de\/wp-content\/uploads\/2024\/02\/DSC_9136-scaled-318de4cc-250x250.webp\" class=\"news_thumb wp-post-image\" alt=\"idworx on Tour: Tech Talk in Belgi\u00eb en Nederland met Gerrit en Jochem\" srcset=\"https:\/\/www.idworx-bikes.de\/wp-content\/uploads\/2024\/02\/DSC_9136-scaled-318de4cc-250x250.webp 250w, https:\/\/www.idworx-bikes.de\/wp-content\/uploads\/2024\/02\/DSC_9136-scaled-318de4cc-100x100.webp 100w\" sizes=\"auto, (max-width: 160px) 100vw, 160px\" \/><\/a><a href=\"https:\/\/www.idworx-bikes.de\/nl\/idworx-on-tour-tech-talk-in-belgie-en-nederland-met-gerrit-en-jochem\" class=\"lcp_title\">idworx on Tour: Tech Talk in Belgi\u00eb en Nederland met Gerrit en Jochem<\/a><div class=\"lcp_excerpt\">Op 5 maart 2026 starten Gerrit en Jochem hun Tech Talk Tour tijdens Bike Packing Belgium in Antwerpen. Vooraf aanmelden is gewenst.\nBike Packing Belgium\nDe tweede stop is bij Bongers Bikes in Apeldoorn, Nederland, op 27 maart 2026. Vooraf aanmelden is gewenst.\nBongers Bikes\nDe afsluiting van de tour ...<\/div><span class=\"lcp_author\">Jana Kalbertodt<\/span><span class=\"lcp_date\">  28.01.2026<\/span><\/li><li><a href=\"https:\/\/www.idworx-bikes.de\/nl\/update-idworx-op-de-fiets-wandelbeurs-utrecht-2026\" title=\"Update! idworx op de Fiets &amp; Wandelbeurs - Utrecht 2026\"><img loading=\"lazy\" decoding=\"async\" width=\"160\" height=\"82\" src=\"https:\/\/www.idworx-bikes.de\/wp-content\/uploads\/2025\/10\/230512_FWB_logo_NL-1-250x128.png\" class=\"news_thumb wp-post-image\" alt=\"Update! idworx op de Fiets &amp; Wandelbeurs - Utrecht 2026\" \/><\/a><a href=\"https:\/\/www.idworx-bikes.de\/nl\/update-idworx-op-de-fiets-wandelbeurs-utrecht-2026\" class=\"lcp_title\">Update! idworx op de Fiets &#038; Wandelbeurs &#8211; Utrecht 2026<\/a><div class=\"lcp_excerpt\">Bezoek ons \u200b\u200bin hal 7, stand D.01.\nFiets &#038; Wandelbeurs Utrecht 2026\n<\/div><span class=\"lcp_author\">Jana Kalbertodt<\/span><span class=\"lcp_date\">  19.01.2026<\/span><\/li><li><a href=\"https:\/\/www.idworx-bikes.de\/nl\/ontmoet-gerrit-jochem-op-het-wereldfietser-festival-2026\" title=\"Ontmoet Gerrit &amp; Jochem op het Wereldfietser-Festival 2026\"><img loading=\"lazy\" decoding=\"async\" width=\"160\" height=\"160\" src=\"https:\/\/www.idworx-bikes.de\/wp-content\/uploads\/2026\/01\/WF-logo-hoizontaal-met-baseline-oranje1-250x250.png\" class=\"news_thumb wp-post-image\" alt=\"Ontmoet Gerrit &amp; Jochem op het Wereldfietser-Festival 2026\" srcset=\"https:\/\/www.idworx-bikes.de\/wp-content\/uploads\/2026\/01\/WF-logo-hoizontaal-met-baseline-oranje1-250x250.png 250w, https:\/\/www.idworx-bikes.de\/wp-content\/uploads\/2026\/01\/WF-logo-hoizontaal-met-baseline-oranje1-100x100.png 100w\" sizes=\"auto, (max-width: 160px) 100vw, 160px\" \/><\/a><a href=\"https:\/\/www.idworx-bikes.de\/nl\/ontmoet-gerrit-jochem-op-het-wereldfietser-festival-2026\" class=\"lcp_title\">Ontmoet Gerrit &#038; Jochem op het Wereldfietser-Festival 2026<\/a><div class=\"lcp_excerpt\">Bezoek ons op de Wereldfietser-Festival in Alkmaar, Nederland.\nGerrit en Jochem zullen op zaterdag 24 januari 2026 ter plaatse zijn en\nkijken uit naar een levendige respons en constructieve discussies over\nons fietsmerk idworx.\n<\/div><span class=\"lcp_author\">Jana Kalbertodt<\/span><span class=\"lcp_date\">  12.01.2026<\/span><\/li><li><a href=\"https:\/\/www.idworx-bikes.de\/nl\/nu-online-test-video-idworx-opinion-et-wachtberg-edition\" title=\"Nu online! Test Video idworx oPinion eT Wachtberg-Edition!!!\"><img loading=\"lazy\" decoding=\"async\" width=\"160\" height=\"160\" src=\"https:\/\/www.idworx-bikes.de\/wp-content\/uploads\/2025\/12\/Bildschirmfoto-2025-12-19-um-14.34.36-250x250.png\" class=\"news_thumb wp-post-image\" alt=\"Nu online! Test Video idworx oPinion eT Wachtberg-Edition!!!\" srcset=\"https:\/\/www.idworx-bikes.de\/wp-content\/uploads\/2025\/12\/Bildschirmfoto-2025-12-19-um-14.34.36-250x250.png 250w, https:\/\/www.idworx-bikes.de\/wp-content\/uploads\/2025\/12\/Bildschirmfoto-2025-12-19-um-14.34.36-100x100.png 100w\" sizes=\"auto, (max-width: 160px) 100vw, 160px\" \/><\/a><a href=\"https:\/\/www.idworx-bikes.de\/nl\/nu-online-test-video-idworx-opinion-et-wachtberg-edition\" class=\"lcp_title\">Nu online! Test Video idworx oPinion eT Wachtberg-Edition!!!<\/a><div class=\"lcp_excerpt\">Ter gelegenheid van de Editors&#8217; Choice Award van het Belgische e-bike magazine presenteren we hier de testvideo van onze oPinion eT in de Wachtberg-editie. Absoluut de moeite waard om te bekijken!\nTestvideo\nTest Report\n<\/div><span class=\"lcp_author\">Jana Kalbertodt<\/span><span class=\"lcp_date\">  19.12.2025<\/span><\/li><li><a href=\"https:\/\/www.idworx-bikes.de\/nl\/master-dealer-bongers-bikes-laten-we-eens-binnen-kijken\" title=\"Master Dealer Bongers Bikes - Laten we eens binnen kijken!\"><img loading=\"lazy\" decoding=\"async\" width=\"160\" height=\"93\" src=\"https:\/\/www.idworx-bikes.de\/wp-content\/uploads\/2025\/12\/Bildschirmfoto-2025-12-19-um-10.41.22-250x146.png\" class=\"news_thumb wp-post-image\" alt=\"Master Dealer Bongers Bikes - Laten we eens binnen kijken!\" \/><\/a><a href=\"https:\/\/www.idworx-bikes.de\/nl\/master-dealer-bongers-bikes-laten-we-eens-binnen-kijken\" class=\"lcp_title\">Master Dealer Bongers Bikes &#8211; Laten we eens binnen kijken!<\/a><div class=\"lcp_excerpt\">Wauw, zo stellen we ons een succesvolle presentatie van onze idworx-fietsen precies voor. Iedereen die deze tentoonstelling live wil zien, moet naar Bongers Bikes in Apeldoorn gaan.\nidworx Master Dealer Bongers Bikes\n\n<\/div><span class=\"lcp_author\">Jana Kalbertodt<\/span><span class=\"lcp_date\">  19.12.2025<\/span><\/li><li><a href=\"https:\/\/www.idworx-bikes.de\/nl\/idworx-opinion-et-wachtberg-edition-wint-editors-choice-award\" title=\"idworx oPinion eT Wachtberg-Edition wint &quot;Editor\u00b4s Choice&quot; Award\"><img loading=\"lazy\" decoding=\"async\" width=\"160\" height=\"160\" src=\"https:\/\/www.idworx-bikes.de\/wp-content\/uploads\/2025\/12\/badge1-Kopie-250x250.png\" class=\"news_thumb wp-post-image\" alt=\"idworx oPinion eT Wachtberg-Edition wint &quot;Editor\u00b4s Choice&quot; Award\" srcset=\"https:\/\/www.idworx-bikes.de\/wp-content\/uploads\/2025\/12\/badge1-Kopie-250x250.png 250w, https:\/\/www.idworx-bikes.de\/wp-content\/uploads\/2025\/12\/badge1-Kopie-100x100.png 100w\" sizes=\"auto, (max-width: 160px) 100vw, 160px\" \/><\/a><a href=\"https:\/\/www.idworx-bikes.de\/nl\/idworx-opinion-et-wachtberg-edition-wint-editors-choice-award\" class=\"lcp_title\">idworx oPinion eT Wachtberg-Edition wint &#8220;Editor\u00b4s Choice&#8221; Award<\/a><div class=\"lcp_excerpt\">Onze oPinion eT e-bike heeft in de Wachtberg-editie tweemaal de felbegeerde &#8220;Editors&#8217; Choice&#8221;-prijs van het Belgische e-bike magazine gewonnen. Hij werd bekroond voor beste trekking e-bike en beste handgemaakte e-bike. U kunt de bijbehorende test hier online lezen. e-bike magazine 09\nDe test zal ook verschijnen in ...<\/div><span class=\"lcp_author\">Jana Kalbertodt<\/span><span class=\"lcp_date\">  18.12.2025<\/span><\/li><li><a href=\"https:\/\/www.idworx-bikes.de\/nl\/save-the-date-idworx-op-de-fiets-wandelbeurs-utrecht-2026\" title=\"Save The Date! idworx op de Fiets &amp; Wandelbeurs - Utrecht 2026\"><img loading=\"lazy\" decoding=\"async\" width=\"160\" height=\"82\" src=\"https:\/\/www.idworx-bikes.de\/wp-content\/uploads\/2025\/10\/230512_FWB_logo_NL-1-250x128.png\" class=\"news_thumb wp-post-image\" alt=\"Save The Date! idworx op de Fiets &amp; Wandelbeurs - Utrecht 2026\" \/><\/a><a href=\"https:\/\/www.idworx-bikes.de\/nl\/save-the-date-idworx-op-de-fiets-wandelbeurs-utrecht-2026\" class=\"lcp_title\">Save The Date! idworx op de Fiets &#038; Wandelbeurs &#8211; Utrecht 2026<\/a><div class=\"lcp_excerpt\">Fiets &#038; Wandelbeurs Utrecht 2026\n<\/div><span class=\"lcp_author\">Jana Kalbertodt<\/span><span class=\"lcp_date\">  15.10.2025<\/span><\/li><\/ul><ul class='lcp_paginator'><li class='lcp_currentpage'>1<\/li><li><a href='https:\/\/www.idworx-bikes.de\/nl\/wp-json\/wp\/v2\/pages\/8321?lcp_page1=2#lcp_instance_1' title='2'>2<\/a><\/li><li><a href='https:\/\/www.idworx-bikes.de\/nl\/wp-json\/wp\/v2\/pages\/8321?lcp_page1=3#lcp_instance_1' title='3'>3<\/a><\/li><li><a href='https:\/\/www.idworx-bikes.de\/nl\/wp-json\/wp\/v2\/pages\/8321?lcp_page1=4#lcp_instance_1' title='4'>4<\/a><\/li><li><a href='https:\/\/www.idworx-bikes.de\/nl\/wp-json\/wp\/v2\/pages\/8321?lcp_page1=5#lcp_instance_1' title='5'>5<\/a><\/li><li><a href='https:\/\/www.idworx-bikes.de\/nl\/wp-json\/wp\/v2\/pages\/8321?lcp_page1=6#lcp_instance_1' title='6'>6<\/a><\/li><span class='lcp_elipsis'>...<\/span><li><a href='https:\/\/www.idworx-bikes.de\/nl\/wp-json\/wp\/v2\/pages\/8321?lcp_page1=10#lcp_instance_1' title='10'>10<\/a><\/li><li><a href='https:\/\/www.idworx-bikes.de\/nl\/wp-json\/wp\/v2\/pages\/8321?lcp_page1=2#lcp_instance_1' title='2' class='lcp_nextlink'>&gt;&gt;<\/a><\/li><\/ul>\n","protected":false},"excerpt":{"rendered":"","protected":false},"author":9,"featured_media":0,"parent":0,"menu_order":0,"comment_status":"closed","ping_status":"closed","template":"","meta":{"footnotes":""},"class_list":["post-8321","page","type-page","status-publish","hentry"],"yoast_head":"<!-- This site is optimized with the Yoast SEO plugin v27.5 - https:\/\/yoast.com\/product\/yoast-seo-wordpress\/ -->\n<title>Nieuws - idworx \u2013 Premium Reiser\u00e4der, Trekking Bikes, E-Bikes &amp; Vakantiefietsen<\/title>\n<meta name=\"robots\" content=\"index, follow, max-snippet:-1, max-image-preview:large, max-video-preview:-1\" \/>\n<link rel=\"canonical\" href=\"https:\/\/www.idworx-bikes.de\/nl\/nieuws\" \/>\n<meta property=\"og:locale\" content=\"nl_NL\" \/>\n<meta property=\"og:type\" content=\"article\" \/>\n<meta property=\"og:title\" content=\"Nieuws - idworx \u2013 Premium Reiser\u00e4der, Trekking Bikes, E-Bikes &amp; Vakantiefietsen\" \/>\n<meta property=\"og:url\" content=\"https:\/\/www.idworx-bikes.de\/nl\/nieuws\" \/>\n<meta property=\"og:site_name\" content=\"idworx \u2013 Premium Reiser\u00e4der, Trekking Bikes, E-Bikes &amp; Vakantiefietsen\" \/>\n<meta property=\"article:publisher\" content=\"https:\/\/www.facebook.com\/Idworx-202013906499907\/\" \/>\n<meta property=\"article:modified_time\" content=\"2020-10-02T17:20:25+00:00\" \/>\n<meta property=\"og:image\" content=\"https:\/\/www.idworx-bikes.de\/wp-content\/uploads\/2015\/12\/idworx-logo_b.png\" \/>\n\t<meta property=\"og:image:width\" content=\"216\" \/>\n\t<meta property=\"og:image:height\" content=\"69\" \/>\n\t<meta property=\"og:image:type\" content=\"image\/png\" \/>\n<script type=\"application\/ld+json\" class=\"yoast-schema-graph\">{\"@context\":\"https:\\\/\\\/schema.org\",\"@graph\":[{\"@type\":\"WebPage\",\"@id\":\"https:\\\/\\\/www.idworx-bikes.de\\\/nl\\\/nieuws\",\"url\":\"https:\\\/\\\/www.idworx-bikes.de\\\/nl\\\/nieuws\",\"name\":\"Nieuws - idworx \u2013 Premium Reiser\u00e4der, Trekking Bikes, E-Bikes &amp; Vakantiefietsen\",\"isPartOf\":{\"@id\":\"https:\\\/\\\/www.idworx-bikes.de\\\/#website\"},\"datePublished\":\"2020-10-02T11:52:30+00:00\",\"dateModified\":\"2020-10-02T17:20:25+00:00\",\"breadcrumb\":{\"@id\":\"https:\\\/\\\/www.idworx-bikes.de\\\/nl\\\/nieuws#breadcrumb\"},\"inLanguage\":\"nl-NL\",\"potentialAction\":[{\"@type\":\"ReadAction\",\"target\":[\"https:\\\/\\\/www.idworx-bikes.de\\\/nl\\\/nieuws\"]}]},{\"@type\":\"BreadcrumbList\",\"@id\":\"https:\\\/\\\/www.idworx-bikes.de\\\/nl\\\/nieuws#breadcrumb\",\"itemListElement\":[{\"@type\":\"ListItem\",\"position\":1,\"name\":\"Home\",\"item\":\"https:\\\/\\\/www.idworx-bikes.de\\\/nl\"},{\"@type\":\"ListItem\",\"position\":2,\"name\":\"Nieuws\"}]},{\"@type\":\"WebSite\",\"@id\":\"https:\\\/\\\/www.idworx-bikes.de\\\/#website\",\"url\":\"https:\\\/\\\/www.idworx-bikes.de\\\/\",\"name\":\"idworx \u2013 Premium Reiser\u00e4der, Trekking Bikes, E-Bikes &amp; Vakantiefietsen\",\"description\":\"It works! Handgefertigte Bikes f\u00fcr h\u00f6chste Anspr\u00fcche\",\"publisher\":{\"@id\":\"https:\\\/\\\/www.idworx-bikes.de\\\/#organization\"},\"potentialAction\":[{\"@type\":\"SearchAction\",\"target\":{\"@type\":\"EntryPoint\",\"urlTemplate\":\"https:\\\/\\\/www.idworx-bikes.de\\\/?s={search_term_string}\"},\"query-input\":{\"@type\":\"PropertyValueSpecification\",\"valueRequired\":true,\"valueName\":\"search_term_string\"}}],\"inLanguage\":\"nl-NL\"},{\"@type\":\"Organization\",\"@id\":\"https:\\\/\\\/www.idworx-bikes.de\\\/#organization\",\"name\":\"idworx\",\"url\":\"https:\\\/\\\/www.idworx-bikes.de\\\/\",\"logo\":{\"@type\":\"ImageObject\",\"inLanguage\":\"nl-NL\",\"@id\":\"https:\\\/\\\/www.idworx-bikes.de\\\/#\\\/schema\\\/logo\\\/image\\\/\",\"url\":\"https:\\\/\\\/www.idworx-bikes.de\\\/wp-content\\\/uploads\\\/2015\\\/12\\\/idworx-logo_b.png\",\"contentUrl\":\"https:\\\/\\\/www.idworx-bikes.de\\\/wp-content\\\/uploads\\\/2015\\\/12\\\/idworx-logo_b.png\",\"width\":216,\"height\":69,\"caption\":\"idworx\"},\"image\":{\"@id\":\"https:\\\/\\\/www.idworx-bikes.de\\\/#\\\/schema\\\/logo\\\/image\\\/\"},\"sameAs\":[\"https:\\\/\\\/www.facebook.com\\\/Idworx-202013906499907\\\/\"]}]}<\/script>\n<!-- \/ Yoast SEO plugin. -->","yoast_head_json":{"title":"Nieuws - idworx \u2013 Premium Reiser\u00e4der, Trekking Bikes, E-Bikes &amp; Vakantiefietsen","robots":{"index":"index","follow":"follow","max-snippet":"max-snippet:-1","max-image-preview":"max-image-preview:large","max-video-preview":"max-video-preview:-1"},"canonical":"https:\/\/www.idworx-bikes.de\/nl\/nieuws","og_locale":"nl_NL","og_type":"article","og_title":"Nieuws - idworx \u2013 Premium Reiser\u00e4der, Trekking Bikes, E-Bikes &amp; Vakantiefietsen","og_url":"https:\/\/www.idworx-bikes.de\/nl\/nieuws","og_site_name":"idworx \u2013 Premium Reiser\u00e4der, Trekking Bikes, E-Bikes &amp; Vakantiefietsen","article_publisher":"https:\/\/www.facebook.com\/Idworx-202013906499907\/","article_modified_time":"2020-10-02T17:20:25+00:00","og_image":[{"width":216,"height":69,"url":"https:\/\/www.idworx-bikes.de\/wp-content\/uploads\/2015\/12\/idworx-logo_b.png","type":"image\/png"}],"schema":{"@context":"https:\/\/schema.org","@graph":[{"@type":"WebPage","@id":"https:\/\/www.idworx-bikes.de\/nl\/nieuws","url":"https:\/\/www.idworx-bikes.de\/nl\/nieuws","name":"Nieuws - idworx \u2013 Premium Reiser\u00e4der, Trekking Bikes, E-Bikes &amp; Vakantiefietsen","isPartOf":{"@id":"https:\/\/www.idworx-bikes.de\/#website"},"datePublished":"2020-10-02T11:52:30+00:00","dateModified":"2020-10-02T17:20:25+00:00","breadcrumb":{"@id":"https:\/\/www.idworx-bikes.de\/nl\/nieuws#breadcrumb"},"inLanguage":"nl-NL","potentialAction":[{"@type":"ReadAction","target":["https:\/\/www.idworx-bikes.de\/nl\/nieuws"]}]},{"@type":"BreadcrumbList","@id":"https:\/\/www.idworx-bikes.de\/nl\/nieuws#breadcrumb","itemListElement":[{"@type":"ListItem","position":1,"name":"Home","item":"https:\/\/www.idworx-bikes.de\/nl"},{"@type":"ListItem","position":2,"name":"Nieuws"}]},{"@type":"WebSite","@id":"https:\/\/www.idworx-bikes.de\/#website","url":"https:\/\/www.idworx-bikes.de\/","name":"idworx \u2013 Premium Reiser\u00e4der, Trekking Bikes, E-Bikes &amp; Vakantiefietsen","description":"It works! Handgefertigte Bikes f\u00fcr h\u00f6chste Anspr\u00fcche","publisher":{"@id":"https:\/\/www.idworx-bikes.de\/#organization"},"potentialAction":[{"@type":"SearchAction","target":{"@type":"EntryPoint","urlTemplate":"https:\/\/www.idworx-bikes.de\/?s={search_term_string}"},"query-input":{"@type":"PropertyValueSpecification","valueRequired":true,"valueName":"search_term_string"}}],"inLanguage":"nl-NL"},{"@type":"Organization","@id":"https:\/\/www.idworx-bikes.de\/#organization","name":"idworx","url":"https:\/\/www.idworx-bikes.de\/","logo":{"@type":"ImageObject","inLanguage":"nl-NL","@id":"https:\/\/www.idworx-bikes.de\/#\/schema\/logo\/image\/","url":"https:\/\/www.idworx-bikes.de\/wp-content\/uploads\/2015\/12\/idworx-logo_b.png","contentUrl":"https:\/\/www.idworx-bikes.de\/wp-content\/uploads\/2015\/12\/idworx-logo_b.png","width":216,"height":69,"caption":"idworx"},"image":{"@id":"https:\/\/www.idworx-bikes.de\/#\/schema\/logo\/image\/"},"sameAs":["https:\/\/www.facebook.com\/Idworx-202013906499907\/"]}]}},"_links":{"self":[{"href":"https:\/\/www.idworx-bikes.de\/nl\/wp-json\/wp\/v2\/pages\/8321","targetHints":{"allow":["GET"]}}],"collection":[{"href":"https:\/\/www.idworx-bikes.de\/nl\/wp-json\/wp\/v2\/pages"}],"about":[{"href":"https:\/\/www.idworx-bikes.de\/nl\/wp-json\/wp\/v2\/types\/page"}],"author":[{"embeddable":true,"href":"https:\/\/www.idworx-bikes.de\/nl\/wp-json\/wp\/v2\/users\/9"}],"replies":[{"embeddable":true,"href":"https:\/\/www.idworx-bikes.de\/nl\/wp-json\/wp\/v2\/comments?post=8321"}],"version-history":[{"count":2,"href":"https:\/\/www.idworx-bikes.de\/nl\/wp-json\/wp\/v2\/pages\/8321\/revisions"}],"predecessor-version":[{"id":8342,"href":"https:\/\/www.idworx-bikes.de\/nl\/wp-json\/wp\/v2\/pages\/8321\/revisions\/8342"}],"wp:attachment":[{"href":"https:\/\/www.idworx-bikes.de\/nl\/wp-json\/wp\/v2\/media?parent=8321"}],"curies":[{"name":"wp","href":"https:\/\/api.w.org\/{rel}","templated":true}]}}