{"id":8326,"date":"2020-10-02T13:58:21","date_gmt":"2020-10-02T11:58:21","guid":{"rendered":"https:\/\/www.idworx-bikes.de\/pers"},"modified":"2020-10-02T19:24:53","modified_gmt":"2020-10-02T17:24:53","slug":"pers","status":"publish","type":"page","link":"https:\/\/www.idworx-bikes.de\/nl\/pers","title":{"rendered":"Pers"},"content":{"rendered":"<ul class=\"lcp_catlist\" id=\"lcp_instance_1\"><li><a href=\"https:\/\/www.idworx-bikes.de\/nl\/opinion-wachtberg-edition-testwinnaar-in-radfahren-03-2026\" title=\"oPinion Wachtberg Edition: Testwinnaar in &quot;RADfahren&quot; 03\/2026\"><img loading=\"lazy\" decoding=\"async\" width=\"160\" height=\"160\" src=\"https:\/\/www.idworx-bikes.de\/wp-content\/uploads\/2025\/09\/BBG_2398-cor-250x250.jpeg\" class=\"news_thumb wp-post-image\" alt=\"oPinion Wachtberg Edition: Testwinnaar in &quot;RADfahren&quot; 03\/2026\" srcset=\"https:\/\/www.idworx-bikes.de\/wp-content\/uploads\/2025\/09\/BBG_2398-cor-250x250.jpeg 250w, https:\/\/www.idworx-bikes.de\/wp-content\/uploads\/2025\/09\/BBG_2398-cor-100x100.jpeg 100w\" sizes=\"auto, (max-width: 160px) 100vw, 160px\" \/><\/a><a href=\"https:\/\/www.idworx-bikes.de\/nl\/opinion-wachtberg-edition-testwinnaar-in-radfahren-03-2026\" class=\"lcp_title\">oPinion Wachtberg Edition: Testwinnaar in &#8220;RADfahren&#8221; 03\/2026<\/a><div class=\"lcp_excerpt\">In de vergelijkende test van toerfietsen, uitgevoerd door het wielermagazine &#8220;RADfahren&#8221; 03\/2026, kwam onze oPinion trekkingfiets in de Wachtberg Edition als winnaar uit de bus en liet daarmee zes concurrenten achter zich. Het testteam verklaarde: &#8220;Het complete Idworx-concept heeft ons overtuigd en verdient de eindoverwinning in ...<\/div><span class=\"lcp_author\">Jana Kalbertodt<\/span><span class=\"lcp_date\">  28.04.2026<\/span><\/li><li><a href=\"https:\/\/www.idworx-bikes.de\/nl\/test-idworx-all-rohler-in-radfahren-05-25\" title=\"Test idworx All Rohler in RADfahren 05\/25\"><img loading=\"lazy\" decoding=\"async\" width=\"160\" height=\"160\" src=\"https:\/\/www.idworx-bikes.de\/wp-content\/uploads\/2025\/07\/525-Kopie-250x250.png\" class=\"news_thumb wp-post-image\" alt=\"Test idworx All Rohler in RADfahren 05\/25\" srcset=\"https:\/\/www.idworx-bikes.de\/wp-content\/uploads\/2025\/07\/525-Kopie-250x250.png 250w, https:\/\/www.idworx-bikes.de\/wp-content\/uploads\/2025\/07\/525-Kopie-100x100.png 100w\" sizes=\"auto, (max-width: 160px) 100vw, 160px\" \/><\/a><a href=\"https:\/\/www.idworx-bikes.de\/nl\/test-idworx-all-rohler-in-radfahren-05-25\" class=\"lcp_title\">Test idworx All Rohler in RADfahren 05\/25<\/a><div class=\"lcp_excerpt\">Onze idworx All Rohler won opnieuw de vergelijkingstest &#8220;Trekking Bikes&#8221; in nummer 05\/25 van het tijdschrift RADfahren met de hoogste score van 1,2. De conclusie van de testers: &#8220;Het voor idworx typische perfectionisme is merkbaar in elk detail en op elke meter. De fiets rijdt als ...<\/div><span class=\"lcp_author\">Jana Kalbertodt<\/span><span class=\"lcp_date\">  21.07.2025<\/span><\/li><li><a href=\"https:\/\/www.idworx-bikes.de\/nl\/test-opinion-ti-met-topscores\" title=\"Test oPinion Ti met topscores\"><img loading=\"lazy\" decoding=\"async\" width=\"160\" height=\"160\" src=\"https:\/\/www.idworx-bikes.de\/wp-content\/uploads\/2024\/12\/2025_rf_01_Testurteile_EM_sg-Kopie-250x250.png\" class=\"news_thumb wp-post-image\" alt=\"Test oPinion Ti met topscores\" srcset=\"https:\/\/www.idworx-bikes.de\/wp-content\/uploads\/2024\/12\/2025_rf_01_Testurteile_EM_sg-Kopie-250x250.png 250w, https:\/\/www.idworx-bikes.de\/wp-content\/uploads\/2024\/12\/2025_rf_01_Testurteile_EM_sg-Kopie-100x100.png 100w\" sizes=\"auto, (max-width: 160px) 100vw, 160px\" \/><\/a><a href=\"https:\/\/www.idworx-bikes.de\/nl\/test-opinion-ti-met-topscores\" class=\"lcp_title\">Test oPinion Ti met topscores<\/a><div class=\"lcp_excerpt\">Ons oPinion Ti-model wint opnieuw de vergelijkingstest \u201cTitan Bikes\u201d in de huidige uitgave van RADfahr magazine met het hoogste cijfer van 1,2. Conclusie van de testers: &#8220;De idworx oPinion Ti kost veel geld. Maar er is momenteel geen harmonieuzere, betere trekkingfiets op de markt. Het streven ...<\/div><span class=\"lcp_author\">Jana Kalbertodt<\/span><span class=\"lcp_date\">  11.12.2024<\/span><\/li><li><a href=\"https:\/\/www.idworx-bikes.de\/nl\/test-rapid-rohler-gravel-met-topcijfers\" title=\"Test Rapid Rohler-gravel met topcijfers\"><img loading=\"lazy\" decoding=\"async\" width=\"160\" height=\"160\" src=\"https:\/\/www.idworx-bikes.de\/wp-content\/uploads\/2022\/12\/BBG_1307-cor-250x250.jpg\" class=\"news_thumb wp-post-image\" alt=\"Test Rapid Rohler-gravel met topcijfers\" srcset=\"https:\/\/www.idworx-bikes.de\/wp-content\/uploads\/2022\/12\/BBG_1307-cor-250x250.jpg 250w, https:\/\/www.idworx-bikes.de\/wp-content\/uploads\/2022\/12\/BBG_1307-cor-100x100.jpg 100w\" sizes=\"auto, (max-width: 160px) 100vw, 160px\" \/><\/a><a href=\"https:\/\/www.idworx-bikes.de\/nl\/test-rapid-rohler-gravel-met-topcijfers\" class=\"lcp_title\">Test Rapid Rohler-gravel met topcijfers<\/a><div class=\"lcp_excerpt\">In het nummer 06\/24 van het fietsmagazine \u201cRADFahren\u201d werden 24 grindfietsen getest die geschikt zijn voor avontuur. Onze interpretatie van deze voertuigcategorie, ons Rapid Rohler gravel, behaalde de beste beoordeling met een cijfer van 1,4. Klik hier voor de test.\nRADfahren 06\/24\n<\/div><span class=\"lcp_author\">Jana Kalbertodt<\/span><span class=\"lcp_date\">  22.08.2024<\/span><\/li><li><a href=\"https:\/\/www.idworx-bikes.de\/nl\/mybike-magazine-lezerskeuze-fiets-van-het-jaar-idworx-rohler-blt\" title=\"MyBike Magazine Lezerskeuze &quot;Fiets van het jaar&quot; idworx Rohler BLT\"><img loading=\"lazy\" decoding=\"async\" width=\"160\" height=\"160\" src=\"https:\/\/www.idworx-bikes.de\/wp-content\/uploads\/2024\/06\/BOTY_MYB_2024-Fahrrad-Rohler-250x250.png\" class=\"news_thumb wp-post-image\" alt=\"MyBike Magazine Lezerskeuze &quot;Fiets van het jaar&quot; idworx Rohler BLT\" srcset=\"https:\/\/www.idworx-bikes.de\/wp-content\/uploads\/2024\/06\/BOTY_MYB_2024-Fahrrad-Rohler-250x250.png 250w, https:\/\/www.idworx-bikes.de\/wp-content\/uploads\/2024\/06\/BOTY_MYB_2024-Fahrrad-Rohler-300x300.png 300w, https:\/\/www.idworx-bikes.de\/wp-content\/uploads\/2024\/06\/BOTY_MYB_2024-Fahrrad-Rohler-1024x1024.png 1024w, https:\/\/www.idworx-bikes.de\/wp-content\/uploads\/2024\/06\/BOTY_MYB_2024-Fahrrad-Rohler-768x768.png 768w, https:\/\/www.idworx-bikes.de\/wp-content\/uploads\/2024\/06\/BOTY_MYB_2024-Fahrrad-Rohler-1536x1536.png 1536w, https:\/\/www.idworx-bikes.de\/wp-content\/uploads\/2024\/06\/BOTY_MYB_2024-Fahrrad-Rohler-324x324.png 324w, https:\/\/www.idworx-bikes.de\/wp-content\/uploads\/2024\/06\/BOTY_MYB_2024-Fahrrad-Rohler-416x416.png 416w, https:\/\/www.idworx-bikes.de\/wp-content\/uploads\/2024\/06\/BOTY_MYB_2024-Fahrrad-Rohler-100x100.png 100w, https:\/\/www.idworx-bikes.de\/wp-content\/uploads\/2024\/06\/BOTY_MYB_2024-Fahrrad-Rohler.png 1772w\" sizes=\"auto, (max-width: 160px) 100vw, 160px\" \/><\/a><a href=\"https:\/\/www.idworx-bikes.de\/nl\/mybike-magazine-lezerskeuze-fiets-van-het-jaar-idworx-rohler-blt\" class=\"lcp_title\">MyBike Magazine Lezerskeuze &#8220;Fiets van het jaar&#8221; idworx Rohler BLT<\/a><div class=\"lcp_excerpt\">In de grote lezersenqu\u00eate in het tijdschrift MyBike werd ons Rohler BLT-model opnieuw verkozen tot &#8220;Fiets van het jaar 2024&#8221;. In 2020 wist het deze titel al te veroveren. Wij zijn bijzonder trots op deze prijs omdat deze wordt gestemd door lezers en niet door een ...<\/div><span class=\"lcp_author\">Jana Kalbertodt<\/span><span class=\"lcp_date\">  27.06.2024<\/span><\/li><li><a href=\"https:\/\/www.idworx-bikes.de\/nl\/idworx-off-rohler-sellout\" title=\"idworx Off Rohler - Sellout!\"><img loading=\"lazy\" decoding=\"async\" width=\"160\" height=\"120\" src=\"https:\/\/www.idworx-bikes.de\/wp-content\/uploads\/2018\/05\/Sun-ray.jpg\" class=\"news_thumb wp-post-image\" alt=\"idworx Off Rohler - Sellout!\" \/><\/a><a href=\"https:\/\/www.idworx-bikes.de\/nl\/idworx-off-rohler-sellout\" class=\"lcp_title\">idworx Off Rohler &#8211; Sellout!<\/a><div class=\"lcp_excerpt\">Koop een van de laatste idworx Off Rohler Evo, onze klassieke avonturenfiets, voor de absoluut speciale prijs van \u20ac 3.998*. Dankzij zijn offroad-geometrie, massieve 26\u2033 wielen met 60 mm brede Schwalbe-banden, de beproefde Rohloff-naafversnelling en de vele doordachte en voortdurend verfijnde idworx-details is hij niets minder ...<\/div><span class=\"lcp_author\">Jana Kalbertodt<\/span><span class=\"lcp_date\">  28.05.2024<\/span><\/li><li><a href=\"https:\/\/www.idworx-bikes.de\/nl\/test-winnar-opinion-in-radfahren-07-23\" title=\"Test winnar oPinion in &quot;RADfahren&quot; 07\/23\"><img loading=\"lazy\" decoding=\"async\" width=\"160\" height=\"160\" src=\"https:\/\/www.idworx-bikes.de\/wp-content\/uploads\/2022\/12\/BBG_1353-250x250.jpg\" class=\"news_thumb wp-post-image\" alt=\"Test winnar oPinion in &quot;RADfahren&quot; 07\/23\" srcset=\"https:\/\/www.idworx-bikes.de\/wp-content\/uploads\/2022\/12\/BBG_1353-250x250.jpg 250w, https:\/\/www.idworx-bikes.de\/wp-content\/uploads\/2022\/12\/BBG_1353-100x100.jpg 100w\" sizes=\"auto, (max-width: 160px) 100vw, 160px\" \/><\/a><a href=\"https:\/\/www.idworx-bikes.de\/nl\/test-winnar-opinion-in-radfahren-07-23\" class=\"lcp_title\">Test winnar oPinion in &#8220;RADfahren&#8221; 07\/23<\/a><div class=\"lcp_excerpt\">Met het hoogste cijfer van 1,2 kwam onze oPinion als beste uit de test &#8220;Reiser\u00e4der&#8221;, in de huidige uitgave van &#8220;RADfahren&#8221; 07\/23,tegen 8 concurrenten van bekende fabrikanten.\nRADfahren 07\/23\n<\/div><span class=\"lcp_author\">Jana Kalbertodt<\/span><span class=\"lcp_date\">  30.10.2023<\/span><\/li><li><a href=\"https:\/\/www.idworx-bikes.de\/nl\/test-rohler-blt-in-my-bike-03-23\" title=\"Test Rohler BLT in MY BIKE 03\/23\"><img loading=\"lazy\" decoding=\"async\" width=\"160\" height=\"160\" src=\"https:\/\/www.idworx-bikes.de\/wp-content\/uploads\/2022\/09\/R-BLT_2021_mo_II-cor-250x250.jpg\" class=\"news_thumb wp-post-image\" alt=\"Test Rohler BLT in MY BIKE 03\/23\" srcset=\"https:\/\/www.idworx-bikes.de\/wp-content\/uploads\/2022\/09\/R-BLT_2021_mo_II-cor-250x250.jpg 250w, https:\/\/www.idworx-bikes.de\/wp-content\/uploads\/2022\/09\/R-BLT_2021_mo_II-cor-100x100.jpg 100w\" sizes=\"auto, (max-width: 160px) 100vw, 160px\" \/><\/a><a href=\"https:\/\/www.idworx-bikes.de\/nl\/test-rohler-blt-in-my-bike-03-23\" class=\"lcp_title\">Test Rohler BLT in MY BIKE 03\/23<\/a><div class=\"lcp_excerpt\">MY BIKE 03\/23\n<\/div><span class=\"lcp_author\">Jana Kalbertodt<\/span><span class=\"lcp_date\">  11.05.2023<\/span><\/li><li><a href=\"https:\/\/www.idworx-bikes.de\/nl\/test-winnaar-all-rohler-drop-bar-in-radtouren-02-23\" title=\"Test winnaar All Rohler Drop Bar in &quot;RADtouren&quot; 02\/23\"><img loading=\"lazy\" decoding=\"async\" width=\"160\" height=\"160\" src=\"https:\/\/www.idworx-bikes.de\/wp-content\/uploads\/2022\/12\/BBG_1319-cor-250x250.jpg\" class=\"news_thumb wp-post-image\" alt=\"Test winnaar All Rohler Drop Bar in &quot;RADtouren&quot; 02\/23\" srcset=\"https:\/\/www.idworx-bikes.de\/wp-content\/uploads\/2022\/12\/BBG_1319-cor-250x250.jpg 250w, https:\/\/www.idworx-bikes.de\/wp-content\/uploads\/2022\/12\/BBG_1319-cor-100x100.jpg 100w\" sizes=\"auto, (max-width: 160px) 100vw, 160px\" \/><\/a><a href=\"https:\/\/www.idworx-bikes.de\/nl\/test-winnaar-all-rohler-drop-bar-in-radtouren-02-23\" class=\"lcp_title\">Test winnaar All Rohler Drop Bar in &#8220;RADtouren&#8221; 02\/23<\/a><div class=\"lcp_excerpt\">Met het hoogste cijfer van 1,3 kwam onze All Rohler met Drop Bar-optie als beste uit de test &#8220;Randonneure &#038; Gravelbikes&#8221;, in de huidige uitgave van &#8220;RADtouren&#8221; 23\/02,tegen 12 concurrenten van bekende fabrikanten.\nRADtouren 02\/23\n<\/div><span class=\"lcp_author\">Jana Kalbertodt<\/span><span class=\"lcp_date\">  17.02.2023<\/span><\/li><li><a href=\"https:\/\/www.idworx-bikes.de\/nl\/test-idworx-rapid-rohler-op-velozine-nl\" title=\"Test idworx Rapid Rohler op Velozine.nl\"><img loading=\"lazy\" decoding=\"async\" width=\"160\" height=\"160\" src=\"https:\/\/www.idworx-bikes.de\/wp-content\/uploads\/2022\/12\/Idworx-Rapid-Rohler_FMP8653_12x08-1-250x250.jpg\" class=\"news_thumb wp-post-image\" alt=\"Test idworx Rapid Rohler op Velozine.nl\" srcset=\"https:\/\/www.idworx-bikes.de\/wp-content\/uploads\/2022\/12\/Idworx-Rapid-Rohler_FMP8653_12x08-1-250x250.jpg 250w, https:\/\/www.idworx-bikes.de\/wp-content\/uploads\/2022\/12\/Idworx-Rapid-Rohler_FMP8653_12x08-1-100x100.jpg 100w\" sizes=\"auto, (max-width: 160px) 100vw, 160px\" \/><\/a><a href=\"https:\/\/www.idworx-bikes.de\/nl\/test-idworx-rapid-rohler-op-velozine-nl\" class=\"lcp_title\">Test idworx Rapid Rohler op Velozine.nl<\/a><div class=\"lcp_excerpt\">Het online magazine Velozine.nl achtervolgde onze Rapid Rohler uitgebreid over de Nederlandse singletrails. Het resultaat lees je hier:\nhttps:\/\/www.velozine.nl\n<\/div><span class=\"lcp_author\">Jana Kalbertodt<\/span><span class=\"lcp_date\">  23.12.2022<\/span><\/li><\/ul><ul class='lcp_paginator'><li class='lcp_currentpage'>1<\/li><li><a href='https:\/\/www.idworx-bikes.de\/nl\/wp-json\/wp\/v2\/pages\/8326?lcp_page1=2#lcp_instance_1' title='2'>2<\/a><\/li><li><a href='https:\/\/www.idworx-bikes.de\/nl\/wp-json\/wp\/v2\/pages\/8326?lcp_page1=3#lcp_instance_1' title='3'>3<\/a><\/li><li><a href='https:\/\/www.idworx-bikes.de\/nl\/wp-json\/wp\/v2\/pages\/8326?lcp_page1=4#lcp_instance_1' title='4'>4<\/a><\/li><li><a href='https:\/\/www.idworx-bikes.de\/nl\/wp-json\/wp\/v2\/pages\/8326?lcp_page1=5#lcp_instance_1' title='5'>5<\/a><\/li><li><a href='https:\/\/www.idworx-bikes.de\/nl\/wp-json\/wp\/v2\/pages\/8326?lcp_page1=6#lcp_instance_1' title='6'>6<\/a><\/li><span class='lcp_elipsis'>...<\/span><li><a href='https:\/\/www.idworx-bikes.de\/nl\/wp-json\/wp\/v2\/pages\/8326?lcp_page1=11#lcp_instance_1' title='11'>11<\/a><\/li><li><a href='https:\/\/www.idworx-bikes.de\/nl\/wp-json\/wp\/v2\/pages\/8326?lcp_page1=2#lcp_instance_1' title='2' class='lcp_nextlink'>&gt;&gt;<\/a><\/li><\/ul>\n","protected":false},"excerpt":{"rendered":"","protected":false},"author":9,"featured_media":0,"parent":0,"menu_order":0,"comment_status":"closed","ping_status":"closed","template":"","meta":{"footnotes":""},"class_list":["post-8326","page","type-page","status-publish","hentry"],"yoast_head":"<!-- This site is optimized with the Yoast SEO plugin v27.5 - https:\/\/yoast.com\/product\/yoast-seo-wordpress\/ -->\n<title>Pers - idworx \u2013 Premium Reiser\u00e4der, Trekking Bikes, E-Bikes &amp; Vakantiefietsen<\/title>\n<meta name=\"robots\" content=\"index, follow, max-snippet:-1, max-image-preview:large, max-video-preview:-1\" \/>\n<link rel=\"canonical\" href=\"https:\/\/www.idworx-bikes.de\/nl\/pers\" \/>\n<meta property=\"og:locale\" content=\"nl_NL\" \/>\n<meta property=\"og:type\" content=\"article\" \/>\n<meta property=\"og:title\" content=\"Pers - idworx \u2013 Premium Reiser\u00e4der, Trekking Bikes, E-Bikes &amp; Vakantiefietsen\" \/>\n<meta property=\"og:url\" content=\"https:\/\/www.idworx-bikes.de\/nl\/pers\" \/>\n<meta property=\"og:site_name\" content=\"idworx \u2013 Premium Reiser\u00e4der, Trekking Bikes, E-Bikes &amp; Vakantiefietsen\" \/>\n<meta property=\"article:publisher\" content=\"https:\/\/www.facebook.com\/Idworx-202013906499907\/\" \/>\n<meta property=\"article:modified_time\" content=\"2020-10-02T17:24:53+00:00\" \/>\n<meta property=\"og:image\" content=\"https:\/\/www.idworx-bikes.de\/wp-content\/uploads\/2015\/12\/idworx-logo_b.png\" \/>\n\t<meta property=\"og:image:width\" content=\"216\" \/>\n\t<meta property=\"og:image:height\" content=\"69\" \/>\n\t<meta property=\"og:image:type\" content=\"image\/png\" \/>\n<script type=\"application\/ld+json\" class=\"yoast-schema-graph\">{\"@context\":\"https:\\\/\\\/schema.org\",\"@graph\":[{\"@type\":\"WebPage\",\"@id\":\"https:\\\/\\\/www.idworx-bikes.de\\\/nl\\\/pers\",\"url\":\"https:\\\/\\\/www.idworx-bikes.de\\\/nl\\\/pers\",\"name\":\"Pers - idworx \u2013 Premium Reiser\u00e4der, Trekking Bikes, E-Bikes &amp; Vakantiefietsen\",\"isPartOf\":{\"@id\":\"https:\\\/\\\/www.idworx-bikes.de\\\/#website\"},\"datePublished\":\"2020-10-02T11:58:21+00:00\",\"dateModified\":\"2020-10-02T17:24:53+00:00\",\"breadcrumb\":{\"@id\":\"https:\\\/\\\/www.idworx-bikes.de\\\/nl\\\/pers#breadcrumb\"},\"inLanguage\":\"nl-NL\",\"potentialAction\":[{\"@type\":\"ReadAction\",\"target\":[\"https:\\\/\\\/www.idworx-bikes.de\\\/nl\\\/pers\"]}]},{\"@type\":\"BreadcrumbList\",\"@id\":\"https:\\\/\\\/www.idworx-bikes.de\\\/nl\\\/pers#breadcrumb\",\"itemListElement\":[{\"@type\":\"ListItem\",\"position\":1,\"name\":\"Home\",\"item\":\"https:\\\/\\\/www.idworx-bikes.de\\\/nl\"},{\"@type\":\"ListItem\",\"position\":2,\"name\":\"Pers\"}]},{\"@type\":\"WebSite\",\"@id\":\"https:\\\/\\\/www.idworx-bikes.de\\\/#website\",\"url\":\"https:\\\/\\\/www.idworx-bikes.de\\\/\",\"name\":\"idworx \u2013 Premium Reiser\u00e4der, Trekking Bikes, E-Bikes &amp; Vakantiefietsen\",\"description\":\"It works! Handgefertigte Bikes f\u00fcr h\u00f6chste Anspr\u00fcche\",\"publisher\":{\"@id\":\"https:\\\/\\\/www.idworx-bikes.de\\\/#organization\"},\"potentialAction\":[{\"@type\":\"SearchAction\",\"target\":{\"@type\":\"EntryPoint\",\"urlTemplate\":\"https:\\\/\\\/www.idworx-bikes.de\\\/?s={search_term_string}\"},\"query-input\":{\"@type\":\"PropertyValueSpecification\",\"valueRequired\":true,\"valueName\":\"search_term_string\"}}],\"inLanguage\":\"nl-NL\"},{\"@type\":\"Organization\",\"@id\":\"https:\\\/\\\/www.idworx-bikes.de\\\/#organization\",\"name\":\"idworx\",\"url\":\"https:\\\/\\\/www.idworx-bikes.de\\\/\",\"logo\":{\"@type\":\"ImageObject\",\"inLanguage\":\"nl-NL\",\"@id\":\"https:\\\/\\\/www.idworx-bikes.de\\\/#\\\/schema\\\/logo\\\/image\\\/\",\"url\":\"https:\\\/\\\/www.idworx-bikes.de\\\/wp-content\\\/uploads\\\/2015\\\/12\\\/idworx-logo_b.png\",\"contentUrl\":\"https:\\\/\\\/www.idworx-bikes.de\\\/wp-content\\\/uploads\\\/2015\\\/12\\\/idworx-logo_b.png\",\"width\":216,\"height\":69,\"caption\":\"idworx\"},\"image\":{\"@id\":\"https:\\\/\\\/www.idworx-bikes.de\\\/#\\\/schema\\\/logo\\\/image\\\/\"},\"sameAs\":[\"https:\\\/\\\/www.facebook.com\\\/Idworx-202013906499907\\\/\"]}]}<\/script>\n<!-- \/ Yoast SEO plugin. -->","yoast_head_json":{"title":"Pers - idworx \u2013 Premium Reiser\u00e4der, Trekking Bikes, E-Bikes &amp; Vakantiefietsen","robots":{"index":"index","follow":"follow","max-snippet":"max-snippet:-1","max-image-preview":"max-image-preview:large","max-video-preview":"max-video-preview:-1"},"canonical":"https:\/\/www.idworx-bikes.de\/nl\/pers","og_locale":"nl_NL","og_type":"article","og_title":"Pers - idworx \u2013 Premium Reiser\u00e4der, Trekking Bikes, E-Bikes &amp; Vakantiefietsen","og_url":"https:\/\/www.idworx-bikes.de\/nl\/pers","og_site_name":"idworx \u2013 Premium Reiser\u00e4der, Trekking Bikes, E-Bikes &amp; Vakantiefietsen","article_publisher":"https:\/\/www.facebook.com\/Idworx-202013906499907\/","article_modified_time":"2020-10-02T17:24:53+00:00","og_image":[{"width":216,"height":69,"url":"https:\/\/www.idworx-bikes.de\/wp-content\/uploads\/2015\/12\/idworx-logo_b.png","type":"image\/png"}],"schema":{"@context":"https:\/\/schema.org","@graph":[{"@type":"WebPage","@id":"https:\/\/www.idworx-bikes.de\/nl\/pers","url":"https:\/\/www.idworx-bikes.de\/nl\/pers","name":"Pers - idworx \u2013 Premium Reiser\u00e4der, Trekking Bikes, E-Bikes &amp; Vakantiefietsen","isPartOf":{"@id":"https:\/\/www.idworx-bikes.de\/#website"},"datePublished":"2020-10-02T11:58:21+00:00","dateModified":"2020-10-02T17:24:53+00:00","breadcrumb":{"@id":"https:\/\/www.idworx-bikes.de\/nl\/pers#breadcrumb"},"inLanguage":"nl-NL","potentialAction":[{"@type":"ReadAction","target":["https:\/\/www.idworx-bikes.de\/nl\/pers"]}]},{"@type":"BreadcrumbList","@id":"https:\/\/www.idworx-bikes.de\/nl\/pers#breadcrumb","itemListElement":[{"@type":"ListItem","position":1,"name":"Home","item":"https:\/\/www.idworx-bikes.de\/nl"},{"@type":"ListItem","position":2,"name":"Pers"}]},{"@type":"WebSite","@id":"https:\/\/www.idworx-bikes.de\/#website","url":"https:\/\/www.idworx-bikes.de\/","name":"idworx \u2013 Premium Reiser\u00e4der, Trekking Bikes, E-Bikes &amp; Vakantiefietsen","description":"It works! Handgefertigte Bikes f\u00fcr h\u00f6chste Anspr\u00fcche","publisher":{"@id":"https:\/\/www.idworx-bikes.de\/#organization"},"potentialAction":[{"@type":"SearchAction","target":{"@type":"EntryPoint","urlTemplate":"https:\/\/www.idworx-bikes.de\/?s={search_term_string}"},"query-input":{"@type":"PropertyValueSpecification","valueRequired":true,"valueName":"search_term_string"}}],"inLanguage":"nl-NL"},{"@type":"Organization","@id":"https:\/\/www.idworx-bikes.de\/#organization","name":"idworx","url":"https:\/\/www.idworx-bikes.de\/","logo":{"@type":"ImageObject","inLanguage":"nl-NL","@id":"https:\/\/www.idworx-bikes.de\/#\/schema\/logo\/image\/","url":"https:\/\/www.idworx-bikes.de\/wp-content\/uploads\/2015\/12\/idworx-logo_b.png","contentUrl":"https:\/\/www.idworx-bikes.de\/wp-content\/uploads\/2015\/12\/idworx-logo_b.png","width":216,"height":69,"caption":"idworx"},"image":{"@id":"https:\/\/www.idworx-bikes.de\/#\/schema\/logo\/image\/"},"sameAs":["https:\/\/www.facebook.com\/Idworx-202013906499907\/"]}]}},"_links":{"self":[{"href":"https:\/\/www.idworx-bikes.de\/nl\/wp-json\/wp\/v2\/pages\/8326","targetHints":{"allow":["GET"]}}],"collection":[{"href":"https:\/\/www.idworx-bikes.de\/nl\/wp-json\/wp\/v2\/pages"}],"about":[{"href":"https:\/\/www.idworx-bikes.de\/nl\/wp-json\/wp\/v2\/types\/page"}],"author":[{"embeddable":true,"href":"https:\/\/www.idworx-bikes.de\/nl\/wp-json\/wp\/v2\/users\/9"}],"replies":[{"embeddable":true,"href":"https:\/\/www.idworx-bikes.de\/nl\/wp-json\/wp\/v2\/comments?post=8326"}],"version-history":[{"count":1,"href":"https:\/\/www.idworx-bikes.de\/nl\/wp-json\/wp\/v2\/pages\/8326\/revisions"}],"predecessor-version":[{"id":8346,"href":"https:\/\/www.idworx-bikes.de\/nl\/wp-json\/wp\/v2\/pages\/8326\/revisions\/8346"}],"wp:attachment":[{"href":"https:\/\/www.idworx-bikes.de\/nl\/wp-json\/wp\/v2\/media?parent=8326"}],"curies":[{"name":"wp","href":"https:\/\/api.w.org\/{rel}","templated":true}]}}