{"id":934,"date":"2016-10-29T11:24:19","date_gmt":"2016-10-29T09:24:19","guid":{"rendered":"https:\/\/www.idworx-bikes.de\/nl\/?page_id=934"},"modified":"2017-08-29T15:28:38","modified_gmt":"2017-08-29T13:28:38","slug":"super-custom","status":"publish","type":"page","link":"https:\/\/www.idworx-bikes.de\/nl\/super-custom","title":{"rendered":"Super Custom"},"content":{"rendered":"<p><a href=\"https:\/\/www.idworx-bikes.de\/wp-content\/uploads\/2016\/10\/gerrit-super-custom.jpg\"><img loading=\"lazy\" decoding=\"async\" class=\"size-medium wp-image-962 alignleft\" src=\"https:\/\/www.idworx-bikes.de\/wp-content\/uploads\/2016\/10\/gerrit-super-custom-300x200.jpg\" alt=\"gerrit-super-custom\" width=\"300\" height=\"200\" \/><\/a>Wilt u graag een kleurrijke fiets?<br \/>\nWilt u een idworx, die zoveel mogelijk naar uw persoonlijke voorkeur is samengesteld?<br \/>\nOf wilt u gewoon een unieke idworx, waar er geen tweede van bestaat en waarbij ik, Gerrit Gaastra, u persoonlijk advies geef bij de realisatie hiervan?<\/p>\n<p>Het <em>idworx Super Custom program<\/em> is de snelste, gemakkelijkste en zeker de spannendste weg naar uw persoonlijke idworx.<\/p>\n<h2>Welke mogelijkheden zijn er in het kader van het <em>idworx Super Custom Program<\/em>?<\/h2>\n<p>De mogelijkheden zijn talrijk en daarom kan ik deze hier niet allemaal beschrijven. De wensen die het meest geuit worden zijn:<\/p>\n<ul>\n<li>Frame, voorvork en bepaalde onderdelen volgens uw wens monteren.<\/li>\n<li>Onderdelen zoals naven, spaaknippels, zadelpen en stuurpen wat kleur betreft op elkaar afstemmen.<\/li>\n<li>Andere keus van stuur, stuurpen, handvatten, zadelpen, banden, etc.<\/li>\n<\/ul>\n<p>Laat uw fantasie de vrije loop en geef mij aan wat u in gedachten heeft, dan kunnen wij hierover praten. Een klein aantal wensen zijn tot nu toe helaas niet mogelijk:<\/p>\n<ul>\n<li>Een op maat gemaakt frame met geometrie naar wens.<\/li>\n<li>Het weglaten of veranderen van basisfuncties van het frame, zoals idworx iSR, EBB. Deze functies zijn, evenals bepaalde onderdelen zoals bv. de Rohloff Speedhub van onze Rohloff fietsen, integraal onderdeel van de respectievelijke fietsconcepten en het frame en kunnen daarom niet worden gewijzigd.<\/li>\n<li>Het gebruik van een andere voorvork bij onze trekkingbikes.<\/li>\n<li>Het gebruik van andere velgen, dan die door ons zijn gemonteerd in onze fietsen met Magura FIRM-tech remmen.<\/li>\n<\/ul>\n<h2>Hoe verloopt de werkwijze?<\/h2>\n<ul>\n<li>De hele werkwijze is gebaseerd op het directe contact tussen u en mij.<\/li>\n<li>U schrijft ons via het e-mail contactformulier liefst zo gedetailleerd mogelijk, wat u in gedachten heeft.<\/li>\n<li>Daarna neem ik telefonisch contact met u op, om te bespreken welke van uw idee\u00ebn te realiseren zijn en voor welke idee\u00ebn we eventueel een andere oplossing moeten vinden. Ook bestaat de mogelijkheid om bij ons langs te komen. Dan kunnen we kennis maken en uw plan persoonlijk bespreken. Tevens kunt u ter plaatse verschillende opties bekijken.<\/li>\n<li>Vervolgens geven wij u een uitgewerkte offerte, zodat u weet met welke prijs u rekening moet houden.<\/li>\n<li>Als u daardoor toch nog een wijziging wilt doorvoeren, dan kunnen wij dat via telefonisch overleg regelen.<\/li>\n<li>Als alle details, inclusief de verwachte levertijd vast staan, dan bevestigt u de opdracht met een handtekening en ontvangt u daarna een rekening voor een aanbetaling van 50% van de aankoopprijs.<\/li>\n<li>U beslist of u uw persoonlijke idworx bij ons of bij uw idworx-dealer wilt ophalen. Bij u thuis afleveren via een vervoersbedrijf is ook mogelijk.<\/li>\n<\/ul>\n<p>Ik ben heel benieuwd naar uw ide\u00eben en kijk uit naar onze gesprekken.<\/p>\n<h2>The journey starts here &#8230;<\/h2>\n\n<div class=\"wpcf7 no-js\" id=\"wpcf7-f2663-o1\" lang=\"en-US\" dir=\"ltr\" data-wpcf7-id=\"2663\">\n<div class=\"screen-reader-response\"><p role=\"status\" aria-live=\"polite\" aria-atomic=\"true\"><\/p> <ul><\/ul><\/div>\n<form action=\"\/nl\/wp-json\/wp\/v2\/pages\/934#wpcf7-f2663-o1\" method=\"post\" class=\"wpcf7-form init\" aria-label=\"Contact form\" novalidate=\"novalidate\" data-status=\"init\">\n<fieldset class=\"hidden-fields-container\"><input type=\"hidden\" name=\"_wpcf7\" value=\"2663\" \/><input type=\"hidden\" name=\"_wpcf7_version\" value=\"6.1.5\" \/><input type=\"hidden\" name=\"_wpcf7_locale\" value=\"en_US\" \/><input type=\"hidden\" name=\"_wpcf7_unit_tag\" value=\"wpcf7-f2663-o1\" \/><input type=\"hidden\" name=\"_wpcf7_container_post\" value=\"0\" \/><input type=\"hidden\" name=\"_wpcf7_posted_data_hash\" value=\"\" \/>\n<\/fieldset>\n<p><label> Naam (vereist)<br \/>\n<span class=\"wpcf7-form-control-wrap\" data-name=\"your-name\"><input size=\"40\" maxlength=\"400\" class=\"wpcf7-form-control wpcf7-text wpcf7-validates-as-required\" aria-required=\"true\" aria-invalid=\"false\" value=\"\" type=\"text\" name=\"your-name\" \/><\/span> <\/label>\n<\/p>\n<p><label> Telefoon<br \/>\n<span class=\"wpcf7-form-control-wrap\" data-name=\"telephone\"><input size=\"40\" maxlength=\"400\" class=\"wpcf7-form-control wpcf7-tel wpcf7-text wpcf7-validates-as-tel\" aria-invalid=\"false\" value=\"\" type=\"tel\" name=\"telephone\" \/><\/span> <\/label>\n<\/p>\n<p><label> Adres<br \/>\n<span class=\"wpcf7-form-control-wrap\" data-name=\"address\"><input size=\"40\" maxlength=\"400\" class=\"wpcf7-form-control wpcf7-text\" aria-invalid=\"false\" value=\"\" type=\"text\" name=\"address\" \/><\/span> <\/label>\n<\/p>\n<p><label> E-mail (verplicht)<br \/>\n<span class=\"wpcf7-form-control-wrap\" data-name=\"email\"><input size=\"40\" maxlength=\"400\" class=\"wpcf7-form-control wpcf7-email wpcf7-validates-as-required wpcf7-text wpcf7-validates-as-email\" aria-required=\"true\" aria-invalid=\"false\" value=\"\" type=\"email\" name=\"email\" \/><\/span> <\/label>\n<\/p>\n<p><label> Onderwerp<br \/>\n<span class=\"wpcf7-form-control-wrap\" data-name=\"subject\"><textarea cols=\"40\" rows=\"10\" maxlength=\"2000\" class=\"wpcf7-form-control wpcf7-textarea\" aria-invalid=\"false\" name=\"subject\"><\/textarea><\/span> <\/label>\n<\/p>\n<p><label> Geen robots quiz: Type de naam van ons merk<br \/>\n<span class=\"wpcf7-form-control-wrap\" data-name=\"capital-quiz\"><label><span class=\"wpcf7-quiz-label\"><\/span> <input size=\"40\" class=\"wpcf7-form-control wpcf7-quiz\" autocomplete=\"off\" aria-required=\"true\" aria-invalid=\"false\" type=\"text\" name=\"capital-quiz\" \/><\/label><input type=\"hidden\" name=\"_wpcf7_quiz_answer_capital-quiz\" value=\"139516fcfdd1547d6b1e2b11d2aea181\" \/><\/span> <\/label>\n<\/p>\n<p><input class=\"wpcf7-form-control wpcf7-submit has-spinner\" type=\"submit\" value=\"Versturen\" \/>\n<\/p><div class=\"wpcf7-response-output\" aria-hidden=\"true\"><\/div>\n<\/form>\n<\/div>\n\n","protected":false},"excerpt":{"rendered":"<p>Wilt u graag een kleurrijke fiets? Wilt u een idworx, die zoveel mogelijk naar uw persoonlijke voorkeur is samengesteld? Of wilt u gewoon een unieke idworx, waar er geen tweede van bestaat en waarbij ik, Gerrit Gaastra, u persoonlijk advies geef bij de realisatie hiervan? Het idworx Super Custom program is de snelste, gemakkelijkste en [&hellip;]<\/p>\n","protected":false},"author":4,"featured_media":0,"parent":0,"menu_order":0,"comment_status":"closed","ping_status":"closed","template":"","meta":{"footnotes":""},"class_list":["post-934","page","type-page","status-publish","hentry"],"yoast_head":"<!-- This site is optimized with the Yoast SEO plugin v27.5 - https:\/\/yoast.com\/product\/yoast-seo-wordpress\/ -->\n<title>Super Custom - idworx \u2013 Premium Reiser\u00e4der, Trekking Bikes, E-Bikes &amp; Vakantiefietsen<\/title>\n<meta name=\"robots\" content=\"index, follow, max-snippet:-1, max-image-preview:large, max-video-preview:-1\" \/>\n<link rel=\"canonical\" href=\"https:\/\/www.idworx-bikes.de\/nl\/super-custom\" \/>\n<meta property=\"og:locale\" content=\"nl_NL\" \/>\n<meta property=\"og:type\" content=\"article\" \/>\n<meta property=\"og:title\" content=\"Super Custom - idworx \u2013 Premium Reiser\u00e4der, Trekking Bikes, E-Bikes &amp; Vakantiefietsen\" \/>\n<meta property=\"og:description\" content=\"Wilt u graag een kleurrijke fiets? Wilt u een idworx, die zoveel mogelijk naar uw persoonlijke voorkeur is samengesteld? Of wilt u gewoon een unieke idworx, waar er geen tweede van bestaat en waarbij ik, Gerrit Gaastra, u persoonlijk advies geef bij de realisatie hiervan? Het idworx Super Custom program is de snelste, gemakkelijkste en [&hellip;]\" \/>\n<meta property=\"og:url\" content=\"https:\/\/www.idworx-bikes.de\/nl\/super-custom\" \/>\n<meta property=\"og:site_name\" content=\"idworx \u2013 Premium Reiser\u00e4der, Trekking Bikes, E-Bikes &amp; Vakantiefietsen\" \/>\n<meta property=\"article:publisher\" content=\"https:\/\/www.facebook.com\/Idworx-202013906499907\/\" \/>\n<meta property=\"article:modified_time\" content=\"2017-08-29T13:28:38+00:00\" \/>\n<meta property=\"og:image\" content=\"https:\/\/www.idworx-bikes.de\/wp-content\/uploads\/2016\/10\/gerrit-super-custom-300x200.jpg\" \/>\n<meta name=\"twitter:label1\" content=\"Geschatte leestijd\" \/>\n\t<meta name=\"twitter:data1\" content=\"2 minuten\" \/>\n<script type=\"application\/ld+json\" class=\"yoast-schema-graph\">{\"@context\":\"https:\\\/\\\/schema.org\",\"@graph\":[{\"@type\":\"WebPage\",\"@id\":\"https:\\\/\\\/www.idworx-bikes.de\\\/nl\\\/super-custom\",\"url\":\"https:\\\/\\\/www.idworx-bikes.de\\\/nl\\\/super-custom\",\"name\":\"Super Custom - idworx \u2013 Premium Reiser\u00e4der, Trekking Bikes, E-Bikes &amp; Vakantiefietsen\",\"isPartOf\":{\"@id\":\"https:\\\/\\\/www.idworx-bikes.de\\\/#website\"},\"primaryImageOfPage\":{\"@id\":\"https:\\\/\\\/www.idworx-bikes.de\\\/nl\\\/super-custom#primaryimage\"},\"image\":{\"@id\":\"https:\\\/\\\/www.idworx-bikes.de\\\/nl\\\/super-custom#primaryimage\"},\"thumbnailUrl\":\"https:\\\/\\\/www.idworx-bikes.de\\\/wp-content\\\/uploads\\\/2016\\\/10\\\/gerrit-super-custom-300x200.jpg\",\"datePublished\":\"2016-10-29T09:24:19+00:00\",\"dateModified\":\"2017-08-29T13:28:38+00:00\",\"breadcrumb\":{\"@id\":\"https:\\\/\\\/www.idworx-bikes.de\\\/nl\\\/super-custom#breadcrumb\"},\"inLanguage\":\"nl-NL\",\"potentialAction\":[{\"@type\":\"ReadAction\",\"target\":[\"https:\\\/\\\/www.idworx-bikes.de\\\/nl\\\/super-custom\"]}]},{\"@type\":\"ImageObject\",\"inLanguage\":\"nl-NL\",\"@id\":\"https:\\\/\\\/www.idworx-bikes.de\\\/nl\\\/super-custom#primaryimage\",\"url\":\"https:\\\/\\\/www.idworx-bikes.de\\\/wp-content\\\/uploads\\\/2016\\\/10\\\/gerrit-super-custom-300x200.jpg\",\"contentUrl\":\"https:\\\/\\\/www.idworx-bikes.de\\\/wp-content\\\/uploads\\\/2016\\\/10\\\/gerrit-super-custom-300x200.jpg\"},{\"@type\":\"BreadcrumbList\",\"@id\":\"https:\\\/\\\/www.idworx-bikes.de\\\/nl\\\/super-custom#breadcrumb\",\"itemListElement\":[{\"@type\":\"ListItem\",\"position\":1,\"name\":\"Home\",\"item\":\"https:\\\/\\\/www.idworx-bikes.de\\\/nl\"},{\"@type\":\"ListItem\",\"position\":2,\"name\":\"Super Custom\"}]},{\"@type\":\"WebSite\",\"@id\":\"https:\\\/\\\/www.idworx-bikes.de\\\/#website\",\"url\":\"https:\\\/\\\/www.idworx-bikes.de\\\/\",\"name\":\"idworx \u2013 Premium Reiser\u00e4der, Trekking Bikes, E-Bikes &amp; Vakantiefietsen\",\"description\":\"It works! Handgefertigte Bikes f\u00fcr h\u00f6chste Anspr\u00fcche\",\"publisher\":{\"@id\":\"https:\\\/\\\/www.idworx-bikes.de\\\/#organization\"},\"potentialAction\":[{\"@type\":\"SearchAction\",\"target\":{\"@type\":\"EntryPoint\",\"urlTemplate\":\"https:\\\/\\\/www.idworx-bikes.de\\\/?s={search_term_string}\"},\"query-input\":{\"@type\":\"PropertyValueSpecification\",\"valueRequired\":true,\"valueName\":\"search_term_string\"}}],\"inLanguage\":\"nl-NL\"},{\"@type\":\"Organization\",\"@id\":\"https:\\\/\\\/www.idworx-bikes.de\\\/#organization\",\"name\":\"idworx\",\"url\":\"https:\\\/\\\/www.idworx-bikes.de\\\/\",\"logo\":{\"@type\":\"ImageObject\",\"inLanguage\":\"nl-NL\",\"@id\":\"https:\\\/\\\/www.idworx-bikes.de\\\/#\\\/schema\\\/logo\\\/image\\\/\",\"url\":\"https:\\\/\\\/www.idworx-bikes.de\\\/wp-content\\\/uploads\\\/2015\\\/12\\\/idworx-logo_b.png\",\"contentUrl\":\"https:\\\/\\\/www.idworx-bikes.de\\\/wp-content\\\/uploads\\\/2015\\\/12\\\/idworx-logo_b.png\",\"width\":216,\"height\":69,\"caption\":\"idworx\"},\"image\":{\"@id\":\"https:\\\/\\\/www.idworx-bikes.de\\\/#\\\/schema\\\/logo\\\/image\\\/\"},\"sameAs\":[\"https:\\\/\\\/www.facebook.com\\\/Idworx-202013906499907\\\/\"]}]}<\/script>\n<!-- \/ Yoast SEO plugin. -->","yoast_head_json":{"title":"Super Custom - idworx \u2013 Premium Reiser\u00e4der, Trekking Bikes, E-Bikes &amp; Vakantiefietsen","robots":{"index":"index","follow":"follow","max-snippet":"max-snippet:-1","max-image-preview":"max-image-preview:large","max-video-preview":"max-video-preview:-1"},"canonical":"https:\/\/www.idworx-bikes.de\/nl\/super-custom","og_locale":"nl_NL","og_type":"article","og_title":"Super Custom - idworx \u2013 Premium Reiser\u00e4der, Trekking Bikes, E-Bikes &amp; Vakantiefietsen","og_description":"Wilt u graag een kleurrijke fiets? Wilt u een idworx, die zoveel mogelijk naar uw persoonlijke voorkeur is samengesteld? Of wilt u gewoon een unieke idworx, waar er geen tweede van bestaat en waarbij ik, Gerrit Gaastra, u persoonlijk advies geef bij de realisatie hiervan? Het idworx Super Custom program is de snelste, gemakkelijkste en [&hellip;]","og_url":"https:\/\/www.idworx-bikes.de\/nl\/super-custom","og_site_name":"idworx \u2013 Premium Reiser\u00e4der, Trekking Bikes, E-Bikes &amp; Vakantiefietsen","article_publisher":"https:\/\/www.facebook.com\/Idworx-202013906499907\/","article_modified_time":"2017-08-29T13:28:38+00:00","og_image":[{"url":"https:\/\/www.idworx-bikes.de\/wp-content\/uploads\/2016\/10\/gerrit-super-custom-300x200.jpg","type":"","width":"","height":""}],"twitter_misc":{"Geschatte leestijd":"2 minuten"},"schema":{"@context":"https:\/\/schema.org","@graph":[{"@type":"WebPage","@id":"https:\/\/www.idworx-bikes.de\/nl\/super-custom","url":"https:\/\/www.idworx-bikes.de\/nl\/super-custom","name":"Super Custom - idworx \u2013 Premium Reiser\u00e4der, Trekking Bikes, E-Bikes &amp; Vakantiefietsen","isPartOf":{"@id":"https:\/\/www.idworx-bikes.de\/#website"},"primaryImageOfPage":{"@id":"https:\/\/www.idworx-bikes.de\/nl\/super-custom#primaryimage"},"image":{"@id":"https:\/\/www.idworx-bikes.de\/nl\/super-custom#primaryimage"},"thumbnailUrl":"https:\/\/www.idworx-bikes.de\/wp-content\/uploads\/2016\/10\/gerrit-super-custom-300x200.jpg","datePublished":"2016-10-29T09:24:19+00:00","dateModified":"2017-08-29T13:28:38+00:00","breadcrumb":{"@id":"https:\/\/www.idworx-bikes.de\/nl\/super-custom#breadcrumb"},"inLanguage":"nl-NL","potentialAction":[{"@type":"ReadAction","target":["https:\/\/www.idworx-bikes.de\/nl\/super-custom"]}]},{"@type":"ImageObject","inLanguage":"nl-NL","@id":"https:\/\/www.idworx-bikes.de\/nl\/super-custom#primaryimage","url":"https:\/\/www.idworx-bikes.de\/wp-content\/uploads\/2016\/10\/gerrit-super-custom-300x200.jpg","contentUrl":"https:\/\/www.idworx-bikes.de\/wp-content\/uploads\/2016\/10\/gerrit-super-custom-300x200.jpg"},{"@type":"BreadcrumbList","@id":"https:\/\/www.idworx-bikes.de\/nl\/super-custom#breadcrumb","itemListElement":[{"@type":"ListItem","position":1,"name":"Home","item":"https:\/\/www.idworx-bikes.de\/nl"},{"@type":"ListItem","position":2,"name":"Super Custom"}]},{"@type":"WebSite","@id":"https:\/\/www.idworx-bikes.de\/#website","url":"https:\/\/www.idworx-bikes.de\/","name":"idworx \u2013 Premium Reiser\u00e4der, Trekking Bikes, E-Bikes &amp; Vakantiefietsen","description":"It works! Handgefertigte Bikes f\u00fcr h\u00f6chste Anspr\u00fcche","publisher":{"@id":"https:\/\/www.idworx-bikes.de\/#organization"},"potentialAction":[{"@type":"SearchAction","target":{"@type":"EntryPoint","urlTemplate":"https:\/\/www.idworx-bikes.de\/?s={search_term_string}"},"query-input":{"@type":"PropertyValueSpecification","valueRequired":true,"valueName":"search_term_string"}}],"inLanguage":"nl-NL"},{"@type":"Organization","@id":"https:\/\/www.idworx-bikes.de\/#organization","name":"idworx","url":"https:\/\/www.idworx-bikes.de\/","logo":{"@type":"ImageObject","inLanguage":"nl-NL","@id":"https:\/\/www.idworx-bikes.de\/#\/schema\/logo\/image\/","url":"https:\/\/www.idworx-bikes.de\/wp-content\/uploads\/2015\/12\/idworx-logo_b.png","contentUrl":"https:\/\/www.idworx-bikes.de\/wp-content\/uploads\/2015\/12\/idworx-logo_b.png","width":216,"height":69,"caption":"idworx"},"image":{"@id":"https:\/\/www.idworx-bikes.de\/#\/schema\/logo\/image\/"},"sameAs":["https:\/\/www.facebook.com\/Idworx-202013906499907\/"]}]}},"_links":{"self":[{"href":"https:\/\/www.idworx-bikes.de\/nl\/wp-json\/wp\/v2\/pages\/934","targetHints":{"allow":["GET"]}}],"collection":[{"href":"https:\/\/www.idworx-bikes.de\/nl\/wp-json\/wp\/v2\/pages"}],"about":[{"href":"https:\/\/www.idworx-bikes.de\/nl\/wp-json\/wp\/v2\/types\/page"}],"author":[{"embeddable":true,"href":"https:\/\/www.idworx-bikes.de\/nl\/wp-json\/wp\/v2\/users\/4"}],"replies":[{"embeddable":true,"href":"https:\/\/www.idworx-bikes.de\/nl\/wp-json\/wp\/v2\/comments?post=934"}],"version-history":[{"count":9,"href":"https:\/\/www.idworx-bikes.de\/nl\/wp-json\/wp\/v2\/pages\/934\/revisions"}],"predecessor-version":[{"id":4694,"href":"https:\/\/www.idworx-bikes.de\/nl\/wp-json\/wp\/v2\/pages\/934\/revisions\/4694"}],"wp:attachment":[{"href":"https:\/\/www.idworx-bikes.de\/nl\/wp-json\/wp\/v2\/media?parent=934"}],"curies":[{"name":"wp","href":"https:\/\/api.w.org\/{rel}","templated":true}]}}