{"id":983,"date":"2016-10-29T11:49:39","date_gmt":"2016-10-29T09:49:39","guid":{"rendered":"https:\/\/www.idworx-bikes.de\/nl\/geometrie\/manuals"},"modified":"2024-03-22T09:15:22","modified_gmt":"2024-03-22T08:15:22","slug":"manuals","status":"publish","type":"page","link":"https:\/\/www.idworx-bikes.de\/nl\/manuals","title":{"rendered":"Gebruikershandleiding"},"content":{"rendered":"<p>Hier vindt u waardevolle tips en advies over het gebruik en de verzorging van uw idworx fiets.<\/p>\n<ul class=\"pdflink\">\n<li><a href=\"https:\/\/www.idworx-bikes.de\/wp-content\/uploads\/2016\/10\/Welkom.pdf\">Welkom<\/a><\/li>\n<li><a href=\"https:\/\/www.idworx-bikes.de\/wp-content\/uploads\/2016\/10\/NL_Betrieb_und_Sicherheit.pdf\">Aanwijzingen en veiligheidscontroles<\/a>, <a href=\"https:\/\/www.idworx-bikes.de\/wp-content\/uploads\/2016\/10\/Anleitung_NL-2011_4.pdf\">geldig vanaf modeljaar 2009<\/a><\/li>\n<li><a href=\"https:\/\/www.idworx-bikes.de\/wp-content\/uploads\/2019\/05\/P1_08_2018_de_WEB.pdf\">Gebruiksaanwijzing Pinion P-Linie<\/a><\/li>\n<li><a href=\"https:\/\/www.idworx-bikes.de\/wp-content\/uploads\/2019\/05\/C1_08_2018_de_WEB.pdf\">Gebruiksaanwijzing Pinion C-Linie<\/a><\/li>\n<li><a href=\"https:\/\/www.idworx-bikes.de\/wp-content\/uploads\/2016\/10\/NL_Rohloff-Speedhub.pdf\">Rohloff Speedhub<\/a><\/li>\n<li><a href=\"https:\/\/www.idworx-bikes.de\/wp-content\/uploads\/2020\/11\/neodrives_Z20_Bedienungsanleitung_deutsch_94.0004.6.01.02.pdf\">Neodrives Gebruiksaanwijzing<\/a><\/li>\n<li><a href=\"https:\/\/www.idworx-bikes.de\/wp-content\/uploads\/2023\/06\/Bedienungsanleitung_Endkunde_simplyRemote_simplyRide_062023.pdf\">Neodrives simplyRemote Bedienungsanleitung<\/a><\/li>\n<li><a href=\"https:\/\/www.idworx-bikes.de\/wp-content\/uploads\/2016\/10\/NL_Trekking_Specials.pdf\"> Trekkingbike-specials<\/a><\/li>\n<li><a href=\"https:\/\/www.idworx-bikes.de\/wp-content\/uploads\/2024\/03\/Drehmomentliste_2024_HS.pdf\">Torque Lijst<\/a><\/li>\n<li><a href=\"https:\/\/www.idworx-bikes.de\/wp-content\/uploads\/2016\/10\/NL_ebb.pdf\">EBB Tool Gebruiksaanwijzing<\/a><\/li>\n<li><a href=\"https:\/\/www.idworx-bikes.de\/wp-content\/uploads\/2016\/10\/Montagehandleiding-EBB-LL-met-en-zonder-kettingkast.pdf\">Inbouwhandleiding EBB LL<\/a><\/li>\n<li><a href=\"https:\/\/www.idworx-bikes.de\/wp-content\/uploads\/2016\/10\/cinq_Anleitung_ThePlug_web.pdf\">The Plug Installation and Usage<\/a><\/li>\n<li><a href=\"https:\/\/www.idworx-bikes.de\/wp-content\/uploads\/2016\/10\/idworx-TP-Instruktionen_dealer.pdf\">The Plug Assembling Note<\/a><\/li>\n<li><a href=\"https:\/\/www.idworx-bikes.de\/wp-content\/uploads\/2016\/10\/Reifenluftdrucktabelle_Darim_D_MTB-2014-2_1_final_sk.pdf\">Luchtdrukaanbeveling voor idworx Darim D MTB velgen<\/a><\/li>\n<li><a href=\"https:\/\/www.idworx-bikes.de\/wp-content\/uploads\/2016\/10\/Reifenluftdrucktabelle-2014_trekking_2_0-Final_NL.pdf\">Luchtdrukaanbeveling voor idworx Darim D Trekking velgen<\/a><\/li>\n<li><a href=\"https:\/\/www.idworx-bikes.de\/wp-content\/uploads\/2016\/10\/Sicherheitshinweise_Darim_D_MTB_D-2_1_DU-NL_sk.pdf\">Belangrijke veiligheidsaanwijzingen voor de idworx Darim D-velgen van uw MTB<\/a><\/li>\n<li><a href=\"https:\/\/www.idworx-bikes.de\/wp-content\/uploads\/2016\/10\/Sicherheitshinweise_Darim_D_Trekking_D_1_1_DU-NL_sk.pdf\">Belangrijke veiligheidsaanwijzingen voor de idworx Darim D-velgen van uw trekkingbike<\/a><\/li>\n<li><a href=\"https:\/\/www.idworx-bikes.de\/wp-content\/uploads\/2018\/05\/Kettenspannanleitung-Slider_a5_NL.pdf\">Kettingspanning instellen idworx Power Rohler, idworx oPinion<\/a><\/li>\n<li><a href=\"https:\/\/www.idworx-bikes.de\/wp-content\/uploads\/2016\/10\/trekking-voorvork-vervangen.pdf\">Advies voor het vervangen van aluminium Trekking-Voorvorken<\/a><\/li>\n<\/ul>\n","protected":false},"excerpt":{"rendered":"<p>Hier vindt u waardevolle tips en advies over het gebruik en de verzorging van uw idworx fiets. Welkom Aanwijzingen en veiligheidscontroles, geldig vanaf modeljaar 2009 Gebruiksaanwijzing Pinion P-Linie Gebruiksaanwijzing Pinion C-Linie Rohloff Speedhub Neodrives Gebruiksaanwijzing Neodrives simplyRemote Bedienungsanleitung Trekkingbike-specials Torque Lijst EBB Tool Gebruiksaanwijzing Inbouwhandleiding EBB LL The Plug Installation and Usage The Plug Assembling [&hellip;]<\/p>\n","protected":false},"author":4,"featured_media":0,"parent":0,"menu_order":0,"comment_status":"closed","ping_status":"closed","template":"","meta":{"footnotes":""},"class_list":["post-983","page","type-page","status-publish","hentry"],"yoast_head":"<!-- This site is optimized with the Yoast SEO plugin v27.4 - https:\/\/yoast.com\/product\/yoast-seo-wordpress\/ -->\n<title>Gebruikershandleiding - idworx \u2013 Premium Reiser\u00e4der, Trekking Bikes, E-Bikes &amp; Vakantiefietsen<\/title>\n<meta name=\"robots\" content=\"index, follow, max-snippet:-1, max-image-preview:large, max-video-preview:-1\" \/>\n<link rel=\"canonical\" href=\"https:\/\/www.idworx-bikes.de\/nl\/manuals\" \/>\n<meta property=\"og:locale\" content=\"nl_NL\" \/>\n<meta property=\"og:type\" content=\"article\" \/>\n<meta property=\"og:title\" content=\"Gebruikershandleiding - idworx \u2013 Premium Reiser\u00e4der, Trekking Bikes, E-Bikes &amp; Vakantiefietsen\" \/>\n<meta property=\"og:description\" content=\"Hier vindt u waardevolle tips en advies over het gebruik en de verzorging van uw idworx fiets. Welkom Aanwijzingen en veiligheidscontroles, geldig vanaf modeljaar 2009 Gebruiksaanwijzing Pinion P-Linie Gebruiksaanwijzing Pinion C-Linie Rohloff Speedhub Neodrives Gebruiksaanwijzing Neodrives simplyRemote Bedienungsanleitung Trekkingbike-specials Torque Lijst EBB Tool Gebruiksaanwijzing Inbouwhandleiding EBB LL The Plug Installation and Usage The Plug Assembling [&hellip;]\" \/>\n<meta property=\"og:url\" content=\"https:\/\/www.idworx-bikes.de\/nl\/manuals\" \/>\n<meta property=\"og:site_name\" content=\"idworx \u2013 Premium Reiser\u00e4der, Trekking Bikes, E-Bikes &amp; Vakantiefietsen\" \/>\n<meta property=\"article:publisher\" content=\"https:\/\/www.facebook.com\/Idworx-202013906499907\/\" \/>\n<meta property=\"article:modified_time\" content=\"2024-03-22T08:15:22+00:00\" \/>\n<meta property=\"og:image\" content=\"https:\/\/www.idworx-bikes.de\/wp-content\/uploads\/2015\/12\/idworx-logo_b.png\" \/>\n\t<meta property=\"og:image:width\" content=\"216\" \/>\n\t<meta property=\"og:image:height\" content=\"69\" \/>\n\t<meta property=\"og:image:type\" content=\"image\/png\" \/>\n<meta name=\"twitter:label1\" content=\"Geschatte leestijd\" \/>\n\t<meta name=\"twitter:data1\" content=\"1 minuut\" \/>\n<script type=\"application\/ld+json\" class=\"yoast-schema-graph\">{\"@context\":\"https:\\\/\\\/schema.org\",\"@graph\":[{\"@type\":\"WebPage\",\"@id\":\"https:\\\/\\\/www.idworx-bikes.de\\\/nl\\\/manuals\",\"url\":\"https:\\\/\\\/www.idworx-bikes.de\\\/nl\\\/manuals\",\"name\":\"Gebruikershandleiding - idworx \u2013 Premium Reiser\u00e4der, Trekking Bikes, E-Bikes &amp; Vakantiefietsen\",\"isPartOf\":{\"@id\":\"https:\\\/\\\/www.idworx-bikes.de\\\/#website\"},\"datePublished\":\"2016-10-29T09:49:39+00:00\",\"dateModified\":\"2024-03-22T08:15:22+00:00\",\"breadcrumb\":{\"@id\":\"https:\\\/\\\/www.idworx-bikes.de\\\/nl\\\/manuals#breadcrumb\"},\"inLanguage\":\"nl-NL\",\"potentialAction\":[{\"@type\":\"ReadAction\",\"target\":[\"https:\\\/\\\/www.idworx-bikes.de\\\/nl\\\/manuals\"]}]},{\"@type\":\"BreadcrumbList\",\"@id\":\"https:\\\/\\\/www.idworx-bikes.de\\\/nl\\\/manuals#breadcrumb\",\"itemListElement\":[{\"@type\":\"ListItem\",\"position\":1,\"name\":\"Home\",\"item\":\"https:\\\/\\\/www.idworx-bikes.de\\\/nl\"},{\"@type\":\"ListItem\",\"position\":2,\"name\":\"Gebruikershandleiding\"}]},{\"@type\":\"WebSite\",\"@id\":\"https:\\\/\\\/www.idworx-bikes.de\\\/#website\",\"url\":\"https:\\\/\\\/www.idworx-bikes.de\\\/\",\"name\":\"idworx \u2013 Premium Reiser\u00e4der, Trekking Bikes, E-Bikes &amp; Vakantiefietsen\",\"description\":\"It works! Handgefertigte Bikes f\u00fcr h\u00f6chste Anspr\u00fcche\",\"publisher\":{\"@id\":\"https:\\\/\\\/www.idworx-bikes.de\\\/#organization\"},\"potentialAction\":[{\"@type\":\"SearchAction\",\"target\":{\"@type\":\"EntryPoint\",\"urlTemplate\":\"https:\\\/\\\/www.idworx-bikes.de\\\/?s={search_term_string}\"},\"query-input\":{\"@type\":\"PropertyValueSpecification\",\"valueRequired\":true,\"valueName\":\"search_term_string\"}}],\"inLanguage\":\"nl-NL\"},{\"@type\":\"Organization\",\"@id\":\"https:\\\/\\\/www.idworx-bikes.de\\\/#organization\",\"name\":\"idworx\",\"url\":\"https:\\\/\\\/www.idworx-bikes.de\\\/\",\"logo\":{\"@type\":\"ImageObject\",\"inLanguage\":\"nl-NL\",\"@id\":\"https:\\\/\\\/www.idworx-bikes.de\\\/#\\\/schema\\\/logo\\\/image\\\/\",\"url\":\"https:\\\/\\\/www.idworx-bikes.de\\\/wp-content\\\/uploads\\\/2015\\\/12\\\/idworx-logo_b.png\",\"contentUrl\":\"https:\\\/\\\/www.idworx-bikes.de\\\/wp-content\\\/uploads\\\/2015\\\/12\\\/idworx-logo_b.png\",\"width\":216,\"height\":69,\"caption\":\"idworx\"},\"image\":{\"@id\":\"https:\\\/\\\/www.idworx-bikes.de\\\/#\\\/schema\\\/logo\\\/image\\\/\"},\"sameAs\":[\"https:\\\/\\\/www.facebook.com\\\/Idworx-202013906499907\\\/\"]}]}<\/script>\n<!-- \/ Yoast SEO plugin. -->","yoast_head_json":{"title":"Gebruikershandleiding - idworx \u2013 Premium Reiser\u00e4der, Trekking Bikes, E-Bikes &amp; Vakantiefietsen","robots":{"index":"index","follow":"follow","max-snippet":"max-snippet:-1","max-image-preview":"max-image-preview:large","max-video-preview":"max-video-preview:-1"},"canonical":"https:\/\/www.idworx-bikes.de\/nl\/manuals","og_locale":"nl_NL","og_type":"article","og_title":"Gebruikershandleiding - idworx \u2013 Premium Reiser\u00e4der, Trekking Bikes, E-Bikes &amp; Vakantiefietsen","og_description":"Hier vindt u waardevolle tips en advies over het gebruik en de verzorging van uw idworx fiets. Welkom Aanwijzingen en veiligheidscontroles, geldig vanaf modeljaar 2009 Gebruiksaanwijzing Pinion P-Linie Gebruiksaanwijzing Pinion C-Linie Rohloff Speedhub Neodrives Gebruiksaanwijzing Neodrives simplyRemote Bedienungsanleitung Trekkingbike-specials Torque Lijst EBB Tool Gebruiksaanwijzing Inbouwhandleiding EBB LL The Plug Installation and Usage The Plug Assembling [&hellip;]","og_url":"https:\/\/www.idworx-bikes.de\/nl\/manuals","og_site_name":"idworx \u2013 Premium Reiser\u00e4der, Trekking Bikes, E-Bikes &amp; Vakantiefietsen","article_publisher":"https:\/\/www.facebook.com\/Idworx-202013906499907\/","article_modified_time":"2024-03-22T08:15:22+00:00","og_image":[{"width":216,"height":69,"url":"https:\/\/www.idworx-bikes.de\/wp-content\/uploads\/2015\/12\/idworx-logo_b.png","type":"image\/png"}],"twitter_misc":{"Geschatte leestijd":"1 minuut"},"schema":{"@context":"https:\/\/schema.org","@graph":[{"@type":"WebPage","@id":"https:\/\/www.idworx-bikes.de\/nl\/manuals","url":"https:\/\/www.idworx-bikes.de\/nl\/manuals","name":"Gebruikershandleiding - idworx \u2013 Premium Reiser\u00e4der, Trekking Bikes, E-Bikes &amp; Vakantiefietsen","isPartOf":{"@id":"https:\/\/www.idworx-bikes.de\/#website"},"datePublished":"2016-10-29T09:49:39+00:00","dateModified":"2024-03-22T08:15:22+00:00","breadcrumb":{"@id":"https:\/\/www.idworx-bikes.de\/nl\/manuals#breadcrumb"},"inLanguage":"nl-NL","potentialAction":[{"@type":"ReadAction","target":["https:\/\/www.idworx-bikes.de\/nl\/manuals"]}]},{"@type":"BreadcrumbList","@id":"https:\/\/www.idworx-bikes.de\/nl\/manuals#breadcrumb","itemListElement":[{"@type":"ListItem","position":1,"name":"Home","item":"https:\/\/www.idworx-bikes.de\/nl"},{"@type":"ListItem","position":2,"name":"Gebruikershandleiding"}]},{"@type":"WebSite","@id":"https:\/\/www.idworx-bikes.de\/#website","url":"https:\/\/www.idworx-bikes.de\/","name":"idworx \u2013 Premium Reiser\u00e4der, Trekking Bikes, E-Bikes &amp; Vakantiefietsen","description":"It works! Handgefertigte Bikes f\u00fcr h\u00f6chste Anspr\u00fcche","publisher":{"@id":"https:\/\/www.idworx-bikes.de\/#organization"},"potentialAction":[{"@type":"SearchAction","target":{"@type":"EntryPoint","urlTemplate":"https:\/\/www.idworx-bikes.de\/?s={search_term_string}"},"query-input":{"@type":"PropertyValueSpecification","valueRequired":true,"valueName":"search_term_string"}}],"inLanguage":"nl-NL"},{"@type":"Organization","@id":"https:\/\/www.idworx-bikes.de\/#organization","name":"idworx","url":"https:\/\/www.idworx-bikes.de\/","logo":{"@type":"ImageObject","inLanguage":"nl-NL","@id":"https:\/\/www.idworx-bikes.de\/#\/schema\/logo\/image\/","url":"https:\/\/www.idworx-bikes.de\/wp-content\/uploads\/2015\/12\/idworx-logo_b.png","contentUrl":"https:\/\/www.idworx-bikes.de\/wp-content\/uploads\/2015\/12\/idworx-logo_b.png","width":216,"height":69,"caption":"idworx"},"image":{"@id":"https:\/\/www.idworx-bikes.de\/#\/schema\/logo\/image\/"},"sameAs":["https:\/\/www.facebook.com\/Idworx-202013906499907\/"]}]}},"_links":{"self":[{"href":"https:\/\/www.idworx-bikes.de\/nl\/wp-json\/wp\/v2\/pages\/983","targetHints":{"allow":["GET"]}}],"collection":[{"href":"https:\/\/www.idworx-bikes.de\/nl\/wp-json\/wp\/v2\/pages"}],"about":[{"href":"https:\/\/www.idworx-bikes.de\/nl\/wp-json\/wp\/v2\/types\/page"}],"author":[{"embeddable":true,"href":"https:\/\/www.idworx-bikes.de\/nl\/wp-json\/wp\/v2\/users\/4"}],"replies":[{"embeddable":true,"href":"https:\/\/www.idworx-bikes.de\/nl\/wp-json\/wp\/v2\/comments?post=983"}],"version-history":[{"count":13,"href":"https:\/\/www.idworx-bikes.de\/nl\/wp-json\/wp\/v2\/pages\/983\/revisions"}],"predecessor-version":[{"id":12629,"href":"https:\/\/www.idworx-bikes.de\/nl\/wp-json\/wp\/v2\/pages\/983\/revisions\/12629"}],"wp:attachment":[{"href":"https:\/\/www.idworx-bikes.de\/nl\/wp-json\/wp\/v2\/media?parent=983"}],"curies":[{"name":"wp","href":"https:\/\/api.w.org\/{rel}","templated":true}]}}