{"id":10484,"date":"2022-05-27T16:27:33","date_gmt":"2022-05-27T14:27:33","guid":{"rendered":"https:\/\/www.idworx-bikes.de\/?post_type=product&#038;p=10484"},"modified":"2025-10-08T13:23:31","modified_gmt":"2025-10-08T11:23:31","slug":"rapid-rohler-ti-nl-2","status":"publish","type":"product","link":"https:\/\/www.idworx-bikes.de\/nl\/produkt\/rapid-rohler-ti-nl-2","title":{"rendered":"Rapid Rohler Ti"},"content":{"rendered":"<p>Als het gaat om de geometrie van mountainbikes, is Gerrit Gaastra altijd zeer innovatief geweest. Het beste voorbeeld hiervan is de &#8220;Double D&#8221; die in 2000 werd gepresenteerd. Met zijn slappe stuurhoek van 68\u00b0 en 2,4 inch brede banden zorgt hij voor enorme stabiliteit en veiligheid, zelfs op technisch uitdagende afdalingen. De perfecte uitvoering van onze &#8220;Ride it all, all time&#8221;-filosofie. Nu, ruim 21 jaar, verschillende prototypes en meerdere kilometers training en wedstrijden door het hele Bike Basics team later, hebben we met de volledig nieuw ontwikkelde Rapid Rohler Ti. Een extreem steile stuurhoek, bijzonder korte liggende achtervorken en een relatief lage trapas resulteren in een speels wendbaar rijgedrag dat bijna doet denken aan een gravelbike. De perfecte fiets voor vloeiende en bochtige singletrails, zoals in het middelgebergte of op Nederlandse MTB-trails. In de handen van een ervaren piloot staat de Rapid Rohler Ti garant voor razendsnel plezier en nodigt uit tot spelen met het terrein. Dit alles verpakt in een onverwoestbaar titanium frame, 29 inch wielen en verfijnd met de onderhoudsarme Rohloff versnellingsnaaf. Vol speelinstinct vooruit!<br \/>\nNu standaard met Rock Shox SID SL Ultimate en Shimano XT 4-zuigerremmen.<\/p>\n<\/p>\n<button class=\"wa-accordion \">idworx Specials Rapid Rohler Ti<\/button><div class=\"wa-accordion-panel\">\n<p><b>idworx Stress Reducer stuurhoekbegrenzer<\/b><br \/>\nvoorkomt effectief dat het voorwiel omslaat en beschermt zo tegen schade aan het frame, de koplampen of zelfs de schakel- en remleidingen, die kunnen ontstaan als gevolg van een ongeval of het omvallen van de fiets.<\/p>\n<p><a href=\"https:\/\/www.youtube.com\/watch?v=paBncBfYG8A\" target=\"_blank\" rel=\"noopener noreferrer\"><\/p>\n<h3><font color = red>Video iSR<\/font><\/h3>\n<p><\/a><\/p>\n<p><b>idworx EBB Long Life II<\/b><br \/>\nExcentrisch trapas met ge\u00efntegreerde, roestvrije kogellagers. De enige trapas op de markt met lagers die daadwerkelijk zijn afgestemd op de belasting, voor een extreem lange levensduur en een optimale soepele werking, zelfs onder de hoogste belastingen. Geschikt voor alle idworx Rohloff modellen met excentrische trapas voor het afstellen van de kettingspeling. Onze idworx EBB-LL II is ook compatibel met Gates Carbon Drive riemaandrijving.<\/p>\n<p><a href=\"https:\/\/www.youtube.com\/watch?v=5O8RxDh5lvA\" target=\"_blank\" rel=\"noopener noreferrer\"><\/p>\n<h3><font color = red>Video EBB Long Life<\/font><\/h3>\n<p><\/a><\/p>\n<p><b>idworx Long Life Kettingbladen<\/b><br \/>\nHet Long Life kettingblad dat we bij idworx hebben ontwikkeld, gemaakt van gehard roestvrij staal met een oneven aantal tanden, zorgt samen met de extra geharde idworx KMC E1 ePT ketting en het idworx Rohloff stalen tandwiel voor een ongekende levensduur. In onze oPinion modellen monteren we zelfs ons Long Life kettingblad voor en achter. De kettingspanning hoeft minder vaak gecontroleerd te worden &#8211; een prettig gevolg van een slijtvastere aandrijving.<\/p>\n<p><a href=\"https:\/\/youtu.be\/OvTJuZsbw94\" target=\"_blank\" rel=\"noopener noreferrer\"><\/p>\n<h3><font color = red>Video Long Life Kettingbladen<\/font><\/h3>\n<p><\/a><\/p>\n<\/div>\n<script type=\"text\/javascript\">\nvar acc = document.getElementsByClassName(\"wa-accordion\");\nvar i;\nfor (i = 0; i < acc.length; i++) {\n  acc[i].addEventListener(\"click\", function() {\n    this.classList.toggle(\"wa-accordion-active\");\n    var panel = this.nextElementSibling;\n    if (panel.style.maxHeight) {\n      panel.style.maxHeight = null;\n    } else {\n      panel.style.maxHeight = panel.scrollHeight + \"px\";\n    }\n  });\n}\n<\/script>\n","protected":false},"excerpt":{"rendered":"<p>Als het gaat om de geometrie van mountainbikes, is Gerrit Gaastra altijd zeer innovatief geweest. Het beste voorbeeld hiervan is de &#8220;Double D&#8221; die in 2000 werd gepresenteerd. Met zijn slappe stuurhoek van 68\u00b0 en 2,4 inch brede banden zorgt hij voor enorme stabiliteit en veiligheid, zelfs op technisch uitdagende afdalingen. De perfecte uitvoering van [&hellip;]<\/p>\n","protected":false},"featured_media":10474,"template":"","meta":[],"product_brand":[],"product_cat":[18,46],"product_tag":[],"class_list":{"0":"post-10484","1":"product","2":"type-product","3":"status-publish","4":"has-post-thumbnail","6":"product_cat-idworx_models-nl","7":"product_cat-mountain-nl","9":"first","10":"instock","11":"sold-individually","12":"shipping-taxable","13":"purchasable","14":"product-type-composite"},"composite_virtual":false,"composite_layout":"single","composite_add_to_cart_form_location":"default","composite_editable_in_cart":false,"composite_sold_individually_context":"product","composite_shop_price_calc":"min_max","composite_components":[{"id":"1758115614","title":"Spec","description":"","query_type":"product_ids","query_ids":[10482],"default_option_id":10482,"thumbnail_id":"","thumbnail_src":"","quantity_min":1,"quantity_max":1,"priced_individually":true,"shipped_individually":false,"optional":false,"discount":"","options_style":"dropdowns","pagination_style":"classic","display_prices":"absolute","show_sorting_options":false,"show_filtering_options":false,"attribute_filter_ids":[],"select_action":"view","product_title_visible":false,"product_descr_visible":true,"product_price_visible":true,"product_thumb_visible":false,"subtotal_visible_product":true,"subtotal_visible_cart":true,"subtotal_visible_orders":true,"product_addons_visible":true},{"id":"1758115615","title":"Form","description":"","query_type":"product_ids","query_ids":[583],"default_option_id":583,"thumbnail_id":"","thumbnail_src":"","quantity_min":1,"quantity_max":1,"priced_individually":true,"shipped_individually":false,"optional":false,"discount":"","options_style":"dropdowns","pagination_style":"classic","display_prices":"absolute","show_sorting_options":false,"show_filtering_options":false,"attribute_filter_ids":[],"select_action":"view","product_title_visible":false,"product_descr_visible":true,"product_price_visible":true,"product_thumb_visible":false,"subtotal_visible_product":true,"subtotal_visible_cart":true,"subtotal_visible_orders":true,"product_addons_visible":true},{"id":"1758115616","title":"Size","description":"","query_type":"product_ids","query_ids":[82,2845,2848],"default_option_id":"","thumbnail_id":"","thumbnail_src":"","quantity_min":1,"quantity_max":1,"priced_individually":true,"shipped_individually":false,"optional":false,"discount":"","options_style":"thumbnails","pagination_style":"classic","display_prices":"absolute","show_sorting_options":false,"show_filtering_options":false,"attribute_filter_ids":[],"select_action":"view","product_title_visible":false,"product_descr_visible":true,"product_price_visible":true,"product_thumb_visible":false,"subtotal_visible_product":true,"subtotal_visible_cart":true,"subtotal_visible_orders":true,"product_addons_visible":true},{"id":"1758115617","title":"Color","description":"","query_type":"product_ids","query_ids":[9669],"default_option_id":9669,"thumbnail_id":"","thumbnail_src":"","quantity_min":1,"quantity_max":1,"priced_individually":true,"shipped_individually":false,"optional":false,"discount":"","options_style":"dropdowns","pagination_style":"classic","display_prices":"absolute","show_sorting_options":false,"show_filtering_options":false,"attribute_filter_ids":[],"select_action":"view","product_title_visible":false,"product_descr_visible":true,"product_price_visible":true,"product_thumb_visible":false,"subtotal_visible_product":true,"subtotal_visible_cart":true,"subtotal_visible_orders":true,"product_addons_visible":true},{"id":"1758115618","title":"Drive Technology","description":"","query_type":"product_ids","query_ids":[11167],"default_option_id":11167,"thumbnail_id":"","thumbnail_src":"","quantity_min":1,"quantity_max":1,"priced_individually":true,"shipped_individually":false,"optional":false,"discount":"","options_style":"dropdowns","pagination_style":"classic","display_prices":"absolute","show_sorting_options":false,"show_filtering_options":false,"attribute_filter_ids":[],"select_action":"view","product_title_visible":false,"product_descr_visible":true,"product_price_visible":true,"product_thumb_visible":false,"subtotal_visible_product":true,"subtotal_visible_cart":true,"subtotal_visible_orders":true,"product_addons_visible":true},{"id":"1758115619","title":"Extras","description":"","query_type":"product_ids","query_ids":[11188],"default_option_id":11188,"thumbnail_id":"","thumbnail_src":"","quantity_min":1,"quantity_max":1,"priced_individually":true,"shipped_individually":false,"optional":false,"discount":"","options_style":"dropdowns","pagination_style":"classic","display_prices":"absolute","show_sorting_options":false,"show_filtering_options":false,"attribute_filter_ids":[],"select_action":"view","product_title_visible":false,"product_descr_visible":true,"product_price_visible":true,"product_thumb_visible":false,"subtotal_visible_product":true,"subtotal_visible_cart":true,"subtotal_visible_orders":true,"product_addons_visible":true},{"id":"1758115620","title":"Performance Parts","description":"","query_type":"product_ids","query_ids":[11197],"default_option_id":11197,"thumbnail_id":"","thumbnail_src":"","quantity_min":1,"quantity_max":1,"priced_individually":true,"shipped_individually":false,"optional":false,"discount":"","options_style":"dropdowns","pagination_style":"classic","display_prices":"absolute","show_sorting_options":false,"show_filtering_options":false,"attribute_filter_ids":[],"select_action":"view","product_title_visible":false,"product_descr_visible":true,"product_price_visible":true,"product_thumb_visible":false,"subtotal_visible_product":true,"subtotal_visible_cart":true,"subtotal_visible_orders":true,"product_addons_visible":true}],"composite_scenarios":[{"id":"1670582836","name":"Spec==RaR Ti Hide Components","description":"","configuration":[{"component_id":"1670582421","options_modifier":"in","component_options":[10482]}],"actions":[{"action_id":"compat_group","is_active":false},{"action_id":"conditional_components","is_active":true,"hidden_components":[]},{"action_id":"conditional_options","is_active":false,"hidden_options":[]}],"enabled":true},{"id":"1670582837","name":"Spec==RaR Ti Drop Hide Components","description":"","configuration":[{"component_id":"1670582421","options_modifier":"in","component_options":[]}],"actions":[{"action_id":"compat_group","is_active":false},{"action_id":"conditional_components","is_active":true,"hidden_components":["1670582425","1670582427","1670582429"]},{"action_id":"conditional_options","is_active":false,"hidden_options":[]}],"enabled":true},{"id":"1670582838","name":"Spec==No Selection Hide Components","description":"","configuration":[{"component_id":"1670582421","options_modifier":"in","component_options":[-1]}],"actions":[{"action_id":"compat_group","is_active":false},{"action_id":"conditional_components","is_active":true,"hidden_components":{"0":"1670582425","2":"1670582427","4":"1670582429"}},{"action_id":"conditional_options","is_active":false,"hidden_options":[]}],"enabled":true}],"bundled_by":[],"bundle_stock_status":"instock","bundle_stock_quantity":null,"bundle_virtual":false,"bundle_layout":"","bundle_add_to_cart_form_location":"","bundle_editable_in_cart":false,"bundle_sold_individually_context":"","bundle_item_grouping":"","bundle_min_size":"","bundle_max_size":"","bundle_price":[],"bundled_items":[],"bundle_sell_ids":[],"exclude_global_add_ons":[],"addons":[],"yoast_head":"<!-- This site is optimized with the Yoast SEO plugin v27.5 - https:\/\/yoast.com\/product\/yoast-seo-wordpress\/ -->\n<title>Rapid Rohler Ti - idworx \u2013 Premium Reiser\u00e4der, Trekking Bikes, E-Bikes &amp; Vakantiefietsen<\/title>\n<meta name=\"robots\" content=\"index, follow, max-snippet:-1, max-image-preview:large, max-video-preview:-1\" \/>\n<link rel=\"canonical\" href=\"https:\/\/www.idworx-bikes.de\/nl\/produkt\/rapid-rohler-ti-nl-2\" \/>\n<meta property=\"og:locale\" content=\"nl_NL\" \/>\n<meta property=\"og:type\" content=\"article\" \/>\n<meta property=\"og:title\" content=\"Rapid Rohler Ti - idworx \u2013 Premium Reiser\u00e4der, Trekking Bikes, E-Bikes &amp; Vakantiefietsen\" \/>\n<meta property=\"og:description\" content=\"Als het gaat om de geometrie van mountainbikes, is Gerrit Gaastra altijd zeer innovatief geweest. Het beste voorbeeld hiervan is de &#8220;Double D&#8221; die in 2000 werd gepresenteerd. Met zijn slappe stuurhoek van 68\u00b0 en 2,4 inch brede banden zorgt hij voor enorme stabiliteit en veiligheid, zelfs op technisch uitdagende afdalingen. De perfecte uitvoering van [&hellip;]\" \/>\n<meta property=\"og:url\" content=\"https:\/\/www.idworx-bikes.de\/nl\/produkt\/rapid-rohler-ti-nl-2\" \/>\n<meta property=\"og:site_name\" content=\"idworx \u2013 Premium Reiser\u00e4der, Trekking Bikes, E-Bikes &amp; Vakantiefietsen\" \/>\n<meta property=\"article:publisher\" content=\"https:\/\/www.facebook.com\/Idworx-202013906499907\/\" \/>\n<meta property=\"article:modified_time\" content=\"2025-10-08T11:23:31+00:00\" \/>\n<meta property=\"og:image\" content=\"https:\/\/www.idworx-bikes.de\/wp-content\/uploads\/2022\/05\/BBG_1207-scaled.jpg\" \/>\n\t<meta property=\"og:image:width\" content=\"2560\" \/>\n\t<meta property=\"og:image:height\" content=\"1709\" \/>\n\t<meta property=\"og:image:type\" content=\"image\/jpeg\" \/>\n<meta name=\"twitter:label1\" content=\"Geschatte leestijd\" \/>\n\t<meta name=\"twitter:data1\" content=\"2 minuten\" \/>\n<script type=\"application\/ld+json\" class=\"yoast-schema-graph\">{\"@context\":\"https:\\\/\\\/schema.org\",\"@graph\":[{\"@type\":\"WebPage\",\"@id\":\"https:\\\/\\\/www.idworx-bikes.de\\\/nl\\\/produkt\\\/rapid-rohler-ti-nl-2\",\"url\":\"https:\\\/\\\/www.idworx-bikes.de\\\/nl\\\/produkt\\\/rapid-rohler-ti-nl-2\",\"name\":\"Rapid Rohler Ti - idworx \u2013 Premium Reiser\u00e4der, Trekking Bikes, E-Bikes &amp; Vakantiefietsen\",\"isPartOf\":{\"@id\":\"https:\\\/\\\/www.idworx-bikes.de\\\/#website\"},\"primaryImageOfPage\":{\"@id\":\"https:\\\/\\\/www.idworx-bikes.de\\\/nl\\\/produkt\\\/rapid-rohler-ti-nl-2#primaryimage\"},\"image\":{\"@id\":\"https:\\\/\\\/www.idworx-bikes.de\\\/nl\\\/produkt\\\/rapid-rohler-ti-nl-2#primaryimage\"},\"thumbnailUrl\":\"https:\\\/\\\/www.idworx-bikes.de\\\/wp-content\\\/uploads\\\/2022\\\/05\\\/BBG_1207-scaled.jpg\",\"datePublished\":\"2022-05-27T14:27:33+00:00\",\"dateModified\":\"2025-10-08T11:23:31+00:00\",\"breadcrumb\":{\"@id\":\"https:\\\/\\\/www.idworx-bikes.de\\\/nl\\\/produkt\\\/rapid-rohler-ti-nl-2#breadcrumb\"},\"inLanguage\":\"nl-NL\",\"potentialAction\":[{\"@type\":\"ReadAction\",\"target\":[\"https:\\\/\\\/www.idworx-bikes.de\\\/nl\\\/produkt\\\/rapid-rohler-ti-nl-2\"]}]},{\"@type\":\"ImageObject\",\"inLanguage\":\"nl-NL\",\"@id\":\"https:\\\/\\\/www.idworx-bikes.de\\\/nl\\\/produkt\\\/rapid-rohler-ti-nl-2#primaryimage\",\"url\":\"https:\\\/\\\/www.idworx-bikes.de\\\/wp-content\\\/uploads\\\/2022\\\/05\\\/BBG_1207-scaled.jpg\",\"contentUrl\":\"https:\\\/\\\/www.idworx-bikes.de\\\/wp-content\\\/uploads\\\/2022\\\/05\\\/BBG_1207-scaled.jpg\",\"width\":2560,\"height\":1709},{\"@type\":\"BreadcrumbList\",\"@id\":\"https:\\\/\\\/www.idworx-bikes.de\\\/nl\\\/produkt\\\/rapid-rohler-ti-nl-2#breadcrumb\",\"itemListElement\":[{\"@type\":\"ListItem\",\"position\":1,\"name\":\"Home\",\"item\":\"https:\\\/\\\/www.idworx-bikes.de\\\/nl\"},{\"@type\":\"ListItem\",\"position\":2,\"name\":\"Winkel\",\"item\":\"https:\\\/\\\/www.idworx-bikes.de\\\/nl\\\/winkel\"},{\"@type\":\"ListItem\",\"position\":3,\"name\":\"Rapid Rohler Ti\"}]},{\"@type\":\"WebSite\",\"@id\":\"https:\\\/\\\/www.idworx-bikes.de\\\/#website\",\"url\":\"https:\\\/\\\/www.idworx-bikes.de\\\/\",\"name\":\"idworx \u2013 Premium Reiser\u00e4der, Trekking Bikes, E-Bikes &amp; Vakantiefietsen\",\"description\":\"It works! Handgefertigte Bikes f\u00fcr h\u00f6chste Anspr\u00fcche\",\"publisher\":{\"@id\":\"https:\\\/\\\/www.idworx-bikes.de\\\/#organization\"},\"potentialAction\":[{\"@type\":\"SearchAction\",\"target\":{\"@type\":\"EntryPoint\",\"urlTemplate\":\"https:\\\/\\\/www.idworx-bikes.de\\\/?s={search_term_string}\"},\"query-input\":{\"@type\":\"PropertyValueSpecification\",\"valueRequired\":true,\"valueName\":\"search_term_string\"}}],\"inLanguage\":\"nl-NL\"},{\"@type\":\"Organization\",\"@id\":\"https:\\\/\\\/www.idworx-bikes.de\\\/#organization\",\"name\":\"idworx\",\"url\":\"https:\\\/\\\/www.idworx-bikes.de\\\/\",\"logo\":{\"@type\":\"ImageObject\",\"inLanguage\":\"nl-NL\",\"@id\":\"https:\\\/\\\/www.idworx-bikes.de\\\/#\\\/schema\\\/logo\\\/image\\\/\",\"url\":\"https:\\\/\\\/www.idworx-bikes.de\\\/wp-content\\\/uploads\\\/2015\\\/12\\\/idworx-logo_b.png\",\"contentUrl\":\"https:\\\/\\\/www.idworx-bikes.de\\\/wp-content\\\/uploads\\\/2015\\\/12\\\/idworx-logo_b.png\",\"width\":216,\"height\":69,\"caption\":\"idworx\"},\"image\":{\"@id\":\"https:\\\/\\\/www.idworx-bikes.de\\\/#\\\/schema\\\/logo\\\/image\\\/\"},\"sameAs\":[\"https:\\\/\\\/www.facebook.com\\\/Idworx-202013906499907\\\/\"]}]}<\/script>\n<!-- \/ Yoast SEO plugin. -->","yoast_head_json":{"title":"Rapid Rohler Ti - idworx \u2013 Premium Reiser\u00e4der, Trekking Bikes, E-Bikes &amp; Vakantiefietsen","robots":{"index":"index","follow":"follow","max-snippet":"max-snippet:-1","max-image-preview":"max-image-preview:large","max-video-preview":"max-video-preview:-1"},"canonical":"https:\/\/www.idworx-bikes.de\/nl\/produkt\/rapid-rohler-ti-nl-2","og_locale":"nl_NL","og_type":"article","og_title":"Rapid Rohler Ti - idworx \u2013 Premium Reiser\u00e4der, Trekking Bikes, E-Bikes &amp; Vakantiefietsen","og_description":"Als het gaat om de geometrie van mountainbikes, is Gerrit Gaastra altijd zeer innovatief geweest. Het beste voorbeeld hiervan is de &#8220;Double D&#8221; die in 2000 werd gepresenteerd. Met zijn slappe stuurhoek van 68\u00b0 en 2,4 inch brede banden zorgt hij voor enorme stabiliteit en veiligheid, zelfs op technisch uitdagende afdalingen. De perfecte uitvoering van [&hellip;]","og_url":"https:\/\/www.idworx-bikes.de\/nl\/produkt\/rapid-rohler-ti-nl-2","og_site_name":"idworx \u2013 Premium Reiser\u00e4der, Trekking Bikes, E-Bikes &amp; Vakantiefietsen","article_publisher":"https:\/\/www.facebook.com\/Idworx-202013906499907\/","article_modified_time":"2025-10-08T11:23:31+00:00","og_image":[{"width":2560,"height":1709,"url":"https:\/\/www.idworx-bikes.de\/wp-content\/uploads\/2022\/05\/BBG_1207-scaled.jpg","type":"image\/jpeg"}],"twitter_misc":{"Geschatte leestijd":"2 minuten"},"schema":{"@context":"https:\/\/schema.org","@graph":[{"@type":"WebPage","@id":"https:\/\/www.idworx-bikes.de\/nl\/produkt\/rapid-rohler-ti-nl-2","url":"https:\/\/www.idworx-bikes.de\/nl\/produkt\/rapid-rohler-ti-nl-2","name":"Rapid Rohler Ti - idworx \u2013 Premium Reiser\u00e4der, Trekking Bikes, E-Bikes &amp; Vakantiefietsen","isPartOf":{"@id":"https:\/\/www.idworx-bikes.de\/#website"},"primaryImageOfPage":{"@id":"https:\/\/www.idworx-bikes.de\/nl\/produkt\/rapid-rohler-ti-nl-2#primaryimage"},"image":{"@id":"https:\/\/www.idworx-bikes.de\/nl\/produkt\/rapid-rohler-ti-nl-2#primaryimage"},"thumbnailUrl":"https:\/\/www.idworx-bikes.de\/wp-content\/uploads\/2022\/05\/BBG_1207-scaled.jpg","datePublished":"2022-05-27T14:27:33+00:00","dateModified":"2025-10-08T11:23:31+00:00","breadcrumb":{"@id":"https:\/\/www.idworx-bikes.de\/nl\/produkt\/rapid-rohler-ti-nl-2#breadcrumb"},"inLanguage":"nl-NL","potentialAction":[{"@type":"ReadAction","target":["https:\/\/www.idworx-bikes.de\/nl\/produkt\/rapid-rohler-ti-nl-2"]}]},{"@type":"ImageObject","inLanguage":"nl-NL","@id":"https:\/\/www.idworx-bikes.de\/nl\/produkt\/rapid-rohler-ti-nl-2#primaryimage","url":"https:\/\/www.idworx-bikes.de\/wp-content\/uploads\/2022\/05\/BBG_1207-scaled.jpg","contentUrl":"https:\/\/www.idworx-bikes.de\/wp-content\/uploads\/2022\/05\/BBG_1207-scaled.jpg","width":2560,"height":1709},{"@type":"BreadcrumbList","@id":"https:\/\/www.idworx-bikes.de\/nl\/produkt\/rapid-rohler-ti-nl-2#breadcrumb","itemListElement":[{"@type":"ListItem","position":1,"name":"Home","item":"https:\/\/www.idworx-bikes.de\/nl"},{"@type":"ListItem","position":2,"name":"Winkel","item":"https:\/\/www.idworx-bikes.de\/nl\/winkel"},{"@type":"ListItem","position":3,"name":"Rapid Rohler Ti"}]},{"@type":"WebSite","@id":"https:\/\/www.idworx-bikes.de\/#website","url":"https:\/\/www.idworx-bikes.de\/","name":"idworx \u2013 Premium Reiser\u00e4der, Trekking Bikes, E-Bikes &amp; Vakantiefietsen","description":"It works! Handgefertigte Bikes f\u00fcr h\u00f6chste Anspr\u00fcche","publisher":{"@id":"https:\/\/www.idworx-bikes.de\/#organization"},"potentialAction":[{"@type":"SearchAction","target":{"@type":"EntryPoint","urlTemplate":"https:\/\/www.idworx-bikes.de\/?s={search_term_string}"},"query-input":{"@type":"PropertyValueSpecification","valueRequired":true,"valueName":"search_term_string"}}],"inLanguage":"nl-NL"},{"@type":"Organization","@id":"https:\/\/www.idworx-bikes.de\/#organization","name":"idworx","url":"https:\/\/www.idworx-bikes.de\/","logo":{"@type":"ImageObject","inLanguage":"nl-NL","@id":"https:\/\/www.idworx-bikes.de\/#\/schema\/logo\/image\/","url":"https:\/\/www.idworx-bikes.de\/wp-content\/uploads\/2015\/12\/idworx-logo_b.png","contentUrl":"https:\/\/www.idworx-bikes.de\/wp-content\/uploads\/2015\/12\/idworx-logo_b.png","width":216,"height":69,"caption":"idworx"},"image":{"@id":"https:\/\/www.idworx-bikes.de\/#\/schema\/logo\/image\/"},"sameAs":["https:\/\/www.facebook.com\/Idworx-202013906499907\/"]}]}},"_links":{"self":[{"href":"https:\/\/www.idworx-bikes.de\/nl\/wp-json\/wp\/v2\/product\/10484","targetHints":{"allow":["GET"]}}],"collection":[{"href":"https:\/\/www.idworx-bikes.de\/nl\/wp-json\/wp\/v2\/product"}],"about":[{"href":"https:\/\/www.idworx-bikes.de\/nl\/wp-json\/wp\/v2\/types\/product"}],"wp:featuredmedia":[{"embeddable":true,"href":"https:\/\/www.idworx-bikes.de\/nl\/wp-json\/wp\/v2\/media\/10474"}],"wp:attachment":[{"href":"https:\/\/www.idworx-bikes.de\/nl\/wp-json\/wp\/v2\/media?parent=10484"}],"wp:term":[{"taxonomy":"product_brand","embeddable":true,"href":"https:\/\/www.idworx-bikes.de\/nl\/wp-json\/wp\/v2\/product_brand?post=10484"},{"taxonomy":"product_cat","embeddable":true,"href":"https:\/\/www.idworx-bikes.de\/nl\/wp-json\/wp\/v2\/product_cat?post=10484"},{"taxonomy":"product_tag","embeddable":true,"href":"https:\/\/www.idworx-bikes.de\/nl\/wp-json\/wp\/v2\/product_tag?post=10484"}],"curies":[{"name":"wp","href":"https:\/\/api.w.org\/{rel}","templated":true}]}}