{"id":11265,"date":"2022-10-06T10:52:52","date_gmt":"2022-10-06T08:52:52","guid":{"rendered":"https:\/\/www.idworx-bikes.de\/?post_type=product&#038;p=11265"},"modified":"2026-04-08T14:26:33","modified_gmt":"2026-04-08T12:26:33","slug":"grandone-ti-travel-nl-2","status":"publish","type":"product","link":"https:\/\/www.idworx-bikes.de\/nl\/produkt\/grandone-ti-travel-nl-2","title":{"rendered":"Grandone Ti travel"},"content":{"rendered":"<p>De vele positieve testrapporten en redactionele bijdragen in de relevante vakpers hebben aangetoond dat we een eersteklas succes hebben behaald met ons Grandone- model. Of het nu als randonneur of gravelbike is. Natuurlijk zijn we niet op onze lauweren gaan rusten, maar hebben we de Grandone verder geperfectioneerd met een onverwoestbaar titanium frame voor de volgende generatie. We gebruiken ook Shimano&#8217;s GRX-groep, die speciaal is ontwikkeld voor grindfietsen. Deze wordt gekenmerkt door robuuste componenten, een compacte crank met 46\/30 Z en de GRX Shadow Plus achterderailleur, die het slaan van de ketting op ruw terrein effectief voorkomt.<br \/>\nVoor maximale remkracht en optimale dosering, zelfs onder belasting, combineren we Shimano 4-zuiger remklauwen met de GRX rem\/schakelcombinatie.<br \/>\nNatuurlijk biedt het titanium frame alle belangrijke details die kenmerkend zijn voor onze idworx fietsen, zoals onze iSR-Road stuurslotbegrenzer, T47 trapasbehuizing, drie bidonhouderposities en de nieuwe uitvaleinden, die een perfecte symbiose van extreem stijve schijfremmen mogelijk maken. rembevestigingen, nauwsluitende zijstandaardbevestiging en bagagerekbevestiging. Het achterwiel wordt vastgezet met een Syntace X12 steekas met de inbouwmaat 12&#215;142 mm.<\/p>\n<p><strong>Grandone <em>travel<\/em><\/strong>: onze compromisloze randonneur<\/p>\n<\/p>\n<button class=\"wa-accordion \">Fietstesten Grandone travel<\/button><div class=\"wa-accordion-panel\">\n<p><ul class=\"lcp_catlist\"><li><lcp_post><a href=\"https:\/\/www.idworx-bikes.de\/nl\/test-winnaar-grandone-travel-in-rad-fahren-11-12-22\" title=\"Test winnaar Grandone travel in &quot;RAD fahren&quot; 11-12\/22\"><img loading=\"lazy\" decoding=\"async\" width=\"120\" height=\"120\" src=\"https:\/\/www.idworx-bikes.de\/wp-content\/uploads\/2020\/11\/Grandone_tr_sg_56_20_so-250x250.jpg\" class=\"news_thumb wp-post-image\" alt=\"Test winnaar Grandone travel in &quot;RAD fahren&quot; 11-12\/22\" srcset=\"https:\/\/www.idworx-bikes.de\/wp-content\/uploads\/2020\/11\/Grandone_tr_sg_56_20_so-250x250.jpg 250w, https:\/\/www.idworx-bikes.de\/wp-content\/uploads\/2020\/11\/Grandone_tr_sg_56_20_so-100x100.jpg 100w\" sizes=\"auto, (max-width: 120px) 100vw, 120px\" \/><\/a><\/lcp_post><a><a href=\"https:\/\/www.idworx-bikes.de\/nl\/test-winnaar-grandone-travel-in-rad-fahren-11-12-22\">Test winnaar Grandone travel in &#8220;RAD fahren&#8221; 11-12\/22<\/a><\/a>  <\/li><li><lcp_post><a href=\"https:\/\/www.idworx-bikes.de\/nl\/topcijfer-voor-grandone-gravel-in-rad-fahren-6-21\" title=\"Topdscore voor Grandone gravel in &quot;RAD fahren&quot; 6\/21\"><img loading=\"lazy\" decoding=\"async\" width=\"120\" height=\"120\" src=\"https:\/\/www.idworx-bikes.de\/wp-content\/uploads\/2021\/08\/Testsiegel-2021-GRg-250x250.jpg\" class=\"news_thumb wp-post-image\" alt=\"Topdscore voor Grandone gravel in &quot;RAD fahren&quot; 6\/21\" srcset=\"https:\/\/www.idworx-bikes.de\/wp-content\/uploads\/2021\/08\/Testsiegel-2021-GRg-250x250.jpg 250w, https:\/\/www.idworx-bikes.de\/wp-content\/uploads\/2021\/08\/Testsiegel-2021-GRg-100x100.jpg 100w\" sizes=\"auto, (max-width: 120px) 100vw, 120px\" \/><\/a><\/lcp_post><a><a href=\"https:\/\/www.idworx-bikes.de\/nl\/topcijfer-voor-grandone-gravel-in-rad-fahren-6-21\">Topdscore voor Grandone gravel in &#8220;RAD fahren&#8221; 6\/21<\/a><\/a>  <\/li><li><lcp_post><a href=\"https:\/\/www.idworx-bikes.de\/nl\/topscores-voor-grandone-travel-in-de-randonneur-vergelijkingstest-radtouren-magazin-5-20\" title=\"Topscores voor de Grandone travel in de Randonneur-vergelijkingstest RADtouren Magazin 5\/20\"><img loading=\"lazy\" decoding=\"async\" width=\"120\" height=\"120\" src=\"https:\/\/www.idworx-bikes.de\/wp-content\/uploads\/2020\/10\/Bildschirmfoto-2020-10-12-um-13.42.03-250x250.png\" class=\"news_thumb wp-post-image\" alt=\"Topscores voor de Grandone travel in de Randonneur-vergelijkingstest RADtouren Magazin 5\/20\" srcset=\"https:\/\/www.idworx-bikes.de\/wp-content\/uploads\/2020\/10\/Bildschirmfoto-2020-10-12-um-13.42.03-250x250.png 250w, https:\/\/www.idworx-bikes.de\/wp-content\/uploads\/2020\/10\/Bildschirmfoto-2020-10-12-um-13.42.03-100x100.png 100w\" sizes=\"auto, (max-width: 120px) 100vw, 120px\" \/><\/a><\/lcp_post><a><a href=\"https:\/\/www.idworx-bikes.de\/nl\/topscores-voor-grandone-travel-in-de-randonneur-vergelijkingstest-radtouren-magazin-5-20\">Topscores voor de Grandone travel in de Randonneur-vergelijkingstest RADtouren Magazin 5\/20<\/a><\/a>  <\/li><li><lcp_post><a href=\"https:\/\/www.idworx-bikes.de\/nl\/test-idworx-grandone-schotterbike-de-luxe\" title=\"Test idworx Grandone: &lt;br \/&gt;\u201eSchotterbike de Luxe\u201c\"><img loading=\"lazy\" decoding=\"async\" width=\"120\" height=\"120\" src=\"https:\/\/www.idworx-bikes.de\/wp-content\/uploads\/2018\/03\/FAZ-Logo-1-250x250.png\" class=\"news_thumb wp-post-image\" alt=\"Test idworx Grandone: &lt;br \/&gt;\u201eSchotterbike de Luxe\u201c\" srcset=\"https:\/\/www.idworx-bikes.de\/wp-content\/uploads\/2018\/03\/FAZ-Logo-1-250x250.png 250w, https:\/\/www.idworx-bikes.de\/wp-content\/uploads\/2018\/03\/FAZ-Logo-1-300x300.png 300w, https:\/\/www.idworx-bikes.de\/wp-content\/uploads\/2018\/03\/FAZ-Logo-1-324x324.png 324w, https:\/\/www.idworx-bikes.de\/wp-content\/uploads\/2018\/03\/FAZ-Logo-1-416x416.png 416w, https:\/\/www.idworx-bikes.de\/wp-content\/uploads\/2018\/03\/FAZ-Logo-1-100x100.png 100w, https:\/\/www.idworx-bikes.de\/wp-content\/uploads\/2018\/03\/FAZ-Logo-1.png 665w\" sizes=\"auto, (max-width: 120px) 100vw, 120px\" \/><\/a><\/lcp_post><a><a href=\"https:\/\/www.idworx-bikes.de\/nl\/test-idworx-grandone-schotterbike-de-luxe\">Test idworx Grandone: <br \/>\u201eSchotterbike de Luxe\u201c<\/a><\/a>  <\/li><li><lcp_post><a href=\"https:\/\/www.idworx-bikes.de\/nl\/test-idworx-grandone-grandioser-sportler-empfehlung\" title=\"Test idworx Grandone: &lt;br \/&gt;\u201eGrandioser Sportler\u201c (Empfehlung)\"><img loading=\"lazy\" decoding=\"async\" width=\"120\" height=\"120\" src=\"https:\/\/www.idworx-bikes.de\/wp-content\/uploads\/2019\/07\/Testsiegel_aR_7_8_2019_E-250x250.jpg\" class=\"news_thumb wp-post-image\" alt=\"Test idworx Grandone: &lt;br \/&gt;\u201eGrandioser Sportler\u201c (Empfehlung)\" srcset=\"https:\/\/www.idworx-bikes.de\/wp-content\/uploads\/2019\/07\/Testsiegel_aR_7_8_2019_E-250x250.jpg 250w, https:\/\/www.idworx-bikes.de\/wp-content\/uploads\/2019\/07\/Testsiegel_aR_7_8_2019_E-300x300.jpg 300w, https:\/\/www.idworx-bikes.de\/wp-content\/uploads\/2019\/07\/Testsiegel_aR_7_8_2019_E-324x324.jpg 324w, https:\/\/www.idworx-bikes.de\/wp-content\/uploads\/2019\/07\/Testsiegel_aR_7_8_2019_E-100x100.jpg 100w, https:\/\/www.idworx-bikes.de\/wp-content\/uploads\/2019\/07\/Testsiegel_aR_7_8_2019_E.jpg 400w\" sizes=\"auto, (max-width: 120px) 100vw, 120px\" \/><\/a><\/lcp_post><a><a href=\"https:\/\/www.idworx-bikes.de\/nl\/test-idworx-grandone-grandioser-sportler-empfehlung\">Test idworx Grandone: <br \/>\u201eGrandioser Sportler\u201c (Empfehlung)<\/a><\/a>  <\/li><li><lcp_post><a href=\"https:\/\/www.idworx-bikes.de\/nl\/test-idworx-grandoneluxus-strassenfeger\" title=\"Test: idworx Grandone&lt;br \/&gt;\u201eLuxus-Stra\u00dfenfeger\u201c\"><img loading=\"lazy\" decoding=\"async\" width=\"120\" height=\"120\" src=\"https:\/\/www.idworx-bikes.de\/wp-content\/uploads\/2019\/02\/mybike-logo-1-250x250.png\" class=\"news_thumb wp-post-image\" alt=\"Test: idworx Grandone&lt;br \/&gt;\u201eLuxus-Stra\u00dfenfeger\u201c\" srcset=\"https:\/\/www.idworx-bikes.de\/wp-content\/uploads\/2019\/02\/mybike-logo-1-250x250.png 250w, https:\/\/www.idworx-bikes.de\/wp-content\/uploads\/2019\/02\/mybike-logo-1-300x300.png 300w, https:\/\/www.idworx-bikes.de\/wp-content\/uploads\/2019\/02\/mybike-logo-1-324x324.png 324w, https:\/\/www.idworx-bikes.de\/wp-content\/uploads\/2019\/02\/mybike-logo-1-100x100.png 100w, https:\/\/www.idworx-bikes.de\/wp-content\/uploads\/2019\/02\/mybike-logo-1.png 410w\" sizes=\"auto, (max-width: 120px) 100vw, 120px\" \/><\/a><\/lcp_post><a><a href=\"https:\/\/www.idworx-bikes.de\/nl\/test-idworx-grandoneluxus-strassenfeger\">Test: idworx Grandone<br \/>\u201eLuxus-Stra\u00dfenfeger\u201c<\/a><\/a>  <\/li><\/ul><\/p>\n<\/div>\n<button class=\"wa-accordion \">idworx Specials Grandone Ti travel<\/button><div class=\"wa-accordion-panel\">\n<p><b>idworx Stress Reducer stuurhoekbegrenzer<\/b><br \/>\nvoorkomt effectief dat het voorwiel omslaat en beschermt zo tegen schade aan het frame, de koplampen of zelfs de schakel- en remleidingen, die kunnen ontstaan als gevolg van een ongeval of het omvallen van de fiets.<\/p>\n<p><a href=\"https:\/\/www.youtube.com\/watch?v=paBncBfYG8A\" target=\"_blank\" rel=\"noopener noreferrer\"><\/p>\n<h3><font color = red>Video iSR<\/font><\/h3>\n<p><\/a><\/p>\n<\/div>\n<script type=\"text\/javascript\">\nvar acc = document.getElementsByClassName(\"wa-accordion\");\nvar i;\nfor (i = 0; i < acc.length; i++) {\n  acc[i].addEventListener(\"click\", function() {\n    this.classList.toggle(\"wa-accordion-active\");\n    var panel = this.nextElementSibling;\n    if (panel.style.maxHeight) {\n      panel.style.maxHeight = null;\n    } else {\n      panel.style.maxHeight = panel.scrollHeight + \"px\";\n    }\n  });\n}\n<\/script>\n<ul>\n","protected":false},"excerpt":{"rendered":"<p>De vele positieve testrapporten en redactionele bijdragen in de relevante vakpers hebben aangetoond dat we een eersteklas succes hebben behaald met ons Grandone- model. Of het nu als randonneur of gravelbike is. Natuurlijk zijn we niet op onze lauweren gaan rusten, maar hebben we de Grandone verder geperfectioneerd met een onverwoestbaar titanium frame voor de [&hellip;]<\/p>\n","protected":false},"featured_media":11649,"template":"","meta":[],"product_brand":[],"product_cat":[18,50],"product_tag":[],"class_list":{"0":"post-11265","1":"product","2":"type-product","3":"status-publish","4":"has-post-thumbnail","6":"product_cat-idworx_models-nl","7":"product_cat-trekking_bikes-nl","9":"first","10":"instock","11":"sold-individually","12":"shipping-taxable","13":"purchasable","14":"product-type-composite"},"composite_virtual":false,"composite_layout":"single","composite_add_to_cart_form_location":"default","composite_editable_in_cart":false,"composite_sold_individually_context":"configuration","composite_shop_price_calc":"min_max","composite_components":[{"id":"1758124100","title":"Spec","description":"","query_type":"product_ids","query_ids":[11256],"default_option_id":11256,"thumbnail_id":"","thumbnail_src":"","quantity_min":1,"quantity_max":1,"priced_individually":true,"shipped_individually":false,"optional":false,"discount":"","options_style":"dropdowns","pagination_style":"classic","display_prices":"absolute","show_sorting_options":false,"show_filtering_options":false,"attribute_filter_ids":[],"select_action":"view","product_title_visible":false,"product_descr_visible":true,"product_price_visible":true,"product_thumb_visible":false,"subtotal_visible_product":true,"subtotal_visible_cart":true,"subtotal_visible_orders":true,"product_addons_visible":true},{"id":"1758124101","title":"Form","description":"","query_type":"product_ids","query_ids":[583],"default_option_id":583,"thumbnail_id":"","thumbnail_src":"","quantity_min":1,"quantity_max":1,"priced_individually":true,"shipped_individually":false,"optional":false,"discount":"","options_style":"dropdowns","pagination_style":"classic","display_prices":"absolute","show_sorting_options":false,"show_filtering_options":false,"attribute_filter_ids":[],"select_action":"view","product_title_visible":false,"product_descr_visible":false,"product_price_visible":true,"product_thumb_visible":false,"subtotal_visible_product":true,"subtotal_visible_cart":true,"subtotal_visible_orders":true,"product_addons_visible":true},{"id":"1758124102","title":"Size","description":"","query_type":"product_ids","query_ids":[90,93,98],"default_option_id":"","thumbnail_id":"","thumbnail_src":"","quantity_min":1,"quantity_max":1,"priced_individually":true,"shipped_individually":false,"optional":false,"discount":"","options_style":"thumbnails","pagination_style":"classic","display_prices":"absolute","show_sorting_options":false,"show_filtering_options":false,"attribute_filter_ids":[],"select_action":"view","product_title_visible":false,"product_descr_visible":false,"product_price_visible":true,"product_thumb_visible":false,"subtotal_visible_product":true,"subtotal_visible_cart":true,"subtotal_visible_orders":true,"product_addons_visible":true},{"id":"1758124103","title":"Color","description":"","query_type":"product_ids","query_ids":[11261],"default_option_id":11261,"thumbnail_id":"","thumbnail_src":"","quantity_min":1,"quantity_max":1,"priced_individually":true,"shipped_individually":false,"optional":false,"discount":"","options_style":"dropdowns","pagination_style":"classic","display_prices":"absolute","show_sorting_options":false,"show_filtering_options":false,"attribute_filter_ids":[],"select_action":"view","product_title_visible":false,"product_descr_visible":false,"product_price_visible":true,"product_thumb_visible":false,"subtotal_visible_product":true,"subtotal_visible_cart":true,"subtotal_visible_orders":true,"product_addons_visible":true},{"id":"1758124104","title":"Extras","description":"","query_type":"product_ids","query_ids":[11247],"default_option_id":11247,"thumbnail_id":"","thumbnail_src":"","quantity_min":1,"quantity_max":1,"priced_individually":true,"shipped_individually":false,"optional":false,"discount":"","options_style":"dropdowns","pagination_style":"classic","display_prices":"absolute","show_sorting_options":false,"show_filtering_options":false,"attribute_filter_ids":[],"select_action":"view","product_title_visible":false,"product_descr_visible":false,"product_price_visible":true,"product_thumb_visible":false,"subtotal_visible_product":true,"subtotal_visible_cart":true,"subtotal_visible_orders":true,"product_addons_visible":true},{"id":"1758124105","title":"Performance Parts","description":"","query_type":"product_ids","query_ids":[13618],"default_option_id":13618,"thumbnail_id":"","thumbnail_src":"","quantity_min":1,"quantity_max":1,"priced_individually":true,"shipped_individually":false,"optional":false,"discount":"","options_style":"dropdowns","pagination_style":"classic","display_prices":"absolute","show_sorting_options":false,"show_filtering_options":false,"attribute_filter_ids":[],"select_action":"view","product_title_visible":false,"product_descr_visible":false,"product_price_visible":true,"product_thumb_visible":false,"subtotal_visible_product":true,"subtotal_visible_cart":true,"subtotal_visible_orders":true,"product_addons_visible":true}],"composite_scenarios":[{"id":"1775658325","name":"Hide Size== 52, 60","description":"","configuration":[{"component_id":"1758124101","options_modifier":"in","component_options":[583]}],"actions":[{"action_id":"compat_group","is_active":false},{"action_id":"conditional_components","is_active":false,"hidden_components":[]},{"action_id":"conditional_options","is_active":true,"hidden_options":[{"component_id":"1758124102","component_options":[90,98],"options_modifier":"in"}]}],"enabled":true}],"bundled_by":[],"bundle_stock_status":"instock","bundle_stock_quantity":null,"bundle_virtual":false,"bundle_layout":"","bundle_add_to_cart_form_location":"","bundle_editable_in_cart":false,"bundle_sold_individually_context":"","bundle_item_grouping":"","bundle_min_size":"","bundle_max_size":"","bundle_price":[],"bundled_items":[],"bundle_sell_ids":[],"exclude_global_add_ons":[],"addons":[],"yoast_head":"<!-- This site is optimized with the Yoast SEO plugin v27.3 - https:\/\/yoast.com\/product\/yoast-seo-wordpress\/ -->\n<title>Grandone Ti travel - idworx \u2013 Premium Reiser\u00e4der, Trekking Bikes, E-Bikes &amp; Vakantiefietsen<\/title>\n<meta name=\"robots\" content=\"index, follow, max-snippet:-1, max-image-preview:large, max-video-preview:-1\" \/>\n<link rel=\"canonical\" href=\"https:\/\/www.idworx-bikes.de\/nl\/produkt\/grandone-ti-travel-nl-2\" \/>\n<meta property=\"og:locale\" content=\"nl_NL\" \/>\n<meta property=\"og:type\" content=\"article\" \/>\n<meta property=\"og:title\" content=\"Grandone Ti travel - idworx \u2013 Premium Reiser\u00e4der, Trekking Bikes, E-Bikes &amp; Vakantiefietsen\" \/>\n<meta property=\"og:description\" content=\"De vele positieve testrapporten en redactionele bijdragen in de relevante vakpers hebben aangetoond dat we een eersteklas succes hebben behaald met ons Grandone- model. Of het nu als randonneur of gravelbike is. Natuurlijk zijn we niet op onze lauweren gaan rusten, maar hebben we de Grandone verder geperfectioneerd met een onverwoestbaar titanium frame voor de [&hellip;]\" \/>\n<meta property=\"og:url\" content=\"https:\/\/www.idworx-bikes.de\/nl\/produkt\/grandone-ti-travel-nl-2\" \/>\n<meta property=\"og:site_name\" content=\"idworx \u2013 Premium Reiser\u00e4der, Trekking Bikes, E-Bikes &amp; Vakantiefietsen\" \/>\n<meta property=\"article:publisher\" content=\"https:\/\/www.facebook.com\/Idworx-202013906499907\/\" \/>\n<meta property=\"article:modified_time\" content=\"2026-04-08T12:26:33+00:00\" \/>\n<meta property=\"og:image\" content=\"https:\/\/www.idworx-bikes.de\/wp-content\/uploads\/2023\/02\/BBG_1364-scaled.jpg\" \/>\n\t<meta property=\"og:image:width\" content=\"2560\" \/>\n\t<meta property=\"og:image:height\" content=\"1709\" \/>\n\t<meta property=\"og:image:type\" content=\"image\/jpeg\" \/>\n<meta name=\"twitter:label1\" content=\"Geschatte leestijd\" \/>\n\t<meta name=\"twitter:data1\" content=\"1 minuut\" \/>\n<script type=\"application\/ld+json\" class=\"yoast-schema-graph\">{\"@context\":\"https:\\\/\\\/schema.org\",\"@graph\":[{\"@type\":\"WebPage\",\"@id\":\"https:\\\/\\\/www.idworx-bikes.de\\\/nl\\\/produkt\\\/grandone-ti-travel-nl-2\",\"url\":\"https:\\\/\\\/www.idworx-bikes.de\\\/nl\\\/produkt\\\/grandone-ti-travel-nl-2\",\"name\":\"Grandone Ti travel - idworx \u2013 Premium Reiser\u00e4der, Trekking Bikes, E-Bikes &amp; Vakantiefietsen\",\"isPartOf\":{\"@id\":\"https:\\\/\\\/www.idworx-bikes.de\\\/#website\"},\"primaryImageOfPage\":{\"@id\":\"https:\\\/\\\/www.idworx-bikes.de\\\/nl\\\/produkt\\\/grandone-ti-travel-nl-2#primaryimage\"},\"image\":{\"@id\":\"https:\\\/\\\/www.idworx-bikes.de\\\/nl\\\/produkt\\\/grandone-ti-travel-nl-2#primaryimage\"},\"thumbnailUrl\":\"https:\\\/\\\/www.idworx-bikes.de\\\/wp-content\\\/uploads\\\/2023\\\/02\\\/BBG_1364-scaled.jpg\",\"datePublished\":\"2022-10-06T08:52:52+00:00\",\"dateModified\":\"2026-04-08T12:26:33+00:00\",\"breadcrumb\":{\"@id\":\"https:\\\/\\\/www.idworx-bikes.de\\\/nl\\\/produkt\\\/grandone-ti-travel-nl-2#breadcrumb\"},\"inLanguage\":\"nl-NL\",\"potentialAction\":[{\"@type\":\"ReadAction\",\"target\":[\"https:\\\/\\\/www.idworx-bikes.de\\\/nl\\\/produkt\\\/grandone-ti-travel-nl-2\"]}]},{\"@type\":\"ImageObject\",\"inLanguage\":\"nl-NL\",\"@id\":\"https:\\\/\\\/www.idworx-bikes.de\\\/nl\\\/produkt\\\/grandone-ti-travel-nl-2#primaryimage\",\"url\":\"https:\\\/\\\/www.idworx-bikes.de\\\/wp-content\\\/uploads\\\/2023\\\/02\\\/BBG_1364-scaled.jpg\",\"contentUrl\":\"https:\\\/\\\/www.idworx-bikes.de\\\/wp-content\\\/uploads\\\/2023\\\/02\\\/BBG_1364-scaled.jpg\",\"width\":2560,\"height\":1709},{\"@type\":\"BreadcrumbList\",\"@id\":\"https:\\\/\\\/www.idworx-bikes.de\\\/nl\\\/produkt\\\/grandone-ti-travel-nl-2#breadcrumb\",\"itemListElement\":[{\"@type\":\"ListItem\",\"position\":1,\"name\":\"Home\",\"item\":\"https:\\\/\\\/www.idworx-bikes.de\\\/nl\"},{\"@type\":\"ListItem\",\"position\":2,\"name\":\"Winkel\",\"item\":\"https:\\\/\\\/www.idworx-bikes.de\\\/nl\\\/winkel\"},{\"@type\":\"ListItem\",\"position\":3,\"name\":\"Grandone Ti travel\"}]},{\"@type\":\"WebSite\",\"@id\":\"https:\\\/\\\/www.idworx-bikes.de\\\/#website\",\"url\":\"https:\\\/\\\/www.idworx-bikes.de\\\/\",\"name\":\"idworx \u2013 Premium Reiser\u00e4der, Trekking Bikes, E-Bikes &amp; Vakantiefietsen\",\"description\":\"It works! Handgefertigte Bikes f\u00fcr h\u00f6chste Anspr\u00fcche\",\"publisher\":{\"@id\":\"https:\\\/\\\/www.idworx-bikes.de\\\/#organization\"},\"potentialAction\":[{\"@type\":\"SearchAction\",\"target\":{\"@type\":\"EntryPoint\",\"urlTemplate\":\"https:\\\/\\\/www.idworx-bikes.de\\\/?s={search_term_string}\"},\"query-input\":{\"@type\":\"PropertyValueSpecification\",\"valueRequired\":true,\"valueName\":\"search_term_string\"}}],\"inLanguage\":\"nl-NL\"},{\"@type\":\"Organization\",\"@id\":\"https:\\\/\\\/www.idworx-bikes.de\\\/#organization\",\"name\":\"idworx\",\"url\":\"https:\\\/\\\/www.idworx-bikes.de\\\/\",\"logo\":{\"@type\":\"ImageObject\",\"inLanguage\":\"nl-NL\",\"@id\":\"https:\\\/\\\/www.idworx-bikes.de\\\/#\\\/schema\\\/logo\\\/image\\\/\",\"url\":\"https:\\\/\\\/www.idworx-bikes.de\\\/wp-content\\\/uploads\\\/2015\\\/12\\\/idworx-logo_b.png\",\"contentUrl\":\"https:\\\/\\\/www.idworx-bikes.de\\\/wp-content\\\/uploads\\\/2015\\\/12\\\/idworx-logo_b.png\",\"width\":216,\"height\":69,\"caption\":\"idworx\"},\"image\":{\"@id\":\"https:\\\/\\\/www.idworx-bikes.de\\\/#\\\/schema\\\/logo\\\/image\\\/\"},\"sameAs\":[\"https:\\\/\\\/www.facebook.com\\\/Idworx-202013906499907\\\/\"]}]}<\/script>\n<!-- \/ Yoast SEO plugin. -->","yoast_head_json":{"title":"Grandone Ti travel - idworx \u2013 Premium Reiser\u00e4der, Trekking Bikes, E-Bikes &amp; Vakantiefietsen","robots":{"index":"index","follow":"follow","max-snippet":"max-snippet:-1","max-image-preview":"max-image-preview:large","max-video-preview":"max-video-preview:-1"},"canonical":"https:\/\/www.idworx-bikes.de\/nl\/produkt\/grandone-ti-travel-nl-2","og_locale":"nl_NL","og_type":"article","og_title":"Grandone Ti travel - idworx \u2013 Premium Reiser\u00e4der, Trekking Bikes, E-Bikes &amp; Vakantiefietsen","og_description":"De vele positieve testrapporten en redactionele bijdragen in de relevante vakpers hebben aangetoond dat we een eersteklas succes hebben behaald met ons Grandone- model. Of het nu als randonneur of gravelbike is. Natuurlijk zijn we niet op onze lauweren gaan rusten, maar hebben we de Grandone verder geperfectioneerd met een onverwoestbaar titanium frame voor de [&hellip;]","og_url":"https:\/\/www.idworx-bikes.de\/nl\/produkt\/grandone-ti-travel-nl-2","og_site_name":"idworx \u2013 Premium Reiser\u00e4der, Trekking Bikes, E-Bikes &amp; Vakantiefietsen","article_publisher":"https:\/\/www.facebook.com\/Idworx-202013906499907\/","article_modified_time":"2026-04-08T12:26:33+00:00","og_image":[{"width":2560,"height":1709,"url":"https:\/\/www.idworx-bikes.de\/wp-content\/uploads\/2023\/02\/BBG_1364-scaled.jpg","type":"image\/jpeg"}],"twitter_misc":{"Geschatte leestijd":"1 minuut"},"schema":{"@context":"https:\/\/schema.org","@graph":[{"@type":"WebPage","@id":"https:\/\/www.idworx-bikes.de\/nl\/produkt\/grandone-ti-travel-nl-2","url":"https:\/\/www.idworx-bikes.de\/nl\/produkt\/grandone-ti-travel-nl-2","name":"Grandone Ti travel - idworx \u2013 Premium Reiser\u00e4der, Trekking Bikes, E-Bikes &amp; Vakantiefietsen","isPartOf":{"@id":"https:\/\/www.idworx-bikes.de\/#website"},"primaryImageOfPage":{"@id":"https:\/\/www.idworx-bikes.de\/nl\/produkt\/grandone-ti-travel-nl-2#primaryimage"},"image":{"@id":"https:\/\/www.idworx-bikes.de\/nl\/produkt\/grandone-ti-travel-nl-2#primaryimage"},"thumbnailUrl":"https:\/\/www.idworx-bikes.de\/wp-content\/uploads\/2023\/02\/BBG_1364-scaled.jpg","datePublished":"2022-10-06T08:52:52+00:00","dateModified":"2026-04-08T12:26:33+00:00","breadcrumb":{"@id":"https:\/\/www.idworx-bikes.de\/nl\/produkt\/grandone-ti-travel-nl-2#breadcrumb"},"inLanguage":"nl-NL","potentialAction":[{"@type":"ReadAction","target":["https:\/\/www.idworx-bikes.de\/nl\/produkt\/grandone-ti-travel-nl-2"]}]},{"@type":"ImageObject","inLanguage":"nl-NL","@id":"https:\/\/www.idworx-bikes.de\/nl\/produkt\/grandone-ti-travel-nl-2#primaryimage","url":"https:\/\/www.idworx-bikes.de\/wp-content\/uploads\/2023\/02\/BBG_1364-scaled.jpg","contentUrl":"https:\/\/www.idworx-bikes.de\/wp-content\/uploads\/2023\/02\/BBG_1364-scaled.jpg","width":2560,"height":1709},{"@type":"BreadcrumbList","@id":"https:\/\/www.idworx-bikes.de\/nl\/produkt\/grandone-ti-travel-nl-2#breadcrumb","itemListElement":[{"@type":"ListItem","position":1,"name":"Home","item":"https:\/\/www.idworx-bikes.de\/nl"},{"@type":"ListItem","position":2,"name":"Winkel","item":"https:\/\/www.idworx-bikes.de\/nl\/winkel"},{"@type":"ListItem","position":3,"name":"Grandone Ti travel"}]},{"@type":"WebSite","@id":"https:\/\/www.idworx-bikes.de\/#website","url":"https:\/\/www.idworx-bikes.de\/","name":"idworx \u2013 Premium Reiser\u00e4der, Trekking Bikes, E-Bikes &amp; Vakantiefietsen","description":"It works! Handgefertigte Bikes f\u00fcr h\u00f6chste Anspr\u00fcche","publisher":{"@id":"https:\/\/www.idworx-bikes.de\/#organization"},"potentialAction":[{"@type":"SearchAction","target":{"@type":"EntryPoint","urlTemplate":"https:\/\/www.idworx-bikes.de\/?s={search_term_string}"},"query-input":{"@type":"PropertyValueSpecification","valueRequired":true,"valueName":"search_term_string"}}],"inLanguage":"nl-NL"},{"@type":"Organization","@id":"https:\/\/www.idworx-bikes.de\/#organization","name":"idworx","url":"https:\/\/www.idworx-bikes.de\/","logo":{"@type":"ImageObject","inLanguage":"nl-NL","@id":"https:\/\/www.idworx-bikes.de\/#\/schema\/logo\/image\/","url":"https:\/\/www.idworx-bikes.de\/wp-content\/uploads\/2015\/12\/idworx-logo_b.png","contentUrl":"https:\/\/www.idworx-bikes.de\/wp-content\/uploads\/2015\/12\/idworx-logo_b.png","width":216,"height":69,"caption":"idworx"},"image":{"@id":"https:\/\/www.idworx-bikes.de\/#\/schema\/logo\/image\/"},"sameAs":["https:\/\/www.facebook.com\/Idworx-202013906499907\/"]}]}},"_links":{"self":[{"href":"https:\/\/www.idworx-bikes.de\/nl\/wp-json\/wp\/v2\/product\/11265","targetHints":{"allow":["GET"]}}],"collection":[{"href":"https:\/\/www.idworx-bikes.de\/nl\/wp-json\/wp\/v2\/product"}],"about":[{"href":"https:\/\/www.idworx-bikes.de\/nl\/wp-json\/wp\/v2\/types\/product"}],"wp:featuredmedia":[{"embeddable":true,"href":"https:\/\/www.idworx-bikes.de\/nl\/wp-json\/wp\/v2\/media\/11649"}],"wp:attachment":[{"href":"https:\/\/www.idworx-bikes.de\/nl\/wp-json\/wp\/v2\/media?parent=11265"}],"wp:term":[{"taxonomy":"product_brand","embeddable":true,"href":"https:\/\/www.idworx-bikes.de\/nl\/wp-json\/wp\/v2\/product_brand?post=11265"},{"taxonomy":"product_cat","embeddable":true,"href":"https:\/\/www.idworx-bikes.de\/nl\/wp-json\/wp\/v2\/product_cat?post=11265"},{"taxonomy":"product_tag","embeddable":true,"href":"https:\/\/www.idworx-bikes.de\/nl\/wp-json\/wp\/v2\/product_tag?post=11265"}],"curies":[{"name":"wp","href":"https:\/\/api.w.org\/{rel}","templated":true}]}}