{"id":11990,"date":"2023-09-27T13:33:31","date_gmt":"2023-09-27T11:33:31","guid":{"rendered":"https:\/\/www.idworx-bikes.de\/?post_type=product&#038;p=11990"},"modified":"2023-10-04T15:21:50","modified_gmt":"2023-10-04T13:21:50","slug":"tubus-duo-titanium-low-rider-nl","status":"publish","type":"product","link":"https:\/\/www.idworx-bikes.de\/nl\/produkt\/tubus-duo-titanium-low-rider-nl","title":{"rendered":"Tubus Duo Titanium Low-Rider"},"content":{"rendered":"","protected":false},"excerpt":{"rendered":"<p>Licht, sterk en corrosiebestendig. In vergelijking tot de stalen uitvoering wordt er 260 gram aan gewicht gespaard met behoud van het beladings vermogen. Je fietstassen zullen geen lelijke plekken achterlaten doordat het Titanium geen beschermende coating nodig heeft.<\/p>\n","protected":false},"featured_media":12001,"template":"","meta":[],"product_brand":[],"product_cat":[191],"product_tag":[],"class_list":{"0":"post-11990","1":"product","2":"type-product","3":"status-publish","4":"has-post-thumbnail","6":"product_cat-options_nl","8":"first","9":"instock","10":"shipping-taxable","11":"purchasable","12":"product-type-simple"},"composite_virtual":false,"composite_layout":"","composite_add_to_cart_form_location":"","composite_editable_in_cart":false,"composite_sold_individually_context":"","composite_shop_price_calc":"","composite_components":[],"composite_scenarios":[],"bundled_by":["11247","11218","1022","1031","1625","1643","6490","10019","12103","12106","7554","7637","6596","11274","12775","13128","13133","13145","13148","13151","1037","13885","13897","13900"],"bundle_stock_status":"instock","bundle_stock_quantity":null,"bundle_virtual":false,"bundle_layout":"","bundle_add_to_cart_form_location":"","bundle_editable_in_cart":false,"bundle_sold_individually_context":"","bundle_item_grouping":"","bundle_min_size":"","bundle_max_size":"","bundle_price":[],"bundled_items":[],"bundle_sell_ids":[],"exclude_global_add_ons":[],"addons":[],"yoast_head":"<!-- This site is optimized with the Yoast SEO plugin v27.5 - https:\/\/yoast.com\/product\/yoast-seo-wordpress\/ -->\n<title>Tubus Duo Titanium Low-Rider - idworx \u2013 Premium Reiser\u00e4der, Trekking Bikes, E-Bikes &amp; Vakantiefietsen<\/title>\n<meta name=\"robots\" content=\"index, follow, max-snippet:-1, max-image-preview:large, max-video-preview:-1\" \/>\n<link rel=\"canonical\" href=\"https:\/\/www.idworx-bikes.de\/nl\/produkt\/tubus-duo-titanium-low-rider-nl\" \/>\n<meta property=\"og:locale\" content=\"nl_NL\" \/>\n<meta property=\"og:type\" content=\"article\" \/>\n<meta property=\"og:title\" content=\"Tubus Duo Titanium Low-Rider - idworx \u2013 Premium Reiser\u00e4der, Trekking Bikes, E-Bikes &amp; Vakantiefietsen\" \/>\n<meta property=\"og:description\" content=\"Licht, sterk en corrosiebestendig. In vergelijking tot de stalen uitvoering wordt er 260 gram aan gewicht gespaard met behoud van het beladings vermogen. Je fietstassen zullen geen lelijke plekken achterlaten doordat het Titanium geen beschermende coating nodig heeft.\" \/>\n<meta property=\"og:url\" content=\"https:\/\/www.idworx-bikes.de\/nl\/produkt\/tubus-duo-titanium-low-rider-nl\" \/>\n<meta property=\"og:site_name\" content=\"idworx \u2013 Premium Reiser\u00e4der, Trekking Bikes, E-Bikes &amp; Vakantiefietsen\" \/>\n<meta property=\"article:publisher\" content=\"https:\/\/www.facebook.com\/Idworx-202013906499907\/\" \/>\n<meta property=\"article:modified_time\" content=\"2023-10-04T13:21:50+00:00\" \/>\n<meta property=\"og:image\" content=\"https:\/\/www.idworx-bikes.de\/wp-content\/uploads\/2023\/09\/Duo-Ti.jpg\" \/>\n\t<meta property=\"og:image:width\" content=\"870\" \/>\n\t<meta property=\"og:image:height\" content=\"1041\" \/>\n\t<meta property=\"og:image:type\" content=\"image\/jpeg\" \/>\n<script type=\"application\/ld+json\" class=\"yoast-schema-graph\">{\"@context\":\"https:\\\/\\\/schema.org\",\"@graph\":[{\"@type\":\"WebPage\",\"@id\":\"https:\\\/\\\/www.idworx-bikes.de\\\/nl\\\/produkt\\\/tubus-duo-titanium-low-rider-nl\",\"url\":\"https:\\\/\\\/www.idworx-bikes.de\\\/nl\\\/produkt\\\/tubus-duo-titanium-low-rider-nl\",\"name\":\"Tubus Duo Titanium Low-Rider - idworx \u2013 Premium Reiser\u00e4der, Trekking Bikes, E-Bikes &amp; Vakantiefietsen\",\"isPartOf\":{\"@id\":\"https:\\\/\\\/www.idworx-bikes.de\\\/#website\"},\"primaryImageOfPage\":{\"@id\":\"https:\\\/\\\/www.idworx-bikes.de\\\/nl\\\/produkt\\\/tubus-duo-titanium-low-rider-nl#primaryimage\"},\"image\":{\"@id\":\"https:\\\/\\\/www.idworx-bikes.de\\\/nl\\\/produkt\\\/tubus-duo-titanium-low-rider-nl#primaryimage\"},\"thumbnailUrl\":\"https:\\\/\\\/www.idworx-bikes.de\\\/wp-content\\\/uploads\\\/2023\\\/09\\\/Duo-Ti.jpg\",\"datePublished\":\"2023-09-27T11:33:31+00:00\",\"dateModified\":\"2023-10-04T13:21:50+00:00\",\"breadcrumb\":{\"@id\":\"https:\\\/\\\/www.idworx-bikes.de\\\/nl\\\/produkt\\\/tubus-duo-titanium-low-rider-nl#breadcrumb\"},\"inLanguage\":\"nl-NL\",\"potentialAction\":[{\"@type\":\"ReadAction\",\"target\":[\"https:\\\/\\\/www.idworx-bikes.de\\\/nl\\\/produkt\\\/tubus-duo-titanium-low-rider-nl\"]}]},{\"@type\":\"ImageObject\",\"inLanguage\":\"nl-NL\",\"@id\":\"https:\\\/\\\/www.idworx-bikes.de\\\/nl\\\/produkt\\\/tubus-duo-titanium-low-rider-nl#primaryimage\",\"url\":\"https:\\\/\\\/www.idworx-bikes.de\\\/wp-content\\\/uploads\\\/2023\\\/09\\\/Duo-Ti.jpg\",\"contentUrl\":\"https:\\\/\\\/www.idworx-bikes.de\\\/wp-content\\\/uploads\\\/2023\\\/09\\\/Duo-Ti.jpg\",\"width\":870,\"height\":1041},{\"@type\":\"BreadcrumbList\",\"@id\":\"https:\\\/\\\/www.idworx-bikes.de\\\/nl\\\/produkt\\\/tubus-duo-titanium-low-rider-nl#breadcrumb\",\"itemListElement\":[{\"@type\":\"ListItem\",\"position\":1,\"name\":\"Home\",\"item\":\"https:\\\/\\\/www.idworx-bikes.de\\\/nl\"},{\"@type\":\"ListItem\",\"position\":2,\"name\":\"Winkel\",\"item\":\"https:\\\/\\\/www.idworx-bikes.de\\\/nl\\\/winkel\"},{\"@type\":\"ListItem\",\"position\":3,\"name\":\"Tubus Duo Titanium Low-Rider\"}]},{\"@type\":\"WebSite\",\"@id\":\"https:\\\/\\\/www.idworx-bikes.de\\\/#website\",\"url\":\"https:\\\/\\\/www.idworx-bikes.de\\\/\",\"name\":\"idworx \u2013 Premium Reiser\u00e4der, Trekking Bikes, E-Bikes &amp; Vakantiefietsen\",\"description\":\"It works! Handgefertigte Bikes f\u00fcr h\u00f6chste Anspr\u00fcche\",\"publisher\":{\"@id\":\"https:\\\/\\\/www.idworx-bikes.de\\\/#organization\"},\"potentialAction\":[{\"@type\":\"SearchAction\",\"target\":{\"@type\":\"EntryPoint\",\"urlTemplate\":\"https:\\\/\\\/www.idworx-bikes.de\\\/?s={search_term_string}\"},\"query-input\":{\"@type\":\"PropertyValueSpecification\",\"valueRequired\":true,\"valueName\":\"search_term_string\"}}],\"inLanguage\":\"nl-NL\"},{\"@type\":\"Organization\",\"@id\":\"https:\\\/\\\/www.idworx-bikes.de\\\/#organization\",\"name\":\"idworx\",\"url\":\"https:\\\/\\\/www.idworx-bikes.de\\\/\",\"logo\":{\"@type\":\"ImageObject\",\"inLanguage\":\"nl-NL\",\"@id\":\"https:\\\/\\\/www.idworx-bikes.de\\\/#\\\/schema\\\/logo\\\/image\\\/\",\"url\":\"https:\\\/\\\/www.idworx-bikes.de\\\/wp-content\\\/uploads\\\/2015\\\/12\\\/idworx-logo_b.png\",\"contentUrl\":\"https:\\\/\\\/www.idworx-bikes.de\\\/wp-content\\\/uploads\\\/2015\\\/12\\\/idworx-logo_b.png\",\"width\":216,\"height\":69,\"caption\":\"idworx\"},\"image\":{\"@id\":\"https:\\\/\\\/www.idworx-bikes.de\\\/#\\\/schema\\\/logo\\\/image\\\/\"},\"sameAs\":[\"https:\\\/\\\/www.facebook.com\\\/Idworx-202013906499907\\\/\"]}]}<\/script>\n<!-- \/ Yoast SEO plugin. -->","yoast_head_json":{"title":"Tubus Duo Titanium Low-Rider - idworx \u2013 Premium Reiser\u00e4der, Trekking Bikes, E-Bikes &amp; Vakantiefietsen","robots":{"index":"index","follow":"follow","max-snippet":"max-snippet:-1","max-image-preview":"max-image-preview:large","max-video-preview":"max-video-preview:-1"},"canonical":"https:\/\/www.idworx-bikes.de\/nl\/produkt\/tubus-duo-titanium-low-rider-nl","og_locale":"nl_NL","og_type":"article","og_title":"Tubus Duo Titanium Low-Rider - idworx \u2013 Premium Reiser\u00e4der, Trekking Bikes, E-Bikes &amp; Vakantiefietsen","og_description":"Licht, sterk en corrosiebestendig. In vergelijking tot de stalen uitvoering wordt er 260 gram aan gewicht gespaard met behoud van het beladings vermogen. Je fietstassen zullen geen lelijke plekken achterlaten doordat het Titanium geen beschermende coating nodig heeft.","og_url":"https:\/\/www.idworx-bikes.de\/nl\/produkt\/tubus-duo-titanium-low-rider-nl","og_site_name":"idworx \u2013 Premium Reiser\u00e4der, Trekking Bikes, E-Bikes &amp; Vakantiefietsen","article_publisher":"https:\/\/www.facebook.com\/Idworx-202013906499907\/","article_modified_time":"2023-10-04T13:21:50+00:00","og_image":[{"width":870,"height":1041,"url":"https:\/\/www.idworx-bikes.de\/wp-content\/uploads\/2023\/09\/Duo-Ti.jpg","type":"image\/jpeg"}],"schema":{"@context":"https:\/\/schema.org","@graph":[{"@type":"WebPage","@id":"https:\/\/www.idworx-bikes.de\/nl\/produkt\/tubus-duo-titanium-low-rider-nl","url":"https:\/\/www.idworx-bikes.de\/nl\/produkt\/tubus-duo-titanium-low-rider-nl","name":"Tubus Duo Titanium Low-Rider - idworx \u2013 Premium Reiser\u00e4der, Trekking Bikes, E-Bikes &amp; Vakantiefietsen","isPartOf":{"@id":"https:\/\/www.idworx-bikes.de\/#website"},"primaryImageOfPage":{"@id":"https:\/\/www.idworx-bikes.de\/nl\/produkt\/tubus-duo-titanium-low-rider-nl#primaryimage"},"image":{"@id":"https:\/\/www.idworx-bikes.de\/nl\/produkt\/tubus-duo-titanium-low-rider-nl#primaryimage"},"thumbnailUrl":"https:\/\/www.idworx-bikes.de\/wp-content\/uploads\/2023\/09\/Duo-Ti.jpg","datePublished":"2023-09-27T11:33:31+00:00","dateModified":"2023-10-04T13:21:50+00:00","breadcrumb":{"@id":"https:\/\/www.idworx-bikes.de\/nl\/produkt\/tubus-duo-titanium-low-rider-nl#breadcrumb"},"inLanguage":"nl-NL","potentialAction":[{"@type":"ReadAction","target":["https:\/\/www.idworx-bikes.de\/nl\/produkt\/tubus-duo-titanium-low-rider-nl"]}]},{"@type":"ImageObject","inLanguage":"nl-NL","@id":"https:\/\/www.idworx-bikes.de\/nl\/produkt\/tubus-duo-titanium-low-rider-nl#primaryimage","url":"https:\/\/www.idworx-bikes.de\/wp-content\/uploads\/2023\/09\/Duo-Ti.jpg","contentUrl":"https:\/\/www.idworx-bikes.de\/wp-content\/uploads\/2023\/09\/Duo-Ti.jpg","width":870,"height":1041},{"@type":"BreadcrumbList","@id":"https:\/\/www.idworx-bikes.de\/nl\/produkt\/tubus-duo-titanium-low-rider-nl#breadcrumb","itemListElement":[{"@type":"ListItem","position":1,"name":"Home","item":"https:\/\/www.idworx-bikes.de\/nl"},{"@type":"ListItem","position":2,"name":"Winkel","item":"https:\/\/www.idworx-bikes.de\/nl\/winkel"},{"@type":"ListItem","position":3,"name":"Tubus Duo Titanium Low-Rider"}]},{"@type":"WebSite","@id":"https:\/\/www.idworx-bikes.de\/#website","url":"https:\/\/www.idworx-bikes.de\/","name":"idworx \u2013 Premium Reiser\u00e4der, Trekking Bikes, E-Bikes &amp; Vakantiefietsen","description":"It works! Handgefertigte Bikes f\u00fcr h\u00f6chste Anspr\u00fcche","publisher":{"@id":"https:\/\/www.idworx-bikes.de\/#organization"},"potentialAction":[{"@type":"SearchAction","target":{"@type":"EntryPoint","urlTemplate":"https:\/\/www.idworx-bikes.de\/?s={search_term_string}"},"query-input":{"@type":"PropertyValueSpecification","valueRequired":true,"valueName":"search_term_string"}}],"inLanguage":"nl-NL"},{"@type":"Organization","@id":"https:\/\/www.idworx-bikes.de\/#organization","name":"idworx","url":"https:\/\/www.idworx-bikes.de\/","logo":{"@type":"ImageObject","inLanguage":"nl-NL","@id":"https:\/\/www.idworx-bikes.de\/#\/schema\/logo\/image\/","url":"https:\/\/www.idworx-bikes.de\/wp-content\/uploads\/2015\/12\/idworx-logo_b.png","contentUrl":"https:\/\/www.idworx-bikes.de\/wp-content\/uploads\/2015\/12\/idworx-logo_b.png","width":216,"height":69,"caption":"idworx"},"image":{"@id":"https:\/\/www.idworx-bikes.de\/#\/schema\/logo\/image\/"},"sameAs":["https:\/\/www.facebook.com\/Idworx-202013906499907\/"]}]}},"_links":{"self":[{"href":"https:\/\/www.idworx-bikes.de\/nl\/wp-json\/wp\/v2\/product\/11990","targetHints":{"allow":["GET"]}}],"collection":[{"href":"https:\/\/www.idworx-bikes.de\/nl\/wp-json\/wp\/v2\/product"}],"about":[{"href":"https:\/\/www.idworx-bikes.de\/nl\/wp-json\/wp\/v2\/types\/product"}],"wp:featuredmedia":[{"embeddable":true,"href":"https:\/\/www.idworx-bikes.de\/nl\/wp-json\/wp\/v2\/media\/12001"}],"wp:attachment":[{"href":"https:\/\/www.idworx-bikes.de\/nl\/wp-json\/wp\/v2\/media?parent=11990"}],"wp:term":[{"taxonomy":"product_brand","embeddable":true,"href":"https:\/\/www.idworx-bikes.de\/nl\/wp-json\/wp\/v2\/product_brand?post=11990"},{"taxonomy":"product_cat","embeddable":true,"href":"https:\/\/www.idworx-bikes.de\/nl\/wp-json\/wp\/v2\/product_cat?post=11990"},{"taxonomy":"product_tag","embeddable":true,"href":"https:\/\/www.idworx-bikes.de\/nl\/wp-json\/wp\/v2\/product_tag?post=11990"}],"curies":[{"name":"wp","href":"https:\/\/api.w.org\/{rel}","templated":true}]}}