{"id":13835,"date":"2025-09-17T10:32:07","date_gmt":"2025-09-17T08:32:07","guid":{"rendered":"https:\/\/www.idworx-bikes.de\/product\/cerakote-keramische-coating-travel-voorvork"},"modified":"2025-09-17T13:34:41","modified_gmt":"2025-09-17T11:34:41","slug":"cerakote-keramische-coating-travel-voorvork","status":"publish","type":"product","link":"https:\/\/www.idworx-bikes.de\/nl\/produkt\/cerakote-keramische-coating-travel-voorvork","title":{"rendered":"CeraKote keramische coating travel voorvork"},"content":{"rendered":"","protected":false},"excerpt":{"rendered":"<p>1. Buitengewone levensduur<br \/>\nCeraKote biedt een extreem bestendige oppervlak tegen krassen,<br \/>\nschuren, corrosie en chemische invloeden. Zelfs onder ander extreme omstandigheden zoals bij hitte, vocht of andere mechanische invloeden<br \/>\nhoudt de CeraKote bestand.<\/p>\n<p>2. Corrosie bescherming<br \/>\nEen groot voordeel van de CeraKote coating is de excellente<br \/>\nbescherming tegen corrosie. De coating dicht het volledige oppervlak af<br \/>\nen verhindert hierdoor het indringen van vocht en\/of agressieve middelen.<br \/>\nDit maakt het ideaal voor voertuigonderdelen.<\/p>\n<p>3. Chemicali\u00ebn bestendig<br \/>\nCeraKote is resistent tegenover veelvoud van oplosmiddelen, oli\u00ebn,<br \/>\nreinigingsmiddelen en andere chemicali\u00ebn zoals strooizout. Hierdoor is<br \/>\ndeze coating ideaal voor de alle daagse rijder en de ideale aanvulling op<br \/>\nonze titanium frames.<\/p>\n<p>4. Eenvoudig en duurzaam<br \/>\nDe gladde en gesloten oppervlak van de coating is eenvoudig te reinigen<br \/>\nen blijft over de jaren hetzelfde eruit zien. Het verkleurt niet, bladdert niet<br \/>\naf en blijft ook onder zware omstandigheden zijn functie vervullen.<\/p>\n","protected":false},"featured_media":13827,"template":"","meta":[],"product_brand":[],"product_cat":[191],"product_tag":[],"class_list":{"0":"post-13835","1":"product","2":"type-product","3":"status-publish","4":"has-post-thumbnail","6":"product_cat-options_nl","8":"first","9":"instock","10":"shipping-taxable","11":"purchasable","12":"product-type-simple"},"composite_virtual":false,"composite_layout":"","composite_add_to_cart_form_location":"","composite_editable_in_cart":false,"composite_sold_individually_context":"","composite_shop_price_calc":"","composite_components":[],"composite_scenarios":[],"bundled_by":["13618","7640","13603","13600"],"bundle_stock_status":"instock","bundle_stock_quantity":null,"bundle_virtual":false,"bundle_layout":"","bundle_add_to_cart_form_location":"","bundle_editable_in_cart":false,"bundle_sold_individually_context":"","bundle_item_grouping":"","bundle_min_size":"","bundle_max_size":"","bundle_price":[],"bundled_items":[],"bundle_sell_ids":[],"exclude_global_add_ons":[],"addons":[],"yoast_head":"<!-- This site is optimized with the Yoast SEO plugin v27.5 - https:\/\/yoast.com\/product\/yoast-seo-wordpress\/ -->\n<title>CeraKote keramische coating travel voorvork - idworx \u2013 Premium Reiser\u00e4der, Trekking Bikes, E-Bikes &amp; Vakantiefietsen<\/title>\n<meta name=\"robots\" content=\"index, follow, max-snippet:-1, max-image-preview:large, max-video-preview:-1\" \/>\n<link rel=\"canonical\" href=\"https:\/\/www.idworx-bikes.de\/nl\/produkt\/cerakote-keramische-coating-travel-voorvork\" \/>\n<meta property=\"og:locale\" content=\"nl_NL\" \/>\n<meta property=\"og:type\" content=\"article\" \/>\n<meta property=\"og:title\" content=\"CeraKote keramische coating travel voorvork - idworx \u2013 Premium Reiser\u00e4der, Trekking Bikes, E-Bikes &amp; Vakantiefietsen\" \/>\n<meta property=\"og:description\" content=\"1. Buitengewone levensduur CeraKote biedt een extreem bestendige oppervlak tegen krassen, schuren, corrosie en chemische invloeden. Zelfs onder ander extreme omstandigheden zoals bij hitte, vocht of andere mechanische invloeden houdt de CeraKote bestand.  2. Corrosie bescherming Een groot voordeel van de CeraKote coating is de excellente bescherming tegen corrosie. De coating dicht het volledige oppervlak af en verhindert hierdoor het indringen van vocht en\/of agressieve middelen. Dit maakt het ideaal voor voertuigonderdelen.  3. Chemicali\u00ebn bestendig CeraKote is resistent tegenover veelvoud van oplosmiddelen, oli\u00ebn, reinigingsmiddelen en andere chemicali\u00ebn zoals strooizout. Hierdoor is deze coating ideaal voor de alle daagse rijder en de ideale aanvulling op onze titanium frames.  4. Eenvoudig en duurzaam De gladde en gesloten oppervlak van de coating is eenvoudig te reinigen en blijft over de jaren hetzelfde eruit zien. Het verkleurt niet, bladdert niet af en blijft ook onder zware omstandigheden zijn functie vervullen.\" \/>\n<meta property=\"og:url\" content=\"https:\/\/www.idworx-bikes.de\/nl\/produkt\/cerakote-keramische-coating-travel-voorvork\" \/>\n<meta property=\"og:site_name\" content=\"idworx \u2013 Premium Reiser\u00e4der, Trekking Bikes, E-Bikes &amp; Vakantiefietsen\" \/>\n<meta property=\"article:publisher\" content=\"https:\/\/www.facebook.com\/Idworx-202013906499907\/\" \/>\n<meta property=\"article:modified_time\" content=\"2025-09-17T11:34:41+00:00\" \/>\n<meta property=\"og:image\" content=\"https:\/\/www.idworx-bikes.de\/wp-content\/uploads\/2025\/09\/860x816-EliteBlackoutE-100Still.jpg\" \/>\n\t<meta property=\"og:image:width\" content=\"816\" \/>\n\t<meta property=\"og:image:height\" content=\"816\" \/>\n\t<meta property=\"og:image:type\" content=\"image\/jpeg\" \/>\n<script type=\"application\/ld+json\" class=\"yoast-schema-graph\">{\"@context\":\"https:\\\/\\\/schema.org\",\"@graph\":[{\"@type\":\"WebPage\",\"@id\":\"https:\\\/\\\/www.idworx-bikes.de\\\/nl\\\/produkt\\\/cerakote-keramische-coating-travel-voorvork\",\"url\":\"https:\\\/\\\/www.idworx-bikes.de\\\/nl\\\/produkt\\\/cerakote-keramische-coating-travel-voorvork\",\"name\":\"CeraKote keramische coating travel voorvork - idworx \u2013 Premium Reiser\u00e4der, Trekking Bikes, E-Bikes &amp; Vakantiefietsen\",\"isPartOf\":{\"@id\":\"https:\\\/\\\/www.idworx-bikes.de\\\/#website\"},\"primaryImageOfPage\":{\"@id\":\"https:\\\/\\\/www.idworx-bikes.de\\\/nl\\\/produkt\\\/cerakote-keramische-coating-travel-voorvork#primaryimage\"},\"image\":{\"@id\":\"https:\\\/\\\/www.idworx-bikes.de\\\/nl\\\/produkt\\\/cerakote-keramische-coating-travel-voorvork#primaryimage\"},\"thumbnailUrl\":\"https:\\\/\\\/www.idworx-bikes.de\\\/wp-content\\\/uploads\\\/2025\\\/09\\\/860x816-EliteBlackoutE-100Still.jpg\",\"datePublished\":\"2025-09-17T08:32:07+00:00\",\"dateModified\":\"2025-09-17T11:34:41+00:00\",\"breadcrumb\":{\"@id\":\"https:\\\/\\\/www.idworx-bikes.de\\\/nl\\\/produkt\\\/cerakote-keramische-coating-travel-voorvork#breadcrumb\"},\"inLanguage\":\"nl-NL\",\"potentialAction\":[{\"@type\":\"ReadAction\",\"target\":[\"https:\\\/\\\/www.idworx-bikes.de\\\/nl\\\/produkt\\\/cerakote-keramische-coating-travel-voorvork\"]}]},{\"@type\":\"ImageObject\",\"inLanguage\":\"nl-NL\",\"@id\":\"https:\\\/\\\/www.idworx-bikes.de\\\/nl\\\/produkt\\\/cerakote-keramische-coating-travel-voorvork#primaryimage\",\"url\":\"https:\\\/\\\/www.idworx-bikes.de\\\/wp-content\\\/uploads\\\/2025\\\/09\\\/860x816-EliteBlackoutE-100Still.jpg\",\"contentUrl\":\"https:\\\/\\\/www.idworx-bikes.de\\\/wp-content\\\/uploads\\\/2025\\\/09\\\/860x816-EliteBlackoutE-100Still.jpg\",\"width\":816,\"height\":816},{\"@type\":\"BreadcrumbList\",\"@id\":\"https:\\\/\\\/www.idworx-bikes.de\\\/nl\\\/produkt\\\/cerakote-keramische-coating-travel-voorvork#breadcrumb\",\"itemListElement\":[{\"@type\":\"ListItem\",\"position\":1,\"name\":\"Home\",\"item\":\"https:\\\/\\\/www.idworx-bikes.de\\\/nl\"},{\"@type\":\"ListItem\",\"position\":2,\"name\":\"Winkel\",\"item\":\"https:\\\/\\\/www.idworx-bikes.de\\\/nl\\\/winkel\"},{\"@type\":\"ListItem\",\"position\":3,\"name\":\"CeraKote keramische coating travel voorvork\"}]},{\"@type\":\"WebSite\",\"@id\":\"https:\\\/\\\/www.idworx-bikes.de\\\/#website\",\"url\":\"https:\\\/\\\/www.idworx-bikes.de\\\/\",\"name\":\"idworx \u2013 Premium Reiser\u00e4der, Trekking Bikes, E-Bikes &amp; Vakantiefietsen\",\"description\":\"It works! Handgefertigte Bikes f\u00fcr h\u00f6chste Anspr\u00fcche\",\"publisher\":{\"@id\":\"https:\\\/\\\/www.idworx-bikes.de\\\/#organization\"},\"potentialAction\":[{\"@type\":\"SearchAction\",\"target\":{\"@type\":\"EntryPoint\",\"urlTemplate\":\"https:\\\/\\\/www.idworx-bikes.de\\\/?s={search_term_string}\"},\"query-input\":{\"@type\":\"PropertyValueSpecification\",\"valueRequired\":true,\"valueName\":\"search_term_string\"}}],\"inLanguage\":\"nl-NL\"},{\"@type\":\"Organization\",\"@id\":\"https:\\\/\\\/www.idworx-bikes.de\\\/#organization\",\"name\":\"idworx\",\"url\":\"https:\\\/\\\/www.idworx-bikes.de\\\/\",\"logo\":{\"@type\":\"ImageObject\",\"inLanguage\":\"nl-NL\",\"@id\":\"https:\\\/\\\/www.idworx-bikes.de\\\/#\\\/schema\\\/logo\\\/image\\\/\",\"url\":\"https:\\\/\\\/www.idworx-bikes.de\\\/wp-content\\\/uploads\\\/2015\\\/12\\\/idworx-logo_b.png\",\"contentUrl\":\"https:\\\/\\\/www.idworx-bikes.de\\\/wp-content\\\/uploads\\\/2015\\\/12\\\/idworx-logo_b.png\",\"width\":216,\"height\":69,\"caption\":\"idworx\"},\"image\":{\"@id\":\"https:\\\/\\\/www.idworx-bikes.de\\\/#\\\/schema\\\/logo\\\/image\\\/\"},\"sameAs\":[\"https:\\\/\\\/www.facebook.com\\\/Idworx-202013906499907\\\/\"]}]}<\/script>\n<!-- \/ Yoast SEO plugin. -->","yoast_head_json":{"title":"CeraKote keramische coating travel voorvork - idworx \u2013 Premium Reiser\u00e4der, Trekking Bikes, E-Bikes &amp; Vakantiefietsen","robots":{"index":"index","follow":"follow","max-snippet":"max-snippet:-1","max-image-preview":"max-image-preview:large","max-video-preview":"max-video-preview:-1"},"canonical":"https:\/\/www.idworx-bikes.de\/nl\/produkt\/cerakote-keramische-coating-travel-voorvork","og_locale":"nl_NL","og_type":"article","og_title":"CeraKote keramische coating travel voorvork - idworx \u2013 Premium Reiser\u00e4der, Trekking Bikes, E-Bikes &amp; Vakantiefietsen","og_description":"1. Buitengewone levensduur CeraKote biedt een extreem bestendige oppervlak tegen krassen, schuren, corrosie en chemische invloeden. Zelfs onder ander extreme omstandigheden zoals bij hitte, vocht of andere mechanische invloeden houdt de CeraKote bestand.  2. Corrosie bescherming Een groot voordeel van de CeraKote coating is de excellente bescherming tegen corrosie. De coating dicht het volledige oppervlak af en verhindert hierdoor het indringen van vocht en\/of agressieve middelen. Dit maakt het ideaal voor voertuigonderdelen.  3. Chemicali\u00ebn bestendig CeraKote is resistent tegenover veelvoud van oplosmiddelen, oli\u00ebn, reinigingsmiddelen en andere chemicali\u00ebn zoals strooizout. Hierdoor is deze coating ideaal voor de alle daagse rijder en de ideale aanvulling op onze titanium frames.  4. Eenvoudig en duurzaam De gladde en gesloten oppervlak van de coating is eenvoudig te reinigen en blijft over de jaren hetzelfde eruit zien. Het verkleurt niet, bladdert niet af en blijft ook onder zware omstandigheden zijn functie vervullen.","og_url":"https:\/\/www.idworx-bikes.de\/nl\/produkt\/cerakote-keramische-coating-travel-voorvork","og_site_name":"idworx \u2013 Premium Reiser\u00e4der, Trekking Bikes, E-Bikes &amp; Vakantiefietsen","article_publisher":"https:\/\/www.facebook.com\/Idworx-202013906499907\/","article_modified_time":"2025-09-17T11:34:41+00:00","og_image":[{"width":816,"height":816,"url":"https:\/\/www.idworx-bikes.de\/wp-content\/uploads\/2025\/09\/860x816-EliteBlackoutE-100Still.jpg","type":"image\/jpeg"}],"schema":{"@context":"https:\/\/schema.org","@graph":[{"@type":"WebPage","@id":"https:\/\/www.idworx-bikes.de\/nl\/produkt\/cerakote-keramische-coating-travel-voorvork","url":"https:\/\/www.idworx-bikes.de\/nl\/produkt\/cerakote-keramische-coating-travel-voorvork","name":"CeraKote keramische coating travel voorvork - idworx \u2013 Premium Reiser\u00e4der, Trekking Bikes, E-Bikes &amp; Vakantiefietsen","isPartOf":{"@id":"https:\/\/www.idworx-bikes.de\/#website"},"primaryImageOfPage":{"@id":"https:\/\/www.idworx-bikes.de\/nl\/produkt\/cerakote-keramische-coating-travel-voorvork#primaryimage"},"image":{"@id":"https:\/\/www.idworx-bikes.de\/nl\/produkt\/cerakote-keramische-coating-travel-voorvork#primaryimage"},"thumbnailUrl":"https:\/\/www.idworx-bikes.de\/wp-content\/uploads\/2025\/09\/860x816-EliteBlackoutE-100Still.jpg","datePublished":"2025-09-17T08:32:07+00:00","dateModified":"2025-09-17T11:34:41+00:00","breadcrumb":{"@id":"https:\/\/www.idworx-bikes.de\/nl\/produkt\/cerakote-keramische-coating-travel-voorvork#breadcrumb"},"inLanguage":"nl-NL","potentialAction":[{"@type":"ReadAction","target":["https:\/\/www.idworx-bikes.de\/nl\/produkt\/cerakote-keramische-coating-travel-voorvork"]}]},{"@type":"ImageObject","inLanguage":"nl-NL","@id":"https:\/\/www.idworx-bikes.de\/nl\/produkt\/cerakote-keramische-coating-travel-voorvork#primaryimage","url":"https:\/\/www.idworx-bikes.de\/wp-content\/uploads\/2025\/09\/860x816-EliteBlackoutE-100Still.jpg","contentUrl":"https:\/\/www.idworx-bikes.de\/wp-content\/uploads\/2025\/09\/860x816-EliteBlackoutE-100Still.jpg","width":816,"height":816},{"@type":"BreadcrumbList","@id":"https:\/\/www.idworx-bikes.de\/nl\/produkt\/cerakote-keramische-coating-travel-voorvork#breadcrumb","itemListElement":[{"@type":"ListItem","position":1,"name":"Home","item":"https:\/\/www.idworx-bikes.de\/nl"},{"@type":"ListItem","position":2,"name":"Winkel","item":"https:\/\/www.idworx-bikes.de\/nl\/winkel"},{"@type":"ListItem","position":3,"name":"CeraKote keramische coating travel voorvork"}]},{"@type":"WebSite","@id":"https:\/\/www.idworx-bikes.de\/#website","url":"https:\/\/www.idworx-bikes.de\/","name":"idworx \u2013 Premium Reiser\u00e4der, Trekking Bikes, E-Bikes &amp; Vakantiefietsen","description":"It works! Handgefertigte Bikes f\u00fcr h\u00f6chste Anspr\u00fcche","publisher":{"@id":"https:\/\/www.idworx-bikes.de\/#organization"},"potentialAction":[{"@type":"SearchAction","target":{"@type":"EntryPoint","urlTemplate":"https:\/\/www.idworx-bikes.de\/?s={search_term_string}"},"query-input":{"@type":"PropertyValueSpecification","valueRequired":true,"valueName":"search_term_string"}}],"inLanguage":"nl-NL"},{"@type":"Organization","@id":"https:\/\/www.idworx-bikes.de\/#organization","name":"idworx","url":"https:\/\/www.idworx-bikes.de\/","logo":{"@type":"ImageObject","inLanguage":"nl-NL","@id":"https:\/\/www.idworx-bikes.de\/#\/schema\/logo\/image\/","url":"https:\/\/www.idworx-bikes.de\/wp-content\/uploads\/2015\/12\/idworx-logo_b.png","contentUrl":"https:\/\/www.idworx-bikes.de\/wp-content\/uploads\/2015\/12\/idworx-logo_b.png","width":216,"height":69,"caption":"idworx"},"image":{"@id":"https:\/\/www.idworx-bikes.de\/#\/schema\/logo\/image\/"},"sameAs":["https:\/\/www.facebook.com\/Idworx-202013906499907\/"]}]}},"_links":{"self":[{"href":"https:\/\/www.idworx-bikes.de\/nl\/wp-json\/wp\/v2\/product\/13835","targetHints":{"allow":["GET"]}}],"collection":[{"href":"https:\/\/www.idworx-bikes.de\/nl\/wp-json\/wp\/v2\/product"}],"about":[{"href":"https:\/\/www.idworx-bikes.de\/nl\/wp-json\/wp\/v2\/types\/product"}],"wp:featuredmedia":[{"embeddable":true,"href":"https:\/\/www.idworx-bikes.de\/nl\/wp-json\/wp\/v2\/media\/13827"}],"wp:attachment":[{"href":"https:\/\/www.idworx-bikes.de\/nl\/wp-json\/wp\/v2\/media?parent=13835"}],"wp:term":[{"taxonomy":"product_brand","embeddable":true,"href":"https:\/\/www.idworx-bikes.de\/nl\/wp-json\/wp\/v2\/product_brand?post=13835"},{"taxonomy":"product_cat","embeddable":true,"href":"https:\/\/www.idworx-bikes.de\/nl\/wp-json\/wp\/v2\/product_cat?post=13835"},{"taxonomy":"product_tag","embeddable":true,"href":"https:\/\/www.idworx-bikes.de\/nl\/wp-json\/wp\/v2\/product_tag?post=13835"}],"curies":[{"name":"wp","href":"https:\/\/api.w.org\/{rel}","templated":true}]}}