{"id":299,"date":"2016-11-06T16:45:10","date_gmt":"2015-12-06T15:45:10","guid":{"rendered":"https:\/\/www.idworx-bikes.de\/product\/rock-opinion-ti"},"modified":"2025-10-08T13:28:54","modified_gmt":"2025-10-08T11:28:54","slug":"rock_opinion_ti-nl","status":"publish","type":"product","link":"https:\/\/www.idworx-bikes.de\/nl\/produkt\/rock_opinion_ti-nl","title":{"rendered":"Rock oPinion Ti"},"content":{"rendered":"<p>De idworx Rock oPinion Ti is het onbetwiste topmodel in onze mountainbikecollectie. De combinatie van titanium frame en rondselaandrijving heeft alle sterke punten en steunt op de superieure kwaliteiten van het onverwoestbare materiaal titanium: vermindering van trillingen in vergelijking met het aluminium frame en maximale corrosiebestendigheid. Dat maakt titanium gewoon de perfecte keuze voor onze top mountainbike.<\/p>\n<p>De Rock oPinion Ti combineert alle elementen van ons volwassen idworx offroad-concept met de standaard ingestelde Pinion-versnelling (C1.12) en een onverwoestbaar titanium frame, waardoor het waarschijnlijk de beste hardtail op de markt is.<\/p>\n<p>Wat deze fiets bijzonder maakt, is dat hij vanzelfsprekend onder zijn berijder verdwijnt, zodat hij zich volledig kan concentreren op de rijervaring. De idworx Evolution geometrie en het doordachte concept van minimaal onderhoud en robuustheid spelen een rol.<\/p>\n<p>De optioneel verkrijgbare vario-ondersteuning maakt steile afdalingen kinderspel. Daarnaast kunnen DaRim LaW carbon velgen, de idworx GoMax carbon starre voorvork, de Gates CDX-Carbondrive riemaandrijving of de fijner gegradueerde Pinion P1.18 versnelling als opties worden gekozen. Nu standaard met Shimano XT 4-zuigerremmen.<\/p>\n<\/p>\n<button class=\"wa-accordion \">Fietstesten Rock oPinion Ti<\/button><div class=\"wa-accordion-panel\">\n<p><ul class=\"lcp_catlist\"><li><lcp_post><a href=\"https:\/\/www.idworx-bikes.de\/nl\/gipfeltreffen-eine-hausrunde-mit-opel-chef-neumann-und-bike-guru-gaastra\" title=\"Test idworx Rock oPionion Ti \u2018power spec\u2019 \/ Rockn Rohler \u2018power spec\u2019: &lt;br \/&gt;\u201eGipfeltreffen: Eine Hausrunde mit \u2026 Opel-Chef Neumann und Bike-Guru Gaastra\u201c\"><img loading=\"lazy\" decoding=\"async\" width=\"120\" height=\"80\" src=\"https:\/\/www.idworx-bikes.de\/wp-content\/uploads\/2016\/11\/bikebild-1.jpg\" class=\"news_thumb wp-post-image\" alt=\"Test idworx Rock oPionion Ti \u2018power spec\u2019 \/ Rockn Rohler \u2018power spec\u2019: &lt;br \/&gt;\u201eGipfeltreffen: Eine Hausrunde mit \u2026 Opel-Chef Neumann und Bike-Guru Gaastra\u201c\" srcset=\"https:\/\/www.idworx-bikes.de\/wp-content\/uploads\/2016\/11\/bikebild-1.jpg 650w, https:\/\/www.idworx-bikes.de\/wp-content\/uploads\/2016\/11\/bikebild-1-324x216.jpg 324w, https:\/\/www.idworx-bikes.de\/wp-content\/uploads\/2016\/11\/bikebild-1-416x278.jpg 416w\" sizes=\"auto, (max-width: 120px) 100vw, 120px\" \/><\/a><\/lcp_post><a><a href=\"https:\/\/www.idworx-bikes.de\/nl\/gipfeltreffen-eine-hausrunde-mit-opel-chef-neumann-und-bike-guru-gaastra\">Test idworx Rock oPionion Ti \u2018power spec\u2019 \/ Rockn Rohler \u2018power spec\u2019: <br \/>\u201eGipfeltreffen: Eine Hausrunde mit \u2026 Opel-Chef Neumann und Bike-Guru Gaastra\u201c<\/a><\/a>  <\/li><\/ul><\/p>\n<\/div>\n<button class=\"wa-accordion \">idworx Specials Rock opPinion Ti<\/button><div class=\"wa-accordion-panel\">\n<p><b>idworx Stress Reducer stuurhoekbegrenzer<\/b><br \/>\nvoorkomt effectief dat het voorwiel omslaat en beschermt zo tegen schade aan het frame, de koplampen of zelfs de schakel- en remleidingen, die kunnen ontstaan als gevolg van een ongeval of het omvallen van de fiets.<\/p>\n<p><a href=\"https:\/\/www.youtube.com\/watch?v=paBncBfYG8A\" target=\"_blank\" rel=\"noopener noreferrer\"><\/p>\n<h3><font color = red>Video iSR<\/font><\/h3>\n<p><\/a><\/p>\n<p><b>idworx Long Life Kettingbladen<\/b><br \/>\nHet Long Life kettingblad dat we bij idworx hebben ontwikkeld, gemaakt van gehard roestvrij staal met een oneven aantal tanden, zorgt samen met de extra geharde idworx KMC E1 ePT ketting en het idworx Rohloff stalen tandwiel voor een ongekende levensduur. In onze oPinion modellen monteren we zelfs ons Long Life kettingblad voor en achter. De kettingspanning hoeft minder vaak gecontroleerd te worden &#8211; een prettig gevolg van een slijtvastere aandrijving.<\/p>\n<p><a href=\"https:\/\/youtu.be\/OvTJuZsbw94\" target=\"_blank\" rel=\"noopener noreferrer\"><\/p>\n<h3><font color = red>Video Long Life Kettingbladen<\/font><\/h3>\n<p><\/a><\/p>\n<\/div>\n<script type=\"text\/javascript\">\nvar acc = document.getElementsByClassName(\"wa-accordion\");\nvar i;\nfor (i = 0; i < acc.length; i++) {\n  acc[i].addEventListener(\"click\", function() {\n    this.classList.toggle(\"wa-accordion-active\");\n    var panel = this.nextElementSibling;\n    if (panel.style.maxHeight) {\n      panel.style.maxHeight = null;\n    } else {\n      panel.style.maxHeight = panel.scrollHeight + \"px\";\n    }\n  });\n}\n<\/script>\n","protected":false},"excerpt":{"rendered":"<p>De idworx Rock oPinion Ti is het onbetwiste topmodel in onze mountainbikecollectie. De combinatie van titanium frame en rondselaandrijving heeft alle sterke punten en steunt op de superieure kwaliteiten van het onverwoestbare materiaal titanium: vermindering van trillingen in vergelijking met het aluminium frame en maximale corrosiebestendigheid. Dat maakt titanium gewoon de perfecte keuze voor onze [&hellip;]<\/p>\n","protected":false},"featured_media":11901,"template":"","meta":[],"product_brand":[],"product_cat":[18,46],"product_tag":[],"class_list":{"0":"post-299","1":"product","2":"type-product","3":"status-publish","4":"has-post-thumbnail","6":"product_cat-idworx_models-nl","7":"product_cat-mountain-nl","9":"first","10":"instock","11":"sold-individually","12":"shipping-taxable","13":"purchasable","14":"product-type-composite"},"composite_virtual":false,"composite_layout":"single","composite_add_to_cart_form_location":"default","composite_editable_in_cart":false,"composite_sold_individually_context":"product","composite_shop_price_calc":"min_max","composite_components":[{"id":"1758122151","title":"Spec","description":"","query_type":"product_ids","query_ids":[509],"default_option_id":509,"thumbnail_id":"","thumbnail_src":"","quantity_min":1,"quantity_max":1,"priced_individually":true,"shipped_individually":false,"optional":false,"discount":"","options_style":"dropdowns","pagination_style":"classic","display_prices":"absolute","show_sorting_options":false,"show_filtering_options":false,"attribute_filter_ids":[],"select_action":"view","product_title_visible":false,"product_descr_visible":true,"product_price_visible":true,"product_thumb_visible":false,"subtotal_visible_product":true,"subtotal_visible_cart":true,"subtotal_visible_orders":true,"product_addons_visible":true},{"id":"1758122152","title":"Form","description":"","query_type":"product_ids","query_ids":[2434],"default_option_id":2434,"thumbnail_id":"","thumbnail_src":"","quantity_min":1,"quantity_max":1,"priced_individually":true,"shipped_individually":false,"optional":false,"discount":"","options_style":"dropdowns","pagination_style":"classic","display_prices":"absolute","show_sorting_options":false,"show_filtering_options":false,"attribute_filter_ids":[],"select_action":"view","product_title_visible":false,"product_descr_visible":false,"product_price_visible":true,"product_thumb_visible":false,"subtotal_visible_product":true,"subtotal_visible_cart":true,"subtotal_visible_orders":true,"product_addons_visible":true},{"id":"1758122153","title":"Size","description":"","query_type":"product_ids","query_ids":[82,2845,2848],"default_option_id":"","thumbnail_id":"","thumbnail_src":"","quantity_min":1,"quantity_max":1,"priced_individually":true,"shipped_individually":false,"optional":false,"discount":"","options_style":"thumbnails","pagination_style":"classic","display_prices":"absolute","show_sorting_options":false,"show_filtering_options":false,"attribute_filter_ids":[],"select_action":"view","product_title_visible":false,"product_descr_visible":false,"product_price_visible":true,"product_thumb_visible":false,"subtotal_visible_product":true,"subtotal_visible_cart":true,"subtotal_visible_orders":true,"product_addons_visible":true},{"id":"1758122154","title":"Color","description":"","query_type":"product_ids","query_ids":[835],"default_option_id":835,"thumbnail_id":"","thumbnail_src":"","quantity_min":1,"quantity_max":1,"priced_individually":true,"shipped_individually":false,"optional":false,"discount":"","options_style":"dropdowns","pagination_style":"classic","display_prices":"absolute","show_sorting_options":false,"show_filtering_options":false,"attribute_filter_ids":[],"select_action":"view","product_title_visible":false,"product_descr_visible":false,"product_price_visible":true,"product_thumb_visible":false,"subtotal_visible_product":true,"subtotal_visible_cart":true,"subtotal_visible_orders":true,"product_addons_visible":true},{"id":"1758122155","title":"Drive Technology","description":"","query_type":"product_ids","query_ids":[2334],"default_option_id":2334,"thumbnail_id":"","thumbnail_src":"","quantity_min":1,"quantity_max":1,"priced_individually":true,"shipped_individually":false,"optional":false,"discount":"","options_style":"dropdowns","pagination_style":"classic","display_prices":"absolute","show_sorting_options":false,"show_filtering_options":false,"attribute_filter_ids":[],"select_action":"view","product_title_visible":false,"product_descr_visible":false,"product_price_visible":true,"product_thumb_visible":false,"subtotal_visible_product":true,"subtotal_visible_cart":true,"subtotal_visible_orders":true,"product_addons_visible":true},{"id":"1758122156","title":"Extras","description":"","query_type":"product_ids","query_ids":[2319],"default_option_id":2319,"thumbnail_id":"","thumbnail_src":"","quantity_min":1,"quantity_max":1,"priced_individually":true,"shipped_individually":false,"optional":false,"discount":"","options_style":"dropdowns","pagination_style":"classic","display_prices":"absolute","show_sorting_options":false,"show_filtering_options":false,"attribute_filter_ids":[],"select_action":"view","product_title_visible":false,"product_descr_visible":false,"product_price_visible":true,"product_thumb_visible":false,"subtotal_visible_product":true,"subtotal_visible_cart":true,"subtotal_visible_orders":true,"product_addons_visible":true},{"id":"1758122157","title":"Performance Parts","description":"","query_type":"product_ids","query_ids":[2304],"default_option_id":2304,"thumbnail_id":"","thumbnail_src":"","quantity_min":1,"quantity_max":1,"priced_individually":true,"shipped_individually":false,"optional":false,"discount":"","options_style":"dropdowns","pagination_style":"classic","display_prices":"absolute","show_sorting_options":false,"show_filtering_options":false,"attribute_filter_ids":[],"select_action":"view","product_title_visible":false,"product_descr_visible":false,"product_price_visible":true,"product_thumb_visible":false,"subtotal_visible_product":true,"subtotal_visible_cart":true,"subtotal_visible_orders":true,"product_addons_visible":true}],"composite_scenarios":[{"id":"1637666964","name":"Spec == RoPTi -&gt; Hide Size 56","description":"","configuration":[{"component_id":"1628001684","options_modifier":"in","component_options":[509]}],"actions":[{"action_id":"compat_group","is_active":false},{"action_id":"conditional_components","is_active":false,"hidden_components":[]},{"action_id":"conditional_options","is_active":true,"hidden_options":[{"component_id":"1628001686","component_options":[2848],"options_modifier":"in"}]}],"enabled":false}],"bundled_by":[],"bundle_stock_status":"instock","bundle_stock_quantity":null,"bundle_virtual":false,"bundle_layout":"","bundle_add_to_cart_form_location":"","bundle_editable_in_cart":false,"bundle_sold_individually_context":"","bundle_item_grouping":"","bundle_min_size":"","bundle_max_size":"","bundle_price":[],"bundled_items":[],"bundle_sell_ids":[],"exclude_global_add_ons":[],"addons":[],"yoast_head":"<!-- This site is optimized with the Yoast SEO plugin v27.4 - https:\/\/yoast.com\/product\/yoast-seo-wordpress\/ -->\n<title>Rock oPinion Ti - idworx \u2013 Premium Reiser\u00e4der, Trekking Bikes, E-Bikes &amp; Vakantiefietsen<\/title>\n<meta name=\"robots\" content=\"index, follow, max-snippet:-1, max-image-preview:large, max-video-preview:-1\" \/>\n<link rel=\"canonical\" href=\"https:\/\/www.idworx-bikes.de\/nl\/produkt\/rock_opinion_ti-nl\" \/>\n<meta property=\"og:locale\" content=\"nl_NL\" \/>\n<meta property=\"og:type\" content=\"article\" \/>\n<meta property=\"og:title\" content=\"Rock oPinion Ti - idworx \u2013 Premium Reiser\u00e4der, Trekking Bikes, E-Bikes &amp; Vakantiefietsen\" \/>\n<meta property=\"og:description\" content=\"De idworx Rock oPinion Ti is het onbetwiste topmodel in onze mountainbikecollectie. De combinatie van titanium frame en rondselaandrijving heeft alle sterke punten en steunt op de superieure kwaliteiten van het onverwoestbare materiaal titanium: vermindering van trillingen in vergelijking met het aluminium frame en maximale corrosiebestendigheid. Dat maakt titanium gewoon de perfecte keuze voor onze [&hellip;]\" \/>\n<meta property=\"og:url\" content=\"https:\/\/www.idworx-bikes.de\/nl\/produkt\/rock_opinion_ti-nl\" \/>\n<meta property=\"og:site_name\" content=\"idworx \u2013 Premium Reiser\u00e4der, Trekking Bikes, E-Bikes &amp; Vakantiefietsen\" \/>\n<meta property=\"article:publisher\" content=\"https:\/\/www.facebook.com\/Idworx-202013906499907\/\" \/>\n<meta property=\"article:modified_time\" content=\"2025-10-08T11:28:54+00:00\" \/>\n<meta property=\"og:image\" content=\"https:\/\/www.idworx-bikes.de\/wp-content\/uploads\/2023\/07\/RoPTi-2023-scaled.jpg\" \/>\n\t<meta property=\"og:image:width\" content=\"2560\" \/>\n\t<meta property=\"og:image:height\" content=\"1709\" \/>\n\t<meta property=\"og:image:type\" content=\"image\/jpeg\" \/>\n<meta name=\"twitter:label1\" content=\"Geschatte leestijd\" \/>\n\t<meta name=\"twitter:data1\" content=\"2 minuten\" \/>\n<script type=\"application\/ld+json\" class=\"yoast-schema-graph\">{\"@context\":\"https:\\\/\\\/schema.org\",\"@graph\":[{\"@type\":\"WebPage\",\"@id\":\"https:\\\/\\\/www.idworx-bikes.de\\\/nl\\\/produkt\\\/rock_opinion_ti-nl\",\"url\":\"https:\\\/\\\/www.idworx-bikes.de\\\/nl\\\/produkt\\\/rock_opinion_ti-nl\",\"name\":\"Rock oPinion Ti - idworx \u2013 Premium Reiser\u00e4der, Trekking Bikes, E-Bikes &amp; Vakantiefietsen\",\"isPartOf\":{\"@id\":\"https:\\\/\\\/www.idworx-bikes.de\\\/#website\"},\"primaryImageOfPage\":{\"@id\":\"https:\\\/\\\/www.idworx-bikes.de\\\/nl\\\/produkt\\\/rock_opinion_ti-nl#primaryimage\"},\"image\":{\"@id\":\"https:\\\/\\\/www.idworx-bikes.de\\\/nl\\\/produkt\\\/rock_opinion_ti-nl#primaryimage\"},\"thumbnailUrl\":\"https:\\\/\\\/www.idworx-bikes.de\\\/wp-content\\\/uploads\\\/2023\\\/07\\\/RoPTi-2023-scaled.jpg\",\"datePublished\":\"2015-12-06T15:45:10+00:00\",\"dateModified\":\"2025-10-08T11:28:54+00:00\",\"breadcrumb\":{\"@id\":\"https:\\\/\\\/www.idworx-bikes.de\\\/nl\\\/produkt\\\/rock_opinion_ti-nl#breadcrumb\"},\"inLanguage\":\"nl-NL\",\"potentialAction\":[{\"@type\":\"ReadAction\",\"target\":[\"https:\\\/\\\/www.idworx-bikes.de\\\/nl\\\/produkt\\\/rock_opinion_ti-nl\"]}]},{\"@type\":\"ImageObject\",\"inLanguage\":\"nl-NL\",\"@id\":\"https:\\\/\\\/www.idworx-bikes.de\\\/nl\\\/produkt\\\/rock_opinion_ti-nl#primaryimage\",\"url\":\"https:\\\/\\\/www.idworx-bikes.de\\\/wp-content\\\/uploads\\\/2023\\\/07\\\/RoPTi-2023-scaled.jpg\",\"contentUrl\":\"https:\\\/\\\/www.idworx-bikes.de\\\/wp-content\\\/uploads\\\/2023\\\/07\\\/RoPTi-2023-scaled.jpg\",\"width\":2560,\"height\":1709},{\"@type\":\"BreadcrumbList\",\"@id\":\"https:\\\/\\\/www.idworx-bikes.de\\\/nl\\\/produkt\\\/rock_opinion_ti-nl#breadcrumb\",\"itemListElement\":[{\"@type\":\"ListItem\",\"position\":1,\"name\":\"Home\",\"item\":\"https:\\\/\\\/www.idworx-bikes.de\\\/nl\"},{\"@type\":\"ListItem\",\"position\":2,\"name\":\"Winkel\",\"item\":\"https:\\\/\\\/www.idworx-bikes.de\\\/nl\\\/winkel\"},{\"@type\":\"ListItem\",\"position\":3,\"name\":\"Rock oPinion Ti\"}]},{\"@type\":\"WebSite\",\"@id\":\"https:\\\/\\\/www.idworx-bikes.de\\\/#website\",\"url\":\"https:\\\/\\\/www.idworx-bikes.de\\\/\",\"name\":\"idworx \u2013 Premium Reiser\u00e4der, Trekking Bikes, E-Bikes &amp; Vakantiefietsen\",\"description\":\"It works! Handgefertigte Bikes f\u00fcr h\u00f6chste Anspr\u00fcche\",\"publisher\":{\"@id\":\"https:\\\/\\\/www.idworx-bikes.de\\\/#organization\"},\"potentialAction\":[{\"@type\":\"SearchAction\",\"target\":{\"@type\":\"EntryPoint\",\"urlTemplate\":\"https:\\\/\\\/www.idworx-bikes.de\\\/?s={search_term_string}\"},\"query-input\":{\"@type\":\"PropertyValueSpecification\",\"valueRequired\":true,\"valueName\":\"search_term_string\"}}],\"inLanguage\":\"nl-NL\"},{\"@type\":\"Organization\",\"@id\":\"https:\\\/\\\/www.idworx-bikes.de\\\/#organization\",\"name\":\"idworx\",\"url\":\"https:\\\/\\\/www.idworx-bikes.de\\\/\",\"logo\":{\"@type\":\"ImageObject\",\"inLanguage\":\"nl-NL\",\"@id\":\"https:\\\/\\\/www.idworx-bikes.de\\\/#\\\/schema\\\/logo\\\/image\\\/\",\"url\":\"https:\\\/\\\/www.idworx-bikes.de\\\/wp-content\\\/uploads\\\/2015\\\/12\\\/idworx-logo_b.png\",\"contentUrl\":\"https:\\\/\\\/www.idworx-bikes.de\\\/wp-content\\\/uploads\\\/2015\\\/12\\\/idworx-logo_b.png\",\"width\":216,\"height\":69,\"caption\":\"idworx\"},\"image\":{\"@id\":\"https:\\\/\\\/www.idworx-bikes.de\\\/#\\\/schema\\\/logo\\\/image\\\/\"},\"sameAs\":[\"https:\\\/\\\/www.facebook.com\\\/Idworx-202013906499907\\\/\"]}]}<\/script>\n<!-- \/ Yoast SEO plugin. -->","yoast_head_json":{"title":"Rock oPinion Ti - idworx \u2013 Premium Reiser\u00e4der, Trekking Bikes, E-Bikes &amp; Vakantiefietsen","robots":{"index":"index","follow":"follow","max-snippet":"max-snippet:-1","max-image-preview":"max-image-preview:large","max-video-preview":"max-video-preview:-1"},"canonical":"https:\/\/www.idworx-bikes.de\/nl\/produkt\/rock_opinion_ti-nl","og_locale":"nl_NL","og_type":"article","og_title":"Rock oPinion Ti - idworx \u2013 Premium Reiser\u00e4der, Trekking Bikes, E-Bikes &amp; Vakantiefietsen","og_description":"De idworx Rock oPinion Ti is het onbetwiste topmodel in onze mountainbikecollectie. De combinatie van titanium frame en rondselaandrijving heeft alle sterke punten en steunt op de superieure kwaliteiten van het onverwoestbare materiaal titanium: vermindering van trillingen in vergelijking met het aluminium frame en maximale corrosiebestendigheid. Dat maakt titanium gewoon de perfecte keuze voor onze [&hellip;]","og_url":"https:\/\/www.idworx-bikes.de\/nl\/produkt\/rock_opinion_ti-nl","og_site_name":"idworx \u2013 Premium Reiser\u00e4der, Trekking Bikes, E-Bikes &amp; Vakantiefietsen","article_publisher":"https:\/\/www.facebook.com\/Idworx-202013906499907\/","article_modified_time":"2025-10-08T11:28:54+00:00","og_image":[{"width":2560,"height":1709,"url":"https:\/\/www.idworx-bikes.de\/wp-content\/uploads\/2023\/07\/RoPTi-2023-scaled.jpg","type":"image\/jpeg"}],"twitter_misc":{"Geschatte leestijd":"2 minuten"},"schema":{"@context":"https:\/\/schema.org","@graph":[{"@type":"WebPage","@id":"https:\/\/www.idworx-bikes.de\/nl\/produkt\/rock_opinion_ti-nl","url":"https:\/\/www.idworx-bikes.de\/nl\/produkt\/rock_opinion_ti-nl","name":"Rock oPinion Ti - idworx \u2013 Premium Reiser\u00e4der, Trekking Bikes, E-Bikes &amp; Vakantiefietsen","isPartOf":{"@id":"https:\/\/www.idworx-bikes.de\/#website"},"primaryImageOfPage":{"@id":"https:\/\/www.idworx-bikes.de\/nl\/produkt\/rock_opinion_ti-nl#primaryimage"},"image":{"@id":"https:\/\/www.idworx-bikes.de\/nl\/produkt\/rock_opinion_ti-nl#primaryimage"},"thumbnailUrl":"https:\/\/www.idworx-bikes.de\/wp-content\/uploads\/2023\/07\/RoPTi-2023-scaled.jpg","datePublished":"2015-12-06T15:45:10+00:00","dateModified":"2025-10-08T11:28:54+00:00","breadcrumb":{"@id":"https:\/\/www.idworx-bikes.de\/nl\/produkt\/rock_opinion_ti-nl#breadcrumb"},"inLanguage":"nl-NL","potentialAction":[{"@type":"ReadAction","target":["https:\/\/www.idworx-bikes.de\/nl\/produkt\/rock_opinion_ti-nl"]}]},{"@type":"ImageObject","inLanguage":"nl-NL","@id":"https:\/\/www.idworx-bikes.de\/nl\/produkt\/rock_opinion_ti-nl#primaryimage","url":"https:\/\/www.idworx-bikes.de\/wp-content\/uploads\/2023\/07\/RoPTi-2023-scaled.jpg","contentUrl":"https:\/\/www.idworx-bikes.de\/wp-content\/uploads\/2023\/07\/RoPTi-2023-scaled.jpg","width":2560,"height":1709},{"@type":"BreadcrumbList","@id":"https:\/\/www.idworx-bikes.de\/nl\/produkt\/rock_opinion_ti-nl#breadcrumb","itemListElement":[{"@type":"ListItem","position":1,"name":"Home","item":"https:\/\/www.idworx-bikes.de\/nl"},{"@type":"ListItem","position":2,"name":"Winkel","item":"https:\/\/www.idworx-bikes.de\/nl\/winkel"},{"@type":"ListItem","position":3,"name":"Rock oPinion Ti"}]},{"@type":"WebSite","@id":"https:\/\/www.idworx-bikes.de\/#website","url":"https:\/\/www.idworx-bikes.de\/","name":"idworx \u2013 Premium Reiser\u00e4der, Trekking Bikes, E-Bikes &amp; Vakantiefietsen","description":"It works! Handgefertigte Bikes f\u00fcr h\u00f6chste Anspr\u00fcche","publisher":{"@id":"https:\/\/www.idworx-bikes.de\/#organization"},"potentialAction":[{"@type":"SearchAction","target":{"@type":"EntryPoint","urlTemplate":"https:\/\/www.idworx-bikes.de\/?s={search_term_string}"},"query-input":{"@type":"PropertyValueSpecification","valueRequired":true,"valueName":"search_term_string"}}],"inLanguage":"nl-NL"},{"@type":"Organization","@id":"https:\/\/www.idworx-bikes.de\/#organization","name":"idworx","url":"https:\/\/www.idworx-bikes.de\/","logo":{"@type":"ImageObject","inLanguage":"nl-NL","@id":"https:\/\/www.idworx-bikes.de\/#\/schema\/logo\/image\/","url":"https:\/\/www.idworx-bikes.de\/wp-content\/uploads\/2015\/12\/idworx-logo_b.png","contentUrl":"https:\/\/www.idworx-bikes.de\/wp-content\/uploads\/2015\/12\/idworx-logo_b.png","width":216,"height":69,"caption":"idworx"},"image":{"@id":"https:\/\/www.idworx-bikes.de\/#\/schema\/logo\/image\/"},"sameAs":["https:\/\/www.facebook.com\/Idworx-202013906499907\/"]}]}},"_links":{"self":[{"href":"https:\/\/www.idworx-bikes.de\/nl\/wp-json\/wp\/v2\/product\/299","targetHints":{"allow":["GET"]}}],"collection":[{"href":"https:\/\/www.idworx-bikes.de\/nl\/wp-json\/wp\/v2\/product"}],"about":[{"href":"https:\/\/www.idworx-bikes.de\/nl\/wp-json\/wp\/v2\/types\/product"}],"wp:featuredmedia":[{"embeddable":true,"href":"https:\/\/www.idworx-bikes.de\/nl\/wp-json\/wp\/v2\/media\/11901"}],"wp:attachment":[{"href":"https:\/\/www.idworx-bikes.de\/nl\/wp-json\/wp\/v2\/media?parent=299"}],"wp:term":[{"taxonomy":"product_brand","embeddable":true,"href":"https:\/\/www.idworx-bikes.de\/nl\/wp-json\/wp\/v2\/product_brand?post=299"},{"taxonomy":"product_cat","embeddable":true,"href":"https:\/\/www.idworx-bikes.de\/nl\/wp-json\/wp\/v2\/product_cat?post=299"},{"taxonomy":"product_tag","embeddable":true,"href":"https:\/\/www.idworx-bikes.de\/nl\/wp-json\/wp\/v2\/product_tag?post=299"}],"curies":[{"name":"wp","href":"https:\/\/api.w.org\/{rel}","templated":true}]}}