{"id":476,"date":"2016-02-16T12:41:07","date_gmt":"2016-02-16T11:41:07","guid":{"rendered":""},"modified":"2026-04-17T11:36:41","modified_gmt":"2026-04-17T09:36:41","slug":"opinion-nl-2","status":"publish","type":"product","link":"https:\/\/www.idworx-bikes.de\/nl\/produkt\/opinion-nl-2","title":{"rendered":"oPinion"},"content":{"rendered":"<h2>oPinion (gen 2.4) <\/h2>\n<p>De oPinion is klaar voor uw volgende wereldreis dankzij:<\/p>\n<ul>\n<li>de 12- of 18-speed variant van de zeer onderhoudsarme Pinion versnellingsbak<\/li>\n<li>Shimano XT schijfremmen met tot 180 schijven<\/li>\n<li>brede Schwalbe Marathon Almotion banden<\/li>\n<li>een optie is de Tubus Duo lowriders of Tubus bagagedrager versterkt door de idworx \u2018DaBrace&#8217;<\/li>\n<li>DD stuur, stuurpen en zadelpen<\/li>\n<li>ergonomisch gevormde Ergon handvatten en bar-ends<\/li>\n<\/ul>\n<p>Enkele opties die u kunt kiezen zijn de uiterst lichte en toch sterke idworx DaRim LaW trekking carbon velgen met Schwalbe Almotion banden en bijvoorbeeld onze zelf ontwikkelde idworx DaCover kettingscherm om uw broek schoon te houden (geschikt voor ketting en riemaandrijving!). Voor intensief gebruik zijn er de ultieme idworx Big Disc schijfremmen, met 203 mm grote en 3,2 mm dikke remschijven.<\/p>\n<ul>\n<li><a href=\"\/wp-content\/uploads\/2025\/10\/oPinion-2026.pdf\" target=\"_blank\" rel=\"noopener noreferrer\">Specificaties &#8211; oPinion<\/a><\/li>\n<\/ul>\n","protected":false},"excerpt":{"rendered":"<p>oPinion (gen 2.4) De oPinion is klaar voor uw volgende wereldreis dankzij: de 12- of 18-speed variant van de zeer onderhoudsarme Pinion versnellingsbak Shimano XT schijfremmen met tot 180 schijven brede Schwalbe Marathon Almotion banden een optie is de Tubus Duo lowriders of Tubus bagagedrager versterkt door de idworx \u2018DaBrace&#8217; DD stuur, stuurpen en zadelpen [&hellip;]<\/p>\n","protected":false},"featured_media":11500,"template":"","meta":[],"product_brand":[],"product_cat":[14],"product_tag":[],"class_list":{"0":"post-476","1":"product","2":"type-product","3":"status-publish","4":"has-post-thumbnail","6":"product_cat-spec-nl","8":"first","9":"instock","10":"shipping-taxable","11":"purchasable","12":"product-type-simple"},"composite_virtual":false,"composite_layout":"","composite_add_to_cart_form_location":"","composite_editable_in_cart":false,"composite_sold_individually_context":"","composite_shop_price_calc":"","composite_components":[],"composite_scenarios":[],"bundled_by":[],"bundle_stock_status":"instock","bundle_stock_quantity":null,"bundle_virtual":false,"bundle_layout":"","bundle_add_to_cart_form_location":"","bundle_editable_in_cart":false,"bundle_sold_individually_context":"","bundle_item_grouping":"","bundle_min_size":"","bundle_max_size":"","bundle_price":[],"bundled_items":[],"bundle_sell_ids":[],"exclude_global_add_ons":[],"addons":[],"yoast_head":"<!-- This site is optimized with the Yoast SEO plugin v27.6 - https:\/\/yoast.com\/product\/yoast-seo-wordpress\/ -->\n<title>oPinion - idworx \u2013 Premium Reiser\u00e4der, Trekking Bikes, E-Bikes &amp; Vakantiefietsen<\/title>\n<meta name=\"robots\" content=\"index, follow, max-snippet:-1, max-image-preview:large, max-video-preview:-1\" \/>\n<link rel=\"canonical\" href=\"https:\/\/www.idworx-bikes.de\/nl\/produkt\/opinion-nl-2\" \/>\n<meta property=\"og:locale\" content=\"nl_NL\" \/>\n<meta property=\"og:type\" content=\"article\" \/>\n<meta property=\"og:title\" content=\"oPinion - idworx \u2013 Premium Reiser\u00e4der, Trekking Bikes, E-Bikes &amp; Vakantiefietsen\" \/>\n<meta property=\"og:description\" content=\"oPinion (gen 2.4) De oPinion is klaar voor uw volgende wereldreis dankzij: de 12- of 18-speed variant van de zeer onderhoudsarme Pinion versnellingsbak Shimano XT schijfremmen met tot 180 schijven brede Schwalbe Marathon Almotion banden een optie is de Tubus Duo lowriders of Tubus bagagedrager versterkt door de idworx \u2018DaBrace&#8217; DD stuur, stuurpen en zadelpen [&hellip;]\" \/>\n<meta property=\"og:url\" content=\"https:\/\/www.idworx-bikes.de\/nl\/produkt\/opinion-nl-2\" \/>\n<meta property=\"og:site_name\" content=\"idworx \u2013 Premium Reiser\u00e4der, Trekking Bikes, E-Bikes &amp; Vakantiefietsen\" \/>\n<meta property=\"article:publisher\" content=\"https:\/\/www.facebook.com\/Idworx-202013906499907\/\" \/>\n<meta property=\"article:modified_time\" content=\"2026-04-17T09:36:41+00:00\" \/>\n<meta property=\"og:image\" content=\"https:\/\/www.idworx-bikes.de\/wp-content\/uploads\/2022\/12\/BBG_1353-scaled.jpg\" \/>\n\t<meta property=\"og:image:width\" content=\"2560\" \/>\n\t<meta property=\"og:image:height\" content=\"1709\" \/>\n\t<meta property=\"og:image:type\" content=\"image\/jpeg\" \/>\n<meta name=\"twitter:label1\" content=\"Geschatte leestijd\" \/>\n\t<meta name=\"twitter:data1\" content=\"1 minuut\" \/>\n<script type=\"application\/ld+json\" class=\"yoast-schema-graph\">{\"@context\":\"https:\\\/\\\/schema.org\",\"@graph\":[{\"@type\":\"WebPage\",\"@id\":\"https:\\\/\\\/www.idworx-bikes.de\\\/nl\\\/produkt\\\/opinion-nl-2\",\"url\":\"https:\\\/\\\/www.idworx-bikes.de\\\/nl\\\/produkt\\\/opinion-nl-2\",\"name\":\"oPinion - idworx \u2013 Premium Reiser\u00e4der, Trekking Bikes, E-Bikes &amp; Vakantiefietsen\",\"isPartOf\":{\"@id\":\"https:\\\/\\\/www.idworx-bikes.de\\\/#website\"},\"primaryImageOfPage\":{\"@id\":\"https:\\\/\\\/www.idworx-bikes.de\\\/nl\\\/produkt\\\/opinion-nl-2#primaryimage\"},\"image\":{\"@id\":\"https:\\\/\\\/www.idworx-bikes.de\\\/nl\\\/produkt\\\/opinion-nl-2#primaryimage\"},\"thumbnailUrl\":\"https:\\\/\\\/www.idworx-bikes.de\\\/wp-content\\\/uploads\\\/2022\\\/12\\\/BBG_1353-scaled.jpg\",\"datePublished\":\"2016-02-16T11:41:07+00:00\",\"dateModified\":\"2026-04-17T09:36:41+00:00\",\"breadcrumb\":{\"@id\":\"https:\\\/\\\/www.idworx-bikes.de\\\/nl\\\/produkt\\\/opinion-nl-2#breadcrumb\"},\"inLanguage\":\"nl-NL\",\"potentialAction\":[{\"@type\":\"ReadAction\",\"target\":[\"https:\\\/\\\/www.idworx-bikes.de\\\/nl\\\/produkt\\\/opinion-nl-2\"]}]},{\"@type\":\"ImageObject\",\"inLanguage\":\"nl-NL\",\"@id\":\"https:\\\/\\\/www.idworx-bikes.de\\\/nl\\\/produkt\\\/opinion-nl-2#primaryimage\",\"url\":\"https:\\\/\\\/www.idworx-bikes.de\\\/wp-content\\\/uploads\\\/2022\\\/12\\\/BBG_1353-scaled.jpg\",\"contentUrl\":\"https:\\\/\\\/www.idworx-bikes.de\\\/wp-content\\\/uploads\\\/2022\\\/12\\\/BBG_1353-scaled.jpg\",\"width\":2560,\"height\":1709},{\"@type\":\"BreadcrumbList\",\"@id\":\"https:\\\/\\\/www.idworx-bikes.de\\\/nl\\\/produkt\\\/opinion-nl-2#breadcrumb\",\"itemListElement\":[{\"@type\":\"ListItem\",\"position\":1,\"name\":\"Home\",\"item\":\"https:\\\/\\\/www.idworx-bikes.de\\\/nl\"},{\"@type\":\"ListItem\",\"position\":2,\"name\":\"Winkel\",\"item\":\"https:\\\/\\\/www.idworx-bikes.de\\\/nl\\\/winkel\"},{\"@type\":\"ListItem\",\"position\":3,\"name\":\"oPinion\"}]},{\"@type\":\"WebSite\",\"@id\":\"https:\\\/\\\/www.idworx-bikes.de\\\/#website\",\"url\":\"https:\\\/\\\/www.idworx-bikes.de\\\/\",\"name\":\"idworx \u2013 Premium Reiser\u00e4der, Trekking Bikes, E-Bikes &amp; Vakantiefietsen\",\"description\":\"It works! Handgefertigte Bikes f\u00fcr h\u00f6chste Anspr\u00fcche\",\"publisher\":{\"@id\":\"https:\\\/\\\/www.idworx-bikes.de\\\/#organization\"},\"potentialAction\":[{\"@type\":\"SearchAction\",\"target\":{\"@type\":\"EntryPoint\",\"urlTemplate\":\"https:\\\/\\\/www.idworx-bikes.de\\\/?s={search_term_string}\"},\"query-input\":{\"@type\":\"PropertyValueSpecification\",\"valueRequired\":true,\"valueName\":\"search_term_string\"}}],\"inLanguage\":\"nl-NL\"},{\"@type\":\"Organization\",\"@id\":\"https:\\\/\\\/www.idworx-bikes.de\\\/#organization\",\"name\":\"idworx\",\"url\":\"https:\\\/\\\/www.idworx-bikes.de\\\/\",\"logo\":{\"@type\":\"ImageObject\",\"inLanguage\":\"nl-NL\",\"@id\":\"https:\\\/\\\/www.idworx-bikes.de\\\/#\\\/schema\\\/logo\\\/image\\\/\",\"url\":\"https:\\\/\\\/www.idworx-bikes.de\\\/wp-content\\\/uploads\\\/2015\\\/12\\\/idworx-logo_b.png\",\"contentUrl\":\"https:\\\/\\\/www.idworx-bikes.de\\\/wp-content\\\/uploads\\\/2015\\\/12\\\/idworx-logo_b.png\",\"width\":216,\"height\":69,\"caption\":\"idworx\"},\"image\":{\"@id\":\"https:\\\/\\\/www.idworx-bikes.de\\\/#\\\/schema\\\/logo\\\/image\\\/\"},\"sameAs\":[\"https:\\\/\\\/www.facebook.com\\\/Idworx-202013906499907\\\/\"]}]}<\/script>\n<!-- \/ Yoast SEO plugin. -->","yoast_head_json":{"title":"oPinion - idworx \u2013 Premium Reiser\u00e4der, Trekking Bikes, E-Bikes &amp; Vakantiefietsen","robots":{"index":"index","follow":"follow","max-snippet":"max-snippet:-1","max-image-preview":"max-image-preview:large","max-video-preview":"max-video-preview:-1"},"canonical":"https:\/\/www.idworx-bikes.de\/nl\/produkt\/opinion-nl-2","og_locale":"nl_NL","og_type":"article","og_title":"oPinion - idworx \u2013 Premium Reiser\u00e4der, Trekking Bikes, E-Bikes &amp; Vakantiefietsen","og_description":"oPinion (gen 2.4) De oPinion is klaar voor uw volgende wereldreis dankzij: de 12- of 18-speed variant van de zeer onderhoudsarme Pinion versnellingsbak Shimano XT schijfremmen met tot 180 schijven brede Schwalbe Marathon Almotion banden een optie is de Tubus Duo lowriders of Tubus bagagedrager versterkt door de idworx \u2018DaBrace&#8217; DD stuur, stuurpen en zadelpen [&hellip;]","og_url":"https:\/\/www.idworx-bikes.de\/nl\/produkt\/opinion-nl-2","og_site_name":"idworx \u2013 Premium Reiser\u00e4der, Trekking Bikes, E-Bikes &amp; Vakantiefietsen","article_publisher":"https:\/\/www.facebook.com\/Idworx-202013906499907\/","article_modified_time":"2026-04-17T09:36:41+00:00","og_image":[{"width":2560,"height":1709,"url":"https:\/\/www.idworx-bikes.de\/wp-content\/uploads\/2022\/12\/BBG_1353-scaled.jpg","type":"image\/jpeg"}],"twitter_misc":{"Geschatte leestijd":"1 minuut"},"schema":{"@context":"https:\/\/schema.org","@graph":[{"@type":"WebPage","@id":"https:\/\/www.idworx-bikes.de\/nl\/produkt\/opinion-nl-2","url":"https:\/\/www.idworx-bikes.de\/nl\/produkt\/opinion-nl-2","name":"oPinion - idworx \u2013 Premium Reiser\u00e4der, Trekking Bikes, E-Bikes &amp; Vakantiefietsen","isPartOf":{"@id":"https:\/\/www.idworx-bikes.de\/#website"},"primaryImageOfPage":{"@id":"https:\/\/www.idworx-bikes.de\/nl\/produkt\/opinion-nl-2#primaryimage"},"image":{"@id":"https:\/\/www.idworx-bikes.de\/nl\/produkt\/opinion-nl-2#primaryimage"},"thumbnailUrl":"https:\/\/www.idworx-bikes.de\/wp-content\/uploads\/2022\/12\/BBG_1353-scaled.jpg","datePublished":"2016-02-16T11:41:07+00:00","dateModified":"2026-04-17T09:36:41+00:00","breadcrumb":{"@id":"https:\/\/www.idworx-bikes.de\/nl\/produkt\/opinion-nl-2#breadcrumb"},"inLanguage":"nl-NL","potentialAction":[{"@type":"ReadAction","target":["https:\/\/www.idworx-bikes.de\/nl\/produkt\/opinion-nl-2"]}]},{"@type":"ImageObject","inLanguage":"nl-NL","@id":"https:\/\/www.idworx-bikes.de\/nl\/produkt\/opinion-nl-2#primaryimage","url":"https:\/\/www.idworx-bikes.de\/wp-content\/uploads\/2022\/12\/BBG_1353-scaled.jpg","contentUrl":"https:\/\/www.idworx-bikes.de\/wp-content\/uploads\/2022\/12\/BBG_1353-scaled.jpg","width":2560,"height":1709},{"@type":"BreadcrumbList","@id":"https:\/\/www.idworx-bikes.de\/nl\/produkt\/opinion-nl-2#breadcrumb","itemListElement":[{"@type":"ListItem","position":1,"name":"Home","item":"https:\/\/www.idworx-bikes.de\/nl"},{"@type":"ListItem","position":2,"name":"Winkel","item":"https:\/\/www.idworx-bikes.de\/nl\/winkel"},{"@type":"ListItem","position":3,"name":"oPinion"}]},{"@type":"WebSite","@id":"https:\/\/www.idworx-bikes.de\/#website","url":"https:\/\/www.idworx-bikes.de\/","name":"idworx \u2013 Premium Reiser\u00e4der, Trekking Bikes, E-Bikes &amp; Vakantiefietsen","description":"It works! Handgefertigte Bikes f\u00fcr h\u00f6chste Anspr\u00fcche","publisher":{"@id":"https:\/\/www.idworx-bikes.de\/#organization"},"potentialAction":[{"@type":"SearchAction","target":{"@type":"EntryPoint","urlTemplate":"https:\/\/www.idworx-bikes.de\/?s={search_term_string}"},"query-input":{"@type":"PropertyValueSpecification","valueRequired":true,"valueName":"search_term_string"}}],"inLanguage":"nl-NL"},{"@type":"Organization","@id":"https:\/\/www.idworx-bikes.de\/#organization","name":"idworx","url":"https:\/\/www.idworx-bikes.de\/","logo":{"@type":"ImageObject","inLanguage":"nl-NL","@id":"https:\/\/www.idworx-bikes.de\/#\/schema\/logo\/image\/","url":"https:\/\/www.idworx-bikes.de\/wp-content\/uploads\/2015\/12\/idworx-logo_b.png","contentUrl":"https:\/\/www.idworx-bikes.de\/wp-content\/uploads\/2015\/12\/idworx-logo_b.png","width":216,"height":69,"caption":"idworx"},"image":{"@id":"https:\/\/www.idworx-bikes.de\/#\/schema\/logo\/image\/"},"sameAs":["https:\/\/www.facebook.com\/Idworx-202013906499907\/"]}]}},"_links":{"self":[{"href":"https:\/\/www.idworx-bikes.de\/nl\/wp-json\/wp\/v2\/product\/476","targetHints":{"allow":["GET"]}}],"collection":[{"href":"https:\/\/www.idworx-bikes.de\/nl\/wp-json\/wp\/v2\/product"}],"about":[{"href":"https:\/\/www.idworx-bikes.de\/nl\/wp-json\/wp\/v2\/types\/product"}],"wp:featuredmedia":[{"embeddable":true,"href":"https:\/\/www.idworx-bikes.de\/nl\/wp-json\/wp\/v2\/media\/11500"}],"wp:attachment":[{"href":"https:\/\/www.idworx-bikes.de\/nl\/wp-json\/wp\/v2\/media?parent=476"}],"wp:term":[{"taxonomy":"product_brand","embeddable":true,"href":"https:\/\/www.idworx-bikes.de\/nl\/wp-json\/wp\/v2\/product_brand?post=476"},{"taxonomy":"product_cat","embeddable":true,"href":"https:\/\/www.idworx-bikes.de\/nl\/wp-json\/wp\/v2\/product_cat?post=476"},{"taxonomy":"product_tag","embeddable":true,"href":"https:\/\/www.idworx-bikes.de\/nl\/wp-json\/wp\/v2\/product_tag?post=476"}],"curies":[{"name":"wp","href":"https:\/\/api.w.org\/{rel}","templated":true}]}}