{"id":9674,"date":"2021-07-20T13:08:49","date_gmt":"2021-07-20T11:08:49","guid":{"rendered":"https:\/\/www.idworx-bikes.de\/?post_type=product&#038;p=9674"},"modified":"2025-10-08T13:27:14","modified_gmt":"2025-10-08T11:27:14","slug":"rockn-rohler-ti-nl-2","status":"publish","type":"product","link":"https:\/\/www.idworx-bikes.de\/nl\/produkt\/rockn-rohler-ti-nl-2","title":{"rendered":"Rockn Rohler Ti"},"content":{"rendered":"<p>Een legende keert terug. De idworx Rockn Rohler Ti. Onze robuuste maar razendsnelle titanium hardtail met de extreem duurzame Rohloff Speedhub 14-speed versnellingsnaaf en onverwoestbaar titanium frame. Als allround mountainbike hebben we hem ontworpen voor maximale prestaties in de meest extreme rijsituaties &#8211; en voor minimaal onderhoud. Dit betekent dat de Rockn Rohler Ti en zijn tweelingbroer, Rockn Rohler Aluminium, tot de meest duurzame en gemakkelijk te onderhouden mountainbikes op de markt behoren.<br \/>\nDe grote 29 \u2033 wielen combineren een enorme trekkracht, lage rolweerstand en veel rijveiligheid &#8211; alsof ze gemaakt zijn voor de steilste beklimmingen en gladde paden. Onze Evolution Geometry staat bekend om zijn uitgebalanceerde wegligging, zelfs op lastige afdalingen. Nu standaard met Shimano XT 4-zuigerremmen.<\/p>\n<\/p>\n<button class=\"wa-accordion \">idworx Specials Rockn Rohler Ti<\/button><div class=\"wa-accordion-panel\">\n<p><b>idworx Stress Reducer stuurhoekbegrenzer<\/b><br \/>\nvoorkomt effectief dat het voorwiel omslaat en beschermt zo tegen schade aan het frame, de koplampen of zelfs de schakel- en remleidingen, die kunnen ontstaan als gevolg van een ongeval of het omvallen van de fiets.<\/p>\n<p><a href=\"https:\/\/www.youtube.com\/watch?v=paBncBfYG8A\" target=\"_blank\" rel=\"noopener noreferrer\"><\/p>\n<h3><font color = red>Video iSR<\/font><\/h3>\n<p><\/a><\/p>\n<p><b>idworx EBB Long Life II<\/b><br \/>\nExcentrisch trapas met ge\u00efntegreerde, roestvrije kogellagers. De enige trapas op de markt met lagers die daadwerkelijk zijn afgestemd op de belasting, voor een extreem lange levensduur en een optimale soepele werking, zelfs onder de hoogste belastingen. Geschikt voor alle idworx Rohloff modellen met excentrische trapas voor het afstellen van de kettingspeling. Onze idworx EBB-LL II is ook compatibel met Gates Carbon Drive riemaandrijving.<\/p>\n<p><a href=\"https:\/\/www.youtube.com\/watch?v=5O8RxDh5lvA\" target=\"_blank\" rel=\"noopener noreferrer\"><\/p>\n<h3><font color = red>Video EBB Long Life<\/font><\/h3>\n<p><\/a><\/p>\n<p><b>idworx Long Life Kettingbladen<\/b><br \/>\nHet Long Life kettingblad dat we bij idworx hebben ontwikkeld, gemaakt van gehard roestvrij staal met een oneven aantal tanden, zorgt samen met de extra geharde idworx KMC E1 ePT ketting en het idworx Rohloff stalen tandwiel voor een ongekende levensduur. In onze oPinion modellen monteren we zelfs ons Long Life kettingblad voor en achter. De kettingspanning hoeft minder vaak gecontroleerd te worden &#8211; een prettig gevolg van een slijtvastere aandrijving.<\/p>\n<p><a href=\"https:\/\/youtu.be\/OvTJuZsbw94\" target=\"_blank\" rel=\"noopener noreferrer\"><\/p>\n<h3><font color = red>Video Long Life Kettingbladen<\/font><\/h3>\n<p><\/a><\/p>\n<\/div>\n<script type=\"text\/javascript\">\nvar acc = document.getElementsByClassName(\"wa-accordion\");\nvar i;\nfor (i = 0; i < acc.length; i++) {\n  acc[i].addEventListener(\"click\", function() {\n    this.classList.toggle(\"wa-accordion-active\");\n    var panel = this.nextElementSibling;\n    if (panel.style.maxHeight) {\n      panel.style.maxHeight = null;\n    } else {\n      panel.style.maxHeight = panel.scrollHeight + \"px\";\n    }\n  });\n}\n<\/script>\n","protected":false},"excerpt":{"rendered":"<p>Een legende keert terug. De idworx Rockn Rohler Ti. Onze robuuste maar razendsnelle titanium hardtail met de extreem duurzame Rohloff Speedhub 14-speed versnellingsnaaf en onverwoestbaar titanium frame. Als allround mountainbike hebben we hem ontworpen voor maximale prestaties in de meest extreme rijsituaties &#8211; en voor minimaal onderhoud. Dit betekent dat de Rockn Rohler Ti en [&hellip;]<\/p>\n","protected":false},"featured_media":10471,"template":"","meta":[],"product_brand":[],"product_cat":[18,46],"product_tag":[],"class_list":{"0":"post-9674","1":"product","2":"type-product","3":"status-publish","4":"has-post-thumbnail","6":"product_cat-idworx_models-nl","7":"product_cat-mountain-nl","9":"first","10":"instock","11":"sold-individually","12":"shipping-taxable","13":"purchasable","14":"product-type-composite"},"composite_virtual":false,"composite_layout":"single","composite_add_to_cart_form_location":"default","composite_editable_in_cart":false,"composite_sold_individually_context":"product","composite_shop_price_calc":"min_max","composite_components":[{"id":"1758118658","title":"Spec","description":"","query_type":"product_ids","query_ids":[10479],"default_option_id":10479,"thumbnail_id":"","thumbnail_src":"","quantity_min":1,"quantity_max":1,"priced_individually":true,"shipped_individually":false,"optional":false,"discount":"","options_style":"dropdowns","pagination_style":"classic","display_prices":"absolute","show_sorting_options":false,"show_filtering_options":false,"attribute_filter_ids":[],"select_action":"view","product_title_visible":false,"product_descr_visible":true,"product_price_visible":true,"product_thumb_visible":false,"subtotal_visible_product":true,"subtotal_visible_cart":true,"subtotal_visible_orders":true,"product_addons_visible":true},{"id":"1758118659","title":"Form ","description":"","query_type":"product_ids","query_ids":[2434],"default_option_id":2434,"thumbnail_id":"","thumbnail_src":"","quantity_min":1,"quantity_max":1,"priced_individually":true,"shipped_individually":false,"optional":false,"discount":"","options_style":"dropdowns","pagination_style":"classic","display_prices":"absolute","show_sorting_options":false,"show_filtering_options":false,"attribute_filter_ids":[],"select_action":"view","product_title_visible":false,"product_descr_visible":false,"product_price_visible":true,"product_thumb_visible":false,"subtotal_visible_product":true,"subtotal_visible_cart":true,"subtotal_visible_orders":true,"product_addons_visible":true},{"id":"1758118660","title":"Size","description":"","query_type":"product_ids","query_ids":[82,2845,2848],"default_option_id":"","thumbnail_id":"","thumbnail_src":"","quantity_min":1,"quantity_max":1,"priced_individually":true,"shipped_individually":false,"optional":false,"discount":"","options_style":"thumbnails","pagination_style":"classic","display_prices":"absolute","show_sorting_options":false,"show_filtering_options":false,"attribute_filter_ids":[],"select_action":"view","product_title_visible":false,"product_descr_visible":true,"product_price_visible":true,"product_thumb_visible":false,"subtotal_visible_product":true,"subtotal_visible_cart":true,"subtotal_visible_orders":true,"product_addons_visible":true},{"id":"1758118661","title":"Color","description":"","query_type":"product_ids","query_ids":[9669],"default_option_id":9669,"thumbnail_id":"","thumbnail_src":"","quantity_min":1,"quantity_max":1,"priced_individually":true,"shipped_individually":false,"optional":false,"discount":"","options_style":"dropdowns","pagination_style":"classic","display_prices":"absolute","show_sorting_options":false,"show_filtering_options":false,"attribute_filter_ids":[],"select_action":"view","product_title_visible":false,"product_descr_visible":false,"product_price_visible":true,"product_thumb_visible":false,"subtotal_visible_product":true,"subtotal_visible_cart":true,"subtotal_visible_orders":true,"product_addons_visible":true},{"id":"1758118662","title":"Drive Technology","description":"","query_type":"product_ids","query_ids":[11164],"default_option_id":11164,"thumbnail_id":"","thumbnail_src":"","quantity_min":1,"quantity_max":1,"priced_individually":true,"shipped_individually":false,"optional":false,"discount":"","options_style":"dropdowns","pagination_style":"classic","display_prices":"absolute","show_sorting_options":false,"show_filtering_options":false,"attribute_filter_ids":[],"select_action":"view","product_title_visible":false,"product_descr_visible":false,"product_price_visible":true,"product_thumb_visible":false,"subtotal_visible_product":true,"subtotal_visible_cart":true,"subtotal_visible_orders":true,"product_addons_visible":true},{"id":"1758118663","title":"Extras","description":"","query_type":"product_ids","query_ids":[11179],"default_option_id":11179,"thumbnail_id":"","thumbnail_src":"","quantity_min":1,"quantity_max":1,"priced_individually":true,"shipped_individually":false,"optional":false,"discount":"","options_style":"dropdowns","pagination_style":"classic","display_prices":"absolute","show_sorting_options":false,"show_filtering_options":false,"attribute_filter_ids":[],"select_action":"view","product_title_visible":false,"product_descr_visible":false,"product_price_visible":true,"product_thumb_visible":false,"subtotal_visible_product":true,"subtotal_visible_cart":true,"subtotal_visible_orders":true,"product_addons_visible":true},{"id":"1758118664","title":"Performance Parts ","description":"","query_type":"product_ids","query_ids":[11191],"default_option_id":11191,"thumbnail_id":"","thumbnail_src":"","quantity_min":1,"quantity_max":1,"priced_individually":true,"shipped_individually":false,"optional":false,"discount":"","options_style":"dropdowns","pagination_style":"classic","display_prices":"absolute","show_sorting_options":false,"show_filtering_options":false,"attribute_filter_ids":[],"select_action":"view","product_title_visible":false,"product_descr_visible":false,"product_price_visible":true,"product_thumb_visible":false,"subtotal_visible_product":true,"subtotal_visible_cart":true,"subtotal_visible_orders":true,"product_addons_visible":true}],"composite_scenarios":[{"id":"1666262865","name":"Spec == No Selection Hide Components","description":"","configuration":[{"component_id":"1653667768","options_modifier":"in","component_options":[-1]}],"actions":[{"action_id":"compat_group","is_active":false},{"action_id":"conditional_components","is_active":true,"hidden_components":{"0":"1653667771","2":"1653667772","4":"1653667773"}},{"action_id":"conditional_options","is_active":false,"hidden_options":[]}],"enabled":true},{"id":"1666262866","name":"Spec == RnRTi Hide Components","description":"","configuration":[{"component_id":"1653667768","options_modifier":"in","component_options":[10479]}],"actions":[{"action_id":"compat_group","is_active":false},{"action_id":"conditional_components","is_active":true,"hidden_components":[]},{"action_id":"conditional_options","is_active":false,"hidden_options":[]}],"enabled":true},{"id":"1666262867","name":"Spec == RnRTi Drop Hide Components","description":"","configuration":[{"component_id":"1653667768","options_modifier":"in","component_options":[]}],"actions":[{"action_id":"compat_group","is_active":false},{"action_id":"conditional_components","is_active":true,"hidden_components":["1653667771","1653667772","1653667773"]},{"action_id":"conditional_options","is_active":false,"hidden_options":[]}],"enabled":true},{"id":"1716900067","name":"Spec==RnRTi -&gt; Hide Size 46","description":"","configuration":[{"component_id":"1653667768","options_modifier":"in","component_options":[10479]}],"actions":[{"action_id":"compat_group","is_active":false},{"action_id":"conditional_components","is_active":false,"hidden_components":[]},{"action_id":"conditional_options","is_active":true,"hidden_options":[{"component_id":"1653667769","component_options":[82],"options_modifier":"in"}]}],"enabled":true}],"bundled_by":[],"bundle_stock_status":"instock","bundle_stock_quantity":null,"bundle_virtual":false,"bundle_layout":"","bundle_add_to_cart_form_location":"","bundle_editable_in_cart":false,"bundle_sold_individually_context":"","bundle_item_grouping":"","bundle_min_size":"","bundle_max_size":"","bundle_price":[],"bundled_items":[],"bundle_sell_ids":[],"exclude_global_add_ons":[],"addons":[],"yoast_head":"<!-- This site is optimized with the Yoast SEO plugin v27.6 - https:\/\/yoast.com\/product\/yoast-seo-wordpress\/ -->\n<title>Rockn Rohler Ti - idworx \u2013 Premium Reiser\u00e4der, Trekking Bikes, E-Bikes &amp; Vakantiefietsen<\/title>\n<meta name=\"robots\" content=\"index, follow, max-snippet:-1, max-image-preview:large, max-video-preview:-1\" \/>\n<link rel=\"canonical\" href=\"https:\/\/www.idworx-bikes.de\/nl\/produkt\/rockn-rohler-ti-nl-2\" \/>\n<meta property=\"og:locale\" content=\"nl_NL\" \/>\n<meta property=\"og:type\" content=\"article\" \/>\n<meta property=\"og:title\" content=\"Rockn Rohler Ti - idworx \u2013 Premium Reiser\u00e4der, Trekking Bikes, E-Bikes &amp; Vakantiefietsen\" \/>\n<meta property=\"og:description\" content=\"Een legende keert terug. De idworx Rockn Rohler Ti. Onze robuuste maar razendsnelle titanium hardtail met de extreem duurzame Rohloff Speedhub 14-speed versnellingsnaaf en onverwoestbaar titanium frame. Als allround mountainbike hebben we hem ontworpen voor maximale prestaties in de meest extreme rijsituaties &#8211; en voor minimaal onderhoud. Dit betekent dat de Rockn Rohler Ti en [&hellip;]\" \/>\n<meta property=\"og:url\" content=\"https:\/\/www.idworx-bikes.de\/nl\/produkt\/rockn-rohler-ti-nl-2\" \/>\n<meta property=\"og:site_name\" content=\"idworx \u2013 Premium Reiser\u00e4der, Trekking Bikes, E-Bikes &amp; Vakantiefietsen\" \/>\n<meta property=\"article:publisher\" content=\"https:\/\/www.facebook.com\/Idworx-202013906499907\/\" \/>\n<meta property=\"article:modified_time\" content=\"2025-10-08T11:27:14+00:00\" \/>\n<meta property=\"og:image\" content=\"https:\/\/www.idworx-bikes.de\/wp-content\/uploads\/2022\/05\/BBG_1197-scaled.jpg\" \/>\n\t<meta property=\"og:image:width\" content=\"2560\" \/>\n\t<meta property=\"og:image:height\" content=\"1709\" \/>\n\t<meta property=\"og:image:type\" content=\"image\/jpeg\" \/>\n<meta name=\"twitter:label1\" content=\"Geschatte leestijd\" \/>\n\t<meta name=\"twitter:data1\" content=\"2 minuten\" \/>\n<script type=\"application\/ld+json\" class=\"yoast-schema-graph\">{\"@context\":\"https:\\\/\\\/schema.org\",\"@graph\":[{\"@type\":\"WebPage\",\"@id\":\"https:\\\/\\\/www.idworx-bikes.de\\\/nl\\\/produkt\\\/rockn-rohler-ti-nl-2\",\"url\":\"https:\\\/\\\/www.idworx-bikes.de\\\/nl\\\/produkt\\\/rockn-rohler-ti-nl-2\",\"name\":\"Rockn Rohler Ti - idworx \u2013 Premium Reiser\u00e4der, Trekking Bikes, E-Bikes &amp; Vakantiefietsen\",\"isPartOf\":{\"@id\":\"https:\\\/\\\/www.idworx-bikes.de\\\/#website\"},\"primaryImageOfPage\":{\"@id\":\"https:\\\/\\\/www.idworx-bikes.de\\\/nl\\\/produkt\\\/rockn-rohler-ti-nl-2#primaryimage\"},\"image\":{\"@id\":\"https:\\\/\\\/www.idworx-bikes.de\\\/nl\\\/produkt\\\/rockn-rohler-ti-nl-2#primaryimage\"},\"thumbnailUrl\":\"https:\\\/\\\/www.idworx-bikes.de\\\/wp-content\\\/uploads\\\/2022\\\/05\\\/BBG_1197-scaled.jpg\",\"datePublished\":\"2021-07-20T11:08:49+00:00\",\"dateModified\":\"2025-10-08T11:27:14+00:00\",\"breadcrumb\":{\"@id\":\"https:\\\/\\\/www.idworx-bikes.de\\\/nl\\\/produkt\\\/rockn-rohler-ti-nl-2#breadcrumb\"},\"inLanguage\":\"nl-NL\",\"potentialAction\":[{\"@type\":\"ReadAction\",\"target\":[\"https:\\\/\\\/www.idworx-bikes.de\\\/nl\\\/produkt\\\/rockn-rohler-ti-nl-2\"]}]},{\"@type\":\"ImageObject\",\"inLanguage\":\"nl-NL\",\"@id\":\"https:\\\/\\\/www.idworx-bikes.de\\\/nl\\\/produkt\\\/rockn-rohler-ti-nl-2#primaryimage\",\"url\":\"https:\\\/\\\/www.idworx-bikes.de\\\/wp-content\\\/uploads\\\/2022\\\/05\\\/BBG_1197-scaled.jpg\",\"contentUrl\":\"https:\\\/\\\/www.idworx-bikes.de\\\/wp-content\\\/uploads\\\/2022\\\/05\\\/BBG_1197-scaled.jpg\",\"width\":2560,\"height\":1709},{\"@type\":\"BreadcrumbList\",\"@id\":\"https:\\\/\\\/www.idworx-bikes.de\\\/nl\\\/produkt\\\/rockn-rohler-ti-nl-2#breadcrumb\",\"itemListElement\":[{\"@type\":\"ListItem\",\"position\":1,\"name\":\"Home\",\"item\":\"https:\\\/\\\/www.idworx-bikes.de\\\/nl\"},{\"@type\":\"ListItem\",\"position\":2,\"name\":\"Winkel\",\"item\":\"https:\\\/\\\/www.idworx-bikes.de\\\/nl\\\/winkel\"},{\"@type\":\"ListItem\",\"position\":3,\"name\":\"Rockn Rohler Ti\"}]},{\"@type\":\"WebSite\",\"@id\":\"https:\\\/\\\/www.idworx-bikes.de\\\/#website\",\"url\":\"https:\\\/\\\/www.idworx-bikes.de\\\/\",\"name\":\"idworx \u2013 Premium Reiser\u00e4der, Trekking Bikes, E-Bikes &amp; Vakantiefietsen\",\"description\":\"It works! Handgefertigte Bikes f\u00fcr h\u00f6chste Anspr\u00fcche\",\"publisher\":{\"@id\":\"https:\\\/\\\/www.idworx-bikes.de\\\/#organization\"},\"potentialAction\":[{\"@type\":\"SearchAction\",\"target\":{\"@type\":\"EntryPoint\",\"urlTemplate\":\"https:\\\/\\\/www.idworx-bikes.de\\\/?s={search_term_string}\"},\"query-input\":{\"@type\":\"PropertyValueSpecification\",\"valueRequired\":true,\"valueName\":\"search_term_string\"}}],\"inLanguage\":\"nl-NL\"},{\"@type\":\"Organization\",\"@id\":\"https:\\\/\\\/www.idworx-bikes.de\\\/#organization\",\"name\":\"idworx\",\"url\":\"https:\\\/\\\/www.idworx-bikes.de\\\/\",\"logo\":{\"@type\":\"ImageObject\",\"inLanguage\":\"nl-NL\",\"@id\":\"https:\\\/\\\/www.idworx-bikes.de\\\/#\\\/schema\\\/logo\\\/image\\\/\",\"url\":\"https:\\\/\\\/www.idworx-bikes.de\\\/wp-content\\\/uploads\\\/2015\\\/12\\\/idworx-logo_b.png\",\"contentUrl\":\"https:\\\/\\\/www.idworx-bikes.de\\\/wp-content\\\/uploads\\\/2015\\\/12\\\/idworx-logo_b.png\",\"width\":216,\"height\":69,\"caption\":\"idworx\"},\"image\":{\"@id\":\"https:\\\/\\\/www.idworx-bikes.de\\\/#\\\/schema\\\/logo\\\/image\\\/\"},\"sameAs\":[\"https:\\\/\\\/www.facebook.com\\\/Idworx-202013906499907\\\/\"]}]}<\/script>\n<!-- \/ Yoast SEO plugin. -->","yoast_head_json":{"title":"Rockn Rohler Ti - idworx \u2013 Premium Reiser\u00e4der, Trekking Bikes, E-Bikes &amp; Vakantiefietsen","robots":{"index":"index","follow":"follow","max-snippet":"max-snippet:-1","max-image-preview":"max-image-preview:large","max-video-preview":"max-video-preview:-1"},"canonical":"https:\/\/www.idworx-bikes.de\/nl\/produkt\/rockn-rohler-ti-nl-2","og_locale":"nl_NL","og_type":"article","og_title":"Rockn Rohler Ti - idworx \u2013 Premium Reiser\u00e4der, Trekking Bikes, E-Bikes &amp; Vakantiefietsen","og_description":"Een legende keert terug. De idworx Rockn Rohler Ti. Onze robuuste maar razendsnelle titanium hardtail met de extreem duurzame Rohloff Speedhub 14-speed versnellingsnaaf en onverwoestbaar titanium frame. Als allround mountainbike hebben we hem ontworpen voor maximale prestaties in de meest extreme rijsituaties &#8211; en voor minimaal onderhoud. Dit betekent dat de Rockn Rohler Ti en [&hellip;]","og_url":"https:\/\/www.idworx-bikes.de\/nl\/produkt\/rockn-rohler-ti-nl-2","og_site_name":"idworx \u2013 Premium Reiser\u00e4der, Trekking Bikes, E-Bikes &amp; Vakantiefietsen","article_publisher":"https:\/\/www.facebook.com\/Idworx-202013906499907\/","article_modified_time":"2025-10-08T11:27:14+00:00","og_image":[{"width":2560,"height":1709,"url":"https:\/\/www.idworx-bikes.de\/wp-content\/uploads\/2022\/05\/BBG_1197-scaled.jpg","type":"image\/jpeg"}],"twitter_misc":{"Geschatte leestijd":"2 minuten"},"schema":{"@context":"https:\/\/schema.org","@graph":[{"@type":"WebPage","@id":"https:\/\/www.idworx-bikes.de\/nl\/produkt\/rockn-rohler-ti-nl-2","url":"https:\/\/www.idworx-bikes.de\/nl\/produkt\/rockn-rohler-ti-nl-2","name":"Rockn Rohler Ti - idworx \u2013 Premium Reiser\u00e4der, Trekking Bikes, E-Bikes &amp; Vakantiefietsen","isPartOf":{"@id":"https:\/\/www.idworx-bikes.de\/#website"},"primaryImageOfPage":{"@id":"https:\/\/www.idworx-bikes.de\/nl\/produkt\/rockn-rohler-ti-nl-2#primaryimage"},"image":{"@id":"https:\/\/www.idworx-bikes.de\/nl\/produkt\/rockn-rohler-ti-nl-2#primaryimage"},"thumbnailUrl":"https:\/\/www.idworx-bikes.de\/wp-content\/uploads\/2022\/05\/BBG_1197-scaled.jpg","datePublished":"2021-07-20T11:08:49+00:00","dateModified":"2025-10-08T11:27:14+00:00","breadcrumb":{"@id":"https:\/\/www.idworx-bikes.de\/nl\/produkt\/rockn-rohler-ti-nl-2#breadcrumb"},"inLanguage":"nl-NL","potentialAction":[{"@type":"ReadAction","target":["https:\/\/www.idworx-bikes.de\/nl\/produkt\/rockn-rohler-ti-nl-2"]}]},{"@type":"ImageObject","inLanguage":"nl-NL","@id":"https:\/\/www.idworx-bikes.de\/nl\/produkt\/rockn-rohler-ti-nl-2#primaryimage","url":"https:\/\/www.idworx-bikes.de\/wp-content\/uploads\/2022\/05\/BBG_1197-scaled.jpg","contentUrl":"https:\/\/www.idworx-bikes.de\/wp-content\/uploads\/2022\/05\/BBG_1197-scaled.jpg","width":2560,"height":1709},{"@type":"BreadcrumbList","@id":"https:\/\/www.idworx-bikes.de\/nl\/produkt\/rockn-rohler-ti-nl-2#breadcrumb","itemListElement":[{"@type":"ListItem","position":1,"name":"Home","item":"https:\/\/www.idworx-bikes.de\/nl"},{"@type":"ListItem","position":2,"name":"Winkel","item":"https:\/\/www.idworx-bikes.de\/nl\/winkel"},{"@type":"ListItem","position":3,"name":"Rockn Rohler Ti"}]},{"@type":"WebSite","@id":"https:\/\/www.idworx-bikes.de\/#website","url":"https:\/\/www.idworx-bikes.de\/","name":"idworx \u2013 Premium Reiser\u00e4der, Trekking Bikes, E-Bikes &amp; Vakantiefietsen","description":"It works! Handgefertigte Bikes f\u00fcr h\u00f6chste Anspr\u00fcche","publisher":{"@id":"https:\/\/www.idworx-bikes.de\/#organization"},"potentialAction":[{"@type":"SearchAction","target":{"@type":"EntryPoint","urlTemplate":"https:\/\/www.idworx-bikes.de\/?s={search_term_string}"},"query-input":{"@type":"PropertyValueSpecification","valueRequired":true,"valueName":"search_term_string"}}],"inLanguage":"nl-NL"},{"@type":"Organization","@id":"https:\/\/www.idworx-bikes.de\/#organization","name":"idworx","url":"https:\/\/www.idworx-bikes.de\/","logo":{"@type":"ImageObject","inLanguage":"nl-NL","@id":"https:\/\/www.idworx-bikes.de\/#\/schema\/logo\/image\/","url":"https:\/\/www.idworx-bikes.de\/wp-content\/uploads\/2015\/12\/idworx-logo_b.png","contentUrl":"https:\/\/www.idworx-bikes.de\/wp-content\/uploads\/2015\/12\/idworx-logo_b.png","width":216,"height":69,"caption":"idworx"},"image":{"@id":"https:\/\/www.idworx-bikes.de\/#\/schema\/logo\/image\/"},"sameAs":["https:\/\/www.facebook.com\/Idworx-202013906499907\/"]}]}},"_links":{"self":[{"href":"https:\/\/www.idworx-bikes.de\/nl\/wp-json\/wp\/v2\/product\/9674","targetHints":{"allow":["GET"]}}],"collection":[{"href":"https:\/\/www.idworx-bikes.de\/nl\/wp-json\/wp\/v2\/product"}],"about":[{"href":"https:\/\/www.idworx-bikes.de\/nl\/wp-json\/wp\/v2\/types\/product"}],"wp:featuredmedia":[{"embeddable":true,"href":"https:\/\/www.idworx-bikes.de\/nl\/wp-json\/wp\/v2\/media\/10471"}],"wp:attachment":[{"href":"https:\/\/www.idworx-bikes.de\/nl\/wp-json\/wp\/v2\/media?parent=9674"}],"wp:term":[{"taxonomy":"product_brand","embeddable":true,"href":"https:\/\/www.idworx-bikes.de\/nl\/wp-json\/wp\/v2\/product_brand?post=9674"},{"taxonomy":"product_cat","embeddable":true,"href":"https:\/\/www.idworx-bikes.de\/nl\/wp-json\/wp\/v2\/product_cat?post=9674"},{"taxonomy":"product_tag","embeddable":true,"href":"https:\/\/www.idworx-bikes.de\/nl\/wp-json\/wp\/v2\/product_tag?post=9674"}],"curies":[{"name":"wp","href":"https:\/\/api.w.org\/{rel}","templated":true}]}}